{"id":7712,"date":"2022-04-12T07:36:18","date_gmt":"2022-04-12T07:36:18","guid":{"rendered":"https:\/\/dev.monti.lt\/?post_type=product&#038;p=7712"},"modified":"2024-10-08T09:08:29","modified_gmt":"2024-10-08T09:08:29","slug":"montessori-delione-gyvunai","status":"publish","type":"product","link":"https:\/\/dev.monti.lt\/en\/product\/montessori-delione-gyvunai\/","title":{"rendered":"\u017daidimas &#8220;gyv\u016bnai&#8221;"},"content":{"rendered":"<p>Smagus \u017eaidimas su kortel\u0117mis ir \u012fvairiomis priemon\u0117mis paveiksl\u0117liams sukurti.<\/p>\n<p>Lavina k\u016briby\u0161kum\u0105, form\u0173, spalv\u0173 atpa\u017einim\u0105. Galima naudotis kortel\u0117mis norint sukurti paveiksl\u0117lius, arba pasitelkus vaizduot\u0119, kurti naujus gyv\u016bn\u0117lius. Taip pat k\u016brybai galima panaudoti ir kitas namuose turimas priemones.<\/p>\n<p>Montessori metoodologijai draugi\u0161kas \u017eaislas, turintis \u012fvairius panaudojimo b\u016bdus ir satinantis pa\u017einti pasaul\u012f \u017eaid\u017eiant.<\/p>","protected":false},"excerpt":{"rendered":"<p>Smagus \u017eaidimas su kortel\u0117mis ir \u012fvairiomis priemon\u0117mis paveiksl\u0117liams sukurti. Lavina k\u016briby\u0161kum\u0105, form\u0173, spalv\u0173 atpa\u017einim\u0105. Galima naudotis kortel\u0117mis norint sukurti paveiksl\u0117lius, arba pasitelkus vaizduot\u0119, kurti naujus gyv\u016bn\u0117lius. Taip pat k\u016brybai galima panaudoti ir kitas namuose turimas priemones. Montessori metoodologijai draugi\u0161kas \u017eaislas, turintis \u012fvairius panaudojimo b\u016bdus ir satinantis pa\u017einti pasaul\u012f \u017eaid\u017eiant.<\/p>","protected":false},"featured_media":7681,"template":"","meta":{"iawp_total_views":290},"product_cat":[213,218,92,195,191,82,87,84,91,83,90,86,50,49,39],"product_tag":[97,98,99],"class_list":{"0":"post-7712","1":"product","2":"type-product","3":"status-publish","4":"has-post-thumbnail","6":"product_cat-akcija","7":"product_cat-darzeliu-grupems","8":"product_cat-deliones","9":"product_cat-dovanos-vaikams-3-4-metu","10":"product_cat-dovanos-vaikams","11":"product_cat-ispardavimas","12":"product_cat-kurybiniai-rinkiniai","13":"product_cat-lavinamieji-zaislai","14":"product_cat-loginiam-mastymui","15":"product_cat-montessori-zaislai","16":"product_cat-pasaulio-pazinimas","17":"product_cat-smulkioji-motorika","18":"product_cat-top-dovanos","19":"product_cat-visi-zaislai","20":"product_cat-zaislai","21":"product_tag-3-m-4-m","22":"product_tag-5-m-7-m","23":"product_tag-8-m-11-m","25":"first","26":"instock","27":"sale","28":"taxable","29":"shipping-taxable","30":"purchasable","31":"product-type-simple"},"yoast_head":"<!-- This site is optimized with the Yoast SEO plugin v23.3 - https:\/\/yoast.com\/wordpress\/plugins\/seo\/ -->\n<title>\u017daidimas &quot;gyv\u016bnai&quot; - Montessori \u017eaislai<\/title>\n<meta name=\"robots\" content=\"noindex, follow, max-snippet:-1, max-image-preview:large, max-video-preview:-1\" \/>\n<meta property=\"og:locale\" content=\"en_US\" \/>\n<meta property=\"og:type\" content=\"article\" \/>\n<meta property=\"og:title\" content=\"\u017daidimas &quot;gyv\u016bnai&quot; - Montessori \u017eaislai\" \/>\n<meta property=\"og:description\" content=\"Smagus \u017eaidimas su kortel\u0117mis ir \u012fvairiomis priemon\u0117mis paveiksl\u0117liams sukurti. Lavina k\u016briby\u0161kum\u0105, form\u0173, spalv\u0173 atpa\u017einim\u0105. Galima naudotis kortel\u0117mis norint sukurti paveiksl\u0117lius, arba pasitelkus vaizduot\u0119, kurti naujus gyv\u016bn\u0117lius. Taip pat k\u016brybai galima panaudoti ir kitas namuose turimas priemones. Montessori metoodologijai draugi\u0161kas \u017eaislas, turintis \u012fvairius panaudojimo b\u016bdus ir satinantis pa\u017einti pasaul\u012f \u017eaid\u017eiant.\" \/>\n<meta property=\"og:url\" content=\"https:\/\/dev.monti.lt\/en\/product\/montessori-delione-gyvunai\/\" \/>\n<meta property=\"og:site_name\" content=\"Montessori \u017eaislai\" \/>\n<meta property=\"article:modified_time\" content=\"2024-10-08T09:08:29+00:00\" \/>\n<meta property=\"og:image\" content=\"https:\/\/dev.monti.lt\/wp-content\/uploads\/2022\/04\/klocki-drewniane-w-woreczku-zkb-889.jpg\" \/>\n\t<meta property=\"og:image:width\" content=\"800\" \/>\n\t<meta property=\"og:image:height\" content=\"800\" \/>\n\t<meta property=\"og:image:type\" content=\"image\/jpeg\" \/>\n<meta name=\"twitter:card\" content=\"summary_large_image\" \/>\n<meta name=\"twitter:label1\" content=\"Est. reading time\" \/>\n\t<meta name=\"twitter:data1\" content=\"1 minute\" \/>\n<script type=\"application\/ld+json\" class=\"yoast-schema-graph\">{\"@context\":\"https:\/\/schema.org\",\"@graph\":[{\"@type\":\"WebPage\",\"@id\":\"https:\/\/dev.monti.lt\/product\/montessori-delione-gyvunai\/\",\"url\":\"https:\/\/dev.monti.lt\/product\/montessori-delione-gyvunai\/\",\"name\":\"\u017daidimas \\\"gyv\u016bnai\\\" - Montessori \u017eaislai\",\"isPartOf\":{\"@id\":\"https:\/\/dev.monti.lt\/#website\"},\"primaryImageOfPage\":{\"@id\":\"https:\/\/dev.monti.lt\/product\/montessori-delione-gyvunai\/#primaryimage\"},\"image\":{\"@id\":\"https:\/\/dev.monti.lt\/product\/montessori-delione-gyvunai\/#primaryimage\"},\"thumbnailUrl\":\"https:\/\/dev.monti.lt\/wp-content\/uploads\/2022\/04\/klocki-drewniane-w-woreczku-zkb-889.jpg\",\"datePublished\":\"2022-04-12T07:36:18+00:00\",\"dateModified\":\"2024-10-08T09:08:29+00:00\",\"breadcrumb\":{\"@id\":\"https:\/\/dev.monti.lt\/product\/montessori-delione-gyvunai\/#breadcrumb\"},\"inLanguage\":\"en-US\",\"potentialAction\":[{\"@type\":\"ReadAction\",\"target\":[\"https:\/\/dev.monti.lt\/product\/montessori-delione-gyvunai\/\"]}]},{\"@type\":\"ImageObject\",\"inLanguage\":\"en-US\",\"@id\":\"https:\/\/dev.monti.lt\/product\/montessori-delione-gyvunai\/#primaryimage\",\"url\":\"https:\/\/dev.monti.lt\/wp-content\/uploads\/2022\/04\/klocki-drewniane-w-woreczku-zkb-889.jpg\",\"contentUrl\":\"https:\/\/dev.monti.lt\/wp-content\/uploads\/2022\/04\/klocki-drewniane-w-woreczku-zkb-889.jpg\",\"width\":800,\"height\":800,\"caption\":\"montessori gyv\u016bnai\"},{\"@type\":\"BreadcrumbList\",\"@id\":\"https:\/\/dev.monti.lt\/product\/montessori-delione-gyvunai\/#breadcrumb\",\"itemListElement\":[{\"@type\":\"ListItem\",\"position\":1,\"name\":\"Home\",\"item\":\"https:\/\/dev.monti.lt\/\"},{\"@type\":\"ListItem\",\"position\":2,\"name\":\"Parduotuv\u0117\",\"item\":\"https:\/\/dev.monti.lt\/shop\/\"},{\"@type\":\"ListItem\",\"position\":3,\"name\":\"\u017daidimas &#8220;gyv\u016bnai&#8221;\"}]},{\"@type\":\"WebSite\",\"@id\":\"https:\/\/dev.monti.lt\/#website\",\"url\":\"https:\/\/dev.monti.lt\/\",\"name\":\"Montessori \u017eaislai\",\"description\":\"\",\"publisher\":{\"@id\":\"https:\/\/dev.monti.lt\/#organization\"},\"potentialAction\":[{\"@type\":\"SearchAction\",\"target\":{\"@type\":\"EntryPoint\",\"urlTemplate\":\"https:\/\/dev.monti.lt\/?s={search_term_string}\"},\"query-input\":\"required name=search_term_string\"}],\"inLanguage\":\"en-US\"},{\"@type\":\"Organization\",\"@id\":\"https:\/\/dev.monti.lt\/#organization\",\"name\":\"Montessori \u017eaislai\",\"url\":\"https:\/\/dev.monti.lt\/\",\"logo\":{\"@type\":\"ImageObject\",\"inLanguage\":\"en-US\",\"@id\":\"https:\/\/dev.monti.lt\/#\/schema\/logo\/image\/\",\"url\":\"https:\/\/dev.monti.lt\/wp-content\/uploads\/2022\/03\/montilogo-1.png\",\"contentUrl\":\"https:\/\/dev.monti.lt\/wp-content\/uploads\/2022\/03\/montilogo-1.png\",\"width\":512,\"height\":512,\"caption\":\"Montessori \u017eaislai\"},\"image\":{\"@id\":\"https:\/\/dev.monti.lt\/#\/schema\/logo\/image\/\"}}]}<\/script>\n<!-- \/ Yoast SEO plugin. -->","yoast_head_json":{"title":"\u017daidimas \"gyv\u016bnai\" - Montessori \u017eaislai","robots":{"index":"noindex","follow":"follow","max-snippet":"max-snippet:-1","max-image-preview":"max-image-preview:large","max-video-preview":"max-video-preview:-1"},"og_locale":"en_US","og_type":"article","og_title":"\u017daidimas \"gyv\u016bnai\" - Montessori \u017eaislai","og_description":"Smagus \u017eaidimas su kortel\u0117mis ir \u012fvairiomis priemon\u0117mis paveiksl\u0117liams sukurti. Lavina k\u016briby\u0161kum\u0105, form\u0173, spalv\u0173 atpa\u017einim\u0105. Galima naudotis kortel\u0117mis norint sukurti paveiksl\u0117lius, arba pasitelkus vaizduot\u0119, kurti naujus gyv\u016bn\u0117lius. Taip pat k\u016brybai galima panaudoti ir kitas namuose turimas priemones. Montessori metoodologijai draugi\u0161kas \u017eaislas, turintis \u012fvairius panaudojimo b\u016bdus ir satinantis pa\u017einti pasaul\u012f \u017eaid\u017eiant.","og_url":"https:\/\/dev.monti.lt\/en\/product\/montessori-delione-gyvunai\/","og_site_name":"Montessori \u017eaislai","article_modified_time":"2024-10-08T09:08:29+00:00","og_image":[{"width":800,"height":800,"url":"https:\/\/dev.monti.lt\/wp-content\/uploads\/2022\/04\/klocki-drewniane-w-woreczku-zkb-889.jpg","type":"image\/jpeg"}],"twitter_card":"summary_large_image","twitter_misc":{"Est. reading time":"1 minute"},"schema":{"@context":"https:\/\/schema.org","@graph":[{"@type":"WebPage","@id":"https:\/\/dev.monti.lt\/product\/montessori-delione-gyvunai\/","url":"https:\/\/dev.monti.lt\/product\/montessori-delione-gyvunai\/","name":"\u017daidimas \"gyv\u016bnai\" - Montessori \u017eaislai","isPartOf":{"@id":"https:\/\/dev.monti.lt\/#website"},"primaryImageOfPage":{"@id":"https:\/\/dev.monti.lt\/product\/montessori-delione-gyvunai\/#primaryimage"},"image":{"@id":"https:\/\/dev.monti.lt\/product\/montessori-delione-gyvunai\/#primaryimage"},"thumbnailUrl":"https:\/\/dev.monti.lt\/wp-content\/uploads\/2022\/04\/klocki-drewniane-w-woreczku-zkb-889.jpg","datePublished":"2022-04-12T07:36:18+00:00","dateModified":"2024-10-08T09:08:29+00:00","breadcrumb":{"@id":"https:\/\/dev.monti.lt\/product\/montessori-delione-gyvunai\/#breadcrumb"},"inLanguage":"en-US","potentialAction":[{"@type":"ReadAction","target":["https:\/\/dev.monti.lt\/product\/montessori-delione-gyvunai\/"]}]},{"@type":"ImageObject","inLanguage":"en-US","@id":"https:\/\/dev.monti.lt\/product\/montessori-delione-gyvunai\/#primaryimage","url":"https:\/\/dev.monti.lt\/wp-content\/uploads\/2022\/04\/klocki-drewniane-w-woreczku-zkb-889.jpg","contentUrl":"https:\/\/dev.monti.lt\/wp-content\/uploads\/2022\/04\/klocki-drewniane-w-woreczku-zkb-889.jpg","width":800,"height":800,"caption":"montessori gyv\u016bnai"},{"@type":"BreadcrumbList","@id":"https:\/\/dev.monti.lt\/product\/montessori-delione-gyvunai\/#breadcrumb","itemListElement":[{"@type":"ListItem","position":1,"name":"Home","item":"https:\/\/dev.monti.lt\/"},{"@type":"ListItem","position":2,"name":"Parduotuv\u0117","item":"https:\/\/dev.monti.lt\/shop\/"},{"@type":"ListItem","position":3,"name":"\u017daidimas &#8220;gyv\u016bnai&#8221;"}]},{"@type":"WebSite","@id":"https:\/\/dev.monti.lt\/#website","url":"https:\/\/dev.monti.lt\/","name":"Montessori \u017eaislai","description":"","publisher":{"@id":"https:\/\/dev.monti.lt\/#organization"},"potentialAction":[{"@type":"SearchAction","target":{"@type":"EntryPoint","urlTemplate":"https:\/\/dev.monti.lt\/?s={search_term_string}"},"query-input":"required name=search_term_string"}],"inLanguage":"en-US"},{"@type":"Organization","@id":"https:\/\/dev.monti.lt\/#organization","name":"Montessori \u017eaislai","url":"https:\/\/dev.monti.lt\/","logo":{"@type":"ImageObject","inLanguage":"en-US","@id":"https:\/\/dev.monti.lt\/#\/schema\/logo\/image\/","url":"https:\/\/dev.monti.lt\/wp-content\/uploads\/2022\/03\/montilogo-1.png","contentUrl":"https:\/\/dev.monti.lt\/wp-content\/uploads\/2022\/03\/montilogo-1.png","width":512,"height":512,"caption":"Montessori \u017eaislai"},"image":{"@id":"https:\/\/dev.monti.lt\/#\/schema\/logo\/image\/"}}]}},"_links":{"self":[{"href":"https:\/\/dev.monti.lt\/en\/wp-json\/wp\/v2\/product\/7712"}],"collection":[{"href":"https:\/\/dev.monti.lt\/en\/wp-json\/wp\/v2\/product"}],"about":[{"href":"https:\/\/dev.monti.lt\/en\/wp-json\/wp\/v2\/types\/product"}],"version-history":[{"count":3,"href":"https:\/\/dev.monti.lt\/en\/wp-json\/wp\/v2\/product\/7712\/revisions"}],"predecessor-version":[{"id":20264,"href":"https:\/\/dev.monti.lt\/en\/wp-json\/wp\/v2\/product\/7712\/revisions\/20264"}],"wp:featuredmedia":[{"embeddable":true,"href":"https:\/\/dev.monti.lt\/en\/wp-json\/wp\/v2\/media\/7681"}],"wp:attachment":[{"href":"https:\/\/dev.monti.lt\/en\/wp-json\/wp\/v2\/media?parent=7712"}],"wp:term":[{"taxonomy":"product_cat","embeddable":true,"href":"https:\/\/dev.monti.lt\/en\/wp-json\/wp\/v2\/product_cat?post=7712"},{"taxonomy":"product_tag","embeddable":true,"href":"https:\/\/dev.monti.lt\/en\/wp-json\/wp\/v2\/product_tag?post=7712"}],"curies":[{"name":"wp","href":"https:\/\/api.w.org\/{rel}","templated":true}]}}