{"id":7610,"date":"2022-04-01T06:06:03","date_gmt":"2022-04-01T06:06:03","guid":{"rendered":"https:\/\/dev.monti.lt\/?post_type=product&#038;p=7610"},"modified":"2024-10-08T17:45:05","modified_gmt":"2024-10-08T17:45:05","slug":"magnetine-lenta-su-gyvunais-2","status":"publish","type":"product","link":"https:\/\/dev.monti.lt\/en\/product\/magnetine-lenta-su-gyvunais-2\/","title":{"rendered":"Magnetine lenta su gyv\u016bnais"},"content":{"rendered":"<p><span data-sheets-value=\"{&quot;1&quot;:2,&quot;2&quot;:&quot;Medin\u0117 dvipus\u0117 lenta su magnetin\u0117mis d\u0117lion\u0117mis paveikslams i\u0161d\u0117lioti.\\nTai ugdo vaiko k\u016brybi\u0161kum\u0105 ir vaizduot\u0119 per puik\u0173 malonum\u0105.\\nR\u0117mas pagamintas i\u0161 lengvos, nat\u016bralios medienos.\\n\\nMatmenys:\\n\\n30cm ilgio\\n23cm plo\u010dio\\n3 cm auk\u0161\u010dio\\nDviej\u0173 funkcij\u0173 masyvas:\\n\\nBalta magnetin\u0117 pus\u0117 naudojama spalvingoms d\u0117lion\u0117ms d\u0117liojant ir ra\u0161ant \u017eymekliu.\\nJuodoji lentos pus\u0117 skirta tradiciniam ra\u0161ymui kreida.\\n\\nRinkin\u012f sudaro:\\n\\ndvipus\u0117 lenta,\\napie 100 magnet\u0173 rinkinys,\\nspalvota kreida,\\nkempin\u0117,\\nflomastinis ra\u0161iklis,\\ninstrukcija su galvos\u016bki\u0173 ra\u0161tais.\\nPakuot\u0117s i\u0161matavimai: 24 x 31 x 3cm&quot;}\" data-sheets-userformat=\"{&quot;2&quot;:15231,&quot;3&quot;:{&quot;1&quot;:0},&quot;4&quot;:{&quot;1&quot;:2,&quot;2&quot;:16777215},&quot;5&quot;:{&quot;1&quot;:[{&quot;1&quot;:2,&quot;2&quot;:0,&quot;5&quot;:{&quot;1&quot;:2,&quot;2&quot;:0}},{&quot;1&quot;:0,&quot;2&quot;:0,&quot;3&quot;:3},{&quot;1&quot;:1,&quot;2&quot;:0,&quot;4&quot;:1}]},&quot;6&quot;:{&quot;1&quot;:[{&quot;1&quot;:2,&quot;2&quot;:0,&quot;5&quot;:{&quot;1&quot;:2,&quot;2&quot;:0}},{&quot;1&quot;:0,&quot;2&quot;:0,&quot;3&quot;:3},{&quot;1&quot;:1,&quot;2&quot;:0,&quot;4&quot;:1}]},&quot;7&quot;:{&quot;1&quot;:[{&quot;1&quot;:2,&quot;2&quot;:0,&quot;5&quot;:{&quot;1&quot;:2,&quot;2&quot;:0}},{&quot;1&quot;:0,&quot;2&quot;:0,&quot;3&quot;:3},{&quot;1&quot;:1,&quot;2&quot;:0,&quot;4&quot;:1}]},&quot;8&quot;:{&quot;1&quot;:[{&quot;1&quot;:2,&quot;2&quot;:0,&quot;5&quot;:{&quot;1&quot;:2,&quot;2&quot;:0}},{&quot;1&quot;:0,&quot;2&quot;:0,&quot;3&quot;:3},{&quot;1&quot;:1,&quot;2&quot;:0,&quot;4&quot;:1}]},&quot;9&quot;:0,&quot;11&quot;:4,&quot;12&quot;:0,&quot;14&quot;:{&quot;1&quot;:2,&quot;2&quot;:1842721},&quot;15&quot;:&quot;Arial&quot;,&quot;16&quot;:10}\" data-sheets-formula=\"=VLOOKUP(R[0]C[-6],Aprasymas!R[-102]:R[897],5,0)\">Medin\u0117 dvipus\u0117 lenta su magnetin\u0117mis d\u0117lion\u0117mis paveikslams i\u0161d\u0117lioti.<br \/>\nTai ugdo vaiko k\u016brybi\u0161kum\u0105 ir vaizduot\u0119 per puik\u0173 malonum\u0105.<br \/>\nR\u0117mas pagamintas i\u0161 lengvos, nat\u016bralios medienos.<\/span><\/p>\n<p>Matmenys:<\/p>\n<p>30cm ilgio<br \/>\n23cm plo\u010dio<br \/>\n3 cm auk\u0161\u010dio<br \/>\nDviej\u0173 funkcij\u0173 masyvas:<\/p>\n<p>Balta magnetin\u0117 pus\u0117 naudojama spalvingoms d\u0117lion\u0117ms d\u0117liojant ir ra\u0161ant \u017eymekliu.<br \/>\nJuodoji lentos pus\u0117 skirta tradiciniam ra\u0161ymui kreida.<\/p>\n<p>Rinkin\u012f sudaro:<\/p>\n<p>dvipus\u0117 lenta,<br \/>\napie 100 magnet\u0173 rinkinys,<br \/>\nspalvota kreida,<br \/>\nkempin\u0117,<br \/>\nflomastinis ra\u0161iklis,<br \/>\ninstrukcija su galvos\u016bki\u0173 ra\u0161tais.<br \/>\nPakuot\u0117s i\u0161matavimai: 24 x 31 x 3cm<\/p>","protected":false},"excerpt":{"rendered":"<p><span data-sheets-value=\"{&quot;1&quot;:2,&quot;2&quot;:&quot;Medin\u0117 dvipus\u0117 lenta su magnetin\u0117mis d\u0117lion\u0117mis paveikslams i\u0161d\u0117lioti.\\nTai ugdo vaiko k\u016brybi\u0161kum\u0105 ir vaizduot\u0119 per puik\u0173 malonum\u0105.\\nR\u0117mas pagamintas i\u0161 lengvos, nat\u016bralios medienos.\\n\\nMatmenys:\\n\\n30cm ilgio\\n23cm plo\u010dio\\n3 cm auk\u0161\u010dio\\nDviej\u0173 funkcij\u0173 masyvas:\\n\\nBalta magnetin\u0117 pus\u0117 naudojama spalvingoms d\u0117lion\u0117ms d\u0117liojant ir ra\u0161ant \u017eymekliu.\\nJuodoji lentos pus\u0117 skirta tradiciniam ra\u0161ymui kreida.\\n\\nRinkin\u012f sudaro:\\n\\ndvipus\u0117 lenta,\\napie 100 magnet\u0173 rinkinys,\\nspalvota kreida,\\nkempin\u0117,\\nflomastinis ra\u0161iklis,\\ninstrukcija su galvos\u016bki\u0173 ra\u0161tais.\\nPakuot\u0117s i\u0161matavimai: 24 x 31 x 3cm&quot;}\" data-sheets-userformat=\"{&quot;2&quot;:15231,&quot;3&quot;:{&quot;1&quot;:0},&quot;4&quot;:{&quot;1&quot;:2,&quot;2&quot;:16777215},&quot;5&quot;:{&quot;1&quot;:[{&quot;1&quot;:2,&quot;2&quot;:0,&quot;5&quot;:{&quot;1&quot;:2,&quot;2&quot;:0}},{&quot;1&quot;:0,&quot;2&quot;:0,&quot;3&quot;:3},{&quot;1&quot;:1,&quot;2&quot;:0,&quot;4&quot;:1}]},&quot;6&quot;:{&quot;1&quot;:[{&quot;1&quot;:2,&quot;2&quot;:0,&quot;5&quot;:{&quot;1&quot;:2,&quot;2&quot;:0}},{&quot;1&quot;:0,&quot;2&quot;:0,&quot;3&quot;:3},{&quot;1&quot;:1,&quot;2&quot;:0,&quot;4&quot;:1}]},&quot;7&quot;:{&quot;1&quot;:[{&quot;1&quot;:2,&quot;2&quot;:0,&quot;5&quot;:{&quot;1&quot;:2,&quot;2&quot;:0}},{&quot;1&quot;:0,&quot;2&quot;:0,&quot;3&quot;:3},{&quot;1&quot;:1,&quot;2&quot;:0,&quot;4&quot;:1}]},&quot;8&quot;:{&quot;1&quot;:[{&quot;1&quot;:2,&quot;2&quot;:0,&quot;5&quot;:{&quot;1&quot;:2,&quot;2&quot;:0}},{&quot;1&quot;:0,&quot;2&quot;:0,&quot;3&quot;:3},{&quot;1&quot;:1,&quot;2&quot;:0,&quot;4&quot;:1}]},&quot;9&quot;:0,&quot;11&quot;:4,&quot;12&quot;:0,&quot;14&quot;:{&quot;1&quot;:2,&quot;2&quot;:1842721},&quot;15&quot;:&quot;Arial&quot;,&quot;16&quot;:10}\" data-sheets-formula=\"=VLOOKUP(R[0]C[-6],Aprasymas!R[-102]:R[897],5,0)\">Medin\u0117 dvipus\u0117 lenta su magnetin\u0117mis d\u0117lion\u0117mis paveikslams i\u0161d\u0117lioti.<br \/>\nTai ugdo vaiko k\u016brybi\u0161kum\u0105 ir vaizduot\u0119 per puik\u0173 malonum\u0105.<br \/>\nR\u0117mas pagamintas i\u0161 lengvos, nat\u016bralios medienos.<br \/>\n<\/span><\/p>","protected":false},"featured_media":7558,"template":"","meta":{"iawp_total_views":214},"product_cat":[84,102,89,86,49,39],"product_tag":[96,97,98],"class_list":{"0":"post-7610","1":"product","2":"type-product","3":"status-publish","4":"has-post-thumbnail","6":"product_cat-lavinamieji-zaislai","7":"product_cat-mediniai-zaislai","8":"product_cat-mokausi-piesti","9":"product_cat-smulkioji-motorika","10":"product_cat-visi-zaislai","11":"product_cat-zaislai","12":"product_tag-2-m-3-m","13":"product_tag-3-m-4-m","14":"product_tag-5-m-7-m","16":"first","17":"instock","18":"featured","19":"taxable","20":"shipping-taxable","21":"purchasable","22":"product-type-simple"},"yoast_head":"<!-- This site is optimized with the Yoast SEO plugin v23.3 - https:\/\/yoast.com\/wordpress\/plugins\/seo\/ -->\n<title>Magnetine lenta su gyv\u016bnais - Montessori \u017eaislai<\/title>\n<meta name=\"robots\" content=\"noindex, follow, max-snippet:-1, max-image-preview:large, max-video-preview:-1\" \/>\n<meta property=\"og:locale\" content=\"en_US\" \/>\n<meta property=\"og:type\" content=\"article\" \/>\n<meta property=\"og:title\" content=\"Magnetine lenta su gyv\u016bnais - Montessori \u017eaislai\" \/>\n<meta property=\"og:description\" content=\"Medin\u0117 dvipus\u0117 lenta su magnetin\u0117mis d\u0117lion\u0117mis paveikslams i\u0161d\u0117lioti. Tai ugdo vaiko k\u016brybi\u0161kum\u0105 ir vaizduot\u0119 per puik\u0173 malonum\u0105. R\u0117mas pagamintas i\u0161 lengvos, nat\u016bralios medienos.\" \/>\n<meta property=\"og:url\" content=\"https:\/\/dev.monti.lt\/en\/product\/magnetine-lenta-su-gyvunais-2\/\" \/>\n<meta property=\"og:site_name\" content=\"Montessori \u017eaislai\" \/>\n<meta property=\"article:modified_time\" content=\"2024-10-08T17:45:05+00:00\" \/>\n<meta property=\"og:image\" content=\"https:\/\/dev.monti.lt\/wp-content\/uploads\/2022\/03\/KX754952880-scaled.jpg\" \/>\n\t<meta property=\"og:image:width\" content=\"2560\" \/>\n\t<meta property=\"og:image:height\" content=\"2106\" \/>\n\t<meta property=\"og:image:type\" content=\"image\/jpeg\" \/>\n<meta name=\"twitter:card\" content=\"summary_large_image\" \/>\n<script type=\"application\/ld+json\" class=\"yoast-schema-graph\">{\"@context\":\"https:\/\/schema.org\",\"@graph\":[{\"@type\":\"WebPage\",\"@id\":\"https:\/\/dev.monti.lt\/product\/magnetine-lenta-su-gyvunais-2\/\",\"url\":\"https:\/\/dev.monti.lt\/product\/magnetine-lenta-su-gyvunais-2\/\",\"name\":\"Magnetine lenta su gyv\u016bnais - Montessori \u017eaislai\",\"isPartOf\":{\"@id\":\"https:\/\/dev.monti.lt\/#website\"},\"primaryImageOfPage\":{\"@id\":\"https:\/\/dev.monti.lt\/product\/magnetine-lenta-su-gyvunais-2\/#primaryimage\"},\"image\":{\"@id\":\"https:\/\/dev.monti.lt\/product\/magnetine-lenta-su-gyvunais-2\/#primaryimage\"},\"thumbnailUrl\":\"https:\/\/dev.monti.lt\/wp-content\/uploads\/2022\/03\/KX754952880-scaled.jpg\",\"datePublished\":\"2022-04-01T06:06:03+00:00\",\"dateModified\":\"2024-10-08T17:45:05+00:00\",\"breadcrumb\":{\"@id\":\"https:\/\/dev.monti.lt\/product\/magnetine-lenta-su-gyvunais-2\/#breadcrumb\"},\"inLanguage\":\"en-US\",\"potentialAction\":[{\"@type\":\"ReadAction\",\"target\":[\"https:\/\/dev.monti.lt\/product\/magnetine-lenta-su-gyvunais-2\/\"]}]},{\"@type\":\"ImageObject\",\"inLanguage\":\"en-US\",\"@id\":\"https:\/\/dev.monti.lt\/product\/magnetine-lenta-su-gyvunais-2\/#primaryimage\",\"url\":\"https:\/\/dev.monti.lt\/wp-content\/uploads\/2022\/03\/KX754952880-scaled.jpg\",\"contentUrl\":\"https:\/\/dev.monti.lt\/wp-content\/uploads\/2022\/03\/KX754952880-scaled.jpg\",\"width\":2560,\"height\":2106,\"caption\":\"magnetin\u0117 lenta su ra\u0161ikliu\"},{\"@type\":\"BreadcrumbList\",\"@id\":\"https:\/\/dev.monti.lt\/product\/magnetine-lenta-su-gyvunais-2\/#breadcrumb\",\"itemListElement\":[{\"@type\":\"ListItem\",\"position\":1,\"name\":\"Home\",\"item\":\"https:\/\/dev.monti.lt\/\"},{\"@type\":\"ListItem\",\"position\":2,\"name\":\"Parduotuv\u0117\",\"item\":\"https:\/\/dev.monti.lt\/shop\/\"},{\"@type\":\"ListItem\",\"position\":3,\"name\":\"Magnetine lenta su gyv\u016bnais\"}]},{\"@type\":\"WebSite\",\"@id\":\"https:\/\/dev.monti.lt\/#website\",\"url\":\"https:\/\/dev.monti.lt\/\",\"name\":\"Montessori \u017eaislai\",\"description\":\"\",\"publisher\":{\"@id\":\"https:\/\/dev.monti.lt\/#organization\"},\"potentialAction\":[{\"@type\":\"SearchAction\",\"target\":{\"@type\":\"EntryPoint\",\"urlTemplate\":\"https:\/\/dev.monti.lt\/?s={search_term_string}\"},\"query-input\":\"required name=search_term_string\"}],\"inLanguage\":\"en-US\"},{\"@type\":\"Organization\",\"@id\":\"https:\/\/dev.monti.lt\/#organization\",\"name\":\"Montessori \u017eaislai\",\"url\":\"https:\/\/dev.monti.lt\/\",\"logo\":{\"@type\":\"ImageObject\",\"inLanguage\":\"en-US\",\"@id\":\"https:\/\/dev.monti.lt\/#\/schema\/logo\/image\/\",\"url\":\"https:\/\/dev.monti.lt\/wp-content\/uploads\/2022\/03\/montilogo-1.png\",\"contentUrl\":\"https:\/\/dev.monti.lt\/wp-content\/uploads\/2022\/03\/montilogo-1.png\",\"width\":512,\"height\":512,\"caption\":\"Montessori \u017eaislai\"},\"image\":{\"@id\":\"https:\/\/dev.monti.lt\/#\/schema\/logo\/image\/\"}}]}<\/script>\n<!-- \/ Yoast SEO plugin. -->","yoast_head_json":{"title":"Magnetine lenta su gyv\u016bnais - Montessori \u017eaislai","robots":{"index":"noindex","follow":"follow","max-snippet":"max-snippet:-1","max-image-preview":"max-image-preview:large","max-video-preview":"max-video-preview:-1"},"og_locale":"en_US","og_type":"article","og_title":"Magnetine lenta su gyv\u016bnais - Montessori \u017eaislai","og_description":"Medin\u0117 dvipus\u0117 lenta su magnetin\u0117mis d\u0117lion\u0117mis paveikslams i\u0161d\u0117lioti. Tai ugdo vaiko k\u016brybi\u0161kum\u0105 ir vaizduot\u0119 per puik\u0173 malonum\u0105. R\u0117mas pagamintas i\u0161 lengvos, nat\u016bralios medienos.","og_url":"https:\/\/dev.monti.lt\/en\/product\/magnetine-lenta-su-gyvunais-2\/","og_site_name":"Montessori \u017eaislai","article_modified_time":"2024-10-08T17:45:05+00:00","og_image":[{"width":2560,"height":2106,"url":"https:\/\/dev.monti.lt\/wp-content\/uploads\/2022\/03\/KX754952880-scaled.jpg","type":"image\/jpeg"}],"twitter_card":"summary_large_image","schema":{"@context":"https:\/\/schema.org","@graph":[{"@type":"WebPage","@id":"https:\/\/dev.monti.lt\/product\/magnetine-lenta-su-gyvunais-2\/","url":"https:\/\/dev.monti.lt\/product\/magnetine-lenta-su-gyvunais-2\/","name":"Magnetine lenta su gyv\u016bnais - Montessori \u017eaislai","isPartOf":{"@id":"https:\/\/dev.monti.lt\/#website"},"primaryImageOfPage":{"@id":"https:\/\/dev.monti.lt\/product\/magnetine-lenta-su-gyvunais-2\/#primaryimage"},"image":{"@id":"https:\/\/dev.monti.lt\/product\/magnetine-lenta-su-gyvunais-2\/#primaryimage"},"thumbnailUrl":"https:\/\/dev.monti.lt\/wp-content\/uploads\/2022\/03\/KX754952880-scaled.jpg","datePublished":"2022-04-01T06:06:03+00:00","dateModified":"2024-10-08T17:45:05+00:00","breadcrumb":{"@id":"https:\/\/dev.monti.lt\/product\/magnetine-lenta-su-gyvunais-2\/#breadcrumb"},"inLanguage":"en-US","potentialAction":[{"@type":"ReadAction","target":["https:\/\/dev.monti.lt\/product\/magnetine-lenta-su-gyvunais-2\/"]}]},{"@type":"ImageObject","inLanguage":"en-US","@id":"https:\/\/dev.monti.lt\/product\/magnetine-lenta-su-gyvunais-2\/#primaryimage","url":"https:\/\/dev.monti.lt\/wp-content\/uploads\/2022\/03\/KX754952880-scaled.jpg","contentUrl":"https:\/\/dev.monti.lt\/wp-content\/uploads\/2022\/03\/KX754952880-scaled.jpg","width":2560,"height":2106,"caption":"magnetin\u0117 lenta su ra\u0161ikliu"},{"@type":"BreadcrumbList","@id":"https:\/\/dev.monti.lt\/product\/magnetine-lenta-su-gyvunais-2\/#breadcrumb","itemListElement":[{"@type":"ListItem","position":1,"name":"Home","item":"https:\/\/dev.monti.lt\/"},{"@type":"ListItem","position":2,"name":"Parduotuv\u0117","item":"https:\/\/dev.monti.lt\/shop\/"},{"@type":"ListItem","position":3,"name":"Magnetine lenta su gyv\u016bnais"}]},{"@type":"WebSite","@id":"https:\/\/dev.monti.lt\/#website","url":"https:\/\/dev.monti.lt\/","name":"Montessori \u017eaislai","description":"","publisher":{"@id":"https:\/\/dev.monti.lt\/#organization"},"potentialAction":[{"@type":"SearchAction","target":{"@type":"EntryPoint","urlTemplate":"https:\/\/dev.monti.lt\/?s={search_term_string}"},"query-input":"required name=search_term_string"}],"inLanguage":"en-US"},{"@type":"Organization","@id":"https:\/\/dev.monti.lt\/#organization","name":"Montessori \u017eaislai","url":"https:\/\/dev.monti.lt\/","logo":{"@type":"ImageObject","inLanguage":"en-US","@id":"https:\/\/dev.monti.lt\/#\/schema\/logo\/image\/","url":"https:\/\/dev.monti.lt\/wp-content\/uploads\/2022\/03\/montilogo-1.png","contentUrl":"https:\/\/dev.monti.lt\/wp-content\/uploads\/2022\/03\/montilogo-1.png","width":512,"height":512,"caption":"Montessori \u017eaislai"},"image":{"@id":"https:\/\/dev.monti.lt\/#\/schema\/logo\/image\/"}}]}},"_links":{"self":[{"href":"https:\/\/dev.monti.lt\/en\/wp-json\/wp\/v2\/product\/7610"}],"collection":[{"href":"https:\/\/dev.monti.lt\/en\/wp-json\/wp\/v2\/product"}],"about":[{"href":"https:\/\/dev.monti.lt\/en\/wp-json\/wp\/v2\/types\/product"}],"version-history":[{"count":2,"href":"https:\/\/dev.monti.lt\/en\/wp-json\/wp\/v2\/product\/7610\/revisions"}],"predecessor-version":[{"id":7756,"href":"https:\/\/dev.monti.lt\/en\/wp-json\/wp\/v2\/product\/7610\/revisions\/7756"}],"wp:featuredmedia":[{"embeddable":true,"href":"https:\/\/dev.monti.lt\/en\/wp-json\/wp\/v2\/media\/7558"}],"wp:attachment":[{"href":"https:\/\/dev.monti.lt\/en\/wp-json\/wp\/v2\/media?parent=7610"}],"wp:term":[{"taxonomy":"product_cat","embeddable":true,"href":"https:\/\/dev.monti.lt\/en\/wp-json\/wp\/v2\/product_cat?post=7610"},{"taxonomy":"product_tag","embeddable":true,"href":"https:\/\/dev.monti.lt\/en\/wp-json\/wp\/v2\/product_tag?post=7610"}],"curies":[{"name":"wp","href":"https:\/\/api.w.org\/{rel}","templated":true}]}}