{"id":7604,"date":"2022-04-01T05:58:36","date_gmt":"2022-04-01T05:58:36","guid":{"rendered":"https:\/\/dev.monti.lt\/?post_type=product&#038;p=7604"},"modified":"2025-02-18T17:25:36","modified_gmt":"2025-02-18T17:25:36","slug":"montessori-zaidimas-safari-gyvunai","status":"publish","type":"product","link":"https:\/\/dev.monti.lt\/en\/product\/montessori-zaidimas-safari-gyvunai\/","title":{"rendered":"Montessori \u017eaidimas &#8220;Safari gyv\u016bnai&#8221;"},"content":{"rendered":"<p><span data-sheets-value=\"{&quot;1&quot;:2,&quot;2&quot;:&quot;Tai puikus \u017eaidimas lavinantis smulkiosios motorikos \u012fg\u016bd\u017eius, padedantis mokytis spalvas, skai\u010diuoti, ru\u0161iuoti.\\nRinkin\u012f sudaro:\\n6 puodeliai,\\n2 x \u017enypl\u0117s,\\n36 gyv\u016bneliai\\n\\nMed\u017eiaga: plastikas\\nMatmenys:\\nPuodelis (skersmuo x auk\u0161tis): 8cm x 4cm\\n\u017enypli\u0173 ilgis: 9,5 cm\\nGyv\u016bn\u0117lis: 4,5 cm x 1,5 cm x 3 cm\\nPakuot\u0117: 9,5 cm x 9,5 cm x 16 cm.&quot;}\" data-sheets-userformat=\"{&quot;2&quot;:15231,&quot;3&quot;:{&quot;1&quot;:0},&quot;4&quot;:{&quot;1&quot;:2,&quot;2&quot;:16777215},&quot;5&quot;:{&quot;1&quot;:[{&quot;1&quot;:2,&quot;2&quot;:0,&quot;5&quot;:{&quot;1&quot;:2,&quot;2&quot;:0}},{&quot;1&quot;:0,&quot;2&quot;:0,&quot;3&quot;:3},{&quot;1&quot;:1,&quot;2&quot;:0,&quot;4&quot;:1}]},&quot;6&quot;:{&quot;1&quot;:[{&quot;1&quot;:2,&quot;2&quot;:0,&quot;5&quot;:{&quot;1&quot;:2,&quot;2&quot;:0}},{&quot;1&quot;:0,&quot;2&quot;:0,&quot;3&quot;:3},{&quot;1&quot;:1,&quot;2&quot;:0,&quot;4&quot;:1}]},&quot;7&quot;:{&quot;1&quot;:[{&quot;1&quot;:2,&quot;2&quot;:0,&quot;5&quot;:{&quot;1&quot;:2,&quot;2&quot;:0}},{&quot;1&quot;:0,&quot;2&quot;:0,&quot;3&quot;:3},{&quot;1&quot;:1,&quot;2&quot;:0,&quot;4&quot;:1}]},&quot;8&quot;:{&quot;1&quot;:[{&quot;1&quot;:2,&quot;2&quot;:0,&quot;5&quot;:{&quot;1&quot;:2,&quot;2&quot;:0}},{&quot;1&quot;:0,&quot;2&quot;:0,&quot;3&quot;:3},{&quot;1&quot;:1,&quot;2&quot;:0,&quot;4&quot;:1}]},&quot;9&quot;:0,&quot;11&quot;:4,&quot;12&quot;:0,&quot;14&quot;:{&quot;1&quot;:2,&quot;2&quot;:1842721},&quot;15&quot;:&quot;Arial&quot;,&quot;16&quot;:10}\">Tai puikus \u017eaidimas lavinantis smulkiosios motorikos \u012fg\u016bd\u017eius, padedantis mokytis spalvas, skai\u010diuoti, ru\u0161iuoti.<br \/>\nRinkin\u012f sudaro:<br \/>\n6 puodeliai,<br \/>\n2 x \u017enypl\u0117s,<br \/>\n36 gyv\u016bneliai<\/span><\/p>\n<p>Med\u017eiaga: plastikas<br \/>\nMatmenys:<br \/>\nPuodelis (skersmuo x auk\u0161tis): 8cm x 4cm<br \/>\n\u017enypli\u0173 ilgis: 9,5 cm<br \/>\nGyv\u016bn\u0117lis: 4,5 cm x 1,5 cm x 3 cm<br \/>\nPakuot\u0117: 9,5 cm x 9,5 cm x 16 cm.<\/p>","protected":false},"excerpt":{"rendered":"<p><span data-sheets-value=\"{\" data-sheets-userformat=\"{\">Tai puikus \u017eaidimas lavinantis smulkiosios motorikos \u012fg\u016bd\u017eius, padedantis mokytis spalvas, skai\u010diuoti, ru\u0161iuoti.<br \/>\nRinkin\u012f sudaro:<br \/>\n6 puodeliai,<br \/>\n2 x \u017enypl\u0117s,<br \/>\n36 gyv\u016bneliai<\/span><\/p>\n<p>Med\u017eiaga: plastikas<br \/>\nMatmenys:<br \/>\nPuodelis (skersmuo x auk\u0161tis): 8cm x 4cm<br \/>\n\u017enypli\u0173 ilgis: 9,5 cm<br \/>\nGyv\u016bn\u0117lis: 4,5 cm x 1,5 cm x 3 cm<br \/>\nPakuot\u0117: 9,5 cm x 9,5 cm x 16 cm.<\/p>","protected":false},"featured_media":7605,"template":"","meta":{"iawp_total_views":704},"product_cat":[213,218,195,216,217,197,196,191,82,192,84,88,83,86,50,49,39,215,214],"product_tag":[96,97,98],"class_list":{"0":"post-7604","1":"product","2":"type-product","3":"status-publish","4":"has-post-thumbnail","6":"product_cat-akcija","7":"product_cat-darzeliu-grupems","8":"product_cat-dovanos-vaikams-3-4-metu","9":"product_cat-dovanos-4-5-metu-vaikams","10":"product_cat-dovanos-5-7-metu-vaikams","11":"product_cat-dovanos-berniukams","12":"product_cat-dovanos-mergaitems","13":"product_cat-dovanos-vaikams","14":"product_cat-ispardavimas","15":"product_cat-kaledines-dovanos-vaikams","16":"product_cat-lavinamieji-zaislai","17":"product_cat-mokausi-zaisti","18":"product_cat-montessori-zaislai","19":"product_cat-smulkioji-motorika","20":"product_cat-top-dovanos","21":"product_cat-visi-zaislai","22":"product_cat-zaislai","23":"product_cat-zaislai-berniukams","24":"product_cat-zaislai-mergaitems","25":"product_tag-2-m-3-m","26":"product_tag-3-m-4-m","27":"product_tag-5-m-7-m","29":"first","30":"instock","31":"sale","32":"taxable","33":"shipping-taxable","34":"purchasable","35":"product-type-simple"},"yoast_head":"<!-- This site is optimized with the Yoast SEO plugin v23.3 - https:\/\/yoast.com\/wordpress\/plugins\/seo\/ -->\n<title>Montessori \u017eaidimas &quot;Safari gyv\u016bnai&quot; - Montessori \u017eaislai<\/title>\n<meta name=\"robots\" content=\"noindex, follow, max-snippet:-1, max-image-preview:large, max-video-preview:-1\" \/>\n<meta property=\"og:locale\" content=\"en_US\" \/>\n<meta property=\"og:type\" content=\"article\" \/>\n<meta property=\"og:title\" content=\"Montessori \u017eaidimas &quot;Safari gyv\u016bnai&quot; - Montessori \u017eaislai\" \/>\n<meta property=\"og:description\" content=\"Tai puikus \u017eaidimas lavinantis smulkiosios motorikos \u012fg\u016bd\u017eius, padedantis mokytis spalvas, skai\u010diuoti, ru\u0161iuoti. Rinkin\u012f sudaro: 6 puodeliai, 2 x \u017enypl\u0117s, 36 gyv\u016bneliai  Med\u017eiaga: plastikas Matmenys: Puodelis (skersmuo x auk\u0161tis): 8cm x 4cm \u017enypli\u0173 ilgis: 9,5 cm Gyv\u016bn\u0117lis: 4,5 cm x 1,5 cm x 3 cm Pakuot\u0117: 9,5 cm x 9,5 cm x 16 cm.\" \/>\n<meta property=\"og:url\" content=\"https:\/\/dev.monti.lt\/en\/product\/montessori-zaidimas-safari-gyvunai\/\" \/>\n<meta property=\"og:site_name\" content=\"Montessori \u017eaislai\" \/>\n<meta property=\"article:modified_time\" content=\"2025-02-18T17:25:36+00:00\" \/>\n<meta property=\"og:image\" content=\"https:\/\/dev.monti.lt\/wp-content\/uploads\/2022\/04\/KX569874986-2.jpg\" \/>\n\t<meta property=\"og:image:width\" content=\"1024\" \/>\n\t<meta property=\"og:image:height\" content=\"768\" \/>\n\t<meta property=\"og:image:type\" content=\"image\/jpeg\" \/>\n<meta name=\"twitter:card\" content=\"summary_large_image\" \/>\n<meta name=\"twitter:label1\" content=\"Est. reading time\" \/>\n\t<meta name=\"twitter:data1\" content=\"1 minute\" \/>\n<script type=\"application\/ld+json\" class=\"yoast-schema-graph\">{\"@context\":\"https:\/\/schema.org\",\"@graph\":[{\"@type\":\"WebPage\",\"@id\":\"https:\/\/dev.monti.lt\/product\/montessori-zaidimas-safari-gyvunai\/\",\"url\":\"https:\/\/dev.monti.lt\/product\/montessori-zaidimas-safari-gyvunai\/\",\"name\":\"Montessori \u017eaidimas \\\"Safari gyv\u016bnai\\\" - Montessori \u017eaislai\",\"isPartOf\":{\"@id\":\"https:\/\/dev.monti.lt\/#website\"},\"primaryImageOfPage\":{\"@id\":\"https:\/\/dev.monti.lt\/product\/montessori-zaidimas-safari-gyvunai\/#primaryimage\"},\"image\":{\"@id\":\"https:\/\/dev.monti.lt\/product\/montessori-zaidimas-safari-gyvunai\/#primaryimage\"},\"thumbnailUrl\":\"https:\/\/dev.monti.lt\/wp-content\/uploads\/2022\/04\/KX569874986-2.jpg\",\"datePublished\":\"2022-04-01T05:58:36+00:00\",\"dateModified\":\"2025-02-18T17:25:36+00:00\",\"breadcrumb\":{\"@id\":\"https:\/\/dev.monti.lt\/product\/montessori-zaidimas-safari-gyvunai\/#breadcrumb\"},\"inLanguage\":\"en-US\",\"potentialAction\":[{\"@type\":\"ReadAction\",\"target\":[\"https:\/\/dev.monti.lt\/product\/montessori-zaidimas-safari-gyvunai\/\"]}]},{\"@type\":\"ImageObject\",\"inLanguage\":\"en-US\",\"@id\":\"https:\/\/dev.monti.lt\/product\/montessori-zaidimas-safari-gyvunai\/#primaryimage\",\"url\":\"https:\/\/dev.monti.lt\/wp-content\/uploads\/2022\/04\/KX569874986-2.jpg\",\"contentUrl\":\"https:\/\/dev.monti.lt\/wp-content\/uploads\/2022\/04\/KX569874986-2.jpg\",\"width\":1024,\"height\":768},{\"@type\":\"BreadcrumbList\",\"@id\":\"https:\/\/dev.monti.lt\/product\/montessori-zaidimas-safari-gyvunai\/#breadcrumb\",\"itemListElement\":[{\"@type\":\"ListItem\",\"position\":1,\"name\":\"Home\",\"item\":\"https:\/\/dev.monti.lt\/\"},{\"@type\":\"ListItem\",\"position\":2,\"name\":\"Parduotuv\u0117\",\"item\":\"https:\/\/dev.monti.lt\/shop\/\"},{\"@type\":\"ListItem\",\"position\":3,\"name\":\"Montessori \u017eaidimas &#8220;Safari gyv\u016bnai&#8221;\"}]},{\"@type\":\"WebSite\",\"@id\":\"https:\/\/dev.monti.lt\/#website\",\"url\":\"https:\/\/dev.monti.lt\/\",\"name\":\"Montessori \u017eaislai\",\"description\":\"\",\"publisher\":{\"@id\":\"https:\/\/dev.monti.lt\/#organization\"},\"potentialAction\":[{\"@type\":\"SearchAction\",\"target\":{\"@type\":\"EntryPoint\",\"urlTemplate\":\"https:\/\/dev.monti.lt\/?s={search_term_string}\"},\"query-input\":\"required name=search_term_string\"}],\"inLanguage\":\"en-US\"},{\"@type\":\"Organization\",\"@id\":\"https:\/\/dev.monti.lt\/#organization\",\"name\":\"Montessori \u017eaislai\",\"url\":\"https:\/\/dev.monti.lt\/\",\"logo\":{\"@type\":\"ImageObject\",\"inLanguage\":\"en-US\",\"@id\":\"https:\/\/dev.monti.lt\/#\/schema\/logo\/image\/\",\"url\":\"https:\/\/dev.monti.lt\/wp-content\/uploads\/2022\/03\/montilogo-1.png\",\"contentUrl\":\"https:\/\/dev.monti.lt\/wp-content\/uploads\/2022\/03\/montilogo-1.png\",\"width\":512,\"height\":512,\"caption\":\"Montessori \u017eaislai\"},\"image\":{\"@id\":\"https:\/\/dev.monti.lt\/#\/schema\/logo\/image\/\"}}]}<\/script>\n<!-- \/ Yoast SEO plugin. -->","yoast_head_json":{"title":"Montessori \u017eaidimas \"Safari gyv\u016bnai\" - Montessori \u017eaislai","robots":{"index":"noindex","follow":"follow","max-snippet":"max-snippet:-1","max-image-preview":"max-image-preview:large","max-video-preview":"max-video-preview:-1"},"og_locale":"en_US","og_type":"article","og_title":"Montessori \u017eaidimas \"Safari gyv\u016bnai\" - Montessori \u017eaislai","og_description":"Tai puikus \u017eaidimas lavinantis smulkiosios motorikos \u012fg\u016bd\u017eius, padedantis mokytis spalvas, skai\u010diuoti, ru\u0161iuoti. Rinkin\u012f sudaro: 6 puodeliai, 2 x \u017enypl\u0117s, 36 gyv\u016bneliai  Med\u017eiaga: plastikas Matmenys: Puodelis (skersmuo x auk\u0161tis): 8cm x 4cm \u017enypli\u0173 ilgis: 9,5 cm Gyv\u016bn\u0117lis: 4,5 cm x 1,5 cm x 3 cm Pakuot\u0117: 9,5 cm x 9,5 cm x 16 cm.","og_url":"https:\/\/dev.monti.lt\/en\/product\/montessori-zaidimas-safari-gyvunai\/","og_site_name":"Montessori \u017eaislai","article_modified_time":"2025-02-18T17:25:36+00:00","og_image":[{"width":1024,"height":768,"url":"https:\/\/dev.monti.lt\/wp-content\/uploads\/2022\/04\/KX569874986-2.jpg","type":"image\/jpeg"}],"twitter_card":"summary_large_image","twitter_misc":{"Est. reading time":"1 minute"},"schema":{"@context":"https:\/\/schema.org","@graph":[{"@type":"WebPage","@id":"https:\/\/dev.monti.lt\/product\/montessori-zaidimas-safari-gyvunai\/","url":"https:\/\/dev.monti.lt\/product\/montessori-zaidimas-safari-gyvunai\/","name":"Montessori \u017eaidimas \"Safari gyv\u016bnai\" - Montessori \u017eaislai","isPartOf":{"@id":"https:\/\/dev.monti.lt\/#website"},"primaryImageOfPage":{"@id":"https:\/\/dev.monti.lt\/product\/montessori-zaidimas-safari-gyvunai\/#primaryimage"},"image":{"@id":"https:\/\/dev.monti.lt\/product\/montessori-zaidimas-safari-gyvunai\/#primaryimage"},"thumbnailUrl":"https:\/\/dev.monti.lt\/wp-content\/uploads\/2022\/04\/KX569874986-2.jpg","datePublished":"2022-04-01T05:58:36+00:00","dateModified":"2025-02-18T17:25:36+00:00","breadcrumb":{"@id":"https:\/\/dev.monti.lt\/product\/montessori-zaidimas-safari-gyvunai\/#breadcrumb"},"inLanguage":"en-US","potentialAction":[{"@type":"ReadAction","target":["https:\/\/dev.monti.lt\/product\/montessori-zaidimas-safari-gyvunai\/"]}]},{"@type":"ImageObject","inLanguage":"en-US","@id":"https:\/\/dev.monti.lt\/product\/montessori-zaidimas-safari-gyvunai\/#primaryimage","url":"https:\/\/dev.monti.lt\/wp-content\/uploads\/2022\/04\/KX569874986-2.jpg","contentUrl":"https:\/\/dev.monti.lt\/wp-content\/uploads\/2022\/04\/KX569874986-2.jpg","width":1024,"height":768},{"@type":"BreadcrumbList","@id":"https:\/\/dev.monti.lt\/product\/montessori-zaidimas-safari-gyvunai\/#breadcrumb","itemListElement":[{"@type":"ListItem","position":1,"name":"Home","item":"https:\/\/dev.monti.lt\/"},{"@type":"ListItem","position":2,"name":"Parduotuv\u0117","item":"https:\/\/dev.monti.lt\/shop\/"},{"@type":"ListItem","position":3,"name":"Montessori \u017eaidimas &#8220;Safari gyv\u016bnai&#8221;"}]},{"@type":"WebSite","@id":"https:\/\/dev.monti.lt\/#website","url":"https:\/\/dev.monti.lt\/","name":"Montessori \u017eaislai","description":"","publisher":{"@id":"https:\/\/dev.monti.lt\/#organization"},"potentialAction":[{"@type":"SearchAction","target":{"@type":"EntryPoint","urlTemplate":"https:\/\/dev.monti.lt\/?s={search_term_string}"},"query-input":"required name=search_term_string"}],"inLanguage":"en-US"},{"@type":"Organization","@id":"https:\/\/dev.monti.lt\/#organization","name":"Montessori \u017eaislai","url":"https:\/\/dev.monti.lt\/","logo":{"@type":"ImageObject","inLanguage":"en-US","@id":"https:\/\/dev.monti.lt\/#\/schema\/logo\/image\/","url":"https:\/\/dev.monti.lt\/wp-content\/uploads\/2022\/03\/montilogo-1.png","contentUrl":"https:\/\/dev.monti.lt\/wp-content\/uploads\/2022\/03\/montilogo-1.png","width":512,"height":512,"caption":"Montessori \u017eaislai"},"image":{"@id":"https:\/\/dev.monti.lt\/#\/schema\/logo\/image\/"}}]}},"_links":{"self":[{"href":"https:\/\/dev.monti.lt\/en\/wp-json\/wp\/v2\/product\/7604"}],"collection":[{"href":"https:\/\/dev.monti.lt\/en\/wp-json\/wp\/v2\/product"}],"about":[{"href":"https:\/\/dev.monti.lt\/en\/wp-json\/wp\/v2\/types\/product"}],"version-history":[{"count":3,"href":"https:\/\/dev.monti.lt\/en\/wp-json\/wp\/v2\/product\/7604\/revisions"}],"predecessor-version":[{"id":11022,"href":"https:\/\/dev.monti.lt\/en\/wp-json\/wp\/v2\/product\/7604\/revisions\/11022"}],"wp:featuredmedia":[{"embeddable":true,"href":"https:\/\/dev.monti.lt\/en\/wp-json\/wp\/v2\/media\/7605"}],"wp:attachment":[{"href":"https:\/\/dev.monti.lt\/en\/wp-json\/wp\/v2\/media?parent=7604"}],"wp:term":[{"taxonomy":"product_cat","embeddable":true,"href":"https:\/\/dev.monti.lt\/en\/wp-json\/wp\/v2\/product_cat?post=7604"},{"taxonomy":"product_tag","embeddable":true,"href":"https:\/\/dev.monti.lt\/en\/wp-json\/wp\/v2\/product_tag?post=7604"}],"curies":[{"name":"wp","href":"https:\/\/api.w.org\/{rel}","templated":true}]}}