{"id":7590,"date":"2022-03-31T19:09:17","date_gmt":"2022-03-31T19:09:17","guid":{"rendered":"https:\/\/dev.monti.lt\/?post_type=product&#038;p=7590"},"modified":"2024-10-05T12:58:59","modified_gmt":"2024-10-05T12:58:59","slug":"spalvoti-montessori-cilindrai","status":"publish","type":"product","link":"https:\/\/dev.monti.lt\/en\/product\/spalvoti-montessori-cilindrai\/","title":{"rendered":"Spalvoti montessori cilindrai"},"content":{"rendered":"<p><span data-sheets-value=\"{&quot;1&quot;:2,&quot;2&quot;:&quot;Spalvingieji cilindrai bus tikras malonumas ma\u017eajam form\u0173 ir spalv\u0173 pasaulio tyrin\u0117tojui.\\nD\u0117lion\u0117 atrodo labai paprasta? Taip tik atrodo. Kiekviena svarelio spalva turi skirting\u0105 plot\u012f ir auk\u0161t\u012f.\\n\\nVienas \u017eaislas, daug galimybi\u0173. \u017daisdamas vaikas i\u0161moks:\\n\\nPa\u017einti formas\\nSkai\u010diuoti ir i\u0161mokti pagrindini\u0173 matematini\u0173 veiksm\u0173 princip\u0173\\nSpalv\u0173\\n\\nKomplekto turinys:\\n\\n4x mediniai pad\u0117kliukai\\n5x \u017eali cilindrai\\n5x raudoni cilindrai\\n5x m\u0117lyni cilindrai\\n5x geltoni cilindrai\\n\\nMatmenys:\\n\\ncilindrai yra skirting\u0173 dyd\u017ei\u0173 (raudona did\u017eiausia: 3 cm x 4,5 cm)\\nstovas: 15cm x 4cm x 3,5cm\\npakuot\u0117: 24cm x 16,5cm x 5cm&quot;}\" data-sheets-userformat=\"{&quot;2&quot;:15231,&quot;3&quot;:{&quot;1&quot;:0},&quot;4&quot;:{&quot;1&quot;:2,&quot;2&quot;:16777215},&quot;5&quot;:{&quot;1&quot;:[{&quot;1&quot;:2,&quot;2&quot;:0,&quot;5&quot;:{&quot;1&quot;:2,&quot;2&quot;:0}},{&quot;1&quot;:0,&quot;2&quot;:0,&quot;3&quot;:3},{&quot;1&quot;:1,&quot;2&quot;:0,&quot;4&quot;:1}]},&quot;6&quot;:{&quot;1&quot;:[{&quot;1&quot;:2,&quot;2&quot;:0,&quot;5&quot;:{&quot;1&quot;:2,&quot;2&quot;:0}},{&quot;1&quot;:0,&quot;2&quot;:0,&quot;3&quot;:3},{&quot;1&quot;:1,&quot;2&quot;:0,&quot;4&quot;:1}]},&quot;7&quot;:{&quot;1&quot;:[{&quot;1&quot;:2,&quot;2&quot;:0,&quot;5&quot;:{&quot;1&quot;:2,&quot;2&quot;:0}},{&quot;1&quot;:0,&quot;2&quot;:0,&quot;3&quot;:3},{&quot;1&quot;:1,&quot;2&quot;:0,&quot;4&quot;:1}]},&quot;8&quot;:{&quot;1&quot;:[{&quot;1&quot;:2,&quot;2&quot;:0,&quot;5&quot;:{&quot;1&quot;:2,&quot;2&quot;:0}},{&quot;1&quot;:0,&quot;2&quot;:0,&quot;3&quot;:3},{&quot;1&quot;:1,&quot;2&quot;:0,&quot;4&quot;:1}]},&quot;9&quot;:0,&quot;11&quot;:4,&quot;12&quot;:0,&quot;14&quot;:{&quot;1&quot;:2,&quot;2&quot;:1842721},&quot;15&quot;:&quot;Arial&quot;,&quot;16&quot;:10}\" data-sheets-formula=\"=VLOOKUP(R[0]C[-6],Aprasymas!R[-102]:R[897],5,0)\">Spalvingieji cilindrai bus tikras malonumas ma\u017eajam form\u0173 ir spalv\u0173 pasaulio tyrin\u0117tojui.<br \/>\nD\u0117lion\u0117 atrodo labai paprasta? Taip tik atrodo. Kiekviena svarelio spalva turi skirting\u0105 plot\u012f ir auk\u0161t\u012f.<\/span><\/p>\n<p>Vienas \u017eaislas, daug galimybi\u0173. \u017daisdamas vaikas i\u0161moks:<\/p>\n<p>Pa\u017einti formas<br \/>\nSkai\u010diuoti ir i\u0161mokti pagrindini\u0173 matematini\u0173 veiksm\u0173 princip\u0173<br \/>\nSpalv\u0173<\/p>\n<p>Komplekto turinys:<\/p>\n<p>4x mediniai pad\u0117kliukai<br \/>\n5x \u017eali cilindrai<br \/>\n5x raudoni cilindrai<br \/>\n5x m\u0117lyni cilindrai<br \/>\n5x geltoni cilindrai<\/p>\n<p>Matmenys:<\/p>\n<p>cilindrai yra skirting\u0173 dyd\u017ei\u0173 (raudona did\u017eiausia: 3 cm x 4,5 cm)<br \/>\nstovas: 15cm x 4cm x 3,5cm<br \/>\npakuot\u0117: 24cm x 16,5cm x 5cm<\/p>","protected":false},"excerpt":{"rendered":"<p>Spalvingieji cilindrai bus tikras malonumas ma\u017eajam form\u0173 ir spalv\u0173 pasaulio tyrin\u0117tojui. D\u0117lion\u0117 atrodo labai paprasta? Taip tik atrodo. Kiekviena svarelio spalva turi skirting\u0105 plot\u012f ir auk\u0161t\u012f. Vienas \u017eaislas, daug galimybi\u0173. \u017daisdamas vaikas i\u0161moks: Pa\u017einti formas Skai\u010diuoti ir i\u0161mokti pagrindini\u0173 matematini\u0173 veiksm\u0173 princip\u0173 Spalv\u0173 Komplekto turinys: 4x mediniai pad\u0117kliukai 5x \u017eali cilindrai 5x raudoni cilindrai 5x [&hellip;]<\/p>","protected":false},"featured_media":7591,"template":"","meta":{"iawp_total_views":114},"product_cat":[92,84,91,102,83,86,199,49,39],"product_tag":[96,97,98],"class_list":{"0":"post-7590","1":"product","2":"type-product","3":"status-publish","4":"has-post-thumbnail","6":"product_cat-deliones","7":"product_cat-lavinamieji-zaislai","8":"product_cat-loginiam-mastymui","9":"product_cat-mediniai-zaislai","10":"product_cat-montessori-zaislai","11":"product_cat-smulkioji-motorika","12":"product_cat-ugdymo-istaigoms","13":"product_cat-visi-zaislai","14":"product_cat-zaislai","15":"product_tag-2-m-3-m","16":"product_tag-3-m-4-m","17":"product_tag-5-m-7-m","19":"first","20":"instock","21":"sale","22":"taxable","23":"shipping-taxable","24":"purchasable","25":"product-type-simple"},"yoast_head":"<!-- This site is optimized with the Yoast SEO plugin v23.3 - https:\/\/yoast.com\/wordpress\/plugins\/seo\/ -->\n<title>Spalvoti montessori cilindrai - Montessori \u017eaislai<\/title>\n<meta name=\"robots\" content=\"noindex, follow, max-snippet:-1, max-image-preview:large, max-video-preview:-1\" \/>\n<meta property=\"og:locale\" content=\"en_US\" \/>\n<meta property=\"og:type\" content=\"article\" \/>\n<meta property=\"og:title\" content=\"Spalvoti montessori cilindrai - Montessori \u017eaislai\" \/>\n<meta property=\"og:description\" content=\"Spalvingieji cilindrai bus tikras malonumas ma\u017eajam form\u0173 ir spalv\u0173 pasaulio tyrin\u0117tojui. D\u0117lion\u0117 atrodo labai paprasta? Taip tik atrodo. Kiekviena svarelio spalva turi skirting\u0105 plot\u012f ir auk\u0161t\u012f. Vienas \u017eaislas, daug galimybi\u0173. \u017daisdamas vaikas i\u0161moks: Pa\u017einti formas Skai\u010diuoti ir i\u0161mokti pagrindini\u0173 matematini\u0173 veiksm\u0173 princip\u0173 Spalv\u0173 Komplekto turinys: 4x mediniai pad\u0117kliukai 5x \u017eali cilindrai 5x raudoni cilindrai 5x [&hellip;]\" \/>\n<meta property=\"og:url\" content=\"https:\/\/dev.monti.lt\/en\/product\/spalvoti-montessori-cilindrai\/\" \/>\n<meta property=\"og:site_name\" content=\"Montessori \u017eaislai\" \/>\n<meta property=\"article:modified_time\" content=\"2024-10-05T12:58:59+00:00\" \/>\n<meta property=\"og:image\" content=\"https:\/\/dev.monti.lt\/wp-content\/uploads\/2022\/03\/KX629069276-3.jpg\" \/>\n\t<meta property=\"og:image:width\" content=\"1600\" \/>\n\t<meta property=\"og:image:height\" content=\"1600\" \/>\n\t<meta property=\"og:image:type\" content=\"image\/jpeg\" \/>\n<meta name=\"twitter:card\" content=\"summary_large_image\" \/>\n<meta name=\"twitter:label1\" content=\"Est. reading time\" \/>\n\t<meta name=\"twitter:data1\" content=\"1 minute\" \/>\n<script type=\"application\/ld+json\" class=\"yoast-schema-graph\">{\"@context\":\"https:\/\/schema.org\",\"@graph\":[{\"@type\":\"WebPage\",\"@id\":\"https:\/\/dev.monti.lt\/product\/spalvoti-montessori-cilindrai\/\",\"url\":\"https:\/\/dev.monti.lt\/product\/spalvoti-montessori-cilindrai\/\",\"name\":\"Spalvoti montessori cilindrai - Montessori \u017eaislai\",\"isPartOf\":{\"@id\":\"https:\/\/dev.monti.lt\/#website\"},\"primaryImageOfPage\":{\"@id\":\"https:\/\/dev.monti.lt\/product\/spalvoti-montessori-cilindrai\/#primaryimage\"},\"image\":{\"@id\":\"https:\/\/dev.monti.lt\/product\/spalvoti-montessori-cilindrai\/#primaryimage\"},\"thumbnailUrl\":\"https:\/\/dev.monti.lt\/wp-content\/uploads\/2022\/03\/KX629069276-3.jpg\",\"datePublished\":\"2022-03-31T19:09:17+00:00\",\"dateModified\":\"2024-10-05T12:58:59+00:00\",\"breadcrumb\":{\"@id\":\"https:\/\/dev.monti.lt\/product\/spalvoti-montessori-cilindrai\/#breadcrumb\"},\"inLanguage\":\"en-US\",\"potentialAction\":[{\"@type\":\"ReadAction\",\"target\":[\"https:\/\/dev.monti.lt\/product\/spalvoti-montessori-cilindrai\/\"]}]},{\"@type\":\"ImageObject\",\"inLanguage\":\"en-US\",\"@id\":\"https:\/\/dev.monti.lt\/product\/spalvoti-montessori-cilindrai\/#primaryimage\",\"url\":\"https:\/\/dev.monti.lt\/wp-content\/uploads\/2022\/03\/KX629069276-3.jpg\",\"contentUrl\":\"https:\/\/dev.monti.lt\/wp-content\/uploads\/2022\/03\/KX629069276-3.jpg\",\"width\":1600,\"height\":1600,\"caption\":\"spalvoti cilindrai\"},{\"@type\":\"BreadcrumbList\",\"@id\":\"https:\/\/dev.monti.lt\/product\/spalvoti-montessori-cilindrai\/#breadcrumb\",\"itemListElement\":[{\"@type\":\"ListItem\",\"position\":1,\"name\":\"Home\",\"item\":\"https:\/\/dev.monti.lt\/\"},{\"@type\":\"ListItem\",\"position\":2,\"name\":\"Parduotuv\u0117\",\"item\":\"https:\/\/dev.monti.lt\/shop\/\"},{\"@type\":\"ListItem\",\"position\":3,\"name\":\"Spalvoti montessori cilindrai\"}]},{\"@type\":\"WebSite\",\"@id\":\"https:\/\/dev.monti.lt\/#website\",\"url\":\"https:\/\/dev.monti.lt\/\",\"name\":\"Montessori \u017eaislai\",\"description\":\"\",\"publisher\":{\"@id\":\"https:\/\/dev.monti.lt\/#organization\"},\"potentialAction\":[{\"@type\":\"SearchAction\",\"target\":{\"@type\":\"EntryPoint\",\"urlTemplate\":\"https:\/\/dev.monti.lt\/?s={search_term_string}\"},\"query-input\":\"required name=search_term_string\"}],\"inLanguage\":\"en-US\"},{\"@type\":\"Organization\",\"@id\":\"https:\/\/dev.monti.lt\/#organization\",\"name\":\"Montessori \u017eaislai\",\"url\":\"https:\/\/dev.monti.lt\/\",\"logo\":{\"@type\":\"ImageObject\",\"inLanguage\":\"en-US\",\"@id\":\"https:\/\/dev.monti.lt\/#\/schema\/logo\/image\/\",\"url\":\"https:\/\/dev.monti.lt\/wp-content\/uploads\/2022\/03\/montilogo-1.png\",\"contentUrl\":\"https:\/\/dev.monti.lt\/wp-content\/uploads\/2022\/03\/montilogo-1.png\",\"width\":512,\"height\":512,\"caption\":\"Montessori \u017eaislai\"},\"image\":{\"@id\":\"https:\/\/dev.monti.lt\/#\/schema\/logo\/image\/\"}}]}<\/script>\n<!-- \/ Yoast SEO plugin. -->","yoast_head_json":{"title":"Spalvoti montessori cilindrai - Montessori \u017eaislai","robots":{"index":"noindex","follow":"follow","max-snippet":"max-snippet:-1","max-image-preview":"max-image-preview:large","max-video-preview":"max-video-preview:-1"},"og_locale":"en_US","og_type":"article","og_title":"Spalvoti montessori cilindrai - Montessori \u017eaislai","og_description":"Spalvingieji cilindrai bus tikras malonumas ma\u017eajam form\u0173 ir spalv\u0173 pasaulio tyrin\u0117tojui. D\u0117lion\u0117 atrodo labai paprasta? Taip tik atrodo. Kiekviena svarelio spalva turi skirting\u0105 plot\u012f ir auk\u0161t\u012f. Vienas \u017eaislas, daug galimybi\u0173. \u017daisdamas vaikas i\u0161moks: Pa\u017einti formas Skai\u010diuoti ir i\u0161mokti pagrindini\u0173 matematini\u0173 veiksm\u0173 princip\u0173 Spalv\u0173 Komplekto turinys: 4x mediniai pad\u0117kliukai 5x \u017eali cilindrai 5x raudoni cilindrai 5x [&hellip;]","og_url":"https:\/\/dev.monti.lt\/en\/product\/spalvoti-montessori-cilindrai\/","og_site_name":"Montessori \u017eaislai","article_modified_time":"2024-10-05T12:58:59+00:00","og_image":[{"width":1600,"height":1600,"url":"https:\/\/dev.monti.lt\/wp-content\/uploads\/2022\/03\/KX629069276-3.jpg","type":"image\/jpeg"}],"twitter_card":"summary_large_image","twitter_misc":{"Est. reading time":"1 minute"},"schema":{"@context":"https:\/\/schema.org","@graph":[{"@type":"WebPage","@id":"https:\/\/dev.monti.lt\/product\/spalvoti-montessori-cilindrai\/","url":"https:\/\/dev.monti.lt\/product\/spalvoti-montessori-cilindrai\/","name":"Spalvoti montessori cilindrai - Montessori \u017eaislai","isPartOf":{"@id":"https:\/\/dev.monti.lt\/#website"},"primaryImageOfPage":{"@id":"https:\/\/dev.monti.lt\/product\/spalvoti-montessori-cilindrai\/#primaryimage"},"image":{"@id":"https:\/\/dev.monti.lt\/product\/spalvoti-montessori-cilindrai\/#primaryimage"},"thumbnailUrl":"https:\/\/dev.monti.lt\/wp-content\/uploads\/2022\/03\/KX629069276-3.jpg","datePublished":"2022-03-31T19:09:17+00:00","dateModified":"2024-10-05T12:58:59+00:00","breadcrumb":{"@id":"https:\/\/dev.monti.lt\/product\/spalvoti-montessori-cilindrai\/#breadcrumb"},"inLanguage":"en-US","potentialAction":[{"@type":"ReadAction","target":["https:\/\/dev.monti.lt\/product\/spalvoti-montessori-cilindrai\/"]}]},{"@type":"ImageObject","inLanguage":"en-US","@id":"https:\/\/dev.monti.lt\/product\/spalvoti-montessori-cilindrai\/#primaryimage","url":"https:\/\/dev.monti.lt\/wp-content\/uploads\/2022\/03\/KX629069276-3.jpg","contentUrl":"https:\/\/dev.monti.lt\/wp-content\/uploads\/2022\/03\/KX629069276-3.jpg","width":1600,"height":1600,"caption":"spalvoti cilindrai"},{"@type":"BreadcrumbList","@id":"https:\/\/dev.monti.lt\/product\/spalvoti-montessori-cilindrai\/#breadcrumb","itemListElement":[{"@type":"ListItem","position":1,"name":"Home","item":"https:\/\/dev.monti.lt\/"},{"@type":"ListItem","position":2,"name":"Parduotuv\u0117","item":"https:\/\/dev.monti.lt\/shop\/"},{"@type":"ListItem","position":3,"name":"Spalvoti montessori cilindrai"}]},{"@type":"WebSite","@id":"https:\/\/dev.monti.lt\/#website","url":"https:\/\/dev.monti.lt\/","name":"Montessori \u017eaislai","description":"","publisher":{"@id":"https:\/\/dev.monti.lt\/#organization"},"potentialAction":[{"@type":"SearchAction","target":{"@type":"EntryPoint","urlTemplate":"https:\/\/dev.monti.lt\/?s={search_term_string}"},"query-input":"required name=search_term_string"}],"inLanguage":"en-US"},{"@type":"Organization","@id":"https:\/\/dev.monti.lt\/#organization","name":"Montessori \u017eaislai","url":"https:\/\/dev.monti.lt\/","logo":{"@type":"ImageObject","inLanguage":"en-US","@id":"https:\/\/dev.monti.lt\/#\/schema\/logo\/image\/","url":"https:\/\/dev.monti.lt\/wp-content\/uploads\/2022\/03\/montilogo-1.png","contentUrl":"https:\/\/dev.monti.lt\/wp-content\/uploads\/2022\/03\/montilogo-1.png","width":512,"height":512,"caption":"Montessori \u017eaislai"},"image":{"@id":"https:\/\/dev.monti.lt\/#\/schema\/logo\/image\/"}}]}},"_links":{"self":[{"href":"https:\/\/dev.monti.lt\/en\/wp-json\/wp\/v2\/product\/7590"}],"collection":[{"href":"https:\/\/dev.monti.lt\/en\/wp-json\/wp\/v2\/product"}],"about":[{"href":"https:\/\/dev.monti.lt\/en\/wp-json\/wp\/v2\/types\/product"}],"version-history":[{"count":2,"href":"https:\/\/dev.monti.lt\/en\/wp-json\/wp\/v2\/product\/7590\/revisions"}],"predecessor-version":[{"id":7755,"href":"https:\/\/dev.monti.lt\/en\/wp-json\/wp\/v2\/product\/7590\/revisions\/7755"}],"wp:featuredmedia":[{"embeddable":true,"href":"https:\/\/dev.monti.lt\/en\/wp-json\/wp\/v2\/media\/7591"}],"wp:attachment":[{"href":"https:\/\/dev.monti.lt\/en\/wp-json\/wp\/v2\/media?parent=7590"}],"wp:term":[{"taxonomy":"product_cat","embeddable":true,"href":"https:\/\/dev.monti.lt\/en\/wp-json\/wp\/v2\/product_cat?post=7590"},{"taxonomy":"product_tag","embeddable":true,"href":"https:\/\/dev.monti.lt\/en\/wp-json\/wp\/v2\/product_tag?post=7590"}],"curies":[{"name":"wp","href":"https:\/\/api.w.org\/{rel}","templated":true}]}}