{"id":7571,"date":"2022-03-31T18:52:25","date_gmt":"2022-03-31T18:52:25","guid":{"rendered":"https:\/\/dev.monti.lt\/?post_type=product&#038;p=7571"},"modified":"2024-10-09T07:46:21","modified_gmt":"2024-10-09T07:46:21","slug":"montessori-varztai","status":"publish","type":"product","link":"https:\/\/dev.monti.lt\/en\/product\/montessori-varztai\/","title":{"rendered":"Lavinamieji var\u017etai"},"content":{"rendered":"<p><span data-sheets-value=\"{&quot;1&quot;:2,&quot;2&quot;:&quot;Fantasti\u0161kas var\u017et\u0173 formos spalvot\u0173 kalad\u0117li\u0173 rinkinys .\\nPuikus lavinantis \u017eaislas, kuris leis smagiai praleisti laik\u0105.\\nSmagiausia \u012fsukti var\u017etus \u012f atitinkamas ver\u017eles.Puikus \u017eaislas, teigiamai veikiantis vaiko loginio m\u0105stymo ir smulkiosios motorikos \u012fg\u016bd\u017eius.\\nBe to, \u017eaidimas su kalad\u0117l\u0117mis formuoja ma\u017eylio erdvin\u0119 vaizduot\u0119 ir padeda lavinti aki\u0173-rank\u0173 koordinacij\u0105.\\nNaudinga mokantis spalv\u0173 ir form\u0173 pavadinim\u0173.\\nRy\u0161kios, sodrios spalvos paskatins kiekvien\u0105 ma\u017eyl\u012f \u017eaisti.\\n\\nRinkin\u012f sudaro 30 element\u0173:\\n15 var\u017et\u0173\\n15 var\u017et\u0173 ver\u017eli\u0173\\n\\n1 var\u017eto auk\u0161tis: apie 5,5 cm\\nVar\u017eto dugno skersmuo: 1,5cm -2cm\\nPakuot\u0117: 21cm x 7,5cm x 25cm\\n\\n&quot;}\" data-sheets-userformat=\"{&quot;2&quot;:15231,&quot;3&quot;:{&quot;1&quot;:0},&quot;4&quot;:{&quot;1&quot;:2,&quot;2&quot;:16777215},&quot;5&quot;:{&quot;1&quot;:[{&quot;1&quot;:2,&quot;2&quot;:0,&quot;5&quot;:{&quot;1&quot;:2,&quot;2&quot;:0}},{&quot;1&quot;:0,&quot;2&quot;:0,&quot;3&quot;:3},{&quot;1&quot;:1,&quot;2&quot;:0,&quot;4&quot;:1}]},&quot;6&quot;:{&quot;1&quot;:[{&quot;1&quot;:2,&quot;2&quot;:0,&quot;5&quot;:{&quot;1&quot;:2,&quot;2&quot;:0}},{&quot;1&quot;:0,&quot;2&quot;:0,&quot;3&quot;:3},{&quot;1&quot;:1,&quot;2&quot;:0,&quot;4&quot;:1}]},&quot;7&quot;:{&quot;1&quot;:[{&quot;1&quot;:2,&quot;2&quot;:0,&quot;5&quot;:{&quot;1&quot;:2,&quot;2&quot;:0}},{&quot;1&quot;:0,&quot;2&quot;:0,&quot;3&quot;:3},{&quot;1&quot;:1,&quot;2&quot;:0,&quot;4&quot;:1}]},&quot;8&quot;:{&quot;1&quot;:[{&quot;1&quot;:2,&quot;2&quot;:0,&quot;5&quot;:{&quot;1&quot;:2,&quot;2&quot;:0}},{&quot;1&quot;:0,&quot;2&quot;:0,&quot;3&quot;:3},{&quot;1&quot;:1,&quot;2&quot;:0,&quot;4&quot;:1}]},&quot;9&quot;:0,&quot;11&quot;:4,&quot;12&quot;:0,&quot;14&quot;:{&quot;1&quot;:2,&quot;2&quot;:1842721},&quot;15&quot;:&quot;Arial&quot;,&quot;16&quot;:10}\" data-sheets-formula=\"=VLOOKUP(R[0]C[-6],Aprasymas!R[-95]:R[904],5,0)\">Fantasti\u0161kas var\u017et\u0173 formos spalvot\u0173 kalad\u0117li\u0173 rinkinys .<br \/>\nPuikus lavinantis \u017eaislas, kuris leis smagiai praleisti laik\u0105.<br \/>\nSmagiausia \u012fsukti var\u017etus \u012f atitinkamas ver\u017eles.Puikus \u017eaislas, teigiamai veikiantis vaiko loginio m\u0105stymo ir smulkiosios motorikos \u012fg\u016bd\u017eius.<br \/>\nBe to, \u017eaidimas su kalad\u0117l\u0117mis formuoja ma\u017eylio erdvin\u0119 vaizduot\u0119 ir padeda lavinti aki\u0173-rank\u0173 koordinacij\u0105.<br \/>\nNaudinga mokantis spalv\u0173 ir form\u0173 pavadinim\u0173.<br \/>\nRy\u0161kios, sodrios spalvos paskatins kiekvien\u0105 ma\u017eyl\u012f \u017eaisti.<\/span><\/p>\n<p>Rinkin\u012f sudaro 30 element\u0173:<br \/>\n15 var\u017et\u0173<br \/>\n15 var\u017et\u0173 ver\u017eli\u0173<\/p>\n<p>1 var\u017eto auk\u0161tis: apie 5,5 cm<br \/>\nVar\u017eto dugno skersmuo: 1,5cm -2cm<br \/>\nPakuot\u0117: 21cm x 7,5cm x 25cm<\/p>\n<p>&nbsp;<\/p>","protected":false},"excerpt":{"rendered":"<p><span data-sheets-value=\"{\" data-sheets-userformat=\"{\" data-sheets-formula=\"=VLOOKUP(R[0]C[-6],Aprasymas!R[-95]:R[904],5,0)\">Fantasti\u0161kas var\u017et\u0173 formos spalvot\u0173 kalad\u0117li\u0173 rinkinys .<br \/>\nPuikus lavinantis \u017eaislas, kuris leis smagiai praleisti laik\u0105.<br \/>\nSmagiausia \u012fsukti var\u017etus \u012f atitinkamas ver\u017eles.Puikus \u017eaislas, teigiamai veikiantis vaiko loginio m\u0105stymo ir smulkiosios motorikos \u012fg\u016bd\u017eius.<br \/>\nBe to, \u017eaidimas su kalad\u0117l\u0117mis formuoja ma\u017eylio erdvin\u0119 vaizduot\u0119 ir padeda lavinti aki\u0173-rank\u0173 koordinacij\u0105.<br \/>\nNaudinga mokantis spalv\u0173 ir form\u0173 pavadinim\u0173.<br \/>\nRy\u0161kios, sodrios spalvos paskatins kiekvien\u0105 ma\u017eyl\u012f \u017eaisti.<\/span><\/p>\n<p>Rinkin\u012f sudaro 30 element\u0173:<br \/>\n15 var\u017et\u0173<br \/>\n15 var\u017et\u0173 ver\u017eli\u0173<\/p>\n<p>1 var\u017eto auk\u0161tis: apie 5,5 cm<br \/>\nVar\u017eto dugno skersmuo: 1,5cm -2cm<br \/>\nPakuot\u0117: 21cm x 7,5cm x 25cm<\/p>\n<p>&nbsp;<\/p>","protected":false},"featured_media":7572,"template":"","meta":{"iawp_total_views":182},"product_cat":[218,84,91,86,49,39],"product_tag":[96,97,98],"class_list":{"0":"post-7571","1":"product","2":"type-product","3":"status-publish","4":"has-post-thumbnail","6":"product_cat-darzeliu-grupems","7":"product_cat-lavinamieji-zaislai","8":"product_cat-loginiam-mastymui","9":"product_cat-smulkioji-motorika","10":"product_cat-visi-zaislai","11":"product_cat-zaislai","12":"product_tag-2-m-3-m","13":"product_tag-3-m-4-m","14":"product_tag-5-m-7-m","16":"first","17":"instock","18":"taxable","19":"shipping-taxable","20":"purchasable","21":"product-type-simple"},"yoast_head":"<!-- This site is optimized with the Yoast SEO plugin v23.3 - https:\/\/yoast.com\/wordpress\/plugins\/seo\/ -->\n<title>Lavinamieji var\u017etai - Montessori \u017eaislai<\/title>\n<meta name=\"robots\" content=\"noindex, follow, max-snippet:-1, max-image-preview:large, max-video-preview:-1\" \/>\n<meta property=\"og:locale\" content=\"en_US\" \/>\n<meta property=\"og:type\" content=\"article\" \/>\n<meta property=\"og:title\" content=\"Lavinamieji var\u017etai - Montessori \u017eaislai\" \/>\n<meta property=\"og:description\" content=\"Fantasti\u0161kas var\u017et\u0173 formos spalvot\u0173 kalad\u0117li\u0173 rinkinys . Puikus lavinantis \u017eaislas, kuris leis smagiai praleisti laik\u0105. Smagiausia \u012fsukti var\u017etus \u012f atitinkamas ver\u017eles.Puikus \u017eaislas, teigiamai veikiantis vaiko loginio m\u0105stymo ir smulkiosios motorikos \u012fg\u016bd\u017eius. Be to, \u017eaidimas su kalad\u0117l\u0117mis formuoja ma\u017eylio erdvin\u0119 vaizduot\u0119 ir padeda lavinti aki\u0173-rank\u0173 koordinacij\u0105. Naudinga mokantis spalv\u0173 ir form\u0173 pavadinim\u0173. Ry\u0161kios, sodrios spalvos paskatins kiekvien\u0105 ma\u017eyl\u012f \u017eaisti.  Rinkin\u012f sudaro 30 element\u0173: 15 var\u017et\u0173 15 var\u017et\u0173 ver\u017eli\u0173  1 var\u017eto auk\u0161tis: apie 5,5 cm Var\u017eto dugno skersmuo: 1,5cm -2cm Pakuot\u0117: 21cm x 7,5cm x 25cm  &nbsp;\" \/>\n<meta property=\"og:url\" content=\"https:\/\/dev.monti.lt\/en\/product\/montessori-varztai\/\" \/>\n<meta property=\"og:site_name\" content=\"Montessori \u017eaislai\" \/>\n<meta property=\"article:modified_time\" content=\"2024-10-09T07:46:21+00:00\" \/>\n<meta property=\"og:image\" content=\"https:\/\/dev.monti.lt\/wp-content\/uploads\/2022\/03\/KX742358689.jpg\" \/>\n\t<meta property=\"og:image:width\" content=\"800\" \/>\n\t<meta property=\"og:image:height\" content=\"720\" \/>\n\t<meta property=\"og:image:type\" content=\"image\/jpeg\" \/>\n<meta name=\"twitter:card\" content=\"summary_large_image\" \/>\n<meta name=\"twitter:label1\" content=\"Est. reading time\" \/>\n\t<meta name=\"twitter:data1\" content=\"1 minute\" \/>\n<script type=\"application\/ld+json\" class=\"yoast-schema-graph\">{\"@context\":\"https:\/\/schema.org\",\"@graph\":[{\"@type\":\"WebPage\",\"@id\":\"https:\/\/dev.monti.lt\/product\/montessori-varztai\/\",\"url\":\"https:\/\/dev.monti.lt\/product\/montessori-varztai\/\",\"name\":\"Lavinamieji var\u017etai - Montessori \u017eaislai\",\"isPartOf\":{\"@id\":\"https:\/\/dev.monti.lt\/#website\"},\"primaryImageOfPage\":{\"@id\":\"https:\/\/dev.monti.lt\/product\/montessori-varztai\/#primaryimage\"},\"image\":{\"@id\":\"https:\/\/dev.monti.lt\/product\/montessori-varztai\/#primaryimage\"},\"thumbnailUrl\":\"https:\/\/dev.monti.lt\/wp-content\/uploads\/2022\/03\/KX742358689.jpg\",\"datePublished\":\"2022-03-31T18:52:25+00:00\",\"dateModified\":\"2024-10-09T07:46:21+00:00\",\"breadcrumb\":{\"@id\":\"https:\/\/dev.monti.lt\/product\/montessori-varztai\/#breadcrumb\"},\"inLanguage\":\"en-US\",\"potentialAction\":[{\"@type\":\"ReadAction\",\"target\":[\"https:\/\/dev.monti.lt\/product\/montessori-varztai\/\"]}]},{\"@type\":\"ImageObject\",\"inLanguage\":\"en-US\",\"@id\":\"https:\/\/dev.monti.lt\/product\/montessori-varztai\/#primaryimage\",\"url\":\"https:\/\/dev.monti.lt\/wp-content\/uploads\/2022\/03\/KX742358689.jpg\",\"contentUrl\":\"https:\/\/dev.monti.lt\/wp-content\/uploads\/2022\/03\/KX742358689.jpg\",\"width\":800,\"height\":720,\"caption\":\"lavinamieji var\u017etai\"},{\"@type\":\"BreadcrumbList\",\"@id\":\"https:\/\/dev.monti.lt\/product\/montessori-varztai\/#breadcrumb\",\"itemListElement\":[{\"@type\":\"ListItem\",\"position\":1,\"name\":\"Home\",\"item\":\"https:\/\/dev.monti.lt\/\"},{\"@type\":\"ListItem\",\"position\":2,\"name\":\"Parduotuv\u0117\",\"item\":\"https:\/\/dev.monti.lt\/shop\/\"},{\"@type\":\"ListItem\",\"position\":3,\"name\":\"Lavinamieji var\u017etai\"}]},{\"@type\":\"WebSite\",\"@id\":\"https:\/\/dev.monti.lt\/#website\",\"url\":\"https:\/\/dev.monti.lt\/\",\"name\":\"Montessori \u017eaislai\",\"description\":\"\",\"publisher\":{\"@id\":\"https:\/\/dev.monti.lt\/#organization\"},\"potentialAction\":[{\"@type\":\"SearchAction\",\"target\":{\"@type\":\"EntryPoint\",\"urlTemplate\":\"https:\/\/dev.monti.lt\/?s={search_term_string}\"},\"query-input\":\"required name=search_term_string\"}],\"inLanguage\":\"en-US\"},{\"@type\":\"Organization\",\"@id\":\"https:\/\/dev.monti.lt\/#organization\",\"name\":\"Montessori \u017eaislai\",\"url\":\"https:\/\/dev.monti.lt\/\",\"logo\":{\"@type\":\"ImageObject\",\"inLanguage\":\"en-US\",\"@id\":\"https:\/\/dev.monti.lt\/#\/schema\/logo\/image\/\",\"url\":\"https:\/\/dev.monti.lt\/wp-content\/uploads\/2022\/03\/montilogo-1.png\",\"contentUrl\":\"https:\/\/dev.monti.lt\/wp-content\/uploads\/2022\/03\/montilogo-1.png\",\"width\":512,\"height\":512,\"caption\":\"Montessori \u017eaislai\"},\"image\":{\"@id\":\"https:\/\/dev.monti.lt\/#\/schema\/logo\/image\/\"}}]}<\/script>\n<!-- \/ Yoast SEO plugin. -->","yoast_head_json":{"title":"Lavinamieji var\u017etai - Montessori \u017eaislai","robots":{"index":"noindex","follow":"follow","max-snippet":"max-snippet:-1","max-image-preview":"max-image-preview:large","max-video-preview":"max-video-preview:-1"},"og_locale":"en_US","og_type":"article","og_title":"Lavinamieji var\u017etai - Montessori \u017eaislai","og_description":"Fantasti\u0161kas var\u017et\u0173 formos spalvot\u0173 kalad\u0117li\u0173 rinkinys . Puikus lavinantis \u017eaislas, kuris leis smagiai praleisti laik\u0105. Smagiausia \u012fsukti var\u017etus \u012f atitinkamas ver\u017eles.Puikus \u017eaislas, teigiamai veikiantis vaiko loginio m\u0105stymo ir smulkiosios motorikos \u012fg\u016bd\u017eius. Be to, \u017eaidimas su kalad\u0117l\u0117mis formuoja ma\u017eylio erdvin\u0119 vaizduot\u0119 ir padeda lavinti aki\u0173-rank\u0173 koordinacij\u0105. Naudinga mokantis spalv\u0173 ir form\u0173 pavadinim\u0173. Ry\u0161kios, sodrios spalvos paskatins kiekvien\u0105 ma\u017eyl\u012f \u017eaisti.  Rinkin\u012f sudaro 30 element\u0173: 15 var\u017et\u0173 15 var\u017et\u0173 ver\u017eli\u0173  1 var\u017eto auk\u0161tis: apie 5,5 cm Var\u017eto dugno skersmuo: 1,5cm -2cm Pakuot\u0117: 21cm x 7,5cm x 25cm  &nbsp;","og_url":"https:\/\/dev.monti.lt\/en\/product\/montessori-varztai\/","og_site_name":"Montessori \u017eaislai","article_modified_time":"2024-10-09T07:46:21+00:00","og_image":[{"width":800,"height":720,"url":"https:\/\/dev.monti.lt\/wp-content\/uploads\/2022\/03\/KX742358689.jpg","type":"image\/jpeg"}],"twitter_card":"summary_large_image","twitter_misc":{"Est. reading time":"1 minute"},"schema":{"@context":"https:\/\/schema.org","@graph":[{"@type":"WebPage","@id":"https:\/\/dev.monti.lt\/product\/montessori-varztai\/","url":"https:\/\/dev.monti.lt\/product\/montessori-varztai\/","name":"Lavinamieji var\u017etai - Montessori \u017eaislai","isPartOf":{"@id":"https:\/\/dev.monti.lt\/#website"},"primaryImageOfPage":{"@id":"https:\/\/dev.monti.lt\/product\/montessori-varztai\/#primaryimage"},"image":{"@id":"https:\/\/dev.monti.lt\/product\/montessori-varztai\/#primaryimage"},"thumbnailUrl":"https:\/\/dev.monti.lt\/wp-content\/uploads\/2022\/03\/KX742358689.jpg","datePublished":"2022-03-31T18:52:25+00:00","dateModified":"2024-10-09T07:46:21+00:00","breadcrumb":{"@id":"https:\/\/dev.monti.lt\/product\/montessori-varztai\/#breadcrumb"},"inLanguage":"en-US","potentialAction":[{"@type":"ReadAction","target":["https:\/\/dev.monti.lt\/product\/montessori-varztai\/"]}]},{"@type":"ImageObject","inLanguage":"en-US","@id":"https:\/\/dev.monti.lt\/product\/montessori-varztai\/#primaryimage","url":"https:\/\/dev.monti.lt\/wp-content\/uploads\/2022\/03\/KX742358689.jpg","contentUrl":"https:\/\/dev.monti.lt\/wp-content\/uploads\/2022\/03\/KX742358689.jpg","width":800,"height":720,"caption":"lavinamieji var\u017etai"},{"@type":"BreadcrumbList","@id":"https:\/\/dev.monti.lt\/product\/montessori-varztai\/#breadcrumb","itemListElement":[{"@type":"ListItem","position":1,"name":"Home","item":"https:\/\/dev.monti.lt\/"},{"@type":"ListItem","position":2,"name":"Parduotuv\u0117","item":"https:\/\/dev.monti.lt\/shop\/"},{"@type":"ListItem","position":3,"name":"Lavinamieji var\u017etai"}]},{"@type":"WebSite","@id":"https:\/\/dev.monti.lt\/#website","url":"https:\/\/dev.monti.lt\/","name":"Montessori \u017eaislai","description":"","publisher":{"@id":"https:\/\/dev.monti.lt\/#organization"},"potentialAction":[{"@type":"SearchAction","target":{"@type":"EntryPoint","urlTemplate":"https:\/\/dev.monti.lt\/?s={search_term_string}"},"query-input":"required name=search_term_string"}],"inLanguage":"en-US"},{"@type":"Organization","@id":"https:\/\/dev.monti.lt\/#organization","name":"Montessori \u017eaislai","url":"https:\/\/dev.monti.lt\/","logo":{"@type":"ImageObject","inLanguage":"en-US","@id":"https:\/\/dev.monti.lt\/#\/schema\/logo\/image\/","url":"https:\/\/dev.monti.lt\/wp-content\/uploads\/2022\/03\/montilogo-1.png","contentUrl":"https:\/\/dev.monti.lt\/wp-content\/uploads\/2022\/03\/montilogo-1.png","width":512,"height":512,"caption":"Montessori \u017eaislai"},"image":{"@id":"https:\/\/dev.monti.lt\/#\/schema\/logo\/image\/"}}]}},"_links":{"self":[{"href":"https:\/\/dev.monti.lt\/en\/wp-json\/wp\/v2\/product\/7571"}],"collection":[{"href":"https:\/\/dev.monti.lt\/en\/wp-json\/wp\/v2\/product"}],"about":[{"href":"https:\/\/dev.monti.lt\/en\/wp-json\/wp\/v2\/types\/product"}],"version-history":[{"count":4,"href":"https:\/\/dev.monti.lt\/en\/wp-json\/wp\/v2\/product\/7571\/revisions"}],"predecessor-version":[{"id":14663,"href":"https:\/\/dev.monti.lt\/en\/wp-json\/wp\/v2\/product\/7571\/revisions\/14663"}],"wp:featuredmedia":[{"embeddable":true,"href":"https:\/\/dev.monti.lt\/en\/wp-json\/wp\/v2\/media\/7572"}],"wp:attachment":[{"href":"https:\/\/dev.monti.lt\/en\/wp-json\/wp\/v2\/media?parent=7571"}],"wp:term":[{"taxonomy":"product_cat","embeddable":true,"href":"https:\/\/dev.monti.lt\/en\/wp-json\/wp\/v2\/product_cat?post=7571"},{"taxonomy":"product_tag","embeddable":true,"href":"https:\/\/dev.monti.lt\/en\/wp-json\/wp\/v2\/product_tag?post=7571"}],"curies":[{"name":"wp","href":"https:\/\/api.w.org\/{rel}","templated":true}]}}