{"id":7562,"date":"2022-03-31T18:30:30","date_gmt":"2022-03-31T18:30:30","guid":{"rendered":"https:\/\/dev.monti.lt\/?post_type=product&#038;p=7562"},"modified":"2024-09-12T07:44:01","modified_gmt":"2024-09-12T07:44:01","slug":"montessori-rusiuoklis","status":"publish","type":"product","link":"https:\/\/dev.monti.lt\/en\/product\/montessori-rusiuoklis\/","title":{"rendered":"Montessori r\u016b\u0161iuoklis"},"content":{"rendered":"<p><span data-sheets-value=\"{&quot;1&quot;:2,&quot;2&quot;:&quot;Puiki priemon\u0117 ne tik smagiai paleisti laik\u0105, bet ir pagerinti login\u012f m\u0105stym\u0105, form\u0173 atpa\u017einim\u0105, atmint\u012f ir konsentrecij\u0105, mokytis skai\u010dius, formas, gyv\u016bnus ir kitus kasdien naudojamus objektus. Taip pat \u0161is \u017eaidimas padeda mokytis angl\u0173 kalb\u0105, kadangi kiekvienos kurtel\u0117s nugaroje \u012fvardintas angli\u0161kas pavadinimas. Rinkin\u012f sudaro: Medin\u0117 d\u0117\u017eut\u0117 - d\u0117klas su skyl\u0117mis kortel\u0117ms mesti 8 didel\u0117s lentel\u0117s su 10 paveiksl\u0117li\u0173 kiekvienoje i\u0161 j\u0173 80 ma\u017e\u0173 korteli\u0173 su skirtingais paveiksl\u0117liais Medin\u0117s d\u0117\u017eut\u0117s i\u0161matavimai: 28cm x 10cm x 8cm Ma\u017e\u0173 medini\u0173 korteli\u0173 i\u0161matavimai: 3cm x 3cm Dideli\u0173 medini\u0173 korteli\u0173 i\u0161matavimai: 26 cm x 3 cm&quot;}\" data-sheets-userformat=\"{&quot;2&quot;:15231,&quot;3&quot;:{&quot;1&quot;:0},&quot;4&quot;:{&quot;1&quot;:2,&quot;2&quot;:16777215},&quot;5&quot;:{&quot;1&quot;:[{&quot;1&quot;:2,&quot;2&quot;:0,&quot;5&quot;:{&quot;1&quot;:2,&quot;2&quot;:0}},{&quot;1&quot;:0,&quot;2&quot;:0,&quot;3&quot;:3},{&quot;1&quot;:1,&quot;2&quot;:0,&quot;4&quot;:1}]},&quot;6&quot;:{&quot;1&quot;:[{&quot;1&quot;:2,&quot;2&quot;:0,&quot;5&quot;:{&quot;1&quot;:2,&quot;2&quot;:0}},{&quot;1&quot;:0,&quot;2&quot;:0,&quot;3&quot;:3},{&quot;1&quot;:1,&quot;2&quot;:0,&quot;4&quot;:1}]},&quot;7&quot;:{&quot;1&quot;:[{&quot;1&quot;:2,&quot;2&quot;:0,&quot;5&quot;:{&quot;1&quot;:2,&quot;2&quot;:0}},{&quot;1&quot;:0,&quot;2&quot;:0,&quot;3&quot;:3},{&quot;1&quot;:1,&quot;2&quot;:0,&quot;4&quot;:1}]},&quot;8&quot;:{&quot;1&quot;:[{&quot;1&quot;:2,&quot;2&quot;:0,&quot;5&quot;:{&quot;1&quot;:2,&quot;2&quot;:0}},{&quot;1&quot;:0,&quot;2&quot;:0,&quot;3&quot;:3},{&quot;1&quot;:1,&quot;2&quot;:0,&quot;4&quot;:1}]},&quot;9&quot;:0,&quot;11&quot;:4,&quot;12&quot;:0,&quot;14&quot;:{&quot;1&quot;:2,&quot;2&quot;:1842721},&quot;15&quot;:&quot;Arial&quot;,&quot;16&quot;:10}\" data-sheets-formula=\"=VLOOKUP(R[0]C[-6],Aprasymas!R[-102]:R[897],5,0)\">Puiki priemon\u0117 ne tik smagiai paleisti laik\u0105, bet ir pagerinti login\u012f m\u0105stym\u0105, form\u0173 atpa\u017einim\u0105, atmint\u012f ir konsentrecij\u0105, mokytis skai\u010dius, formas, gyv\u016bnus ir kitus kasdien naudojamus objektus. Taip pat \u0161is \u017eaidimas padeda mokytis angl\u0173 kalb\u0105, kadangi kiekvienos kurtel\u0117s nugaroje \u012fvardintas angli\u0161kas pavadinimas. Rinkin\u012f sudaro: Medin\u0117 d\u0117\u017eut\u0117 &#8211; d\u0117klas su skyl\u0117mis kortel\u0117ms mesti 8 didel\u0117s lentel\u0117s su 10 paveiksl\u0117li\u0173 kiekvienoje i\u0161 j\u0173 80 ma\u017e\u0173 korteli\u0173 su skirtingais paveiksl\u0117liais<\/span><\/p>\n<p><span data-sheets-value=\"{&quot;1&quot;:2,&quot;2&quot;:&quot;Puiki priemon\u0117 ne tik smagiai paleisti laik\u0105, bet ir pagerinti login\u012f m\u0105stym\u0105, form\u0173 atpa\u017einim\u0105, atmint\u012f ir konsentrecij\u0105, mokytis skai\u010dius, formas, gyv\u016bnus ir kitus kasdien naudojamus objektus. Taip pat \u0161is \u017eaidimas padeda mokytis angl\u0173 kalb\u0105, kadangi kiekvienos kurtel\u0117s nugaroje \u012fvardintas angli\u0161kas pavadinimas. Rinkin\u012f sudaro: Medin\u0117 d\u0117\u017eut\u0117 - d\u0117klas su skyl\u0117mis kortel\u0117ms mesti 8 didel\u0117s lentel\u0117s su 10 paveiksl\u0117li\u0173 kiekvienoje i\u0161 j\u0173 80 ma\u017e\u0173 korteli\u0173 su skirtingais paveiksl\u0117liais Medin\u0117s d\u0117\u017eut\u0117s i\u0161matavimai: 28cm x 10cm x 8cm Ma\u017e\u0173 medini\u0173 korteli\u0173 i\u0161matavimai: 3cm x 3cm Dideli\u0173 medini\u0173 korteli\u0173 i\u0161matavimai: 26 cm x 3 cm&quot;}\" data-sheets-userformat=\"{&quot;2&quot;:15231,&quot;3&quot;:{&quot;1&quot;:0},&quot;4&quot;:{&quot;1&quot;:2,&quot;2&quot;:16777215},&quot;5&quot;:{&quot;1&quot;:[{&quot;1&quot;:2,&quot;2&quot;:0,&quot;5&quot;:{&quot;1&quot;:2,&quot;2&quot;:0}},{&quot;1&quot;:0,&quot;2&quot;:0,&quot;3&quot;:3},{&quot;1&quot;:1,&quot;2&quot;:0,&quot;4&quot;:1}]},&quot;6&quot;:{&quot;1&quot;:[{&quot;1&quot;:2,&quot;2&quot;:0,&quot;5&quot;:{&quot;1&quot;:2,&quot;2&quot;:0}},{&quot;1&quot;:0,&quot;2&quot;:0,&quot;3&quot;:3},{&quot;1&quot;:1,&quot;2&quot;:0,&quot;4&quot;:1}]},&quot;7&quot;:{&quot;1&quot;:[{&quot;1&quot;:2,&quot;2&quot;:0,&quot;5&quot;:{&quot;1&quot;:2,&quot;2&quot;:0}},{&quot;1&quot;:0,&quot;2&quot;:0,&quot;3&quot;:3},{&quot;1&quot;:1,&quot;2&quot;:0,&quot;4&quot;:1}]},&quot;8&quot;:{&quot;1&quot;:[{&quot;1&quot;:2,&quot;2&quot;:0,&quot;5&quot;:{&quot;1&quot;:2,&quot;2&quot;:0}},{&quot;1&quot;:0,&quot;2&quot;:0,&quot;3&quot;:3},{&quot;1&quot;:1,&quot;2&quot;:0,&quot;4&quot;:1}]},&quot;9&quot;:0,&quot;11&quot;:4,&quot;12&quot;:0,&quot;14&quot;:{&quot;1&quot;:2,&quot;2&quot;:1842721},&quot;15&quot;:&quot;Arial&quot;,&quot;16&quot;:10}\" data-sheets-formula=\"=VLOOKUP(R[0]C[-6],Aprasymas!R[-102]:R[897],5,0)\"> Medin\u0117s d\u0117\u017eut\u0117s i\u0161matavimai: 28cm x 10cm x 8cm <\/span><\/p>\n<p><span data-sheets-value=\"{&quot;1&quot;:2,&quot;2&quot;:&quot;Puiki priemon\u0117 ne tik smagiai paleisti laik\u0105, bet ir pagerinti login\u012f m\u0105stym\u0105, form\u0173 atpa\u017einim\u0105, atmint\u012f ir konsentrecij\u0105, mokytis skai\u010dius, formas, gyv\u016bnus ir kitus kasdien naudojamus objektus. Taip pat \u0161is \u017eaidimas padeda mokytis angl\u0173 kalb\u0105, kadangi kiekvienos kurtel\u0117s nugaroje \u012fvardintas angli\u0161kas pavadinimas. Rinkin\u012f sudaro: Medin\u0117 d\u0117\u017eut\u0117 - d\u0117klas su skyl\u0117mis kortel\u0117ms mesti 8 didel\u0117s lentel\u0117s su 10 paveiksl\u0117li\u0173 kiekvienoje i\u0161 j\u0173 80 ma\u017e\u0173 korteli\u0173 su skirtingais paveiksl\u0117liais Medin\u0117s d\u0117\u017eut\u0117s i\u0161matavimai: 28cm x 10cm x 8cm Ma\u017e\u0173 medini\u0173 korteli\u0173 i\u0161matavimai: 3cm x 3cm Dideli\u0173 medini\u0173 korteli\u0173 i\u0161matavimai: 26 cm x 3 cm&quot;}\" data-sheets-userformat=\"{&quot;2&quot;:15231,&quot;3&quot;:{&quot;1&quot;:0},&quot;4&quot;:{&quot;1&quot;:2,&quot;2&quot;:16777215},&quot;5&quot;:{&quot;1&quot;:[{&quot;1&quot;:2,&quot;2&quot;:0,&quot;5&quot;:{&quot;1&quot;:2,&quot;2&quot;:0}},{&quot;1&quot;:0,&quot;2&quot;:0,&quot;3&quot;:3},{&quot;1&quot;:1,&quot;2&quot;:0,&quot;4&quot;:1}]},&quot;6&quot;:{&quot;1&quot;:[{&quot;1&quot;:2,&quot;2&quot;:0,&quot;5&quot;:{&quot;1&quot;:2,&quot;2&quot;:0}},{&quot;1&quot;:0,&quot;2&quot;:0,&quot;3&quot;:3},{&quot;1&quot;:1,&quot;2&quot;:0,&quot;4&quot;:1}]},&quot;7&quot;:{&quot;1&quot;:[{&quot;1&quot;:2,&quot;2&quot;:0,&quot;5&quot;:{&quot;1&quot;:2,&quot;2&quot;:0}},{&quot;1&quot;:0,&quot;2&quot;:0,&quot;3&quot;:3},{&quot;1&quot;:1,&quot;2&quot;:0,&quot;4&quot;:1}]},&quot;8&quot;:{&quot;1&quot;:[{&quot;1&quot;:2,&quot;2&quot;:0,&quot;5&quot;:{&quot;1&quot;:2,&quot;2&quot;:0}},{&quot;1&quot;:0,&quot;2&quot;:0,&quot;3&quot;:3},{&quot;1&quot;:1,&quot;2&quot;:0,&quot;4&quot;:1}]},&quot;9&quot;:0,&quot;11&quot;:4,&quot;12&quot;:0,&quot;14&quot;:{&quot;1&quot;:2,&quot;2&quot;:1842721},&quot;15&quot;:&quot;Arial&quot;,&quot;16&quot;:10}\" data-sheets-formula=\"=VLOOKUP(R[0]C[-6],Aprasymas!R[-102]:R[897],5,0)\">Ma\u017e\u0173 medini\u0173 korteli\u0173 i\u0161matavimai: 3cm x 3cm <\/span><\/p>\n<p><span data-sheets-value=\"{&quot;1&quot;:2,&quot;2&quot;:&quot;Puiki priemon\u0117 ne tik smagiai paleisti laik\u0105, bet ir pagerinti login\u012f m\u0105stym\u0105, form\u0173 atpa\u017einim\u0105, atmint\u012f ir konsentrecij\u0105, mokytis skai\u010dius, formas, gyv\u016bnus ir kitus kasdien naudojamus objektus. Taip pat \u0161is \u017eaidimas padeda mokytis angl\u0173 kalb\u0105, kadangi kiekvienos kurtel\u0117s nugaroje \u012fvardintas angli\u0161kas pavadinimas. Rinkin\u012f sudaro: Medin\u0117 d\u0117\u017eut\u0117 - d\u0117klas su skyl\u0117mis kortel\u0117ms mesti 8 didel\u0117s lentel\u0117s su 10 paveiksl\u0117li\u0173 kiekvienoje i\u0161 j\u0173 80 ma\u017e\u0173 korteli\u0173 su skirtingais paveiksl\u0117liais Medin\u0117s d\u0117\u017eut\u0117s i\u0161matavimai: 28cm x 10cm x 8cm Ma\u017e\u0173 medini\u0173 korteli\u0173 i\u0161matavimai: 3cm x 3cm Dideli\u0173 medini\u0173 korteli\u0173 i\u0161matavimai: 26 cm x 3 cm&quot;}\" data-sheets-userformat=\"{&quot;2&quot;:15231,&quot;3&quot;:{&quot;1&quot;:0},&quot;4&quot;:{&quot;1&quot;:2,&quot;2&quot;:16777215},&quot;5&quot;:{&quot;1&quot;:[{&quot;1&quot;:2,&quot;2&quot;:0,&quot;5&quot;:{&quot;1&quot;:2,&quot;2&quot;:0}},{&quot;1&quot;:0,&quot;2&quot;:0,&quot;3&quot;:3},{&quot;1&quot;:1,&quot;2&quot;:0,&quot;4&quot;:1}]},&quot;6&quot;:{&quot;1&quot;:[{&quot;1&quot;:2,&quot;2&quot;:0,&quot;5&quot;:{&quot;1&quot;:2,&quot;2&quot;:0}},{&quot;1&quot;:0,&quot;2&quot;:0,&quot;3&quot;:3},{&quot;1&quot;:1,&quot;2&quot;:0,&quot;4&quot;:1}]},&quot;7&quot;:{&quot;1&quot;:[{&quot;1&quot;:2,&quot;2&quot;:0,&quot;5&quot;:{&quot;1&quot;:2,&quot;2&quot;:0}},{&quot;1&quot;:0,&quot;2&quot;:0,&quot;3&quot;:3},{&quot;1&quot;:1,&quot;2&quot;:0,&quot;4&quot;:1}]},&quot;8&quot;:{&quot;1&quot;:[{&quot;1&quot;:2,&quot;2&quot;:0,&quot;5&quot;:{&quot;1&quot;:2,&quot;2&quot;:0}},{&quot;1&quot;:0,&quot;2&quot;:0,&quot;3&quot;:3},{&quot;1&quot;:1,&quot;2&quot;:0,&quot;4&quot;:1}]},&quot;9&quot;:0,&quot;11&quot;:4,&quot;12&quot;:0,&quot;14&quot;:{&quot;1&quot;:2,&quot;2&quot;:1842721},&quot;15&quot;:&quot;Arial&quot;,&quot;16&quot;:10}\" data-sheets-formula=\"=VLOOKUP(R[0]C[-6],Aprasymas!R[-102]:R[897],5,0)\">Dideli\u0173 medini\u0173 korteli\u0173 i\u0161matavimai: 26 cm x 3 cm<\/span><\/p>","protected":false},"excerpt":{"rendered":"<p>Puiki priemon\u0117 ne tik smagiai paleisti laik\u0105, bet ir pagerinti login\u012f m\u0105stym\u0105, form\u0173 atpa\u017einim\u0105, atmint\u012f ir konsentrecij\u0105, mokytis skai\u010dius, formas, gyv\u016bnus ir kitus kasdien naudojamus objektus. Taip pat \u0161is \u017eaidimas padeda mokytis angl\u0173 kalb\u0105, kadangi kiekvienos kurtel\u0117s nugaroje \u012fvardintas angli\u0161kas pavadinimas. Rinkin\u012f sudaro: Medin\u0117 d\u0117\u017eut\u0117 &#8211; d\u0117klas su skyl\u0117mis kortel\u0117ms mesti 8 didel\u0117s lentel\u0117s su [&hellip;]<\/p>","protected":false},"featured_media":7553,"template":"","meta":{"iawp_total_views":152},"product_cat":[208,194,195,216,191,192,84,91,210,102,88,83,86,50,199,49,39],"product_tag":[95,96,97],"class_list":{"0":"post-7562","1":"product","2":"type-product","3":"status-publish","4":"has-post-thumbnail","6":"product_cat-deliones-2","7":"product_cat-dovanos-vaikams-2-3-metu","8":"product_cat-dovanos-vaikams-3-4-metu","9":"product_cat-dovanos-4-5-metu-vaikams","10":"product_cat-dovanos-vaikams","11":"product_cat-kaledines-dovanos-vaikams","12":"product_cat-lavinamieji-zaislai","13":"product_cat-loginiam-mastymui","14":"product_cat-medines-deliones","15":"product_cat-mediniai-zaislai","16":"product_cat-mokausi-zaisti","17":"product_cat-montessori-zaislai","18":"product_cat-smulkioji-motorika","19":"product_cat-top-dovanos","20":"product_cat-ugdymo-istaigoms","21":"product_cat-visi-zaislai","22":"product_cat-zaislai","23":"product_tag-1-m-2-m","24":"product_tag-2-m-3-m","25":"product_tag-3-m-4-m","27":"first","28":"instock","29":"sale","30":"taxable","31":"shipping-taxable","32":"purchasable","33":"product-type-simple"},"yoast_head":"<!-- This site is optimized with the Yoast SEO plugin v23.3 - https:\/\/yoast.com\/wordpress\/plugins\/seo\/ -->\n<title>Montessori r\u016b\u0161iuoklis - Montessori \u017eaislai<\/title>\n<meta name=\"robots\" content=\"noindex, follow, max-snippet:-1, max-image-preview:large, max-video-preview:-1\" \/>\n<meta property=\"og:locale\" content=\"en_US\" \/>\n<meta property=\"og:type\" content=\"article\" \/>\n<meta property=\"og:title\" content=\"Montessori r\u016b\u0161iuoklis - Montessori \u017eaislai\" \/>\n<meta property=\"og:description\" content=\"Puiki priemon\u0117 ne tik smagiai paleisti laik\u0105, bet ir pagerinti login\u012f m\u0105stym\u0105, form\u0173 atpa\u017einim\u0105, atmint\u012f ir konsentrecij\u0105, mokytis skai\u010dius, formas, gyv\u016bnus ir kitus kasdien naudojamus objektus. Taip pat \u0161is \u017eaidimas padeda mokytis angl\u0173 kalb\u0105, kadangi kiekvienos kurtel\u0117s nugaroje \u012fvardintas angli\u0161kas pavadinimas. Rinkin\u012f sudaro: Medin\u0117 d\u0117\u017eut\u0117 &#8211; d\u0117klas su skyl\u0117mis kortel\u0117ms mesti 8 didel\u0117s lentel\u0117s su [&hellip;]\" \/>\n<meta property=\"og:url\" content=\"https:\/\/dev.monti.lt\/en\/product\/montessori-rusiuoklis\/\" \/>\n<meta property=\"og:site_name\" content=\"Montessori \u017eaislai\" \/>\n<meta property=\"article:modified_time\" content=\"2024-09-12T07:44:01+00:00\" \/>\n<meta property=\"og:image\" content=\"https:\/\/dev.monti.lt\/wp-content\/uploads\/2022\/03\/KX621367141-2.jpg\" \/>\n\t<meta property=\"og:image:width\" content=\"1600\" \/>\n\t<meta property=\"og:image:height\" content=\"1200\" \/>\n\t<meta property=\"og:image:type\" content=\"image\/jpeg\" \/>\n<meta name=\"twitter:card\" content=\"summary_large_image\" \/>\n<meta name=\"twitter:label1\" content=\"Est. reading time\" \/>\n\t<meta name=\"twitter:data1\" content=\"1 minute\" \/>\n<script type=\"application\/ld+json\" class=\"yoast-schema-graph\">{\"@context\":\"https:\/\/schema.org\",\"@graph\":[{\"@type\":\"WebPage\",\"@id\":\"https:\/\/dev.monti.lt\/product\/montessori-rusiuoklis\/\",\"url\":\"https:\/\/dev.monti.lt\/product\/montessori-rusiuoklis\/\",\"name\":\"Montessori r\u016b\u0161iuoklis - Montessori \u017eaislai\",\"isPartOf\":{\"@id\":\"https:\/\/dev.monti.lt\/#website\"},\"primaryImageOfPage\":{\"@id\":\"https:\/\/dev.monti.lt\/product\/montessori-rusiuoklis\/#primaryimage\"},\"image\":{\"@id\":\"https:\/\/dev.monti.lt\/product\/montessori-rusiuoklis\/#primaryimage\"},\"thumbnailUrl\":\"https:\/\/dev.monti.lt\/wp-content\/uploads\/2022\/03\/KX621367141-2.jpg\",\"datePublished\":\"2022-03-31T18:30:30+00:00\",\"dateModified\":\"2024-09-12T07:44:01+00:00\",\"breadcrumb\":{\"@id\":\"https:\/\/dev.monti.lt\/product\/montessori-rusiuoklis\/#breadcrumb\"},\"inLanguage\":\"en-US\",\"potentialAction\":[{\"@type\":\"ReadAction\",\"target\":[\"https:\/\/dev.monti.lt\/product\/montessori-rusiuoklis\/\"]}]},{\"@type\":\"ImageObject\",\"inLanguage\":\"en-US\",\"@id\":\"https:\/\/dev.monti.lt\/product\/montessori-rusiuoklis\/#primaryimage\",\"url\":\"https:\/\/dev.monti.lt\/wp-content\/uploads\/2022\/03\/KX621367141-2.jpg\",\"contentUrl\":\"https:\/\/dev.monti.lt\/wp-content\/uploads\/2022\/03\/KX621367141-2.jpg\",\"width\":1600,\"height\":1200,\"caption\":\"korteli\u0173 \u017eaidimas; lavinamasis \u017eaidimas\"},{\"@type\":\"BreadcrumbList\",\"@id\":\"https:\/\/dev.monti.lt\/product\/montessori-rusiuoklis\/#breadcrumb\",\"itemListElement\":[{\"@type\":\"ListItem\",\"position\":1,\"name\":\"Home\",\"item\":\"https:\/\/dev.monti.lt\/\"},{\"@type\":\"ListItem\",\"position\":2,\"name\":\"Parduotuv\u0117\",\"item\":\"https:\/\/dev.monti.lt\/shop\/\"},{\"@type\":\"ListItem\",\"position\":3,\"name\":\"Montessori r\u016b\u0161iuoklis\"}]},{\"@type\":\"WebSite\",\"@id\":\"https:\/\/dev.monti.lt\/#website\",\"url\":\"https:\/\/dev.monti.lt\/\",\"name\":\"Montessori \u017eaislai\",\"description\":\"\",\"publisher\":{\"@id\":\"https:\/\/dev.monti.lt\/#organization\"},\"potentialAction\":[{\"@type\":\"SearchAction\",\"target\":{\"@type\":\"EntryPoint\",\"urlTemplate\":\"https:\/\/dev.monti.lt\/?s={search_term_string}\"},\"query-input\":\"required name=search_term_string\"}],\"inLanguage\":\"en-US\"},{\"@type\":\"Organization\",\"@id\":\"https:\/\/dev.monti.lt\/#organization\",\"name\":\"Montessori \u017eaislai\",\"url\":\"https:\/\/dev.monti.lt\/\",\"logo\":{\"@type\":\"ImageObject\",\"inLanguage\":\"en-US\",\"@id\":\"https:\/\/dev.monti.lt\/#\/schema\/logo\/image\/\",\"url\":\"https:\/\/dev.monti.lt\/wp-content\/uploads\/2022\/03\/montilogo-1.png\",\"contentUrl\":\"https:\/\/dev.monti.lt\/wp-content\/uploads\/2022\/03\/montilogo-1.png\",\"width\":512,\"height\":512,\"caption\":\"Montessori \u017eaislai\"},\"image\":{\"@id\":\"https:\/\/dev.monti.lt\/#\/schema\/logo\/image\/\"}}]}<\/script>\n<!-- \/ Yoast SEO plugin. -->","yoast_head_json":{"title":"Montessori r\u016b\u0161iuoklis - Montessori \u017eaislai","robots":{"index":"noindex","follow":"follow","max-snippet":"max-snippet:-1","max-image-preview":"max-image-preview:large","max-video-preview":"max-video-preview:-1"},"og_locale":"en_US","og_type":"article","og_title":"Montessori r\u016b\u0161iuoklis - Montessori \u017eaislai","og_description":"Puiki priemon\u0117 ne tik smagiai paleisti laik\u0105, bet ir pagerinti login\u012f m\u0105stym\u0105, form\u0173 atpa\u017einim\u0105, atmint\u012f ir konsentrecij\u0105, mokytis skai\u010dius, formas, gyv\u016bnus ir kitus kasdien naudojamus objektus. Taip pat \u0161is \u017eaidimas padeda mokytis angl\u0173 kalb\u0105, kadangi kiekvienos kurtel\u0117s nugaroje \u012fvardintas angli\u0161kas pavadinimas. Rinkin\u012f sudaro: Medin\u0117 d\u0117\u017eut\u0117 &#8211; d\u0117klas su skyl\u0117mis kortel\u0117ms mesti 8 didel\u0117s lentel\u0117s su [&hellip;]","og_url":"https:\/\/dev.monti.lt\/en\/product\/montessori-rusiuoklis\/","og_site_name":"Montessori \u017eaislai","article_modified_time":"2024-09-12T07:44:01+00:00","og_image":[{"width":1600,"height":1200,"url":"https:\/\/dev.monti.lt\/wp-content\/uploads\/2022\/03\/KX621367141-2.jpg","type":"image\/jpeg"}],"twitter_card":"summary_large_image","twitter_misc":{"Est. reading time":"1 minute"},"schema":{"@context":"https:\/\/schema.org","@graph":[{"@type":"WebPage","@id":"https:\/\/dev.monti.lt\/product\/montessori-rusiuoklis\/","url":"https:\/\/dev.monti.lt\/product\/montessori-rusiuoklis\/","name":"Montessori r\u016b\u0161iuoklis - Montessori \u017eaislai","isPartOf":{"@id":"https:\/\/dev.monti.lt\/#website"},"primaryImageOfPage":{"@id":"https:\/\/dev.monti.lt\/product\/montessori-rusiuoklis\/#primaryimage"},"image":{"@id":"https:\/\/dev.monti.lt\/product\/montessori-rusiuoklis\/#primaryimage"},"thumbnailUrl":"https:\/\/dev.monti.lt\/wp-content\/uploads\/2022\/03\/KX621367141-2.jpg","datePublished":"2022-03-31T18:30:30+00:00","dateModified":"2024-09-12T07:44:01+00:00","breadcrumb":{"@id":"https:\/\/dev.monti.lt\/product\/montessori-rusiuoklis\/#breadcrumb"},"inLanguage":"en-US","potentialAction":[{"@type":"ReadAction","target":["https:\/\/dev.monti.lt\/product\/montessori-rusiuoklis\/"]}]},{"@type":"ImageObject","inLanguage":"en-US","@id":"https:\/\/dev.monti.lt\/product\/montessori-rusiuoklis\/#primaryimage","url":"https:\/\/dev.monti.lt\/wp-content\/uploads\/2022\/03\/KX621367141-2.jpg","contentUrl":"https:\/\/dev.monti.lt\/wp-content\/uploads\/2022\/03\/KX621367141-2.jpg","width":1600,"height":1200,"caption":"korteli\u0173 \u017eaidimas; lavinamasis \u017eaidimas"},{"@type":"BreadcrumbList","@id":"https:\/\/dev.monti.lt\/product\/montessori-rusiuoklis\/#breadcrumb","itemListElement":[{"@type":"ListItem","position":1,"name":"Home","item":"https:\/\/dev.monti.lt\/"},{"@type":"ListItem","position":2,"name":"Parduotuv\u0117","item":"https:\/\/dev.monti.lt\/shop\/"},{"@type":"ListItem","position":3,"name":"Montessori r\u016b\u0161iuoklis"}]},{"@type":"WebSite","@id":"https:\/\/dev.monti.lt\/#website","url":"https:\/\/dev.monti.lt\/","name":"Montessori \u017eaislai","description":"","publisher":{"@id":"https:\/\/dev.monti.lt\/#organization"},"potentialAction":[{"@type":"SearchAction","target":{"@type":"EntryPoint","urlTemplate":"https:\/\/dev.monti.lt\/?s={search_term_string}"},"query-input":"required name=search_term_string"}],"inLanguage":"en-US"},{"@type":"Organization","@id":"https:\/\/dev.monti.lt\/#organization","name":"Montessori \u017eaislai","url":"https:\/\/dev.monti.lt\/","logo":{"@type":"ImageObject","inLanguage":"en-US","@id":"https:\/\/dev.monti.lt\/#\/schema\/logo\/image\/","url":"https:\/\/dev.monti.lt\/wp-content\/uploads\/2022\/03\/montilogo-1.png","contentUrl":"https:\/\/dev.monti.lt\/wp-content\/uploads\/2022\/03\/montilogo-1.png","width":512,"height":512,"caption":"Montessori \u017eaislai"},"image":{"@id":"https:\/\/dev.monti.lt\/#\/schema\/logo\/image\/"}}]}},"_links":{"self":[{"href":"https:\/\/dev.monti.lt\/en\/wp-json\/wp\/v2\/product\/7562"}],"collection":[{"href":"https:\/\/dev.monti.lt\/en\/wp-json\/wp\/v2\/product"}],"about":[{"href":"https:\/\/dev.monti.lt\/en\/wp-json\/wp\/v2\/types\/product"}],"version-history":[{"count":2,"href":"https:\/\/dev.monti.lt\/en\/wp-json\/wp\/v2\/product\/7562\/revisions"}],"predecessor-version":[{"id":9860,"href":"https:\/\/dev.monti.lt\/en\/wp-json\/wp\/v2\/product\/7562\/revisions\/9860"}],"wp:featuredmedia":[{"embeddable":true,"href":"https:\/\/dev.monti.lt\/en\/wp-json\/wp\/v2\/media\/7553"}],"wp:attachment":[{"href":"https:\/\/dev.monti.lt\/en\/wp-json\/wp\/v2\/media?parent=7562"}],"wp:term":[{"taxonomy":"product_cat","embeddable":true,"href":"https:\/\/dev.monti.lt\/en\/wp-json\/wp\/v2\/product_cat?post=7562"},{"taxonomy":"product_tag","embeddable":true,"href":"https:\/\/dev.monti.lt\/en\/wp-json\/wp\/v2\/product_tag?post=7562"}],"curies":[{"name":"wp","href":"https:\/\/api.w.org\/{rel}","templated":true}]}}