{"id":7545,"date":"2022-03-31T18:26:40","date_gmt":"2022-03-31T18:26:40","guid":{"rendered":"https:\/\/dev.monti.lt\/?post_type=product&#038;p=7545"},"modified":"2024-10-07T09:37:36","modified_gmt":"2024-10-07T09:37:36","slug":"konstruktorius-181-elementas","status":"publish","type":"product","link":"https:\/\/dev.monti.lt\/en\/product\/konstruktorius-181-elementas\/","title":{"rendered":"Konstruktorius 181 elementas"},"content":{"rendered":"<p><span data-sheets-value=\"{&quot;1&quot;:2,&quot;2&quot;:&quot;\\&quot;Fantasti\u0161ka d\u0117lion\u0117, kuri patiks kiekvienam ma\u017eajam \u201epasidaryk pats\u201c entuziastui.\\n\u017daidimo esm\u0117 yra skirting\u0173 spalv\u0173 var\u017et\u0173 \u012fsukimas \u012f lent\u0105 atsuktuvu arba dr\u0117le, sukuriant \u012fvairias formas.\\nJ\u016bs\u0173 vaikas jausis kaip tikras meistras.\\n\\n\u017daidimas su kalad\u0117l\u0117mis \u2013 puikus nuotykis, u\u017eimantis ma\u017eyl\u012f ilgam.\\n\\nGalimyb\u0117 sukurti unikali\u0105 strukt\u016br\u0105 j\u016bs\u0173 vaikui suteiks daug pasitenkinimo ir d\u017eiaugsmo.\\n\\nDr\u0117l\u0117 veikia su baterija (nepridedama)\\nKomplekto turinys:\\n\\nLagaminas\\nLenta var\u017etams \u012fsukti\\n\u012evairi\u0173 form\u0173 kalad\u0117li\u0173 rinkinys\\nSpalvoti var\u017etai\\nAtsuktuvas\\nDr\u0117l\u0117\\nKnygel\u0117 su pavyzd\u017eiais\\n\\nTechniniai duomenys:\\n\\nElement\u0173 skai\u010dius: 181 vnt.\\n\\nPakuot\u0117s i\u0161matavimai: 31cm x 7cm x 25cm\\n\\nLagamino i\u0161matavimai : 30cm x 24cm x 5,5cm\\n\\nPaveiksl\u0173 i\u0161d\u0117stymo lenta: 30 cm x 19,5 cm\\n\\nAtsuktuvas: 14cm x 11,5cm\\n\\nAtsuktuvo galia: 2x AA 1,5V baterijos (nepridedama)\\n\\nMed\u017eiaga: Plastikas\\&quot;&quot;}\" data-sheets-userformat=\"{&quot;2&quot;:15231,&quot;3&quot;:{&quot;1&quot;:0},&quot;4&quot;:{&quot;1&quot;:2,&quot;2&quot;:16777215},&quot;5&quot;:{&quot;1&quot;:[{&quot;1&quot;:2,&quot;2&quot;:0,&quot;5&quot;:{&quot;1&quot;:2,&quot;2&quot;:0}},{&quot;1&quot;:0,&quot;2&quot;:0,&quot;3&quot;:3},{&quot;1&quot;:1,&quot;2&quot;:0,&quot;4&quot;:1}]},&quot;6&quot;:{&quot;1&quot;:[{&quot;1&quot;:2,&quot;2&quot;:0,&quot;5&quot;:{&quot;1&quot;:2,&quot;2&quot;:0}},{&quot;1&quot;:0,&quot;2&quot;:0,&quot;3&quot;:3},{&quot;1&quot;:1,&quot;2&quot;:0,&quot;4&quot;:1}]},&quot;7&quot;:{&quot;1&quot;:[{&quot;1&quot;:2,&quot;2&quot;:0,&quot;5&quot;:{&quot;1&quot;:2,&quot;2&quot;:0}},{&quot;1&quot;:0,&quot;2&quot;:0,&quot;3&quot;:3},{&quot;1&quot;:1,&quot;2&quot;:0,&quot;4&quot;:1}]},&quot;8&quot;:{&quot;1&quot;:[{&quot;1&quot;:2,&quot;2&quot;:0,&quot;5&quot;:{&quot;1&quot;:2,&quot;2&quot;:0}},{&quot;1&quot;:0,&quot;2&quot;:0,&quot;3&quot;:3},{&quot;1&quot;:1,&quot;2&quot;:0,&quot;4&quot;:1}]},&quot;9&quot;:0,&quot;11&quot;:4,&quot;12&quot;:0,&quot;14&quot;:{&quot;1&quot;:2,&quot;2&quot;:1842721},&quot;15&quot;:&quot;Arial&quot;,&quot;16&quot;:10}\" data-sheets-formula=\"=VLOOKUP(R[0]C[-6],Aprasymas!R[-102]:R[897],5,0)\">&#8220;Fantasti\u0161ka d\u0117lion\u0117, kuri patiks kiekvienam ma\u017eajam \u201epasidaryk pats\u201c entuziastui.<br \/>\n\u017daidimo esm\u0117 yra skirting\u0173 spalv\u0173 var\u017et\u0173 \u012fsukimas \u012f lent\u0105 atsuktuvu arba dr\u0117le, sukuriant \u012fvairias formas.<br \/>\nJ\u016bs\u0173 vaikas jausis kaip tikras meistras.<\/span><\/p>\n<p>\u017daidimas su kalad\u0117l\u0117mis \u2013 puikus nuotykis, u\u017eimantis ma\u017eyl\u012f ilgam.<\/p>\n<p>Galimyb\u0117 sukurti unikali\u0105 strukt\u016br\u0105 j\u016bs\u0173 vaikui suteiks daug pasitenkinimo ir d\u017eiaugsmo.<\/p>\n<p>Dr\u0117l\u0117 veikia su baterija (nepridedama)<br \/>\nKomplekto turinys:<\/p>\n<p>Lagaminas<br \/>\nLenta var\u017etams \u012fsukti<br \/>\n\u012evairi\u0173 form\u0173 kalad\u0117li\u0173 rinkinys<br \/>\nSpalvoti var\u017etai<br \/>\nAtsuktuvas<br \/>\nDr\u0117l\u0117<br \/>\nKnygel\u0117 su pavyzd\u017eiais<\/p>\n<p>Techniniai duomenys:<\/p>\n<p>Element\u0173 skai\u010dius: 181 vnt.<\/p>\n<p>Pakuot\u0117s i\u0161matavimai: 31cm x 7cm x 25cm<\/p>\n<p>Lagamino i\u0161matavimai : 30cm x 24cm x 5,5cm<\/p>\n<p>Paveiksl\u0173 i\u0161d\u0117stymo lenta: 30 cm x 19,5 cm<\/p>\n<p>Atsuktuvas: 14cm x 11,5cm<\/p>\n<p>Atsuktuvo galia: 2x AA 1,5V baterijos (nepridedama)<\/p>\n<p>Med\u017eiaga: Plastikas&#8221;<\/p>","protected":false},"excerpt":{"rendered":"<p><span data-sheets-value=\"{\" data-sheets-userformat=\"{\" data-sheets-formula=\"=VLOOKUP(R[0]C[-6],Aprasymas!R[-102]:R[897],5,0)\">Fantasti\u0161ka d\u0117lion\u0117, kuri patiks kiekvienam ma\u017eajam \u201epasidaryk pats\u201c entuziastui.<br \/>\n\u017daidimo esm\u0117 yra skirting\u0173 spalv\u0173 var\u017et\u0173 \u012fsukimas \u012f lent\u0105 atsuktuvu arba dr\u0117le, sukuriant \u012fvairias formas.<br \/>\nJ\u016bs\u0173 vaikas jausis kaip tikras meistras.<\/span><\/p>\n<p>\u017daidimas su kalad\u0117l\u0117mis \u2013 puikus nuotykis, u\u017eimantis ma\u017eyl\u012f ilgam.<\/p>\n<p>Galimyb\u0117 sukurti unikali\u0105 strukt\u016br\u0105 j\u016bs\u0173 vaikui suteiks daug pasitenkinimo ir d\u017eiaugsmo.<\/p>\n<p>Dr\u0117l\u0117 veikia su baterija (nepridedama)<br \/>\nKomplekto turinys:<\/p>\n<p>Lagaminas<br \/>\nLenta var\u017etams \u012fsukti<br \/>\n\u012evairi\u0173 form\u0173 kalad\u0117li\u0173 rinkinys<br \/>\nSpalvoti var\u017etai<br \/>\nAtsuktuvas<br \/>\nDr\u0117l\u0117<br \/>\nKnygel\u0117 su pavyzd\u017eiais<\/p>","protected":false},"featured_media":7548,"template":"","meta":{"iawp_total_views":178},"product_cat":[92,197,82,87,84,91,86,202,49,39,215],"product_tag":[96,97,98],"class_list":{"0":"post-7545","1":"product","2":"type-product","3":"status-publish","4":"has-post-thumbnail","6":"product_cat-deliones","7":"product_cat-dovanos-berniukams","8":"product_cat-ispardavimas","9":"product_cat-kurybiniai-rinkiniai","10":"product_cat-lavinamieji-zaislai","11":"product_cat-loginiam-mastymui","12":"product_cat-smulkioji-motorika","13":"product_cat-vaaikiski-konstruktoriai","14":"product_cat-visi-zaislai","15":"product_cat-zaislai","16":"product_cat-zaislai-berniukams","17":"product_tag-2-m-3-m","18":"product_tag-3-m-4-m","19":"product_tag-5-m-7-m","21":"first","22":"instock","23":"sale","24":"taxable","25":"shipping-taxable","26":"purchasable","27":"product-type-simple"},"yoast_head":"<!-- This site is optimized with the Yoast SEO plugin v23.3 - https:\/\/yoast.com\/wordpress\/plugins\/seo\/ -->\n<title>Konstruktorius 181 elementas - Montessori \u017eaislai<\/title>\n<meta name=\"robots\" content=\"noindex, follow, max-snippet:-1, max-image-preview:large, max-video-preview:-1\" \/>\n<meta property=\"og:locale\" content=\"en_US\" \/>\n<meta property=\"og:type\" content=\"article\" \/>\n<meta property=\"og:title\" content=\"Konstruktorius 181 elementas - Montessori \u017eaislai\" \/>\n<meta property=\"og:description\" content=\"Fantasti\u0161ka d\u0117lion\u0117, kuri patiks kiekvienam ma\u017eajam \u201epasidaryk pats\u201c entuziastui. \u017daidimo esm\u0117 yra skirting\u0173 spalv\u0173 var\u017et\u0173 \u012fsukimas \u012f lent\u0105 atsuktuvu arba dr\u0117le, sukuriant \u012fvairias formas. J\u016bs\u0173 vaikas jausis kaip tikras meistras.  \u017daidimas su kalad\u0117l\u0117mis \u2013 puikus nuotykis, u\u017eimantis ma\u017eyl\u012f ilgam.  Galimyb\u0117 sukurti unikali\u0105 strukt\u016br\u0105 j\u016bs\u0173 vaikui suteiks daug pasitenkinimo ir d\u017eiaugsmo.  Dr\u0117l\u0117 veikia su baterija (nepridedama) Komplekto turinys:  Lagaminas Lenta var\u017etams \u012fsukti \u012evairi\u0173 form\u0173 kalad\u0117li\u0173 rinkinys Spalvoti var\u017etai Atsuktuvas Dr\u0117l\u0117 Knygel\u0117 su pavyzd\u017eiais\" \/>\n<meta property=\"og:url\" content=\"https:\/\/dev.monti.lt\/en\/product\/konstruktorius-181-elementas\/\" \/>\n<meta property=\"og:site_name\" content=\"Montessori \u017eaislai\" \/>\n<meta property=\"article:modified_time\" content=\"2024-10-07T09:37:36+00:00\" \/>\n<meta property=\"og:image\" content=\"https:\/\/dev.monti.lt\/wp-content\/uploads\/2022\/03\/KX7838_273738-2.jpg\" \/>\n\t<meta property=\"og:image:width\" content=\"1600\" \/>\n\t<meta property=\"og:image:height\" content=\"1200\" \/>\n\t<meta property=\"og:image:type\" content=\"image\/jpeg\" \/>\n<meta name=\"twitter:card\" content=\"summary_large_image\" \/>\n<meta name=\"twitter:label1\" content=\"Est. reading time\" \/>\n\t<meta name=\"twitter:data1\" content=\"1 minute\" \/>\n<script type=\"application\/ld+json\" class=\"yoast-schema-graph\">{\"@context\":\"https:\/\/schema.org\",\"@graph\":[{\"@type\":\"WebPage\",\"@id\":\"https:\/\/dev.monti.lt\/product\/konstruktorius-181-elementas\/\",\"url\":\"https:\/\/dev.monti.lt\/product\/konstruktorius-181-elementas\/\",\"name\":\"Konstruktorius 181 elementas - Montessori \u017eaislai\",\"isPartOf\":{\"@id\":\"https:\/\/dev.monti.lt\/#website\"},\"primaryImageOfPage\":{\"@id\":\"https:\/\/dev.monti.lt\/product\/konstruktorius-181-elementas\/#primaryimage\"},\"image\":{\"@id\":\"https:\/\/dev.monti.lt\/product\/konstruktorius-181-elementas\/#primaryimage\"},\"thumbnailUrl\":\"https:\/\/dev.monti.lt\/wp-content\/uploads\/2022\/03\/KX7838_273738-2.jpg\",\"datePublished\":\"2022-03-31T18:26:40+00:00\",\"dateModified\":\"2024-10-07T09:37:36+00:00\",\"breadcrumb\":{\"@id\":\"https:\/\/dev.monti.lt\/product\/konstruktorius-181-elementas\/#breadcrumb\"},\"inLanguage\":\"en-US\",\"potentialAction\":[{\"@type\":\"ReadAction\",\"target\":[\"https:\/\/dev.monti.lt\/product\/konstruktorius-181-elementas\/\"]}]},{\"@type\":\"ImageObject\",\"inLanguage\":\"en-US\",\"@id\":\"https:\/\/dev.monti.lt\/product\/konstruktorius-181-elementas\/#primaryimage\",\"url\":\"https:\/\/dev.monti.lt\/wp-content\/uploads\/2022\/03\/KX7838_273738-2.jpg\",\"contentUrl\":\"https:\/\/dev.monti.lt\/wp-content\/uploads\/2022\/03\/KX7838_273738-2.jpg\",\"width\":1600,\"height\":1200,\"caption\":\"lavinamieji \u017eaislai smulkioji motorika\"},{\"@type\":\"BreadcrumbList\",\"@id\":\"https:\/\/dev.monti.lt\/product\/konstruktorius-181-elementas\/#breadcrumb\",\"itemListElement\":[{\"@type\":\"ListItem\",\"position\":1,\"name\":\"Home\",\"item\":\"https:\/\/dev.monti.lt\/\"},{\"@type\":\"ListItem\",\"position\":2,\"name\":\"Parduotuv\u0117\",\"item\":\"https:\/\/dev.monti.lt\/shop\/\"},{\"@type\":\"ListItem\",\"position\":3,\"name\":\"Konstruktorius 181 elementas\"}]},{\"@type\":\"WebSite\",\"@id\":\"https:\/\/dev.monti.lt\/#website\",\"url\":\"https:\/\/dev.monti.lt\/\",\"name\":\"Montessori \u017eaislai\",\"description\":\"\",\"publisher\":{\"@id\":\"https:\/\/dev.monti.lt\/#organization\"},\"potentialAction\":[{\"@type\":\"SearchAction\",\"target\":{\"@type\":\"EntryPoint\",\"urlTemplate\":\"https:\/\/dev.monti.lt\/?s={search_term_string}\"},\"query-input\":\"required name=search_term_string\"}],\"inLanguage\":\"en-US\"},{\"@type\":\"Organization\",\"@id\":\"https:\/\/dev.monti.lt\/#organization\",\"name\":\"Montessori \u017eaislai\",\"url\":\"https:\/\/dev.monti.lt\/\",\"logo\":{\"@type\":\"ImageObject\",\"inLanguage\":\"en-US\",\"@id\":\"https:\/\/dev.monti.lt\/#\/schema\/logo\/image\/\",\"url\":\"https:\/\/dev.monti.lt\/wp-content\/uploads\/2022\/03\/montilogo-1.png\",\"contentUrl\":\"https:\/\/dev.monti.lt\/wp-content\/uploads\/2022\/03\/montilogo-1.png\",\"width\":512,\"height\":512,\"caption\":\"Montessori \u017eaislai\"},\"image\":{\"@id\":\"https:\/\/dev.monti.lt\/#\/schema\/logo\/image\/\"}}]}<\/script>\n<!-- \/ Yoast SEO plugin. -->","yoast_head_json":{"title":"Konstruktorius 181 elementas - Montessori \u017eaislai","robots":{"index":"noindex","follow":"follow","max-snippet":"max-snippet:-1","max-image-preview":"max-image-preview:large","max-video-preview":"max-video-preview:-1"},"og_locale":"en_US","og_type":"article","og_title":"Konstruktorius 181 elementas - Montessori \u017eaislai","og_description":"Fantasti\u0161ka d\u0117lion\u0117, kuri patiks kiekvienam ma\u017eajam \u201epasidaryk pats\u201c entuziastui. \u017daidimo esm\u0117 yra skirting\u0173 spalv\u0173 var\u017et\u0173 \u012fsukimas \u012f lent\u0105 atsuktuvu arba dr\u0117le, sukuriant \u012fvairias formas. J\u016bs\u0173 vaikas jausis kaip tikras meistras.  \u017daidimas su kalad\u0117l\u0117mis \u2013 puikus nuotykis, u\u017eimantis ma\u017eyl\u012f ilgam.  Galimyb\u0117 sukurti unikali\u0105 strukt\u016br\u0105 j\u016bs\u0173 vaikui suteiks daug pasitenkinimo ir d\u017eiaugsmo.  Dr\u0117l\u0117 veikia su baterija (nepridedama) Komplekto turinys:  Lagaminas Lenta var\u017etams \u012fsukti \u012evairi\u0173 form\u0173 kalad\u0117li\u0173 rinkinys Spalvoti var\u017etai Atsuktuvas Dr\u0117l\u0117 Knygel\u0117 su pavyzd\u017eiais","og_url":"https:\/\/dev.monti.lt\/en\/product\/konstruktorius-181-elementas\/","og_site_name":"Montessori \u017eaislai","article_modified_time":"2024-10-07T09:37:36+00:00","og_image":[{"width":1600,"height":1200,"url":"https:\/\/dev.monti.lt\/wp-content\/uploads\/2022\/03\/KX7838_273738-2.jpg","type":"image\/jpeg"}],"twitter_card":"summary_large_image","twitter_misc":{"Est. reading time":"1 minute"},"schema":{"@context":"https:\/\/schema.org","@graph":[{"@type":"WebPage","@id":"https:\/\/dev.monti.lt\/product\/konstruktorius-181-elementas\/","url":"https:\/\/dev.monti.lt\/product\/konstruktorius-181-elementas\/","name":"Konstruktorius 181 elementas - Montessori \u017eaislai","isPartOf":{"@id":"https:\/\/dev.monti.lt\/#website"},"primaryImageOfPage":{"@id":"https:\/\/dev.monti.lt\/product\/konstruktorius-181-elementas\/#primaryimage"},"image":{"@id":"https:\/\/dev.monti.lt\/product\/konstruktorius-181-elementas\/#primaryimage"},"thumbnailUrl":"https:\/\/dev.monti.lt\/wp-content\/uploads\/2022\/03\/KX7838_273738-2.jpg","datePublished":"2022-03-31T18:26:40+00:00","dateModified":"2024-10-07T09:37:36+00:00","breadcrumb":{"@id":"https:\/\/dev.monti.lt\/product\/konstruktorius-181-elementas\/#breadcrumb"},"inLanguage":"en-US","potentialAction":[{"@type":"ReadAction","target":["https:\/\/dev.monti.lt\/product\/konstruktorius-181-elementas\/"]}]},{"@type":"ImageObject","inLanguage":"en-US","@id":"https:\/\/dev.monti.lt\/product\/konstruktorius-181-elementas\/#primaryimage","url":"https:\/\/dev.monti.lt\/wp-content\/uploads\/2022\/03\/KX7838_273738-2.jpg","contentUrl":"https:\/\/dev.monti.lt\/wp-content\/uploads\/2022\/03\/KX7838_273738-2.jpg","width":1600,"height":1200,"caption":"lavinamieji \u017eaislai smulkioji motorika"},{"@type":"BreadcrumbList","@id":"https:\/\/dev.monti.lt\/product\/konstruktorius-181-elementas\/#breadcrumb","itemListElement":[{"@type":"ListItem","position":1,"name":"Home","item":"https:\/\/dev.monti.lt\/"},{"@type":"ListItem","position":2,"name":"Parduotuv\u0117","item":"https:\/\/dev.monti.lt\/shop\/"},{"@type":"ListItem","position":3,"name":"Konstruktorius 181 elementas"}]},{"@type":"WebSite","@id":"https:\/\/dev.monti.lt\/#website","url":"https:\/\/dev.monti.lt\/","name":"Montessori \u017eaislai","description":"","publisher":{"@id":"https:\/\/dev.monti.lt\/#organization"},"potentialAction":[{"@type":"SearchAction","target":{"@type":"EntryPoint","urlTemplate":"https:\/\/dev.monti.lt\/?s={search_term_string}"},"query-input":"required name=search_term_string"}],"inLanguage":"en-US"},{"@type":"Organization","@id":"https:\/\/dev.monti.lt\/#organization","name":"Montessori \u017eaislai","url":"https:\/\/dev.monti.lt\/","logo":{"@type":"ImageObject","inLanguage":"en-US","@id":"https:\/\/dev.monti.lt\/#\/schema\/logo\/image\/","url":"https:\/\/dev.monti.lt\/wp-content\/uploads\/2022\/03\/montilogo-1.png","contentUrl":"https:\/\/dev.monti.lt\/wp-content\/uploads\/2022\/03\/montilogo-1.png","width":512,"height":512,"caption":"Montessori \u017eaislai"},"image":{"@id":"https:\/\/dev.monti.lt\/#\/schema\/logo\/image\/"}}]}},"_links":{"self":[{"href":"https:\/\/dev.monti.lt\/en\/wp-json\/wp\/v2\/product\/7545"}],"collection":[{"href":"https:\/\/dev.monti.lt\/en\/wp-json\/wp\/v2\/product"}],"about":[{"href":"https:\/\/dev.monti.lt\/en\/wp-json\/wp\/v2\/types\/product"}],"version-history":[{"count":3,"href":"https:\/\/dev.monti.lt\/en\/wp-json\/wp\/v2\/product\/7545\/revisions"}],"predecessor-version":[{"id":14662,"href":"https:\/\/dev.monti.lt\/en\/wp-json\/wp\/v2\/product\/7545\/revisions\/14662"}],"wp:featuredmedia":[{"embeddable":true,"href":"https:\/\/dev.monti.lt\/en\/wp-json\/wp\/v2\/media\/7548"}],"wp:attachment":[{"href":"https:\/\/dev.monti.lt\/en\/wp-json\/wp\/v2\/media?parent=7545"}],"wp:term":[{"taxonomy":"product_cat","embeddable":true,"href":"https:\/\/dev.monti.lt\/en\/wp-json\/wp\/v2\/product_cat?post=7545"},{"taxonomy":"product_tag","embeddable":true,"href":"https:\/\/dev.monti.lt\/en\/wp-json\/wp\/v2\/product_tag?post=7545"}],"curies":[{"name":"wp","href":"https:\/\/api.w.org\/{rel}","templated":true}]}}