{"id":7528,"date":"2022-03-31T17:51:07","date_gmt":"2022-03-31T17:51:07","guid":{"rendered":"https:\/\/dev.monti.lt\/?post_type=product&#038;p=7528"},"modified":"2024-10-03T07:24:13","modified_gmt":"2024-10-03T07:24:13","slug":"montessori-meskuciai-xxl","status":"publish","type":"product","link":"https:\/\/dev.monti.lt\/en\/product\/montessori-meskuciai-xxl\/","title":{"rendered":"Montessori stiliaus \u017eaidimas me\u0161ku\u010diai XXL"},"content":{"rendered":"<p><span data-sheets-value=\"{&quot;1&quot;:2,&quot;2&quot;:&quot;Suskai\u010diuok visus me\u0161ku\u010dius!\\n\\n\u017davingi \u012fvairiaspalviai mokomieji me\u0161kiukai paskatins tyrin\u0117ti skai\u010di\u0173 ir matematini\u0173 u\u017edavini\u0173 pasaul\u012f.\\nAnt kiekvieno me\u0161kiuko pilvuko yra skai\u010dius, nurodantis jo svor\u012f (gramais).\\n\\nMe\u0161kiukai bus puikus u\u017esi\u0117mimas \u017eaisti kartu su vaiku, kurio metu ma\u017eylis i\u0161moks efektyviai bendradarbiauti ir bendrauti.\\n\\nSugalvokite \u012fvairi\u0173 matematikos u\u017eduo\u010di\u0173, o kai pritr\u016bksite id\u0117j\u0173, naudokite korteles su pavyzdiniais u\u017edaviniais.\\n\\nKomplekto turinys:\\n\\n\u2022 60 me\u0161kiuk\u0173 6 spalv\u0173\\n\\n\u2022 30 dideli\u0173 6 spalv\u0173 me\u0161kiuk\u0173\\n\\n\u2022 6 silikoniniai puodeliai\\n\\n\u2022 3 mediniai kubeliai\\n\\n\u2022 2 poros \u017enypli\u0173\\n\\n\u2022 15 dvipusi\u0173 korteli\u0173 su u\u017eduotimis\\nMed\u017eiaga: plastikas\\n\\nMa\u017eojo me\u0161kiuko auk\u0161tis: 2,5 cm\\nDidelio me\u0161kiuko \u016bgis: 3,3 cm\\nPuodelio matmenys (skersmuo x auk\u0161tis): 6,6 cm x 9,2 \\nKortel\u0117s i\u0161matavimai: 21cm x 14,5cm\\nPakuot\u0117s i\u0161matavimai: 23cm x 19cm x 14cm&quot;}\" data-sheets-userformat=\"{&quot;2&quot;:15231,&quot;3&quot;:{&quot;1&quot;:0},&quot;4&quot;:{&quot;1&quot;:2,&quot;2&quot;:16777215},&quot;5&quot;:{&quot;1&quot;:[{&quot;1&quot;:2,&quot;2&quot;:0,&quot;5&quot;:{&quot;1&quot;:2,&quot;2&quot;:0}},{&quot;1&quot;:0,&quot;2&quot;:0,&quot;3&quot;:3},{&quot;1&quot;:1,&quot;2&quot;:0,&quot;4&quot;:1}]},&quot;6&quot;:{&quot;1&quot;:[{&quot;1&quot;:2,&quot;2&quot;:0,&quot;5&quot;:{&quot;1&quot;:2,&quot;2&quot;:0}},{&quot;1&quot;:0,&quot;2&quot;:0,&quot;3&quot;:3},{&quot;1&quot;:1,&quot;2&quot;:0,&quot;4&quot;:1}]},&quot;7&quot;:{&quot;1&quot;:[{&quot;1&quot;:2,&quot;2&quot;:0,&quot;5&quot;:{&quot;1&quot;:2,&quot;2&quot;:0}},{&quot;1&quot;:0,&quot;2&quot;:0,&quot;3&quot;:3},{&quot;1&quot;:1,&quot;2&quot;:0,&quot;4&quot;:1}]},&quot;8&quot;:{&quot;1&quot;:[{&quot;1&quot;:2,&quot;2&quot;:0,&quot;5&quot;:{&quot;1&quot;:2,&quot;2&quot;:0}},{&quot;1&quot;:0,&quot;2&quot;:0,&quot;3&quot;:3},{&quot;1&quot;:1,&quot;2&quot;:0,&quot;4&quot;:1}]},&quot;9&quot;:0,&quot;11&quot;:4,&quot;12&quot;:0,&quot;14&quot;:{&quot;1&quot;:2,&quot;2&quot;:1842721},&quot;15&quot;:&quot;Arial&quot;,&quot;16&quot;:10}\" data-sheets-formula=\"=VLOOKUP(R[0]C[-6],Aprasymas!R[-102]:R[897],5,0)\">Suskai\u010diuok visus me\u0161ku\u010dius!<\/span><\/p>\n<p>\u017davingi \u012fvairiaspalviai mokomieji me\u0161kiukai paskatins tyrin\u0117ti skai\u010di\u0173 ir matematini\u0173 u\u017edavini\u0173 pasaul\u012f.<br \/>\nAnt kiekvieno me\u0161kiuko pilvuko yra skai\u010dius, nurodantis jo svor\u012f (gramais).<\/p>\n<p>Me\u0161kiukai bus puikus u\u017esi\u0117mimas \u017eaisti kartu su vaiku, kurio metu ma\u017eylis i\u0161moks efektyviai bendradarbiauti ir bendrauti.<\/p>\n<p>Sugalvokite \u012fvairi\u0173 matematikos u\u017eduo\u010di\u0173, o kai pritr\u016bksite id\u0117j\u0173, naudokite korteles su pavyzdiniais u\u017edaviniais.<\/p>\n<p>Komplekto turinys:<\/p>\n<p>\u2022 60 me\u0161kiuk\u0173 6 spalv\u0173<\/p>\n<p>\u2022 30 dideli\u0173 6 spalv\u0173 me\u0161kiuk\u0173<\/p>\n<p>\u2022 6 silikoniniai puodeliai<\/p>\n<p>\u2022 3 mediniai kubeliai<\/p>\n<p>\u2022 2 poros \u017enypli\u0173<\/p>\n<p>\u2022 15 dvipusi\u0173 korteli\u0173 su u\u017eduotimis<br \/>\nMed\u017eiaga: plastikas<\/p>\n<p>Ma\u017eojo me\u0161kiuko auk\u0161tis: 2,5 cm<br \/>\nDidelio me\u0161kiuko \u016bgis: 3,3 cm<br \/>\nPuodelio matmenys (skersmuo x auk\u0161tis): 6,6 cm x 9,2<br \/>\nKortel\u0117s i\u0161matavimai: 21cm x 14,5cm<br \/>\nPakuot\u0117s i\u0161matavimai: 23cm x 19cm x 14cm<\/p>","protected":false},"excerpt":{"rendered":"<p><span id=\"\" data-sheets-value=\"{\" data-sheets-userformat=\"{\" data-sheets-formula=\"=VLOOKUP(R[0]C[-6],Aprasymas!R[-102]:R[897],5,0)\">\u017davingi \u012fvairiaspalviai mokomieji me\u0161kiukai paskatins tyrin\u0117ti skai\u010di\u0173 ir matematini\u0173 u\u017edavini\u0173 pasaul\u012f.<br \/>\nAnt kiekvieno me\u0161kiuko pilvuko yra skai\u010dius, nurodantis jo svor\u012f (gramais).<br \/>\n<\/span><\/p>","protected":false},"featured_media":7517,"template":"","meta":{"iawp_total_views":60},"product_cat":[84,91,88,83,86,199,49,39],"product_tag":[96,97,98,99],"class_list":{"0":"post-7528","1":"product","2":"type-product","3":"status-publish","4":"has-post-thumbnail","6":"product_cat-lavinamieji-zaislai","7":"product_cat-loginiam-mastymui","8":"product_cat-mokausi-zaisti","9":"product_cat-montessori-zaislai","10":"product_cat-smulkioji-motorika","11":"product_cat-ugdymo-istaigoms","12":"product_cat-visi-zaislai","13":"product_cat-zaislai","14":"product_tag-2-m-3-m","15":"product_tag-3-m-4-m","16":"product_tag-5-m-7-m","17":"product_tag-8-m-11-m","19":"first","20":"instock","21":"taxable","22":"shipping-taxable","23":"purchasable","24":"product-type-simple"},"yoast_head":"<!-- This site is optimized with the Yoast SEO plugin v23.3 - https:\/\/yoast.com\/wordpress\/plugins\/seo\/ -->\n<title>Montessori stiliaus \u017eaidimas me\u0161ku\u010diai XXL - Montessori \u017eaislai<\/title>\n<meta name=\"robots\" content=\"noindex, follow, max-snippet:-1, max-image-preview:large, max-video-preview:-1\" \/>\n<meta property=\"og:locale\" content=\"en_US\" \/>\n<meta property=\"og:type\" content=\"article\" \/>\n<meta property=\"og:title\" content=\"Montessori stiliaus \u017eaidimas me\u0161ku\u010diai XXL - Montessori \u017eaislai\" \/>\n<meta property=\"og:description\" content=\"\u017davingi \u012fvairiaspalviai mokomieji me\u0161kiukai paskatins tyrin\u0117ti skai\u010di\u0173 ir matematini\u0173 u\u017edavini\u0173 pasaul\u012f. Ant kiekvieno me\u0161kiuko pilvuko yra skai\u010dius, nurodantis jo svor\u012f (gramais).\" \/>\n<meta property=\"og:url\" content=\"https:\/\/dev.monti.lt\/en\/product\/montessori-meskuciai-xxl\/\" \/>\n<meta property=\"og:site_name\" content=\"Montessori \u017eaislai\" \/>\n<meta property=\"article:modified_time\" content=\"2024-10-03T07:24:13+00:00\" \/>\n<meta property=\"og:image\" content=\"https:\/\/dev.monti.lt\/wp-content\/uploads\/2022\/03\/KX626167780.jpg\" \/>\n\t<meta property=\"og:image:width\" content=\"1600\" \/>\n\t<meta property=\"og:image:height\" content=\"1600\" \/>\n\t<meta property=\"og:image:type\" content=\"image\/jpeg\" \/>\n<meta name=\"twitter:card\" content=\"summary_large_image\" \/>\n<meta name=\"twitter:label1\" content=\"Est. reading time\" \/>\n\t<meta name=\"twitter:data1\" content=\"1 minute\" \/>\n<script type=\"application\/ld+json\" class=\"yoast-schema-graph\">{\"@context\":\"https:\/\/schema.org\",\"@graph\":[{\"@type\":\"WebPage\",\"@id\":\"https:\/\/dev.monti.lt\/product\/montessori-meskuciai-xxl\/\",\"url\":\"https:\/\/dev.monti.lt\/product\/montessori-meskuciai-xxl\/\",\"name\":\"Montessori stiliaus \u017eaidimas me\u0161ku\u010diai XXL - Montessori \u017eaislai\",\"isPartOf\":{\"@id\":\"https:\/\/dev.monti.lt\/#website\"},\"primaryImageOfPage\":{\"@id\":\"https:\/\/dev.monti.lt\/product\/montessori-meskuciai-xxl\/#primaryimage\"},\"image\":{\"@id\":\"https:\/\/dev.monti.lt\/product\/montessori-meskuciai-xxl\/#primaryimage\"},\"thumbnailUrl\":\"https:\/\/dev.monti.lt\/wp-content\/uploads\/2022\/03\/KX626167780.jpg\",\"datePublished\":\"2022-03-31T17:51:07+00:00\",\"dateModified\":\"2024-10-03T07:24:13+00:00\",\"breadcrumb\":{\"@id\":\"https:\/\/dev.monti.lt\/product\/montessori-meskuciai-xxl\/#breadcrumb\"},\"inLanguage\":\"en-US\",\"potentialAction\":[{\"@type\":\"ReadAction\",\"target\":[\"https:\/\/dev.monti.lt\/product\/montessori-meskuciai-xxl\/\"]}]},{\"@type\":\"ImageObject\",\"inLanguage\":\"en-US\",\"@id\":\"https:\/\/dev.monti.lt\/product\/montessori-meskuciai-xxl\/#primaryimage\",\"url\":\"https:\/\/dev.monti.lt\/wp-content\/uploads\/2022\/03\/KX626167780.jpg\",\"contentUrl\":\"https:\/\/dev.monti.lt\/wp-content\/uploads\/2022\/03\/KX626167780.jpg\",\"width\":1600,\"height\":1600,\"caption\":\"Montessori me\u0161ku\u010diai\"},{\"@type\":\"BreadcrumbList\",\"@id\":\"https:\/\/dev.monti.lt\/product\/montessori-meskuciai-xxl\/#breadcrumb\",\"itemListElement\":[{\"@type\":\"ListItem\",\"position\":1,\"name\":\"Home\",\"item\":\"https:\/\/dev.monti.lt\/\"},{\"@type\":\"ListItem\",\"position\":2,\"name\":\"Parduotuv\u0117\",\"item\":\"https:\/\/dev.monti.lt\/shop\/\"},{\"@type\":\"ListItem\",\"position\":3,\"name\":\"Montessori stiliaus \u017eaidimas me\u0161ku\u010diai XXL\"}]},{\"@type\":\"WebSite\",\"@id\":\"https:\/\/dev.monti.lt\/#website\",\"url\":\"https:\/\/dev.monti.lt\/\",\"name\":\"Montessori \u017eaislai\",\"description\":\"\",\"publisher\":{\"@id\":\"https:\/\/dev.monti.lt\/#organization\"},\"potentialAction\":[{\"@type\":\"SearchAction\",\"target\":{\"@type\":\"EntryPoint\",\"urlTemplate\":\"https:\/\/dev.monti.lt\/?s={search_term_string}\"},\"query-input\":\"required name=search_term_string\"}],\"inLanguage\":\"en-US\"},{\"@type\":\"Organization\",\"@id\":\"https:\/\/dev.monti.lt\/#organization\",\"name\":\"Montessori \u017eaislai\",\"url\":\"https:\/\/dev.monti.lt\/\",\"logo\":{\"@type\":\"ImageObject\",\"inLanguage\":\"en-US\",\"@id\":\"https:\/\/dev.monti.lt\/#\/schema\/logo\/image\/\",\"url\":\"https:\/\/dev.monti.lt\/wp-content\/uploads\/2022\/03\/montilogo-1.png\",\"contentUrl\":\"https:\/\/dev.monti.lt\/wp-content\/uploads\/2022\/03\/montilogo-1.png\",\"width\":512,\"height\":512,\"caption\":\"Montessori \u017eaislai\"},\"image\":{\"@id\":\"https:\/\/dev.monti.lt\/#\/schema\/logo\/image\/\"}}]}<\/script>\n<!-- \/ Yoast SEO plugin. -->","yoast_head_json":{"title":"Montessori stiliaus \u017eaidimas me\u0161ku\u010diai XXL - Montessori \u017eaislai","robots":{"index":"noindex","follow":"follow","max-snippet":"max-snippet:-1","max-image-preview":"max-image-preview:large","max-video-preview":"max-video-preview:-1"},"og_locale":"en_US","og_type":"article","og_title":"Montessori stiliaus \u017eaidimas me\u0161ku\u010diai XXL - Montessori \u017eaislai","og_description":"\u017davingi \u012fvairiaspalviai mokomieji me\u0161kiukai paskatins tyrin\u0117ti skai\u010di\u0173 ir matematini\u0173 u\u017edavini\u0173 pasaul\u012f. Ant kiekvieno me\u0161kiuko pilvuko yra skai\u010dius, nurodantis jo svor\u012f (gramais).","og_url":"https:\/\/dev.monti.lt\/en\/product\/montessori-meskuciai-xxl\/","og_site_name":"Montessori \u017eaislai","article_modified_time":"2024-10-03T07:24:13+00:00","og_image":[{"width":1600,"height":1600,"url":"https:\/\/dev.monti.lt\/wp-content\/uploads\/2022\/03\/KX626167780.jpg","type":"image\/jpeg"}],"twitter_card":"summary_large_image","twitter_misc":{"Est. reading time":"1 minute"},"schema":{"@context":"https:\/\/schema.org","@graph":[{"@type":"WebPage","@id":"https:\/\/dev.monti.lt\/product\/montessori-meskuciai-xxl\/","url":"https:\/\/dev.monti.lt\/product\/montessori-meskuciai-xxl\/","name":"Montessori stiliaus \u017eaidimas me\u0161ku\u010diai XXL - Montessori \u017eaislai","isPartOf":{"@id":"https:\/\/dev.monti.lt\/#website"},"primaryImageOfPage":{"@id":"https:\/\/dev.monti.lt\/product\/montessori-meskuciai-xxl\/#primaryimage"},"image":{"@id":"https:\/\/dev.monti.lt\/product\/montessori-meskuciai-xxl\/#primaryimage"},"thumbnailUrl":"https:\/\/dev.monti.lt\/wp-content\/uploads\/2022\/03\/KX626167780.jpg","datePublished":"2022-03-31T17:51:07+00:00","dateModified":"2024-10-03T07:24:13+00:00","breadcrumb":{"@id":"https:\/\/dev.monti.lt\/product\/montessori-meskuciai-xxl\/#breadcrumb"},"inLanguage":"en-US","potentialAction":[{"@type":"ReadAction","target":["https:\/\/dev.monti.lt\/product\/montessori-meskuciai-xxl\/"]}]},{"@type":"ImageObject","inLanguage":"en-US","@id":"https:\/\/dev.monti.lt\/product\/montessori-meskuciai-xxl\/#primaryimage","url":"https:\/\/dev.monti.lt\/wp-content\/uploads\/2022\/03\/KX626167780.jpg","contentUrl":"https:\/\/dev.monti.lt\/wp-content\/uploads\/2022\/03\/KX626167780.jpg","width":1600,"height":1600,"caption":"Montessori me\u0161ku\u010diai"},{"@type":"BreadcrumbList","@id":"https:\/\/dev.monti.lt\/product\/montessori-meskuciai-xxl\/#breadcrumb","itemListElement":[{"@type":"ListItem","position":1,"name":"Home","item":"https:\/\/dev.monti.lt\/"},{"@type":"ListItem","position":2,"name":"Parduotuv\u0117","item":"https:\/\/dev.monti.lt\/shop\/"},{"@type":"ListItem","position":3,"name":"Montessori stiliaus \u017eaidimas me\u0161ku\u010diai XXL"}]},{"@type":"WebSite","@id":"https:\/\/dev.monti.lt\/#website","url":"https:\/\/dev.monti.lt\/","name":"Montessori \u017eaislai","description":"","publisher":{"@id":"https:\/\/dev.monti.lt\/#organization"},"potentialAction":[{"@type":"SearchAction","target":{"@type":"EntryPoint","urlTemplate":"https:\/\/dev.monti.lt\/?s={search_term_string}"},"query-input":"required name=search_term_string"}],"inLanguage":"en-US"},{"@type":"Organization","@id":"https:\/\/dev.monti.lt\/#organization","name":"Montessori \u017eaislai","url":"https:\/\/dev.monti.lt\/","logo":{"@type":"ImageObject","inLanguage":"en-US","@id":"https:\/\/dev.monti.lt\/#\/schema\/logo\/image\/","url":"https:\/\/dev.monti.lt\/wp-content\/uploads\/2022\/03\/montilogo-1.png","contentUrl":"https:\/\/dev.monti.lt\/wp-content\/uploads\/2022\/03\/montilogo-1.png","width":512,"height":512,"caption":"Montessori \u017eaislai"},"image":{"@id":"https:\/\/dev.monti.lt\/#\/schema\/logo\/image\/"}}]}},"_links":{"self":[{"href":"https:\/\/dev.monti.lt\/en\/wp-json\/wp\/v2\/product\/7528"}],"collection":[{"href":"https:\/\/dev.monti.lt\/en\/wp-json\/wp\/v2\/product"}],"about":[{"href":"https:\/\/dev.monti.lt\/en\/wp-json\/wp\/v2\/types\/product"}],"version-history":[{"count":4,"href":"https:\/\/dev.monti.lt\/en\/wp-json\/wp\/v2\/product\/7528\/revisions"}],"predecessor-version":[{"id":23018,"href":"https:\/\/dev.monti.lt\/en\/wp-json\/wp\/v2\/product\/7528\/revisions\/23018"}],"wp:featuredmedia":[{"embeddable":true,"href":"https:\/\/dev.monti.lt\/en\/wp-json\/wp\/v2\/media\/7517"}],"wp:attachment":[{"href":"https:\/\/dev.monti.lt\/en\/wp-json\/wp\/v2\/media?parent=7528"}],"wp:term":[{"taxonomy":"product_cat","embeddable":true,"href":"https:\/\/dev.monti.lt\/en\/wp-json\/wp\/v2\/product_cat?post=7528"},{"taxonomy":"product_tag","embeddable":true,"href":"https:\/\/dev.monti.lt\/en\/wp-json\/wp\/v2\/product_tag?post=7528"}],"curies":[{"name":"wp","href":"https:\/\/api.w.org\/{rel}","templated":true}]}}