{"id":7504,"date":"2022-03-31T17:40:46","date_gmt":"2022-03-31T17:40:46","guid":{"rendered":"https:\/\/dev.monti.lt\/?post_type=product&#038;p=7504"},"modified":"2024-10-08T17:44:23","modified_gmt":"2024-10-08T17:44:23","slug":"telefonas-projektorius-rozinis","status":"publish","type":"product","link":"https:\/\/dev.monti.lt\/en\/product\/telefonas-projektorius-rozinis\/","title":{"rendered":"Telefonas-projektorius ro\u017einis"},"content":{"rendered":"<p><span data-sheets-value=\"{&quot;1&quot;:2,&quot;2&quot;:&quot;Daugiafunkcinis \u017eaislas su \u017evaig\u017ed\u017ei\u0173 projektoriumi. \\n\\nAutomobilio apa\u010dioje yra telefonas su daugybe galimybi\u0173. Telefone yra 13 mygtuk\u0173 su skirtingomis funkcijomis, priklausomai nuo pasirinkto re\u017eimo.\\nTai ne tik puikus \u017eaislas, bet ir pirmasis angl\u0173 kalbos mokytojas! Telefonas moko spalv\u0173, gyv\u016bn\u0173 ir \u0161eimos nari\u0173 vardus.\\n\u017daislas turi du garsumo re\u017eimus. \\nPo 60 sekund\u017ei\u0173 neveikimo \u017eaislas i\u0161sijungs pats.\\nPaspaudus bet kur\u012f mygtuk\u0105, automobilis skleid\u017eia garsus ir u\u017esidega spalvotais \u0161viesos diodais.\\n\u017daislas turi kelet\u0105 re\u017eim\u0173. Pagal numatytuosius nustatymus \u012fjungus pasirenkamas pirmasis re\u017eimas.\\nRe\u017eimai kei\u010diami naudojant didel\u012f mygtuk\u0105 telefono apa\u010dioje, pa\u017eym\u0117t\u0105 dviem rodykl\u0117mis\\n\\n1 re\u017eimas\\n\\nTelefonas skleid\u017eia garsus, susijusius su paveiksl\u0117liais ant atskir\u0173 klavi\u0161\u0173 (taip pat pa\u017eym\u0117t\u0173 skaitmenimis). Tereikia vien\u0105 kart\u0105 paspausti mygtuk\u0105 ir viena po kitos skamb\u0117s melodijos, skai\u010diuojamos natos ir t.t., atskirtos 1 sekund\u0117s pauze.\\n\\nDainos \/ rimai - 3 populiarios vaiki\u0161kos dainel\u0117s \/ rimai angl\u0173 kalba\\nKoncertai fortepijonui \u2013 net 15 melodij\u0173\\nLop\u0161in\u0117s \u2013 15 melodij\u0173\\n\u0160eimos nariai \u2013 \u017eaisle bus sura\u0161yti \u0161eimos nari\u0173 vardai angl\u0173 kalba tokia tvarka: prosenelis, prosenel\u0117, senelis, mo\u010diut\u0117, t\u0117tis, mama\\nVehicles \u2013 \u012fvairi\u0173 transporto priemoni\u0173 pavadinimai angl\u0173 kalba\\nGyv\u016bnai \u2013 kit\u0173 gyv\u016bn\u0173 pavadinimai angl\u0173 kalba: kat\u0117, \u0161uo, lokys, triu\u0161is, tigras, avis\\nSpalvos \u2013 spalv\u0173 pavadinimai angl\u0173 kalba: raudona, geltona, \u017ealia, m\u0117lyna, balta, \u0161viesiai m\u0117lyna, violetin\u0117\\nSMS \u2013 5 populiariausi \u017einu\u010di\u0173 prane\u0161imo tonai, \u017einomi i\u0161 tikr\u0173 telefon\u0173\\nOras \u2013 4 garsai imituojantys oro rei\u0161kinius: griaustinis, \u017eaibas, v\u0117jas, lietus\\n\\n*. Telefonas \u2013 5 populiariausi skambu\u010di\u0173 tonai\\n0. Vaikas \u2013 5 ma\u017e\u0173 vaik\u0173 skleid\u017eiami garsai\\n#. Kamera \u2013 2 kameros garsai\\n2 re\u017eimas\\n\\n\u017daislas pateikia angli\u0161kus i\u0161 eil\u0117s einan\u010di\u0173 skai\u010di\u0173 pavadinimus.\\n\\nPaspaudus * mygtuk\u0105, \u017eaislas pateikia papildymo formules angl\u0173 kalba.\\n\\nPaspaudus # mygtuk\u0105, \u017eaislas angl\u0173 kalba pateikia atimties formules.\\n\\n3 re\u017eimas\\n\\nPaspaud\u0119 mygtuk\u0105, i\u0161girsite priskirto tono gars\u0105. Paspaudus bet kuriuos 5 skaitmenis, telefonas \u201esuskamb\u0117s\u201c.\\n\\nMatmenys\\n\\nautomobilis: 15 cm x 7,3 cm x 3,5 cm\\npakuot\u0117: 20 cm x 10,5 x 4,4 cm\\n\\nMaitinimas: 3 AAA, 1,5 V baterijos (\u012f komplekt\u0105 ne\u012feina, baterijoms \u012fd\u0117ti reikia atsuktuvo)\\n\\n\u017daislas skirtas vyresniems nei 18 m\u0117nesi\u0173 vaikams.\\n\\nReik\u0117t\u0173 vengti s\u0105ly\u010dio su vandeniu\\n&quot;}\" data-sheets-userformat=\"{&quot;2&quot;:15231,&quot;3&quot;:{&quot;1&quot;:0},&quot;4&quot;:{&quot;1&quot;:2,&quot;2&quot;:16777215},&quot;5&quot;:{&quot;1&quot;:[{&quot;1&quot;:2,&quot;2&quot;:0,&quot;5&quot;:{&quot;1&quot;:2,&quot;2&quot;:0}},{&quot;1&quot;:0,&quot;2&quot;:0,&quot;3&quot;:3},{&quot;1&quot;:1,&quot;2&quot;:0,&quot;4&quot;:1}]},&quot;6&quot;:{&quot;1&quot;:[{&quot;1&quot;:2,&quot;2&quot;:0,&quot;5&quot;:{&quot;1&quot;:2,&quot;2&quot;:0}},{&quot;1&quot;:0,&quot;2&quot;:0,&quot;3&quot;:3},{&quot;1&quot;:1,&quot;2&quot;:0,&quot;4&quot;:1}]},&quot;7&quot;:{&quot;1&quot;:[{&quot;1&quot;:2,&quot;2&quot;:0,&quot;5&quot;:{&quot;1&quot;:2,&quot;2&quot;:0}},{&quot;1&quot;:0,&quot;2&quot;:0,&quot;3&quot;:3},{&quot;1&quot;:1,&quot;2&quot;:0,&quot;4&quot;:1}]},&quot;8&quot;:{&quot;1&quot;:[{&quot;1&quot;:2,&quot;2&quot;:0,&quot;5&quot;:{&quot;1&quot;:2,&quot;2&quot;:0}},{&quot;1&quot;:0,&quot;2&quot;:0,&quot;3&quot;:3},{&quot;1&quot;:1,&quot;2&quot;:0,&quot;4&quot;:1}]},&quot;9&quot;:0,&quot;11&quot;:4,&quot;12&quot;:0,&quot;14&quot;:{&quot;1&quot;:2,&quot;2&quot;:1842721},&quot;15&quot;:&quot;Arial&quot;,&quot;16&quot;:10}\" data-sheets-formula=\"=VLOOKUP(R[0]C[-6],Aprasymas!R[-102]:R[897],5,0)\">Daugiafunkcinis \u017eaislas su \u017evaig\u017ed\u017ei\u0173 projektoriumi.<\/span><\/p>\n<p>Automobilio apa\u010dioje yra telefonas su daugybe galimybi\u0173. Telefone yra 13 mygtuk\u0173 su skirtingomis funkcijomis, priklausomai nuo pasirinkto re\u017eimo.<br \/>\nTai ne tik puikus \u017eaislas, bet ir pirmasis angl\u0173 kalbos mokytojas! Telefonas moko spalv\u0173, gyv\u016bn\u0173 ir \u0161eimos nari\u0173 vardus.<br \/>\n\u017daislas turi du garsumo re\u017eimus.<br \/>\nPo 60 sekund\u017ei\u0173 neveikimo \u017eaislas i\u0161sijungs pats.<br \/>\nPaspaudus bet kur\u012f mygtuk\u0105, automobilis skleid\u017eia garsus ir u\u017esidega spalvotais \u0161viesos diodais.<br \/>\n\u017daislas turi kelet\u0105 re\u017eim\u0173. Pagal numatytuosius nustatymus \u012fjungus pasirenkamas pirmasis re\u017eimas.<br \/>\nRe\u017eimai kei\u010diami naudojant didel\u012f mygtuk\u0105 telefono apa\u010dioje, pa\u017eym\u0117t\u0105 dviem rodykl\u0117mis<\/p>\n<p>1 re\u017eimas<\/p>\n<p>Telefonas skleid\u017eia garsus, susijusius su paveiksl\u0117liais ant atskir\u0173 klavi\u0161\u0173 (taip pat pa\u017eym\u0117t\u0173 skaitmenimis). Tereikia vien\u0105 kart\u0105 paspausti mygtuk\u0105 ir viena po kitos skamb\u0117s melodijos, skai\u010diuojamos natos ir t.t., atskirtos 1 sekund\u0117s pauze.<\/p>\n<p>Dainos \/ rimai &#8211; 3 populiarios vaiki\u0161kos dainel\u0117s \/ rimai angl\u0173 kalba<br \/>\nKoncertai fortepijonui \u2013 net 15 melodij\u0173<br \/>\nLop\u0161in\u0117s \u2013 15 melodij\u0173<br \/>\n\u0160eimos nariai \u2013 \u017eaisle bus sura\u0161yti \u0161eimos nari\u0173 vardai angl\u0173 kalba tokia tvarka: prosenelis, prosenel\u0117, senelis, mo\u010diut\u0117, t\u0117tis, mama<br \/>\nVehicles \u2013 \u012fvairi\u0173 transporto priemoni\u0173 pavadinimai angl\u0173 kalba<br \/>\nGyv\u016bnai \u2013 kit\u0173 gyv\u016bn\u0173 pavadinimai angl\u0173 kalba: kat\u0117, \u0161uo, lokys, triu\u0161is, tigras, avis<br \/>\nSpalvos \u2013 spalv\u0173 pavadinimai angl\u0173 kalba: raudona, geltona, \u017ealia, m\u0117lyna, balta, \u0161viesiai m\u0117lyna, violetin\u0117<br \/>\nSMS \u2013 5 populiariausi \u017einu\u010di\u0173 prane\u0161imo tonai, \u017einomi i\u0161 tikr\u0173 telefon\u0173<br \/>\nOras \u2013 4 garsai imituojantys oro rei\u0161kinius: griaustinis, \u017eaibas, v\u0117jas, lietus<\/p>\n<p>*. Telefonas \u2013 5 populiariausi skambu\u010di\u0173 tonai<br \/>\n0. Vaikas \u2013 5 ma\u017e\u0173 vaik\u0173 skleid\u017eiami garsai<br \/>\n#. Kamera \u2013 2 kameros garsai<br \/>\n2 re\u017eimas<\/p>\n<p>\u017daislas pateikia angli\u0161kus i\u0161 eil\u0117s einan\u010di\u0173 skai\u010di\u0173 pavadinimus.<\/p>\n<p>Paspaudus * mygtuk\u0105, \u017eaislas pateikia papildymo formules angl\u0173 kalba.<\/p>\n<p>Paspaudus # mygtuk\u0105, \u017eaislas angl\u0173 kalba pateikia atimties formules.<\/p>\n<p>3 re\u017eimas<\/p>\n<p>Paspaud\u0119 mygtuk\u0105, i\u0161girsite priskirto tono gars\u0105. Paspaudus bet kuriuos 5 skaitmenis, telefonas \u201esuskamb\u0117s\u201c.<\/p>\n<p>Matmenys<\/p>\n<p>automobilis: 15 cm x 7,3 cm x 3,5 cm<br \/>\npakuot\u0117: 20 cm x 10,5 x 4,4 cm<\/p>\n<p>Maitinimas: 3 AAA, 1,5 V baterijos (\u012f komplekt\u0105 ne\u012feina, baterijoms \u012fd\u0117ti reikia atsuktuvo)<\/p>\n<p>\u017daislas skirtas vyresniems nei 18 m\u0117nesi\u0173 vaikams.<\/p>\n<p>Reik\u0117t\u0173 vengti s\u0105ly\u010dio su vandeniu<\/p>","protected":false},"excerpt":{"rendered":"<p><span data-sheets-value=\"{\" data-sheets-userformat=\"{\" data-sheets-formula=\"=VLOOKUP(R[0]C[-6],Aprasymas!R[-102]:R[897],5,0)\">Daugiafunkcinis \u017eaislas su \u017evaig\u017ed\u017ei\u0173 projektoriumi.<br \/>\n<\/span><\/p>","protected":false},"featured_media":7514,"template":"","meta":{"iawp_total_views":124},"product_cat":[81,84,85,93,49,39,214],"product_tag":[95,96,97,94],"class_list":{"0":"post-7504","1":"product","2":"type-product","3":"status-publish","4":"has-post-thumbnail","6":"product_cat-kiti-zaislai","7":"product_cat-lavinamieji-zaislai","8":"product_cat-muzikiniai-zaislai","9":"product_cat-vaidmenu-zaidimai","10":"product_cat-visi-zaislai","11":"product_cat-zaislai","12":"product_cat-zaislai-mergaitems","13":"product_tag-1-m-2-m","14":"product_tag-2-m-3-m","15":"product_tag-3-m-4-m","16":"product_tag-iki-1-m","18":"first","19":"instock","20":"taxable","21":"shipping-taxable","22":"purchasable","23":"product-type-simple"},"yoast_head":"<!-- This site is optimized with the Yoast SEO plugin v23.3 - https:\/\/yoast.com\/wordpress\/plugins\/seo\/ -->\n<title>Telefonas-projektorius ro\u017einis - Montessori \u017eaislai<\/title>\n<meta name=\"robots\" content=\"noindex, follow, max-snippet:-1, max-image-preview:large, max-video-preview:-1\" \/>\n<meta property=\"og:locale\" content=\"en_US\" \/>\n<meta property=\"og:type\" content=\"article\" \/>\n<meta property=\"og:title\" content=\"Telefonas-projektorius ro\u017einis - Montessori \u017eaislai\" \/>\n<meta property=\"og:description\" content=\"Daugiafunkcinis \u017eaislas su \u017evaig\u017ed\u017ei\u0173 projektoriumi.\" \/>\n<meta property=\"og:url\" content=\"https:\/\/dev.monti.lt\/en\/product\/telefonas-projektorius-rozinis\/\" \/>\n<meta property=\"og:site_name\" content=\"Montessori \u017eaislai\" \/>\n<meta property=\"article:modified_time\" content=\"2024-10-08T17:44:23+00:00\" \/>\n<meta property=\"og:image\" content=\"https:\/\/dev.monti.lt\/wp-content\/uploads\/2022\/03\/KX598072043-2.jpg\" \/>\n\t<meta property=\"og:image:width\" content=\"1600\" \/>\n\t<meta property=\"og:image:height\" content=\"1200\" \/>\n\t<meta property=\"og:image:type\" content=\"image\/jpeg\" \/>\n<meta name=\"twitter:card\" content=\"summary_large_image\" \/>\n<meta name=\"twitter:label1\" content=\"Est. reading time\" \/>\n\t<meta name=\"twitter:data1\" content=\"2 minutes\" \/>\n<script type=\"application\/ld+json\" class=\"yoast-schema-graph\">{\"@context\":\"https:\/\/schema.org\",\"@graph\":[{\"@type\":\"WebPage\",\"@id\":\"https:\/\/dev.monti.lt\/product\/telefonas-projektorius-rozinis\/\",\"url\":\"https:\/\/dev.monti.lt\/product\/telefonas-projektorius-rozinis\/\",\"name\":\"Telefonas-projektorius ro\u017einis - Montessori \u017eaislai\",\"isPartOf\":{\"@id\":\"https:\/\/dev.monti.lt\/#website\"},\"primaryImageOfPage\":{\"@id\":\"https:\/\/dev.monti.lt\/product\/telefonas-projektorius-rozinis\/#primaryimage\"},\"image\":{\"@id\":\"https:\/\/dev.monti.lt\/product\/telefonas-projektorius-rozinis\/#primaryimage\"},\"thumbnailUrl\":\"https:\/\/dev.monti.lt\/wp-content\/uploads\/2022\/03\/KX598072043-2.jpg\",\"datePublished\":\"2022-03-31T17:40:46+00:00\",\"dateModified\":\"2024-10-08T17:44:23+00:00\",\"breadcrumb\":{\"@id\":\"https:\/\/dev.monti.lt\/product\/telefonas-projektorius-rozinis\/#breadcrumb\"},\"inLanguage\":\"en-US\",\"potentialAction\":[{\"@type\":\"ReadAction\",\"target\":[\"https:\/\/dev.monti.lt\/product\/telefonas-projektorius-rozinis\/\"]}]},{\"@type\":\"ImageObject\",\"inLanguage\":\"en-US\",\"@id\":\"https:\/\/dev.monti.lt\/product\/telefonas-projektorius-rozinis\/#primaryimage\",\"url\":\"https:\/\/dev.monti.lt\/wp-content\/uploads\/2022\/03\/KX598072043-2.jpg\",\"contentUrl\":\"https:\/\/dev.monti.lt\/wp-content\/uploads\/2022\/03\/KX598072043-2.jpg\",\"width\":1600,\"height\":1200},{\"@type\":\"BreadcrumbList\",\"@id\":\"https:\/\/dev.monti.lt\/product\/telefonas-projektorius-rozinis\/#breadcrumb\",\"itemListElement\":[{\"@type\":\"ListItem\",\"position\":1,\"name\":\"Home\",\"item\":\"https:\/\/dev.monti.lt\/\"},{\"@type\":\"ListItem\",\"position\":2,\"name\":\"Parduotuv\u0117\",\"item\":\"https:\/\/dev.monti.lt\/shop\/\"},{\"@type\":\"ListItem\",\"position\":3,\"name\":\"Telefonas-projektorius ro\u017einis\"}]},{\"@type\":\"WebSite\",\"@id\":\"https:\/\/dev.monti.lt\/#website\",\"url\":\"https:\/\/dev.monti.lt\/\",\"name\":\"Montessori \u017eaislai\",\"description\":\"\",\"publisher\":{\"@id\":\"https:\/\/dev.monti.lt\/#organization\"},\"potentialAction\":[{\"@type\":\"SearchAction\",\"target\":{\"@type\":\"EntryPoint\",\"urlTemplate\":\"https:\/\/dev.monti.lt\/?s={search_term_string}\"},\"query-input\":\"required name=search_term_string\"}],\"inLanguage\":\"en-US\"},{\"@type\":\"Organization\",\"@id\":\"https:\/\/dev.monti.lt\/#organization\",\"name\":\"Montessori \u017eaislai\",\"url\":\"https:\/\/dev.monti.lt\/\",\"logo\":{\"@type\":\"ImageObject\",\"inLanguage\":\"en-US\",\"@id\":\"https:\/\/dev.monti.lt\/#\/schema\/logo\/image\/\",\"url\":\"https:\/\/dev.monti.lt\/wp-content\/uploads\/2022\/03\/montilogo-1.png\",\"contentUrl\":\"https:\/\/dev.monti.lt\/wp-content\/uploads\/2022\/03\/montilogo-1.png\",\"width\":512,\"height\":512,\"caption\":\"Montessori \u017eaislai\"},\"image\":{\"@id\":\"https:\/\/dev.monti.lt\/#\/schema\/logo\/image\/\"}}]}<\/script>\n<!-- \/ Yoast SEO plugin. -->","yoast_head_json":{"title":"Telefonas-projektorius ro\u017einis - Montessori \u017eaislai","robots":{"index":"noindex","follow":"follow","max-snippet":"max-snippet:-1","max-image-preview":"max-image-preview:large","max-video-preview":"max-video-preview:-1"},"og_locale":"en_US","og_type":"article","og_title":"Telefonas-projektorius ro\u017einis - Montessori \u017eaislai","og_description":"Daugiafunkcinis \u017eaislas su \u017evaig\u017ed\u017ei\u0173 projektoriumi.","og_url":"https:\/\/dev.monti.lt\/en\/product\/telefonas-projektorius-rozinis\/","og_site_name":"Montessori \u017eaislai","article_modified_time":"2024-10-08T17:44:23+00:00","og_image":[{"width":1600,"height":1200,"url":"https:\/\/dev.monti.lt\/wp-content\/uploads\/2022\/03\/KX598072043-2.jpg","type":"image\/jpeg"}],"twitter_card":"summary_large_image","twitter_misc":{"Est. reading time":"2 minutes"},"schema":{"@context":"https:\/\/schema.org","@graph":[{"@type":"WebPage","@id":"https:\/\/dev.monti.lt\/product\/telefonas-projektorius-rozinis\/","url":"https:\/\/dev.monti.lt\/product\/telefonas-projektorius-rozinis\/","name":"Telefonas-projektorius ro\u017einis - Montessori \u017eaislai","isPartOf":{"@id":"https:\/\/dev.monti.lt\/#website"},"primaryImageOfPage":{"@id":"https:\/\/dev.monti.lt\/product\/telefonas-projektorius-rozinis\/#primaryimage"},"image":{"@id":"https:\/\/dev.monti.lt\/product\/telefonas-projektorius-rozinis\/#primaryimage"},"thumbnailUrl":"https:\/\/dev.monti.lt\/wp-content\/uploads\/2022\/03\/KX598072043-2.jpg","datePublished":"2022-03-31T17:40:46+00:00","dateModified":"2024-10-08T17:44:23+00:00","breadcrumb":{"@id":"https:\/\/dev.monti.lt\/product\/telefonas-projektorius-rozinis\/#breadcrumb"},"inLanguage":"en-US","potentialAction":[{"@type":"ReadAction","target":["https:\/\/dev.monti.lt\/product\/telefonas-projektorius-rozinis\/"]}]},{"@type":"ImageObject","inLanguage":"en-US","@id":"https:\/\/dev.monti.lt\/product\/telefonas-projektorius-rozinis\/#primaryimage","url":"https:\/\/dev.monti.lt\/wp-content\/uploads\/2022\/03\/KX598072043-2.jpg","contentUrl":"https:\/\/dev.monti.lt\/wp-content\/uploads\/2022\/03\/KX598072043-2.jpg","width":1600,"height":1200},{"@type":"BreadcrumbList","@id":"https:\/\/dev.monti.lt\/product\/telefonas-projektorius-rozinis\/#breadcrumb","itemListElement":[{"@type":"ListItem","position":1,"name":"Home","item":"https:\/\/dev.monti.lt\/"},{"@type":"ListItem","position":2,"name":"Parduotuv\u0117","item":"https:\/\/dev.monti.lt\/shop\/"},{"@type":"ListItem","position":3,"name":"Telefonas-projektorius ro\u017einis"}]},{"@type":"WebSite","@id":"https:\/\/dev.monti.lt\/#website","url":"https:\/\/dev.monti.lt\/","name":"Montessori \u017eaislai","description":"","publisher":{"@id":"https:\/\/dev.monti.lt\/#organization"},"potentialAction":[{"@type":"SearchAction","target":{"@type":"EntryPoint","urlTemplate":"https:\/\/dev.monti.lt\/?s={search_term_string}"},"query-input":"required name=search_term_string"}],"inLanguage":"en-US"},{"@type":"Organization","@id":"https:\/\/dev.monti.lt\/#organization","name":"Montessori \u017eaislai","url":"https:\/\/dev.monti.lt\/","logo":{"@type":"ImageObject","inLanguage":"en-US","@id":"https:\/\/dev.monti.lt\/#\/schema\/logo\/image\/","url":"https:\/\/dev.monti.lt\/wp-content\/uploads\/2022\/03\/montilogo-1.png","contentUrl":"https:\/\/dev.monti.lt\/wp-content\/uploads\/2022\/03\/montilogo-1.png","width":512,"height":512,"caption":"Montessori \u017eaislai"},"image":{"@id":"https:\/\/dev.monti.lt\/#\/schema\/logo\/image\/"}}]}},"_links":{"self":[{"href":"https:\/\/dev.monti.lt\/en\/wp-json\/wp\/v2\/product\/7504"}],"collection":[{"href":"https:\/\/dev.monti.lt\/en\/wp-json\/wp\/v2\/product"}],"about":[{"href":"https:\/\/dev.monti.lt\/en\/wp-json\/wp\/v2\/types\/product"}],"version-history":[{"count":4,"href":"https:\/\/dev.monti.lt\/en\/wp-json\/wp\/v2\/product\/7504\/revisions"}],"predecessor-version":[{"id":15203,"href":"https:\/\/dev.monti.lt\/en\/wp-json\/wp\/v2\/product\/7504\/revisions\/15203"}],"wp:featuredmedia":[{"embeddable":true,"href":"https:\/\/dev.monti.lt\/en\/wp-json\/wp\/v2\/media\/7514"}],"wp:attachment":[{"href":"https:\/\/dev.monti.lt\/en\/wp-json\/wp\/v2\/media?parent=7504"}],"wp:term":[{"taxonomy":"product_cat","embeddable":true,"href":"https:\/\/dev.monti.lt\/en\/wp-json\/wp\/v2\/product_cat?post=7504"},{"taxonomy":"product_tag","embeddable":true,"href":"https:\/\/dev.monti.lt\/en\/wp-json\/wp\/v2\/product_tag?post=7504"}],"curies":[{"name":"wp","href":"https:\/\/api.w.org\/{rel}","templated":true}]}}