{"id":7494,"date":"2022-03-31T17:26:18","date_gmt":"2022-03-31T17:26:18","guid":{"rendered":"https:\/\/dev.monti.lt\/?post_type=product&#038;p=7494"},"modified":"2024-10-08T22:13:38","modified_gmt":"2024-10-08T22:13:38","slug":"medinis-stumdukas-6in1","status":"publish","type":"product","link":"https:\/\/dev.monti.lt\/en\/product\/medinis-stumdukas-6in1\/","title":{"rendered":"Medinis stumdukas 6in1"},"content":{"rendered":"<p><span data-sheets-value=\"{&quot;1&quot;:2,&quot;2&quot;:&quot;Vaik\u0161tyn\u0117, kuri pad\u0117s j\u016bs\u0173 ma\u017eyliui lengviau \u017eengti pirmuosius \u017eingsnius. Jis taip pat puikiai tiks ir v\u0117lesniame am\u017eiuje kaip ve\u017eim\u0117lis j\u016bs\u0173 m\u0117gstamiems \u017eaislams.\\n\\nVaik\u0161\u010diojimas su stumduku padeda j\u016bs\u0173 ma\u017eyliui i\u0161laikyti pusiausvyr\u0105 mokantis vaik\u0161\u010dioti. Tai lavina viso k\u016bno motorinius \u012fg\u016bd\u017eius. Vaik\u0161\u010diojimas paskatins j\u016bs\u0173 ma\u017eyl\u012f mank\u0161tintis.\\n\\nM\u016bs\u0173 vaik\u0161tyn\u0117 yra stabili atrama besimokan\u010diam vaik\u0161\u010dioti ma\u017eyliui. Vaikas negal\u0117s jo nuversti. Mediniai ratai tvirtinami neslid\u017eiu gumos sluoksniu.\\n\\nEstetinis dizainas, i\u0161rai\u0161kingos spalvos, d\u0117mesys detal\u0117ms \u2013 tai malonus ir saugus j\u016bs\u0173 vaiko palydovas. \\n\\n\u0160is stumdukas patiks t\u0117vams, ie\u0161kantiems ekologi\u0161k\u0173 \u017eaisl\u0173 savo ma\u017eyliui. Mediniai \u017eaislai \u2013 puikus pasirinkimas!\\nTai ne tik vaik\u0161tyn\u0117! St\u016bmiklio priekyje yra sensorin\u0117 lenta , pilna element\u0173, kurie prad\u017eiugins vaikus:\\n\\nlaikrodis su judan\u010diais rodykl\u0117mis\\nkrumpliara\u010diai\\nd\u0117lion\u0117 su 3 paveiksl\u0117liais\\n\\&quot;telefonas\\&quot; su mygtukais (galima nuimti nuo lentos)\\nmetalofonas su pagaliuku\\n3 spalvoti, judantys kubeliai \\nVisi elementai, i\u0161skyrus cimbolus, pagaminti i\u0161 med\u017eio.\\n\\nBe to, \u0161onuose yra:\\n\\nr\u016b\u0161iuoklis su keturiomis spalvotomis kalad\u0117l\u0117mis\\nlabirintas su trimis gyv\u016bnais\\n\\nVisi elementai buvo kruop\u0161\u010diai nu\u0161lifuoti, kad apsaugot\u0173 ma\u017eas rankas nuo dro\u017eli\u0173. Tada jie buvo nuda\u017eyti aplinkai saugiais, netoksi\u0161kais da\u017eais.\\n\\nVaik\u0161tyn\u0117s pagrinde taip pat yra d\u0117\u017e\u0117 , \u012f kuri\u0105 kris kalad\u0117l\u0117s i\u0161 r\u016b\u0161iuoklio. Jame galite laikyti daugyb\u0119 kit\u0173 \u017eaisl\u0173. \\nSavaranki\u0161ko surinkimo ve\u017eim\u0117lis.\\n\\nI\u0161matavimai 51cm x 32,5cm x 31cm\\n\\nPakuot\u0117s i\u0161matavimai: 54cm x 10cm x 33cm\\n\u017daisl\u0105 reikia savaranki\u0161kai susirinkti.&quot;}\" data-sheets-userformat=\"{&quot;2&quot;:15231,&quot;3&quot;:{&quot;1&quot;:0},&quot;4&quot;:{&quot;1&quot;:2,&quot;2&quot;:16777215},&quot;5&quot;:{&quot;1&quot;:[{&quot;1&quot;:2,&quot;2&quot;:0,&quot;5&quot;:{&quot;1&quot;:2,&quot;2&quot;:0}},{&quot;1&quot;:0,&quot;2&quot;:0,&quot;3&quot;:3},{&quot;1&quot;:1,&quot;2&quot;:0,&quot;4&quot;:1}]},&quot;6&quot;:{&quot;1&quot;:[{&quot;1&quot;:2,&quot;2&quot;:0,&quot;5&quot;:{&quot;1&quot;:2,&quot;2&quot;:0}},{&quot;1&quot;:0,&quot;2&quot;:0,&quot;3&quot;:3},{&quot;1&quot;:1,&quot;2&quot;:0,&quot;4&quot;:1}]},&quot;7&quot;:{&quot;1&quot;:[{&quot;1&quot;:2,&quot;2&quot;:0,&quot;5&quot;:{&quot;1&quot;:2,&quot;2&quot;:0}},{&quot;1&quot;:0,&quot;2&quot;:0,&quot;3&quot;:3},{&quot;1&quot;:1,&quot;2&quot;:0,&quot;4&quot;:1}]},&quot;8&quot;:{&quot;1&quot;:[{&quot;1&quot;:2,&quot;2&quot;:0,&quot;5&quot;:{&quot;1&quot;:2,&quot;2&quot;:0}},{&quot;1&quot;:0,&quot;2&quot;:0,&quot;3&quot;:3},{&quot;1&quot;:1,&quot;2&quot;:0,&quot;4&quot;:1}]},&quot;9&quot;:0,&quot;11&quot;:4,&quot;12&quot;:0,&quot;14&quot;:{&quot;1&quot;:2,&quot;2&quot;:1842721},&quot;15&quot;:&quot;Arial&quot;,&quot;16&quot;:10}\" data-sheets-formula=\"=VLOOKUP(R[0]C[-6],Aprasymas!R[-102]:R[897],5,0)\">Vaik\u0161tyn\u0117, kuri pad\u0117s j\u016bs\u0173 ma\u017eyliui lengviau \u017eengti pirmuosius \u017eingsnius. Ji taip pat puikiai tiks ir v\u0117lesniame am\u017eiuje kaip ve\u017eim\u0117lis j\u016bs\u0173 m\u0117gstamiems \u017eaislams.<\/span><\/p>\n<p>Vaik\u0161\u010diojimas su stumduku padeda j\u016bs\u0173 ma\u017eyliui i\u0161laikyti pusiausvyr\u0105 mokantis vaik\u0161\u010dioti. Tai lavina viso k\u016bno motorinius \u012fg\u016bd\u017eius. Vaik\u0161\u010diojimas paskatins j\u016bs\u0173 ma\u017eyl\u012f mank\u0161tintis.<\/p>\n<p>M\u016bs\u0173 vaik\u0161tyn\u0117 yra stabili atrama besimokan\u010diam vaik\u0161\u010dioti ma\u017eyliui. Vaikas negal\u0117s jo nuversti. Mediniai ratai tvirtinami neslid\u017eiu gumos sluoksniu.<\/p>\n<p>Estetinis dizainas, i\u0161rai\u0161kingos spalvos, d\u0117mesys detal\u0117ms \u2013 tai malonus ir saugus j\u016bs\u0173 vaiko palydovas.<\/p>\n<p>\u0160is stumdukas patiks t\u0117vams, ie\u0161kantiems ekologi\u0161k\u0173 \u017eaisl\u0173 savo ma\u017eyliui. Mediniai \u017eaislai \u2013 puikus pasirinkimas!&nbsp;St\u016bmiklio priekyje yra sensorin\u0117 lenta , pilna element\u0173, kurie prad\u017eiugins vaikus:<\/p>\n<p>laikrodis su judan\u010diais rodykl\u0117mis<br \/>\nkrumpliara\u010diai<br \/>\nd\u0117lion\u0117 su 3 paveiksl\u0117liais<br \/>\n&#8220;telefonas&#8221; su mygtukais (galima nuimti nuo lentos)<br \/>\nmetalofonas su pagaliuku<br \/>\n3 spalvoti, judantys kubeliai<br \/>\nVisi elementai, i\u0161skyrus cimbolus, pagaminti i\u0161 med\u017eio.<\/p>\n<p>Be to, \u0161onuose yra:<\/p>\n<p>r\u016b\u0161iuoklis su keturiomis spalvotomis kalad\u0117l\u0117mis<br \/>\nlabirintas su trimis gyv\u016bnais<\/p>\n<p>Visi elementai buvo kruop\u0161\u010diai nu\u0161lifuoti, kad apsaugot\u0173 ma\u017eas rankas nuo dro\u017eli\u0173. Tada jie buvo nuda\u017eyti aplinkai saugiais, netoksi\u0161kais da\u017eais.<\/p>\n<p>Vaik\u0161tyn\u0117s pagrinde taip pat yra d\u0117\u017e\u0117 , \u012f kuri\u0105 kris kalad\u0117l\u0117s i\u0161 r\u016b\u0161iuoklio. Jame galite laikyti daugyb\u0119 kit\u0173 \u017eaisl\u0173.<br \/>\nSavaranki\u0161ko surinkimo ve\u017eim\u0117lis.<\/p>\n<p>I\u0161matavimai 51cm x 32,5cm x 31cm<\/p>\n<p>Pakuot\u0117s i\u0161matavimai: 54cm x 10cm x 33cm<br \/>\n\u017daisl\u0105 reikia savaranki\u0161kai susirinkti.<\/p>","protected":false},"excerpt":{"rendered":"<p><span data-sheets-value=\"{\" data-sheets-userformat=\"{\" data-sheets-formula=\"=VLOOKUP(R[0]C[-6],Aprasymas!R[-102]:R[897],5,0)\">\u0160is stumdukas patiks t\u0117vams, ie\u0161kantiems ekologi\u0161k\u0173 \u017eaisl\u0173 savo ma\u017eyliui. Mediniai \u017eaislai \u2013 puikus pasirinkimas!<br \/>\nTai ne tik vaik\u0161tyn\u0117! St\u016bmiklio priekyje yra sensorin\u0117 lenta , pilna element\u0173, kurie prad\u017eiugins vaikus:<\/span><\/p>","protected":false},"featured_media":7495,"template":"","meta":{"iawp_total_views":336},"product_cat":[213,193,200,191,82,192,84,91,102,83,90,86,50,49,39],"product_tag":[95,96,97],"class_list":{"0":"post-7494","1":"product","2":"type-product","3":"status-publish","4":"has-post-thumbnail","6":"product_cat-akcija","7":"product_cat-dovanos-vaikams-1-2-metu","8":"product_cat-dovanos-kudikiams","9":"product_cat-dovanos-vaikams","10":"product_cat-ispardavimas","11":"product_cat-kaledines-dovanos-vaikams","12":"product_cat-lavinamieji-zaislai","13":"product_cat-loginiam-mastymui","14":"product_cat-mediniai-zaislai","15":"product_cat-montessori-zaislai","16":"product_cat-pasaulio-pazinimas","17":"product_cat-smulkioji-motorika","18":"product_cat-top-dovanos","19":"product_cat-visi-zaislai","20":"product_cat-zaislai","21":"product_tag-1-m-2-m","22":"product_tag-2-m-3-m","23":"product_tag-3-m-4-m","25":"first","26":"instock","27":"sale","28":"taxable","29":"shipping-taxable","30":"purchasable","31":"product-type-simple"},"yoast_head":"<!-- This site is optimized with the Yoast SEO plugin v23.3 - https:\/\/yoast.com\/wordpress\/plugins\/seo\/ -->\n<title>Medinis stumdukas 6in1 - Montessori \u017eaislai<\/title>\n<meta name=\"robots\" content=\"noindex, follow, max-snippet:-1, max-image-preview:large, max-video-preview:-1\" \/>\n<meta property=\"og:locale\" content=\"en_US\" \/>\n<meta property=\"og:type\" content=\"article\" \/>\n<meta property=\"og:title\" content=\"Medinis stumdukas 6in1 - Montessori \u017eaislai\" \/>\n<meta property=\"og:description\" content=\"\u0160is stumdukas patiks t\u0117vams, ie\u0161kantiems ekologi\u0161k\u0173 \u017eaisl\u0173 savo ma\u017eyliui. Mediniai \u017eaislai \u2013 puikus pasirinkimas! Tai ne tik vaik\u0161tyn\u0117! St\u016bmiklio priekyje yra sensorin\u0117 lenta , pilna element\u0173, kurie prad\u017eiugins vaikus:\" \/>\n<meta property=\"og:url\" content=\"https:\/\/dev.monti.lt\/en\/product\/medinis-stumdukas-6in1\/\" \/>\n<meta property=\"og:site_name\" content=\"Montessori \u017eaislai\" \/>\n<meta property=\"article:modified_time\" content=\"2024-10-08T22:13:38+00:00\" \/>\n<meta property=\"og:image\" content=\"https:\/\/dev.monti.lt\/wp-content\/uploads\/2022\/03\/KX649566789.jpg\" \/>\n\t<meta property=\"og:image:width\" content=\"1020\" \/>\n\t<meta property=\"og:image:height\" content=\"1280\" \/>\n\t<meta property=\"og:image:type\" content=\"image\/jpeg\" \/>\n<meta name=\"twitter:card\" content=\"summary_large_image\" \/>\n<meta name=\"twitter:label1\" content=\"Est. reading time\" \/>\n\t<meta name=\"twitter:data1\" content=\"1 minute\" \/>\n<script type=\"application\/ld+json\" class=\"yoast-schema-graph\">{\"@context\":\"https:\/\/schema.org\",\"@graph\":[{\"@type\":\"WebPage\",\"@id\":\"https:\/\/dev.monti.lt\/product\/medinis-stumdukas-6in1\/\",\"url\":\"https:\/\/dev.monti.lt\/product\/medinis-stumdukas-6in1\/\",\"name\":\"Medinis stumdukas 6in1 - Montessori \u017eaislai\",\"isPartOf\":{\"@id\":\"https:\/\/dev.monti.lt\/#website\"},\"primaryImageOfPage\":{\"@id\":\"https:\/\/dev.monti.lt\/product\/medinis-stumdukas-6in1\/#primaryimage\"},\"image\":{\"@id\":\"https:\/\/dev.monti.lt\/product\/medinis-stumdukas-6in1\/#primaryimage\"},\"thumbnailUrl\":\"https:\/\/dev.monti.lt\/wp-content\/uploads\/2022\/03\/KX649566789.jpg\",\"datePublished\":\"2022-03-31T17:26:18+00:00\",\"dateModified\":\"2024-10-08T22:13:38+00:00\",\"breadcrumb\":{\"@id\":\"https:\/\/dev.monti.lt\/product\/medinis-stumdukas-6in1\/#breadcrumb\"},\"inLanguage\":\"en-US\",\"potentialAction\":[{\"@type\":\"ReadAction\",\"target\":[\"https:\/\/dev.monti.lt\/product\/medinis-stumdukas-6in1\/\"]}]},{\"@type\":\"ImageObject\",\"inLanguage\":\"en-US\",\"@id\":\"https:\/\/dev.monti.lt\/product\/medinis-stumdukas-6in1\/#primaryimage\",\"url\":\"https:\/\/dev.monti.lt\/wp-content\/uploads\/2022\/03\/KX649566789.jpg\",\"contentUrl\":\"https:\/\/dev.monti.lt\/wp-content\/uploads\/2022\/03\/KX649566789.jpg\",\"width\":1020,\"height\":1280,\"caption\":\"Stumdukas\"},{\"@type\":\"BreadcrumbList\",\"@id\":\"https:\/\/dev.monti.lt\/product\/medinis-stumdukas-6in1\/#breadcrumb\",\"itemListElement\":[{\"@type\":\"ListItem\",\"position\":1,\"name\":\"Home\",\"item\":\"https:\/\/dev.monti.lt\/\"},{\"@type\":\"ListItem\",\"position\":2,\"name\":\"Parduotuv\u0117\",\"item\":\"https:\/\/dev.monti.lt\/shop\/\"},{\"@type\":\"ListItem\",\"position\":3,\"name\":\"Medinis stumdukas 6in1\"}]},{\"@type\":\"WebSite\",\"@id\":\"https:\/\/dev.monti.lt\/#website\",\"url\":\"https:\/\/dev.monti.lt\/\",\"name\":\"Montessori \u017eaislai\",\"description\":\"\",\"publisher\":{\"@id\":\"https:\/\/dev.monti.lt\/#organization\"},\"potentialAction\":[{\"@type\":\"SearchAction\",\"target\":{\"@type\":\"EntryPoint\",\"urlTemplate\":\"https:\/\/dev.monti.lt\/?s={search_term_string}\"},\"query-input\":\"required name=search_term_string\"}],\"inLanguage\":\"en-US\"},{\"@type\":\"Organization\",\"@id\":\"https:\/\/dev.monti.lt\/#organization\",\"name\":\"Montessori \u017eaislai\",\"url\":\"https:\/\/dev.monti.lt\/\",\"logo\":{\"@type\":\"ImageObject\",\"inLanguage\":\"en-US\",\"@id\":\"https:\/\/dev.monti.lt\/#\/schema\/logo\/image\/\",\"url\":\"https:\/\/dev.monti.lt\/wp-content\/uploads\/2022\/03\/montilogo-1.png\",\"contentUrl\":\"https:\/\/dev.monti.lt\/wp-content\/uploads\/2022\/03\/montilogo-1.png\",\"width\":512,\"height\":512,\"caption\":\"Montessori \u017eaislai\"},\"image\":{\"@id\":\"https:\/\/dev.monti.lt\/#\/schema\/logo\/image\/\"}}]}<\/script>\n<!-- \/ Yoast SEO plugin. -->","yoast_head_json":{"title":"Medinis stumdukas 6in1 - Montessori \u017eaislai","robots":{"index":"noindex","follow":"follow","max-snippet":"max-snippet:-1","max-image-preview":"max-image-preview:large","max-video-preview":"max-video-preview:-1"},"og_locale":"en_US","og_type":"article","og_title":"Medinis stumdukas 6in1 - Montessori \u017eaislai","og_description":"\u0160is stumdukas patiks t\u0117vams, ie\u0161kantiems ekologi\u0161k\u0173 \u017eaisl\u0173 savo ma\u017eyliui. Mediniai \u017eaislai \u2013 puikus pasirinkimas! Tai ne tik vaik\u0161tyn\u0117! St\u016bmiklio priekyje yra sensorin\u0117 lenta , pilna element\u0173, kurie prad\u017eiugins vaikus:","og_url":"https:\/\/dev.monti.lt\/en\/product\/medinis-stumdukas-6in1\/","og_site_name":"Montessori \u017eaislai","article_modified_time":"2024-10-08T22:13:38+00:00","og_image":[{"width":1020,"height":1280,"url":"https:\/\/dev.monti.lt\/wp-content\/uploads\/2022\/03\/KX649566789.jpg","type":"image\/jpeg"}],"twitter_card":"summary_large_image","twitter_misc":{"Est. reading time":"1 minute"},"schema":{"@context":"https:\/\/schema.org","@graph":[{"@type":"WebPage","@id":"https:\/\/dev.monti.lt\/product\/medinis-stumdukas-6in1\/","url":"https:\/\/dev.monti.lt\/product\/medinis-stumdukas-6in1\/","name":"Medinis stumdukas 6in1 - Montessori \u017eaislai","isPartOf":{"@id":"https:\/\/dev.monti.lt\/#website"},"primaryImageOfPage":{"@id":"https:\/\/dev.monti.lt\/product\/medinis-stumdukas-6in1\/#primaryimage"},"image":{"@id":"https:\/\/dev.monti.lt\/product\/medinis-stumdukas-6in1\/#primaryimage"},"thumbnailUrl":"https:\/\/dev.monti.lt\/wp-content\/uploads\/2022\/03\/KX649566789.jpg","datePublished":"2022-03-31T17:26:18+00:00","dateModified":"2024-10-08T22:13:38+00:00","breadcrumb":{"@id":"https:\/\/dev.monti.lt\/product\/medinis-stumdukas-6in1\/#breadcrumb"},"inLanguage":"en-US","potentialAction":[{"@type":"ReadAction","target":["https:\/\/dev.monti.lt\/product\/medinis-stumdukas-6in1\/"]}]},{"@type":"ImageObject","inLanguage":"en-US","@id":"https:\/\/dev.monti.lt\/product\/medinis-stumdukas-6in1\/#primaryimage","url":"https:\/\/dev.monti.lt\/wp-content\/uploads\/2022\/03\/KX649566789.jpg","contentUrl":"https:\/\/dev.monti.lt\/wp-content\/uploads\/2022\/03\/KX649566789.jpg","width":1020,"height":1280,"caption":"Stumdukas"},{"@type":"BreadcrumbList","@id":"https:\/\/dev.monti.lt\/product\/medinis-stumdukas-6in1\/#breadcrumb","itemListElement":[{"@type":"ListItem","position":1,"name":"Home","item":"https:\/\/dev.monti.lt\/"},{"@type":"ListItem","position":2,"name":"Parduotuv\u0117","item":"https:\/\/dev.monti.lt\/shop\/"},{"@type":"ListItem","position":3,"name":"Medinis stumdukas 6in1"}]},{"@type":"WebSite","@id":"https:\/\/dev.monti.lt\/#website","url":"https:\/\/dev.monti.lt\/","name":"Montessori \u017eaislai","description":"","publisher":{"@id":"https:\/\/dev.monti.lt\/#organization"},"potentialAction":[{"@type":"SearchAction","target":{"@type":"EntryPoint","urlTemplate":"https:\/\/dev.monti.lt\/?s={search_term_string}"},"query-input":"required name=search_term_string"}],"inLanguage":"en-US"},{"@type":"Organization","@id":"https:\/\/dev.monti.lt\/#organization","name":"Montessori \u017eaislai","url":"https:\/\/dev.monti.lt\/","logo":{"@type":"ImageObject","inLanguage":"en-US","@id":"https:\/\/dev.monti.lt\/#\/schema\/logo\/image\/","url":"https:\/\/dev.monti.lt\/wp-content\/uploads\/2022\/03\/montilogo-1.png","contentUrl":"https:\/\/dev.monti.lt\/wp-content\/uploads\/2022\/03\/montilogo-1.png","width":512,"height":512,"caption":"Montessori \u017eaislai"},"image":{"@id":"https:\/\/dev.monti.lt\/#\/schema\/logo\/image\/"}}]}},"_links":{"self":[{"href":"https:\/\/dev.monti.lt\/en\/wp-json\/wp\/v2\/product\/7494"}],"collection":[{"href":"https:\/\/dev.monti.lt\/en\/wp-json\/wp\/v2\/product"}],"about":[{"href":"https:\/\/dev.monti.lt\/en\/wp-json\/wp\/v2\/types\/product"}],"version-history":[{"count":5,"href":"https:\/\/dev.monti.lt\/en\/wp-json\/wp\/v2\/product\/7494\/revisions"}],"predecessor-version":[{"id":14733,"href":"https:\/\/dev.monti.lt\/en\/wp-json\/wp\/v2\/product\/7494\/revisions\/14733"}],"wp:featuredmedia":[{"embeddable":true,"href":"https:\/\/dev.monti.lt\/en\/wp-json\/wp\/v2\/media\/7495"}],"wp:attachment":[{"href":"https:\/\/dev.monti.lt\/en\/wp-json\/wp\/v2\/media?parent=7494"}],"wp:term":[{"taxonomy":"product_cat","embeddable":true,"href":"https:\/\/dev.monti.lt\/en\/wp-json\/wp\/v2\/product_cat?post=7494"},{"taxonomy":"product_tag","embeddable":true,"href":"https:\/\/dev.monti.lt\/en\/wp-json\/wp\/v2\/product_tag?post=7494"}],"curies":[{"name":"wp","href":"https:\/\/api.w.org\/{rel}","templated":true}]}}