{"id":7476,"date":"2022-03-31T15:59:17","date_gmt":"2022-03-31T15:59:17","guid":{"rendered":"https:\/\/dev.monti.lt\/?post_type=product&#038;p=7476"},"modified":"2024-10-03T07:35:17","modified_gmt":"2024-10-03T07:35:17","slug":"montessori-cilindrai","status":"publish","type":"product","link":"https:\/\/dev.monti.lt\/en\/product\/montessori-cilindrai\/","title":{"rendered":"Montessori cilindrai"},"content":{"rendered":"<p><span data-sheets-value=\"{&quot;1&quot;:2,&quot;2&quot;:&quot;\\nVienas \u017eaislas, daug galimybi\u0173.\\n\\nPaprasta forma, medin\u0117 apdaila puikiai dera su Montessori filosofija , kurios tikslas \u2013 daugiamatis vaiko mokymasis.\\nD\u0117lion\u0117 pad\u0117s tinkamai vystytis vaikui. \u017daidimas su cilindrais skatina k\u016brybi\u0161kum\u0105, moko loginio m\u0105stymo ir padeda tinkamai lavinti motorinius \u012fg\u016bd\u017eius.\\n\\nRinkin\u012f sudaro:\\n4x stovai\\n20x \u012fvairi\u0173 dyd\u017ei\u0173 cilindrai \\nMatmenys:\\nstovas: 15cm x 4cm x 3,5cm\\npakuot\u0117: 16cm x 16cm x 5,5cm\\n\\n &quot;}\" data-sheets-userformat=\"{&quot;2&quot;:15231,&quot;3&quot;:{&quot;1&quot;:0},&quot;4&quot;:{&quot;1&quot;:2,&quot;2&quot;:16777215},&quot;5&quot;:{&quot;1&quot;:[{&quot;1&quot;:2,&quot;2&quot;:0,&quot;5&quot;:{&quot;1&quot;:2,&quot;2&quot;:0}},{&quot;1&quot;:0,&quot;2&quot;:0,&quot;3&quot;:3},{&quot;1&quot;:1,&quot;2&quot;:0,&quot;4&quot;:1}]},&quot;6&quot;:{&quot;1&quot;:[{&quot;1&quot;:2,&quot;2&quot;:0,&quot;5&quot;:{&quot;1&quot;:2,&quot;2&quot;:0}},{&quot;1&quot;:0,&quot;2&quot;:0,&quot;3&quot;:3},{&quot;1&quot;:1,&quot;2&quot;:0,&quot;4&quot;:1}]},&quot;7&quot;:{&quot;1&quot;:[{&quot;1&quot;:2,&quot;2&quot;:0,&quot;5&quot;:{&quot;1&quot;:2,&quot;2&quot;:0}},{&quot;1&quot;:0,&quot;2&quot;:0,&quot;3&quot;:3},{&quot;1&quot;:1,&quot;2&quot;:0,&quot;4&quot;:1}]},&quot;8&quot;:{&quot;1&quot;:[{&quot;1&quot;:2,&quot;2&quot;:0,&quot;5&quot;:{&quot;1&quot;:2,&quot;2&quot;:0}},{&quot;1&quot;:0,&quot;2&quot;:0,&quot;3&quot;:3},{&quot;1&quot;:1,&quot;2&quot;:0,&quot;4&quot;:1}]},&quot;9&quot;:0,&quot;11&quot;:4,&quot;12&quot;:0,&quot;14&quot;:{&quot;1&quot;:2,&quot;2&quot;:1842721},&quot;15&quot;:&quot;Arial&quot;,&quot;16&quot;:10}\" data-sheets-formula=\"=VLOOKUP(R[0]C[-6],Aprasymas!R[-95]:R[904],5,0)\"><br \/>\nVienas \u017eaislas, daug galimybi\u0173!<\/span><\/p>\n<p>Paprasta forma, medin\u0117 apdaila puikiai dera su Montessori metodologija, kurios tikslas \u2013 daugiamatis vaiko mokymasis.<\/p>\n<p>\u017daidimas su cilindrais skatina k\u016brybi\u0161kum\u0105, moko loginio m\u0105stymo ir padeda tinkamai lavinti motorinius \u012fg\u016bd\u017eius.<\/p>\n<p>Rinkin\u012f sudaro:<br \/>\n4x stovai<br \/>\n20x \u012fvairi\u0173 dyd\u017ei\u0173 cilindrai<\/p>\n<p>Matmenys:<br \/>\nstovas: 15cm x 4cm x 3,5cm<br \/>\npakuot\u0117: 16cm x 16cm x 5,5cm<\/p>\n<p><b><span>MEDINIAI CILINDRAI <\/span><\/b><span><b>MONTESSORI<\/b><\/span><b><\/b><\/p>\n<p><img decoding=\"async\" src=\"https:\/\/www.ikonka.com.pl\/img\/product_media\/41001-42000\/KX629569360.jpg\"><\/p>\n<p><span>Mediniai cilindrai bus tikras malonumas ma\u017eajam \u012fvairi\u0173 form\u0173 ir form\u0173 pasaulio tyrin\u0117tojui.<\/span><\/p>\n<p><span>D\u0117lion\u0117 atrodo trivialiai paprasta? Tai tik pasirodymai. Kiekvienas svoris yra skirtingo plo\u010dio ir auk\u0161\u010dio.<\/span><\/p>\n<p><span>Vienas \u017eaislas, daug galimybi\u0173.<\/span><\/p>\n<p><span>Paprasta forma, medin\u0117 apdaila ir vertingos ugdymo vertyb\u0117s puikiai <\/span><b><span>dera \u012f Montessori filosofij\u0105<\/span><\/b><span> , kurios tikslas \u2013 \u012fvairiapusis vaiko mokymasis.<\/span><\/p>\n<p><span>Svoriai yra puikus ir begalinis malonumas kartu su mokymusi.<\/span><\/p>\n<p><img decoding=\"async\" src=\"https:\/\/www.ikonka.com.pl\/img\/product_media\/41001-42000\/KX629569361.jpg\"><\/p>\n<p><span>D\u0117lion\u0117 pad\u0117s tinkamai vystytis vaikui. \u017daidimas su cilindrais skatina k\u016brybi\u0161kum\u0105, moko loginio m\u0105stymo ir padeda tinkamai lavinti rankinius \u012fg\u016bd\u017eius.<\/span><\/p>\n<p><span>Galite b\u016bti tikri, kad svarmen\u0173 formos d\u0117lion\u0117 suteiks j\u016bs\u0173 vaikui daug k\u016brybi\u0161kumo ir begalinio linksmumo.<\/span><\/p>\n<p><span>Spalvingi cilindrai taip pat puikiai tiks kaip svarstykli\u0173 svarmenys \u017eaid\u017eiant parduotuv\u0117je.<\/span><\/p>\n<p><span>B\u016bkite ram\u016bs, nepamir\u0161ome svarbiausio dalyko &#8211; <\/span><b><span>VAIK\u0172 SAUGOS<\/span><\/b><span> . Visi elementai kruop\u0161\u010diai nu\u0161lifuoti ir padengti netoksi\u0161kais da\u017eais taip, kad vaikas \u017eaisdamas nelipt\u0173 \u012f rankas atplai\u0161\u0173<\/span><\/p>\n<p><span>J\u012f tikrai pam\u0117gs ne tik vaikai, bet ir paprastum\u0105 bei ekologi\u0161kus \u017eaislus vertinantys suaugusieji.<\/span><\/p>\n<p><b><span>Komplekto turinys:<\/span><\/b><\/p>\n<ul>\n<li>\n<div><span>4x pad\u0117kliukai<\/span><\/div>\n<\/li>\n<li>\n<div><span>20x \u012fvairi\u0173 dyd\u017ei\u0173 cilindrai<\/span><\/div>\n<\/li>\n<\/ul>\n<p><strong>&nbsp;<\/strong><img decoding=\"async\" src=\"https:\/\/www.ikonka.com.pl\/img\/product_media\/41001-42000\/KX629569363.jpg\"><\/p>\n<p><b><span>Matmenys:<\/span><\/b><\/p>\n<ul>\n<li>\n<div><span>pagrindas: <\/span><span>15cm x 4cm x 3,5cm<\/span><\/div>\n<\/li>\n<li><span>pakuot\u0117: 16cm x 16cm x 5,5cm<\/span><\/li>\n<\/ul>\n<p><span style=\"font-family: Calibri;\">&nbsp;<img decoding=\"async\" src=\"https:\/\/www.ikonka.com.pl\/img\/product_media\/41001-42000\/KX629569362.jpg\"><\/span><\/p>","protected":false},"excerpt":{"rendered":"<p><span data-sheets-value=\"{\" data-sheets-userformat=\"{\" data-sheets-formula=\"=VLOOKUP(R[0]C[-6],Aprasymas!R[-95]:R[904],5,0)\">Paprasta forma, medin\u0117 apdaila puikiai dera su Montessori filosofija , kurios tikslas \u2013 daugiamatis vaiko mokymasis.<\/span><\/p>","protected":false},"featured_media":7477,"template":"","meta":{"iawp_total_views":195},"product_cat":[218,208,92,195,197,196,191,192,84,91,210,102,88,83,86,50,199,49,39],"product_tag":[95,96,97,98],"class_list":{"0":"post-7476","1":"product","2":"type-product","3":"status-publish","4":"has-post-thumbnail","6":"product_cat-darzeliu-grupems","7":"product_cat-deliones-2","8":"product_cat-deliones","9":"product_cat-dovanos-vaikams-3-4-metu","10":"product_cat-dovanos-berniukams","11":"product_cat-dovanos-mergaitems","12":"product_cat-dovanos-vaikams","13":"product_cat-kaledines-dovanos-vaikams","14":"product_cat-lavinamieji-zaislai","15":"product_cat-loginiam-mastymui","16":"product_cat-medines-deliones","17":"product_cat-mediniai-zaislai","18":"product_cat-mokausi-zaisti","19":"product_cat-montessori-zaislai","20":"product_cat-smulkioji-motorika","21":"product_cat-top-dovanos","22":"product_cat-ugdymo-istaigoms","23":"product_cat-visi-zaislai","24":"product_cat-zaislai","25":"product_tag-1-m-2-m","26":"product_tag-2-m-3-m","27":"product_tag-3-m-4-m","28":"product_tag-5-m-7-m","30":"first","31":"instock","32":"taxable","33":"shipping-taxable","34":"purchasable","35":"product-type-simple"},"yoast_head":"<!-- This site is optimized with the Yoast SEO plugin v23.3 - https:\/\/yoast.com\/wordpress\/plugins\/seo\/ -->\n<title>Montessori cilindrai - Montessori \u017eaislai<\/title>\n<meta name=\"robots\" content=\"noindex, follow, max-snippet:-1, max-image-preview:large, max-video-preview:-1\" \/>\n<meta property=\"og:locale\" content=\"en_US\" \/>\n<meta property=\"og:type\" content=\"article\" \/>\n<meta property=\"og:title\" content=\"Montessori cilindrai - Montessori \u017eaislai\" \/>\n<meta property=\"og:description\" content=\"Paprasta forma, medin\u0117 apdaila puikiai dera su Montessori filosofija , kurios tikslas \u2013 daugiamatis vaiko mokymasis.\" \/>\n<meta property=\"og:url\" content=\"https:\/\/dev.monti.lt\/en\/product\/montessori-cilindrai\/\" \/>\n<meta property=\"og:site_name\" content=\"Montessori \u017eaislai\" \/>\n<meta property=\"article:modified_time\" content=\"2024-10-03T07:35:17+00:00\" \/>\n<meta property=\"og:image\" content=\"https:\/\/dev.monti.lt\/wp-content\/uploads\/2022\/03\/KX629569360-2.jpg\" \/>\n\t<meta property=\"og:image:width\" content=\"1600\" \/>\n\t<meta property=\"og:image:height\" content=\"1600\" \/>\n\t<meta property=\"og:image:type\" content=\"image\/jpeg\" \/>\n<meta name=\"twitter:card\" content=\"summary_large_image\" \/>\n<meta name=\"twitter:label1\" content=\"Est. reading time\" \/>\n\t<meta name=\"twitter:data1\" content=\"2 minutes\" \/>\n<script type=\"application\/ld+json\" class=\"yoast-schema-graph\">{\"@context\":\"https:\/\/schema.org\",\"@graph\":[{\"@type\":\"WebPage\",\"@id\":\"https:\/\/dev.monti.lt\/product\/montessori-cilindrai\/\",\"url\":\"https:\/\/dev.monti.lt\/product\/montessori-cilindrai\/\",\"name\":\"Montessori cilindrai - Montessori \u017eaislai\",\"isPartOf\":{\"@id\":\"https:\/\/dev.monti.lt\/#website\"},\"primaryImageOfPage\":{\"@id\":\"https:\/\/dev.monti.lt\/product\/montessori-cilindrai\/#primaryimage\"},\"image\":{\"@id\":\"https:\/\/dev.monti.lt\/product\/montessori-cilindrai\/#primaryimage\"},\"thumbnailUrl\":\"https:\/\/dev.monti.lt\/wp-content\/uploads\/2022\/03\/KX629569360-2.jpg\",\"datePublished\":\"2022-03-31T15:59:17+00:00\",\"dateModified\":\"2024-10-03T07:35:17+00:00\",\"breadcrumb\":{\"@id\":\"https:\/\/dev.monti.lt\/product\/montessori-cilindrai\/#breadcrumb\"},\"inLanguage\":\"en-US\",\"potentialAction\":[{\"@type\":\"ReadAction\",\"target\":[\"https:\/\/dev.monti.lt\/product\/montessori-cilindrai\/\"]}]},{\"@type\":\"ImageObject\",\"inLanguage\":\"en-US\",\"@id\":\"https:\/\/dev.monti.lt\/product\/montessori-cilindrai\/#primaryimage\",\"url\":\"https:\/\/dev.monti.lt\/wp-content\/uploads\/2022\/03\/KX629569360-2.jpg\",\"contentUrl\":\"https:\/\/dev.monti.lt\/wp-content\/uploads\/2022\/03\/KX629569360-2.jpg\",\"width\":1600,\"height\":1600},{\"@type\":\"BreadcrumbList\",\"@id\":\"https:\/\/dev.monti.lt\/product\/montessori-cilindrai\/#breadcrumb\",\"itemListElement\":[{\"@type\":\"ListItem\",\"position\":1,\"name\":\"Home\",\"item\":\"https:\/\/dev.monti.lt\/\"},{\"@type\":\"ListItem\",\"position\":2,\"name\":\"Parduotuv\u0117\",\"item\":\"https:\/\/dev.monti.lt\/shop\/\"},{\"@type\":\"ListItem\",\"position\":3,\"name\":\"Montessori cilindrai\"}]},{\"@type\":\"WebSite\",\"@id\":\"https:\/\/dev.monti.lt\/#website\",\"url\":\"https:\/\/dev.monti.lt\/\",\"name\":\"Montessori \u017eaislai\",\"description\":\"\",\"publisher\":{\"@id\":\"https:\/\/dev.monti.lt\/#organization\"},\"potentialAction\":[{\"@type\":\"SearchAction\",\"target\":{\"@type\":\"EntryPoint\",\"urlTemplate\":\"https:\/\/dev.monti.lt\/?s={search_term_string}\"},\"query-input\":\"required name=search_term_string\"}],\"inLanguage\":\"en-US\"},{\"@type\":\"Organization\",\"@id\":\"https:\/\/dev.monti.lt\/#organization\",\"name\":\"Montessori \u017eaislai\",\"url\":\"https:\/\/dev.monti.lt\/\",\"logo\":{\"@type\":\"ImageObject\",\"inLanguage\":\"en-US\",\"@id\":\"https:\/\/dev.monti.lt\/#\/schema\/logo\/image\/\",\"url\":\"https:\/\/dev.monti.lt\/wp-content\/uploads\/2022\/03\/montilogo-1.png\",\"contentUrl\":\"https:\/\/dev.monti.lt\/wp-content\/uploads\/2022\/03\/montilogo-1.png\",\"width\":512,\"height\":512,\"caption\":\"Montessori \u017eaislai\"},\"image\":{\"@id\":\"https:\/\/dev.monti.lt\/#\/schema\/logo\/image\/\"}}]}<\/script>\n<!-- \/ Yoast SEO plugin. -->","yoast_head_json":{"title":"Montessori cilindrai - Montessori \u017eaislai","robots":{"index":"noindex","follow":"follow","max-snippet":"max-snippet:-1","max-image-preview":"max-image-preview:large","max-video-preview":"max-video-preview:-1"},"og_locale":"en_US","og_type":"article","og_title":"Montessori cilindrai - Montessori \u017eaislai","og_description":"Paprasta forma, medin\u0117 apdaila puikiai dera su Montessori filosofija , kurios tikslas \u2013 daugiamatis vaiko mokymasis.","og_url":"https:\/\/dev.monti.lt\/en\/product\/montessori-cilindrai\/","og_site_name":"Montessori \u017eaislai","article_modified_time":"2024-10-03T07:35:17+00:00","og_image":[{"width":1600,"height":1600,"url":"https:\/\/dev.monti.lt\/wp-content\/uploads\/2022\/03\/KX629569360-2.jpg","type":"image\/jpeg"}],"twitter_card":"summary_large_image","twitter_misc":{"Est. reading time":"2 minutes"},"schema":{"@context":"https:\/\/schema.org","@graph":[{"@type":"WebPage","@id":"https:\/\/dev.monti.lt\/product\/montessori-cilindrai\/","url":"https:\/\/dev.monti.lt\/product\/montessori-cilindrai\/","name":"Montessori cilindrai - Montessori \u017eaislai","isPartOf":{"@id":"https:\/\/dev.monti.lt\/#website"},"primaryImageOfPage":{"@id":"https:\/\/dev.monti.lt\/product\/montessori-cilindrai\/#primaryimage"},"image":{"@id":"https:\/\/dev.monti.lt\/product\/montessori-cilindrai\/#primaryimage"},"thumbnailUrl":"https:\/\/dev.monti.lt\/wp-content\/uploads\/2022\/03\/KX629569360-2.jpg","datePublished":"2022-03-31T15:59:17+00:00","dateModified":"2024-10-03T07:35:17+00:00","breadcrumb":{"@id":"https:\/\/dev.monti.lt\/product\/montessori-cilindrai\/#breadcrumb"},"inLanguage":"en-US","potentialAction":[{"@type":"ReadAction","target":["https:\/\/dev.monti.lt\/product\/montessori-cilindrai\/"]}]},{"@type":"ImageObject","inLanguage":"en-US","@id":"https:\/\/dev.monti.lt\/product\/montessori-cilindrai\/#primaryimage","url":"https:\/\/dev.monti.lt\/wp-content\/uploads\/2022\/03\/KX629569360-2.jpg","contentUrl":"https:\/\/dev.monti.lt\/wp-content\/uploads\/2022\/03\/KX629569360-2.jpg","width":1600,"height":1600},{"@type":"BreadcrumbList","@id":"https:\/\/dev.monti.lt\/product\/montessori-cilindrai\/#breadcrumb","itemListElement":[{"@type":"ListItem","position":1,"name":"Home","item":"https:\/\/dev.monti.lt\/"},{"@type":"ListItem","position":2,"name":"Parduotuv\u0117","item":"https:\/\/dev.monti.lt\/shop\/"},{"@type":"ListItem","position":3,"name":"Montessori cilindrai"}]},{"@type":"WebSite","@id":"https:\/\/dev.monti.lt\/#website","url":"https:\/\/dev.monti.lt\/","name":"Montessori \u017eaislai","description":"","publisher":{"@id":"https:\/\/dev.monti.lt\/#organization"},"potentialAction":[{"@type":"SearchAction","target":{"@type":"EntryPoint","urlTemplate":"https:\/\/dev.monti.lt\/?s={search_term_string}"},"query-input":"required name=search_term_string"}],"inLanguage":"en-US"},{"@type":"Organization","@id":"https:\/\/dev.monti.lt\/#organization","name":"Montessori \u017eaislai","url":"https:\/\/dev.monti.lt\/","logo":{"@type":"ImageObject","inLanguage":"en-US","@id":"https:\/\/dev.monti.lt\/#\/schema\/logo\/image\/","url":"https:\/\/dev.monti.lt\/wp-content\/uploads\/2022\/03\/montilogo-1.png","contentUrl":"https:\/\/dev.monti.lt\/wp-content\/uploads\/2022\/03\/montilogo-1.png","width":512,"height":512,"caption":"Montessori \u017eaislai"},"image":{"@id":"https:\/\/dev.monti.lt\/#\/schema\/logo\/image\/"}}]}},"_links":{"self":[{"href":"https:\/\/dev.monti.lt\/en\/wp-json\/wp\/v2\/product\/7476"}],"collection":[{"href":"https:\/\/dev.monti.lt\/en\/wp-json\/wp\/v2\/product"}],"about":[{"href":"https:\/\/dev.monti.lt\/en\/wp-json\/wp\/v2\/types\/product"}],"version-history":[{"count":6,"href":"https:\/\/dev.monti.lt\/en\/wp-json\/wp\/v2\/product\/7476\/revisions"}],"predecessor-version":[{"id":14661,"href":"https:\/\/dev.monti.lt\/en\/wp-json\/wp\/v2\/product\/7476\/revisions\/14661"}],"wp:featuredmedia":[{"embeddable":true,"href":"https:\/\/dev.monti.lt\/en\/wp-json\/wp\/v2\/media\/7477"}],"wp:attachment":[{"href":"https:\/\/dev.monti.lt\/en\/wp-json\/wp\/v2\/media?parent=7476"}],"wp:term":[{"taxonomy":"product_cat","embeddable":true,"href":"https:\/\/dev.monti.lt\/en\/wp-json\/wp\/v2\/product_cat?post=7476"},{"taxonomy":"product_tag","embeddable":true,"href":"https:\/\/dev.monti.lt\/en\/wp-json\/wp\/v2\/product_tag?post=7476"}],"curies":[{"name":"wp","href":"https:\/\/api.w.org\/{rel}","templated":true}]}}