{"id":7461,"date":"2022-03-31T15:43:43","date_gmt":"2022-03-31T15:43:43","guid":{"rendered":"https:\/\/dev.monti.lt\/?post_type=product&#038;p=7461"},"modified":"2024-10-08T10:45:17","modified_gmt":"2024-10-08T10:45:17","slug":"ivairiu-gyvunu-figureles-48-vnt","status":"publish","type":"product","link":"https:\/\/dev.monti.lt\/en\/product\/ivairiu-gyvunu-figureles-48-vnt\/","title":{"rendered":"\u012evairi\u0173 gyv\u016bn\u0173 fig\u016br\u0117l\u0117s"},"content":{"rendered":"<p><span data-sheets-value=\"{&quot;1&quot;:2,&quot;2&quot;:&quot;Unikalus 48 gyv\u016bn\u0173 fig\u016br\u0117li\u0173 rinkinys jaun\u0105 gamtos entuziast\u0105 nukels tiesiai \u012f stebukling\u0105 kelion\u0119, kupin\u0105 nepamir\u0161tam\u0173 \u012fsp\u016bd\u017ei\u0173. Priklausomai nuo to, kuri\u0105 krypt\u012f pasirinksite, gal\u0117site gro\u017e\u0117tis plaukian\u010diu vandens v\u0117\u017eliu, \u0161uoliuojan\u010diu arkliu ar med\u017eiojan\u010diu li\u016btu. nJie lavina vaiko vaizduot\u0119 ir skatina k\u016brybingum\u0105. nRinkin\u012f sudaro:n12 r\u016b\u0161i\u0173 dinozaur\u0173,n12 r\u016b\u0161i\u0173 \u016bkio gyv\u016bn\u0173,n12 r\u016b\u0161i\u0173 safario gyv\u016bn\u0173,n12 r\u016b\u0161i\u0173 j\u016bros gyv\u016bn\u0173.&quot;}\" data-sheets-userformat=\"{&quot;2&quot;:9021,&quot;3&quot;:{&quot;1&quot;:0},&quot;5&quot;:{&quot;1&quot;:[{&quot;1&quot;:2,&quot;2&quot;:0,&quot;5&quot;:{&quot;1&quot;:2,&quot;2&quot;:0}},{&quot;1&quot;:0,&quot;2&quot;:0,&quot;3&quot;:3},{&quot;1&quot;:1,&quot;2&quot;:0,&quot;4&quot;:1}]},&quot;6&quot;:{&quot;1&quot;:[{&quot;1&quot;:2,&quot;2&quot;:0,&quot;5&quot;:{&quot;1&quot;:2,&quot;2&quot;:0}},{&quot;1&quot;:0,&quot;2&quot;:0,&quot;3&quot;:3},{&quot;1&quot;:1,&quot;2&quot;:0,&quot;4&quot;:1}]},&quot;7&quot;:{&quot;1&quot;:[{&quot;1&quot;:2,&quot;2&quot;:0,&quot;5&quot;:{&quot;1&quot;:2,&quot;2&quot;:0}},{&quot;1&quot;:0,&quot;2&quot;:0,&quot;3&quot;:3},{&quot;1&quot;:1,&quot;2&quot;:0,&quot;4&quot;:1}]},&quot;8&quot;:{&quot;1&quot;:[{&quot;1&quot;:2,&quot;2&quot;:0,&quot;5&quot;:{&quot;1&quot;:2,&quot;2&quot;:0}},{&quot;1&quot;:0,&quot;2&quot;:0,&quot;3&quot;:3},{&quot;1&quot;:1,&quot;2&quot;:0,&quot;4&quot;:1}]},&quot;11&quot;:4,&quot;12&quot;:0,&quot;16&quot;:10}\" data-sheets-textstyleruns=\"{&quot;1&quot;:0,&quot;2&quot;:{&quot;4&quot;:10}}\uee10{&quot;1&quot;:320}\uee10{&quot;1&quot;:321,&quot;2&quot;:{&quot;4&quot;:10}}\">Unikalus 48 gyv\u016bn\u0173 fig\u016br\u0117li\u0173 rinkinys jaun\u0105 gamtos entuziast\u0105 nukels tiesiai \u012f stebukling\u0105 kelion\u0119, kupin\u0105 nepamir\u0161tam\u0173 \u012fsp\u016bd\u017ei\u0173. Priklausomai nuo to, kuri\u0105 krypt\u012f pasirinksite, gal\u0117site gro\u017e\u0117tis plaukian\u010diu vandens v\u0117\u017eliu, \u0161uoliuojan\u010diu arkliu ar med\u017eiojan\u010diu li\u016btu.<br \/>\nJie lavina vaiko vaizduot\u0119 ir skatina k\u016brybingum\u0105.<br \/>\nRinkin\u012f sudaro:<\/span><\/p>\n<p><span data-sheets-value=\"{&quot;1&quot;:2,&quot;2&quot;:&quot;Unikalus 48 gyv\u016bn\u0173 fig\u016br\u0117li\u0173 rinkinys jaun\u0105 gamtos entuziast\u0105 nukels tiesiai \u012f stebukling\u0105 kelion\u0119, kupin\u0105 nepamir\u0161tam\u0173 \u012fsp\u016bd\u017ei\u0173. Priklausomai nuo to, kuri\u0105 krypt\u012f pasirinksite, gal\u0117site gro\u017e\u0117tis plaukian\u010diu vandens v\u0117\u017eliu, \u0161uoliuojan\u010diu arkliu ar med\u017eiojan\u010diu li\u016btu. nJie lavina vaiko vaizduot\u0119 ir skatina k\u016brybingum\u0105. nRinkin\u012f sudaro:n12 r\u016b\u0161i\u0173 dinozaur\u0173,n12 r\u016b\u0161i\u0173 \u016bkio gyv\u016bn\u0173,n12 r\u016b\u0161i\u0173 safario gyv\u016bn\u0173,n12 r\u016b\u0161i\u0173 j\u016bros gyv\u016bn\u0173.&quot;}\" data-sheets-userformat=\"{&quot;2&quot;:9021,&quot;3&quot;:{&quot;1&quot;:0},&quot;5&quot;:{&quot;1&quot;:[{&quot;1&quot;:2,&quot;2&quot;:0,&quot;5&quot;:{&quot;1&quot;:2,&quot;2&quot;:0}},{&quot;1&quot;:0,&quot;2&quot;:0,&quot;3&quot;:3},{&quot;1&quot;:1,&quot;2&quot;:0,&quot;4&quot;:1}]},&quot;6&quot;:{&quot;1&quot;:[{&quot;1&quot;:2,&quot;2&quot;:0,&quot;5&quot;:{&quot;1&quot;:2,&quot;2&quot;:0}},{&quot;1&quot;:0,&quot;2&quot;:0,&quot;3&quot;:3},{&quot;1&quot;:1,&quot;2&quot;:0,&quot;4&quot;:1}]},&quot;7&quot;:{&quot;1&quot;:[{&quot;1&quot;:2,&quot;2&quot;:0,&quot;5&quot;:{&quot;1&quot;:2,&quot;2&quot;:0}},{&quot;1&quot;:0,&quot;2&quot;:0,&quot;3&quot;:3},{&quot;1&quot;:1,&quot;2&quot;:0,&quot;4&quot;:1}]},&quot;8&quot;:{&quot;1&quot;:[{&quot;1&quot;:2,&quot;2&quot;:0,&quot;5&quot;:{&quot;1&quot;:2,&quot;2&quot;:0}},{&quot;1&quot;:0,&quot;2&quot;:0,&quot;3&quot;:3},{&quot;1&quot;:1,&quot;2&quot;:0,&quot;4&quot;:1}]},&quot;11&quot;:4,&quot;12&quot;:0,&quot;16&quot;:10}\" data-sheets-textstyleruns=\"{&quot;1&quot;:0,&quot;2&quot;:{&quot;4&quot;:10}}\uee10{&quot;1&quot;:320}\uee10{&quot;1&quot;:321,&quot;2&quot;:{&quot;4&quot;:10}}\"><br \/>\n12 r\u016b\u0161i\u0173 dinozaur\u0173,<br \/>\n12 r\u016b\u0161i\u0173 \u016bkio gyv\u016bn\u0173,<br \/>\n12 r\u016b\u0161i\u0173 safario gyv\u016bn\u0173,<br \/>\n12 r\u016b\u0161i\u0173 j\u016bros gyv\u016bn\u0173.<\/span><\/p>\n<p>I\u0161matavimai:<\/p>\n<ul>\n<li>Kiaul\u0117: 4 cm x 1 cm x 2 cm<\/li>\n<li>Dinozauras: 5,5 cm x 1 cm x 2,5 cm<\/li>\n<\/ul>\n<p><b>pakuot\u0117:<\/b> 9,5 cm x 9,5 cm x 17 cm<\/p>","protected":false},"excerpt":{"rendered":"<p><span data-sheets-value=\"{\" data-sheets-userformat=\"{\" data-sheets-textstyleruns=\"{\">Unikalus 48 gyv\u016bn\u0173 fig\u016br\u0117li\u0173 rinkinys jaun\u0105 gamtos entuziast\u0105 nukels tiesiai \u012f stebukling\u0105 kelion\u0119, kupin\u0105 nepamir\u0161tam\u0173 \u012fsp\u016bd\u017ei\u0173.<\/span><\/p>","protected":false},"featured_media":7462,"template":"","meta":{"iawp_total_views":242},"product_cat":[218,84,83,90,86,93,49,39],"product_tag":[97,98,99],"class_list":{"0":"post-7461","1":"product","2":"type-product","3":"status-publish","4":"has-post-thumbnail","6":"product_cat-darzeliu-grupems","7":"product_cat-lavinamieji-zaislai","8":"product_cat-montessori-zaislai","9":"product_cat-pasaulio-pazinimas","10":"product_cat-smulkioji-motorika","11":"product_cat-vaidmenu-zaidimai","12":"product_cat-visi-zaislai","13":"product_cat-zaislai","14":"product_tag-3-m-4-m","15":"product_tag-5-m-7-m","16":"product_tag-8-m-11-m","18":"first","19":"instock","20":"taxable","21":"shipping-taxable","22":"purchasable","23":"product-type-simple"},"yoast_head":"<!-- This site is optimized with the Yoast SEO plugin v23.3 - https:\/\/yoast.com\/wordpress\/plugins\/seo\/ -->\n<title>\u012evairi\u0173 gyv\u016bn\u0173 fig\u016br\u0117l\u0117s - Montessori \u017eaislai<\/title>\n<meta name=\"robots\" content=\"noindex, follow, max-snippet:-1, max-image-preview:large, max-video-preview:-1\" \/>\n<meta property=\"og:locale\" content=\"en_US\" \/>\n<meta property=\"og:type\" content=\"article\" \/>\n<meta property=\"og:title\" content=\"\u012evairi\u0173 gyv\u016bn\u0173 fig\u016br\u0117l\u0117s - Montessori \u017eaislai\" \/>\n<meta property=\"og:description\" content=\"Unikalus 48 gyv\u016bn\u0173 fig\u016br\u0117li\u0173 rinkinys jaun\u0105 gamtos entuziast\u0105 nukels tiesiai \u012f stebukling\u0105 kelion\u0119, kupin\u0105 nepamir\u0161tam\u0173 \u012fsp\u016bd\u017ei\u0173.\" \/>\n<meta property=\"og:url\" content=\"https:\/\/dev.monti.lt\/en\/product\/ivairiu-gyvunu-figureles-48-vnt\/\" \/>\n<meta property=\"og:site_name\" content=\"Montessori \u017eaislai\" \/>\n<meta property=\"article:modified_time\" content=\"2024-10-08T10:45:17+00:00\" \/>\n<meta property=\"og:image\" content=\"https:\/\/dev.monti.lt\/wp-content\/uploads\/2022\/03\/KX584475124.jpg\" \/>\n\t<meta property=\"og:image:width\" content=\"1024\" \/>\n\t<meta property=\"og:image:height\" content=\"768\" \/>\n\t<meta property=\"og:image:type\" content=\"image\/jpeg\" \/>\n<meta name=\"twitter:card\" content=\"summary_large_image\" \/>\n<meta name=\"twitter:label1\" content=\"Est. reading time\" \/>\n\t<meta name=\"twitter:data1\" content=\"1 minute\" \/>\n<script type=\"application\/ld+json\" class=\"yoast-schema-graph\">{\"@context\":\"https:\/\/schema.org\",\"@graph\":[{\"@type\":\"WebPage\",\"@id\":\"https:\/\/dev.monti.lt\/product\/ivairiu-gyvunu-figureles-48-vnt\/\",\"url\":\"https:\/\/dev.monti.lt\/product\/ivairiu-gyvunu-figureles-48-vnt\/\",\"name\":\"\u012evairi\u0173 gyv\u016bn\u0173 fig\u016br\u0117l\u0117s - Montessori \u017eaislai\",\"isPartOf\":{\"@id\":\"https:\/\/dev.monti.lt\/#website\"},\"primaryImageOfPage\":{\"@id\":\"https:\/\/dev.monti.lt\/product\/ivairiu-gyvunu-figureles-48-vnt\/#primaryimage\"},\"image\":{\"@id\":\"https:\/\/dev.monti.lt\/product\/ivairiu-gyvunu-figureles-48-vnt\/#primaryimage\"},\"thumbnailUrl\":\"https:\/\/dev.monti.lt\/wp-content\/uploads\/2022\/03\/KX584475124.jpg\",\"datePublished\":\"2022-03-31T15:43:43+00:00\",\"dateModified\":\"2024-10-08T10:45:17+00:00\",\"breadcrumb\":{\"@id\":\"https:\/\/dev.monti.lt\/product\/ivairiu-gyvunu-figureles-48-vnt\/#breadcrumb\"},\"inLanguage\":\"en-US\",\"potentialAction\":[{\"@type\":\"ReadAction\",\"target\":[\"https:\/\/dev.monti.lt\/product\/ivairiu-gyvunu-figureles-48-vnt\/\"]}]},{\"@type\":\"ImageObject\",\"inLanguage\":\"en-US\",\"@id\":\"https:\/\/dev.monti.lt\/product\/ivairiu-gyvunu-figureles-48-vnt\/#primaryimage\",\"url\":\"https:\/\/dev.monti.lt\/wp-content\/uploads\/2022\/03\/KX584475124.jpg\",\"contentUrl\":\"https:\/\/dev.monti.lt\/wp-content\/uploads\/2022\/03\/KX584475124.jpg\",\"width\":1024,\"height\":768,\"caption\":\"Gyv\u016bn\u0173 figur\u0117l\u0117s\"},{\"@type\":\"BreadcrumbList\",\"@id\":\"https:\/\/dev.monti.lt\/product\/ivairiu-gyvunu-figureles-48-vnt\/#breadcrumb\",\"itemListElement\":[{\"@type\":\"ListItem\",\"position\":1,\"name\":\"Home\",\"item\":\"https:\/\/dev.monti.lt\/\"},{\"@type\":\"ListItem\",\"position\":2,\"name\":\"Parduotuv\u0117\",\"item\":\"https:\/\/dev.monti.lt\/shop\/\"},{\"@type\":\"ListItem\",\"position\":3,\"name\":\"\u012evairi\u0173 gyv\u016bn\u0173 fig\u016br\u0117l\u0117s\"}]},{\"@type\":\"WebSite\",\"@id\":\"https:\/\/dev.monti.lt\/#website\",\"url\":\"https:\/\/dev.monti.lt\/\",\"name\":\"Montessori \u017eaislai\",\"description\":\"\",\"publisher\":{\"@id\":\"https:\/\/dev.monti.lt\/#organization\"},\"potentialAction\":[{\"@type\":\"SearchAction\",\"target\":{\"@type\":\"EntryPoint\",\"urlTemplate\":\"https:\/\/dev.monti.lt\/?s={search_term_string}\"},\"query-input\":\"required name=search_term_string\"}],\"inLanguage\":\"en-US\"},{\"@type\":\"Organization\",\"@id\":\"https:\/\/dev.monti.lt\/#organization\",\"name\":\"Montessori \u017eaislai\",\"url\":\"https:\/\/dev.monti.lt\/\",\"logo\":{\"@type\":\"ImageObject\",\"inLanguage\":\"en-US\",\"@id\":\"https:\/\/dev.monti.lt\/#\/schema\/logo\/image\/\",\"url\":\"https:\/\/dev.monti.lt\/wp-content\/uploads\/2022\/03\/montilogo-1.png\",\"contentUrl\":\"https:\/\/dev.monti.lt\/wp-content\/uploads\/2022\/03\/montilogo-1.png\",\"width\":512,\"height\":512,\"caption\":\"Montessori \u017eaislai\"},\"image\":{\"@id\":\"https:\/\/dev.monti.lt\/#\/schema\/logo\/image\/\"}}]}<\/script>\n<!-- \/ Yoast SEO plugin. -->","yoast_head_json":{"title":"\u012evairi\u0173 gyv\u016bn\u0173 fig\u016br\u0117l\u0117s - Montessori \u017eaislai","robots":{"index":"noindex","follow":"follow","max-snippet":"max-snippet:-1","max-image-preview":"max-image-preview:large","max-video-preview":"max-video-preview:-1"},"og_locale":"en_US","og_type":"article","og_title":"\u012evairi\u0173 gyv\u016bn\u0173 fig\u016br\u0117l\u0117s - Montessori \u017eaislai","og_description":"Unikalus 48 gyv\u016bn\u0173 fig\u016br\u0117li\u0173 rinkinys jaun\u0105 gamtos entuziast\u0105 nukels tiesiai \u012f stebukling\u0105 kelion\u0119, kupin\u0105 nepamir\u0161tam\u0173 \u012fsp\u016bd\u017ei\u0173.","og_url":"https:\/\/dev.monti.lt\/en\/product\/ivairiu-gyvunu-figureles-48-vnt\/","og_site_name":"Montessori \u017eaislai","article_modified_time":"2024-10-08T10:45:17+00:00","og_image":[{"width":1024,"height":768,"url":"https:\/\/dev.monti.lt\/wp-content\/uploads\/2022\/03\/KX584475124.jpg","type":"image\/jpeg"}],"twitter_card":"summary_large_image","twitter_misc":{"Est. reading time":"1 minute"},"schema":{"@context":"https:\/\/schema.org","@graph":[{"@type":"WebPage","@id":"https:\/\/dev.monti.lt\/product\/ivairiu-gyvunu-figureles-48-vnt\/","url":"https:\/\/dev.monti.lt\/product\/ivairiu-gyvunu-figureles-48-vnt\/","name":"\u012evairi\u0173 gyv\u016bn\u0173 fig\u016br\u0117l\u0117s - Montessori \u017eaislai","isPartOf":{"@id":"https:\/\/dev.monti.lt\/#website"},"primaryImageOfPage":{"@id":"https:\/\/dev.monti.lt\/product\/ivairiu-gyvunu-figureles-48-vnt\/#primaryimage"},"image":{"@id":"https:\/\/dev.monti.lt\/product\/ivairiu-gyvunu-figureles-48-vnt\/#primaryimage"},"thumbnailUrl":"https:\/\/dev.monti.lt\/wp-content\/uploads\/2022\/03\/KX584475124.jpg","datePublished":"2022-03-31T15:43:43+00:00","dateModified":"2024-10-08T10:45:17+00:00","breadcrumb":{"@id":"https:\/\/dev.monti.lt\/product\/ivairiu-gyvunu-figureles-48-vnt\/#breadcrumb"},"inLanguage":"en-US","potentialAction":[{"@type":"ReadAction","target":["https:\/\/dev.monti.lt\/product\/ivairiu-gyvunu-figureles-48-vnt\/"]}]},{"@type":"ImageObject","inLanguage":"en-US","@id":"https:\/\/dev.monti.lt\/product\/ivairiu-gyvunu-figureles-48-vnt\/#primaryimage","url":"https:\/\/dev.monti.lt\/wp-content\/uploads\/2022\/03\/KX584475124.jpg","contentUrl":"https:\/\/dev.monti.lt\/wp-content\/uploads\/2022\/03\/KX584475124.jpg","width":1024,"height":768,"caption":"Gyv\u016bn\u0173 figur\u0117l\u0117s"},{"@type":"BreadcrumbList","@id":"https:\/\/dev.monti.lt\/product\/ivairiu-gyvunu-figureles-48-vnt\/#breadcrumb","itemListElement":[{"@type":"ListItem","position":1,"name":"Home","item":"https:\/\/dev.monti.lt\/"},{"@type":"ListItem","position":2,"name":"Parduotuv\u0117","item":"https:\/\/dev.monti.lt\/shop\/"},{"@type":"ListItem","position":3,"name":"\u012evairi\u0173 gyv\u016bn\u0173 fig\u016br\u0117l\u0117s"}]},{"@type":"WebSite","@id":"https:\/\/dev.monti.lt\/#website","url":"https:\/\/dev.monti.lt\/","name":"Montessori \u017eaislai","description":"","publisher":{"@id":"https:\/\/dev.monti.lt\/#organization"},"potentialAction":[{"@type":"SearchAction","target":{"@type":"EntryPoint","urlTemplate":"https:\/\/dev.monti.lt\/?s={search_term_string}"},"query-input":"required name=search_term_string"}],"inLanguage":"en-US"},{"@type":"Organization","@id":"https:\/\/dev.monti.lt\/#organization","name":"Montessori \u017eaislai","url":"https:\/\/dev.monti.lt\/","logo":{"@type":"ImageObject","inLanguage":"en-US","@id":"https:\/\/dev.monti.lt\/#\/schema\/logo\/image\/","url":"https:\/\/dev.monti.lt\/wp-content\/uploads\/2022\/03\/montilogo-1.png","contentUrl":"https:\/\/dev.monti.lt\/wp-content\/uploads\/2022\/03\/montilogo-1.png","width":512,"height":512,"caption":"Montessori \u017eaislai"},"image":{"@id":"https:\/\/dev.monti.lt\/#\/schema\/logo\/image\/"}}]}},"_links":{"self":[{"href":"https:\/\/dev.monti.lt\/en\/wp-json\/wp\/v2\/product\/7461"}],"collection":[{"href":"https:\/\/dev.monti.lt\/en\/wp-json\/wp\/v2\/product"}],"about":[{"href":"https:\/\/dev.monti.lt\/en\/wp-json\/wp\/v2\/types\/product"}],"version-history":[{"count":5,"href":"https:\/\/dev.monti.lt\/en\/wp-json\/wp\/v2\/product\/7461\/revisions"}],"predecessor-version":[{"id":14810,"href":"https:\/\/dev.monti.lt\/en\/wp-json\/wp\/v2\/product\/7461\/revisions\/14810"}],"wp:featuredmedia":[{"embeddable":true,"href":"https:\/\/dev.monti.lt\/en\/wp-json\/wp\/v2\/media\/7462"}],"wp:attachment":[{"href":"https:\/\/dev.monti.lt\/en\/wp-json\/wp\/v2\/media?parent=7461"}],"wp:term":[{"taxonomy":"product_cat","embeddable":true,"href":"https:\/\/dev.monti.lt\/en\/wp-json\/wp\/v2\/product_cat?post=7461"},{"taxonomy":"product_tag","embeddable":true,"href":"https:\/\/dev.monti.lt\/en\/wp-json\/wp\/v2\/product_tag?post=7461"}],"curies":[{"name":"wp","href":"https:\/\/api.w.org\/{rel}","templated":true}]}}