{"id":7453,"date":"2022-03-31T14:58:53","date_gmt":"2022-03-31T14:58:53","guid":{"rendered":"https:\/\/dev.monti.lt\/?post_type=product&#038;p=7453"},"modified":"2024-10-08T17:30:35","modified_gmt":"2024-10-08T17:30:35","slug":"montessori-zaidimas-bitutes","status":"publish","type":"product","link":"https:\/\/dev.monti.lt\/en\/product\/montessori-zaidimas-bitutes\/","title":{"rendered":"Montessori \u017eaidimas Bitut\u0117s"},"content":{"rendered":"<p><span data-sheets-value=\"{&quot;1&quot;:2,&quot;2&quot;:&quot;Gra\u017eiai pagamintas medinis Montessori stiliaus \u017eaidimas, kuris patiks ma\u017eiausiems.\\n\\nRinkin\u012f sudaro 7 bit\u0117s - kiekviena skirtingos spalvos ir pagrindas korio ra\u0161tu.\\n\\nMedin\u0117s bit\u0117s turi sparnus, pagamintus i\u0161 veltin\u012f primenan\u010dios med\u017eiagos, kuri, tur\u0117dama kitoki\u0105 tekst\u016br\u0105, papildomai skatina ma\u017e\u0173 vaik\u0173 lyt\u0117jimo jausm\u0105.\\n\\nVaiko u\u017eduotis \u2013 pincetu i\u0161traukti spalvotas bites, o po to kiekvien\u0105 \u012fstatyti \u012f spalv\u0105 atitinkan\u010di\u0105 korio skylut\u0119. Supakuota \u012f kartonin\u0119 d\u0117\u017eut\u0119, kurioje rasite:\\n\\n7 spalvingos medin\u0117s bit\u0117s\\nmedinis pagrindas \u017eaidimui\\nraudonas plastikinis pincetas.\\nD\u0117\u017eut\u0117s i\u0161matavimai: 20cm x 14,7cm x 4,5cm&quot;}\" data-sheets-userformat=\"{&quot;2&quot;:15039,&quot;3&quot;:{&quot;1&quot;:0},&quot;4&quot;:{&quot;1&quot;:2,&quot;2&quot;:16777215},&quot;5&quot;:{&quot;1&quot;:[{&quot;1&quot;:2,&quot;2&quot;:0,&quot;5&quot;:{&quot;1&quot;:2,&quot;2&quot;:0}},{&quot;1&quot;:0,&quot;2&quot;:0,&quot;3&quot;:3},{&quot;1&quot;:1,&quot;2&quot;:0,&quot;4&quot;:1}]},&quot;6&quot;:{&quot;1&quot;:[{&quot;1&quot;:2,&quot;2&quot;:0,&quot;5&quot;:{&quot;1&quot;:2,&quot;2&quot;:0}},{&quot;1&quot;:0,&quot;2&quot;:0,&quot;3&quot;:3},{&quot;1&quot;:1,&quot;2&quot;:0,&quot;4&quot;:1}]},&quot;7&quot;:{&quot;1&quot;:[{&quot;1&quot;:2,&quot;2&quot;:0,&quot;5&quot;:{&quot;1&quot;:2,&quot;2&quot;:0}},{&quot;1&quot;:0,&quot;2&quot;:0,&quot;3&quot;:3},{&quot;1&quot;:1,&quot;2&quot;:0,&quot;4&quot;:1}]},&quot;8&quot;:{&quot;1&quot;:[{&quot;1&quot;:2,&quot;2&quot;:0,&quot;5&quot;:{&quot;1&quot;:2,&quot;2&quot;:0}},{&quot;1&quot;:0,&quot;2&quot;:0,&quot;3&quot;:3},{&quot;1&quot;:1,&quot;2&quot;:0,&quot;4&quot;:1}]},&quot;10&quot;:2,&quot;12&quot;:0,&quot;14&quot;:{&quot;1&quot;:2,&quot;2&quot;:0},&quot;15&quot;:&quot;Arial&quot;,&quot;16&quot;:11}\">Gra\u017eiai pagamintas medinis Montessori stiliaus \u017eaidimas, kuris patiks ma\u017eiausiems.<\/span><\/p>\n<p>Rinkin\u012f sudaro 7 bit\u0117s &#8211; kiekviena skirtingos spalvos ir pagrindas korio ra\u0161tu.<\/p>\n<p>Medin\u0117s bit\u0117s turi sparnus, pagamintus i\u0161 veltin\u012f primenan\u010dios med\u017eiagos, kuri, tur\u0117dama kitoki\u0105 tekst\u016br\u0105, papildomai skatina ma\u017e\u0173 vaik\u0173 lyt\u0117jimo jausm\u0105.<\/p>\n<p>Vaiko u\u017eduotis \u2013 pincetu i\u0161traukti spalvotas bites, o po to kiekvien\u0105 \u012fstatyti \u012f spalv\u0105 atitinkan\u010di\u0105 korio skylut\u0119. Supakuota \u012f kartonin\u0119 d\u0117\u017eut\u0119, kurioje rasite:<\/p>\n<p>7 spalvingos medin\u0117s bit\u0117s<br \/>\nmedinis pagrindas \u017eaidimui<br \/>\nraudonas plastikinis pincetas.<br \/>\nD\u0117\u017eut\u0117s i\u0161matavimai: 20cm x 14,7cm x 4,5cm<\/p>\n<p><img decoding=\"async\" src=\"https:\/\/www.ikonka.com.pl\/img\/product_media\/39001-40000\/KX651964033.jpg\"><\/p>\n<p><span>Gra\u017eiai pagamintas medinis Montessori stiliaus \u017eaidimas, kuris patiks ma\u017eiausiems.<\/span><\/p>\n<p><span>Rinkin\u012f <\/span><b><span>sudaro 7 bit\u0117s<\/span><\/b><span> &#8211; kiekviena skirtingos spalvos ir <\/span><b><span>lenta \/ pagrindas i\u0161 vientiso med\u017eio gabalo<\/span><\/b><span> . Pagal juoking\u0105 paveiksl\u0117l\u012f su korio motyvu.<\/span><\/p>\n<p><span>Medin\u0117s bit\u0117s turi <\/span><b><span>sparnus, pagamintus i\u0161 med\u017eiagos, pana\u0161ios \u012f veltin\u012f<\/span><\/b><span> , kurios kitokios tekst\u016bros papildomai skatina ma\u017e\u0173 vaik\u0173 lyt\u0117jimo jausm\u0105.<\/span><\/p>\n<p><span>Vaiko u\u017eduotis \u2013 komplekte esan\u010diu pincetu i\u0161traukti spalvotas bites, o po to kiekvien\u0105 \u012fstatyti \u012f spalv\u0105 atitinkan\u010di\u0105 skylut\u0119.<\/span><\/p>\n<p><img decoding=\"async\" src=\"https:\/\/www.ikonka.com.pl\/img\/product_media\/39001-40000\/KX651964038.jpg\"><\/p>\n<p><b><span>\u017daidimas turi teigiam\u0105 poveik\u012f ma\u017eylio vystymuisi<\/span><\/b><span> :<\/span><\/p>\n<ul>\n<li><span>lavina judrum\u0105 ir susikaupim\u0105<\/span><\/li>\n<li><span>lavina rank\u0173 ir aki\u0173 koordinacij\u0105<\/span><\/li>\n<li><span>moko kantryb\u0117s<\/span><\/li>\n<\/ul>\n<p><span>Montessori stiliaus \u017eaislus ar pagalbines priemones vertina t\u0117vai visame pasaulyje. <\/span><b><span>Paprastos formos, nat\u016bralios med\u017eiagos, specifin\u0117s u\u017eduotys<\/span><\/b><span> \u2013 visa tai yra jauno \u017emogaus formavimo filosofijos dalis, orientuojantis \u012f jo savaranki\u0161kumo ugdym\u0105. Jie yra pagr\u012fsti skatinant ir suteikiant vaikams galimyb\u0119 atrasti, mokytis ir veikti, tuo pa\u010diu \u017eadinant smalsum\u0105 pasauliui.<\/span><\/p>\n<p><b><span>Kuo paprastesnis \u017eaislas, tuo daugiau k\u016brybi\u0161kumo jis su\u017eadina!<\/span><\/b><\/p>\n<p><strong>&nbsp;<\/strong><img decoding=\"async\" src=\"https:\/\/www.ikonka.com.pl\/img\/product_media\/39001-40000\/KX651964036.jpg\"><\/p>\n<p align=\"left\"><strong><span>Supakuota \u012f kartonin\u0119 d\u0117\u017eut\u0119, kurioje rasite:<\/span><\/strong><\/p>\n<ul>\n<li>\n<div align=\"left\"><span>7 spalvotos medin\u0117s bit\u0117s<\/span><\/div>\n<\/li>\n<li>\n<div align=\"left\"><span>medinis pagrindas \u017eaidimui<\/span><\/div>\n<\/li>\n<li>\n<div align=\"left\"><span>raudoni plastikiniai pincetai<\/span><\/div>\n<\/li>\n<\/ul>\n<p align=\"left\"><b><span>TECHNINIAI DUOMENYS<\/span><\/b><\/p>\n<ul>\n<li>\n<div align=\"left\"><strong><span>Vaiko am\u017eius:<\/span><\/strong><span> 3 metai<\/span><\/div>\n<\/li>\n<li>\n<div align=\"left\"><strong><span>Med\u017eiaga: <\/span><\/strong><span>mediena, plastikinis pincetas<\/span><\/div>\n<\/li>\n<li>\n<div align=\"left\"><strong><span>D\u0117\u017eut\u0117s i\u0161matavimai:<\/span><\/strong><span> 20cm x 14,7cm x 4,5cm<\/span><\/div>\n<\/li>\n<li>\n<div align=\"left\"><strong><span>\u017daidimo pagrindo i\u0161matavimai:<\/span><\/strong><span> 16,5 cm x 13,5 cm x 3,5 cm<\/span><\/div>\n<\/li>\n<\/ul>\n<p align=\"left\"><span>\u017daidimas skirtas vyresniems nei 36 m\u0117nesi\u0173 vaikams. Rekomenduojame \u017eaisti pri\u017ei\u016brint suaugusiems, nes galima praryti smulki\u0173 dali\u0173.<\/span><\/p>\n<p><img decoding=\"async\" src=\"https:\/\/www.ikonka.com.pl\/img\/product_media\/39001-40000\/KX651964035.jpg\"><\/p>","protected":false},"excerpt":{"rendered":"<p><span data-sheets-value=\"{\" data-sheets-userformat=\"{\">Gra\u017eiai pagamintas medinis Montessori stiliaus \u017eaidimas, kuris patiks ma\u017eiausiems.<\/span><\/p>","protected":false},"featured_media":7459,"template":"","meta":{"iawp_total_views":223},"product_cat":[84,91,102,83,86,50,49,39],"product_tag":[96,97,98],"class_list":{"0":"post-7453","1":"product","2":"type-product","3":"status-publish","4":"has-post-thumbnail","6":"product_cat-lavinamieji-zaislai","7":"product_cat-loginiam-mastymui","8":"product_cat-mediniai-zaislai","9":"product_cat-montessori-zaislai","10":"product_cat-smulkioji-motorika","11":"product_cat-top-dovanos","12":"product_cat-visi-zaislai","13":"product_cat-zaislai","14":"product_tag-2-m-3-m","15":"product_tag-3-m-4-m","16":"product_tag-5-m-7-m","18":"first","19":"instock","20":"taxable","21":"shipping-taxable","22":"purchasable","23":"product-type-simple"},"yoast_head":"<!-- This site is optimized with the Yoast SEO plugin v23.3 - https:\/\/yoast.com\/wordpress\/plugins\/seo\/ -->\n<title>Montessori \u017eaidimas Bitut\u0117s - Montessori \u017eaislai<\/title>\n<meta name=\"robots\" content=\"noindex, follow, max-snippet:-1, max-image-preview:large, max-video-preview:-1\" \/>\n<meta property=\"og:locale\" content=\"en_US\" \/>\n<meta property=\"og:type\" content=\"article\" \/>\n<meta property=\"og:title\" content=\"Montessori \u017eaidimas Bitut\u0117s - Montessori \u017eaislai\" \/>\n<meta property=\"og:description\" content=\"Gra\u017eiai pagamintas medinis Montessori stiliaus \u017eaidimas, kuris patiks ma\u017eiausiems.\" \/>\n<meta property=\"og:url\" content=\"https:\/\/dev.monti.lt\/en\/product\/montessori-zaidimas-bitutes\/\" \/>\n<meta property=\"og:site_name\" content=\"Montessori \u017eaislai\" \/>\n<meta property=\"article:modified_time\" content=\"2024-10-08T17:30:35+00:00\" \/>\n<meta property=\"og:image\" content=\"https:\/\/dev.monti.lt\/wp-content\/uploads\/2022\/03\/KX651967232.jpg\" \/>\n\t<meta property=\"og:image:width\" content=\"1600\" \/>\n\t<meta property=\"og:image:height\" content=\"1200\" \/>\n\t<meta property=\"og:image:type\" content=\"image\/jpeg\" \/>\n<meta name=\"twitter:card\" content=\"summary_large_image\" \/>\n<meta name=\"twitter:label1\" content=\"Est. reading time\" \/>\n\t<meta name=\"twitter:data1\" content=\"3 minutes\" \/>\n<script type=\"application\/ld+json\" class=\"yoast-schema-graph\">{\"@context\":\"https:\/\/schema.org\",\"@graph\":[{\"@type\":\"WebPage\",\"@id\":\"https:\/\/dev.monti.lt\/product\/montessori-zaidimas-bitutes\/\",\"url\":\"https:\/\/dev.monti.lt\/product\/montessori-zaidimas-bitutes\/\",\"name\":\"Montessori \u017eaidimas Bitut\u0117s - Montessori \u017eaislai\",\"isPartOf\":{\"@id\":\"https:\/\/dev.monti.lt\/#website\"},\"primaryImageOfPage\":{\"@id\":\"https:\/\/dev.monti.lt\/product\/montessori-zaidimas-bitutes\/#primaryimage\"},\"image\":{\"@id\":\"https:\/\/dev.monti.lt\/product\/montessori-zaidimas-bitutes\/#primaryimage\"},\"thumbnailUrl\":\"https:\/\/dev.monti.lt\/wp-content\/uploads\/2022\/03\/KX651967232.jpg\",\"datePublished\":\"2022-03-31T14:58:53+00:00\",\"dateModified\":\"2024-10-08T17:30:35+00:00\",\"breadcrumb\":{\"@id\":\"https:\/\/dev.monti.lt\/product\/montessori-zaidimas-bitutes\/#breadcrumb\"},\"inLanguage\":\"en-US\",\"potentialAction\":[{\"@type\":\"ReadAction\",\"target\":[\"https:\/\/dev.monti.lt\/product\/montessori-zaidimas-bitutes\/\"]}]},{\"@type\":\"ImageObject\",\"inLanguage\":\"en-US\",\"@id\":\"https:\/\/dev.monti.lt\/product\/montessori-zaidimas-bitutes\/#primaryimage\",\"url\":\"https:\/\/dev.monti.lt\/wp-content\/uploads\/2022\/03\/KX651967232.jpg\",\"contentUrl\":\"https:\/\/dev.monti.lt\/wp-content\/uploads\/2022\/03\/KX651967232.jpg\",\"width\":1600,\"height\":1200,\"caption\":\"Montessori bitut\u0117s\"},{\"@type\":\"BreadcrumbList\",\"@id\":\"https:\/\/dev.monti.lt\/product\/montessori-zaidimas-bitutes\/#breadcrumb\",\"itemListElement\":[{\"@type\":\"ListItem\",\"position\":1,\"name\":\"Home\",\"item\":\"https:\/\/dev.monti.lt\/\"},{\"@type\":\"ListItem\",\"position\":2,\"name\":\"Parduotuv\u0117\",\"item\":\"https:\/\/dev.monti.lt\/shop\/\"},{\"@type\":\"ListItem\",\"position\":3,\"name\":\"Montessori \u017eaidimas Bitut\u0117s\"}]},{\"@type\":\"WebSite\",\"@id\":\"https:\/\/dev.monti.lt\/#website\",\"url\":\"https:\/\/dev.monti.lt\/\",\"name\":\"Montessori \u017eaislai\",\"description\":\"\",\"publisher\":{\"@id\":\"https:\/\/dev.monti.lt\/#organization\"},\"potentialAction\":[{\"@type\":\"SearchAction\",\"target\":{\"@type\":\"EntryPoint\",\"urlTemplate\":\"https:\/\/dev.monti.lt\/?s={search_term_string}\"},\"query-input\":\"required name=search_term_string\"}],\"inLanguage\":\"en-US\"},{\"@type\":\"Organization\",\"@id\":\"https:\/\/dev.monti.lt\/#organization\",\"name\":\"Montessori \u017eaislai\",\"url\":\"https:\/\/dev.monti.lt\/\",\"logo\":{\"@type\":\"ImageObject\",\"inLanguage\":\"en-US\",\"@id\":\"https:\/\/dev.monti.lt\/#\/schema\/logo\/image\/\",\"url\":\"https:\/\/dev.monti.lt\/wp-content\/uploads\/2022\/03\/montilogo-1.png\",\"contentUrl\":\"https:\/\/dev.monti.lt\/wp-content\/uploads\/2022\/03\/montilogo-1.png\",\"width\":512,\"height\":512,\"caption\":\"Montessori \u017eaislai\"},\"image\":{\"@id\":\"https:\/\/dev.monti.lt\/#\/schema\/logo\/image\/\"}}]}<\/script>\n<!-- \/ Yoast SEO plugin. -->","yoast_head_json":{"title":"Montessori \u017eaidimas Bitut\u0117s - Montessori \u017eaislai","robots":{"index":"noindex","follow":"follow","max-snippet":"max-snippet:-1","max-image-preview":"max-image-preview:large","max-video-preview":"max-video-preview:-1"},"og_locale":"en_US","og_type":"article","og_title":"Montessori \u017eaidimas Bitut\u0117s - Montessori \u017eaislai","og_description":"Gra\u017eiai pagamintas medinis Montessori stiliaus \u017eaidimas, kuris patiks ma\u017eiausiems.","og_url":"https:\/\/dev.monti.lt\/en\/product\/montessori-zaidimas-bitutes\/","og_site_name":"Montessori \u017eaislai","article_modified_time":"2024-10-08T17:30:35+00:00","og_image":[{"width":1600,"height":1200,"url":"https:\/\/dev.monti.lt\/wp-content\/uploads\/2022\/03\/KX651967232.jpg","type":"image\/jpeg"}],"twitter_card":"summary_large_image","twitter_misc":{"Est. reading time":"3 minutes"},"schema":{"@context":"https:\/\/schema.org","@graph":[{"@type":"WebPage","@id":"https:\/\/dev.monti.lt\/product\/montessori-zaidimas-bitutes\/","url":"https:\/\/dev.monti.lt\/product\/montessori-zaidimas-bitutes\/","name":"Montessori \u017eaidimas Bitut\u0117s - Montessori \u017eaislai","isPartOf":{"@id":"https:\/\/dev.monti.lt\/#website"},"primaryImageOfPage":{"@id":"https:\/\/dev.monti.lt\/product\/montessori-zaidimas-bitutes\/#primaryimage"},"image":{"@id":"https:\/\/dev.monti.lt\/product\/montessori-zaidimas-bitutes\/#primaryimage"},"thumbnailUrl":"https:\/\/dev.monti.lt\/wp-content\/uploads\/2022\/03\/KX651967232.jpg","datePublished":"2022-03-31T14:58:53+00:00","dateModified":"2024-10-08T17:30:35+00:00","breadcrumb":{"@id":"https:\/\/dev.monti.lt\/product\/montessori-zaidimas-bitutes\/#breadcrumb"},"inLanguage":"en-US","potentialAction":[{"@type":"ReadAction","target":["https:\/\/dev.monti.lt\/product\/montessori-zaidimas-bitutes\/"]}]},{"@type":"ImageObject","inLanguage":"en-US","@id":"https:\/\/dev.monti.lt\/product\/montessori-zaidimas-bitutes\/#primaryimage","url":"https:\/\/dev.monti.lt\/wp-content\/uploads\/2022\/03\/KX651967232.jpg","contentUrl":"https:\/\/dev.monti.lt\/wp-content\/uploads\/2022\/03\/KX651967232.jpg","width":1600,"height":1200,"caption":"Montessori bitut\u0117s"},{"@type":"BreadcrumbList","@id":"https:\/\/dev.monti.lt\/product\/montessori-zaidimas-bitutes\/#breadcrumb","itemListElement":[{"@type":"ListItem","position":1,"name":"Home","item":"https:\/\/dev.monti.lt\/"},{"@type":"ListItem","position":2,"name":"Parduotuv\u0117","item":"https:\/\/dev.monti.lt\/shop\/"},{"@type":"ListItem","position":3,"name":"Montessori \u017eaidimas Bitut\u0117s"}]},{"@type":"WebSite","@id":"https:\/\/dev.monti.lt\/#website","url":"https:\/\/dev.monti.lt\/","name":"Montessori \u017eaislai","description":"","publisher":{"@id":"https:\/\/dev.monti.lt\/#organization"},"potentialAction":[{"@type":"SearchAction","target":{"@type":"EntryPoint","urlTemplate":"https:\/\/dev.monti.lt\/?s={search_term_string}"},"query-input":"required name=search_term_string"}],"inLanguage":"en-US"},{"@type":"Organization","@id":"https:\/\/dev.monti.lt\/#organization","name":"Montessori \u017eaislai","url":"https:\/\/dev.monti.lt\/","logo":{"@type":"ImageObject","inLanguage":"en-US","@id":"https:\/\/dev.monti.lt\/#\/schema\/logo\/image\/","url":"https:\/\/dev.monti.lt\/wp-content\/uploads\/2022\/03\/montilogo-1.png","contentUrl":"https:\/\/dev.monti.lt\/wp-content\/uploads\/2022\/03\/montilogo-1.png","width":512,"height":512,"caption":"Montessori \u017eaislai"},"image":{"@id":"https:\/\/dev.monti.lt\/#\/schema\/logo\/image\/"}}]}},"_links":{"self":[{"href":"https:\/\/dev.monti.lt\/en\/wp-json\/wp\/v2\/product\/7453"}],"collection":[{"href":"https:\/\/dev.monti.lt\/en\/wp-json\/wp\/v2\/product"}],"about":[{"href":"https:\/\/dev.monti.lt\/en\/wp-json\/wp\/v2\/types\/product"}],"version-history":[{"count":4,"href":"https:\/\/dev.monti.lt\/en\/wp-json\/wp\/v2\/product\/7453\/revisions"}],"predecessor-version":[{"id":14660,"href":"https:\/\/dev.monti.lt\/en\/wp-json\/wp\/v2\/product\/7453\/revisions\/14660"}],"wp:featuredmedia":[{"embeddable":true,"href":"https:\/\/dev.monti.lt\/en\/wp-json\/wp\/v2\/media\/7459"}],"wp:attachment":[{"href":"https:\/\/dev.monti.lt\/en\/wp-json\/wp\/v2\/media?parent=7453"}],"wp:term":[{"taxonomy":"product_cat","embeddable":true,"href":"https:\/\/dev.monti.lt\/en\/wp-json\/wp\/v2\/product_cat?post=7453"},{"taxonomy":"product_tag","embeddable":true,"href":"https:\/\/dev.monti.lt\/en\/wp-json\/wp\/v2\/product_tag?post=7453"}],"curies":[{"name":"wp","href":"https:\/\/api.w.org\/{rel}","templated":true}]}}