{"id":7239,"date":"2022-03-17T15:17:06","date_gmt":"2022-03-17T15:17:06","guid":{"rendered":"https:\/\/dev.monti.lt\/?post_type=product&#038;p=7239"},"modified":"2024-10-08T20:09:25","modified_gmt":"2024-10-08T20:09:25","slug":"zaidimas-daugybos-lentele","status":"publish","type":"product","link":"https:\/\/dev.monti.lt\/en\/product\/zaidimas-daugybos-lentele\/","title":{"rendered":"\u017daidimas &#8220;Daugybos lentel\u0117\u201c"},"content":{"rendered":"<p>Mediniame r\u0117me yra 100 skirting\u0173, spalvot\u0173, medini\u0173 k\u016bbeli\u0173. Vienoje k\u016bbo pus\u0117je nurodytas dauginimo veiksmas, o kitoje- teisingas atsakymas.Spalv\u0173 \u012fvairov\u0117 palengvins mokym\u0105si ir paskatins tyrin\u0117ti matematines u\u017eduotis.<\/p>","protected":false},"excerpt":{"rendered":"<p>Kvie\u010diame Jus ir J\u016bs\u0173 vaikus matematikos mokytis per \u017eaidimus!<br \/>\n\u0160is \u017eaidimas pad\u0117s J\u016bs\u0173 vaikui i\u0161mokti daugybos lentel\u0119<\/p>","protected":false},"featured_media":7240,"template":"","meta":{"iawp_total_views":135},"product_cat":[84,102,88,83,49,39],"product_tag":[98],"class_list":{"0":"post-7239","1":"product","2":"type-product","3":"status-publish","4":"has-post-thumbnail","6":"product_cat-lavinamieji-zaislai","7":"product_cat-mediniai-zaislai","8":"product_cat-mokausi-zaisti","9":"product_cat-montessori-zaislai","10":"product_cat-visi-zaislai","11":"product_cat-zaislai","12":"product_tag-5-m-7-m","14":"first","15":"outofstock","16":"taxable","17":"shipping-taxable","18":"purchasable","19":"product-type-simple"},"yoast_head":"<!-- This site is optimized with the Yoast SEO plugin v23.3 - https:\/\/yoast.com\/wordpress\/plugins\/seo\/ -->\n<title>\u017daidimas &quot;Daugybos lentel\u0117\u201c - Montessori \u017eaislai<\/title>\n<meta name=\"robots\" content=\"noindex, follow, max-snippet:-1, max-image-preview:large, max-video-preview:-1\" \/>\n<meta property=\"og:locale\" content=\"en_US\" \/>\n<meta property=\"og:type\" content=\"article\" \/>\n<meta property=\"og:title\" content=\"\u017daidimas &quot;Daugybos lentel\u0117\u201c - Montessori \u017eaislai\" \/>\n<meta property=\"og:description\" content=\"Kvie\u010diame Jus ir J\u016bs\u0173 vaikus matematikos mokytis per \u017eaidimus! \u0160is \u017eaidimas pad\u0117s J\u016bs\u0173 vaikui i\u0161mokti daugybos lentel\u0119\" \/>\n<meta property=\"og:url\" content=\"https:\/\/dev.monti.lt\/en\/product\/zaidimas-daugybos-lentele\/\" \/>\n<meta property=\"og:site_name\" content=\"Montessori \u017eaislai\" \/>\n<meta property=\"article:modified_time\" content=\"2024-10-08T20:09:25+00:00\" \/>\n<meta property=\"og:image\" content=\"https:\/\/dev.monti.lt\/wp-content\/uploads\/2022\/03\/KX785755252.jpg\" \/>\n\t<meta property=\"og:image:width\" content=\"950\" \/>\n\t<meta property=\"og:image:height\" content=\"633\" \/>\n\t<meta property=\"og:image:type\" content=\"image\/jpeg\" \/>\n<meta name=\"twitter:card\" content=\"summary_large_image\" \/>\n<script type=\"application\/ld+json\" class=\"yoast-schema-graph\">{\"@context\":\"https:\/\/schema.org\",\"@graph\":[{\"@type\":\"WebPage\",\"@id\":\"https:\/\/dev.monti.lt\/product\/zaidimas-daugybos-lentele\/\",\"url\":\"https:\/\/dev.monti.lt\/product\/zaidimas-daugybos-lentele\/\",\"name\":\"\u017daidimas \\\"Daugybos lentel\u0117\u201c - Montessori \u017eaislai\",\"isPartOf\":{\"@id\":\"https:\/\/dev.monti.lt\/#website\"},\"primaryImageOfPage\":{\"@id\":\"https:\/\/dev.monti.lt\/product\/zaidimas-daugybos-lentele\/#primaryimage\"},\"image\":{\"@id\":\"https:\/\/dev.monti.lt\/product\/zaidimas-daugybos-lentele\/#primaryimage\"},\"thumbnailUrl\":\"https:\/\/dev.monti.lt\/wp-content\/uploads\/2022\/03\/KX785755252.jpg\",\"datePublished\":\"2022-03-17T15:17:06+00:00\",\"dateModified\":\"2024-10-08T20:09:25+00:00\",\"breadcrumb\":{\"@id\":\"https:\/\/dev.monti.lt\/product\/zaidimas-daugybos-lentele\/#breadcrumb\"},\"inLanguage\":\"en-US\",\"potentialAction\":[{\"@type\":\"ReadAction\",\"target\":[\"https:\/\/dev.monti.lt\/product\/zaidimas-daugybos-lentele\/\"]}]},{\"@type\":\"ImageObject\",\"inLanguage\":\"en-US\",\"@id\":\"https:\/\/dev.monti.lt\/product\/zaidimas-daugybos-lentele\/#primaryimage\",\"url\":\"https:\/\/dev.monti.lt\/wp-content\/uploads\/2022\/03\/KX785755252.jpg\",\"contentUrl\":\"https:\/\/dev.monti.lt\/wp-content\/uploads\/2022\/03\/KX785755252.jpg\",\"width\":950,\"height\":633},{\"@type\":\"BreadcrumbList\",\"@id\":\"https:\/\/dev.monti.lt\/product\/zaidimas-daugybos-lentele\/#breadcrumb\",\"itemListElement\":[{\"@type\":\"ListItem\",\"position\":1,\"name\":\"Home\",\"item\":\"https:\/\/dev.monti.lt\/\"},{\"@type\":\"ListItem\",\"position\":2,\"name\":\"Parduotuv\u0117\",\"item\":\"https:\/\/dev.monti.lt\/shop\/\"},{\"@type\":\"ListItem\",\"position\":3,\"name\":\"\u017daidimas &#8220;Daugybos lentel\u0117\u201c\"}]},{\"@type\":\"WebSite\",\"@id\":\"https:\/\/dev.monti.lt\/#website\",\"url\":\"https:\/\/dev.monti.lt\/\",\"name\":\"Montessori \u017eaislai\",\"description\":\"\",\"publisher\":{\"@id\":\"https:\/\/dev.monti.lt\/#organization\"},\"potentialAction\":[{\"@type\":\"SearchAction\",\"target\":{\"@type\":\"EntryPoint\",\"urlTemplate\":\"https:\/\/dev.monti.lt\/?s={search_term_string}\"},\"query-input\":\"required name=search_term_string\"}],\"inLanguage\":\"en-US\"},{\"@type\":\"Organization\",\"@id\":\"https:\/\/dev.monti.lt\/#organization\",\"name\":\"Montessori \u017eaislai\",\"url\":\"https:\/\/dev.monti.lt\/\",\"logo\":{\"@type\":\"ImageObject\",\"inLanguage\":\"en-US\",\"@id\":\"https:\/\/dev.monti.lt\/#\/schema\/logo\/image\/\",\"url\":\"https:\/\/dev.monti.lt\/wp-content\/uploads\/2022\/03\/montilogo-1.png\",\"contentUrl\":\"https:\/\/dev.monti.lt\/wp-content\/uploads\/2022\/03\/montilogo-1.png\",\"width\":512,\"height\":512,\"caption\":\"Montessori \u017eaislai\"},\"image\":{\"@id\":\"https:\/\/dev.monti.lt\/#\/schema\/logo\/image\/\"}}]}<\/script>\n<!-- \/ Yoast SEO plugin. -->","yoast_head_json":{"title":"\u017daidimas \"Daugybos lentel\u0117\u201c - Montessori \u017eaislai","robots":{"index":"noindex","follow":"follow","max-snippet":"max-snippet:-1","max-image-preview":"max-image-preview:large","max-video-preview":"max-video-preview:-1"},"og_locale":"en_US","og_type":"article","og_title":"\u017daidimas \"Daugybos lentel\u0117\u201c - Montessori \u017eaislai","og_description":"Kvie\u010diame Jus ir J\u016bs\u0173 vaikus matematikos mokytis per \u017eaidimus! \u0160is \u017eaidimas pad\u0117s J\u016bs\u0173 vaikui i\u0161mokti daugybos lentel\u0119","og_url":"https:\/\/dev.monti.lt\/en\/product\/zaidimas-daugybos-lentele\/","og_site_name":"Montessori \u017eaislai","article_modified_time":"2024-10-08T20:09:25+00:00","og_image":[{"width":950,"height":633,"url":"https:\/\/dev.monti.lt\/wp-content\/uploads\/2022\/03\/KX785755252.jpg","type":"image\/jpeg"}],"twitter_card":"summary_large_image","schema":{"@context":"https:\/\/schema.org","@graph":[{"@type":"WebPage","@id":"https:\/\/dev.monti.lt\/product\/zaidimas-daugybos-lentele\/","url":"https:\/\/dev.monti.lt\/product\/zaidimas-daugybos-lentele\/","name":"\u017daidimas \"Daugybos lentel\u0117\u201c - Montessori \u017eaislai","isPartOf":{"@id":"https:\/\/dev.monti.lt\/#website"},"primaryImageOfPage":{"@id":"https:\/\/dev.monti.lt\/product\/zaidimas-daugybos-lentele\/#primaryimage"},"image":{"@id":"https:\/\/dev.monti.lt\/product\/zaidimas-daugybos-lentele\/#primaryimage"},"thumbnailUrl":"https:\/\/dev.monti.lt\/wp-content\/uploads\/2022\/03\/KX785755252.jpg","datePublished":"2022-03-17T15:17:06+00:00","dateModified":"2024-10-08T20:09:25+00:00","breadcrumb":{"@id":"https:\/\/dev.monti.lt\/product\/zaidimas-daugybos-lentele\/#breadcrumb"},"inLanguage":"en-US","potentialAction":[{"@type":"ReadAction","target":["https:\/\/dev.monti.lt\/product\/zaidimas-daugybos-lentele\/"]}]},{"@type":"ImageObject","inLanguage":"en-US","@id":"https:\/\/dev.monti.lt\/product\/zaidimas-daugybos-lentele\/#primaryimage","url":"https:\/\/dev.monti.lt\/wp-content\/uploads\/2022\/03\/KX785755252.jpg","contentUrl":"https:\/\/dev.monti.lt\/wp-content\/uploads\/2022\/03\/KX785755252.jpg","width":950,"height":633},{"@type":"BreadcrumbList","@id":"https:\/\/dev.monti.lt\/product\/zaidimas-daugybos-lentele\/#breadcrumb","itemListElement":[{"@type":"ListItem","position":1,"name":"Home","item":"https:\/\/dev.monti.lt\/"},{"@type":"ListItem","position":2,"name":"Parduotuv\u0117","item":"https:\/\/dev.monti.lt\/shop\/"},{"@type":"ListItem","position":3,"name":"\u017daidimas &#8220;Daugybos lentel\u0117\u201c"}]},{"@type":"WebSite","@id":"https:\/\/dev.monti.lt\/#website","url":"https:\/\/dev.monti.lt\/","name":"Montessori \u017eaislai","description":"","publisher":{"@id":"https:\/\/dev.monti.lt\/#organization"},"potentialAction":[{"@type":"SearchAction","target":{"@type":"EntryPoint","urlTemplate":"https:\/\/dev.monti.lt\/?s={search_term_string}"},"query-input":"required name=search_term_string"}],"inLanguage":"en-US"},{"@type":"Organization","@id":"https:\/\/dev.monti.lt\/#organization","name":"Montessori \u017eaislai","url":"https:\/\/dev.monti.lt\/","logo":{"@type":"ImageObject","inLanguage":"en-US","@id":"https:\/\/dev.monti.lt\/#\/schema\/logo\/image\/","url":"https:\/\/dev.monti.lt\/wp-content\/uploads\/2022\/03\/montilogo-1.png","contentUrl":"https:\/\/dev.monti.lt\/wp-content\/uploads\/2022\/03\/montilogo-1.png","width":512,"height":512,"caption":"Montessori \u017eaislai"},"image":{"@id":"https:\/\/dev.monti.lt\/#\/schema\/logo\/image\/"}}]}},"_links":{"self":[{"href":"https:\/\/dev.monti.lt\/en\/wp-json\/wp\/v2\/product\/7239"}],"collection":[{"href":"https:\/\/dev.monti.lt\/en\/wp-json\/wp\/v2\/product"}],"about":[{"href":"https:\/\/dev.monti.lt\/en\/wp-json\/wp\/v2\/types\/product"}],"version-history":[{"count":1,"href":"https:\/\/dev.monti.lt\/en\/wp-json\/wp\/v2\/product\/7239\/revisions"}],"predecessor-version":[{"id":7243,"href":"https:\/\/dev.monti.lt\/en\/wp-json\/wp\/v2\/product\/7239\/revisions\/7243"}],"wp:featuredmedia":[{"embeddable":true,"href":"https:\/\/dev.monti.lt\/en\/wp-json\/wp\/v2\/media\/7240"}],"wp:attachment":[{"href":"https:\/\/dev.monti.lt\/en\/wp-json\/wp\/v2\/media?parent=7239"}],"wp:term":[{"taxonomy":"product_cat","embeddable":true,"href":"https:\/\/dev.monti.lt\/en\/wp-json\/wp\/v2\/product_cat?post=7239"},{"taxonomy":"product_tag","embeddable":true,"href":"https:\/\/dev.monti.lt\/en\/wp-json\/wp\/v2\/product_tag?post=7239"}],"curies":[{"name":"wp","href":"https:\/\/api.w.org\/{rel}","templated":true}]}}