{"id":7218,"date":"2022-03-17T15:08:31","date_gmt":"2022-03-17T15:08:31","guid":{"rendered":"https:\/\/dev.monti.lt\/?post_type=product&#038;p=7218"},"modified":"2024-10-08T13:39:04","modified_gmt":"2024-10-08T13:39:04","slug":"barskutis-apzvalgos-ratas","status":"publish","type":"product","link":"https:\/\/dev.monti.lt\/en\/product\/barskutis-apzvalgos-ratas\/","title":{"rendered":"Bar\u0161kutis &#8220;Ap\u017evalgos ratas&#8221;"},"content":{"rendered":"<p>Apzvalgos rato bar\u0161kutis su siurbtuku<\/p>\n<p>Spalvingas \u017eaislas, primenantis Velnio rat\u0105<\/p>\n<p>Ry\u0161kios spalvos paskatins j\u016bs\u0173 ma\u017eyl\u012f \u017eaisti.<\/p>\n<p>\u017daisle yra siurbtukas, tod\u0117l \u017eaislas \u017eaisdamas neapsivers.<\/p>\n<p>Puikiai tinka kaip \u017eaislas \u012f vanden\u012f.<\/p>\n<p>Puikus \u017eaislas k\u016bdikio regos ir lyt\u0117jimo poj\u016b\u010diams lavinti.<\/p>\n<p>\u017daisdamas j\u016bs\u0173 vaikas i\u0161moks atskirti spalvas.<\/p>\n<p>Viduje besisukantys spalvoti rutuliukai veikia kaip bar\u0161kutis.<\/p>\n<p>\u00a0<\/p>\n<p>\u017daislo matmenys: 17 cm x 11,cm<\/p>\n<p>Pakuot\u0117s matmenys: Pakuot\u0117s matmenys: 22x18x7<\/p>","protected":false},"excerpt":{"rendered":"<p>Spalvingas \u017eaislas-bar\u0161kutis, skirtas patiems ma\u017eiausiems, ry\u0161ki\u0173 spav\u0173, puikiai tinka kaip vandens \u017eaislas.<\/p>","protected":false},"featured_media":7219,"template":"","meta":{"iawp_total_views":41},"product_cat":[81,49],"product_tag":[94],"class_list":{"0":"post-7218","1":"product","2":"type-product","3":"status-publish","4":"has-post-thumbnail","6":"product_cat-kiti-zaislai","7":"product_cat-visi-zaislai","8":"product_tag-iki-1-m","10":"first","11":"instock","12":"taxable","13":"shipping-taxable","14":"purchasable","15":"product-type-simple"},"yoast_head":"<!-- This site is optimized with the Yoast SEO plugin v23.3 - https:\/\/yoast.com\/wordpress\/plugins\/seo\/ -->\n<title>Bar\u0161kutis &quot;Ap\u017evalgos ratas&quot; - Montessori \u017eaislai<\/title>\n<meta name=\"robots\" content=\"noindex, follow, max-snippet:-1, max-image-preview:large, max-video-preview:-1\" \/>\n<meta property=\"og:locale\" content=\"en_US\" \/>\n<meta property=\"og:type\" content=\"article\" \/>\n<meta property=\"og:title\" content=\"Bar\u0161kutis &quot;Ap\u017evalgos ratas&quot; - Montessori \u017eaislai\" \/>\n<meta property=\"og:description\" content=\"Spalvingas \u017eaislas-bar\u0161kutis, skirtas patiems ma\u017eiausiems, ry\u0161ki\u0173 spav\u0173, puikiai tinka kaip vandens \u017eaislas.\" \/>\n<meta property=\"og:url\" content=\"https:\/\/dev.monti.lt\/en\/product\/barskutis-apzvalgos-ratas\/\" \/>\n<meta property=\"og:site_name\" content=\"Montessori \u017eaislai\" \/>\n<meta property=\"article:modified_time\" content=\"2024-10-08T13:39:04+00:00\" \/>\n<meta property=\"og:image\" content=\"https:\/\/dev.monti.lt\/wp-content\/uploads\/2022\/03\/KX761053245-scaled.jpg\" \/>\n\t<meta property=\"og:image:width\" content=\"1730\" \/>\n\t<meta property=\"og:image:height\" content=\"2560\" \/>\n\t<meta property=\"og:image:type\" content=\"image\/jpeg\" \/>\n<meta name=\"twitter:card\" content=\"summary_large_image\" \/>\n<script type=\"application\/ld+json\" class=\"yoast-schema-graph\">{\"@context\":\"https:\/\/schema.org\",\"@graph\":[{\"@type\":\"WebPage\",\"@id\":\"https:\/\/dev.monti.lt\/product\/barskutis-apzvalgos-ratas\/\",\"url\":\"https:\/\/dev.monti.lt\/product\/barskutis-apzvalgos-ratas\/\",\"name\":\"Bar\u0161kutis \\\"Ap\u017evalgos ratas\\\" - Montessori \u017eaislai\",\"isPartOf\":{\"@id\":\"https:\/\/dev.monti.lt\/#website\"},\"primaryImageOfPage\":{\"@id\":\"https:\/\/dev.monti.lt\/product\/barskutis-apzvalgos-ratas\/#primaryimage\"},\"image\":{\"@id\":\"https:\/\/dev.monti.lt\/product\/barskutis-apzvalgos-ratas\/#primaryimage\"},\"thumbnailUrl\":\"https:\/\/dev.monti.lt\/wp-content\/uploads\/2022\/03\/KX761053245-scaled.jpg\",\"datePublished\":\"2022-03-17T15:08:31+00:00\",\"dateModified\":\"2024-10-08T13:39:04+00:00\",\"breadcrumb\":{\"@id\":\"https:\/\/dev.monti.lt\/product\/barskutis-apzvalgos-ratas\/#breadcrumb\"},\"inLanguage\":\"en-US\",\"potentialAction\":[{\"@type\":\"ReadAction\",\"target\":[\"https:\/\/dev.monti.lt\/product\/barskutis-apzvalgos-ratas\/\"]}]},{\"@type\":\"ImageObject\",\"inLanguage\":\"en-US\",\"@id\":\"https:\/\/dev.monti.lt\/product\/barskutis-apzvalgos-ratas\/#primaryimage\",\"url\":\"https:\/\/dev.monti.lt\/wp-content\/uploads\/2022\/03\/KX761053245-scaled.jpg\",\"contentUrl\":\"https:\/\/dev.monti.lt\/wp-content\/uploads\/2022\/03\/KX761053245-scaled.jpg\",\"width\":1730,\"height\":2560},{\"@type\":\"BreadcrumbList\",\"@id\":\"https:\/\/dev.monti.lt\/product\/barskutis-apzvalgos-ratas\/#breadcrumb\",\"itemListElement\":[{\"@type\":\"ListItem\",\"position\":1,\"name\":\"Home\",\"item\":\"https:\/\/dev.monti.lt\/\"},{\"@type\":\"ListItem\",\"position\":2,\"name\":\"Parduotuv\u0117\",\"item\":\"https:\/\/dev.monti.lt\/shop\/\"},{\"@type\":\"ListItem\",\"position\":3,\"name\":\"Bar\u0161kutis &#8220;Ap\u017evalgos ratas&#8221;\"}]},{\"@type\":\"WebSite\",\"@id\":\"https:\/\/dev.monti.lt\/#website\",\"url\":\"https:\/\/dev.monti.lt\/\",\"name\":\"Montessori \u017eaislai\",\"description\":\"\",\"publisher\":{\"@id\":\"https:\/\/dev.monti.lt\/#organization\"},\"potentialAction\":[{\"@type\":\"SearchAction\",\"target\":{\"@type\":\"EntryPoint\",\"urlTemplate\":\"https:\/\/dev.monti.lt\/?s={search_term_string}\"},\"query-input\":\"required name=search_term_string\"}],\"inLanguage\":\"en-US\"},{\"@type\":\"Organization\",\"@id\":\"https:\/\/dev.monti.lt\/#organization\",\"name\":\"Montessori \u017eaislai\",\"url\":\"https:\/\/dev.monti.lt\/\",\"logo\":{\"@type\":\"ImageObject\",\"inLanguage\":\"en-US\",\"@id\":\"https:\/\/dev.monti.lt\/#\/schema\/logo\/image\/\",\"url\":\"https:\/\/dev.monti.lt\/wp-content\/uploads\/2022\/03\/montilogo-1.png\",\"contentUrl\":\"https:\/\/dev.monti.lt\/wp-content\/uploads\/2022\/03\/montilogo-1.png\",\"width\":512,\"height\":512,\"caption\":\"Montessori \u017eaislai\"},\"image\":{\"@id\":\"https:\/\/dev.monti.lt\/#\/schema\/logo\/image\/\"}}]}<\/script>\n<!-- \/ Yoast SEO plugin. -->","yoast_head_json":{"title":"Bar\u0161kutis \"Ap\u017evalgos ratas\" - Montessori \u017eaislai","robots":{"index":"noindex","follow":"follow","max-snippet":"max-snippet:-1","max-image-preview":"max-image-preview:large","max-video-preview":"max-video-preview:-1"},"og_locale":"en_US","og_type":"article","og_title":"Bar\u0161kutis \"Ap\u017evalgos ratas\" - Montessori \u017eaislai","og_description":"Spalvingas \u017eaislas-bar\u0161kutis, skirtas patiems ma\u017eiausiems, ry\u0161ki\u0173 spav\u0173, puikiai tinka kaip vandens \u017eaislas.","og_url":"https:\/\/dev.monti.lt\/en\/product\/barskutis-apzvalgos-ratas\/","og_site_name":"Montessori \u017eaislai","article_modified_time":"2024-10-08T13:39:04+00:00","og_image":[{"width":1730,"height":2560,"url":"https:\/\/dev.monti.lt\/wp-content\/uploads\/2022\/03\/KX761053245-scaled.jpg","type":"image\/jpeg"}],"twitter_card":"summary_large_image","schema":{"@context":"https:\/\/schema.org","@graph":[{"@type":"WebPage","@id":"https:\/\/dev.monti.lt\/product\/barskutis-apzvalgos-ratas\/","url":"https:\/\/dev.monti.lt\/product\/barskutis-apzvalgos-ratas\/","name":"Bar\u0161kutis \"Ap\u017evalgos ratas\" - Montessori \u017eaislai","isPartOf":{"@id":"https:\/\/dev.monti.lt\/#website"},"primaryImageOfPage":{"@id":"https:\/\/dev.monti.lt\/product\/barskutis-apzvalgos-ratas\/#primaryimage"},"image":{"@id":"https:\/\/dev.monti.lt\/product\/barskutis-apzvalgos-ratas\/#primaryimage"},"thumbnailUrl":"https:\/\/dev.monti.lt\/wp-content\/uploads\/2022\/03\/KX761053245-scaled.jpg","datePublished":"2022-03-17T15:08:31+00:00","dateModified":"2024-10-08T13:39:04+00:00","breadcrumb":{"@id":"https:\/\/dev.monti.lt\/product\/barskutis-apzvalgos-ratas\/#breadcrumb"},"inLanguage":"en-US","potentialAction":[{"@type":"ReadAction","target":["https:\/\/dev.monti.lt\/product\/barskutis-apzvalgos-ratas\/"]}]},{"@type":"ImageObject","inLanguage":"en-US","@id":"https:\/\/dev.monti.lt\/product\/barskutis-apzvalgos-ratas\/#primaryimage","url":"https:\/\/dev.monti.lt\/wp-content\/uploads\/2022\/03\/KX761053245-scaled.jpg","contentUrl":"https:\/\/dev.monti.lt\/wp-content\/uploads\/2022\/03\/KX761053245-scaled.jpg","width":1730,"height":2560},{"@type":"BreadcrumbList","@id":"https:\/\/dev.monti.lt\/product\/barskutis-apzvalgos-ratas\/#breadcrumb","itemListElement":[{"@type":"ListItem","position":1,"name":"Home","item":"https:\/\/dev.monti.lt\/"},{"@type":"ListItem","position":2,"name":"Parduotuv\u0117","item":"https:\/\/dev.monti.lt\/shop\/"},{"@type":"ListItem","position":3,"name":"Bar\u0161kutis &#8220;Ap\u017evalgos ratas&#8221;"}]},{"@type":"WebSite","@id":"https:\/\/dev.monti.lt\/#website","url":"https:\/\/dev.monti.lt\/","name":"Montessori \u017eaislai","description":"","publisher":{"@id":"https:\/\/dev.monti.lt\/#organization"},"potentialAction":[{"@type":"SearchAction","target":{"@type":"EntryPoint","urlTemplate":"https:\/\/dev.monti.lt\/?s={search_term_string}"},"query-input":"required name=search_term_string"}],"inLanguage":"en-US"},{"@type":"Organization","@id":"https:\/\/dev.monti.lt\/#organization","name":"Montessori \u017eaislai","url":"https:\/\/dev.monti.lt\/","logo":{"@type":"ImageObject","inLanguage":"en-US","@id":"https:\/\/dev.monti.lt\/#\/schema\/logo\/image\/","url":"https:\/\/dev.monti.lt\/wp-content\/uploads\/2022\/03\/montilogo-1.png","contentUrl":"https:\/\/dev.monti.lt\/wp-content\/uploads\/2022\/03\/montilogo-1.png","width":512,"height":512,"caption":"Montessori \u017eaislai"},"image":{"@id":"https:\/\/dev.monti.lt\/#\/schema\/logo\/image\/"}}]}},"_links":{"self":[{"href":"https:\/\/dev.monti.lt\/en\/wp-json\/wp\/v2\/product\/7218"}],"collection":[{"href":"https:\/\/dev.monti.lt\/en\/wp-json\/wp\/v2\/product"}],"about":[{"href":"https:\/\/dev.monti.lt\/en\/wp-json\/wp\/v2\/types\/product"}],"version-history":[{"count":2,"href":"https:\/\/dev.monti.lt\/en\/wp-json\/wp\/v2\/product\/7218\/revisions"}],"predecessor-version":[{"id":18047,"href":"https:\/\/dev.monti.lt\/en\/wp-json\/wp\/v2\/product\/7218\/revisions\/18047"}],"wp:featuredmedia":[{"embeddable":true,"href":"https:\/\/dev.monti.lt\/en\/wp-json\/wp\/v2\/media\/7219"}],"wp:attachment":[{"href":"https:\/\/dev.monti.lt\/en\/wp-json\/wp\/v2\/media?parent=7218"}],"wp:term":[{"taxonomy":"product_cat","embeddable":true,"href":"https:\/\/dev.monti.lt\/en\/wp-json\/wp\/v2\/product_cat?post=7218"},{"taxonomy":"product_tag","embeddable":true,"href":"https:\/\/dev.monti.lt\/en\/wp-json\/wp\/v2\/product_tag?post=7218"}],"curies":[{"name":"wp","href":"https:\/\/api.w.org\/{rel}","templated":true}]}}