{"id":7197,"date":"2022-03-16T15:55:34","date_gmt":"2022-03-16T15:55:34","guid":{"rendered":"https:\/\/dev.monti.lt\/?post_type=product&#038;p=7197"},"modified":"2024-10-07T10:43:49","modified_gmt":"2024-10-07T10:43:49","slug":"medinis-rusiuoklis-su-5-bokstais","status":"publish","type":"product","link":"https:\/\/dev.monti.lt\/en\/product\/medinis-rusiuoklis-su-5-bokstais\/","title":{"rendered":"Medinis r\u016b\u0161iuoklis su 5 bok\u0161tais"},"content":{"rendered":"<p>Puikus r\u016b\u0161iuoklis.<\/p>\n<p>Rinkin\u012f sudaro:<\/p>\n<ul>\n<li>\u2714\ufe0fstovas;<\/li>\n<li>\u2714\ufe0f16 skirting\u0173 spalv\u0173 ir form\u0173 fig\u016br\u0173.<\/li>\n<\/ul>","protected":false},"excerpt":{"rendered":"<p>Spalvingas r\u016b\u0161iuoklis skatina login\u012f m\u0105stym\u0105, k\u016bribingum\u0105 ir kantryb\u0119. Padeda i\u0161mokti atskirti spalvas ir formas. Lygis sud\u0117tingesnis, nes norint u\u017ed\u0117ti fig\u016br\u0117l\u0119 j\u0105 ne tik reik\u0117s teisingai parinkti, bet ir pasukti.<\/p>","protected":false},"featured_media":7199,"template":"","meta":{"iawp_total_views":82},"product_cat":[218,84,91,102,83,86,49,39],"product_tag":[96,97,98],"class_list":{"0":"post-7197","1":"product","2":"type-product","3":"status-publish","4":"has-post-thumbnail","6":"product_cat-darzeliu-grupems","7":"product_cat-lavinamieji-zaislai","8":"product_cat-loginiam-mastymui","9":"product_cat-mediniai-zaislai","10":"product_cat-montessori-zaislai","11":"product_cat-smulkioji-motorika","12":"product_cat-visi-zaislai","13":"product_cat-zaislai","14":"product_tag-2-m-3-m","15":"product_tag-3-m-4-m","16":"product_tag-5-m-7-m","18":"first","19":"instock","20":"taxable","21":"shipping-taxable","22":"purchasable","23":"product-type-simple"},"yoast_head":"<!-- This site is optimized with the Yoast SEO plugin v23.3 - https:\/\/yoast.com\/wordpress\/plugins\/seo\/ -->\n<title>Medinis r\u016b\u0161iuoklis su 5 bok\u0161tais - Montessori \u017eaislai<\/title>\n<meta name=\"robots\" content=\"noindex, follow, max-snippet:-1, max-image-preview:large, max-video-preview:-1\" \/>\n<meta property=\"og:locale\" content=\"en_US\" \/>\n<meta property=\"og:type\" content=\"article\" \/>\n<meta property=\"og:title\" content=\"Medinis r\u016b\u0161iuoklis su 5 bok\u0161tais - Montessori \u017eaislai\" \/>\n<meta property=\"og:description\" content=\"Spalvingas r\u016b\u0161iuoklis skatina login\u012f m\u0105stym\u0105, k\u016bribingum\u0105 ir kantryb\u0119. Padeda i\u0161mokti atskirti spalvas ir formas. Lygis sud\u0117tingesnis, nes norint u\u017ed\u0117ti fig\u016br\u0117l\u0119 j\u0105 ne tik reik\u0117s teisingai parinkti, bet ir pasukti.\" \/>\n<meta property=\"og:url\" content=\"https:\/\/dev.monti.lt\/en\/product\/medinis-rusiuoklis-su-5-bokstais\/\" \/>\n<meta property=\"og:site_name\" content=\"Montessori \u017eaislai\" \/>\n<meta property=\"article:modified_time\" content=\"2024-10-07T10:43:49+00:00\" \/>\n<meta property=\"og:image\" content=\"https:\/\/dev.monti.lt\/wp-content\/uploads\/2022\/03\/Sorter_drewniany_ukladank_5_wiez_3-scaled.jpg\" \/>\n\t<meta property=\"og:image:width\" content=\"2560\" \/>\n\t<meta property=\"og:image:height\" content=\"2149\" \/>\n\t<meta property=\"og:image:type\" content=\"image\/jpeg\" \/>\n<meta name=\"twitter:card\" content=\"summary_large_image\" \/>\n<meta name=\"twitter:label1\" content=\"Est. reading time\" \/>\n\t<meta name=\"twitter:data1\" content=\"1 minute\" \/>\n<script type=\"application\/ld+json\" class=\"yoast-schema-graph\">{\"@context\":\"https:\/\/schema.org\",\"@graph\":[{\"@type\":\"WebPage\",\"@id\":\"https:\/\/dev.monti.lt\/product\/medinis-rusiuoklis-su-5-bokstais\/\",\"url\":\"https:\/\/dev.monti.lt\/product\/medinis-rusiuoklis-su-5-bokstais\/\",\"name\":\"Medinis r\u016b\u0161iuoklis su 5 bok\u0161tais - Montessori \u017eaislai\",\"isPartOf\":{\"@id\":\"https:\/\/dev.monti.lt\/#website\"},\"primaryImageOfPage\":{\"@id\":\"https:\/\/dev.monti.lt\/product\/medinis-rusiuoklis-su-5-bokstais\/#primaryimage\"},\"image\":{\"@id\":\"https:\/\/dev.monti.lt\/product\/medinis-rusiuoklis-su-5-bokstais\/#primaryimage\"},\"thumbnailUrl\":\"https:\/\/dev.monti.lt\/wp-content\/uploads\/2022\/03\/Sorter_drewniany_ukladank_5_wiez_3-scaled.jpg\",\"datePublished\":\"2022-03-16T15:55:34+00:00\",\"dateModified\":\"2024-10-07T10:43:49+00:00\",\"breadcrumb\":{\"@id\":\"https:\/\/dev.monti.lt\/product\/medinis-rusiuoklis-su-5-bokstais\/#breadcrumb\"},\"inLanguage\":\"en-US\",\"potentialAction\":[{\"@type\":\"ReadAction\",\"target\":[\"https:\/\/dev.monti.lt\/product\/medinis-rusiuoklis-su-5-bokstais\/\"]}]},{\"@type\":\"ImageObject\",\"inLanguage\":\"en-US\",\"@id\":\"https:\/\/dev.monti.lt\/product\/medinis-rusiuoklis-su-5-bokstais\/#primaryimage\",\"url\":\"https:\/\/dev.monti.lt\/wp-content\/uploads\/2022\/03\/Sorter_drewniany_ukladank_5_wiez_3-scaled.jpg\",\"contentUrl\":\"https:\/\/dev.monti.lt\/wp-content\/uploads\/2022\/03\/Sorter_drewniany_ukladank_5_wiez_3-scaled.jpg\",\"width\":2560,\"height\":2149,\"caption\":\"r\u016b\u0161iuoklis\"},{\"@type\":\"BreadcrumbList\",\"@id\":\"https:\/\/dev.monti.lt\/product\/medinis-rusiuoklis-su-5-bokstais\/#breadcrumb\",\"itemListElement\":[{\"@type\":\"ListItem\",\"position\":1,\"name\":\"Home\",\"item\":\"https:\/\/dev.monti.lt\/\"},{\"@type\":\"ListItem\",\"position\":2,\"name\":\"Parduotuv\u0117\",\"item\":\"https:\/\/dev.monti.lt\/shop\/\"},{\"@type\":\"ListItem\",\"position\":3,\"name\":\"Medinis r\u016b\u0161iuoklis su 5 bok\u0161tais\"}]},{\"@type\":\"WebSite\",\"@id\":\"https:\/\/dev.monti.lt\/#website\",\"url\":\"https:\/\/dev.monti.lt\/\",\"name\":\"Montessori \u017eaislai\",\"description\":\"\",\"publisher\":{\"@id\":\"https:\/\/dev.monti.lt\/#organization\"},\"potentialAction\":[{\"@type\":\"SearchAction\",\"target\":{\"@type\":\"EntryPoint\",\"urlTemplate\":\"https:\/\/dev.monti.lt\/?s={search_term_string}\"},\"query-input\":\"required name=search_term_string\"}],\"inLanguage\":\"en-US\"},{\"@type\":\"Organization\",\"@id\":\"https:\/\/dev.monti.lt\/#organization\",\"name\":\"Montessori \u017eaislai\",\"url\":\"https:\/\/dev.monti.lt\/\",\"logo\":{\"@type\":\"ImageObject\",\"inLanguage\":\"en-US\",\"@id\":\"https:\/\/dev.monti.lt\/#\/schema\/logo\/image\/\",\"url\":\"https:\/\/dev.monti.lt\/wp-content\/uploads\/2022\/03\/montilogo-1.png\",\"contentUrl\":\"https:\/\/dev.monti.lt\/wp-content\/uploads\/2022\/03\/montilogo-1.png\",\"width\":512,\"height\":512,\"caption\":\"Montessori \u017eaislai\"},\"image\":{\"@id\":\"https:\/\/dev.monti.lt\/#\/schema\/logo\/image\/\"}}]}<\/script>\n<!-- \/ Yoast SEO plugin. -->","yoast_head_json":{"title":"Medinis r\u016b\u0161iuoklis su 5 bok\u0161tais - Montessori \u017eaislai","robots":{"index":"noindex","follow":"follow","max-snippet":"max-snippet:-1","max-image-preview":"max-image-preview:large","max-video-preview":"max-video-preview:-1"},"og_locale":"en_US","og_type":"article","og_title":"Medinis r\u016b\u0161iuoklis su 5 bok\u0161tais - Montessori \u017eaislai","og_description":"Spalvingas r\u016b\u0161iuoklis skatina login\u012f m\u0105stym\u0105, k\u016bribingum\u0105 ir kantryb\u0119. Padeda i\u0161mokti atskirti spalvas ir formas. Lygis sud\u0117tingesnis, nes norint u\u017ed\u0117ti fig\u016br\u0117l\u0119 j\u0105 ne tik reik\u0117s teisingai parinkti, bet ir pasukti.","og_url":"https:\/\/dev.monti.lt\/en\/product\/medinis-rusiuoklis-su-5-bokstais\/","og_site_name":"Montessori \u017eaislai","article_modified_time":"2024-10-07T10:43:49+00:00","og_image":[{"width":2560,"height":2149,"url":"https:\/\/dev.monti.lt\/wp-content\/uploads\/2022\/03\/Sorter_drewniany_ukladank_5_wiez_3-scaled.jpg","type":"image\/jpeg"}],"twitter_card":"summary_large_image","twitter_misc":{"Est. reading time":"1 minute"},"schema":{"@context":"https:\/\/schema.org","@graph":[{"@type":"WebPage","@id":"https:\/\/dev.monti.lt\/product\/medinis-rusiuoklis-su-5-bokstais\/","url":"https:\/\/dev.monti.lt\/product\/medinis-rusiuoklis-su-5-bokstais\/","name":"Medinis r\u016b\u0161iuoklis su 5 bok\u0161tais - Montessori \u017eaislai","isPartOf":{"@id":"https:\/\/dev.monti.lt\/#website"},"primaryImageOfPage":{"@id":"https:\/\/dev.monti.lt\/product\/medinis-rusiuoklis-su-5-bokstais\/#primaryimage"},"image":{"@id":"https:\/\/dev.monti.lt\/product\/medinis-rusiuoklis-su-5-bokstais\/#primaryimage"},"thumbnailUrl":"https:\/\/dev.monti.lt\/wp-content\/uploads\/2022\/03\/Sorter_drewniany_ukladank_5_wiez_3-scaled.jpg","datePublished":"2022-03-16T15:55:34+00:00","dateModified":"2024-10-07T10:43:49+00:00","breadcrumb":{"@id":"https:\/\/dev.monti.lt\/product\/medinis-rusiuoklis-su-5-bokstais\/#breadcrumb"},"inLanguage":"en-US","potentialAction":[{"@type":"ReadAction","target":["https:\/\/dev.monti.lt\/product\/medinis-rusiuoklis-su-5-bokstais\/"]}]},{"@type":"ImageObject","inLanguage":"en-US","@id":"https:\/\/dev.monti.lt\/product\/medinis-rusiuoklis-su-5-bokstais\/#primaryimage","url":"https:\/\/dev.monti.lt\/wp-content\/uploads\/2022\/03\/Sorter_drewniany_ukladank_5_wiez_3-scaled.jpg","contentUrl":"https:\/\/dev.monti.lt\/wp-content\/uploads\/2022\/03\/Sorter_drewniany_ukladank_5_wiez_3-scaled.jpg","width":2560,"height":2149,"caption":"r\u016b\u0161iuoklis"},{"@type":"BreadcrumbList","@id":"https:\/\/dev.monti.lt\/product\/medinis-rusiuoklis-su-5-bokstais\/#breadcrumb","itemListElement":[{"@type":"ListItem","position":1,"name":"Home","item":"https:\/\/dev.monti.lt\/"},{"@type":"ListItem","position":2,"name":"Parduotuv\u0117","item":"https:\/\/dev.monti.lt\/shop\/"},{"@type":"ListItem","position":3,"name":"Medinis r\u016b\u0161iuoklis su 5 bok\u0161tais"}]},{"@type":"WebSite","@id":"https:\/\/dev.monti.lt\/#website","url":"https:\/\/dev.monti.lt\/","name":"Montessori \u017eaislai","description":"","publisher":{"@id":"https:\/\/dev.monti.lt\/#organization"},"potentialAction":[{"@type":"SearchAction","target":{"@type":"EntryPoint","urlTemplate":"https:\/\/dev.monti.lt\/?s={search_term_string}"},"query-input":"required name=search_term_string"}],"inLanguage":"en-US"},{"@type":"Organization","@id":"https:\/\/dev.monti.lt\/#organization","name":"Montessori \u017eaislai","url":"https:\/\/dev.monti.lt\/","logo":{"@type":"ImageObject","inLanguage":"en-US","@id":"https:\/\/dev.monti.lt\/#\/schema\/logo\/image\/","url":"https:\/\/dev.monti.lt\/wp-content\/uploads\/2022\/03\/montilogo-1.png","contentUrl":"https:\/\/dev.monti.lt\/wp-content\/uploads\/2022\/03\/montilogo-1.png","width":512,"height":512,"caption":"Montessori \u017eaislai"},"image":{"@id":"https:\/\/dev.monti.lt\/#\/schema\/logo\/image\/"}}]}},"_links":{"self":[{"href":"https:\/\/dev.monti.lt\/en\/wp-json\/wp\/v2\/product\/7197"}],"collection":[{"href":"https:\/\/dev.monti.lt\/en\/wp-json\/wp\/v2\/product"}],"about":[{"href":"https:\/\/dev.monti.lt\/en\/wp-json\/wp\/v2\/types\/product"}],"version-history":[{"count":2,"href":"https:\/\/dev.monti.lt\/en\/wp-json\/wp\/v2\/product\/7197\/revisions"}],"predecessor-version":[{"id":9867,"href":"https:\/\/dev.monti.lt\/en\/wp-json\/wp\/v2\/product\/7197\/revisions\/9867"}],"wp:featuredmedia":[{"embeddable":true,"href":"https:\/\/dev.monti.lt\/en\/wp-json\/wp\/v2\/media\/7199"}],"wp:attachment":[{"href":"https:\/\/dev.monti.lt\/en\/wp-json\/wp\/v2\/media?parent=7197"}],"wp:term":[{"taxonomy":"product_cat","embeddable":true,"href":"https:\/\/dev.monti.lt\/en\/wp-json\/wp\/v2\/product_cat?post=7197"},{"taxonomy":"product_tag","embeddable":true,"href":"https:\/\/dev.monti.lt\/en\/wp-json\/wp\/v2\/product_tag?post=7197"}],"curies":[{"name":"wp","href":"https:\/\/api.w.org\/{rel}","templated":true}]}}