{"id":7188,"date":"2022-03-16T15:51:08","date_gmt":"2022-03-16T15:51:08","guid":{"rendered":"https:\/\/dev.monti.lt\/?post_type=product&#038;p=7188"},"modified":"2024-10-08T17:43:22","modified_gmt":"2024-10-08T17:43:22","slug":"daugiafunkcine-magnetine-lenta-miestas","status":"publish","type":"product","link":"https:\/\/dev.monti.lt\/en\/product\/daugiafunkcine-magnetine-lenta-miestas\/","title":{"rendered":"Daugiafunkcin\u0117 magnetin\u0117 lenta &#8220;Miestas&#8221;"},"content":{"rendered":"<p>MOKOMOJI DIDEL\u0116 DAUGIAFUNKCIN\u0116 LENTA MODELIS B<\/p>\n<p>MAGNETIN\u0116 LENTA SU D\u0116LION\u0116MIS<\/p>\n<p>Dvipus\u0117 medin\u0117 lenta su magnetin\u0117mis d\u0117lion\u0117mis paveiksl\u0117liams sud\u0117lioti.<\/p>\n<p>Kuria vaiko i\u0161radingum\u0105, vaizduot\u0119 per didel\u012f malonum\u0105.<\/p>\n<p>R\u0117mas pagamintas i\u0161 \u0161viesaus, nat\u016bralaus med\u017eio.<\/p>\n<p>Matmenys: 30 cm x 23 cm x 3 cm<\/p>\n<p>Dviej\u0173 funkcij\u0173 lenta:<\/p>\n<p>Baltoji magnetin\u0117 pus\u0117 naudojama spalvotoms d\u0117lion\u0117ms ir ra\u0161ymui markeriu.<br \/>Juoda lentos pus\u0117 naudojama tradiciniam ra\u0161ymui kreida.<br \/>Rinkin\u012f sudaro:<\/p>\n<p>dvipus\u0117 lenta<br \/>ma\u017edaug 100 magnet\u0173 rinkinys<br \/>spalvota kreida<br \/>kempin\u0117l\u0117<br \/>flomasteris<br \/>instrukcijos su d\u0117lion\u0117s modeliais<\/p>","protected":false},"excerpt":{"rendered":"<p>Ugdomoji daugiafunkcin\u0117 lenta su magnetin\u0117mis d\u0117lion\u0117mis. Balta magnetin\u0117 pus\u0117 yra skirta magnetiniams galvos\u016bkiams d\u0117lioti ir ra\u0161yti \u017eymekliu. Juoda pus\u0117 yra skirta pie\u0161imui su kreida. Patikrinta, puikus u\u017esi\u0117mimas ilg\u0173 kelioni\u0173 metu!<\/p>","protected":false},"featured_media":7191,"template":"","meta":{"iawp_total_views":167},"product_cat":[218,84,89,90,49,39],"product_tag":[96,97,98],"class_list":{"0":"post-7188","1":"product","2":"type-product","3":"status-publish","4":"has-post-thumbnail","6":"product_cat-darzeliu-grupems","7":"product_cat-lavinamieji-zaislai","8":"product_cat-mokausi-piesti","9":"product_cat-pasaulio-pazinimas","10":"product_cat-visi-zaislai","11":"product_cat-zaislai","12":"product_tag-2-m-3-m","13":"product_tag-3-m-4-m","14":"product_tag-5-m-7-m","16":"first","17":"instock","18":"featured","19":"taxable","20":"shipping-taxable","21":"purchasable","22":"product-type-simple"},"yoast_head":"<!-- This site is optimized with the Yoast SEO plugin v23.3 - https:\/\/yoast.com\/wordpress\/plugins\/seo\/ -->\n<title>Daugiafunkcin\u0117 magnetin\u0117 lenta &quot;Miestas&quot; - Montessori \u017eaislai<\/title>\n<meta name=\"robots\" content=\"noindex, follow, max-snippet:-1, max-image-preview:large, max-video-preview:-1\" \/>\n<meta property=\"og:locale\" content=\"en_US\" \/>\n<meta property=\"og:type\" content=\"article\" \/>\n<meta property=\"og:title\" content=\"Daugiafunkcin\u0117 magnetin\u0117 lenta &quot;Miestas&quot; - Montessori \u017eaislai\" \/>\n<meta property=\"og:description\" content=\"Ugdomoji daugiafunkcin\u0117 lenta su magnetin\u0117mis d\u0117lion\u0117mis. Balta magnetin\u0117 pus\u0117 yra skirta magnetiniams galvos\u016bkiams d\u0117lioti ir ra\u0161yti \u017eymekliu. Juoda pus\u0117 yra skirta pie\u0161imui su kreida. Patikrinta, puikus u\u017esi\u0117mimas ilg\u0173 kelioni\u0173 metu!\" \/>\n<meta property=\"og:url\" content=\"https:\/\/dev.monti.lt\/en\/product\/daugiafunkcine-magnetine-lenta-miestas\/\" \/>\n<meta property=\"og:site_name\" content=\"Montessori \u017eaislai\" \/>\n<meta property=\"article:modified_time\" content=\"2024-10-08T17:43:22+00:00\" \/>\n<meta property=\"og:image\" content=\"https:\/\/dev.monti.lt\/wp-content\/uploads\/2022\/03\/7547.jpg\" \/>\n\t<meta property=\"og:image:width\" content=\"493\" \/>\n\t<meta property=\"og:image:height\" content=\"446\" \/>\n\t<meta property=\"og:image:type\" content=\"image\/jpeg\" \/>\n<meta name=\"twitter:card\" content=\"summary_large_image\" \/>\n<script type=\"application\/ld+json\" class=\"yoast-schema-graph\">{\"@context\":\"https:\/\/schema.org\",\"@graph\":[{\"@type\":\"WebPage\",\"@id\":\"https:\/\/dev.monti.lt\/product\/daugiafunkcine-magnetine-lenta-miestas\/\",\"url\":\"https:\/\/dev.monti.lt\/product\/daugiafunkcine-magnetine-lenta-miestas\/\",\"name\":\"Daugiafunkcin\u0117 magnetin\u0117 lenta \\\"Miestas\\\" - Montessori \u017eaislai\",\"isPartOf\":{\"@id\":\"https:\/\/dev.monti.lt\/#website\"},\"primaryImageOfPage\":{\"@id\":\"https:\/\/dev.monti.lt\/product\/daugiafunkcine-magnetine-lenta-miestas\/#primaryimage\"},\"image\":{\"@id\":\"https:\/\/dev.monti.lt\/product\/daugiafunkcine-magnetine-lenta-miestas\/#primaryimage\"},\"thumbnailUrl\":\"https:\/\/dev.monti.lt\/wp-content\/uploads\/2022\/03\/7547.jpg\",\"datePublished\":\"2022-03-16T15:51:08+00:00\",\"dateModified\":\"2024-10-08T17:43:22+00:00\",\"breadcrumb\":{\"@id\":\"https:\/\/dev.monti.lt\/product\/daugiafunkcine-magnetine-lenta-miestas\/#breadcrumb\"},\"inLanguage\":\"en-US\",\"potentialAction\":[{\"@type\":\"ReadAction\",\"target\":[\"https:\/\/dev.monti.lt\/product\/daugiafunkcine-magnetine-lenta-miestas\/\"]}]},{\"@type\":\"ImageObject\",\"inLanguage\":\"en-US\",\"@id\":\"https:\/\/dev.monti.lt\/product\/daugiafunkcine-magnetine-lenta-miestas\/#primaryimage\",\"url\":\"https:\/\/dev.monti.lt\/wp-content\/uploads\/2022\/03\/7547.jpg\",\"contentUrl\":\"https:\/\/dev.monti.lt\/wp-content\/uploads\/2022\/03\/7547.jpg\",\"width\":493,\"height\":446,\"caption\":\"magnetin\u0117 pie\u0161imo lenta\"},{\"@type\":\"BreadcrumbList\",\"@id\":\"https:\/\/dev.monti.lt\/product\/daugiafunkcine-magnetine-lenta-miestas\/#breadcrumb\",\"itemListElement\":[{\"@type\":\"ListItem\",\"position\":1,\"name\":\"Home\",\"item\":\"https:\/\/dev.monti.lt\/\"},{\"@type\":\"ListItem\",\"position\":2,\"name\":\"Parduotuv\u0117\",\"item\":\"https:\/\/dev.monti.lt\/shop\/\"},{\"@type\":\"ListItem\",\"position\":3,\"name\":\"Daugiafunkcin\u0117 magnetin\u0117 lenta &#8220;Miestas&#8221;\"}]},{\"@type\":\"WebSite\",\"@id\":\"https:\/\/dev.monti.lt\/#website\",\"url\":\"https:\/\/dev.monti.lt\/\",\"name\":\"Montessori \u017eaislai\",\"description\":\"\",\"publisher\":{\"@id\":\"https:\/\/dev.monti.lt\/#organization\"},\"potentialAction\":[{\"@type\":\"SearchAction\",\"target\":{\"@type\":\"EntryPoint\",\"urlTemplate\":\"https:\/\/dev.monti.lt\/?s={search_term_string}\"},\"query-input\":\"required name=search_term_string\"}],\"inLanguage\":\"en-US\"},{\"@type\":\"Organization\",\"@id\":\"https:\/\/dev.monti.lt\/#organization\",\"name\":\"Montessori \u017eaislai\",\"url\":\"https:\/\/dev.monti.lt\/\",\"logo\":{\"@type\":\"ImageObject\",\"inLanguage\":\"en-US\",\"@id\":\"https:\/\/dev.monti.lt\/#\/schema\/logo\/image\/\",\"url\":\"https:\/\/dev.monti.lt\/wp-content\/uploads\/2022\/03\/montilogo-1.png\",\"contentUrl\":\"https:\/\/dev.monti.lt\/wp-content\/uploads\/2022\/03\/montilogo-1.png\",\"width\":512,\"height\":512,\"caption\":\"Montessori \u017eaislai\"},\"image\":{\"@id\":\"https:\/\/dev.monti.lt\/#\/schema\/logo\/image\/\"}}]}<\/script>\n<!-- \/ Yoast SEO plugin. -->","yoast_head_json":{"title":"Daugiafunkcin\u0117 magnetin\u0117 lenta \"Miestas\" - Montessori \u017eaislai","robots":{"index":"noindex","follow":"follow","max-snippet":"max-snippet:-1","max-image-preview":"max-image-preview:large","max-video-preview":"max-video-preview:-1"},"og_locale":"en_US","og_type":"article","og_title":"Daugiafunkcin\u0117 magnetin\u0117 lenta \"Miestas\" - Montessori \u017eaislai","og_description":"Ugdomoji daugiafunkcin\u0117 lenta su magnetin\u0117mis d\u0117lion\u0117mis. Balta magnetin\u0117 pus\u0117 yra skirta magnetiniams galvos\u016bkiams d\u0117lioti ir ra\u0161yti \u017eymekliu. Juoda pus\u0117 yra skirta pie\u0161imui su kreida. Patikrinta, puikus u\u017esi\u0117mimas ilg\u0173 kelioni\u0173 metu!","og_url":"https:\/\/dev.monti.lt\/en\/product\/daugiafunkcine-magnetine-lenta-miestas\/","og_site_name":"Montessori \u017eaislai","article_modified_time":"2024-10-08T17:43:22+00:00","og_image":[{"width":493,"height":446,"url":"https:\/\/dev.monti.lt\/wp-content\/uploads\/2022\/03\/7547.jpg","type":"image\/jpeg"}],"twitter_card":"summary_large_image","schema":{"@context":"https:\/\/schema.org","@graph":[{"@type":"WebPage","@id":"https:\/\/dev.monti.lt\/product\/daugiafunkcine-magnetine-lenta-miestas\/","url":"https:\/\/dev.monti.lt\/product\/daugiafunkcine-magnetine-lenta-miestas\/","name":"Daugiafunkcin\u0117 magnetin\u0117 lenta \"Miestas\" - Montessori \u017eaislai","isPartOf":{"@id":"https:\/\/dev.monti.lt\/#website"},"primaryImageOfPage":{"@id":"https:\/\/dev.monti.lt\/product\/daugiafunkcine-magnetine-lenta-miestas\/#primaryimage"},"image":{"@id":"https:\/\/dev.monti.lt\/product\/daugiafunkcine-magnetine-lenta-miestas\/#primaryimage"},"thumbnailUrl":"https:\/\/dev.monti.lt\/wp-content\/uploads\/2022\/03\/7547.jpg","datePublished":"2022-03-16T15:51:08+00:00","dateModified":"2024-10-08T17:43:22+00:00","breadcrumb":{"@id":"https:\/\/dev.monti.lt\/product\/daugiafunkcine-magnetine-lenta-miestas\/#breadcrumb"},"inLanguage":"en-US","potentialAction":[{"@type":"ReadAction","target":["https:\/\/dev.monti.lt\/product\/daugiafunkcine-magnetine-lenta-miestas\/"]}]},{"@type":"ImageObject","inLanguage":"en-US","@id":"https:\/\/dev.monti.lt\/product\/daugiafunkcine-magnetine-lenta-miestas\/#primaryimage","url":"https:\/\/dev.monti.lt\/wp-content\/uploads\/2022\/03\/7547.jpg","contentUrl":"https:\/\/dev.monti.lt\/wp-content\/uploads\/2022\/03\/7547.jpg","width":493,"height":446,"caption":"magnetin\u0117 pie\u0161imo lenta"},{"@type":"BreadcrumbList","@id":"https:\/\/dev.monti.lt\/product\/daugiafunkcine-magnetine-lenta-miestas\/#breadcrumb","itemListElement":[{"@type":"ListItem","position":1,"name":"Home","item":"https:\/\/dev.monti.lt\/"},{"@type":"ListItem","position":2,"name":"Parduotuv\u0117","item":"https:\/\/dev.monti.lt\/shop\/"},{"@type":"ListItem","position":3,"name":"Daugiafunkcin\u0117 magnetin\u0117 lenta &#8220;Miestas&#8221;"}]},{"@type":"WebSite","@id":"https:\/\/dev.monti.lt\/#website","url":"https:\/\/dev.monti.lt\/","name":"Montessori \u017eaislai","description":"","publisher":{"@id":"https:\/\/dev.monti.lt\/#organization"},"potentialAction":[{"@type":"SearchAction","target":{"@type":"EntryPoint","urlTemplate":"https:\/\/dev.monti.lt\/?s={search_term_string}"},"query-input":"required name=search_term_string"}],"inLanguage":"en-US"},{"@type":"Organization","@id":"https:\/\/dev.monti.lt\/#organization","name":"Montessori \u017eaislai","url":"https:\/\/dev.monti.lt\/","logo":{"@type":"ImageObject","inLanguage":"en-US","@id":"https:\/\/dev.monti.lt\/#\/schema\/logo\/image\/","url":"https:\/\/dev.monti.lt\/wp-content\/uploads\/2022\/03\/montilogo-1.png","contentUrl":"https:\/\/dev.monti.lt\/wp-content\/uploads\/2022\/03\/montilogo-1.png","width":512,"height":512,"caption":"Montessori \u017eaislai"},"image":{"@id":"https:\/\/dev.monti.lt\/#\/schema\/logo\/image\/"}}]}},"_links":{"self":[{"href":"https:\/\/dev.monti.lt\/en\/wp-json\/wp\/v2\/product\/7188"}],"collection":[{"href":"https:\/\/dev.monti.lt\/en\/wp-json\/wp\/v2\/product"}],"about":[{"href":"https:\/\/dev.monti.lt\/en\/wp-json\/wp\/v2\/types\/product"}],"version-history":[{"count":2,"href":"https:\/\/dev.monti.lt\/en\/wp-json\/wp\/v2\/product\/7188\/revisions"}],"predecessor-version":[{"id":18050,"href":"https:\/\/dev.monti.lt\/en\/wp-json\/wp\/v2\/product\/7188\/revisions\/18050"}],"wp:featuredmedia":[{"embeddable":true,"href":"https:\/\/dev.monti.lt\/en\/wp-json\/wp\/v2\/media\/7191"}],"wp:attachment":[{"href":"https:\/\/dev.monti.lt\/en\/wp-json\/wp\/v2\/media?parent=7188"}],"wp:term":[{"taxonomy":"product_cat","embeddable":true,"href":"https:\/\/dev.monti.lt\/en\/wp-json\/wp\/v2\/product_cat?post=7188"},{"taxonomy":"product_tag","embeddable":true,"href":"https:\/\/dev.monti.lt\/en\/wp-json\/wp\/v2\/product_tag?post=7188"}],"curies":[{"name":"wp","href":"https:\/\/api.w.org\/{rel}","templated":true}]}}