{"id":7178,"date":"2022-03-16T15:47:00","date_gmt":"2022-03-16T15:47:00","guid":{"rendered":"https:\/\/dev.monti.lt\/?post_type=product&#038;p=7178"},"modified":"2024-10-08T10:45:18","modified_gmt":"2024-10-08T10:45:18","slug":"spalvotoji-mozaika","status":"publish","type":"product","link":"https:\/\/dev.monti.lt\/en\/product\/spalvotoji-mozaika\/","title":{"rendered":"Spalvotoji mozaika"},"content":{"rendered":"<p>Patogus lagaminas su perforuotu pagrindu 296 \u012fvairi\u0173 spalv\u0173 detal\u0117s d\u0117lion\u0117ms d\u0117lioni\u0173 pavyzd\u017eiai.<\/p>","protected":false},"excerpt":{"rendered":"<p>K\u016brybingum\u0105 ugdantis klasikinis \u017eaidimas, leis puikiai praleisti laik\u0105 visai \u0161eimai. Tai puikus u\u017esi\u0117mimas reikalaujantis kruop\u0161tumo ir lavinantis vaiko smulki\u0105j\u0105 motorik\u0105. \u017daidimo pagalba galima mokytis pa\u017einti spalvas ir i\u0161bandyti \u012fvairias j\u0173 kompozicijas.<br \/>\n\u017daislas pagamintas i\u0161 saugaus plastiko<\/p>","protected":false},"featured_media":7179,"template":"","meta":{"iawp_total_views":201},"product_cat":[218,92,87,84,86,49,39],"product_tag":[97,98],"class_list":{"0":"post-7178","1":"product","2":"type-product","3":"status-publish","4":"has-post-thumbnail","6":"product_cat-darzeliu-grupems","7":"product_cat-deliones","8":"product_cat-kurybiniai-rinkiniai","9":"product_cat-lavinamieji-zaislai","10":"product_cat-smulkioji-motorika","11":"product_cat-visi-zaislai","12":"product_cat-zaislai","13":"product_tag-3-m-4-m","14":"product_tag-5-m-7-m","16":"first","17":"instock","18":"taxable","19":"shipping-taxable","20":"purchasable","21":"product-type-simple"},"yoast_head":"<!-- This site is optimized with the Yoast SEO plugin v23.3 - https:\/\/yoast.com\/wordpress\/plugins\/seo\/ -->\n<title>Spalvotoji mozaika - Montessori \u017eaislai<\/title>\n<meta name=\"robots\" content=\"noindex, follow, max-snippet:-1, max-image-preview:large, max-video-preview:-1\" \/>\n<meta property=\"og:locale\" content=\"en_US\" \/>\n<meta property=\"og:type\" content=\"article\" \/>\n<meta property=\"og:title\" content=\"Spalvotoji mozaika - Montessori \u017eaislai\" \/>\n<meta property=\"og:description\" content=\"K\u016brybingum\u0105 ugdantis klasikinis \u017eaidimas, leis puikiai praleisti laik\u0105 visai \u0161eimai. Tai puikus u\u017esi\u0117mimas reikalaujantis kruop\u0161tumo ir lavinantis vaiko smulki\u0105j\u0105 motorik\u0105. \u017daidimo pagalba galima mokytis pa\u017einti spalvas ir i\u0161bandyti \u012fvairias j\u0173 kompozicijas. \u017daislas pagamintas i\u0161 saugaus plastiko\" \/>\n<meta property=\"og:url\" content=\"https:\/\/dev.monti.lt\/en\/product\/spalvotoji-mozaika\/\" \/>\n<meta property=\"og:site_name\" content=\"Montessori \u017eaislai\" \/>\n<meta property=\"article:modified_time\" content=\"2024-10-08T10:45:18+00:00\" \/>\n<meta property=\"og:image\" content=\"https:\/\/dev.monti.lt\/wp-content\/uploads\/2022\/03\/KX752752004.jpg\" \/>\n\t<meta property=\"og:image:width\" content=\"700\" \/>\n\t<meta property=\"og:image:height\" content=\"700\" \/>\n\t<meta property=\"og:image:type\" content=\"image\/jpeg\" \/>\n<meta name=\"twitter:card\" content=\"summary_large_image\" \/>\n<meta name=\"twitter:label1\" content=\"Est. reading time\" \/>\n\t<meta name=\"twitter:data1\" content=\"1 minute\" \/>\n<script type=\"application\/ld+json\" class=\"yoast-schema-graph\">{\"@context\":\"https:\/\/schema.org\",\"@graph\":[{\"@type\":\"WebPage\",\"@id\":\"https:\/\/dev.monti.lt\/product\/spalvotoji-mozaika\/\",\"url\":\"https:\/\/dev.monti.lt\/product\/spalvotoji-mozaika\/\",\"name\":\"Spalvotoji mozaika - Montessori \u017eaislai\",\"isPartOf\":{\"@id\":\"https:\/\/dev.monti.lt\/#website\"},\"primaryImageOfPage\":{\"@id\":\"https:\/\/dev.monti.lt\/product\/spalvotoji-mozaika\/#primaryimage\"},\"image\":{\"@id\":\"https:\/\/dev.monti.lt\/product\/spalvotoji-mozaika\/#primaryimage\"},\"thumbnailUrl\":\"https:\/\/dev.monti.lt\/wp-content\/uploads\/2022\/03\/KX752752004.jpg\",\"datePublished\":\"2022-03-16T15:47:00+00:00\",\"dateModified\":\"2024-10-08T10:45:18+00:00\",\"breadcrumb\":{\"@id\":\"https:\/\/dev.monti.lt\/product\/spalvotoji-mozaika\/#breadcrumb\"},\"inLanguage\":\"en-US\",\"potentialAction\":[{\"@type\":\"ReadAction\",\"target\":[\"https:\/\/dev.monti.lt\/product\/spalvotoji-mozaika\/\"]}]},{\"@type\":\"ImageObject\",\"inLanguage\":\"en-US\",\"@id\":\"https:\/\/dev.monti.lt\/product\/spalvotoji-mozaika\/#primaryimage\",\"url\":\"https:\/\/dev.monti.lt\/wp-content\/uploads\/2022\/03\/KX752752004.jpg\",\"contentUrl\":\"https:\/\/dev.monti.lt\/wp-content\/uploads\/2022\/03\/KX752752004.jpg\",\"width\":700,\"height\":700,\"caption\":\"vaiki\u0161ka mozaika grybukai\"},{\"@type\":\"BreadcrumbList\",\"@id\":\"https:\/\/dev.monti.lt\/product\/spalvotoji-mozaika\/#breadcrumb\",\"itemListElement\":[{\"@type\":\"ListItem\",\"position\":1,\"name\":\"Home\",\"item\":\"https:\/\/dev.monti.lt\/\"},{\"@type\":\"ListItem\",\"position\":2,\"name\":\"Parduotuv\u0117\",\"item\":\"https:\/\/dev.monti.lt\/shop\/\"},{\"@type\":\"ListItem\",\"position\":3,\"name\":\"Spalvotoji mozaika\"}]},{\"@type\":\"WebSite\",\"@id\":\"https:\/\/dev.monti.lt\/#website\",\"url\":\"https:\/\/dev.monti.lt\/\",\"name\":\"Montessori \u017eaislai\",\"description\":\"\",\"publisher\":{\"@id\":\"https:\/\/dev.monti.lt\/#organization\"},\"potentialAction\":[{\"@type\":\"SearchAction\",\"target\":{\"@type\":\"EntryPoint\",\"urlTemplate\":\"https:\/\/dev.monti.lt\/?s={search_term_string}\"},\"query-input\":\"required name=search_term_string\"}],\"inLanguage\":\"en-US\"},{\"@type\":\"Organization\",\"@id\":\"https:\/\/dev.monti.lt\/#organization\",\"name\":\"Montessori \u017eaislai\",\"url\":\"https:\/\/dev.monti.lt\/\",\"logo\":{\"@type\":\"ImageObject\",\"inLanguage\":\"en-US\",\"@id\":\"https:\/\/dev.monti.lt\/#\/schema\/logo\/image\/\",\"url\":\"https:\/\/dev.monti.lt\/wp-content\/uploads\/2022\/03\/montilogo-1.png\",\"contentUrl\":\"https:\/\/dev.monti.lt\/wp-content\/uploads\/2022\/03\/montilogo-1.png\",\"width\":512,\"height\":512,\"caption\":\"Montessori \u017eaislai\"},\"image\":{\"@id\":\"https:\/\/dev.monti.lt\/#\/schema\/logo\/image\/\"}}]}<\/script>\n<!-- \/ Yoast SEO plugin. -->","yoast_head_json":{"title":"Spalvotoji mozaika - Montessori \u017eaislai","robots":{"index":"noindex","follow":"follow","max-snippet":"max-snippet:-1","max-image-preview":"max-image-preview:large","max-video-preview":"max-video-preview:-1"},"og_locale":"en_US","og_type":"article","og_title":"Spalvotoji mozaika - Montessori \u017eaislai","og_description":"K\u016brybingum\u0105 ugdantis klasikinis \u017eaidimas, leis puikiai praleisti laik\u0105 visai \u0161eimai. Tai puikus u\u017esi\u0117mimas reikalaujantis kruop\u0161tumo ir lavinantis vaiko smulki\u0105j\u0105 motorik\u0105. \u017daidimo pagalba galima mokytis pa\u017einti spalvas ir i\u0161bandyti \u012fvairias j\u0173 kompozicijas. \u017daislas pagamintas i\u0161 saugaus plastiko","og_url":"https:\/\/dev.monti.lt\/en\/product\/spalvotoji-mozaika\/","og_site_name":"Montessori \u017eaislai","article_modified_time":"2024-10-08T10:45:18+00:00","og_image":[{"width":700,"height":700,"url":"https:\/\/dev.monti.lt\/wp-content\/uploads\/2022\/03\/KX752752004.jpg","type":"image\/jpeg"}],"twitter_card":"summary_large_image","twitter_misc":{"Est. reading time":"1 minute"},"schema":{"@context":"https:\/\/schema.org","@graph":[{"@type":"WebPage","@id":"https:\/\/dev.monti.lt\/product\/spalvotoji-mozaika\/","url":"https:\/\/dev.monti.lt\/product\/spalvotoji-mozaika\/","name":"Spalvotoji mozaika - Montessori \u017eaislai","isPartOf":{"@id":"https:\/\/dev.monti.lt\/#website"},"primaryImageOfPage":{"@id":"https:\/\/dev.monti.lt\/product\/spalvotoji-mozaika\/#primaryimage"},"image":{"@id":"https:\/\/dev.monti.lt\/product\/spalvotoji-mozaika\/#primaryimage"},"thumbnailUrl":"https:\/\/dev.monti.lt\/wp-content\/uploads\/2022\/03\/KX752752004.jpg","datePublished":"2022-03-16T15:47:00+00:00","dateModified":"2024-10-08T10:45:18+00:00","breadcrumb":{"@id":"https:\/\/dev.monti.lt\/product\/spalvotoji-mozaika\/#breadcrumb"},"inLanguage":"en-US","potentialAction":[{"@type":"ReadAction","target":["https:\/\/dev.monti.lt\/product\/spalvotoji-mozaika\/"]}]},{"@type":"ImageObject","inLanguage":"en-US","@id":"https:\/\/dev.monti.lt\/product\/spalvotoji-mozaika\/#primaryimage","url":"https:\/\/dev.monti.lt\/wp-content\/uploads\/2022\/03\/KX752752004.jpg","contentUrl":"https:\/\/dev.monti.lt\/wp-content\/uploads\/2022\/03\/KX752752004.jpg","width":700,"height":700,"caption":"vaiki\u0161ka mozaika grybukai"},{"@type":"BreadcrumbList","@id":"https:\/\/dev.monti.lt\/product\/spalvotoji-mozaika\/#breadcrumb","itemListElement":[{"@type":"ListItem","position":1,"name":"Home","item":"https:\/\/dev.monti.lt\/"},{"@type":"ListItem","position":2,"name":"Parduotuv\u0117","item":"https:\/\/dev.monti.lt\/shop\/"},{"@type":"ListItem","position":3,"name":"Spalvotoji mozaika"}]},{"@type":"WebSite","@id":"https:\/\/dev.monti.lt\/#website","url":"https:\/\/dev.monti.lt\/","name":"Montessori \u017eaislai","description":"","publisher":{"@id":"https:\/\/dev.monti.lt\/#organization"},"potentialAction":[{"@type":"SearchAction","target":{"@type":"EntryPoint","urlTemplate":"https:\/\/dev.monti.lt\/?s={search_term_string}"},"query-input":"required name=search_term_string"}],"inLanguage":"en-US"},{"@type":"Organization","@id":"https:\/\/dev.monti.lt\/#organization","name":"Montessori \u017eaislai","url":"https:\/\/dev.monti.lt\/","logo":{"@type":"ImageObject","inLanguage":"en-US","@id":"https:\/\/dev.monti.lt\/#\/schema\/logo\/image\/","url":"https:\/\/dev.monti.lt\/wp-content\/uploads\/2022\/03\/montilogo-1.png","contentUrl":"https:\/\/dev.monti.lt\/wp-content\/uploads\/2022\/03\/montilogo-1.png","width":512,"height":512,"caption":"Montessori \u017eaislai"},"image":{"@id":"https:\/\/dev.monti.lt\/#\/schema\/logo\/image\/"}}]}},"_links":{"self":[{"href":"https:\/\/dev.monti.lt\/en\/wp-json\/wp\/v2\/product\/7178"}],"collection":[{"href":"https:\/\/dev.monti.lt\/en\/wp-json\/wp\/v2\/product"}],"about":[{"href":"https:\/\/dev.monti.lt\/en\/wp-json\/wp\/v2\/types\/product"}],"version-history":[{"count":1,"href":"https:\/\/dev.monti.lt\/en\/wp-json\/wp\/v2\/product\/7178\/revisions"}],"predecessor-version":[{"id":7182,"href":"https:\/\/dev.monti.lt\/en\/wp-json\/wp\/v2\/product\/7178\/revisions\/7182"}],"wp:featuredmedia":[{"embeddable":true,"href":"https:\/\/dev.monti.lt\/en\/wp-json\/wp\/v2\/media\/7179"}],"wp:attachment":[{"href":"https:\/\/dev.monti.lt\/en\/wp-json\/wp\/v2\/media?parent=7178"}],"wp:term":[{"taxonomy":"product_cat","embeddable":true,"href":"https:\/\/dev.monti.lt\/en\/wp-json\/wp\/v2\/product_cat?post=7178"},{"taxonomy":"product_tag","embeddable":true,"href":"https:\/\/dev.monti.lt\/en\/wp-json\/wp\/v2\/product_tag?post=7178"}],"curies":[{"name":"wp","href":"https:\/\/api.w.org\/{rel}","templated":true}]}}