{"id":7168,"date":"2022-03-16T15:42:52","date_gmt":"2022-03-16T15:42:52","guid":{"rendered":"https:\/\/dev.monti.lt\/?post_type=product&#038;p=7168"},"modified":"2024-10-09T11:58:55","modified_gmt":"2024-10-09T11:58:55","slug":"medinis-stumdukas-varlyte","status":"publish","type":"product","link":"https:\/\/dev.monti.lt\/en\/product\/medinis-stumdukas-varlyte\/","title":{"rendered":"Medinis stumdukas &#8220;Varlyt\u0117&#8221;"},"content":{"rendered":"<p>&nbsp;<\/p>\n<p><span style=\"font-family: Tahoma; font-size: x-large;\"><img decoding=\"async\" src=\"https:\/\/www.ikonka.com.pl\/img\/product_media\/43001-44000\/KX745067359.jpg\" \/><\/span><\/p>\n<p><span style=\"font-family: Tahoma; font-size: large;\">Gra\u017ei varl\u0117 i\u0161 med\u017eio, kuri\u0105 galima ved\u017eioti su pagaliuku.<\/span><\/p>\n<p><span style=\"font-family: Tahoma; font-size: large;\">Fantasti\u0161kas \u017eaislas, sukurtas pradedantiems vaik\u0161\u010dioti vaikams.<\/span><\/p>\n<p><span style=\"font-family: Tahoma; font-size: large;\">Tai bus puiki motyvacija tobulinti \u0117jimo \u012fg\u016bd\u017eius.<\/span><\/p>\n<p><span style=\"font-family: Tahoma; font-size: large;\"><img decoding=\"async\" src=\"https:\/\/www.ikonka.com.pl\/img\/product_media\/43001-44000\/KX745060019.jpg\" \/><\/span><\/p>\n<p><span style=\"font-family: Tahoma; font-size: large;\">Spalvinga varlyt\u0117 puikiai tiks pasivaik\u0161\u010diojim\u0173 metu.<\/span><\/p>\n<p><span style=\"font-family: Tahoma; font-size: large;\">Medin\u012f kreiptuv\u0105 lengva sumontuoti ir nuimti.<\/span><\/p>\n<p><span style=\"font-family: Tahoma; font-size: large;\">\u017daisliuk\u0105 galima \u017eaisti ir be vadovo.<\/span><\/p>\n<p><span style=\"font-family: Tahoma; font-size: large;\"><img decoding=\"async\" src=\"https:\/\/www.ikonka.com.pl\/img\/product_media\/43001-44000\/KX745060020.jpg\" \/><\/span><\/p>\n<p><span style=\"font-family: Tahoma; font-size: large;\">Varlyte turi 2 didelius ratus.<\/span><\/p>\n<p><span style=\"font-family: Tahoma; font-size: large;\">Prie rat\u0173 pritvirtinti 4 spalvoti karoliukai, kurie bar\u0161ka va\u017eiuojant.<\/span><\/p>\n<p><span style=\"font-family: Tahoma; font-size: large;\">Pagaminta atkreipiant d\u0117mes\u012f \u012f kiekvien\u0105 detal\u0119.<\/span><\/p>\n<p><span style=\"font-family: Tahoma; font-size: large;\">\u017daislo kra\u0161tai nupoliruoti pakankamai kruop\u0161\u010diai, kad vaikas \u017eaisdamas neprilipt\u0173 dro\u017eli\u0173.<\/span><\/p>\n<p><span style=\"font-family: Tahoma; font-size: large;\">\u00a0<img decoding=\"async\" src=\"https:\/\/www.ikonka.com.pl\/img\/product_media\/43001-44000\/KX745060021.jpg\" \/><\/span><\/p>\n<p><span style=\"font-size: 12pt;\"><b><span style=\"font-family: Tahoma;\">Matmenys:<\/span><\/b><\/span><\/p>\n<p><span style=\"font-family: Tahoma; font-size: 12pt;\"><strong>Lazdel\u0117s ilgis:<\/strong> 46 cm<\/span><\/p>\n<p><span style=\"font-family: Tahoma; font-size: 12pt;\"><strong>Varl\u0117s matmenys:<\/strong> 8 cm x 6,5 cm x 11,5 cm<\/span><\/p>\n<p>&nbsp;<\/p>","protected":false},"excerpt":{"rendered":"<p>Medinis stumdukas, kiekvieno ma\u017eylio svajon\u0117.<\/p>\n<p><span style=\"font-size: 12pt;\"><b><span style=\"font-family: Tahoma;\">Matmenys:<\/span><\/b><\/span><\/p>\n<p><span style=\"font-family: Tahoma; font-size: 12pt;\"><strong>Lazdel\u0117s ilgis:<\/strong> 46 cm<\/span><\/p>\n<p><span style=\"font-family: Tahoma; font-size: 12pt;\"><strong>Varl\u0117s matmenys:<\/strong> 8 cm x 6,5 cm x 11,5 cm<\/span><\/p>","protected":false},"featured_media":7169,"template":"","meta":{"iawp_total_views":75},"product_cat":[102,83,49],"product_tag":[95,96,97],"class_list":{"0":"post-7168","1":"product","2":"type-product","3":"status-publish","4":"has-post-thumbnail","6":"product_cat-mediniai-zaislai","7":"product_cat-montessori-zaislai","8":"product_cat-visi-zaislai","9":"product_tag-1-m-2-m","10":"product_tag-2-m-3-m","11":"product_tag-3-m-4-m","13":"first","14":"instock","15":"sale","16":"taxable","17":"shipping-taxable","18":"purchasable","19":"product-type-simple"},"yoast_head":"<!-- This site is optimized with the Yoast SEO plugin v23.3 - https:\/\/yoast.com\/wordpress\/plugins\/seo\/ -->\n<title>Medinis stumdukas &quot;Varlyt\u0117&quot; - Montessori \u017eaislai<\/title>\n<meta name=\"robots\" content=\"noindex, follow, max-snippet:-1, max-image-preview:large, max-video-preview:-1\" \/>\n<meta property=\"og:locale\" content=\"en_US\" \/>\n<meta property=\"og:type\" content=\"article\" \/>\n<meta property=\"og:title\" content=\"Medinis stumdukas &quot;Varlyt\u0117&quot; - Montessori \u017eaislai\" \/>\n<meta property=\"og:description\" content=\"Medinis stumdukas, kiekvieno ma\u017eylio svajon\u0117.  Matmenys:  Lazdel\u0117s ilgis: 46 cm  Varl\u0117s matmenys: 8 cm x 6,5 cm x 11,5 cm\" \/>\n<meta property=\"og:url\" content=\"https:\/\/dev.monti.lt\/en\/product\/medinis-stumdukas-varlyte\/\" \/>\n<meta property=\"og:site_name\" content=\"Montessori \u017eaislai\" \/>\n<meta property=\"article:modified_time\" content=\"2024-10-09T11:58:55+00:00\" \/>\n<meta property=\"og:image\" content=\"https:\/\/dev.monti.lt\/wp-content\/uploads\/2022\/03\/KX745060022.jpg\" \/>\n\t<meta property=\"og:image:width\" content=\"1200\" \/>\n\t<meta property=\"og:image:height\" content=\"925\" \/>\n\t<meta property=\"og:image:type\" content=\"image\/jpeg\" \/>\n<meta name=\"twitter:card\" content=\"summary_large_image\" \/>\n<meta name=\"twitter:label1\" content=\"Est. reading time\" \/>\n\t<meta name=\"twitter:data1\" content=\"2 minutes\" \/>\n<script type=\"application\/ld+json\" class=\"yoast-schema-graph\">{\"@context\":\"https:\/\/schema.org\",\"@graph\":[{\"@type\":\"WebPage\",\"@id\":\"https:\/\/dev.monti.lt\/product\/medinis-stumdukas-varlyte\/\",\"url\":\"https:\/\/dev.monti.lt\/product\/medinis-stumdukas-varlyte\/\",\"name\":\"Medinis stumdukas \\\"Varlyt\u0117\\\" - Montessori \u017eaislai\",\"isPartOf\":{\"@id\":\"https:\/\/dev.monti.lt\/#website\"},\"primaryImageOfPage\":{\"@id\":\"https:\/\/dev.monti.lt\/product\/medinis-stumdukas-varlyte\/#primaryimage\"},\"image\":{\"@id\":\"https:\/\/dev.monti.lt\/product\/medinis-stumdukas-varlyte\/#primaryimage\"},\"thumbnailUrl\":\"https:\/\/dev.monti.lt\/wp-content\/uploads\/2022\/03\/KX745060022.jpg\",\"datePublished\":\"2022-03-16T15:42:52+00:00\",\"dateModified\":\"2024-10-09T11:58:55+00:00\",\"breadcrumb\":{\"@id\":\"https:\/\/dev.monti.lt\/product\/medinis-stumdukas-varlyte\/#breadcrumb\"},\"inLanguage\":\"en-US\",\"potentialAction\":[{\"@type\":\"ReadAction\",\"target\":[\"https:\/\/dev.monti.lt\/product\/medinis-stumdukas-varlyte\/\"]}]},{\"@type\":\"ImageObject\",\"inLanguage\":\"en-US\",\"@id\":\"https:\/\/dev.monti.lt\/product\/medinis-stumdukas-varlyte\/#primaryimage\",\"url\":\"https:\/\/dev.monti.lt\/wp-content\/uploads\/2022\/03\/KX745060022.jpg\",\"contentUrl\":\"https:\/\/dev.monti.lt\/wp-content\/uploads\/2022\/03\/KX745060022.jpg\",\"width\":1200,\"height\":925,\"caption\":\"stumdukas\"},{\"@type\":\"BreadcrumbList\",\"@id\":\"https:\/\/dev.monti.lt\/product\/medinis-stumdukas-varlyte\/#breadcrumb\",\"itemListElement\":[{\"@type\":\"ListItem\",\"position\":1,\"name\":\"Home\",\"item\":\"https:\/\/dev.monti.lt\/\"},{\"@type\":\"ListItem\",\"position\":2,\"name\":\"Parduotuv\u0117\",\"item\":\"https:\/\/dev.monti.lt\/shop\/\"},{\"@type\":\"ListItem\",\"position\":3,\"name\":\"Medinis stumdukas &#8220;Varlyt\u0117&#8221;\"}]},{\"@type\":\"WebSite\",\"@id\":\"https:\/\/dev.monti.lt\/#website\",\"url\":\"https:\/\/dev.monti.lt\/\",\"name\":\"Montessori \u017eaislai\",\"description\":\"\",\"publisher\":{\"@id\":\"https:\/\/dev.monti.lt\/#organization\"},\"potentialAction\":[{\"@type\":\"SearchAction\",\"target\":{\"@type\":\"EntryPoint\",\"urlTemplate\":\"https:\/\/dev.monti.lt\/?s={search_term_string}\"},\"query-input\":\"required name=search_term_string\"}],\"inLanguage\":\"en-US\"},{\"@type\":\"Organization\",\"@id\":\"https:\/\/dev.monti.lt\/#organization\",\"name\":\"Montessori \u017eaislai\",\"url\":\"https:\/\/dev.monti.lt\/\",\"logo\":{\"@type\":\"ImageObject\",\"inLanguage\":\"en-US\",\"@id\":\"https:\/\/dev.monti.lt\/#\/schema\/logo\/image\/\",\"url\":\"https:\/\/dev.monti.lt\/wp-content\/uploads\/2022\/03\/montilogo-1.png\",\"contentUrl\":\"https:\/\/dev.monti.lt\/wp-content\/uploads\/2022\/03\/montilogo-1.png\",\"width\":512,\"height\":512,\"caption\":\"Montessori \u017eaislai\"},\"image\":{\"@id\":\"https:\/\/dev.monti.lt\/#\/schema\/logo\/image\/\"}}]}<\/script>\n<!-- \/ Yoast SEO plugin. -->","yoast_head_json":{"title":"Medinis stumdukas \"Varlyt\u0117\" - Montessori \u017eaislai","robots":{"index":"noindex","follow":"follow","max-snippet":"max-snippet:-1","max-image-preview":"max-image-preview:large","max-video-preview":"max-video-preview:-1"},"og_locale":"en_US","og_type":"article","og_title":"Medinis stumdukas \"Varlyt\u0117\" - Montessori \u017eaislai","og_description":"Medinis stumdukas, kiekvieno ma\u017eylio svajon\u0117.  Matmenys:  Lazdel\u0117s ilgis: 46 cm  Varl\u0117s matmenys: 8 cm x 6,5 cm x 11,5 cm","og_url":"https:\/\/dev.monti.lt\/en\/product\/medinis-stumdukas-varlyte\/","og_site_name":"Montessori \u017eaislai","article_modified_time":"2024-10-09T11:58:55+00:00","og_image":[{"width":1200,"height":925,"url":"https:\/\/dev.monti.lt\/wp-content\/uploads\/2022\/03\/KX745060022.jpg","type":"image\/jpeg"}],"twitter_card":"summary_large_image","twitter_misc":{"Est. reading time":"2 minutes"},"schema":{"@context":"https:\/\/schema.org","@graph":[{"@type":"WebPage","@id":"https:\/\/dev.monti.lt\/product\/medinis-stumdukas-varlyte\/","url":"https:\/\/dev.monti.lt\/product\/medinis-stumdukas-varlyte\/","name":"Medinis stumdukas \"Varlyt\u0117\" - Montessori \u017eaislai","isPartOf":{"@id":"https:\/\/dev.monti.lt\/#website"},"primaryImageOfPage":{"@id":"https:\/\/dev.monti.lt\/product\/medinis-stumdukas-varlyte\/#primaryimage"},"image":{"@id":"https:\/\/dev.monti.lt\/product\/medinis-stumdukas-varlyte\/#primaryimage"},"thumbnailUrl":"https:\/\/dev.monti.lt\/wp-content\/uploads\/2022\/03\/KX745060022.jpg","datePublished":"2022-03-16T15:42:52+00:00","dateModified":"2024-10-09T11:58:55+00:00","breadcrumb":{"@id":"https:\/\/dev.monti.lt\/product\/medinis-stumdukas-varlyte\/#breadcrumb"},"inLanguage":"en-US","potentialAction":[{"@type":"ReadAction","target":["https:\/\/dev.monti.lt\/product\/medinis-stumdukas-varlyte\/"]}]},{"@type":"ImageObject","inLanguage":"en-US","@id":"https:\/\/dev.monti.lt\/product\/medinis-stumdukas-varlyte\/#primaryimage","url":"https:\/\/dev.monti.lt\/wp-content\/uploads\/2022\/03\/KX745060022.jpg","contentUrl":"https:\/\/dev.monti.lt\/wp-content\/uploads\/2022\/03\/KX745060022.jpg","width":1200,"height":925,"caption":"stumdukas"},{"@type":"BreadcrumbList","@id":"https:\/\/dev.monti.lt\/product\/medinis-stumdukas-varlyte\/#breadcrumb","itemListElement":[{"@type":"ListItem","position":1,"name":"Home","item":"https:\/\/dev.monti.lt\/"},{"@type":"ListItem","position":2,"name":"Parduotuv\u0117","item":"https:\/\/dev.monti.lt\/shop\/"},{"@type":"ListItem","position":3,"name":"Medinis stumdukas &#8220;Varlyt\u0117&#8221;"}]},{"@type":"WebSite","@id":"https:\/\/dev.monti.lt\/#website","url":"https:\/\/dev.monti.lt\/","name":"Montessori \u017eaislai","description":"","publisher":{"@id":"https:\/\/dev.monti.lt\/#organization"},"potentialAction":[{"@type":"SearchAction","target":{"@type":"EntryPoint","urlTemplate":"https:\/\/dev.monti.lt\/?s={search_term_string}"},"query-input":"required name=search_term_string"}],"inLanguage":"en-US"},{"@type":"Organization","@id":"https:\/\/dev.monti.lt\/#organization","name":"Montessori \u017eaislai","url":"https:\/\/dev.monti.lt\/","logo":{"@type":"ImageObject","inLanguage":"en-US","@id":"https:\/\/dev.monti.lt\/#\/schema\/logo\/image\/","url":"https:\/\/dev.monti.lt\/wp-content\/uploads\/2022\/03\/montilogo-1.png","contentUrl":"https:\/\/dev.monti.lt\/wp-content\/uploads\/2022\/03\/montilogo-1.png","width":512,"height":512,"caption":"Montessori \u017eaislai"},"image":{"@id":"https:\/\/dev.monti.lt\/#\/schema\/logo\/image\/"}}]}},"_links":{"self":[{"href":"https:\/\/dev.monti.lt\/en\/wp-json\/wp\/v2\/product\/7168"}],"collection":[{"href":"https:\/\/dev.monti.lt\/en\/wp-json\/wp\/v2\/product"}],"about":[{"href":"https:\/\/dev.monti.lt\/en\/wp-json\/wp\/v2\/types\/product"}],"version-history":[{"count":5,"href":"https:\/\/dev.monti.lt\/en\/wp-json\/wp\/v2\/product\/7168\/revisions"}],"predecessor-version":[{"id":9865,"href":"https:\/\/dev.monti.lt\/en\/wp-json\/wp\/v2\/product\/7168\/revisions\/9865"}],"wp:featuredmedia":[{"embeddable":true,"href":"https:\/\/dev.monti.lt\/en\/wp-json\/wp\/v2\/media\/7169"}],"wp:attachment":[{"href":"https:\/\/dev.monti.lt\/en\/wp-json\/wp\/v2\/media?parent=7168"}],"wp:term":[{"taxonomy":"product_cat","embeddable":true,"href":"https:\/\/dev.monti.lt\/en\/wp-json\/wp\/v2\/product_cat?post=7168"},{"taxonomy":"product_tag","embeddable":true,"href":"https:\/\/dev.monti.lt\/en\/wp-json\/wp\/v2\/product_tag?post=7168"}],"curies":[{"name":"wp","href":"https:\/\/api.w.org\/{rel}","templated":true}]}}