{"id":7130,"date":"2022-03-16T15:21:48","date_gmt":"2022-03-16T15:21:48","guid":{"rendered":"https:\/\/dev.monti.lt\/?post_type=product&#038;p=7130"},"modified":"2024-10-07T10:43:48","modified_gmt":"2024-10-07T10:43:48","slug":"lavinamasis-zaidimas-sudek-ir-atimk","status":"publish","type":"product","link":"https:\/\/dev.monti.lt\/en\/product\/lavinamasis-zaidimas-sudek-ir-atimk\/","title":{"rendered":"Lavinamasis \u017eaidimas &#8220;Sud\u0117k ir atimk&#8221;"},"content":{"rendered":"<p><span style=\"font-family: Tahoma; font-size: x-large;\"><strong><span class=\"\">MOKYMOSI RINKINYS MOKYTIS SKAI\u010cIUOTI<\/span><\/strong><\/span><\/p>\n<p><span style=\"font-family: Tahoma; font-size: x-large;\"><img decoding=\"async\" class=\"slide-content\" title=\"Lavinantis medinis \u017eaislas, mokantis skai\u010diuoti\" draggable=\"false\" src=\"https:\/\/www.ikonka.com.pl\/img\/product_media\/37001-38000\/KX689558505.jpg\"><\/span><\/p>\n<p><span style=\"font-family: Tahoma; font-size: large;\">Fantasti\u0161kas, daugiafunkcis rinkinys, skirtas i\u0161mokti sud\u0117ti ir atimti.<\/span><\/p>\n<p><span style=\"font-family: Tahoma; font-size: large;\">Patikima pagalba mokantis matematikos patiems ma\u017eiausiems.<\/span><\/p>\n<p><span style=\"font-family: Tahoma; font-size: large;\">Jos d\u0117ka mokytis bus daug lengviau ir \u012fdomiau.<\/span><\/p>\n<p><span style=\"font-family: Tahoma; font-size: large;\"><img decoding=\"async\" class=\"slide-content\" title=\"Lavinantis medinis \u017eaislas, mokantis skai\u010diuoti\" draggable=\"false\" src=\"https:\/\/www.ikonka.com.pl\/img\/product_media\/37001-38000\/KX689558504.jpg\"><\/span><\/p>\n<div>\n<p>Vienoje lentos pus\u0117je yra matematiniai veiksmai su prid\u0117jimu, kitoje pus\u0117je su atimtimi.Perkeldami karoliukus i\u0161 vienos pus\u0117s \u012f kit\u0105, jie parodys veiksmo rezultat\u0105.<\/p>\n<p><span style=\"font-family: Tahoma; font-size: large;\"><img decoding=\"async\" class=\"slide-content\" title=\"Lavinantis medinis \u017eaislas, mokantis skai\u010diuoti\" draggable=\"false\" src=\"https:\/\/www.ikonka.com.pl\/img\/product_media\/37001-38000\/KX689558507.jpg\"><\/span><\/p>\n<p><b><span style=\"font-family: Tahoma; font-size: large;\">\u012e komplekt\u0105 \u012feina:<\/span><\/b><\/p>\n<ul>\n<li>\n<div>Lenta<\/div>\n<\/li>\n<li>\n<div>mediniai skai\u010diai ir simboliai<\/div>\n<\/li>\n<\/ul>\n<\/div>\n<p><span style=\"font-family: Tahoma; font-size: large;\"><b><strong>\u017daisdamas vaikas mokysis skai\u010di\u0173 ir matematini\u0173 veiksm\u0173 pagrind\u0173.<\/strong><\/b><\/span><\/p>\n<p><span style=\"font-family: Tahoma; font-size: large;\">Rinkinys pad\u0117s jums greitu&nbsp;b\u016bdu i\u0161mokti sud\u0117ties ir atimties taisykles.<\/span><\/p>\n<p><span style=\"font-family: Tahoma; font-size: large;\">Ry\u0161kios spalvos ir \u012fdomi forma privers kiekvien\u0105 ma\u017eyl\u012f nor\u0117ti tyrin\u0117ti skai\u010di\u0173 pasaul\u012f.<\/span><\/p>\n<p><span style=\"font-family: Tahoma; font-size: large;\">Puikiai tinka kaip mokymo priemon\u0117 mokykloje ir dar\u017eelyje.<\/span><\/p>\n<p><span style=\"font-family: Tahoma; font-size: large;\"><img decoding=\"async\" class=\"slide-content\" title=\"Lavinantis medinis \u017eaislas, mokantis skai\u010diuoti\" draggable=\"false\" src=\"https:\/\/www.ikonka.com.pl\/img\/product_media\/37001-38000\/KX689558508.jpg\"><\/span><\/p>\n<p><span style=\"font-family: Tahoma; font-size: large;\"><strong>Mokymasis ir pramogos sujungiamos \u012f vien\u0105.<\/strong><\/span><\/p>\n<p><span style=\"font-family: Tahoma; font-size: large;\">Puiki dovanos id\u0117ja, skatinanti k\u016brybi\u0161kum\u0105 ir geb\u0117jim\u0105 logi\u0161kai m\u0105styti.<\/span><\/p>\n<p><span style=\"font-family: Tahoma; font-size: large;\">\u017daislas buvo pagamintas r\u016bpestingai visiems.<\/span><\/p>\n<p><span style=\"font-family: Tahoma; font-size: large;\">Visi kra\u0161tai ir \u0161onai kruop\u0161\u010diai nu\u0161lifuoti, kad skeveldra neu\u017ekli\u016bt\u0173 \u017eaid\u017eiant.<\/span><\/p>\n<p><span style=\"font-family: Tahoma; font-size: large;\"><strong>Matmenys:<\/strong><\/span><\/p>\n<p><span style=\"font-family: Tahoma; font-size: large;\">34cm x 12cm x 15cm<\/span><\/p>","protected":false},"excerpt":{"rendered":"<p>Fantasti\u0161kas, daugiafunkcis rinkinys, skirtas i\u0161mokti sud\u0117ti ir atimti.<\/p>\n<p>Patikima pagalba mokantis matematikos patiems ma\u017eiausiems.<\/p>\n<p>Perkeldami karoliukus i\u0161 vienos pus\u0117s \u012f kit\u0105, jie atskleis teising\u0105 atsakym\u0105. \u017daisdamas vaikas mokysis skai\u010di\u0173 ir matematini\u0173 veiksm\u0173 pagrind\u0173.<\/p>\n<p>Puikiai tinka kaip mokymo priemon\u0117 mokykloje ir dar\u017eelyje.<\/p>\n<p>Nuostabi dovanos id\u0117ja, skatinanti k\u016brybi\u0161kum\u0105 ir geb\u0117jim\u0105 logi\u0161kai m\u0105styti.<\/p>","protected":false},"featured_media":7133,"template":"","meta":{"iawp_total_views":60},"product_cat":[82,84,91,88,83,199,49,39],"product_tag":[97,98,99],"class_list":{"0":"post-7130","1":"product","2":"type-product","3":"status-publish","4":"has-post-thumbnail","6":"product_cat-ispardavimas","7":"product_cat-lavinamieji-zaislai","8":"product_cat-loginiam-mastymui","9":"product_cat-mokausi-zaisti","10":"product_cat-montessori-zaislai","11":"product_cat-ugdymo-istaigoms","12":"product_cat-visi-zaislai","13":"product_cat-zaislai","14":"product_tag-3-m-4-m","15":"product_tag-5-m-7-m","16":"product_tag-8-m-11-m","18":"first","19":"instock","20":"sale","21":"taxable","22":"shipping-taxable","23":"purchasable","24":"product-type-simple"},"yoast_head":"<!-- This site is optimized with the Yoast SEO plugin v23.3 - https:\/\/yoast.com\/wordpress\/plugins\/seo\/ -->\n<title>Lavinamasis \u017eaidimas &quot;Sud\u0117k ir atimk&quot; - Montessori \u017eaislai<\/title>\n<meta name=\"robots\" content=\"noindex, follow, max-snippet:-1, max-image-preview:large, max-video-preview:-1\" \/>\n<meta property=\"og:locale\" content=\"en_US\" \/>\n<meta property=\"og:type\" content=\"article\" \/>\n<meta property=\"og:title\" content=\"Lavinamasis \u017eaidimas &quot;Sud\u0117k ir atimk&quot; - Montessori \u017eaislai\" \/>\n<meta property=\"og:description\" content=\"Fantasti\u0161kas, daugiafunkcis rinkinys, skirtas i\u0161mokti sud\u0117ti ir atimti.  Patikima pagalba mokantis matematikos patiems ma\u017eiausiems.  Perkeldami karoliukus i\u0161 vienos pus\u0117s \u012f kit\u0105, jie atskleis teising\u0105 atsakym\u0105. \u017daisdamas vaikas mokysis skai\u010di\u0173 ir matematini\u0173 veiksm\u0173 pagrind\u0173.  Puikiai tinka kaip mokymo priemon\u0117 mokykloje ir dar\u017eelyje.  Nuostabi dovanos id\u0117ja, skatinanti k\u016brybi\u0161kum\u0105 ir geb\u0117jim\u0105 logi\u0161kai m\u0105styti.\" \/>\n<meta property=\"og:url\" content=\"https:\/\/dev.monti.lt\/en\/product\/lavinamasis-zaidimas-sudek-ir-atimk\/\" \/>\n<meta property=\"og:site_name\" content=\"Montessori \u017eaislai\" \/>\n<meta property=\"article:modified_time\" content=\"2024-10-07T10:43:48+00:00\" \/>\n<meta property=\"og:image\" content=\"https:\/\/dev.monti.lt\/wp-content\/uploads\/2022\/03\/KX689558505.jpg\" \/>\n\t<meta property=\"og:image:width\" content=\"1200\" \/>\n\t<meta property=\"og:image:height\" content=\"763\" \/>\n\t<meta property=\"og:image:type\" content=\"image\/jpeg\" \/>\n<meta name=\"twitter:card\" content=\"summary_large_image\" \/>\n<meta name=\"twitter:label1\" content=\"Est. reading time\" \/>\n\t<meta name=\"twitter:data1\" content=\"2 minutes\" \/>\n<script type=\"application\/ld+json\" class=\"yoast-schema-graph\">{\"@context\":\"https:\/\/schema.org\",\"@graph\":[{\"@type\":\"WebPage\",\"@id\":\"https:\/\/dev.monti.lt\/product\/lavinamasis-zaidimas-sudek-ir-atimk\/\",\"url\":\"https:\/\/dev.monti.lt\/product\/lavinamasis-zaidimas-sudek-ir-atimk\/\",\"name\":\"Lavinamasis \u017eaidimas \\\"Sud\u0117k ir atimk\\\" - Montessori \u017eaislai\",\"isPartOf\":{\"@id\":\"https:\/\/dev.monti.lt\/#website\"},\"primaryImageOfPage\":{\"@id\":\"https:\/\/dev.monti.lt\/product\/lavinamasis-zaidimas-sudek-ir-atimk\/#primaryimage\"},\"image\":{\"@id\":\"https:\/\/dev.monti.lt\/product\/lavinamasis-zaidimas-sudek-ir-atimk\/#primaryimage\"},\"thumbnailUrl\":\"https:\/\/dev.monti.lt\/wp-content\/uploads\/2022\/03\/KX689558505.jpg\",\"datePublished\":\"2022-03-16T15:21:48+00:00\",\"dateModified\":\"2024-10-07T10:43:48+00:00\",\"breadcrumb\":{\"@id\":\"https:\/\/dev.monti.lt\/product\/lavinamasis-zaidimas-sudek-ir-atimk\/#breadcrumb\"},\"inLanguage\":\"en-US\",\"potentialAction\":[{\"@type\":\"ReadAction\",\"target\":[\"https:\/\/dev.monti.lt\/product\/lavinamasis-zaidimas-sudek-ir-atimk\/\"]}]},{\"@type\":\"ImageObject\",\"inLanguage\":\"en-US\",\"@id\":\"https:\/\/dev.monti.lt\/product\/lavinamasis-zaidimas-sudek-ir-atimk\/#primaryimage\",\"url\":\"https:\/\/dev.monti.lt\/wp-content\/uploads\/2022\/03\/KX689558505.jpg\",\"contentUrl\":\"https:\/\/dev.monti.lt\/wp-content\/uploads\/2022\/03\/KX689558505.jpg\",\"width\":1200,\"height\":763,\"caption\":\"sud\u0117ties ir atminties, \u017eaislas mokslams, medinis skai\u010diavimo \u017eaidimas\"},{\"@type\":\"BreadcrumbList\",\"@id\":\"https:\/\/dev.monti.lt\/product\/lavinamasis-zaidimas-sudek-ir-atimk\/#breadcrumb\",\"itemListElement\":[{\"@type\":\"ListItem\",\"position\":1,\"name\":\"Home\",\"item\":\"https:\/\/dev.monti.lt\/\"},{\"@type\":\"ListItem\",\"position\":2,\"name\":\"Parduotuv\u0117\",\"item\":\"https:\/\/dev.monti.lt\/shop\/\"},{\"@type\":\"ListItem\",\"position\":3,\"name\":\"Lavinamasis \u017eaidimas &#8220;Sud\u0117k ir atimk&#8221;\"}]},{\"@type\":\"WebSite\",\"@id\":\"https:\/\/dev.monti.lt\/#website\",\"url\":\"https:\/\/dev.monti.lt\/\",\"name\":\"Montessori \u017eaislai\",\"description\":\"\",\"publisher\":{\"@id\":\"https:\/\/dev.monti.lt\/#organization\"},\"potentialAction\":[{\"@type\":\"SearchAction\",\"target\":{\"@type\":\"EntryPoint\",\"urlTemplate\":\"https:\/\/dev.monti.lt\/?s={search_term_string}\"},\"query-input\":\"required name=search_term_string\"}],\"inLanguage\":\"en-US\"},{\"@type\":\"Organization\",\"@id\":\"https:\/\/dev.monti.lt\/#organization\",\"name\":\"Montessori \u017eaislai\",\"url\":\"https:\/\/dev.monti.lt\/\",\"logo\":{\"@type\":\"ImageObject\",\"inLanguage\":\"en-US\",\"@id\":\"https:\/\/dev.monti.lt\/#\/schema\/logo\/image\/\",\"url\":\"https:\/\/dev.monti.lt\/wp-content\/uploads\/2022\/03\/montilogo-1.png\",\"contentUrl\":\"https:\/\/dev.monti.lt\/wp-content\/uploads\/2022\/03\/montilogo-1.png\",\"width\":512,\"height\":512,\"caption\":\"Montessori \u017eaislai\"},\"image\":{\"@id\":\"https:\/\/dev.monti.lt\/#\/schema\/logo\/image\/\"}}]}<\/script>\n<!-- \/ Yoast SEO plugin. -->","yoast_head_json":{"title":"Lavinamasis \u017eaidimas \"Sud\u0117k ir atimk\" - Montessori \u017eaislai","robots":{"index":"noindex","follow":"follow","max-snippet":"max-snippet:-1","max-image-preview":"max-image-preview:large","max-video-preview":"max-video-preview:-1"},"og_locale":"en_US","og_type":"article","og_title":"Lavinamasis \u017eaidimas \"Sud\u0117k ir atimk\" - Montessori \u017eaislai","og_description":"Fantasti\u0161kas, daugiafunkcis rinkinys, skirtas i\u0161mokti sud\u0117ti ir atimti.  Patikima pagalba mokantis matematikos patiems ma\u017eiausiems.  Perkeldami karoliukus i\u0161 vienos pus\u0117s \u012f kit\u0105, jie atskleis teising\u0105 atsakym\u0105. \u017daisdamas vaikas mokysis skai\u010di\u0173 ir matematini\u0173 veiksm\u0173 pagrind\u0173.  Puikiai tinka kaip mokymo priemon\u0117 mokykloje ir dar\u017eelyje.  Nuostabi dovanos id\u0117ja, skatinanti k\u016brybi\u0161kum\u0105 ir geb\u0117jim\u0105 logi\u0161kai m\u0105styti.","og_url":"https:\/\/dev.monti.lt\/en\/product\/lavinamasis-zaidimas-sudek-ir-atimk\/","og_site_name":"Montessori \u017eaislai","article_modified_time":"2024-10-07T10:43:48+00:00","og_image":[{"width":1200,"height":763,"url":"https:\/\/dev.monti.lt\/wp-content\/uploads\/2022\/03\/KX689558505.jpg","type":"image\/jpeg"}],"twitter_card":"summary_large_image","twitter_misc":{"Est. reading time":"2 minutes"},"schema":{"@context":"https:\/\/schema.org","@graph":[{"@type":"WebPage","@id":"https:\/\/dev.monti.lt\/product\/lavinamasis-zaidimas-sudek-ir-atimk\/","url":"https:\/\/dev.monti.lt\/product\/lavinamasis-zaidimas-sudek-ir-atimk\/","name":"Lavinamasis \u017eaidimas \"Sud\u0117k ir atimk\" - Montessori \u017eaislai","isPartOf":{"@id":"https:\/\/dev.monti.lt\/#website"},"primaryImageOfPage":{"@id":"https:\/\/dev.monti.lt\/product\/lavinamasis-zaidimas-sudek-ir-atimk\/#primaryimage"},"image":{"@id":"https:\/\/dev.monti.lt\/product\/lavinamasis-zaidimas-sudek-ir-atimk\/#primaryimage"},"thumbnailUrl":"https:\/\/dev.monti.lt\/wp-content\/uploads\/2022\/03\/KX689558505.jpg","datePublished":"2022-03-16T15:21:48+00:00","dateModified":"2024-10-07T10:43:48+00:00","breadcrumb":{"@id":"https:\/\/dev.monti.lt\/product\/lavinamasis-zaidimas-sudek-ir-atimk\/#breadcrumb"},"inLanguage":"en-US","potentialAction":[{"@type":"ReadAction","target":["https:\/\/dev.monti.lt\/product\/lavinamasis-zaidimas-sudek-ir-atimk\/"]}]},{"@type":"ImageObject","inLanguage":"en-US","@id":"https:\/\/dev.monti.lt\/product\/lavinamasis-zaidimas-sudek-ir-atimk\/#primaryimage","url":"https:\/\/dev.monti.lt\/wp-content\/uploads\/2022\/03\/KX689558505.jpg","contentUrl":"https:\/\/dev.monti.lt\/wp-content\/uploads\/2022\/03\/KX689558505.jpg","width":1200,"height":763,"caption":"sud\u0117ties ir atminties, \u017eaislas mokslams, medinis skai\u010diavimo \u017eaidimas"},{"@type":"BreadcrumbList","@id":"https:\/\/dev.monti.lt\/product\/lavinamasis-zaidimas-sudek-ir-atimk\/#breadcrumb","itemListElement":[{"@type":"ListItem","position":1,"name":"Home","item":"https:\/\/dev.monti.lt\/"},{"@type":"ListItem","position":2,"name":"Parduotuv\u0117","item":"https:\/\/dev.monti.lt\/shop\/"},{"@type":"ListItem","position":3,"name":"Lavinamasis \u017eaidimas &#8220;Sud\u0117k ir atimk&#8221;"}]},{"@type":"WebSite","@id":"https:\/\/dev.monti.lt\/#website","url":"https:\/\/dev.monti.lt\/","name":"Montessori \u017eaislai","description":"","publisher":{"@id":"https:\/\/dev.monti.lt\/#organization"},"potentialAction":[{"@type":"SearchAction","target":{"@type":"EntryPoint","urlTemplate":"https:\/\/dev.monti.lt\/?s={search_term_string}"},"query-input":"required name=search_term_string"}],"inLanguage":"en-US"},{"@type":"Organization","@id":"https:\/\/dev.monti.lt\/#organization","name":"Montessori \u017eaislai","url":"https:\/\/dev.monti.lt\/","logo":{"@type":"ImageObject","inLanguage":"en-US","@id":"https:\/\/dev.monti.lt\/#\/schema\/logo\/image\/","url":"https:\/\/dev.monti.lt\/wp-content\/uploads\/2022\/03\/montilogo-1.png","contentUrl":"https:\/\/dev.monti.lt\/wp-content\/uploads\/2022\/03\/montilogo-1.png","width":512,"height":512,"caption":"Montessori \u017eaislai"},"image":{"@id":"https:\/\/dev.monti.lt\/#\/schema\/logo\/image\/"}}]}},"_links":{"self":[{"href":"https:\/\/dev.monti.lt\/en\/wp-json\/wp\/v2\/product\/7130"}],"collection":[{"href":"https:\/\/dev.monti.lt\/en\/wp-json\/wp\/v2\/product"}],"about":[{"href":"https:\/\/dev.monti.lt\/en\/wp-json\/wp\/v2\/types\/product"}],"version-history":[{"count":5,"href":"https:\/\/dev.monti.lt\/en\/wp-json\/wp\/v2\/product\/7130\/revisions"}],"predecessor-version":[{"id":14729,"href":"https:\/\/dev.monti.lt\/en\/wp-json\/wp\/v2\/product\/7130\/revisions\/14729"}],"wp:featuredmedia":[{"embeddable":true,"href":"https:\/\/dev.monti.lt\/en\/wp-json\/wp\/v2\/media\/7133"}],"wp:attachment":[{"href":"https:\/\/dev.monti.lt\/en\/wp-json\/wp\/v2\/media?parent=7130"}],"wp:term":[{"taxonomy":"product_cat","embeddable":true,"href":"https:\/\/dev.monti.lt\/en\/wp-json\/wp\/v2\/product_cat?post=7130"},{"taxonomy":"product_tag","embeddable":true,"href":"https:\/\/dev.monti.lt\/en\/wp-json\/wp\/v2\/product_tag?post=7130"}],"curies":[{"name":"wp","href":"https:\/\/api.w.org\/{rel}","templated":true}]}}