{"id":7101,"date":"2022-03-16T15:09:12","date_gmt":"2022-03-16T15:09:12","guid":{"rendered":"https:\/\/dev.monti.lt\/?post_type=product&#038;p=7101"},"modified":"2024-10-09T07:46:21","modified_gmt":"2024-10-09T07:46:21","slug":"mokomoji-delione-mozaika-57-detaliu","status":"publish","type":"product","link":"https:\/\/dev.monti.lt\/en\/product\/mokomoji-delione-mozaika-57-detaliu\/","title":{"rendered":"Mokomoji d\u0117lion\u0117-mozaika (57 detali\u0173)"},"content":{"rendered":"<p>\u017daid\u017eiant vaikas lavina motorik\u0105, koncentracij\u0105, vaizduot\u0119 bei k\u016brybi\u0161kum\u0105.<\/p>\n<div class=\"mpof_ki myre_zn myre_8v_l _0d3bd_YrWCD\">\n<div class=\"mp4t_16_s mryx_16_s mr3m_1 mli2_1 mh85_56 mh85_0_l\">\n<div class=\"mgn2_16 _0d3bd_5pK0q\">\n<h1>D\u0116LION\u0116 VAIKAMS &#8211; MYGTUK\u0172 MOZAIKA<\/h1>\n<\/div>\n<\/div>\n<\/div>\n<div class=\"mpof_ki myre_zn myre_8v_l _0d3bd_YrWCD\">\n<div class=\"mp4t_16_s mryx_16_s mr3m_1 mli2_1 mh85_56 mh85_0_l\">\n<div class=\"mgn2_16 _0d3bd_5pK0q\">\n<ul>\n<li><strong>MOKO&nbsp;<\/strong>&#8211; \u017daidimas su mozaikomis yra puikus budas&nbsp;<strong>lavinti smulkiosios motorikos igud\u017eius, miklum\u0105, lavinti akiu-ranku koordinacij\u0105 ir lavinti loginio m\u0105stymo igud\u017eius<\/strong> . Vaikai su \u017eaislu taip pat lavina kantryb\u0119 ir susikaupim\u0105.<\/li>\n<\/ul>\n<ul>\n<li><strong>LINKSMA&nbsp;<\/strong>&#8211; puikus budas puikiai praleisti laik\u0105 su tevais. Smagu yra i\u0161destyti paveikslelius naudojant daugyb\u0119 skirtingu spalvu mygtuku.&nbsp;<strong>Rinkinyje yra paveiksleliu pavyzd\u017eiai, kuriuos galima sukurti i\u0161 komplekte esan\u010diu elementu<\/strong> .<\/li>\n<\/ul>\n<ul>\n<li><strong>SPALVINGA &#8211;&nbsp;<\/strong>ry\u0161kios, kontrastingos spalvos suteikia estetines vertes ir patraukia vaiko demesi, taip pat skatina pakartotinai \u017eaisti.&nbsp;<strong>Puikus budas smagiai praleisti laik\u0105 su visa \u0161eima<\/strong> . Tai leis idomiai praleisti laik\u0105 namuose su vaiku ir nuvyti nuoboduli, ypa\u010d kai lauke prastas oras.<\/li>\n<\/ul>\n<ul>\n<li><strong>UNIVERSALUS<\/strong>&nbsp;&#8211; Tai puikus \u017eaislas visiems kurybingiems vaikams nuo 3 metu am\u017eiaus. Delione&nbsp;<strong>lavina ma\u017eiausi\u0173j vaizduot\u0119 ir skatina netradicini, kurybi\u0161k\u0105 m\u0105stym\u0105<\/strong> . Tai puiki dovana tiek berniukui, tiek mergaitei.<\/li>\n<\/ul>\n<\/div>\n<\/div>\n<\/div>\n<div class=\"mpof_ki myre_zn myre_8v_l _0d3bd_YrWCD\">\n<div class=\"mp4t_16_s mryx_16_s mr3m_1 mli2_1 mh85_56 mh85_0_l\">\n<div class=\"mgn2_16 _0d3bd_5pK0q\">\n<p><strong>SPECIFIKACIJA:<\/strong><\/p>\n<ul>\n<li>spalva: daugiaspalvis<\/li>\n<li>med\u017eiaga: plastikas<\/li>\n<li>matmenys: 25,5 \/ 25,5 \/ 4cm<\/li>\n<li>svoris: 0,485 kg<\/li>\n<li>svoris pakuoteje: 0,681 kg<\/li>\n<\/ul>\n<p><strong>ISKAITANT:<\/strong><\/p>\n<ul>\n<li>plastikine de\u017eute mygtukams laikyti<\/li>\n<li>matrica<\/li>\n<li>12 paveiksleliu korteliu<\/li>\n<li>45 mygtukai 6 spalvu<\/li>\n<li>2 spynos nuotraukai pritvirtinti<\/li>\n<\/ul>\n<\/div>\n<\/div>\n<\/div>","protected":false},"excerpt":{"rendered":"<p>\u017daid\u017eiant vaikas lavina motorik\u0105, koncentracij\u0105, vaizduot\u0119 bei k\u016brybi\u0161kum\u0105.<\/p>","protected":false},"featured_media":7102,"template":"","meta":{"iawp_total_views":735},"product_cat":[218,92,194,195,191,192,87,84,86,199,49,39],"product_tag":[96,97,98],"class_list":{"0":"post-7101","1":"product","2":"type-product","3":"status-publish","4":"has-post-thumbnail","6":"product_cat-darzeliu-grupems","7":"product_cat-deliones","8":"product_cat-dovanos-vaikams-2-3-metu","9":"product_cat-dovanos-vaikams-3-4-metu","10":"product_cat-dovanos-vaikams","11":"product_cat-kaledines-dovanos-vaikams","12":"product_cat-kurybiniai-rinkiniai","13":"product_cat-lavinamieji-zaislai","14":"product_cat-smulkioji-motorika","15":"product_cat-ugdymo-istaigoms","16":"product_cat-visi-zaislai","17":"product_cat-zaislai","18":"product_tag-2-m-3-m","19":"product_tag-3-m-4-m","20":"product_tag-5-m-7-m","22":"first","23":"instock","24":"taxable","25":"shipping-taxable","26":"purchasable","27":"product-type-simple"},"yoast_head":"<!-- This site is optimized with the Yoast SEO plugin v23.3 - https:\/\/yoast.com\/wordpress\/plugins\/seo\/ -->\n<title>Mokomoji d\u0117lion\u0117-mozaika (57 detali\u0173) - Montessori \u017eaislai<\/title>\n<meta name=\"robots\" content=\"noindex, follow, max-snippet:-1, max-image-preview:large, max-video-preview:-1\" \/>\n<meta property=\"og:locale\" content=\"en_US\" \/>\n<meta property=\"og:type\" content=\"article\" \/>\n<meta property=\"og:title\" content=\"Mokomoji d\u0117lion\u0117-mozaika (57 detali\u0173) - Montessori \u017eaislai\" \/>\n<meta property=\"og:description\" content=\"\u017daid\u017eiant vaikas lavina motorik\u0105, koncentracij\u0105, vaizduot\u0119 bei k\u016brybi\u0161kum\u0105.\" \/>\n<meta property=\"og:url\" content=\"https:\/\/dev.monti.lt\/en\/product\/mokomoji-delione-mozaika-57-detaliu\/\" \/>\n<meta property=\"og:site_name\" content=\"Montessori \u017eaislai\" \/>\n<meta property=\"article:modified_time\" content=\"2024-10-09T07:46:21+00:00\" \/>\n<meta property=\"og:image\" content=\"https:\/\/dev.monti.lt\/wp-content\/uploads\/2022\/03\/KX661260975.jpg\" \/>\n\t<meta property=\"og:image:width\" content=\"1200\" \/>\n\t<meta property=\"og:image:height\" content=\"1200\" \/>\n\t<meta property=\"og:image:type\" content=\"image\/jpeg\" \/>\n<meta name=\"twitter:card\" content=\"summary_large_image\" \/>\n<meta name=\"twitter:label1\" content=\"Est. reading time\" \/>\n\t<meta name=\"twitter:data1\" content=\"2 minutes\" \/>\n<script type=\"application\/ld+json\" class=\"yoast-schema-graph\">{\"@context\":\"https:\/\/schema.org\",\"@graph\":[{\"@type\":\"WebPage\",\"@id\":\"https:\/\/dev.monti.lt\/product\/mokomoji-delione-mozaika-57-detaliu\/\",\"url\":\"https:\/\/dev.monti.lt\/product\/mokomoji-delione-mozaika-57-detaliu\/\",\"name\":\"Mokomoji d\u0117lion\u0117-mozaika (57 detali\u0173) - Montessori \u017eaislai\",\"isPartOf\":{\"@id\":\"https:\/\/dev.monti.lt\/#website\"},\"primaryImageOfPage\":{\"@id\":\"https:\/\/dev.monti.lt\/product\/mokomoji-delione-mozaika-57-detaliu\/#primaryimage\"},\"image\":{\"@id\":\"https:\/\/dev.monti.lt\/product\/mokomoji-delione-mozaika-57-detaliu\/#primaryimage\"},\"thumbnailUrl\":\"https:\/\/dev.monti.lt\/wp-content\/uploads\/2022\/03\/KX661260975.jpg\",\"datePublished\":\"2022-03-16T15:09:12+00:00\",\"dateModified\":\"2024-10-09T07:46:21+00:00\",\"breadcrumb\":{\"@id\":\"https:\/\/dev.monti.lt\/product\/mokomoji-delione-mozaika-57-detaliu\/#breadcrumb\"},\"inLanguage\":\"en-US\",\"potentialAction\":[{\"@type\":\"ReadAction\",\"target\":[\"https:\/\/dev.monti.lt\/product\/mokomoji-delione-mozaika-57-detaliu\/\"]}]},{\"@type\":\"ImageObject\",\"inLanguage\":\"en-US\",\"@id\":\"https:\/\/dev.monti.lt\/product\/mokomoji-delione-mozaika-57-detaliu\/#primaryimage\",\"url\":\"https:\/\/dev.monti.lt\/wp-content\/uploads\/2022\/03\/KX661260975.jpg\",\"contentUrl\":\"https:\/\/dev.monti.lt\/wp-content\/uploads\/2022\/03\/KX661260975.jpg\",\"width\":1200,\"height\":1200,\"caption\":\"lavinamieji \u017eaislai mozaika d\u0117lion\u0117 vaikams\"},{\"@type\":\"BreadcrumbList\",\"@id\":\"https:\/\/dev.monti.lt\/product\/mokomoji-delione-mozaika-57-detaliu\/#breadcrumb\",\"itemListElement\":[{\"@type\":\"ListItem\",\"position\":1,\"name\":\"Home\",\"item\":\"https:\/\/dev.monti.lt\/\"},{\"@type\":\"ListItem\",\"position\":2,\"name\":\"Parduotuv\u0117\",\"item\":\"https:\/\/dev.monti.lt\/shop\/\"},{\"@type\":\"ListItem\",\"position\":3,\"name\":\"Mokomoji d\u0117lion\u0117-mozaika (57 detali\u0173)\"}]},{\"@type\":\"WebSite\",\"@id\":\"https:\/\/dev.monti.lt\/#website\",\"url\":\"https:\/\/dev.monti.lt\/\",\"name\":\"Montessori \u017eaislai\",\"description\":\"\",\"publisher\":{\"@id\":\"https:\/\/dev.monti.lt\/#organization\"},\"potentialAction\":[{\"@type\":\"SearchAction\",\"target\":{\"@type\":\"EntryPoint\",\"urlTemplate\":\"https:\/\/dev.monti.lt\/?s={search_term_string}\"},\"query-input\":\"required name=search_term_string\"}],\"inLanguage\":\"en-US\"},{\"@type\":\"Organization\",\"@id\":\"https:\/\/dev.monti.lt\/#organization\",\"name\":\"Montessori \u017eaislai\",\"url\":\"https:\/\/dev.monti.lt\/\",\"logo\":{\"@type\":\"ImageObject\",\"inLanguage\":\"en-US\",\"@id\":\"https:\/\/dev.monti.lt\/#\/schema\/logo\/image\/\",\"url\":\"https:\/\/dev.monti.lt\/wp-content\/uploads\/2022\/03\/montilogo-1.png\",\"contentUrl\":\"https:\/\/dev.monti.lt\/wp-content\/uploads\/2022\/03\/montilogo-1.png\",\"width\":512,\"height\":512,\"caption\":\"Montessori \u017eaislai\"},\"image\":{\"@id\":\"https:\/\/dev.monti.lt\/#\/schema\/logo\/image\/\"}}]}<\/script>\n<!-- \/ Yoast SEO plugin. -->","yoast_head_json":{"title":"Mokomoji d\u0117lion\u0117-mozaika (57 detali\u0173) - Montessori \u017eaislai","robots":{"index":"noindex","follow":"follow","max-snippet":"max-snippet:-1","max-image-preview":"max-image-preview:large","max-video-preview":"max-video-preview:-1"},"og_locale":"en_US","og_type":"article","og_title":"Mokomoji d\u0117lion\u0117-mozaika (57 detali\u0173) - Montessori \u017eaislai","og_description":"\u017daid\u017eiant vaikas lavina motorik\u0105, koncentracij\u0105, vaizduot\u0119 bei k\u016brybi\u0161kum\u0105.","og_url":"https:\/\/dev.monti.lt\/en\/product\/mokomoji-delione-mozaika-57-detaliu\/","og_site_name":"Montessori \u017eaislai","article_modified_time":"2024-10-09T07:46:21+00:00","og_image":[{"width":1200,"height":1200,"url":"https:\/\/dev.monti.lt\/wp-content\/uploads\/2022\/03\/KX661260975.jpg","type":"image\/jpeg"}],"twitter_card":"summary_large_image","twitter_misc":{"Est. reading time":"2 minutes"},"schema":{"@context":"https:\/\/schema.org","@graph":[{"@type":"WebPage","@id":"https:\/\/dev.monti.lt\/product\/mokomoji-delione-mozaika-57-detaliu\/","url":"https:\/\/dev.monti.lt\/product\/mokomoji-delione-mozaika-57-detaliu\/","name":"Mokomoji d\u0117lion\u0117-mozaika (57 detali\u0173) - Montessori \u017eaislai","isPartOf":{"@id":"https:\/\/dev.monti.lt\/#website"},"primaryImageOfPage":{"@id":"https:\/\/dev.monti.lt\/product\/mokomoji-delione-mozaika-57-detaliu\/#primaryimage"},"image":{"@id":"https:\/\/dev.monti.lt\/product\/mokomoji-delione-mozaika-57-detaliu\/#primaryimage"},"thumbnailUrl":"https:\/\/dev.monti.lt\/wp-content\/uploads\/2022\/03\/KX661260975.jpg","datePublished":"2022-03-16T15:09:12+00:00","dateModified":"2024-10-09T07:46:21+00:00","breadcrumb":{"@id":"https:\/\/dev.monti.lt\/product\/mokomoji-delione-mozaika-57-detaliu\/#breadcrumb"},"inLanguage":"en-US","potentialAction":[{"@type":"ReadAction","target":["https:\/\/dev.monti.lt\/product\/mokomoji-delione-mozaika-57-detaliu\/"]}]},{"@type":"ImageObject","inLanguage":"en-US","@id":"https:\/\/dev.monti.lt\/product\/mokomoji-delione-mozaika-57-detaliu\/#primaryimage","url":"https:\/\/dev.monti.lt\/wp-content\/uploads\/2022\/03\/KX661260975.jpg","contentUrl":"https:\/\/dev.monti.lt\/wp-content\/uploads\/2022\/03\/KX661260975.jpg","width":1200,"height":1200,"caption":"lavinamieji \u017eaislai mozaika d\u0117lion\u0117 vaikams"},{"@type":"BreadcrumbList","@id":"https:\/\/dev.monti.lt\/product\/mokomoji-delione-mozaika-57-detaliu\/#breadcrumb","itemListElement":[{"@type":"ListItem","position":1,"name":"Home","item":"https:\/\/dev.monti.lt\/"},{"@type":"ListItem","position":2,"name":"Parduotuv\u0117","item":"https:\/\/dev.monti.lt\/shop\/"},{"@type":"ListItem","position":3,"name":"Mokomoji d\u0117lion\u0117-mozaika (57 detali\u0173)"}]},{"@type":"WebSite","@id":"https:\/\/dev.monti.lt\/#website","url":"https:\/\/dev.monti.lt\/","name":"Montessori \u017eaislai","description":"","publisher":{"@id":"https:\/\/dev.monti.lt\/#organization"},"potentialAction":[{"@type":"SearchAction","target":{"@type":"EntryPoint","urlTemplate":"https:\/\/dev.monti.lt\/?s={search_term_string}"},"query-input":"required name=search_term_string"}],"inLanguage":"en-US"},{"@type":"Organization","@id":"https:\/\/dev.monti.lt\/#organization","name":"Montessori \u017eaislai","url":"https:\/\/dev.monti.lt\/","logo":{"@type":"ImageObject","inLanguage":"en-US","@id":"https:\/\/dev.monti.lt\/#\/schema\/logo\/image\/","url":"https:\/\/dev.monti.lt\/wp-content\/uploads\/2022\/03\/montilogo-1.png","contentUrl":"https:\/\/dev.monti.lt\/wp-content\/uploads\/2022\/03\/montilogo-1.png","width":512,"height":512,"caption":"Montessori \u017eaislai"},"image":{"@id":"https:\/\/dev.monti.lt\/#\/schema\/logo\/image\/"}}]}},"_links":{"self":[{"href":"https:\/\/dev.monti.lt\/en\/wp-json\/wp\/v2\/product\/7101"}],"collection":[{"href":"https:\/\/dev.monti.lt\/en\/wp-json\/wp\/v2\/product"}],"about":[{"href":"https:\/\/dev.monti.lt\/en\/wp-json\/wp\/v2\/types\/product"}],"version-history":[{"count":4,"href":"https:\/\/dev.monti.lt\/en\/wp-json\/wp\/v2\/product\/7101\/revisions"}],"predecessor-version":[{"id":14755,"href":"https:\/\/dev.monti.lt\/en\/wp-json\/wp\/v2\/product\/7101\/revisions\/14755"}],"wp:featuredmedia":[{"embeddable":true,"href":"https:\/\/dev.monti.lt\/en\/wp-json\/wp\/v2\/media\/7102"}],"wp:attachment":[{"href":"https:\/\/dev.monti.lt\/en\/wp-json\/wp\/v2\/media?parent=7101"}],"wp:term":[{"taxonomy":"product_cat","embeddable":true,"href":"https:\/\/dev.monti.lt\/en\/wp-json\/wp\/v2\/product_cat?post=7101"},{"taxonomy":"product_tag","embeddable":true,"href":"https:\/\/dev.monti.lt\/en\/wp-json\/wp\/v2\/product_tag?post=7101"}],"curies":[{"name":"wp","href":"https:\/\/api.w.org\/{rel}","templated":true}]}}