{"id":7038,"date":"2022-03-15T20:20:27","date_gmt":"2022-03-15T20:20:27","guid":{"rendered":"https:\/\/dev.monti.lt\/?post_type=product&#038;p=7038"},"modified":"2024-10-08T10:45:18","modified_gmt":"2024-10-08T10:45:18","slug":"magnetine-knygele-su-delionemis","status":"publish","type":"product","link":"https:\/\/dev.monti.lt\/en\/product\/magnetine-knygele-su-delionemis\/","title":{"rendered":"Magnetin\u0117 knygel\u0117 su d\u0117lion\u0117mis"},"content":{"rendered":"<p><span class=\"\">Ar nerimaujate, kad j\u016bs\u0173 vaikas per daug laiko praleid\u017eia prie telefono ekrano? <\/span>&nbsp;<b>Medin\u0117s, spalvingos magnetin\u0117s kalad\u0117l\u0117s patogioje knygel\u0117je<\/b> \u2013 galvos\u016bkis, kur\u012f visada galite tur\u0117ti su savimi.<\/p>\n<p><b>Tangram<\/b> &nbsp;yra kin\u0173 galvos\u016bkis, gyvuojantis 3000 met\u0173. J\u012f sudaro septyni elementai \u2013 geometrin\u0117s fig\u016bros, sukurtos i\u0161pjaunant kvadrat\u0105.<\/p>\n<p>Kod\u0117l verta supa\u017eindinti vaik\u0105 su tangramu?<\/p>\n<ul>\n<li>D\u0117lion\u0117 <b>lavina login\u012f m\u0105stym\u0105<\/b> . Paprasti elementai leis sukurti begal\u0119 fig\u016br\u0173!<\/li>\n<li>Savo modeli\u0173 k\u016brimas ir sudarymas vysto j\u016bs\u0173 ma\u017eylio k\u016brybi\u0161kum\u0105.<\/li>\n<li>\u017daidimas su &nbsp;smulkiais elementais palaiko vaiko smulki\u0105j\u0105 motorik\u0105 ir gerina pir\u0161t\u0173 miklum\u0105.<\/li>\n<\/ul>\n<p>Tai puiki <b>Montessori stiliaus metodikai draugi\u0161ka priemon\u0117.<\/b><\/p>\n<p>&nbsp;<\/p>\n<p><span class=\"\">Net <\/span><b><span class=\"\">96 ra\u0161tai (!)<\/span><\/b><span class=\"\"> I\u0161d\u0117lioti dviem variantais: spalvoti &#8211; lengvesni, suskirstyti \u012f konkre\u010dius blokus ir sunkesni &#8211; juodi ir balti!<\/span><\/p>\n<p>B\u016bkite k\u016brybingi \u2013 sugalvokite savo ra\u0161tus ir formas, ta\u010diau nepamir\u0161kite keli\u0173 taisykli\u0173:<\/p>\n<ul>\n<li>bet kuriuo atveju tur\u0117t\u0173 b\u016bti naudojami septyni elementai<\/li>\n<li>elementai turi liestis bent vienoje vietoje, bet ne persidengti<\/li>\n<li>Tangramos taip pat yra <b>puikus pasirinkimas dar\u017eeliuose<\/b> , kuris palaiko grupin\u012f darb\u0105 ir vaik\u0173 integracij\u0105. Elementus galima padalyti vaikams, ir&nbsp;skatintim&nbsp;sukurti vaikus&nbsp;paveiksl\u0117l\u012f. Toks pratimas moko grupinio bendravimo<\/li>\n<\/ul>\n<p>Rinkinyje rasite:<\/p>\n<ul>\n<li>u\u017ever\u010diama knygel\u0117<\/li>\n<li>knygel\u0117 su pavyzd\u017eiais<\/li>\n<li>septynios medin\u0117s, spalvingos geometrin\u0117s fig\u016bros su magnetais<\/li>\n<\/ul>\n<p>Knygel\u0117s &nbsp;matmenys: 22cm x 18cm x 1,5cm<\/p>\n<p>Detali\u0173 matmenys: nuo 3,5 cm iki 9,5 cm<\/p>\n<p>&nbsp;<\/p>\n<p>\u017daislas skirtas vyresniems nei 3 met\u0173 vaikams.<\/p>","protected":false},"excerpt":{"rendered":"<p>Ar nerimaujate, kad j\u016bs\u0173 vaikas per daug laiko praleid\u017eia prie telefono ekrano? &nbsp;Medin\u0117s, spalvingos magnetin\u0117s kalad\u0117l\u0117s patogioje knygel\u0117je \u2013 galvos\u016bkis, kur\u012f visada galite tur\u0117ti su savimi. Tangram &nbsp;yra kin\u0173 galvos\u016bkis, gyvuojantis 3000 met\u0173. J\u012f sudaro septyni elementai \u2013 geometrin\u0117s fig\u016bros, sukurtos i\u0161pjaunant kvadrat\u0105. Kod\u0117l verta supa\u017eindinti vaik\u0105 su tangramu? D\u0117lion\u0117 lavina login\u012f m\u0105stym\u0105 . Paprasti [&hellip;]<\/p>","protected":false},"featured_media":7039,"template":"","meta":{"iawp_total_views":133},"product_cat":[218,92,84,91,90,50,49,39],"product_tag":[96,97,98],"class_list":{"0":"post-7038","1":"product","2":"type-product","3":"status-publish","4":"has-post-thumbnail","6":"product_cat-darzeliu-grupems","7":"product_cat-deliones","8":"product_cat-lavinamieji-zaislai","9":"product_cat-loginiam-mastymui","10":"product_cat-pasaulio-pazinimas","11":"product_cat-top-dovanos","12":"product_cat-visi-zaislai","13":"product_cat-zaislai","14":"product_tag-2-m-3-m","15":"product_tag-3-m-4-m","16":"product_tag-5-m-7-m","18":"first","19":"instock","20":"taxable","21":"shipping-taxable","22":"purchasable","23":"product-type-simple"},"yoast_head":"<!-- This site is optimized with the Yoast SEO plugin v23.3 - https:\/\/yoast.com\/wordpress\/plugins\/seo\/ -->\n<title>Magnetin\u0117 knygel\u0117 su d\u0117lion\u0117mis - Montessori \u017eaislai<\/title>\n<meta name=\"robots\" content=\"noindex, follow, max-snippet:-1, max-image-preview:large, max-video-preview:-1\" \/>\n<meta property=\"og:locale\" content=\"en_US\" \/>\n<meta property=\"og:type\" content=\"article\" \/>\n<meta property=\"og:title\" content=\"Magnetin\u0117 knygel\u0117 su d\u0117lion\u0117mis - Montessori \u017eaislai\" \/>\n<meta property=\"og:description\" content=\"Ar nerimaujate, kad j\u016bs\u0173 vaikas per daug laiko praleid\u017eia prie telefono ekrano? &nbsp;Medin\u0117s, spalvingos magnetin\u0117s kalad\u0117l\u0117s patogioje knygel\u0117je \u2013 galvos\u016bkis, kur\u012f visada galite tur\u0117ti su savimi. Tangram &nbsp;yra kin\u0173 galvos\u016bkis, gyvuojantis 3000 met\u0173. J\u012f sudaro septyni elementai \u2013 geometrin\u0117s fig\u016bros, sukurtos i\u0161pjaunant kvadrat\u0105. Kod\u0117l verta supa\u017eindinti vaik\u0105 su tangramu? D\u0117lion\u0117 lavina login\u012f m\u0105stym\u0105 . Paprasti [&hellip;]\" \/>\n<meta property=\"og:url\" content=\"https:\/\/dev.monti.lt\/en\/product\/magnetine-knygele-su-delionemis\/\" \/>\n<meta property=\"og:site_name\" content=\"Montessori \u017eaislai\" \/>\n<meta property=\"article:modified_time\" content=\"2024-10-08T10:45:18+00:00\" \/>\n<meta property=\"og:image\" content=\"https:\/\/dev.monti.lt\/wp-content\/uploads\/2022\/03\/KX626267886.jpg\" \/>\n\t<meta property=\"og:image:width\" content=\"1600\" \/>\n\t<meta property=\"og:image:height\" content=\"1600\" \/>\n\t<meta property=\"og:image:type\" content=\"image\/jpeg\" \/>\n<meta name=\"twitter:card\" content=\"summary_large_image\" \/>\n<meta name=\"twitter:label1\" content=\"Est. reading time\" \/>\n\t<meta name=\"twitter:data1\" content=\"1 minute\" \/>\n<script type=\"application\/ld+json\" class=\"yoast-schema-graph\">{\"@context\":\"https:\/\/schema.org\",\"@graph\":[{\"@type\":\"WebPage\",\"@id\":\"https:\/\/dev.monti.lt\/product\/magnetine-knygele-su-delionemis\/\",\"url\":\"https:\/\/dev.monti.lt\/product\/magnetine-knygele-su-delionemis\/\",\"name\":\"Magnetin\u0117 knygel\u0117 su d\u0117lion\u0117mis - Montessori \u017eaislai\",\"isPartOf\":{\"@id\":\"https:\/\/dev.monti.lt\/#website\"},\"primaryImageOfPage\":{\"@id\":\"https:\/\/dev.monti.lt\/product\/magnetine-knygele-su-delionemis\/#primaryimage\"},\"image\":{\"@id\":\"https:\/\/dev.monti.lt\/product\/magnetine-knygele-su-delionemis\/#primaryimage\"},\"thumbnailUrl\":\"https:\/\/dev.monti.lt\/wp-content\/uploads\/2022\/03\/KX626267886.jpg\",\"datePublished\":\"2022-03-15T20:20:27+00:00\",\"dateModified\":\"2024-10-08T10:45:18+00:00\",\"breadcrumb\":{\"@id\":\"https:\/\/dev.monti.lt\/product\/magnetine-knygele-su-delionemis\/#breadcrumb\"},\"inLanguage\":\"en-US\",\"potentialAction\":[{\"@type\":\"ReadAction\",\"target\":[\"https:\/\/dev.monti.lt\/product\/magnetine-knygele-su-delionemis\/\"]}]},{\"@type\":\"ImageObject\",\"inLanguage\":\"en-US\",\"@id\":\"https:\/\/dev.monti.lt\/product\/magnetine-knygele-su-delionemis\/#primaryimage\",\"url\":\"https:\/\/dev.monti.lt\/wp-content\/uploads\/2022\/03\/KX626267886.jpg\",\"contentUrl\":\"https:\/\/dev.monti.lt\/wp-content\/uploads\/2022\/03\/KX626267886.jpg\",\"width\":1600,\"height\":1600,\"caption\":\"magnetin\u0117 knygel\u0117, \u017eaislas kelion\u0117ms, tangram, login\u0117 d\u0117lion\u0117\"},{\"@type\":\"BreadcrumbList\",\"@id\":\"https:\/\/dev.monti.lt\/product\/magnetine-knygele-su-delionemis\/#breadcrumb\",\"itemListElement\":[{\"@type\":\"ListItem\",\"position\":1,\"name\":\"Home\",\"item\":\"https:\/\/dev.monti.lt\/\"},{\"@type\":\"ListItem\",\"position\":2,\"name\":\"Parduotuv\u0117\",\"item\":\"https:\/\/dev.monti.lt\/shop\/\"},{\"@type\":\"ListItem\",\"position\":3,\"name\":\"Magnetin\u0117 knygel\u0117 su d\u0117lion\u0117mis\"}]},{\"@type\":\"WebSite\",\"@id\":\"https:\/\/dev.monti.lt\/#website\",\"url\":\"https:\/\/dev.monti.lt\/\",\"name\":\"Montessori \u017eaislai\",\"description\":\"\",\"publisher\":{\"@id\":\"https:\/\/dev.monti.lt\/#organization\"},\"potentialAction\":[{\"@type\":\"SearchAction\",\"target\":{\"@type\":\"EntryPoint\",\"urlTemplate\":\"https:\/\/dev.monti.lt\/?s={search_term_string}\"},\"query-input\":\"required name=search_term_string\"}],\"inLanguage\":\"en-US\"},{\"@type\":\"Organization\",\"@id\":\"https:\/\/dev.monti.lt\/#organization\",\"name\":\"Montessori \u017eaislai\",\"url\":\"https:\/\/dev.monti.lt\/\",\"logo\":{\"@type\":\"ImageObject\",\"inLanguage\":\"en-US\",\"@id\":\"https:\/\/dev.monti.lt\/#\/schema\/logo\/image\/\",\"url\":\"https:\/\/dev.monti.lt\/wp-content\/uploads\/2022\/03\/montilogo-1.png\",\"contentUrl\":\"https:\/\/dev.monti.lt\/wp-content\/uploads\/2022\/03\/montilogo-1.png\",\"width\":512,\"height\":512,\"caption\":\"Montessori \u017eaislai\"},\"image\":{\"@id\":\"https:\/\/dev.monti.lt\/#\/schema\/logo\/image\/\"}}]}<\/script>\n<!-- \/ Yoast SEO plugin. -->","yoast_head_json":{"title":"Magnetin\u0117 knygel\u0117 su d\u0117lion\u0117mis - Montessori \u017eaislai","robots":{"index":"noindex","follow":"follow","max-snippet":"max-snippet:-1","max-image-preview":"max-image-preview:large","max-video-preview":"max-video-preview:-1"},"og_locale":"en_US","og_type":"article","og_title":"Magnetin\u0117 knygel\u0117 su d\u0117lion\u0117mis - Montessori \u017eaislai","og_description":"Ar nerimaujate, kad j\u016bs\u0173 vaikas per daug laiko praleid\u017eia prie telefono ekrano? &nbsp;Medin\u0117s, spalvingos magnetin\u0117s kalad\u0117l\u0117s patogioje knygel\u0117je \u2013 galvos\u016bkis, kur\u012f visada galite tur\u0117ti su savimi. Tangram &nbsp;yra kin\u0173 galvos\u016bkis, gyvuojantis 3000 met\u0173. J\u012f sudaro septyni elementai \u2013 geometrin\u0117s fig\u016bros, sukurtos i\u0161pjaunant kvadrat\u0105. Kod\u0117l verta supa\u017eindinti vaik\u0105 su tangramu? D\u0117lion\u0117 lavina login\u012f m\u0105stym\u0105 . Paprasti [&hellip;]","og_url":"https:\/\/dev.monti.lt\/en\/product\/magnetine-knygele-su-delionemis\/","og_site_name":"Montessori \u017eaislai","article_modified_time":"2024-10-08T10:45:18+00:00","og_image":[{"width":1600,"height":1600,"url":"https:\/\/dev.monti.lt\/wp-content\/uploads\/2022\/03\/KX626267886.jpg","type":"image\/jpeg"}],"twitter_card":"summary_large_image","twitter_misc":{"Est. reading time":"1 minute"},"schema":{"@context":"https:\/\/schema.org","@graph":[{"@type":"WebPage","@id":"https:\/\/dev.monti.lt\/product\/magnetine-knygele-su-delionemis\/","url":"https:\/\/dev.monti.lt\/product\/magnetine-knygele-su-delionemis\/","name":"Magnetin\u0117 knygel\u0117 su d\u0117lion\u0117mis - Montessori \u017eaislai","isPartOf":{"@id":"https:\/\/dev.monti.lt\/#website"},"primaryImageOfPage":{"@id":"https:\/\/dev.monti.lt\/product\/magnetine-knygele-su-delionemis\/#primaryimage"},"image":{"@id":"https:\/\/dev.monti.lt\/product\/magnetine-knygele-su-delionemis\/#primaryimage"},"thumbnailUrl":"https:\/\/dev.monti.lt\/wp-content\/uploads\/2022\/03\/KX626267886.jpg","datePublished":"2022-03-15T20:20:27+00:00","dateModified":"2024-10-08T10:45:18+00:00","breadcrumb":{"@id":"https:\/\/dev.monti.lt\/product\/magnetine-knygele-su-delionemis\/#breadcrumb"},"inLanguage":"en-US","potentialAction":[{"@type":"ReadAction","target":["https:\/\/dev.monti.lt\/product\/magnetine-knygele-su-delionemis\/"]}]},{"@type":"ImageObject","inLanguage":"en-US","@id":"https:\/\/dev.monti.lt\/product\/magnetine-knygele-su-delionemis\/#primaryimage","url":"https:\/\/dev.monti.lt\/wp-content\/uploads\/2022\/03\/KX626267886.jpg","contentUrl":"https:\/\/dev.monti.lt\/wp-content\/uploads\/2022\/03\/KX626267886.jpg","width":1600,"height":1600,"caption":"magnetin\u0117 knygel\u0117, \u017eaislas kelion\u0117ms, tangram, login\u0117 d\u0117lion\u0117"},{"@type":"BreadcrumbList","@id":"https:\/\/dev.monti.lt\/product\/magnetine-knygele-su-delionemis\/#breadcrumb","itemListElement":[{"@type":"ListItem","position":1,"name":"Home","item":"https:\/\/dev.monti.lt\/"},{"@type":"ListItem","position":2,"name":"Parduotuv\u0117","item":"https:\/\/dev.monti.lt\/shop\/"},{"@type":"ListItem","position":3,"name":"Magnetin\u0117 knygel\u0117 su d\u0117lion\u0117mis"}]},{"@type":"WebSite","@id":"https:\/\/dev.monti.lt\/#website","url":"https:\/\/dev.monti.lt\/","name":"Montessori \u017eaislai","description":"","publisher":{"@id":"https:\/\/dev.monti.lt\/#organization"},"potentialAction":[{"@type":"SearchAction","target":{"@type":"EntryPoint","urlTemplate":"https:\/\/dev.monti.lt\/?s={search_term_string}"},"query-input":"required name=search_term_string"}],"inLanguage":"en-US"},{"@type":"Organization","@id":"https:\/\/dev.monti.lt\/#organization","name":"Montessori \u017eaislai","url":"https:\/\/dev.monti.lt\/","logo":{"@type":"ImageObject","inLanguage":"en-US","@id":"https:\/\/dev.monti.lt\/#\/schema\/logo\/image\/","url":"https:\/\/dev.monti.lt\/wp-content\/uploads\/2022\/03\/montilogo-1.png","contentUrl":"https:\/\/dev.monti.lt\/wp-content\/uploads\/2022\/03\/montilogo-1.png","width":512,"height":512,"caption":"Montessori \u017eaislai"},"image":{"@id":"https:\/\/dev.monti.lt\/#\/schema\/logo\/image\/"}}]}},"_links":{"self":[{"href":"https:\/\/dev.monti.lt\/en\/wp-json\/wp\/v2\/product\/7038"}],"collection":[{"href":"https:\/\/dev.monti.lt\/en\/wp-json\/wp\/v2\/product"}],"about":[{"href":"https:\/\/dev.monti.lt\/en\/wp-json\/wp\/v2\/types\/product"}],"version-history":[{"count":4,"href":"https:\/\/dev.monti.lt\/en\/wp-json\/wp\/v2\/product\/7038\/revisions"}],"predecessor-version":[{"id":14727,"href":"https:\/\/dev.monti.lt\/en\/wp-json\/wp\/v2\/product\/7038\/revisions\/14727"}],"wp:featuredmedia":[{"embeddable":true,"href":"https:\/\/dev.monti.lt\/en\/wp-json\/wp\/v2\/media\/7039"}],"wp:attachment":[{"href":"https:\/\/dev.monti.lt\/en\/wp-json\/wp\/v2\/media?parent=7038"}],"wp:term":[{"taxonomy":"product_cat","embeddable":true,"href":"https:\/\/dev.monti.lt\/en\/wp-json\/wp\/v2\/product_cat?post=7038"},{"taxonomy":"product_tag","embeddable":true,"href":"https:\/\/dev.monti.lt\/en\/wp-json\/wp\/v2\/product_tag?post=7038"}],"curies":[{"name":"wp","href":"https:\/\/api.w.org\/{rel}","templated":true}]}}