{"id":7017,"date":"2022-03-15T20:09:12","date_gmt":"2022-03-15T20:09:12","guid":{"rendered":"https:\/\/dev.monti.lt\/?post_type=product&#038;p=7017"},"modified":"2024-10-04T10:23:52","modified_gmt":"2024-10-04T10:23:52","slug":"edukacinis-medinis-zaislas-3in1-auksine-zuvele","status":"publish","type":"product","link":"https:\/\/dev.monti.lt\/en\/product\/edukacinis-medinis-zaislas-3in1-auksine-zuvele\/","title":{"rendered":"Edukacinis medinis \u017eaislas 3in1"},"content":{"rendered":"<p>Fantasti\u0161kai \u017eaidimas 3 in 1! 1) Form\u0173 derinimas. Rinkinyje yra spalvingos geometrin\u0117s fig\u016bros, skai\u010diai ir raid\u0117s, kuriuos reikia \u012fd\u0117ti \u012f atitinkamas vietas. 2) Pagalba mokytis skai\u010diuoti. Ant pagrindo yra 10 vertikali\u0173 pad\u0117kliuk\u0173 su spalvotais \u017eiedeliais, kuri\u0173 skai\u010dius atitinka skai\u010di\u0173 nurodyt\u0105 ant \u017eaidimo pagrindo. 3) \u017daidimas \u017evejyba. Tarp daugyb\u0117s element\u0173 slepiasi magnetin\u0117s \u017euvyt\u0117s, kurias gali pagauti tik su specialia me\u0161kere. \u0160is \u017eaidimas reikalauja daug kantryb\u0117s ir susikaupimo pagauti savo auksin\u0119 \u017euvel\u0119.<\/p>","protected":false},"excerpt":{"rendered":"<p>Fantasti\u0161kai \u017eaidimas 3 in 1! 1) Form\u0173 derinimas. Rinkinyje yra spalvingos geometrin\u0117s fig\u016bros, skai\u010diai ir raid\u0117s, kuriuos reikia \u012fd\u0117ti \u012f atitinkamas vietas. 2) Pagalba mokytis skai\u010diuoti. Ant pagrindo yra 10 vertikali\u0173 pad\u0117kliuk\u0173 su spalvotais \u017eiedeliais, kuri\u0173 skai\u010dius atitinka skai\u010di\u0173 nurodyt\u0105 ant \u017eaidimo pagrindo. 3) \u017daidimas \u017evejyba. Tarp daugyb\u0117s element\u0173 slepiasi magnetin\u0117s \u017euvyt\u0117s, kurias gali pagauti [&hellip;]<\/p>","protected":false},"featured_media":22276,"template":"","meta":{"iawp_total_views":148},"product_cat":[213,208,191,87,84,91,210,88,83,86,50,49,39],"product_tag":[96,97,98],"class_list":{"0":"post-7017","1":"product","2":"type-product","3":"status-publish","4":"has-post-thumbnail","6":"product_cat-akcija","7":"product_cat-deliones-2","8":"product_cat-dovanos-vaikams","9":"product_cat-kurybiniai-rinkiniai","10":"product_cat-lavinamieji-zaislai","11":"product_cat-loginiam-mastymui","12":"product_cat-medines-deliones","13":"product_cat-mokausi-zaisti","14":"product_cat-montessori-zaislai","15":"product_cat-smulkioji-motorika","16":"product_cat-top-dovanos","17":"product_cat-visi-zaislai","18":"product_cat-zaislai","19":"product_tag-2-m-3-m","20":"product_tag-3-m-4-m","21":"product_tag-5-m-7-m","23":"first","24":"instock","25":"taxable","26":"shipping-taxable","27":"purchasable","28":"product-type-simple"},"yoast_head":"<!-- This site is optimized with the Yoast SEO plugin v23.3 - https:\/\/yoast.com\/wordpress\/plugins\/seo\/ -->\n<title>Edukacinis medinis \u017eaislas 3in1 - Montessori \u017eaislai<\/title>\n<meta name=\"robots\" content=\"noindex, follow, max-snippet:-1, max-image-preview:large, max-video-preview:-1\" \/>\n<meta property=\"og:locale\" content=\"en_US\" \/>\n<meta property=\"og:type\" content=\"article\" \/>\n<meta property=\"og:title\" content=\"Edukacinis medinis \u017eaislas 3in1 - Montessori \u017eaislai\" \/>\n<meta property=\"og:description\" content=\"Fantasti\u0161kai \u017eaidimas 3 in 1! 1) Form\u0173 derinimas. Rinkinyje yra spalvingos geometrin\u0117s fig\u016bros, skai\u010diai ir raid\u0117s, kuriuos reikia \u012fd\u0117ti \u012f atitinkamas vietas. 2) Pagalba mokytis skai\u010diuoti. Ant pagrindo yra 10 vertikali\u0173 pad\u0117kliuk\u0173 su spalvotais \u017eiedeliais, kuri\u0173 skai\u010dius atitinka skai\u010di\u0173 nurodyt\u0105 ant \u017eaidimo pagrindo. 3) \u017daidimas \u017evejyba. Tarp daugyb\u0117s element\u0173 slepiasi magnetin\u0117s \u017euvyt\u0117s, kurias gali pagauti [&hellip;]\" \/>\n<meta property=\"og:url\" content=\"https:\/\/dev.monti.lt\/en\/product\/edukacinis-medinis-zaislas-3in1-auksine-zuvele\/\" \/>\n<meta property=\"og:site_name\" content=\"Montessori \u017eaislai\" \/>\n<meta property=\"article:modified_time\" content=\"2024-10-04T10:23:52+00:00\" \/>\n<meta property=\"og:image\" content=\"https:\/\/dev.monti.lt\/wp-content\/uploads\/2022\/03\/Wooden-counting-rod-fish-fishing-alphabet-numbers-138648.jpg\" \/>\n\t<meta property=\"og:image:width\" content=\"1024\" \/>\n\t<meta property=\"og:image:height\" content=\"1024\" \/>\n\t<meta property=\"og:image:type\" content=\"image\/jpeg\" \/>\n<meta name=\"twitter:card\" content=\"summary_large_image\" \/>\n<meta name=\"twitter:label1\" content=\"Est. reading time\" \/>\n\t<meta name=\"twitter:data1\" content=\"1 minute\" \/>\n<script type=\"application\/ld+json\" class=\"yoast-schema-graph\">{\"@context\":\"https:\/\/schema.org\",\"@graph\":[{\"@type\":\"WebPage\",\"@id\":\"https:\/\/dev.monti.lt\/product\/edukacinis-medinis-zaislas-3in1-auksine-zuvele\/\",\"url\":\"https:\/\/dev.monti.lt\/product\/edukacinis-medinis-zaislas-3in1-auksine-zuvele\/\",\"name\":\"Edukacinis medinis \u017eaislas 3in1 - Montessori \u017eaislai\",\"isPartOf\":{\"@id\":\"https:\/\/dev.monti.lt\/#website\"},\"primaryImageOfPage\":{\"@id\":\"https:\/\/dev.monti.lt\/product\/edukacinis-medinis-zaislas-3in1-auksine-zuvele\/#primaryimage\"},\"image\":{\"@id\":\"https:\/\/dev.monti.lt\/product\/edukacinis-medinis-zaislas-3in1-auksine-zuvele\/#primaryimage\"},\"thumbnailUrl\":\"https:\/\/dev.monti.lt\/wp-content\/uploads\/2022\/03\/Wooden-counting-rod-fish-fishing-alphabet-numbers-138648.jpg\",\"datePublished\":\"2022-03-15T20:09:12+00:00\",\"dateModified\":\"2024-10-04T10:23:52+00:00\",\"breadcrumb\":{\"@id\":\"https:\/\/dev.monti.lt\/product\/edukacinis-medinis-zaislas-3in1-auksine-zuvele\/#breadcrumb\"},\"inLanguage\":\"en-US\",\"potentialAction\":[{\"@type\":\"ReadAction\",\"target\":[\"https:\/\/dev.monti.lt\/product\/edukacinis-medinis-zaislas-3in1-auksine-zuvele\/\"]}]},{\"@type\":\"ImageObject\",\"inLanguage\":\"en-US\",\"@id\":\"https:\/\/dev.monti.lt\/product\/edukacinis-medinis-zaislas-3in1-auksine-zuvele\/#primaryimage\",\"url\":\"https:\/\/dev.monti.lt\/wp-content\/uploads\/2022\/03\/Wooden-counting-rod-fish-fishing-alphabet-numbers-138648.jpg\",\"contentUrl\":\"https:\/\/dev.monti.lt\/wp-content\/uploads\/2022\/03\/Wooden-counting-rod-fish-fishing-alphabet-numbers-138648.jpg\",\"width\":1024,\"height\":1024,\"caption\":\"medine delione\"},{\"@type\":\"BreadcrumbList\",\"@id\":\"https:\/\/dev.monti.lt\/product\/edukacinis-medinis-zaislas-3in1-auksine-zuvele\/#breadcrumb\",\"itemListElement\":[{\"@type\":\"ListItem\",\"position\":1,\"name\":\"Home\",\"item\":\"https:\/\/dev.monti.lt\/\"},{\"@type\":\"ListItem\",\"position\":2,\"name\":\"Parduotuv\u0117\",\"item\":\"https:\/\/dev.monti.lt\/shop\/\"},{\"@type\":\"ListItem\",\"position\":3,\"name\":\"Edukacinis medinis \u017eaislas 3in1\"}]},{\"@type\":\"WebSite\",\"@id\":\"https:\/\/dev.monti.lt\/#website\",\"url\":\"https:\/\/dev.monti.lt\/\",\"name\":\"Montessori \u017eaislai\",\"description\":\"\",\"publisher\":{\"@id\":\"https:\/\/dev.monti.lt\/#organization\"},\"potentialAction\":[{\"@type\":\"SearchAction\",\"target\":{\"@type\":\"EntryPoint\",\"urlTemplate\":\"https:\/\/dev.monti.lt\/?s={search_term_string}\"},\"query-input\":\"required name=search_term_string\"}],\"inLanguage\":\"en-US\"},{\"@type\":\"Organization\",\"@id\":\"https:\/\/dev.monti.lt\/#organization\",\"name\":\"Montessori \u017eaislai\",\"url\":\"https:\/\/dev.monti.lt\/\",\"logo\":{\"@type\":\"ImageObject\",\"inLanguage\":\"en-US\",\"@id\":\"https:\/\/dev.monti.lt\/#\/schema\/logo\/image\/\",\"url\":\"https:\/\/dev.monti.lt\/wp-content\/uploads\/2022\/03\/montilogo-1.png\",\"contentUrl\":\"https:\/\/dev.monti.lt\/wp-content\/uploads\/2022\/03\/montilogo-1.png\",\"width\":512,\"height\":512,\"caption\":\"Montessori \u017eaislai\"},\"image\":{\"@id\":\"https:\/\/dev.monti.lt\/#\/schema\/logo\/image\/\"}}]}<\/script>\n<!-- \/ Yoast SEO plugin. -->","yoast_head_json":{"title":"Edukacinis medinis \u017eaislas 3in1 - Montessori \u017eaislai","robots":{"index":"noindex","follow":"follow","max-snippet":"max-snippet:-1","max-image-preview":"max-image-preview:large","max-video-preview":"max-video-preview:-1"},"og_locale":"en_US","og_type":"article","og_title":"Edukacinis medinis \u017eaislas 3in1 - Montessori \u017eaislai","og_description":"Fantasti\u0161kai \u017eaidimas 3 in 1! 1) Form\u0173 derinimas. Rinkinyje yra spalvingos geometrin\u0117s fig\u016bros, skai\u010diai ir raid\u0117s, kuriuos reikia \u012fd\u0117ti \u012f atitinkamas vietas. 2) Pagalba mokytis skai\u010diuoti. Ant pagrindo yra 10 vertikali\u0173 pad\u0117kliuk\u0173 su spalvotais \u017eiedeliais, kuri\u0173 skai\u010dius atitinka skai\u010di\u0173 nurodyt\u0105 ant \u017eaidimo pagrindo. 3) \u017daidimas \u017evejyba. Tarp daugyb\u0117s element\u0173 slepiasi magnetin\u0117s \u017euvyt\u0117s, kurias gali pagauti [&hellip;]","og_url":"https:\/\/dev.monti.lt\/en\/product\/edukacinis-medinis-zaislas-3in1-auksine-zuvele\/","og_site_name":"Montessori \u017eaislai","article_modified_time":"2024-10-04T10:23:52+00:00","og_image":[{"width":1024,"height":1024,"url":"https:\/\/dev.monti.lt\/wp-content\/uploads\/2022\/03\/Wooden-counting-rod-fish-fishing-alphabet-numbers-138648.jpg","type":"image\/jpeg"}],"twitter_card":"summary_large_image","twitter_misc":{"Est. reading time":"1 minute"},"schema":{"@context":"https:\/\/schema.org","@graph":[{"@type":"WebPage","@id":"https:\/\/dev.monti.lt\/product\/edukacinis-medinis-zaislas-3in1-auksine-zuvele\/","url":"https:\/\/dev.monti.lt\/product\/edukacinis-medinis-zaislas-3in1-auksine-zuvele\/","name":"Edukacinis medinis \u017eaislas 3in1 - Montessori \u017eaislai","isPartOf":{"@id":"https:\/\/dev.monti.lt\/#website"},"primaryImageOfPage":{"@id":"https:\/\/dev.monti.lt\/product\/edukacinis-medinis-zaislas-3in1-auksine-zuvele\/#primaryimage"},"image":{"@id":"https:\/\/dev.monti.lt\/product\/edukacinis-medinis-zaislas-3in1-auksine-zuvele\/#primaryimage"},"thumbnailUrl":"https:\/\/dev.monti.lt\/wp-content\/uploads\/2022\/03\/Wooden-counting-rod-fish-fishing-alphabet-numbers-138648.jpg","datePublished":"2022-03-15T20:09:12+00:00","dateModified":"2024-10-04T10:23:52+00:00","breadcrumb":{"@id":"https:\/\/dev.monti.lt\/product\/edukacinis-medinis-zaislas-3in1-auksine-zuvele\/#breadcrumb"},"inLanguage":"en-US","potentialAction":[{"@type":"ReadAction","target":["https:\/\/dev.monti.lt\/product\/edukacinis-medinis-zaislas-3in1-auksine-zuvele\/"]}]},{"@type":"ImageObject","inLanguage":"en-US","@id":"https:\/\/dev.monti.lt\/product\/edukacinis-medinis-zaislas-3in1-auksine-zuvele\/#primaryimage","url":"https:\/\/dev.monti.lt\/wp-content\/uploads\/2022\/03\/Wooden-counting-rod-fish-fishing-alphabet-numbers-138648.jpg","contentUrl":"https:\/\/dev.monti.lt\/wp-content\/uploads\/2022\/03\/Wooden-counting-rod-fish-fishing-alphabet-numbers-138648.jpg","width":1024,"height":1024,"caption":"medine delione"},{"@type":"BreadcrumbList","@id":"https:\/\/dev.monti.lt\/product\/edukacinis-medinis-zaislas-3in1-auksine-zuvele\/#breadcrumb","itemListElement":[{"@type":"ListItem","position":1,"name":"Home","item":"https:\/\/dev.monti.lt\/"},{"@type":"ListItem","position":2,"name":"Parduotuv\u0117","item":"https:\/\/dev.monti.lt\/shop\/"},{"@type":"ListItem","position":3,"name":"Edukacinis medinis \u017eaislas 3in1"}]},{"@type":"WebSite","@id":"https:\/\/dev.monti.lt\/#website","url":"https:\/\/dev.monti.lt\/","name":"Montessori \u017eaislai","description":"","publisher":{"@id":"https:\/\/dev.monti.lt\/#organization"},"potentialAction":[{"@type":"SearchAction","target":{"@type":"EntryPoint","urlTemplate":"https:\/\/dev.monti.lt\/?s={search_term_string}"},"query-input":"required name=search_term_string"}],"inLanguage":"en-US"},{"@type":"Organization","@id":"https:\/\/dev.monti.lt\/#organization","name":"Montessori \u017eaislai","url":"https:\/\/dev.monti.lt\/","logo":{"@type":"ImageObject","inLanguage":"en-US","@id":"https:\/\/dev.monti.lt\/#\/schema\/logo\/image\/","url":"https:\/\/dev.monti.lt\/wp-content\/uploads\/2022\/03\/montilogo-1.png","contentUrl":"https:\/\/dev.monti.lt\/wp-content\/uploads\/2022\/03\/montilogo-1.png","width":512,"height":512,"caption":"Montessori \u017eaislai"},"image":{"@id":"https:\/\/dev.monti.lt\/#\/schema\/logo\/image\/"}}]}},"_links":{"self":[{"href":"https:\/\/dev.monti.lt\/en\/wp-json\/wp\/v2\/product\/7017"}],"collection":[{"href":"https:\/\/dev.monti.lt\/en\/wp-json\/wp\/v2\/product"}],"about":[{"href":"https:\/\/dev.monti.lt\/en\/wp-json\/wp\/v2\/types\/product"}],"version-history":[{"count":3,"href":"https:\/\/dev.monti.lt\/en\/wp-json\/wp\/v2\/product\/7017\/revisions"}],"predecessor-version":[{"id":11039,"href":"https:\/\/dev.monti.lt\/en\/wp-json\/wp\/v2\/product\/7017\/revisions\/11039"}],"wp:featuredmedia":[{"embeddable":true,"href":"https:\/\/dev.monti.lt\/en\/wp-json\/wp\/v2\/media\/22276"}],"wp:attachment":[{"href":"https:\/\/dev.monti.lt\/en\/wp-json\/wp\/v2\/media?parent=7017"}],"wp:term":[{"taxonomy":"product_cat","embeddable":true,"href":"https:\/\/dev.monti.lt\/en\/wp-json\/wp\/v2\/product_cat?post=7017"},{"taxonomy":"product_tag","embeddable":true,"href":"https:\/\/dev.monti.lt\/en\/wp-json\/wp\/v2\/product_tag?post=7017"}],"curies":[{"name":"wp","href":"https:\/\/api.w.org\/{rel}","templated":true}]}}