{"id":7012,"date":"2022-03-15T20:06:34","date_gmt":"2022-03-15T20:06:34","guid":{"rendered":"https:\/\/dev.monti.lt\/?post_type=product&#038;p=7012"},"modified":"2024-10-03T07:52:32","modified_gmt":"2024-10-03T07:52:32","slug":"edukacinis-medinis-zaislas-2in1","status":"publish","type":"product","link":"https:\/\/dev.monti.lt\/en\/product\/edukacinis-medinis-zaislas-2in1\/","title":{"rendered":"Edukacinis medinis \u017eaislas 2in1"},"content":{"rendered":"<p>Daugiafunkcinis medinis \u017eaislas. 1) Form\u0173 derinimas. Rinkinyje yra spalvingos geometrin\u0117s fig\u016bros, skai\u010diai ir raid\u0117s, kuriuos reikia \u012fd\u0117ti \u012f atitinkamas vietas. 2) Pagalba mokytis skai\u010diuoti. Ant pagrindo yra 10 vertikali\u0173 pad\u0117kliuk\u0173 su spalvotais \u017eiedeliais, kuri\u0173 skai\u010dius atitinka skai\u010di\u0173 nurodyt\u0105 ant \u017eaidimo pagrindo<\/p>","protected":false},"excerpt":{"rendered":"<p>Daugiafunkcinis medinis \u017eaislas 2 in 1:<\/p>\n<p>1) Form\u0173 derinimas. Rinkinyje yra spalvingos geometrin\u0117s fig\u016bros, skai\u010diai ir raid\u0117s, kurias reikia \u012fd\u0117ti \u012f atitinkamas vietas.<\/p>\n<p>2) Pagalba mokytis skai\u010diuoti. Ant pagrindo yra 10 vertikali\u0173 pad\u0117kliuk\u0173 su spalvotais \u017eiedeliais, kuri\u0173 skai\u010dius atitinka skai\u010di\u0173 nurodyt\u0105 ant \u017eaidimo pagrindo.<\/p>\n<p>Puikus \u017eaidimas mokytis skai\u010diuoti bei lavinti smulkiosios motorikos \u012fg\u016bd\u017eius.<\/p>","protected":false},"featured_media":22275,"template":"","meta":{"iawp_total_views":678},"product_cat":[218,208,87,84,91,210,88,83,86,49,39],"product_tag":[96,97,98,99],"class_list":{"0":"post-7012","1":"product","2":"type-product","3":"status-publish","4":"has-post-thumbnail","6":"product_cat-darzeliu-grupems","7":"product_cat-deliones-2","8":"product_cat-kurybiniai-rinkiniai","9":"product_cat-lavinamieji-zaislai","10":"product_cat-loginiam-mastymui","11":"product_cat-medines-deliones","12":"product_cat-mokausi-zaisti","13":"product_cat-montessori-zaislai","14":"product_cat-smulkioji-motorika","15":"product_cat-visi-zaislai","16":"product_cat-zaislai","17":"product_tag-2-m-3-m","18":"product_tag-3-m-4-m","19":"product_tag-5-m-7-m","20":"product_tag-8-m-11-m","22":"first","23":"instock","24":"taxable","25":"shipping-taxable","26":"purchasable","27":"product-type-simple"},"yoast_head":"<!-- This site is optimized with the Yoast SEO plugin v23.3 - https:\/\/yoast.com\/wordpress\/plugins\/seo\/ -->\n<title>Edukacinis medinis \u017eaislas 2in1 - Montessori \u017eaislai<\/title>\n<meta name=\"robots\" content=\"noindex, follow, max-snippet:-1, max-image-preview:large, max-video-preview:-1\" \/>\n<meta property=\"og:locale\" content=\"en_US\" \/>\n<meta property=\"og:type\" content=\"article\" \/>\n<meta property=\"og:title\" content=\"Edukacinis medinis \u017eaislas 2in1 - Montessori \u017eaislai\" \/>\n<meta property=\"og:description\" content=\"Daugiafunkcinis medinis \u017eaislas 2 in 1:  1) Form\u0173 derinimas. Rinkinyje yra spalvingos geometrin\u0117s fig\u016bros, skai\u010diai ir raid\u0117s, kurias reikia \u012fd\u0117ti \u012f atitinkamas vietas.  2) Pagalba mokytis skai\u010diuoti. Ant pagrindo yra 10 vertikali\u0173 pad\u0117kliuk\u0173 su spalvotais \u017eiedeliais, kuri\u0173 skai\u010dius atitinka skai\u010di\u0173 nurodyt\u0105 ant \u017eaidimo pagrindo.  Puikus \u017eaidimas mokytis skai\u010diuoti bei lavinti smulkiosios motorikos \u012fg\u016bd\u017eius.\" \/>\n<meta property=\"og:url\" content=\"https:\/\/dev.monti.lt\/en\/product\/edukacinis-medinis-zaislas-2in1\/\" \/>\n<meta property=\"og:site_name\" content=\"Montessori \u017eaislai\" \/>\n<meta property=\"article:modified_time\" content=\"2024-10-03T07:52:32+00:00\" \/>\n<meta property=\"og:image\" content=\"https:\/\/dev.monti.lt\/wp-content\/uploads\/2022\/03\/Montessori-wooden-number-sorter-3in1-13x36cm-148845.jpg\" \/>\n\t<meta property=\"og:image:width\" content=\"1024\" \/>\n\t<meta property=\"og:image:height\" content=\"1024\" \/>\n\t<meta property=\"og:image:type\" content=\"image\/jpeg\" \/>\n<meta name=\"twitter:card\" content=\"summary_large_image\" \/>\n<meta name=\"twitter:label1\" content=\"Est. reading time\" \/>\n\t<meta name=\"twitter:data1\" content=\"1 minute\" \/>\n<script type=\"application\/ld+json\" class=\"yoast-schema-graph\">{\"@context\":\"https:\/\/schema.org\",\"@graph\":[{\"@type\":\"WebPage\",\"@id\":\"https:\/\/dev.monti.lt\/product\/edukacinis-medinis-zaislas-2in1\/\",\"url\":\"https:\/\/dev.monti.lt\/product\/edukacinis-medinis-zaislas-2in1\/\",\"name\":\"Edukacinis medinis \u017eaislas 2in1 - Montessori \u017eaislai\",\"isPartOf\":{\"@id\":\"https:\/\/dev.monti.lt\/#website\"},\"primaryImageOfPage\":{\"@id\":\"https:\/\/dev.monti.lt\/product\/edukacinis-medinis-zaislas-2in1\/#primaryimage\"},\"image\":{\"@id\":\"https:\/\/dev.monti.lt\/product\/edukacinis-medinis-zaislas-2in1\/#primaryimage\"},\"thumbnailUrl\":\"https:\/\/dev.monti.lt\/wp-content\/uploads\/2022\/03\/Montessori-wooden-number-sorter-3in1-13x36cm-148845.jpg\",\"datePublished\":\"2022-03-15T20:06:34+00:00\",\"dateModified\":\"2024-10-03T07:52:32+00:00\",\"breadcrumb\":{\"@id\":\"https:\/\/dev.monti.lt\/product\/edukacinis-medinis-zaislas-2in1\/#breadcrumb\"},\"inLanguage\":\"en-US\",\"potentialAction\":[{\"@type\":\"ReadAction\",\"target\":[\"https:\/\/dev.monti.lt\/product\/edukacinis-medinis-zaislas-2in1\/\"]}]},{\"@type\":\"ImageObject\",\"inLanguage\":\"en-US\",\"@id\":\"https:\/\/dev.monti.lt\/product\/edukacinis-medinis-zaislas-2in1\/#primaryimage\",\"url\":\"https:\/\/dev.monti.lt\/wp-content\/uploads\/2022\/03\/Montessori-wooden-number-sorter-3in1-13x36cm-148845.jpg\",\"contentUrl\":\"https:\/\/dev.monti.lt\/wp-content\/uploads\/2022\/03\/Montessori-wooden-number-sorter-3in1-13x36cm-148845.jpg\",\"width\":1024,\"height\":1024},{\"@type\":\"BreadcrumbList\",\"@id\":\"https:\/\/dev.monti.lt\/product\/edukacinis-medinis-zaislas-2in1\/#breadcrumb\",\"itemListElement\":[{\"@type\":\"ListItem\",\"position\":1,\"name\":\"Home\",\"item\":\"https:\/\/dev.monti.lt\/\"},{\"@type\":\"ListItem\",\"position\":2,\"name\":\"Parduotuv\u0117\",\"item\":\"https:\/\/dev.monti.lt\/shop\/\"},{\"@type\":\"ListItem\",\"position\":3,\"name\":\"Edukacinis medinis \u017eaislas 2in1\"}]},{\"@type\":\"WebSite\",\"@id\":\"https:\/\/dev.monti.lt\/#website\",\"url\":\"https:\/\/dev.monti.lt\/\",\"name\":\"Montessori \u017eaislai\",\"description\":\"\",\"publisher\":{\"@id\":\"https:\/\/dev.monti.lt\/#organization\"},\"potentialAction\":[{\"@type\":\"SearchAction\",\"target\":{\"@type\":\"EntryPoint\",\"urlTemplate\":\"https:\/\/dev.monti.lt\/?s={search_term_string}\"},\"query-input\":\"required name=search_term_string\"}],\"inLanguage\":\"en-US\"},{\"@type\":\"Organization\",\"@id\":\"https:\/\/dev.monti.lt\/#organization\",\"name\":\"Montessori \u017eaislai\",\"url\":\"https:\/\/dev.monti.lt\/\",\"logo\":{\"@type\":\"ImageObject\",\"inLanguage\":\"en-US\",\"@id\":\"https:\/\/dev.monti.lt\/#\/schema\/logo\/image\/\",\"url\":\"https:\/\/dev.monti.lt\/wp-content\/uploads\/2022\/03\/montilogo-1.png\",\"contentUrl\":\"https:\/\/dev.monti.lt\/wp-content\/uploads\/2022\/03\/montilogo-1.png\",\"width\":512,\"height\":512,\"caption\":\"Montessori \u017eaislai\"},\"image\":{\"@id\":\"https:\/\/dev.monti.lt\/#\/schema\/logo\/image\/\"}}]}<\/script>\n<!-- \/ Yoast SEO plugin. -->","yoast_head_json":{"title":"Edukacinis medinis \u017eaislas 2in1 - Montessori \u017eaislai","robots":{"index":"noindex","follow":"follow","max-snippet":"max-snippet:-1","max-image-preview":"max-image-preview:large","max-video-preview":"max-video-preview:-1"},"og_locale":"en_US","og_type":"article","og_title":"Edukacinis medinis \u017eaislas 2in1 - Montessori \u017eaislai","og_description":"Daugiafunkcinis medinis \u017eaislas 2 in 1:  1) Form\u0173 derinimas. Rinkinyje yra spalvingos geometrin\u0117s fig\u016bros, skai\u010diai ir raid\u0117s, kurias reikia \u012fd\u0117ti \u012f atitinkamas vietas.  2) Pagalba mokytis skai\u010diuoti. Ant pagrindo yra 10 vertikali\u0173 pad\u0117kliuk\u0173 su spalvotais \u017eiedeliais, kuri\u0173 skai\u010dius atitinka skai\u010di\u0173 nurodyt\u0105 ant \u017eaidimo pagrindo.  Puikus \u017eaidimas mokytis skai\u010diuoti bei lavinti smulkiosios motorikos \u012fg\u016bd\u017eius.","og_url":"https:\/\/dev.monti.lt\/en\/product\/edukacinis-medinis-zaislas-2in1\/","og_site_name":"Montessori \u017eaislai","article_modified_time":"2024-10-03T07:52:32+00:00","og_image":[{"width":1024,"height":1024,"url":"https:\/\/dev.monti.lt\/wp-content\/uploads\/2022\/03\/Montessori-wooden-number-sorter-3in1-13x36cm-148845.jpg","type":"image\/jpeg"}],"twitter_card":"summary_large_image","twitter_misc":{"Est. reading time":"1 minute"},"schema":{"@context":"https:\/\/schema.org","@graph":[{"@type":"WebPage","@id":"https:\/\/dev.monti.lt\/product\/edukacinis-medinis-zaislas-2in1\/","url":"https:\/\/dev.monti.lt\/product\/edukacinis-medinis-zaislas-2in1\/","name":"Edukacinis medinis \u017eaislas 2in1 - Montessori \u017eaislai","isPartOf":{"@id":"https:\/\/dev.monti.lt\/#website"},"primaryImageOfPage":{"@id":"https:\/\/dev.monti.lt\/product\/edukacinis-medinis-zaislas-2in1\/#primaryimage"},"image":{"@id":"https:\/\/dev.monti.lt\/product\/edukacinis-medinis-zaislas-2in1\/#primaryimage"},"thumbnailUrl":"https:\/\/dev.monti.lt\/wp-content\/uploads\/2022\/03\/Montessori-wooden-number-sorter-3in1-13x36cm-148845.jpg","datePublished":"2022-03-15T20:06:34+00:00","dateModified":"2024-10-03T07:52:32+00:00","breadcrumb":{"@id":"https:\/\/dev.monti.lt\/product\/edukacinis-medinis-zaislas-2in1\/#breadcrumb"},"inLanguage":"en-US","potentialAction":[{"@type":"ReadAction","target":["https:\/\/dev.monti.lt\/product\/edukacinis-medinis-zaislas-2in1\/"]}]},{"@type":"ImageObject","inLanguage":"en-US","@id":"https:\/\/dev.monti.lt\/product\/edukacinis-medinis-zaislas-2in1\/#primaryimage","url":"https:\/\/dev.monti.lt\/wp-content\/uploads\/2022\/03\/Montessori-wooden-number-sorter-3in1-13x36cm-148845.jpg","contentUrl":"https:\/\/dev.monti.lt\/wp-content\/uploads\/2022\/03\/Montessori-wooden-number-sorter-3in1-13x36cm-148845.jpg","width":1024,"height":1024},{"@type":"BreadcrumbList","@id":"https:\/\/dev.monti.lt\/product\/edukacinis-medinis-zaislas-2in1\/#breadcrumb","itemListElement":[{"@type":"ListItem","position":1,"name":"Home","item":"https:\/\/dev.monti.lt\/"},{"@type":"ListItem","position":2,"name":"Parduotuv\u0117","item":"https:\/\/dev.monti.lt\/shop\/"},{"@type":"ListItem","position":3,"name":"Edukacinis medinis \u017eaislas 2in1"}]},{"@type":"WebSite","@id":"https:\/\/dev.monti.lt\/#website","url":"https:\/\/dev.monti.lt\/","name":"Montessori \u017eaislai","description":"","publisher":{"@id":"https:\/\/dev.monti.lt\/#organization"},"potentialAction":[{"@type":"SearchAction","target":{"@type":"EntryPoint","urlTemplate":"https:\/\/dev.monti.lt\/?s={search_term_string}"},"query-input":"required name=search_term_string"}],"inLanguage":"en-US"},{"@type":"Organization","@id":"https:\/\/dev.monti.lt\/#organization","name":"Montessori \u017eaislai","url":"https:\/\/dev.monti.lt\/","logo":{"@type":"ImageObject","inLanguage":"en-US","@id":"https:\/\/dev.monti.lt\/#\/schema\/logo\/image\/","url":"https:\/\/dev.monti.lt\/wp-content\/uploads\/2022\/03\/montilogo-1.png","contentUrl":"https:\/\/dev.monti.lt\/wp-content\/uploads\/2022\/03\/montilogo-1.png","width":512,"height":512,"caption":"Montessori \u017eaislai"},"image":{"@id":"https:\/\/dev.monti.lt\/#\/schema\/logo\/image\/"}}]}},"_links":{"self":[{"href":"https:\/\/dev.monti.lt\/en\/wp-json\/wp\/v2\/product\/7012"}],"collection":[{"href":"https:\/\/dev.monti.lt\/en\/wp-json\/wp\/v2\/product"}],"about":[{"href":"https:\/\/dev.monti.lt\/en\/wp-json\/wp\/v2\/types\/product"}],"version-history":[{"count":3,"href":"https:\/\/dev.monti.lt\/en\/wp-json\/wp\/v2\/product\/7012\/revisions"}],"predecessor-version":[{"id":8459,"href":"https:\/\/dev.monti.lt\/en\/wp-json\/wp\/v2\/product\/7012\/revisions\/8459"}],"wp:featuredmedia":[{"embeddable":true,"href":"https:\/\/dev.monti.lt\/en\/wp-json\/wp\/v2\/media\/22275"}],"wp:attachment":[{"href":"https:\/\/dev.monti.lt\/en\/wp-json\/wp\/v2\/media?parent=7012"}],"wp:term":[{"taxonomy":"product_cat","embeddable":true,"href":"https:\/\/dev.monti.lt\/en\/wp-json\/wp\/v2\/product_cat?post=7012"},{"taxonomy":"product_tag","embeddable":true,"href":"https:\/\/dev.monti.lt\/en\/wp-json\/wp\/v2\/product_tag?post=7012"}],"curies":[{"name":"wp","href":"https:\/\/api.w.org\/{rel}","templated":true}]}}