{"id":6998,"date":"2022-03-15T19:56:17","date_gmt":"2022-03-15T19:56:17","guid":{"rendered":"https:\/\/dev.monti.lt\/?post_type=product&#038;p=6998"},"modified":"2024-10-10T06:20:05","modified_gmt":"2024-10-10T06:20:05","slug":"edukacine-mediniu-kaladeliu-delione-mano-miestas","status":"publish","type":"product","link":"https:\/\/dev.monti.lt\/en\/product\/edukacine-mediniu-kaladeliu-delione-mano-miestas\/","title":{"rendered":"Edukacin\u0117 medini\u0173 kalad\u0117li\u0173 d\u0117lion\u0117 &#8220;Mano miestas&#8221;"},"content":{"rendered":"<p>Rinkin\u012f sudaro:<br \/>\nPastatai \u2013 ligonin\u0117, gamykla, vie\u0161butis, degalin\u0117, gaisrin\u0117.<br \/>\nGyv\u016bnai \u2013 dramblys, \u017eirafa, zebras, li\u016btas, krokodilas<br \/>\nTransporto priemon\u0117s &#8211; policija, ugniagesiai, greitoji pagalba, taksi, autobusas, automobilis, dviratis, valtis<br \/>\nAugalai \u2013 palm\u0117s ir kiti med\u017eiai<br \/>\nRaid\u0117s ir skai\u010diai \u2013 dedami ant ma\u017eesni\u0173 kalad\u0117li\u0173<br \/>\nVeik\u0117jai \u2013 policininkas, gydytojas, berniukas, merginaite ir kt.<br \/>\n\u0160ios kalad\u0117l\u0117s kruop\u0161\u010diai nu\u0161lifuotos ir padengtos netoksi\u0161kais da\u017eais.<\/p>","protected":false},"excerpt":{"rendered":"<p>Edukacin\u0117 medini\u0173 kalad\u0117li\u0173 d\u0117lion\u0117 &#8220;Mano miestas&#8221;????<br \/>\nMedinis, pasaki\u0161k\u0173 spalv\u0173 kalad\u0117li\u0173 rinkinys suteiks neribotas galimybes ma\u017eajam architektui projektuoti savo miest\u0105!<\/p>\n<p>Puikiai tinka kaip dovana!<\/p>","protected":false},"featured_media":7000,"template":"","meta":{"iawp_total_views":272},"product_cat":[213,194,195,197,196,191,192,87,84,102,90,199,49,39],"product_tag":[96,97,98,99],"class_list":{"0":"post-6998","1":"product","2":"type-product","3":"status-publish","4":"has-post-thumbnail","6":"product_cat-akcija","7":"product_cat-dovanos-vaikams-2-3-metu","8":"product_cat-dovanos-vaikams-3-4-metu","9":"product_cat-dovanos-berniukams","10":"product_cat-dovanos-mergaitems","11":"product_cat-dovanos-vaikams","12":"product_cat-kaledines-dovanos-vaikams","13":"product_cat-kurybiniai-rinkiniai","14":"product_cat-lavinamieji-zaislai","15":"product_cat-mediniai-zaislai","16":"product_cat-pasaulio-pazinimas","17":"product_cat-ugdymo-istaigoms","18":"product_cat-visi-zaislai","19":"product_cat-zaislai","20":"product_tag-2-m-3-m","21":"product_tag-3-m-4-m","22":"product_tag-5-m-7-m","23":"product_tag-8-m-11-m","25":"first","26":"instock","27":"taxable","28":"shipping-taxable","29":"purchasable","30":"product-type-simple"},"yoast_head":"<!-- This site is optimized with the Yoast SEO plugin v23.3 - https:\/\/yoast.com\/wordpress\/plugins\/seo\/ -->\n<title>Edukacin\u0117 medini\u0173 kalad\u0117li\u0173 d\u0117lion\u0117 &quot;Mano miestas&quot; - Montessori \u017eaislai<\/title>\n<meta name=\"robots\" content=\"noindex, follow, max-snippet:-1, max-image-preview:large, max-video-preview:-1\" \/>\n<meta property=\"og:locale\" content=\"en_US\" \/>\n<meta property=\"og:type\" content=\"article\" \/>\n<meta property=\"og:title\" content=\"Edukacin\u0117 medini\u0173 kalad\u0117li\u0173 d\u0117lion\u0117 &quot;Mano miestas&quot; - Montessori \u017eaislai\" \/>\n<meta property=\"og:description\" content=\"Edukacin\u0117 medini\u0173 kalad\u0117li\u0173 d\u0117lion\u0117 &quot;Mano miestas&quot;???? Medinis, pasaki\u0161k\u0173 spalv\u0173 kalad\u0117li\u0173 rinkinys suteiks neribotas galimybes ma\u017eajam architektui projektuoti savo miest\u0105!  Puikiai tinka kaip dovana!\" \/>\n<meta property=\"og:url\" content=\"https:\/\/dev.monti.lt\/en\/product\/edukacine-mediniu-kaladeliu-delione-mano-miestas\/\" \/>\n<meta property=\"og:site_name\" content=\"Montessori \u017eaislai\" \/>\n<meta property=\"article:modified_time\" content=\"2024-10-10T06:20:05+00:00\" \/>\n<meta property=\"og:image\" content=\"https:\/\/dev.monti.lt\/wp-content\/uploads\/2022\/03\/KX619869072.jpg\" \/>\n\t<meta property=\"og:image:width\" content=\"1600\" \/>\n\t<meta property=\"og:image:height\" content=\"1600\" \/>\n\t<meta property=\"og:image:type\" content=\"image\/jpeg\" \/>\n<meta name=\"twitter:card\" content=\"summary_large_image\" \/>\n<script type=\"application\/ld+json\" class=\"yoast-schema-graph\">{\"@context\":\"https:\/\/schema.org\",\"@graph\":[{\"@type\":\"WebPage\",\"@id\":\"https:\/\/dev.monti.lt\/product\/edukacine-mediniu-kaladeliu-delione-mano-miestas\/\",\"url\":\"https:\/\/dev.monti.lt\/product\/edukacine-mediniu-kaladeliu-delione-mano-miestas\/\",\"name\":\"Edukacin\u0117 medini\u0173 kalad\u0117li\u0173 d\u0117lion\u0117 \\\"Mano miestas\\\" - Montessori \u017eaislai\",\"isPartOf\":{\"@id\":\"https:\/\/dev.monti.lt\/#website\"},\"primaryImageOfPage\":{\"@id\":\"https:\/\/dev.monti.lt\/product\/edukacine-mediniu-kaladeliu-delione-mano-miestas\/#primaryimage\"},\"image\":{\"@id\":\"https:\/\/dev.monti.lt\/product\/edukacine-mediniu-kaladeliu-delione-mano-miestas\/#primaryimage\"},\"thumbnailUrl\":\"https:\/\/dev.monti.lt\/wp-content\/uploads\/2022\/03\/KX619869072.jpg\",\"datePublished\":\"2022-03-15T19:56:17+00:00\",\"dateModified\":\"2024-10-10T06:20:05+00:00\",\"breadcrumb\":{\"@id\":\"https:\/\/dev.monti.lt\/product\/edukacine-mediniu-kaladeliu-delione-mano-miestas\/#breadcrumb\"},\"inLanguage\":\"en-US\",\"potentialAction\":[{\"@type\":\"ReadAction\",\"target\":[\"https:\/\/dev.monti.lt\/product\/edukacine-mediniu-kaladeliu-delione-mano-miestas\/\"]}]},{\"@type\":\"ImageObject\",\"inLanguage\":\"en-US\",\"@id\":\"https:\/\/dev.monti.lt\/product\/edukacine-mediniu-kaladeliu-delione-mano-miestas\/#primaryimage\",\"url\":\"https:\/\/dev.monti.lt\/wp-content\/uploads\/2022\/03\/KX619869072.jpg\",\"contentUrl\":\"https:\/\/dev.monti.lt\/wp-content\/uploads\/2022\/03\/KX619869072.jpg\",\"width\":1600,\"height\":1600,\"caption\":\"medines kaladeles, kaladeliu miestas\"},{\"@type\":\"BreadcrumbList\",\"@id\":\"https:\/\/dev.monti.lt\/product\/edukacine-mediniu-kaladeliu-delione-mano-miestas\/#breadcrumb\",\"itemListElement\":[{\"@type\":\"ListItem\",\"position\":1,\"name\":\"Home\",\"item\":\"https:\/\/dev.monti.lt\/\"},{\"@type\":\"ListItem\",\"position\":2,\"name\":\"Parduotuv\u0117\",\"item\":\"https:\/\/dev.monti.lt\/shop\/\"},{\"@type\":\"ListItem\",\"position\":3,\"name\":\"Edukacin\u0117 medini\u0173 kalad\u0117li\u0173 d\u0117lion\u0117 &#8220;Mano miestas&#8221;\"}]},{\"@type\":\"WebSite\",\"@id\":\"https:\/\/dev.monti.lt\/#website\",\"url\":\"https:\/\/dev.monti.lt\/\",\"name\":\"Montessori \u017eaislai\",\"description\":\"\",\"publisher\":{\"@id\":\"https:\/\/dev.monti.lt\/#organization\"},\"potentialAction\":[{\"@type\":\"SearchAction\",\"target\":{\"@type\":\"EntryPoint\",\"urlTemplate\":\"https:\/\/dev.monti.lt\/?s={search_term_string}\"},\"query-input\":\"required name=search_term_string\"}],\"inLanguage\":\"en-US\"},{\"@type\":\"Organization\",\"@id\":\"https:\/\/dev.monti.lt\/#organization\",\"name\":\"Montessori \u017eaislai\",\"url\":\"https:\/\/dev.monti.lt\/\",\"logo\":{\"@type\":\"ImageObject\",\"inLanguage\":\"en-US\",\"@id\":\"https:\/\/dev.monti.lt\/#\/schema\/logo\/image\/\",\"url\":\"https:\/\/dev.monti.lt\/wp-content\/uploads\/2022\/03\/montilogo-1.png\",\"contentUrl\":\"https:\/\/dev.monti.lt\/wp-content\/uploads\/2022\/03\/montilogo-1.png\",\"width\":512,\"height\":512,\"caption\":\"Montessori \u017eaislai\"},\"image\":{\"@id\":\"https:\/\/dev.monti.lt\/#\/schema\/logo\/image\/\"}}]}<\/script>\n<!-- \/ Yoast SEO plugin. -->","yoast_head_json":{"title":"Edukacin\u0117 medini\u0173 kalad\u0117li\u0173 d\u0117lion\u0117 \"Mano miestas\" - Montessori \u017eaislai","robots":{"index":"noindex","follow":"follow","max-snippet":"max-snippet:-1","max-image-preview":"max-image-preview:large","max-video-preview":"max-video-preview:-1"},"og_locale":"en_US","og_type":"article","og_title":"Edukacin\u0117 medini\u0173 kalad\u0117li\u0173 d\u0117lion\u0117 \"Mano miestas\" - Montessori \u017eaislai","og_description":"Edukacin\u0117 medini\u0173 kalad\u0117li\u0173 d\u0117lion\u0117 \"Mano miestas\"???? Medinis, pasaki\u0161k\u0173 spalv\u0173 kalad\u0117li\u0173 rinkinys suteiks neribotas galimybes ma\u017eajam architektui projektuoti savo miest\u0105!  Puikiai tinka kaip dovana!","og_url":"https:\/\/dev.monti.lt\/en\/product\/edukacine-mediniu-kaladeliu-delione-mano-miestas\/","og_site_name":"Montessori \u017eaislai","article_modified_time":"2024-10-10T06:20:05+00:00","og_image":[{"width":1600,"height":1600,"url":"https:\/\/dev.monti.lt\/wp-content\/uploads\/2022\/03\/KX619869072.jpg","type":"image\/jpeg"}],"twitter_card":"summary_large_image","schema":{"@context":"https:\/\/schema.org","@graph":[{"@type":"WebPage","@id":"https:\/\/dev.monti.lt\/product\/edukacine-mediniu-kaladeliu-delione-mano-miestas\/","url":"https:\/\/dev.monti.lt\/product\/edukacine-mediniu-kaladeliu-delione-mano-miestas\/","name":"Edukacin\u0117 medini\u0173 kalad\u0117li\u0173 d\u0117lion\u0117 \"Mano miestas\" - Montessori \u017eaislai","isPartOf":{"@id":"https:\/\/dev.monti.lt\/#website"},"primaryImageOfPage":{"@id":"https:\/\/dev.monti.lt\/product\/edukacine-mediniu-kaladeliu-delione-mano-miestas\/#primaryimage"},"image":{"@id":"https:\/\/dev.monti.lt\/product\/edukacine-mediniu-kaladeliu-delione-mano-miestas\/#primaryimage"},"thumbnailUrl":"https:\/\/dev.monti.lt\/wp-content\/uploads\/2022\/03\/KX619869072.jpg","datePublished":"2022-03-15T19:56:17+00:00","dateModified":"2024-10-10T06:20:05+00:00","breadcrumb":{"@id":"https:\/\/dev.monti.lt\/product\/edukacine-mediniu-kaladeliu-delione-mano-miestas\/#breadcrumb"},"inLanguage":"en-US","potentialAction":[{"@type":"ReadAction","target":["https:\/\/dev.monti.lt\/product\/edukacine-mediniu-kaladeliu-delione-mano-miestas\/"]}]},{"@type":"ImageObject","inLanguage":"en-US","@id":"https:\/\/dev.monti.lt\/product\/edukacine-mediniu-kaladeliu-delione-mano-miestas\/#primaryimage","url":"https:\/\/dev.monti.lt\/wp-content\/uploads\/2022\/03\/KX619869072.jpg","contentUrl":"https:\/\/dev.monti.lt\/wp-content\/uploads\/2022\/03\/KX619869072.jpg","width":1600,"height":1600,"caption":"medines kaladeles, kaladeliu miestas"},{"@type":"BreadcrumbList","@id":"https:\/\/dev.monti.lt\/product\/edukacine-mediniu-kaladeliu-delione-mano-miestas\/#breadcrumb","itemListElement":[{"@type":"ListItem","position":1,"name":"Home","item":"https:\/\/dev.monti.lt\/"},{"@type":"ListItem","position":2,"name":"Parduotuv\u0117","item":"https:\/\/dev.monti.lt\/shop\/"},{"@type":"ListItem","position":3,"name":"Edukacin\u0117 medini\u0173 kalad\u0117li\u0173 d\u0117lion\u0117 &#8220;Mano miestas&#8221;"}]},{"@type":"WebSite","@id":"https:\/\/dev.monti.lt\/#website","url":"https:\/\/dev.monti.lt\/","name":"Montessori \u017eaislai","description":"","publisher":{"@id":"https:\/\/dev.monti.lt\/#organization"},"potentialAction":[{"@type":"SearchAction","target":{"@type":"EntryPoint","urlTemplate":"https:\/\/dev.monti.lt\/?s={search_term_string}"},"query-input":"required name=search_term_string"}],"inLanguage":"en-US"},{"@type":"Organization","@id":"https:\/\/dev.monti.lt\/#organization","name":"Montessori \u017eaislai","url":"https:\/\/dev.monti.lt\/","logo":{"@type":"ImageObject","inLanguage":"en-US","@id":"https:\/\/dev.monti.lt\/#\/schema\/logo\/image\/","url":"https:\/\/dev.monti.lt\/wp-content\/uploads\/2022\/03\/montilogo-1.png","contentUrl":"https:\/\/dev.monti.lt\/wp-content\/uploads\/2022\/03\/montilogo-1.png","width":512,"height":512,"caption":"Montessori \u017eaislai"},"image":{"@id":"https:\/\/dev.monti.lt\/#\/schema\/logo\/image\/"}}]}},"_links":{"self":[{"href":"https:\/\/dev.monti.lt\/en\/wp-json\/wp\/v2\/product\/6998"}],"collection":[{"href":"https:\/\/dev.monti.lt\/en\/wp-json\/wp\/v2\/product"}],"about":[{"href":"https:\/\/dev.monti.lt\/en\/wp-json\/wp\/v2\/types\/product"}],"version-history":[{"count":1,"href":"https:\/\/dev.monti.lt\/en\/wp-json\/wp\/v2\/product\/6998\/revisions"}],"predecessor-version":[{"id":7002,"href":"https:\/\/dev.monti.lt\/en\/wp-json\/wp\/v2\/product\/6998\/revisions\/7002"}],"wp:featuredmedia":[{"embeddable":true,"href":"https:\/\/dev.monti.lt\/en\/wp-json\/wp\/v2\/media\/7000"}],"wp:attachment":[{"href":"https:\/\/dev.monti.lt\/en\/wp-json\/wp\/v2\/media?parent=6998"}],"wp:term":[{"taxonomy":"product_cat","embeddable":true,"href":"https:\/\/dev.monti.lt\/en\/wp-json\/wp\/v2\/product_cat?post=6998"},{"taxonomy":"product_tag","embeddable":true,"href":"https:\/\/dev.monti.lt\/en\/wp-json\/wp\/v2\/product_tag?post=6998"}],"curies":[{"name":"wp","href":"https:\/\/api.w.org\/{rel}","templated":true}]}}