{"id":6979,"date":"2022-03-15T19:41:52","date_gmt":"2022-03-15T19:41:52","guid":{"rendered":"https:\/\/dev.monti.lt\/?post_type=product&#038;p=6979"},"modified":"2024-10-03T17:07:50","modified_gmt":"2024-10-03T17:07:50","slug":"delione-vaisiai-metalineje-dezuteje","status":"publish","type":"product","link":"https:\/\/dev.monti.lt\/en\/product\/delione-vaisiai-metalineje-dezuteje\/","title":{"rendered":"D\u0117lion\u0117 vaisiai metalin\u0117je d\u0117\u017eut\u0117je"},"content":{"rendered":"<p><b><span>MOKOMOJI PUZL\u0116<\/span><\/b><\/p>\n<p><img decoding=\"async\" src=\"https:\/\/www.ikonka.com.pl\/img\/product_media\/42001-43000\/KX601971594.jpg\" \/><strong>\u00a0<\/strong><\/p>\n<p><span>Pasaki\u0161kai spalvinga d\u0117lion\u0117 tikrai pavogs kiekvieno vaiko \u0161ird\u012f.<\/span><\/p>\n<p><b><span>K\u016brybinis galvos\u016bkis<\/span><\/b><span> , kuris suteiks daug malonumo ir trauks j\u016bs\u0173 ma\u017eyl\u012f valand\u0173 valandas.<\/span><\/p>\n<p><span>Spalvingi paveiksl\u0117liai <\/span><b><span>paskatins j\u016bs\u0173 k\u016bdik\u012f atrasti form\u0173 ir daikt\u0173 pasaul\u012f.<\/span><\/b><\/p>\n<p><span>Ar norite pa\u012fvairinti savo vaiko pramogas?<\/span><\/p>\n<p><img decoding=\"async\" src=\"https:\/\/www.ikonka.com.pl\/img\/product_media\/42001-43000\/KX601971595.jpg\" \/><\/p>\n<p><b><span>Sukurkite atminties \u017eaidim\u0105 i\u0161 galvos\u016bkio<\/span><\/b><span> . Sumai\u0161ykite galvos\u016bkius ir apverskite juos ant grind\u0173. <\/span>\u00a0 <span>Kai vaikas bus suporuotas, jis gal\u0117s susid\u0117ti paveiksl\u0117l\u012f.<\/span><\/p>\n<p><span>\u017daisdamas ma\u017eylis lavins atmint\u012f, login\u012f m\u0105stym\u0105 ir rankinius \u012fg\u016bd\u017eius.<\/span><\/p>\n<p><span>Be to, galvos\u016bkiai bus puikus b\u016bdas i\u0161mokti kantryb\u0117s.<\/span><\/p>\n<p><span>Jie neu\u017eima daug vietos, o <\/span><b><span>metalin\u0117je d\u0117\u017eut\u0117je<\/span><\/b><span> bus patogu juos laikyti ir pasiimti su savimi \u012f kelion\u0119.<\/span><\/p>\n<p><span>Ant galvos\u016bki\u0173 yra kin\u0173 ir angl\u0173 kalbos subtitrai, kurie palengvins u\u017esienio kalb\u0173 mokym\u0105si.<\/span><\/p>\n<p><img decoding=\"async\" src=\"https:\/\/www.ikonka.com.pl\/img\/product_media\/42001-43000\/KX601971596.jpg\" \/><\/p>\n<p><b><span>Matmenys:<\/span><\/b><\/p>\n<ul>\n<li><strong><span>D\u0117lion\u0117s i\u0161matavimai:<\/span><\/strong><span> 6cm x 6cm<\/span><\/li>\n<li><strong><span>Pakuot\u0117: <\/span><\/strong><span>16cm x 10cm x 7cm<\/span><strong>\u00a0<\/strong><\/li>\n<\/ul>\n<p><img decoding=\"async\" src=\"https:\/\/www.ikonka.com.pl\/img\/product_media\/42001-43000\/KX601971598.jpg\" \/><\/p>","protected":false},"excerpt":{"rendered":"<p>MOKOMOJI PUZL\u0116 \u00a0 Pasaki\u0161kai spalvinga d\u0117lion\u0117 tikrai pavogs kiekvieno vaiko \u0161ird\u012f. K\u016brybinis galvos\u016bkis , kuris suteiks daug malonumo ir trauks j\u016bs\u0173 ma\u017eyl\u012f valand\u0173 valandas. Spalvingi paveiksl\u0117liai paskatins j\u016bs\u0173 k\u016bdik\u012f atrasti form\u0173 ir daikt\u0173 pasaul\u012f. Ar norite pa\u012fvairinti savo vaiko pramogas? Sukurkite atminties \u017eaidim\u0105 i\u0161 galvos\u016bkio . Sumai\u0161ykite galvos\u016bkius ir apverskite juos ant grind\u0173. \u00a0 Kai [&hellip;]<\/p>","protected":false},"featured_media":6980,"template":"","meta":{"iawp_total_views":113},"product_cat":[218,92,208,84,49,39],"product_tag":[95,96,97],"class_list":{"0":"post-6979","1":"product","2":"type-product","3":"status-publish","4":"has-post-thumbnail","6":"product_cat-darzeliu-grupems","7":"product_cat-deliones","8":"product_cat-deliones-2","9":"product_cat-lavinamieji-zaislai","10":"product_cat-visi-zaislai","11":"product_cat-zaislai","12":"product_tag-1-m-2-m","13":"product_tag-2-m-3-m","14":"product_tag-3-m-4-m","16":"first","17":"instock","18":"taxable","19":"shipping-taxable","20":"purchasable","21":"product-type-simple"},"yoast_head":"<!-- This site is optimized with the Yoast SEO plugin v23.3 - https:\/\/yoast.com\/wordpress\/plugins\/seo\/ -->\n<title>D\u0117lion\u0117 vaisiai metalin\u0117je d\u0117\u017eut\u0117je - Montessori \u017eaislai<\/title>\n<meta name=\"robots\" content=\"noindex, follow, max-snippet:-1, max-image-preview:large, max-video-preview:-1\" \/>\n<meta property=\"og:locale\" content=\"en_US\" \/>\n<meta property=\"og:type\" content=\"article\" \/>\n<meta property=\"og:title\" content=\"D\u0117lion\u0117 vaisiai metalin\u0117je d\u0117\u017eut\u0117je - Montessori \u017eaislai\" \/>\n<meta property=\"og:description\" content=\"MOKOMOJI PUZL\u0116 \u00a0 Pasaki\u0161kai spalvinga d\u0117lion\u0117 tikrai pavogs kiekvieno vaiko \u0161ird\u012f. K\u016brybinis galvos\u016bkis , kuris suteiks daug malonumo ir trauks j\u016bs\u0173 ma\u017eyl\u012f valand\u0173 valandas. Spalvingi paveiksl\u0117liai paskatins j\u016bs\u0173 k\u016bdik\u012f atrasti form\u0173 ir daikt\u0173 pasaul\u012f. Ar norite pa\u012fvairinti savo vaiko pramogas? Sukurkite atminties \u017eaidim\u0105 i\u0161 galvos\u016bkio . Sumai\u0161ykite galvos\u016bkius ir apverskite juos ant grind\u0173. \u00a0 Kai [&hellip;]\" \/>\n<meta property=\"og:url\" content=\"https:\/\/dev.monti.lt\/en\/product\/delione-vaisiai-metalineje-dezuteje\/\" \/>\n<meta property=\"og:site_name\" content=\"Montessori \u017eaislai\" \/>\n<meta property=\"article:modified_time\" content=\"2024-10-03T17:07:50+00:00\" \/>\n<meta property=\"og:image\" content=\"https:\/\/dev.monti.lt\/wp-content\/uploads\/2022\/03\/KX601971595.jpg\" \/>\n\t<meta property=\"og:image:width\" content=\"1600\" \/>\n\t<meta property=\"og:image:height\" content=\"1200\" \/>\n\t<meta property=\"og:image:type\" content=\"image\/jpeg\" \/>\n<meta name=\"twitter:card\" content=\"summary_large_image\" \/>\n<meta name=\"twitter:label1\" content=\"Est. reading time\" \/>\n\t<meta name=\"twitter:data1\" content=\"2 minutes\" \/>\n<script type=\"application\/ld+json\" class=\"yoast-schema-graph\">{\"@context\":\"https:\/\/schema.org\",\"@graph\":[{\"@type\":\"WebPage\",\"@id\":\"https:\/\/dev.monti.lt\/product\/delione-vaisiai-metalineje-dezuteje\/\",\"url\":\"https:\/\/dev.monti.lt\/product\/delione-vaisiai-metalineje-dezuteje\/\",\"name\":\"D\u0117lion\u0117 vaisiai metalin\u0117je d\u0117\u017eut\u0117je - Montessori \u017eaislai\",\"isPartOf\":{\"@id\":\"https:\/\/dev.monti.lt\/#website\"},\"primaryImageOfPage\":{\"@id\":\"https:\/\/dev.monti.lt\/product\/delione-vaisiai-metalineje-dezuteje\/#primaryimage\"},\"image\":{\"@id\":\"https:\/\/dev.monti.lt\/product\/delione-vaisiai-metalineje-dezuteje\/#primaryimage\"},\"thumbnailUrl\":\"https:\/\/dev.monti.lt\/wp-content\/uploads\/2022\/03\/KX601971595.jpg\",\"datePublished\":\"2022-03-15T19:41:52+00:00\",\"dateModified\":\"2024-10-03T17:07:50+00:00\",\"breadcrumb\":{\"@id\":\"https:\/\/dev.monti.lt\/product\/delione-vaisiai-metalineje-dezuteje\/#breadcrumb\"},\"inLanguage\":\"en-US\",\"potentialAction\":[{\"@type\":\"ReadAction\",\"target\":[\"https:\/\/dev.monti.lt\/product\/delione-vaisiai-metalineje-dezuteje\/\"]}]},{\"@type\":\"ImageObject\",\"inLanguage\":\"en-US\",\"@id\":\"https:\/\/dev.monti.lt\/product\/delione-vaisiai-metalineje-dezuteje\/#primaryimage\",\"url\":\"https:\/\/dev.monti.lt\/wp-content\/uploads\/2022\/03\/KX601971595.jpg\",\"contentUrl\":\"https:\/\/dev.monti.lt\/wp-content\/uploads\/2022\/03\/KX601971595.jpg\",\"width\":1600,\"height\":1200,\"caption\":\"D\u0117lion\u0117 vaisiai metalin\u0117je d\u0117\u017eut\u0117je\"},{\"@type\":\"BreadcrumbList\",\"@id\":\"https:\/\/dev.monti.lt\/product\/delione-vaisiai-metalineje-dezuteje\/#breadcrumb\",\"itemListElement\":[{\"@type\":\"ListItem\",\"position\":1,\"name\":\"Home\",\"item\":\"https:\/\/dev.monti.lt\/\"},{\"@type\":\"ListItem\",\"position\":2,\"name\":\"Parduotuv\u0117\",\"item\":\"https:\/\/dev.monti.lt\/shop\/\"},{\"@type\":\"ListItem\",\"position\":3,\"name\":\"D\u0117lion\u0117 vaisiai metalin\u0117je d\u0117\u017eut\u0117je\"}]},{\"@type\":\"WebSite\",\"@id\":\"https:\/\/dev.monti.lt\/#website\",\"url\":\"https:\/\/dev.monti.lt\/\",\"name\":\"Montessori \u017eaislai\",\"description\":\"\",\"publisher\":{\"@id\":\"https:\/\/dev.monti.lt\/#organization\"},\"potentialAction\":[{\"@type\":\"SearchAction\",\"target\":{\"@type\":\"EntryPoint\",\"urlTemplate\":\"https:\/\/dev.monti.lt\/?s={search_term_string}\"},\"query-input\":\"required name=search_term_string\"}],\"inLanguage\":\"en-US\"},{\"@type\":\"Organization\",\"@id\":\"https:\/\/dev.monti.lt\/#organization\",\"name\":\"Montessori \u017eaislai\",\"url\":\"https:\/\/dev.monti.lt\/\",\"logo\":{\"@type\":\"ImageObject\",\"inLanguage\":\"en-US\",\"@id\":\"https:\/\/dev.monti.lt\/#\/schema\/logo\/image\/\",\"url\":\"https:\/\/dev.monti.lt\/wp-content\/uploads\/2022\/03\/montilogo-1.png\",\"contentUrl\":\"https:\/\/dev.monti.lt\/wp-content\/uploads\/2022\/03\/montilogo-1.png\",\"width\":512,\"height\":512,\"caption\":\"Montessori \u017eaislai\"},\"image\":{\"@id\":\"https:\/\/dev.monti.lt\/#\/schema\/logo\/image\/\"}}]}<\/script>\n<!-- \/ Yoast SEO plugin. -->","yoast_head_json":{"title":"D\u0117lion\u0117 vaisiai metalin\u0117je d\u0117\u017eut\u0117je - Montessori \u017eaislai","robots":{"index":"noindex","follow":"follow","max-snippet":"max-snippet:-1","max-image-preview":"max-image-preview:large","max-video-preview":"max-video-preview:-1"},"og_locale":"en_US","og_type":"article","og_title":"D\u0117lion\u0117 vaisiai metalin\u0117je d\u0117\u017eut\u0117je - Montessori \u017eaislai","og_description":"MOKOMOJI PUZL\u0116 \u00a0 Pasaki\u0161kai spalvinga d\u0117lion\u0117 tikrai pavogs kiekvieno vaiko \u0161ird\u012f. K\u016brybinis galvos\u016bkis , kuris suteiks daug malonumo ir trauks j\u016bs\u0173 ma\u017eyl\u012f valand\u0173 valandas. Spalvingi paveiksl\u0117liai paskatins j\u016bs\u0173 k\u016bdik\u012f atrasti form\u0173 ir daikt\u0173 pasaul\u012f. Ar norite pa\u012fvairinti savo vaiko pramogas? Sukurkite atminties \u017eaidim\u0105 i\u0161 galvos\u016bkio . Sumai\u0161ykite galvos\u016bkius ir apverskite juos ant grind\u0173. \u00a0 Kai [&hellip;]","og_url":"https:\/\/dev.monti.lt\/en\/product\/delione-vaisiai-metalineje-dezuteje\/","og_site_name":"Montessori \u017eaislai","article_modified_time":"2024-10-03T17:07:50+00:00","og_image":[{"width":1600,"height":1200,"url":"https:\/\/dev.monti.lt\/wp-content\/uploads\/2022\/03\/KX601971595.jpg","type":"image\/jpeg"}],"twitter_card":"summary_large_image","twitter_misc":{"Est. reading time":"2 minutes"},"schema":{"@context":"https:\/\/schema.org","@graph":[{"@type":"WebPage","@id":"https:\/\/dev.monti.lt\/product\/delione-vaisiai-metalineje-dezuteje\/","url":"https:\/\/dev.monti.lt\/product\/delione-vaisiai-metalineje-dezuteje\/","name":"D\u0117lion\u0117 vaisiai metalin\u0117je d\u0117\u017eut\u0117je - Montessori \u017eaislai","isPartOf":{"@id":"https:\/\/dev.monti.lt\/#website"},"primaryImageOfPage":{"@id":"https:\/\/dev.monti.lt\/product\/delione-vaisiai-metalineje-dezuteje\/#primaryimage"},"image":{"@id":"https:\/\/dev.monti.lt\/product\/delione-vaisiai-metalineje-dezuteje\/#primaryimage"},"thumbnailUrl":"https:\/\/dev.monti.lt\/wp-content\/uploads\/2022\/03\/KX601971595.jpg","datePublished":"2022-03-15T19:41:52+00:00","dateModified":"2024-10-03T17:07:50+00:00","breadcrumb":{"@id":"https:\/\/dev.monti.lt\/product\/delione-vaisiai-metalineje-dezuteje\/#breadcrumb"},"inLanguage":"en-US","potentialAction":[{"@type":"ReadAction","target":["https:\/\/dev.monti.lt\/product\/delione-vaisiai-metalineje-dezuteje\/"]}]},{"@type":"ImageObject","inLanguage":"en-US","@id":"https:\/\/dev.monti.lt\/product\/delione-vaisiai-metalineje-dezuteje\/#primaryimage","url":"https:\/\/dev.monti.lt\/wp-content\/uploads\/2022\/03\/KX601971595.jpg","contentUrl":"https:\/\/dev.monti.lt\/wp-content\/uploads\/2022\/03\/KX601971595.jpg","width":1600,"height":1200,"caption":"D\u0117lion\u0117 vaisiai metalin\u0117je d\u0117\u017eut\u0117je"},{"@type":"BreadcrumbList","@id":"https:\/\/dev.monti.lt\/product\/delione-vaisiai-metalineje-dezuteje\/#breadcrumb","itemListElement":[{"@type":"ListItem","position":1,"name":"Home","item":"https:\/\/dev.monti.lt\/"},{"@type":"ListItem","position":2,"name":"Parduotuv\u0117","item":"https:\/\/dev.monti.lt\/shop\/"},{"@type":"ListItem","position":3,"name":"D\u0117lion\u0117 vaisiai metalin\u0117je d\u0117\u017eut\u0117je"}]},{"@type":"WebSite","@id":"https:\/\/dev.monti.lt\/#website","url":"https:\/\/dev.monti.lt\/","name":"Montessori \u017eaislai","description":"","publisher":{"@id":"https:\/\/dev.monti.lt\/#organization"},"potentialAction":[{"@type":"SearchAction","target":{"@type":"EntryPoint","urlTemplate":"https:\/\/dev.monti.lt\/?s={search_term_string}"},"query-input":"required name=search_term_string"}],"inLanguage":"en-US"},{"@type":"Organization","@id":"https:\/\/dev.monti.lt\/#organization","name":"Montessori \u017eaislai","url":"https:\/\/dev.monti.lt\/","logo":{"@type":"ImageObject","inLanguage":"en-US","@id":"https:\/\/dev.monti.lt\/#\/schema\/logo\/image\/","url":"https:\/\/dev.monti.lt\/wp-content\/uploads\/2022\/03\/montilogo-1.png","contentUrl":"https:\/\/dev.monti.lt\/wp-content\/uploads\/2022\/03\/montilogo-1.png","width":512,"height":512,"caption":"Montessori \u017eaislai"},"image":{"@id":"https:\/\/dev.monti.lt\/#\/schema\/logo\/image\/"}}]}},"_links":{"self":[{"href":"https:\/\/dev.monti.lt\/en\/wp-json\/wp\/v2\/product\/6979"}],"collection":[{"href":"https:\/\/dev.monti.lt\/en\/wp-json\/wp\/v2\/product"}],"about":[{"href":"https:\/\/dev.monti.lt\/en\/wp-json\/wp\/v2\/types\/product"}],"version-history":[{"count":3,"href":"https:\/\/dev.monti.lt\/en\/wp-json\/wp\/v2\/product\/6979\/revisions"}],"predecessor-version":[{"id":13330,"href":"https:\/\/dev.monti.lt\/en\/wp-json\/wp\/v2\/product\/6979\/revisions\/13330"}],"wp:featuredmedia":[{"embeddable":true,"href":"https:\/\/dev.monti.lt\/en\/wp-json\/wp\/v2\/media\/6980"}],"wp:attachment":[{"href":"https:\/\/dev.monti.lt\/en\/wp-json\/wp\/v2\/media?parent=6979"}],"wp:term":[{"taxonomy":"product_cat","embeddable":true,"href":"https:\/\/dev.monti.lt\/en\/wp-json\/wp\/v2\/product_cat?post=6979"},{"taxonomy":"product_tag","embeddable":true,"href":"https:\/\/dev.monti.lt\/en\/wp-json\/wp\/v2\/product_tag?post=6979"}],"curies":[{"name":"wp","href":"https:\/\/api.w.org\/{rel}","templated":true}]}}