{"id":6975,"date":"2022-03-15T19:40:15","date_gmt":"2022-03-15T19:40:15","guid":{"rendered":"https:\/\/dev.monti.lt\/?post_type=product&#038;p=6975"},"modified":"2024-10-03T17:07:49","modified_gmt":"2024-10-03T17:07:49","slug":"masineliu-delione-metalineje-dezuteje","status":"publish","type":"product","link":"https:\/\/dev.monti.lt\/en\/product\/masineliu-delione-metalineje-dezuteje\/","title":{"rendered":"Ma\u0161in\u0117li\u0173 d\u0117lion\u0117 metalin\u0117je d\u0117\u017eut\u0117je"},"content":{"rendered":"<p><strong>MOKYMOSI D\u0116L\u0116S\u0116<\/strong><\/p><figure class=\"wp-block-image\"><img decoding=\"async\" src=\"https:\/\/www.ikonka.com.pl\/img\/product_media\/42001-43000\/KX601871600.jpg\" alt=\"\"\/><\/figure><p>Pasaki\u0161kai spalvinga d\u0117lion\u0117 tikrai pavogs kiekvieno vaiko \u0161ird\u012f.<\/p><p>&nbsp;<strong>K\u016brybinis galvos\u016bkis<\/strong>&nbsp;, kuris suteiks daug malonumo ir trauks j\u016bs\u0173 ma\u017eyl\u012f valand\u0173 valandas.<\/p><p>Spalvingi paveiksl\u0117liai&nbsp;<strong>paskatins j\u016bs\u0173 k\u016bdik\u012f atrasti form\u0173 ir daikt\u0173 pasaul\u012f.<\/strong><\/p><p>&nbsp;Ar norite pa\u012fvairinti savo vaiko pramogas?<\/p><figure class=\"wp-block-image\"><img decoding=\"async\" src=\"https:\/\/www.ikonka.com.pl\/img\/product_media\/42001-43000\/KX601871603.jpg\" alt=\"\"\/><\/figure><p><strong>Sukurkite atminties \u017eaidim\u0105 i\u0161 galvos\u016bkio<\/strong>&nbsp;.&nbsp;Sumai\u0161ykite galvos\u016bkius ir apverskite juos ant grind\u0173.&nbsp;&nbsp;&nbsp;Kai vaikas bus suporuotas, jis gal\u0117s susid\u0117ti paveiksl\u0117l\u012f.<\/p><p>&nbsp;\u017daisdamas ma\u017eylis lavins atmint\u012f, login\u012f m\u0105stym\u0105 ir rankinius \u012fg\u016bd\u017eius.<\/p><p>Be to, galvos\u016bkiai bus puikus b\u016bdas i\u0161mokti kantryb\u0117s.<\/p><p>Jie neu\u017eima daug vietos, o&nbsp;<strong>metalin\u0117je d\u0117\u017eut\u0117je<\/strong>&nbsp;bus patogu juos laikyti ir pasiimti su savimi \u012f kelion\u0119.<\/p><p><\/p><figure class=\"wp-block-image\"><img decoding=\"async\" src=\"https:\/\/www.ikonka.com.pl\/img\/product_media\/42001-43000\/KX601871602.jpg\" alt=\"\"\/><\/figure><p><strong>Matmenys:<\/strong><\/p><ul class=\"wp-block-list\"><li><strong>Pavyzdin\u0117s d\u0117lion\u0117s matmenys:<\/strong>&nbsp;5,5 cm x 6 cm<\/li><li><strong>Pakuot\u0117:&nbsp;&nbsp;<\/strong>16cm x 10cm x 7cm<strong><\/strong><img decoding=\"async\" src=\"https:\/\/www.ikonka.com.pl\/img\/product_media\/42001-43000\/KX601871604.jpg\"><\/li><\/ul>","protected":false},"excerpt":{"rendered":"<p>MOKYMOSI D\u0116L\u0116S\u0116 Pasaki\u0161kai spalvinga d\u0117lion\u0117 tikrai pavogs kiekvieno vaiko \u0161ird\u012f. &nbsp;K\u016brybinis galvos\u016bkis&nbsp;, kuris suteiks daug malonumo ir trauks j\u016bs\u0173 ma\u017eyl\u012f valand\u0173 valandas. Spalvingi paveiksl\u0117liai&nbsp;paskatins j\u016bs\u0173 k\u016bdik\u012f atrasti form\u0173 ir daikt\u0173 pasaul\u012f. &nbsp;Ar norite pa\u012fvairinti savo vaiko pramogas? Sukurkite atminties \u017eaidim\u0105 i\u0161 galvos\u016bkio&nbsp;.&nbsp;Sumai\u0161ykite galvos\u016bkius ir apverskite juos ant grind\u0173.&nbsp;&nbsp;&nbsp;Kai vaikas bus suporuotas, jis gal\u0117s susid\u0117ti paveiksl\u0117l\u012f. [&hellip;]<\/p>","protected":false},"featured_media":6976,"template":"","meta":{"iawp_total_views":64},"product_cat":[92,208,84,49,39],"product_tag":[95,96,97],"class_list":{"0":"post-6975","1":"product","2":"type-product","3":"status-publish","4":"has-post-thumbnail","6":"product_cat-deliones","7":"product_cat-deliones-2","8":"product_cat-lavinamieji-zaislai","9":"product_cat-visi-zaislai","10":"product_cat-zaislai","11":"product_tag-1-m-2-m","12":"product_tag-2-m-3-m","13":"product_tag-3-m-4-m","15":"first","16":"outofstock","17":"taxable","18":"shipping-taxable","19":"purchasable","20":"product-type-simple"},"yoast_head":"<!-- This site is optimized with the Yoast SEO plugin v23.3 - https:\/\/yoast.com\/wordpress\/plugins\/seo\/ -->\n<title>Ma\u0161in\u0117li\u0173 d\u0117lion\u0117 metalin\u0117je d\u0117\u017eut\u0117je - Montessori \u017eaislai<\/title>\n<meta name=\"robots\" content=\"noindex, follow, max-snippet:-1, max-image-preview:large, max-video-preview:-1\" \/>\n<meta property=\"og:locale\" content=\"en_US\" \/>\n<meta property=\"og:type\" content=\"article\" \/>\n<meta property=\"og:title\" content=\"Ma\u0161in\u0117li\u0173 d\u0117lion\u0117 metalin\u0117je d\u0117\u017eut\u0117je - Montessori \u017eaislai\" \/>\n<meta property=\"og:description\" content=\"MOKYMOSI D\u0116L\u0116S\u0116 Pasaki\u0161kai spalvinga d\u0117lion\u0117 tikrai pavogs kiekvieno vaiko \u0161ird\u012f. &nbsp;K\u016brybinis galvos\u016bkis&nbsp;, kuris suteiks daug malonumo ir trauks j\u016bs\u0173 ma\u017eyl\u012f valand\u0173 valandas. Spalvingi paveiksl\u0117liai&nbsp;paskatins j\u016bs\u0173 k\u016bdik\u012f atrasti form\u0173 ir daikt\u0173 pasaul\u012f. &nbsp;Ar norite pa\u012fvairinti savo vaiko pramogas? Sukurkite atminties \u017eaidim\u0105 i\u0161 galvos\u016bkio&nbsp;.&nbsp;Sumai\u0161ykite galvos\u016bkius ir apverskite juos ant grind\u0173.&nbsp;&nbsp;&nbsp;Kai vaikas bus suporuotas, jis gal\u0117s susid\u0117ti paveiksl\u0117l\u012f. [&hellip;]\" \/>\n<meta property=\"og:url\" content=\"https:\/\/dev.monti.lt\/en\/product\/masineliu-delione-metalineje-dezuteje\/\" \/>\n<meta property=\"og:site_name\" content=\"Montessori \u017eaislai\" \/>\n<meta property=\"article:modified_time\" content=\"2024-10-03T17:07:49+00:00\" \/>\n<meta property=\"og:image\" content=\"https:\/\/dev.monti.lt\/wp-content\/uploads\/2022\/03\/KX601871602.jpg\" \/>\n\t<meta property=\"og:image:width\" content=\"1600\" \/>\n\t<meta property=\"og:image:height\" content=\"1200\" \/>\n\t<meta property=\"og:image:type\" content=\"image\/jpeg\" \/>\n<meta name=\"twitter:card\" content=\"summary_large_image\" \/>\n<meta name=\"twitter:label1\" content=\"Est. reading time\" \/>\n\t<meta name=\"twitter:data1\" content=\"2 minutes\" \/>\n<script type=\"application\/ld+json\" class=\"yoast-schema-graph\">{\"@context\":\"https:\/\/schema.org\",\"@graph\":[{\"@type\":\"WebPage\",\"@id\":\"https:\/\/dev.monti.lt\/product\/masineliu-delione-metalineje-dezuteje\/\",\"url\":\"https:\/\/dev.monti.lt\/product\/masineliu-delione-metalineje-dezuteje\/\",\"name\":\"Ma\u0161in\u0117li\u0173 d\u0117lion\u0117 metalin\u0117je d\u0117\u017eut\u0117je - Montessori \u017eaislai\",\"isPartOf\":{\"@id\":\"https:\/\/dev.monti.lt\/#website\"},\"primaryImageOfPage\":{\"@id\":\"https:\/\/dev.monti.lt\/product\/masineliu-delione-metalineje-dezuteje\/#primaryimage\"},\"image\":{\"@id\":\"https:\/\/dev.monti.lt\/product\/masineliu-delione-metalineje-dezuteje\/#primaryimage\"},\"thumbnailUrl\":\"https:\/\/dev.monti.lt\/wp-content\/uploads\/2022\/03\/KX601871602.jpg\",\"datePublished\":\"2022-03-15T19:40:15+00:00\",\"dateModified\":\"2024-10-03T17:07:49+00:00\",\"breadcrumb\":{\"@id\":\"https:\/\/dev.monti.lt\/product\/masineliu-delione-metalineje-dezuteje\/#breadcrumb\"},\"inLanguage\":\"en-US\",\"potentialAction\":[{\"@type\":\"ReadAction\",\"target\":[\"https:\/\/dev.monti.lt\/product\/masineliu-delione-metalineje-dezuteje\/\"]}]},{\"@type\":\"ImageObject\",\"inLanguage\":\"en-US\",\"@id\":\"https:\/\/dev.monti.lt\/product\/masineliu-delione-metalineje-dezuteje\/#primaryimage\",\"url\":\"https:\/\/dev.monti.lt\/wp-content\/uploads\/2022\/03\/KX601871602.jpg\",\"contentUrl\":\"https:\/\/dev.monti.lt\/wp-content\/uploads\/2022\/03\/KX601871602.jpg\",\"width\":1600,\"height\":1200,\"caption\":\"d\u0117lion\u0117 ma\u0161inos, dviej\u0173 dali\u0173 d\u0117lion\u0117\"},{\"@type\":\"BreadcrumbList\",\"@id\":\"https:\/\/dev.monti.lt\/product\/masineliu-delione-metalineje-dezuteje\/#breadcrumb\",\"itemListElement\":[{\"@type\":\"ListItem\",\"position\":1,\"name\":\"Home\",\"item\":\"https:\/\/dev.monti.lt\/\"},{\"@type\":\"ListItem\",\"position\":2,\"name\":\"Parduotuv\u0117\",\"item\":\"https:\/\/dev.monti.lt\/shop\/\"},{\"@type\":\"ListItem\",\"position\":3,\"name\":\"Ma\u0161in\u0117li\u0173 d\u0117lion\u0117 metalin\u0117je d\u0117\u017eut\u0117je\"}]},{\"@type\":\"WebSite\",\"@id\":\"https:\/\/dev.monti.lt\/#website\",\"url\":\"https:\/\/dev.monti.lt\/\",\"name\":\"Montessori \u017eaislai\",\"description\":\"\",\"publisher\":{\"@id\":\"https:\/\/dev.monti.lt\/#organization\"},\"potentialAction\":[{\"@type\":\"SearchAction\",\"target\":{\"@type\":\"EntryPoint\",\"urlTemplate\":\"https:\/\/dev.monti.lt\/?s={search_term_string}\"},\"query-input\":\"required name=search_term_string\"}],\"inLanguage\":\"en-US\"},{\"@type\":\"Organization\",\"@id\":\"https:\/\/dev.monti.lt\/#organization\",\"name\":\"Montessori \u017eaislai\",\"url\":\"https:\/\/dev.monti.lt\/\",\"logo\":{\"@type\":\"ImageObject\",\"inLanguage\":\"en-US\",\"@id\":\"https:\/\/dev.monti.lt\/#\/schema\/logo\/image\/\",\"url\":\"https:\/\/dev.monti.lt\/wp-content\/uploads\/2022\/03\/montilogo-1.png\",\"contentUrl\":\"https:\/\/dev.monti.lt\/wp-content\/uploads\/2022\/03\/montilogo-1.png\",\"width\":512,\"height\":512,\"caption\":\"Montessori \u017eaislai\"},\"image\":{\"@id\":\"https:\/\/dev.monti.lt\/#\/schema\/logo\/image\/\"}}]}<\/script>\n<!-- \/ Yoast SEO plugin. -->","yoast_head_json":{"title":"Ma\u0161in\u0117li\u0173 d\u0117lion\u0117 metalin\u0117je d\u0117\u017eut\u0117je - Montessori \u017eaislai","robots":{"index":"noindex","follow":"follow","max-snippet":"max-snippet:-1","max-image-preview":"max-image-preview:large","max-video-preview":"max-video-preview:-1"},"og_locale":"en_US","og_type":"article","og_title":"Ma\u0161in\u0117li\u0173 d\u0117lion\u0117 metalin\u0117je d\u0117\u017eut\u0117je - Montessori \u017eaislai","og_description":"MOKYMOSI D\u0116L\u0116S\u0116 Pasaki\u0161kai spalvinga d\u0117lion\u0117 tikrai pavogs kiekvieno vaiko \u0161ird\u012f. &nbsp;K\u016brybinis galvos\u016bkis&nbsp;, kuris suteiks daug malonumo ir trauks j\u016bs\u0173 ma\u017eyl\u012f valand\u0173 valandas. Spalvingi paveiksl\u0117liai&nbsp;paskatins j\u016bs\u0173 k\u016bdik\u012f atrasti form\u0173 ir daikt\u0173 pasaul\u012f. &nbsp;Ar norite pa\u012fvairinti savo vaiko pramogas? Sukurkite atminties \u017eaidim\u0105 i\u0161 galvos\u016bkio&nbsp;.&nbsp;Sumai\u0161ykite galvos\u016bkius ir apverskite juos ant grind\u0173.&nbsp;&nbsp;&nbsp;Kai vaikas bus suporuotas, jis gal\u0117s susid\u0117ti paveiksl\u0117l\u012f. [&hellip;]","og_url":"https:\/\/dev.monti.lt\/en\/product\/masineliu-delione-metalineje-dezuteje\/","og_site_name":"Montessori \u017eaislai","article_modified_time":"2024-10-03T17:07:49+00:00","og_image":[{"width":1600,"height":1200,"url":"https:\/\/dev.monti.lt\/wp-content\/uploads\/2022\/03\/KX601871602.jpg","type":"image\/jpeg"}],"twitter_card":"summary_large_image","twitter_misc":{"Est. reading time":"2 minutes"},"schema":{"@context":"https:\/\/schema.org","@graph":[{"@type":"WebPage","@id":"https:\/\/dev.monti.lt\/product\/masineliu-delione-metalineje-dezuteje\/","url":"https:\/\/dev.monti.lt\/product\/masineliu-delione-metalineje-dezuteje\/","name":"Ma\u0161in\u0117li\u0173 d\u0117lion\u0117 metalin\u0117je d\u0117\u017eut\u0117je - Montessori \u017eaislai","isPartOf":{"@id":"https:\/\/dev.monti.lt\/#website"},"primaryImageOfPage":{"@id":"https:\/\/dev.monti.lt\/product\/masineliu-delione-metalineje-dezuteje\/#primaryimage"},"image":{"@id":"https:\/\/dev.monti.lt\/product\/masineliu-delione-metalineje-dezuteje\/#primaryimage"},"thumbnailUrl":"https:\/\/dev.monti.lt\/wp-content\/uploads\/2022\/03\/KX601871602.jpg","datePublished":"2022-03-15T19:40:15+00:00","dateModified":"2024-10-03T17:07:49+00:00","breadcrumb":{"@id":"https:\/\/dev.monti.lt\/product\/masineliu-delione-metalineje-dezuteje\/#breadcrumb"},"inLanguage":"en-US","potentialAction":[{"@type":"ReadAction","target":["https:\/\/dev.monti.lt\/product\/masineliu-delione-metalineje-dezuteje\/"]}]},{"@type":"ImageObject","inLanguage":"en-US","@id":"https:\/\/dev.monti.lt\/product\/masineliu-delione-metalineje-dezuteje\/#primaryimage","url":"https:\/\/dev.monti.lt\/wp-content\/uploads\/2022\/03\/KX601871602.jpg","contentUrl":"https:\/\/dev.monti.lt\/wp-content\/uploads\/2022\/03\/KX601871602.jpg","width":1600,"height":1200,"caption":"d\u0117lion\u0117 ma\u0161inos, dviej\u0173 dali\u0173 d\u0117lion\u0117"},{"@type":"BreadcrumbList","@id":"https:\/\/dev.monti.lt\/product\/masineliu-delione-metalineje-dezuteje\/#breadcrumb","itemListElement":[{"@type":"ListItem","position":1,"name":"Home","item":"https:\/\/dev.monti.lt\/"},{"@type":"ListItem","position":2,"name":"Parduotuv\u0117","item":"https:\/\/dev.monti.lt\/shop\/"},{"@type":"ListItem","position":3,"name":"Ma\u0161in\u0117li\u0173 d\u0117lion\u0117 metalin\u0117je d\u0117\u017eut\u0117je"}]},{"@type":"WebSite","@id":"https:\/\/dev.monti.lt\/#website","url":"https:\/\/dev.monti.lt\/","name":"Montessori \u017eaislai","description":"","publisher":{"@id":"https:\/\/dev.monti.lt\/#organization"},"potentialAction":[{"@type":"SearchAction","target":{"@type":"EntryPoint","urlTemplate":"https:\/\/dev.monti.lt\/?s={search_term_string}"},"query-input":"required name=search_term_string"}],"inLanguage":"en-US"},{"@type":"Organization","@id":"https:\/\/dev.monti.lt\/#organization","name":"Montessori \u017eaislai","url":"https:\/\/dev.monti.lt\/","logo":{"@type":"ImageObject","inLanguage":"en-US","@id":"https:\/\/dev.monti.lt\/#\/schema\/logo\/image\/","url":"https:\/\/dev.monti.lt\/wp-content\/uploads\/2022\/03\/montilogo-1.png","contentUrl":"https:\/\/dev.monti.lt\/wp-content\/uploads\/2022\/03\/montilogo-1.png","width":512,"height":512,"caption":"Montessori \u017eaislai"},"image":{"@id":"https:\/\/dev.monti.lt\/#\/schema\/logo\/image\/"}}]}},"_links":{"self":[{"href":"https:\/\/dev.monti.lt\/en\/wp-json\/wp\/v2\/product\/6975"}],"collection":[{"href":"https:\/\/dev.monti.lt\/en\/wp-json\/wp\/v2\/product"}],"about":[{"href":"https:\/\/dev.monti.lt\/en\/wp-json\/wp\/v2\/types\/product"}],"version-history":[{"count":2,"href":"https:\/\/dev.monti.lt\/en\/wp-json\/wp\/v2\/product\/6975\/revisions"}],"predecessor-version":[{"id":13329,"href":"https:\/\/dev.monti.lt\/en\/wp-json\/wp\/v2\/product\/6975\/revisions\/13329"}],"wp:featuredmedia":[{"embeddable":true,"href":"https:\/\/dev.monti.lt\/en\/wp-json\/wp\/v2\/media\/6976"}],"wp:attachment":[{"href":"https:\/\/dev.monti.lt\/en\/wp-json\/wp\/v2\/media?parent=6975"}],"wp:term":[{"taxonomy":"product_cat","embeddable":true,"href":"https:\/\/dev.monti.lt\/en\/wp-json\/wp\/v2\/product_cat?post=6975"},{"taxonomy":"product_tag","embeddable":true,"href":"https:\/\/dev.monti.lt\/en\/wp-json\/wp\/v2\/product_tag?post=6975"}],"curies":[{"name":"wp","href":"https:\/\/api.w.org\/{rel}","templated":true}]}}