{"id":6946,"date":"2022-03-15T19:15:29","date_gmt":"2022-03-15T19:15:29","guid":{"rendered":"https:\/\/dev.monti.lt\/?post_type=product&#038;p=6946"},"modified":"2024-10-03T07:36:03","modified_gmt":"2024-10-03T07:36:03","slug":"medine-kuno-formavimo-delione","status":"publish","type":"product","link":"https:\/\/dev.monti.lt\/en\/product\/medine-kuno-formavimo-delione\/","title":{"rendered":"Medin\u0117 k\u016bno formavimo d\u0117lion\u0117 &#8220;Mergait\u0117&#8221;"},"content":{"rendered":"<p>Puikus edukacinis rinkinys pad\u0117s J\u016bs\u0173 vaikui susipa\u017einti su \u017emogaus k\u016bno paslaptimis.<br \/>\nMa\u017eylio u\u017eduotis \u2013 sutvarkyti \u017emogaus skelet\u0105, vidaus organus, raumenis, k\u016bn\u0105 ir galiausiai drabu\u017eius.<\/p>\n<p>D\u0117lion\u0117 bus puikus pretekstas \u012fsitraukti \u012f pokalb\u012f apie \u017emogaus anatomij\u0105 . Paprastu, vaizdingu b\u016bdu jis pad\u0117s vaikui \u012fgyti \u017eini\u0173 apie tai, i\u0161 ko sudarytas \u017emogus.<\/p>","protected":false},"excerpt":{"rendered":"<p>Puikus edukacinis rinkinys pad\u0117s J\u016bs\u0173 vaikui susipa\u017einti su \u017emogaus k\u016bno paslaptimis.<br \/>\nMa\u017eylio u\u017eduotis \u2013 sutvarkyti \u017emogaus skelet\u0105, vidaus organus, raumenis, k\u016bn\u0105 ir galiausiai drabu\u017eius.<\/p>\n<p>D\u0117lion\u0117 bus puikus pretekstas \u012fsitraukti \u012f pokalb\u012f apie \u017emogaus anatomij\u0105 . Paprastu, vaizdingu b\u016bdu jis pad\u0117s vaikui \u012fgyti \u017eini\u0173 apie tai, i\u0161 ko sudarytas \u017emogus.<\/p>","protected":false},"featured_media":6947,"template":"","meta":{"iawp_total_views":64},"product_cat":[92,91,102,83,90,86,199,49,39],"product_tag":[96,97,98,99],"class_list":{"0":"post-6946","1":"product","2":"type-product","3":"status-publish","4":"has-post-thumbnail","6":"product_cat-deliones","7":"product_cat-loginiam-mastymui","8":"product_cat-mediniai-zaislai","9":"product_cat-montessori-zaislai","10":"product_cat-pasaulio-pazinimas","11":"product_cat-smulkioji-motorika","12":"product_cat-ugdymo-istaigoms","13":"product_cat-visi-zaislai","14":"product_cat-zaislai","15":"product_tag-2-m-3-m","16":"product_tag-3-m-4-m","17":"product_tag-5-m-7-m","18":"product_tag-8-m-11-m","20":"first","21":"instock","22":"taxable","23":"shipping-taxable","24":"purchasable","25":"product-type-simple"},"yoast_head":"<!-- This site is optimized with the Yoast SEO plugin v23.3 - https:\/\/yoast.com\/wordpress\/plugins\/seo\/ -->\n<title>Medin\u0117 k\u016bno formavimo d\u0117lion\u0117 &quot;Mergait\u0117&quot; - Montessori \u017eaislai<\/title>\n<meta name=\"robots\" content=\"noindex, follow, max-snippet:-1, max-image-preview:large, max-video-preview:-1\" \/>\n<meta property=\"og:locale\" content=\"en_US\" \/>\n<meta property=\"og:type\" content=\"article\" \/>\n<meta property=\"og:title\" content=\"Medin\u0117 k\u016bno formavimo d\u0117lion\u0117 &quot;Mergait\u0117&quot; - Montessori \u017eaislai\" \/>\n<meta property=\"og:description\" content=\"Puikus edukacinis rinkinys pad\u0117s J\u016bs\u0173 vaikui susipa\u017einti su \u017emogaus k\u016bno paslaptimis. Ma\u017eylio u\u017eduotis \u2013 sutvarkyti \u017emogaus skelet\u0105, vidaus organus, raumenis, k\u016bn\u0105 ir galiausiai drabu\u017eius.  D\u0117lion\u0117 bus puikus pretekstas \u012fsitraukti \u012f pokalb\u012f apie \u017emogaus anatomij\u0105 . Paprastu, vaizdingu b\u016bdu jis pad\u0117s vaikui \u012fgyti \u017eini\u0173 apie tai, i\u0161 ko sudarytas \u017emogus.\" \/>\n<meta property=\"og:url\" content=\"https:\/\/dev.monti.lt\/en\/product\/medine-kuno-formavimo-delione\/\" \/>\n<meta property=\"og:site_name\" content=\"Montessori \u017eaislai\" \/>\n<meta property=\"article:modified_time\" content=\"2024-10-03T07:36:03+00:00\" \/>\n<meta property=\"og:image\" content=\"https:\/\/dev.monti.lt\/wp-content\/uploads\/2022\/03\/KX595771704.jpg\" \/>\n\t<meta property=\"og:image:width\" content=\"1600\" \/>\n\t<meta property=\"og:image:height\" content=\"1200\" \/>\n\t<meta property=\"og:image:type\" content=\"image\/jpeg\" \/>\n<meta name=\"twitter:card\" content=\"summary_large_image\" \/>\n<meta name=\"twitter:label1\" content=\"Est. reading time\" \/>\n\t<meta name=\"twitter:data1\" content=\"1 minute\" \/>\n<script type=\"application\/ld+json\" class=\"yoast-schema-graph\">{\"@context\":\"https:\/\/schema.org\",\"@graph\":[{\"@type\":\"WebPage\",\"@id\":\"https:\/\/dev.monti.lt\/product\/medine-kuno-formavimo-delione\/\",\"url\":\"https:\/\/dev.monti.lt\/product\/medine-kuno-formavimo-delione\/\",\"name\":\"Medin\u0117 k\u016bno formavimo d\u0117lion\u0117 \\\"Mergait\u0117\\\" - Montessori \u017eaislai\",\"isPartOf\":{\"@id\":\"https:\/\/dev.monti.lt\/#website\"},\"primaryImageOfPage\":{\"@id\":\"https:\/\/dev.monti.lt\/product\/medine-kuno-formavimo-delione\/#primaryimage\"},\"image\":{\"@id\":\"https:\/\/dev.monti.lt\/product\/medine-kuno-formavimo-delione\/#primaryimage\"},\"thumbnailUrl\":\"https:\/\/dev.monti.lt\/wp-content\/uploads\/2022\/03\/KX595771704.jpg\",\"datePublished\":\"2022-03-15T19:15:29+00:00\",\"dateModified\":\"2024-10-03T07:36:03+00:00\",\"breadcrumb\":{\"@id\":\"https:\/\/dev.monti.lt\/product\/medine-kuno-formavimo-delione\/#breadcrumb\"},\"inLanguage\":\"en-US\",\"potentialAction\":[{\"@type\":\"ReadAction\",\"target\":[\"https:\/\/dev.monti.lt\/product\/medine-kuno-formavimo-delione\/\"]}]},{\"@type\":\"ImageObject\",\"inLanguage\":\"en-US\",\"@id\":\"https:\/\/dev.monti.lt\/product\/medine-kuno-formavimo-delione\/#primaryimage\",\"url\":\"https:\/\/dev.monti.lt\/wp-content\/uploads\/2022\/03\/KX595771704.jpg\",\"contentUrl\":\"https:\/\/dev.monti.lt\/wp-content\/uploads\/2022\/03\/KX595771704.jpg\",\"width\":1600,\"height\":1200},{\"@type\":\"BreadcrumbList\",\"@id\":\"https:\/\/dev.monti.lt\/product\/medine-kuno-formavimo-delione\/#breadcrumb\",\"itemListElement\":[{\"@type\":\"ListItem\",\"position\":1,\"name\":\"Home\",\"item\":\"https:\/\/dev.monti.lt\/\"},{\"@type\":\"ListItem\",\"position\":2,\"name\":\"Parduotuv\u0117\",\"item\":\"https:\/\/dev.monti.lt\/shop\/\"},{\"@type\":\"ListItem\",\"position\":3,\"name\":\"Medin\u0117 k\u016bno formavimo d\u0117lion\u0117 &#8220;Mergait\u0117&#8221;\"}]},{\"@type\":\"WebSite\",\"@id\":\"https:\/\/dev.monti.lt\/#website\",\"url\":\"https:\/\/dev.monti.lt\/\",\"name\":\"Montessori \u017eaislai\",\"description\":\"\",\"publisher\":{\"@id\":\"https:\/\/dev.monti.lt\/#organization\"},\"potentialAction\":[{\"@type\":\"SearchAction\",\"target\":{\"@type\":\"EntryPoint\",\"urlTemplate\":\"https:\/\/dev.monti.lt\/?s={search_term_string}\"},\"query-input\":\"required name=search_term_string\"}],\"inLanguage\":\"en-US\"},{\"@type\":\"Organization\",\"@id\":\"https:\/\/dev.monti.lt\/#organization\",\"name\":\"Montessori \u017eaislai\",\"url\":\"https:\/\/dev.monti.lt\/\",\"logo\":{\"@type\":\"ImageObject\",\"inLanguage\":\"en-US\",\"@id\":\"https:\/\/dev.monti.lt\/#\/schema\/logo\/image\/\",\"url\":\"https:\/\/dev.monti.lt\/wp-content\/uploads\/2022\/03\/montilogo-1.png\",\"contentUrl\":\"https:\/\/dev.monti.lt\/wp-content\/uploads\/2022\/03\/montilogo-1.png\",\"width\":512,\"height\":512,\"caption\":\"Montessori \u017eaislai\"},\"image\":{\"@id\":\"https:\/\/dev.monti.lt\/#\/schema\/logo\/image\/\"}}]}<\/script>\n<!-- \/ Yoast SEO plugin. -->","yoast_head_json":{"title":"Medin\u0117 k\u016bno formavimo d\u0117lion\u0117 \"Mergait\u0117\" - Montessori \u017eaislai","robots":{"index":"noindex","follow":"follow","max-snippet":"max-snippet:-1","max-image-preview":"max-image-preview:large","max-video-preview":"max-video-preview:-1"},"og_locale":"en_US","og_type":"article","og_title":"Medin\u0117 k\u016bno formavimo d\u0117lion\u0117 \"Mergait\u0117\" - Montessori \u017eaislai","og_description":"Puikus edukacinis rinkinys pad\u0117s J\u016bs\u0173 vaikui susipa\u017einti su \u017emogaus k\u016bno paslaptimis. Ma\u017eylio u\u017eduotis \u2013 sutvarkyti \u017emogaus skelet\u0105, vidaus organus, raumenis, k\u016bn\u0105 ir galiausiai drabu\u017eius.  D\u0117lion\u0117 bus puikus pretekstas \u012fsitraukti \u012f pokalb\u012f apie \u017emogaus anatomij\u0105 . Paprastu, vaizdingu b\u016bdu jis pad\u0117s vaikui \u012fgyti \u017eini\u0173 apie tai, i\u0161 ko sudarytas \u017emogus.","og_url":"https:\/\/dev.monti.lt\/en\/product\/medine-kuno-formavimo-delione\/","og_site_name":"Montessori \u017eaislai","article_modified_time":"2024-10-03T07:36:03+00:00","og_image":[{"width":1600,"height":1200,"url":"https:\/\/dev.monti.lt\/wp-content\/uploads\/2022\/03\/KX595771704.jpg","type":"image\/jpeg"}],"twitter_card":"summary_large_image","twitter_misc":{"Est. reading time":"1 minute"},"schema":{"@context":"https:\/\/schema.org","@graph":[{"@type":"WebPage","@id":"https:\/\/dev.monti.lt\/product\/medine-kuno-formavimo-delione\/","url":"https:\/\/dev.monti.lt\/product\/medine-kuno-formavimo-delione\/","name":"Medin\u0117 k\u016bno formavimo d\u0117lion\u0117 \"Mergait\u0117\" - Montessori \u017eaislai","isPartOf":{"@id":"https:\/\/dev.monti.lt\/#website"},"primaryImageOfPage":{"@id":"https:\/\/dev.monti.lt\/product\/medine-kuno-formavimo-delione\/#primaryimage"},"image":{"@id":"https:\/\/dev.monti.lt\/product\/medine-kuno-formavimo-delione\/#primaryimage"},"thumbnailUrl":"https:\/\/dev.monti.lt\/wp-content\/uploads\/2022\/03\/KX595771704.jpg","datePublished":"2022-03-15T19:15:29+00:00","dateModified":"2024-10-03T07:36:03+00:00","breadcrumb":{"@id":"https:\/\/dev.monti.lt\/product\/medine-kuno-formavimo-delione\/#breadcrumb"},"inLanguage":"en-US","potentialAction":[{"@type":"ReadAction","target":["https:\/\/dev.monti.lt\/product\/medine-kuno-formavimo-delione\/"]}]},{"@type":"ImageObject","inLanguage":"en-US","@id":"https:\/\/dev.monti.lt\/product\/medine-kuno-formavimo-delione\/#primaryimage","url":"https:\/\/dev.monti.lt\/wp-content\/uploads\/2022\/03\/KX595771704.jpg","contentUrl":"https:\/\/dev.monti.lt\/wp-content\/uploads\/2022\/03\/KX595771704.jpg","width":1600,"height":1200},{"@type":"BreadcrumbList","@id":"https:\/\/dev.monti.lt\/product\/medine-kuno-formavimo-delione\/#breadcrumb","itemListElement":[{"@type":"ListItem","position":1,"name":"Home","item":"https:\/\/dev.monti.lt\/"},{"@type":"ListItem","position":2,"name":"Parduotuv\u0117","item":"https:\/\/dev.monti.lt\/shop\/"},{"@type":"ListItem","position":3,"name":"Medin\u0117 k\u016bno formavimo d\u0117lion\u0117 &#8220;Mergait\u0117&#8221;"}]},{"@type":"WebSite","@id":"https:\/\/dev.monti.lt\/#website","url":"https:\/\/dev.monti.lt\/","name":"Montessori \u017eaislai","description":"","publisher":{"@id":"https:\/\/dev.monti.lt\/#organization"},"potentialAction":[{"@type":"SearchAction","target":{"@type":"EntryPoint","urlTemplate":"https:\/\/dev.monti.lt\/?s={search_term_string}"},"query-input":"required name=search_term_string"}],"inLanguage":"en-US"},{"@type":"Organization","@id":"https:\/\/dev.monti.lt\/#organization","name":"Montessori \u017eaislai","url":"https:\/\/dev.monti.lt\/","logo":{"@type":"ImageObject","inLanguage":"en-US","@id":"https:\/\/dev.monti.lt\/#\/schema\/logo\/image\/","url":"https:\/\/dev.monti.lt\/wp-content\/uploads\/2022\/03\/montilogo-1.png","contentUrl":"https:\/\/dev.monti.lt\/wp-content\/uploads\/2022\/03\/montilogo-1.png","width":512,"height":512,"caption":"Montessori \u017eaislai"},"image":{"@id":"https:\/\/dev.monti.lt\/#\/schema\/logo\/image\/"}}]}},"_links":{"self":[{"href":"https:\/\/dev.monti.lt\/en\/wp-json\/wp\/v2\/product\/6946"}],"collection":[{"href":"https:\/\/dev.monti.lt\/en\/wp-json\/wp\/v2\/product"}],"about":[{"href":"https:\/\/dev.monti.lt\/en\/wp-json\/wp\/v2\/types\/product"}],"version-history":[{"count":2,"href":"https:\/\/dev.monti.lt\/en\/wp-json\/wp\/v2\/product\/6946\/revisions"}],"predecessor-version":[{"id":8129,"href":"https:\/\/dev.monti.lt\/en\/wp-json\/wp\/v2\/product\/6946\/revisions\/8129"}],"wp:featuredmedia":[{"embeddable":true,"href":"https:\/\/dev.monti.lt\/en\/wp-json\/wp\/v2\/media\/6947"}],"wp:attachment":[{"href":"https:\/\/dev.monti.lt\/en\/wp-json\/wp\/v2\/media?parent=6946"}],"wp:term":[{"taxonomy":"product_cat","embeddable":true,"href":"https:\/\/dev.monti.lt\/en\/wp-json\/wp\/v2\/product_cat?post=6946"},{"taxonomy":"product_tag","embeddable":true,"href":"https:\/\/dev.monti.lt\/en\/wp-json\/wp\/v2\/product_tag?post=6946"}],"curies":[{"name":"wp","href":"https:\/\/api.w.org\/{rel}","templated":true}]}}