{"id":6940,"date":"2022-03-15T18:55:35","date_gmt":"2022-03-15T18:55:35","guid":{"rendered":"https:\/\/dev.monti.lt\/?post_type=product&#038;p=6940"},"modified":"2024-10-01T10:07:42","modified_gmt":"2024-10-01T10:07:42","slug":"mediniu-magnetiniu-vaisiu-rinkinys","status":"publish","type":"product","link":"https:\/\/dev.monti.lt\/en\/product\/mediniu-magnetiniu-vaisiu-rinkinys\/","title":{"rendered":"Medini\u0173 magnetini\u0173 vaisi\u0173 rinkinys"},"content":{"rendered":"<p>B\u016btinas rinkinys kiekvienoje virtuv\u0117je.<\/p>","protected":false},"excerpt":{"rendered":"<p>B\u016btinas rinkinys kiekvienoje virtuv\u0117je.<\/p>","protected":false},"featured_media":6944,"template":"","meta":{"iawp_total_views":88},"product_cat":[84,102,90,49,39],"product_tag":[96,97,98,99],"class_list":{"0":"post-6940","1":"product","2":"type-product","3":"status-publish","4":"has-post-thumbnail","6":"product_cat-lavinamieji-zaislai","7":"product_cat-mediniai-zaislai","8":"product_cat-pasaulio-pazinimas","9":"product_cat-visi-zaislai","10":"product_cat-zaislai","11":"product_tag-2-m-3-m","12":"product_tag-3-m-4-m","13":"product_tag-5-m-7-m","14":"product_tag-8-m-11-m","16":"first","17":"instock","18":"taxable","19":"shipping-taxable","20":"purchasable","21":"product-type-simple"},"yoast_head":"<!-- This site is optimized with the Yoast SEO plugin v23.3 - https:\/\/yoast.com\/wordpress\/plugins\/seo\/ -->\n<title>Medini\u0173 magnetini\u0173 vaisi\u0173 rinkinys - Montessori \u017eaislai<\/title>\n<meta name=\"robots\" content=\"noindex, follow, max-snippet:-1, max-image-preview:large, max-video-preview:-1\" \/>\n<meta property=\"og:locale\" content=\"en_US\" \/>\n<meta property=\"og:type\" content=\"article\" \/>\n<meta property=\"og:title\" content=\"Medini\u0173 magnetini\u0173 vaisi\u0173 rinkinys - Montessori \u017eaislai\" \/>\n<meta property=\"og:description\" content=\"B\u016btinas rinkinys kiekvienoje virtuv\u0117je.\" \/>\n<meta property=\"og:url\" content=\"https:\/\/dev.monti.lt\/en\/product\/mediniu-magnetiniu-vaisiu-rinkinys\/\" \/>\n<meta property=\"og:site_name\" content=\"Montessori \u017eaislai\" \/>\n<meta property=\"article:modified_time\" content=\"2024-10-01T10:07:42+00:00\" \/>\n<meta property=\"og:image\" content=\"https:\/\/dev.monti.lt\/wp-content\/uploads\/2022\/03\/KX595572018.jpg\" \/>\n\t<meta property=\"og:image:width\" content=\"1600\" \/>\n\t<meta property=\"og:image:height\" content=\"1200\" \/>\n\t<meta property=\"og:image:type\" content=\"image\/jpeg\" \/>\n<meta name=\"twitter:card\" content=\"summary_large_image\" \/>\n<script type=\"application\/ld+json\" class=\"yoast-schema-graph\">{\"@context\":\"https:\/\/schema.org\",\"@graph\":[{\"@type\":\"WebPage\",\"@id\":\"https:\/\/dev.monti.lt\/product\/mediniu-magnetiniu-vaisiu-rinkinys\/\",\"url\":\"https:\/\/dev.monti.lt\/product\/mediniu-magnetiniu-vaisiu-rinkinys\/\",\"name\":\"Medini\u0173 magnetini\u0173 vaisi\u0173 rinkinys - Montessori \u017eaislai\",\"isPartOf\":{\"@id\":\"https:\/\/dev.monti.lt\/#website\"},\"primaryImageOfPage\":{\"@id\":\"https:\/\/dev.monti.lt\/product\/mediniu-magnetiniu-vaisiu-rinkinys\/#primaryimage\"},\"image\":{\"@id\":\"https:\/\/dev.monti.lt\/product\/mediniu-magnetiniu-vaisiu-rinkinys\/#primaryimage\"},\"thumbnailUrl\":\"https:\/\/dev.monti.lt\/wp-content\/uploads\/2022\/03\/KX595572018.jpg\",\"datePublished\":\"2022-03-15T18:55:35+00:00\",\"dateModified\":\"2024-10-01T10:07:42+00:00\",\"breadcrumb\":{\"@id\":\"https:\/\/dev.monti.lt\/product\/mediniu-magnetiniu-vaisiu-rinkinys\/#breadcrumb\"},\"inLanguage\":\"en-US\",\"potentialAction\":[{\"@type\":\"ReadAction\",\"target\":[\"https:\/\/dev.monti.lt\/product\/mediniu-magnetiniu-vaisiu-rinkinys\/\"]}]},{\"@type\":\"ImageObject\",\"inLanguage\":\"en-US\",\"@id\":\"https:\/\/dev.monti.lt\/product\/mediniu-magnetiniu-vaisiu-rinkinys\/#primaryimage\",\"url\":\"https:\/\/dev.monti.lt\/wp-content\/uploads\/2022\/03\/KX595572018.jpg\",\"contentUrl\":\"https:\/\/dev.monti.lt\/wp-content\/uploads\/2022\/03\/KX595572018.jpg\",\"width\":1600,\"height\":1200,\"caption\":\"vaisiai su magnetu, vaisiai pjaustymui\"},{\"@type\":\"BreadcrumbList\",\"@id\":\"https:\/\/dev.monti.lt\/product\/mediniu-magnetiniu-vaisiu-rinkinys\/#breadcrumb\",\"itemListElement\":[{\"@type\":\"ListItem\",\"position\":1,\"name\":\"Home\",\"item\":\"https:\/\/dev.monti.lt\/\"},{\"@type\":\"ListItem\",\"position\":2,\"name\":\"Parduotuv\u0117\",\"item\":\"https:\/\/dev.monti.lt\/shop\/\"},{\"@type\":\"ListItem\",\"position\":3,\"name\":\"Medini\u0173 magnetini\u0173 vaisi\u0173 rinkinys\"}]},{\"@type\":\"WebSite\",\"@id\":\"https:\/\/dev.monti.lt\/#website\",\"url\":\"https:\/\/dev.monti.lt\/\",\"name\":\"Montessori \u017eaislai\",\"description\":\"\",\"publisher\":{\"@id\":\"https:\/\/dev.monti.lt\/#organization\"},\"potentialAction\":[{\"@type\":\"SearchAction\",\"target\":{\"@type\":\"EntryPoint\",\"urlTemplate\":\"https:\/\/dev.monti.lt\/?s={search_term_string}\"},\"query-input\":\"required name=search_term_string\"}],\"inLanguage\":\"en-US\"},{\"@type\":\"Organization\",\"@id\":\"https:\/\/dev.monti.lt\/#organization\",\"name\":\"Montessori \u017eaislai\",\"url\":\"https:\/\/dev.monti.lt\/\",\"logo\":{\"@type\":\"ImageObject\",\"inLanguage\":\"en-US\",\"@id\":\"https:\/\/dev.monti.lt\/#\/schema\/logo\/image\/\",\"url\":\"https:\/\/dev.monti.lt\/wp-content\/uploads\/2022\/03\/montilogo-1.png\",\"contentUrl\":\"https:\/\/dev.monti.lt\/wp-content\/uploads\/2022\/03\/montilogo-1.png\",\"width\":512,\"height\":512,\"caption\":\"Montessori \u017eaislai\"},\"image\":{\"@id\":\"https:\/\/dev.monti.lt\/#\/schema\/logo\/image\/\"}}]}<\/script>\n<!-- \/ Yoast SEO plugin. -->","yoast_head_json":{"title":"Medini\u0173 magnetini\u0173 vaisi\u0173 rinkinys - Montessori \u017eaislai","robots":{"index":"noindex","follow":"follow","max-snippet":"max-snippet:-1","max-image-preview":"max-image-preview:large","max-video-preview":"max-video-preview:-1"},"og_locale":"en_US","og_type":"article","og_title":"Medini\u0173 magnetini\u0173 vaisi\u0173 rinkinys - Montessori \u017eaislai","og_description":"B\u016btinas rinkinys kiekvienoje virtuv\u0117je.","og_url":"https:\/\/dev.monti.lt\/en\/product\/mediniu-magnetiniu-vaisiu-rinkinys\/","og_site_name":"Montessori \u017eaislai","article_modified_time":"2024-10-01T10:07:42+00:00","og_image":[{"width":1600,"height":1200,"url":"https:\/\/dev.monti.lt\/wp-content\/uploads\/2022\/03\/KX595572018.jpg","type":"image\/jpeg"}],"twitter_card":"summary_large_image","schema":{"@context":"https:\/\/schema.org","@graph":[{"@type":"WebPage","@id":"https:\/\/dev.monti.lt\/product\/mediniu-magnetiniu-vaisiu-rinkinys\/","url":"https:\/\/dev.monti.lt\/product\/mediniu-magnetiniu-vaisiu-rinkinys\/","name":"Medini\u0173 magnetini\u0173 vaisi\u0173 rinkinys - Montessori \u017eaislai","isPartOf":{"@id":"https:\/\/dev.monti.lt\/#website"},"primaryImageOfPage":{"@id":"https:\/\/dev.monti.lt\/product\/mediniu-magnetiniu-vaisiu-rinkinys\/#primaryimage"},"image":{"@id":"https:\/\/dev.monti.lt\/product\/mediniu-magnetiniu-vaisiu-rinkinys\/#primaryimage"},"thumbnailUrl":"https:\/\/dev.monti.lt\/wp-content\/uploads\/2022\/03\/KX595572018.jpg","datePublished":"2022-03-15T18:55:35+00:00","dateModified":"2024-10-01T10:07:42+00:00","breadcrumb":{"@id":"https:\/\/dev.monti.lt\/product\/mediniu-magnetiniu-vaisiu-rinkinys\/#breadcrumb"},"inLanguage":"en-US","potentialAction":[{"@type":"ReadAction","target":["https:\/\/dev.monti.lt\/product\/mediniu-magnetiniu-vaisiu-rinkinys\/"]}]},{"@type":"ImageObject","inLanguage":"en-US","@id":"https:\/\/dev.monti.lt\/product\/mediniu-magnetiniu-vaisiu-rinkinys\/#primaryimage","url":"https:\/\/dev.monti.lt\/wp-content\/uploads\/2022\/03\/KX595572018.jpg","contentUrl":"https:\/\/dev.monti.lt\/wp-content\/uploads\/2022\/03\/KX595572018.jpg","width":1600,"height":1200,"caption":"vaisiai su magnetu, vaisiai pjaustymui"},{"@type":"BreadcrumbList","@id":"https:\/\/dev.monti.lt\/product\/mediniu-magnetiniu-vaisiu-rinkinys\/#breadcrumb","itemListElement":[{"@type":"ListItem","position":1,"name":"Home","item":"https:\/\/dev.monti.lt\/"},{"@type":"ListItem","position":2,"name":"Parduotuv\u0117","item":"https:\/\/dev.monti.lt\/shop\/"},{"@type":"ListItem","position":3,"name":"Medini\u0173 magnetini\u0173 vaisi\u0173 rinkinys"}]},{"@type":"WebSite","@id":"https:\/\/dev.monti.lt\/#website","url":"https:\/\/dev.monti.lt\/","name":"Montessori \u017eaislai","description":"","publisher":{"@id":"https:\/\/dev.monti.lt\/#organization"},"potentialAction":[{"@type":"SearchAction","target":{"@type":"EntryPoint","urlTemplate":"https:\/\/dev.monti.lt\/?s={search_term_string}"},"query-input":"required name=search_term_string"}],"inLanguage":"en-US"},{"@type":"Organization","@id":"https:\/\/dev.monti.lt\/#organization","name":"Montessori \u017eaislai","url":"https:\/\/dev.monti.lt\/","logo":{"@type":"ImageObject","inLanguage":"en-US","@id":"https:\/\/dev.monti.lt\/#\/schema\/logo\/image\/","url":"https:\/\/dev.monti.lt\/wp-content\/uploads\/2022\/03\/montilogo-1.png","contentUrl":"https:\/\/dev.monti.lt\/wp-content\/uploads\/2022\/03\/montilogo-1.png","width":512,"height":512,"caption":"Montessori \u017eaislai"},"image":{"@id":"https:\/\/dev.monti.lt\/#\/schema\/logo\/image\/"}}]}},"_links":{"self":[{"href":"https:\/\/dev.monti.lt\/en\/wp-json\/wp\/v2\/product\/6940"}],"collection":[{"href":"https:\/\/dev.monti.lt\/en\/wp-json\/wp\/v2\/product"}],"about":[{"href":"https:\/\/dev.monti.lt\/en\/wp-json\/wp\/v2\/types\/product"}],"version-history":[{"count":3,"href":"https:\/\/dev.monti.lt\/en\/wp-json\/wp\/v2\/product\/6940\/revisions"}],"predecessor-version":[{"id":8617,"href":"https:\/\/dev.monti.lt\/en\/wp-json\/wp\/v2\/product\/6940\/revisions\/8617"}],"wp:featuredmedia":[{"embeddable":true,"href":"https:\/\/dev.monti.lt\/en\/wp-json\/wp\/v2\/media\/6944"}],"wp:attachment":[{"href":"https:\/\/dev.monti.lt\/en\/wp-json\/wp\/v2\/media?parent=6940"}],"wp:term":[{"taxonomy":"product_cat","embeddable":true,"href":"https:\/\/dev.monti.lt\/en\/wp-json\/wp\/v2\/product_cat?post=6940"},{"taxonomy":"product_tag","embeddable":true,"href":"https:\/\/dev.monti.lt\/en\/wp-json\/wp\/v2\/product_tag?post=6940"}],"curies":[{"name":"wp","href":"https:\/\/api.w.org\/{rel}","templated":true}]}}