{"id":25633,"date":"2024-10-04T09:57:37","date_gmt":"2024-10-04T09:57:37","guid":{"rendered":"https:\/\/dev.monti.lt\/?post_type=product&#038;p=25633"},"modified":"2024-12-02T00:37:33","modified_gmt":"2024-12-02T00:37:33","slug":"rc-dronas-symax26","status":"publish","type":"product","link":"https:\/\/dev.monti.lt\/en\/product\/rc-dronas-symax26\/","title":{"rendered":"RC dronas SymaX26"},"content":{"rendered":"<p><strong>Dronas Syma X26 su 2,4 GHz kli\u016b\u010di\u0173 vengimo sistema<br><\/strong><\/p><p>Dron\u0105 supa 4 jutikliai, leid\u017eiantys aptikti ir i\u0161vengti kli\u016b\u010di\u0173.<\/p><p>Automatinis kilimas ir nusileidimas vienu mygtuko paspaudimu.<\/p><p>Labai paprastas ir intuityvus valdymas!<\/p><p>Dronas turi hover funkcij\u0105, tod\u0117l gali i\u0161laikyti pastov\u0173 auk\u0161t\u012f. \u0160i\u0105 parinkt\u012f&nbsp;galima&nbsp;aktyvuoti atleidus kair\u0119 ranken\u0117l\u0119, kuri gr\u012f\u017eta \u012f centrin\u0119 pad\u0117t\u012f, tuomet dronas i\u0161laikys savo auk\u0161t\u012f.<\/p><p>Re\u017eimas be galvos padeda valdyti dron\u0105. Gal\u0117site be joki\u0173 problem\u0173 valdyti keturkopterio krypt\u012f.<\/p><figure class=\"wp-block-image\"><img decoding=\"async\" src=\"https:\/\/www.ikonka.com.pl\/img\/product_media\/36001-37000\/KX786156297.jpg\" alt=\"\"\/><\/figure><p><strong>Parametrai:<\/strong><\/p><p>3,7 V 380 mAh li\u010dio polio akumuliatorius&nbsp;<br>\u012ekrovimo laikas: apie 90 minu\u010di\u0173&nbsp;<br>Diapazonas: apie 70 metr\u0173&nbsp;<br>Skryd\u017eio laikas: apie 6 minutes&nbsp;<br>Pakuot\u0117s matmenys: 32,8 X 17,6 X 7,6 cm&nbsp;<br>Gaminio matmenys: 13,1 X 13,1 X 4,45 cm&nbsp;<br>Nuotolinio valdymo pultas: 2,4 Ghz Reikalingos AA baterijos)<br><img decoding=\"async\" src=\"https:\/\/www.ikonka.com.pl\/img\/product_media\/36001-37000\/KX786155604.jpg\"><br><\/p><p><strong>\u012e komplekt\u0105 \u012feina:<\/strong><\/p><p>&#8211; Dronas<\/p><p>&#8211; Pilotas<\/p><p>-4 papildomi sraigtai<\/p><p>&#8211; akumuliatoriaus \u012fkrovimo laidas<\/p><p>&#8211; Naudojimo instrukcija<\/p><p>&#8211; 3,7 V 380 mAh li\u010dio polio akumuliatorius<\/p>","protected":false},"excerpt":{"rendered":"<p>Dronas Syma X26 su 2,4 GHz kli\u016b\u010di\u0173 vengimo sistema Dron\u0105 supa 4 jutikliai, leid\u017eiantys aptikti ir i\u0161vengti kli\u016b\u010di\u0173. Automatinis kilimas ir nusileidimas vienu mygtuko paspaudimu. Labai paprastas ir intuityvus valdymas! Dronas turi hover funkcij\u0105, tod\u0117l gali i\u0161laikyti pastov\u0173 auk\u0161t\u012f. \u0160i\u0105 parinkt\u012f&nbsp;galima&nbsp;aktyvuoti atleidus kair\u0119 ranken\u0117l\u0119, kuri gr\u012f\u017eta \u012f centrin\u0119 pad\u0117t\u012f, tuomet dronas i\u0161laikys savo auk\u0161t\u012f. Re\u017eimas [&hellip;]<\/p>","protected":false},"featured_media":25642,"template":"","meta":{"iawp_total_views":15},"product_cat":[81,238,84,90,49,39,215],"product_tag":[101,99,100],"class_list":{"0":"post-25633","1":"product","2":"type-product","3":"status-publish","4":"has-post-thumbnail","6":"product_cat-kiti-zaislai","7":"product_cat-lauko-zaidimai","8":"product_cat-lavinamieji-zaislai","9":"product_cat-pasaulio-pazinimas","10":"product_cat-visi-zaislai","11":"product_cat-zaislai","12":"product_cat-zaislai-berniukams","13":"product_tag-12-m-14-m","14":"product_tag-8-m-11-m","15":"product_tag-15-m","17":"first","18":"instock","19":"taxable","20":"shipping-taxable","21":"purchasable","22":"product-type-simple"},"yoast_head":"<!-- This site is optimized with the Yoast SEO plugin v23.3 - https:\/\/yoast.com\/wordpress\/plugins\/seo\/ -->\n<title>RC dronas SymaX26 - Montessori \u017eaislai<\/title>\n<meta name=\"robots\" content=\"noindex, follow, max-snippet:-1, max-image-preview:large, max-video-preview:-1\" \/>\n<meta property=\"og:locale\" content=\"en_US\" \/>\n<meta property=\"og:type\" content=\"article\" \/>\n<meta property=\"og:title\" content=\"RC dronas SymaX26 - Montessori \u017eaislai\" \/>\n<meta property=\"og:description\" content=\"Dronas Syma X26 su 2,4 GHz kli\u016b\u010di\u0173 vengimo sistema Dron\u0105 supa 4 jutikliai, leid\u017eiantys aptikti ir i\u0161vengti kli\u016b\u010di\u0173. Automatinis kilimas ir nusileidimas vienu mygtuko paspaudimu. Labai paprastas ir intuityvus valdymas! Dronas turi hover funkcij\u0105, tod\u0117l gali i\u0161laikyti pastov\u0173 auk\u0161t\u012f. \u0160i\u0105 parinkt\u012f&nbsp;galima&nbsp;aktyvuoti atleidus kair\u0119 ranken\u0117l\u0119, kuri gr\u012f\u017eta \u012f centrin\u0119 pad\u0117t\u012f, tuomet dronas i\u0161laikys savo auk\u0161t\u012f. Re\u017eimas [&hellip;]\" \/>\n<meta property=\"og:url\" content=\"https:\/\/dev.monti.lt\/en\/product\/rc-dronas-symax26\/\" \/>\n<meta property=\"og:site_name\" content=\"Montessori \u017eaislai\" \/>\n<meta property=\"article:modified_time\" content=\"2024-12-02T00:37:33+00:00\" \/>\n<meta property=\"og:image\" content=\"https:\/\/dev.monti.lt\/wp-content\/uploads\/2024\/10\/Syma-X26-Obstacle-Avoidance-RC-Drone-2-4Ghz-Headless-89385.jpg\" \/>\n\t<meta property=\"og:image:width\" content=\"1200\" \/>\n\t<meta property=\"og:image:height\" content=\"1000\" \/>\n\t<meta property=\"og:image:type\" content=\"image\/jpeg\" \/>\n<meta name=\"twitter:card\" content=\"summary_large_image\" \/>\n<meta name=\"twitter:label1\" content=\"Est. reading time\" \/>\n\t<meta name=\"twitter:data1\" content=\"2 minutes\" \/>\n<script type=\"application\/ld+json\" class=\"yoast-schema-graph\">{\"@context\":\"https:\/\/schema.org\",\"@graph\":[{\"@type\":\"WebPage\",\"@id\":\"https:\/\/dev.monti.lt\/product\/rc-dronas-symax26\/\",\"url\":\"https:\/\/dev.monti.lt\/product\/rc-dronas-symax26\/\",\"name\":\"RC dronas SymaX26 - Montessori \u017eaislai\",\"isPartOf\":{\"@id\":\"https:\/\/dev.monti.lt\/#website\"},\"primaryImageOfPage\":{\"@id\":\"https:\/\/dev.monti.lt\/product\/rc-dronas-symax26\/#primaryimage\"},\"image\":{\"@id\":\"https:\/\/dev.monti.lt\/product\/rc-dronas-symax26\/#primaryimage\"},\"thumbnailUrl\":\"https:\/\/dev.monti.lt\/wp-content\/uploads\/2024\/10\/Syma-X26-Obstacle-Avoidance-RC-Drone-2-4Ghz-Headless-89385.jpg\",\"datePublished\":\"2024-10-04T09:57:37+00:00\",\"dateModified\":\"2024-12-02T00:37:33+00:00\",\"breadcrumb\":{\"@id\":\"https:\/\/dev.monti.lt\/product\/rc-dronas-symax26\/#breadcrumb\"},\"inLanguage\":\"en-US\",\"potentialAction\":[{\"@type\":\"ReadAction\",\"target\":[\"https:\/\/dev.monti.lt\/product\/rc-dronas-symax26\/\"]}]},{\"@type\":\"ImageObject\",\"inLanguage\":\"en-US\",\"@id\":\"https:\/\/dev.monti.lt\/product\/rc-dronas-symax26\/#primaryimage\",\"url\":\"https:\/\/dev.monti.lt\/wp-content\/uploads\/2024\/10\/Syma-X26-Obstacle-Avoidance-RC-Drone-2-4Ghz-Headless-89385.jpg\",\"contentUrl\":\"https:\/\/dev.monti.lt\/wp-content\/uploads\/2024\/10\/Syma-X26-Obstacle-Avoidance-RC-Drone-2-4Ghz-Headless-89385.jpg\",\"width\":1200,\"height\":1000},{\"@type\":\"BreadcrumbList\",\"@id\":\"https:\/\/dev.monti.lt\/product\/rc-dronas-symax26\/#breadcrumb\",\"itemListElement\":[{\"@type\":\"ListItem\",\"position\":1,\"name\":\"Home\",\"item\":\"https:\/\/dev.monti.lt\/\"},{\"@type\":\"ListItem\",\"position\":2,\"name\":\"Parduotuv\u0117\",\"item\":\"https:\/\/dev.monti.lt\/shop\/\"},{\"@type\":\"ListItem\",\"position\":3,\"name\":\"RC dronas SymaX26\"}]},{\"@type\":\"WebSite\",\"@id\":\"https:\/\/dev.monti.lt\/#website\",\"url\":\"https:\/\/dev.monti.lt\/\",\"name\":\"Montessori \u017eaislai\",\"description\":\"\",\"publisher\":{\"@id\":\"https:\/\/dev.monti.lt\/#organization\"},\"potentialAction\":[{\"@type\":\"SearchAction\",\"target\":{\"@type\":\"EntryPoint\",\"urlTemplate\":\"https:\/\/dev.monti.lt\/?s={search_term_string}\"},\"query-input\":\"required name=search_term_string\"}],\"inLanguage\":\"en-US\"},{\"@type\":\"Organization\",\"@id\":\"https:\/\/dev.monti.lt\/#organization\",\"name\":\"Montessori \u017eaislai\",\"url\":\"https:\/\/dev.monti.lt\/\",\"logo\":{\"@type\":\"ImageObject\",\"inLanguage\":\"en-US\",\"@id\":\"https:\/\/dev.monti.lt\/#\/schema\/logo\/image\/\",\"url\":\"https:\/\/dev.monti.lt\/wp-content\/uploads\/2022\/03\/montilogo-1.png\",\"contentUrl\":\"https:\/\/dev.monti.lt\/wp-content\/uploads\/2022\/03\/montilogo-1.png\",\"width\":512,\"height\":512,\"caption\":\"Montessori \u017eaislai\"},\"image\":{\"@id\":\"https:\/\/dev.monti.lt\/#\/schema\/logo\/image\/\"}}]}<\/script>\n<!-- \/ Yoast SEO plugin. -->","yoast_head_json":{"title":"RC dronas SymaX26 - Montessori \u017eaislai","robots":{"index":"noindex","follow":"follow","max-snippet":"max-snippet:-1","max-image-preview":"max-image-preview:large","max-video-preview":"max-video-preview:-1"},"og_locale":"en_US","og_type":"article","og_title":"RC dronas SymaX26 - Montessori \u017eaislai","og_description":"Dronas Syma X26 su 2,4 GHz kli\u016b\u010di\u0173 vengimo sistema Dron\u0105 supa 4 jutikliai, leid\u017eiantys aptikti ir i\u0161vengti kli\u016b\u010di\u0173. Automatinis kilimas ir nusileidimas vienu mygtuko paspaudimu. Labai paprastas ir intuityvus valdymas! Dronas turi hover funkcij\u0105, tod\u0117l gali i\u0161laikyti pastov\u0173 auk\u0161t\u012f. \u0160i\u0105 parinkt\u012f&nbsp;galima&nbsp;aktyvuoti atleidus kair\u0119 ranken\u0117l\u0119, kuri gr\u012f\u017eta \u012f centrin\u0119 pad\u0117t\u012f, tuomet dronas i\u0161laikys savo auk\u0161t\u012f. Re\u017eimas [&hellip;]","og_url":"https:\/\/dev.monti.lt\/en\/product\/rc-dronas-symax26\/","og_site_name":"Montessori \u017eaislai","article_modified_time":"2024-12-02T00:37:33+00:00","og_image":[{"width":1200,"height":1000,"url":"https:\/\/dev.monti.lt\/wp-content\/uploads\/2024\/10\/Syma-X26-Obstacle-Avoidance-RC-Drone-2-4Ghz-Headless-89385.jpg","type":"image\/jpeg"}],"twitter_card":"summary_large_image","twitter_misc":{"Est. reading time":"2 minutes"},"schema":{"@context":"https:\/\/schema.org","@graph":[{"@type":"WebPage","@id":"https:\/\/dev.monti.lt\/product\/rc-dronas-symax26\/","url":"https:\/\/dev.monti.lt\/product\/rc-dronas-symax26\/","name":"RC dronas SymaX26 - Montessori \u017eaislai","isPartOf":{"@id":"https:\/\/dev.monti.lt\/#website"},"primaryImageOfPage":{"@id":"https:\/\/dev.monti.lt\/product\/rc-dronas-symax26\/#primaryimage"},"image":{"@id":"https:\/\/dev.monti.lt\/product\/rc-dronas-symax26\/#primaryimage"},"thumbnailUrl":"https:\/\/dev.monti.lt\/wp-content\/uploads\/2024\/10\/Syma-X26-Obstacle-Avoidance-RC-Drone-2-4Ghz-Headless-89385.jpg","datePublished":"2024-10-04T09:57:37+00:00","dateModified":"2024-12-02T00:37:33+00:00","breadcrumb":{"@id":"https:\/\/dev.monti.lt\/product\/rc-dronas-symax26\/#breadcrumb"},"inLanguage":"en-US","potentialAction":[{"@type":"ReadAction","target":["https:\/\/dev.monti.lt\/product\/rc-dronas-symax26\/"]}]},{"@type":"ImageObject","inLanguage":"en-US","@id":"https:\/\/dev.monti.lt\/product\/rc-dronas-symax26\/#primaryimage","url":"https:\/\/dev.monti.lt\/wp-content\/uploads\/2024\/10\/Syma-X26-Obstacle-Avoidance-RC-Drone-2-4Ghz-Headless-89385.jpg","contentUrl":"https:\/\/dev.monti.lt\/wp-content\/uploads\/2024\/10\/Syma-X26-Obstacle-Avoidance-RC-Drone-2-4Ghz-Headless-89385.jpg","width":1200,"height":1000},{"@type":"BreadcrumbList","@id":"https:\/\/dev.monti.lt\/product\/rc-dronas-symax26\/#breadcrumb","itemListElement":[{"@type":"ListItem","position":1,"name":"Home","item":"https:\/\/dev.monti.lt\/"},{"@type":"ListItem","position":2,"name":"Parduotuv\u0117","item":"https:\/\/dev.monti.lt\/shop\/"},{"@type":"ListItem","position":3,"name":"RC dronas SymaX26"}]},{"@type":"WebSite","@id":"https:\/\/dev.monti.lt\/#website","url":"https:\/\/dev.monti.lt\/","name":"Montessori \u017eaislai","description":"","publisher":{"@id":"https:\/\/dev.monti.lt\/#organization"},"potentialAction":[{"@type":"SearchAction","target":{"@type":"EntryPoint","urlTemplate":"https:\/\/dev.monti.lt\/?s={search_term_string}"},"query-input":"required name=search_term_string"}],"inLanguage":"en-US"},{"@type":"Organization","@id":"https:\/\/dev.monti.lt\/#organization","name":"Montessori \u017eaislai","url":"https:\/\/dev.monti.lt\/","logo":{"@type":"ImageObject","inLanguage":"en-US","@id":"https:\/\/dev.monti.lt\/#\/schema\/logo\/image\/","url":"https:\/\/dev.monti.lt\/wp-content\/uploads\/2022\/03\/montilogo-1.png","contentUrl":"https:\/\/dev.monti.lt\/wp-content\/uploads\/2022\/03\/montilogo-1.png","width":512,"height":512,"caption":"Montessori \u017eaislai"},"image":{"@id":"https:\/\/dev.monti.lt\/#\/schema\/logo\/image\/"}}]}},"_links":{"self":[{"href":"https:\/\/dev.monti.lt\/en\/wp-json\/wp\/v2\/product\/25633"}],"collection":[{"href":"https:\/\/dev.monti.lt\/en\/wp-json\/wp\/v2\/product"}],"about":[{"href":"https:\/\/dev.monti.lt\/en\/wp-json\/wp\/v2\/types\/product"}],"version-history":[{"count":1,"href":"https:\/\/dev.monti.lt\/en\/wp-json\/wp\/v2\/product\/25633\/revisions"}],"predecessor-version":[{"id":25643,"href":"https:\/\/dev.monti.lt\/en\/wp-json\/wp\/v2\/product\/25633\/revisions\/25643"}],"wp:featuredmedia":[{"embeddable":true,"href":"https:\/\/dev.monti.lt\/en\/wp-json\/wp\/v2\/media\/25642"}],"wp:attachment":[{"href":"https:\/\/dev.monti.lt\/en\/wp-json\/wp\/v2\/media?parent=25633"}],"wp:term":[{"taxonomy":"product_cat","embeddable":true,"href":"https:\/\/dev.monti.lt\/en\/wp-json\/wp\/v2\/product_cat?post=25633"},{"taxonomy":"product_tag","embeddable":true,"href":"https:\/\/dev.monti.lt\/en\/wp-json\/wp\/v2\/product_tag?post=25633"}],"curies":[{"name":"wp","href":"https:\/\/api.w.org\/{rel}","templated":true}]}}