{"id":25579,"date":"2024-10-04T06:46:26","date_gmt":"2024-10-04T06:46:26","guid":{"rendered":"https:\/\/dev.monti.lt\/?post_type=product&#038;p=25579"},"modified":"2024-10-08T09:56:42","modified_gmt":"2024-10-08T09:56:42","slug":"kurybinis-rinkinys-dinozauru-terariumas","status":"publish","type":"product","link":"https:\/\/dev.monti.lt\/en\/product\/kurybinis-rinkinys-dinozauru-terariumas\/","title":{"rendered":"K\u016brybinis rinkinys &#8220;Dinozaur\u0173 terariumas&#8221;"},"content":{"rendered":"<p>Am\u017eius: 6+. Talpyklos i\u0161matavimai: 10 cm x 10 cm x 16 cm. Talpyklos i\u0161matavimai: 14 cm x 16,5 cm x 10,5 cm.<\/p>","protected":false},"excerpt":{"rendered":"<p>Am\u017eius: 6+. Talpyklos i\u0161matavimai: 10 cm x 10 cm x 16 cm. Talpyklos i\u0161matavimai: 14 cm x 16,5 cm x 10,5 cm.<\/p>","protected":false},"featured_media":25580,"template":"","meta":{"iawp_total_views":3},"product_cat":[217,197,191,84,90,49,39,215],"product_tag":[98,99],"class_list":{"0":"post-25579","1":"product","2":"type-product","3":"status-publish","4":"has-post-thumbnail","6":"product_cat-dovanos-5-7-metu-vaikams","7":"product_cat-dovanos-berniukams","8":"product_cat-dovanos-vaikams","9":"product_cat-lavinamieji-zaislai","10":"product_cat-pasaulio-pazinimas","11":"product_cat-visi-zaislai","12":"product_cat-zaislai","13":"product_cat-zaislai-berniukams","14":"product_tag-5-m-7-m","15":"product_tag-8-m-11-m","17":"first","18":"instock","19":"taxable","20":"shipping-taxable","21":"purchasable","22":"product-type-simple"},"yoast_head":"<!-- This site is optimized with the Yoast SEO plugin v23.3 - https:\/\/yoast.com\/wordpress\/plugins\/seo\/ -->\n<title>K\u016brybinis rinkinys &quot;Dinozaur\u0173 terariumas&quot; - Montessori \u017eaislai<\/title>\n<meta name=\"robots\" content=\"noindex, follow, max-snippet:-1, max-image-preview:large, max-video-preview:-1\" \/>\n<meta property=\"og:locale\" content=\"en_US\" \/>\n<meta property=\"og:type\" content=\"article\" \/>\n<meta property=\"og:title\" content=\"K\u016brybinis rinkinys &quot;Dinozaur\u0173 terariumas&quot; - Montessori \u017eaislai\" \/>\n<meta property=\"og:description\" content=\"Am\u017eius: 6+. Talpyklos i\u0161matavimai: 10 cm x 10 cm x 16 cm. Talpyklos i\u0161matavimai: 14 cm x 16,5 cm x 10,5 cm.\" \/>\n<meta property=\"og:url\" content=\"https:\/\/dev.monti.lt\/en\/product\/kurybinis-rinkinys-dinozauru-terariumas\/\" \/>\n<meta property=\"og:site_name\" content=\"Montessori \u017eaislai\" \/>\n<meta property=\"article:modified_time\" content=\"2024-10-08T09:56:42+00:00\" \/>\n<meta property=\"og:image\" content=\"https:\/\/dev.monti.lt\/wp-content\/uploads\/2024\/10\/Dinosaur-breeding-terrarium-projector-with-LED-night-light-154033-2.jpg\" \/>\n\t<meta property=\"og:image:width\" content=\"1171\" \/>\n\t<meta property=\"og:image:height\" content=\"796\" \/>\n\t<meta property=\"og:image:type\" content=\"image\/jpeg\" \/>\n<meta name=\"twitter:card\" content=\"summary_large_image\" \/>\n<meta name=\"twitter:label1\" content=\"Est. reading time\" \/>\n\t<meta name=\"twitter:data1\" content=\"1 minute\" \/>\n<script type=\"application\/ld+json\" class=\"yoast-schema-graph\">{\"@context\":\"https:\/\/schema.org\",\"@graph\":[{\"@type\":\"WebPage\",\"@id\":\"https:\/\/dev.monti.lt\/product\/kurybinis-rinkinys-dinozauru-terariumas\/\",\"url\":\"https:\/\/dev.monti.lt\/product\/kurybinis-rinkinys-dinozauru-terariumas\/\",\"name\":\"K\u016brybinis rinkinys \\\"Dinozaur\u0173 terariumas\\\" - Montessori \u017eaislai\",\"isPartOf\":{\"@id\":\"https:\/\/dev.monti.lt\/#website\"},\"primaryImageOfPage\":{\"@id\":\"https:\/\/dev.monti.lt\/product\/kurybinis-rinkinys-dinozauru-terariumas\/#primaryimage\"},\"image\":{\"@id\":\"https:\/\/dev.monti.lt\/product\/kurybinis-rinkinys-dinozauru-terariumas\/#primaryimage\"},\"thumbnailUrl\":\"https:\/\/dev.monti.lt\/wp-content\/uploads\/2024\/10\/Dinosaur-breeding-terrarium-projector-with-LED-night-light-154033-2.jpg\",\"datePublished\":\"2024-10-04T06:46:26+00:00\",\"dateModified\":\"2024-10-08T09:56:42+00:00\",\"breadcrumb\":{\"@id\":\"https:\/\/dev.monti.lt\/product\/kurybinis-rinkinys-dinozauru-terariumas\/#breadcrumb\"},\"inLanguage\":\"en-US\",\"potentialAction\":[{\"@type\":\"ReadAction\",\"target\":[\"https:\/\/dev.monti.lt\/product\/kurybinis-rinkinys-dinozauru-terariumas\/\"]}]},{\"@type\":\"ImageObject\",\"inLanguage\":\"en-US\",\"@id\":\"https:\/\/dev.monti.lt\/product\/kurybinis-rinkinys-dinozauru-terariumas\/#primaryimage\",\"url\":\"https:\/\/dev.monti.lt\/wp-content\/uploads\/2024\/10\/Dinosaur-breeding-terrarium-projector-with-LED-night-light-154033-2.jpg\",\"contentUrl\":\"https:\/\/dev.monti.lt\/wp-content\/uploads\/2024\/10\/Dinosaur-breeding-terrarium-projector-with-LED-night-light-154033-2.jpg\",\"width\":1171,\"height\":796},{\"@type\":\"BreadcrumbList\",\"@id\":\"https:\/\/dev.monti.lt\/product\/kurybinis-rinkinys-dinozauru-terariumas\/#breadcrumb\",\"itemListElement\":[{\"@type\":\"ListItem\",\"position\":1,\"name\":\"Home\",\"item\":\"https:\/\/dev.monti.lt\/\"},{\"@type\":\"ListItem\",\"position\":2,\"name\":\"Parduotuv\u0117\",\"item\":\"https:\/\/dev.monti.lt\/shop\/\"},{\"@type\":\"ListItem\",\"position\":3,\"name\":\"K\u016brybinis rinkinys &#8220;Dinozaur\u0173 terariumas&#8221;\"}]},{\"@type\":\"WebSite\",\"@id\":\"https:\/\/dev.monti.lt\/#website\",\"url\":\"https:\/\/dev.monti.lt\/\",\"name\":\"Montessori \u017eaislai\",\"description\":\"\",\"publisher\":{\"@id\":\"https:\/\/dev.monti.lt\/#organization\"},\"potentialAction\":[{\"@type\":\"SearchAction\",\"target\":{\"@type\":\"EntryPoint\",\"urlTemplate\":\"https:\/\/dev.monti.lt\/?s={search_term_string}\"},\"query-input\":\"required name=search_term_string\"}],\"inLanguage\":\"en-US\"},{\"@type\":\"Organization\",\"@id\":\"https:\/\/dev.monti.lt\/#organization\",\"name\":\"Montessori \u017eaislai\",\"url\":\"https:\/\/dev.monti.lt\/\",\"logo\":{\"@type\":\"ImageObject\",\"inLanguage\":\"en-US\",\"@id\":\"https:\/\/dev.monti.lt\/#\/schema\/logo\/image\/\",\"url\":\"https:\/\/dev.monti.lt\/wp-content\/uploads\/2022\/03\/montilogo-1.png\",\"contentUrl\":\"https:\/\/dev.monti.lt\/wp-content\/uploads\/2022\/03\/montilogo-1.png\",\"width\":512,\"height\":512,\"caption\":\"Montessori \u017eaislai\"},\"image\":{\"@id\":\"https:\/\/dev.monti.lt\/#\/schema\/logo\/image\/\"}}]}<\/script>\n<!-- \/ Yoast SEO plugin. -->","yoast_head_json":{"title":"K\u016brybinis rinkinys \"Dinozaur\u0173 terariumas\" - Montessori \u017eaislai","robots":{"index":"noindex","follow":"follow","max-snippet":"max-snippet:-1","max-image-preview":"max-image-preview:large","max-video-preview":"max-video-preview:-1"},"og_locale":"en_US","og_type":"article","og_title":"K\u016brybinis rinkinys \"Dinozaur\u0173 terariumas\" - Montessori \u017eaislai","og_description":"Am\u017eius: 6+. Talpyklos i\u0161matavimai: 10 cm x 10 cm x 16 cm. Talpyklos i\u0161matavimai: 14 cm x 16,5 cm x 10,5 cm.","og_url":"https:\/\/dev.monti.lt\/en\/product\/kurybinis-rinkinys-dinozauru-terariumas\/","og_site_name":"Montessori \u017eaislai","article_modified_time":"2024-10-08T09:56:42+00:00","og_image":[{"width":1171,"height":796,"url":"https:\/\/dev.monti.lt\/wp-content\/uploads\/2024\/10\/Dinosaur-breeding-terrarium-projector-with-LED-night-light-154033-2.jpg","type":"image\/jpeg"}],"twitter_card":"summary_large_image","twitter_misc":{"Est. reading time":"1 minute"},"schema":{"@context":"https:\/\/schema.org","@graph":[{"@type":"WebPage","@id":"https:\/\/dev.monti.lt\/product\/kurybinis-rinkinys-dinozauru-terariumas\/","url":"https:\/\/dev.monti.lt\/product\/kurybinis-rinkinys-dinozauru-terariumas\/","name":"K\u016brybinis rinkinys \"Dinozaur\u0173 terariumas\" - Montessori \u017eaislai","isPartOf":{"@id":"https:\/\/dev.monti.lt\/#website"},"primaryImageOfPage":{"@id":"https:\/\/dev.monti.lt\/product\/kurybinis-rinkinys-dinozauru-terariumas\/#primaryimage"},"image":{"@id":"https:\/\/dev.monti.lt\/product\/kurybinis-rinkinys-dinozauru-terariumas\/#primaryimage"},"thumbnailUrl":"https:\/\/dev.monti.lt\/wp-content\/uploads\/2024\/10\/Dinosaur-breeding-terrarium-projector-with-LED-night-light-154033-2.jpg","datePublished":"2024-10-04T06:46:26+00:00","dateModified":"2024-10-08T09:56:42+00:00","breadcrumb":{"@id":"https:\/\/dev.monti.lt\/product\/kurybinis-rinkinys-dinozauru-terariumas\/#breadcrumb"},"inLanguage":"en-US","potentialAction":[{"@type":"ReadAction","target":["https:\/\/dev.monti.lt\/product\/kurybinis-rinkinys-dinozauru-terariumas\/"]}]},{"@type":"ImageObject","inLanguage":"en-US","@id":"https:\/\/dev.monti.lt\/product\/kurybinis-rinkinys-dinozauru-terariumas\/#primaryimage","url":"https:\/\/dev.monti.lt\/wp-content\/uploads\/2024\/10\/Dinosaur-breeding-terrarium-projector-with-LED-night-light-154033-2.jpg","contentUrl":"https:\/\/dev.monti.lt\/wp-content\/uploads\/2024\/10\/Dinosaur-breeding-terrarium-projector-with-LED-night-light-154033-2.jpg","width":1171,"height":796},{"@type":"BreadcrumbList","@id":"https:\/\/dev.monti.lt\/product\/kurybinis-rinkinys-dinozauru-terariumas\/#breadcrumb","itemListElement":[{"@type":"ListItem","position":1,"name":"Home","item":"https:\/\/dev.monti.lt\/"},{"@type":"ListItem","position":2,"name":"Parduotuv\u0117","item":"https:\/\/dev.monti.lt\/shop\/"},{"@type":"ListItem","position":3,"name":"K\u016brybinis rinkinys &#8220;Dinozaur\u0173 terariumas&#8221;"}]},{"@type":"WebSite","@id":"https:\/\/dev.monti.lt\/#website","url":"https:\/\/dev.monti.lt\/","name":"Montessori \u017eaislai","description":"","publisher":{"@id":"https:\/\/dev.monti.lt\/#organization"},"potentialAction":[{"@type":"SearchAction","target":{"@type":"EntryPoint","urlTemplate":"https:\/\/dev.monti.lt\/?s={search_term_string}"},"query-input":"required name=search_term_string"}],"inLanguage":"en-US"},{"@type":"Organization","@id":"https:\/\/dev.monti.lt\/#organization","name":"Montessori \u017eaislai","url":"https:\/\/dev.monti.lt\/","logo":{"@type":"ImageObject","inLanguage":"en-US","@id":"https:\/\/dev.monti.lt\/#\/schema\/logo\/image\/","url":"https:\/\/dev.monti.lt\/wp-content\/uploads\/2022\/03\/montilogo-1.png","contentUrl":"https:\/\/dev.monti.lt\/wp-content\/uploads\/2022\/03\/montilogo-1.png","width":512,"height":512,"caption":"Montessori \u017eaislai"},"image":{"@id":"https:\/\/dev.monti.lt\/#\/schema\/logo\/image\/"}}]}},"_links":{"self":[{"href":"https:\/\/dev.monti.lt\/en\/wp-json\/wp\/v2\/product\/25579"}],"collection":[{"href":"https:\/\/dev.monti.lt\/en\/wp-json\/wp\/v2\/product"}],"about":[{"href":"https:\/\/dev.monti.lt\/en\/wp-json\/wp\/v2\/types\/product"}],"version-history":[{"count":1,"href":"https:\/\/dev.monti.lt\/en\/wp-json\/wp\/v2\/product\/25579\/revisions"}],"predecessor-version":[{"id":25581,"href":"https:\/\/dev.monti.lt\/en\/wp-json\/wp\/v2\/product\/25579\/revisions\/25581"}],"wp:featuredmedia":[{"embeddable":true,"href":"https:\/\/dev.monti.lt\/en\/wp-json\/wp\/v2\/media\/25580"}],"wp:attachment":[{"href":"https:\/\/dev.monti.lt\/en\/wp-json\/wp\/v2\/media?parent=25579"}],"wp:term":[{"taxonomy":"product_cat","embeddable":true,"href":"https:\/\/dev.monti.lt\/en\/wp-json\/wp\/v2\/product_cat?post=25579"},{"taxonomy":"product_tag","embeddable":true,"href":"https:\/\/dev.monti.lt\/en\/wp-json\/wp\/v2\/product_tag?post=25579"}],"curies":[{"name":"wp","href":"https:\/\/api.w.org\/{rel}","templated":true}]}}