{"id":25555,"date":"2024-10-03T09:32:40","date_gmt":"2024-10-03T09:32:40","guid":{"rendered":"https:\/\/dev.monti.lt\/?post_type=product&#038;p=25555"},"modified":"2025-02-18T17:25:36","modified_gmt":"2025-02-18T17:25:36","slug":"zvejybos-zaidimas","status":"publish","type":"product","link":"https:\/\/dev.monti.lt\/en\/product\/zvejybos-zaidimas\/","title":{"rendered":"\u017dvejybos \u017eaidimas"},"content":{"rendered":"<p>Pasinerkite \u012f jaudinant\u012f \u017evejybos nuotyk\u012f.<\/p><p>Puikus \u017eaidimas nukels ma\u017eyl\u012f tiesiai \u012f e\u017eer\u0173, j\u016br\u0173 ir vandenyn\u0173 gelmes.<\/p><p>Kiekvienas vaikas pasijus kaip profesionalus \u017evejys. Rinkinys bus vaik\u0173 svajoni\u0173 i\u0161sipildymas ir suteiks daugyb\u0119 nesibaigian\u010di\u0173 linksmybi\u0173.<\/p><p>\u017daidimo taisykl\u0117s.<\/p><p>\u017daidimas skirtas 1-2 \u017eaid\u0117jams.<\/p><p>Prie\u0161 prad\u0117dami \u017eaidim\u0105, \u012fd\u0117kite baterijas \u012f \u017eaisl\u0105. Tada \u012f lentoje esan\u010dias skylutes \u012fd\u0117kite \u017euvis ir prad\u0117kite.<\/p><p>\u012esid\u0117kite me\u0161keres \u012f rankas ir imkit\u0117s darbo! Vidurin\u0117 lentos dalis sukasi, taip i\u0161judindama \u017euvis, kurios atidaro burnas.<\/p><p>U\u017eduotis atrodo paprasta? Tegul i\u0161vaizda j\u016bs\u0173 neapgauna. Ji reikalauja did\u017eiulio susikaupimo ir d\u0117mesio. \u017duvys yra labai gudrios ir daro visk\u0105, kad i\u0161vengt\u0173 sugavimo.<\/p><p>Pramog\u0105 sustiprina garso efektai, kuriuos prireikus galima \u012fjungti arba i\u0161jungti. Lentoje \u012ftaisytas skydelis su mygtukais, kuriais galima keisti garsus.<\/p><p>Fantasti\u0161ka pramoga garantuota. Patikrinkite ir \u012fsitikinkite patys.<\/p><p>\u017duvies gaudymo \u017eaidimas &#8211; tai itin \u012fdomios pramogos, padedan\u010dios tinkamai vystytis vaikui, pasi\u016blymas. Galite b\u016bti tikri, kad su \u0161iuo rinkiniu nebus laiko nuobod\u017eiauti.<\/p><p>\u017daidimo metu vaikas lavina refleksus ir koncentracijos \u012fg\u016bd\u017eius bei lavina rank\u0173 darbo \u012fg\u016bd\u017eius. Be to, \u017eaisdamas su bendraam\u017eiais ar nami\u0161kiais, ma\u017eylis i\u0161moks sveikai konkuruoti, tod\u0117l laim\u0117s ir pralaim\u0117s vadinamuoju orumu.<\/p><p>Subtilios spalvos ir originalus dizainas patrauks vaiko d\u0117mes\u012f ir skatins \u017eaisti.<\/p><p>Puiki dovanos id\u0117ja ma\u017eajam \u017evejui.<\/p><p>Rinkinio turinys:<\/p><p>16 ma\u017e\u0173 \u017euveli\u0173<br>8 didel\u0117s \u017euvys<br>2 me\u0161ker\u0117s<br>1 lipduk\u0173 rinkinys<br>1 besisukantis pagrindas<\/p><p>Vaiko am\u017eius: 3+<\/p><p>Plastikas: plastikinis<\/p><p>Maitinimo \u0161altinis: plastikas: plastikas, plastikas: Baterija: 3 x AA (\u012f komplekt\u0105 ne\u012feina)<\/p><p>Gaminio matmenys:<\/p><p>Pagrindas: 3 vnt: Pagrindo matmenys: 24 x 24 x 4,5 cm<br>Strypai: 17 cm<br>Ma\u017eos \u017euvyt\u0117s auk\u0161tis: 3 cm<br>Didel\u0117s \u017euvies auk\u0161tis: 3,5 cm<br>Lipdukai: 12 x 6 cm<\/p>","protected":false},"excerpt":{"rendered":"<p>Pasinerkite \u012f jaudinant\u012f \u017evejybos nuotyk\u012f. Puikus \u017eaidimas nukels ma\u017eyl\u012f tiesiai \u012f e\u017eer\u0173, j\u016br\u0173 ir vandenyn\u0173 gelmes. Kiekvienas vaikas pasijus kaip profesionalus \u017evejys. Rinkinys bus vaik\u0173 svajoni\u0173 i\u0161sipildymas ir suteiks daugyb\u0119 nesibaigian\u010di\u0173 linksmybi\u0173. \u017daidimo taisykl\u0117s. \u017daidimas skirtas 1-2 \u017eaid\u0117jams. Prie\u0161 prad\u0117dami \u017eaidim\u0105, \u012fd\u0117kite baterijas \u012f \u017eaisl\u0105. Tada \u012f lentoje esan\u010dias skylutes \u012fd\u0117kite \u017euvis ir prad\u0117kite. \u012esid\u0117kite [&hellip;]<\/p>","protected":false},"featured_media":25556,"template":"","meta":{"iawp_total_views":15},"product_cat":[49,39],"product_tag":[97,98],"class_list":{"0":"post-25555","1":"product","2":"type-product","3":"status-publish","4":"has-post-thumbnail","6":"product_cat-visi-zaislai","7":"product_cat-zaislai","8":"product_tag-3-m-4-m","9":"product_tag-5-m-7-m","11":"first","12":"instock","13":"taxable","14":"shipping-taxable","15":"purchasable","16":"product-type-simple"},"yoast_head":"<!-- This site is optimized with the Yoast SEO plugin v23.3 - https:\/\/yoast.com\/wordpress\/plugins\/seo\/ -->\n<title>\u017dvejybos \u017eaidimas - Montessori \u017eaislai<\/title>\n<meta name=\"robots\" content=\"noindex, follow, max-snippet:-1, max-image-preview:large, max-video-preview:-1\" \/>\n<meta property=\"og:locale\" content=\"en_US\" \/>\n<meta property=\"og:type\" content=\"article\" \/>\n<meta property=\"og:title\" content=\"\u017dvejybos \u017eaidimas - Montessori \u017eaislai\" \/>\n<meta property=\"og:description\" content=\"Pasinerkite \u012f jaudinant\u012f \u017evejybos nuotyk\u012f. Puikus \u017eaidimas nukels ma\u017eyl\u012f tiesiai \u012f e\u017eer\u0173, j\u016br\u0173 ir vandenyn\u0173 gelmes. Kiekvienas vaikas pasijus kaip profesionalus \u017evejys. Rinkinys bus vaik\u0173 svajoni\u0173 i\u0161sipildymas ir suteiks daugyb\u0119 nesibaigian\u010di\u0173 linksmybi\u0173. \u017daidimo taisykl\u0117s. \u017daidimas skirtas 1-2 \u017eaid\u0117jams. Prie\u0161 prad\u0117dami \u017eaidim\u0105, \u012fd\u0117kite baterijas \u012f \u017eaisl\u0105. Tada \u012f lentoje esan\u010dias skylutes \u012fd\u0117kite \u017euvis ir prad\u0117kite. \u012esid\u0117kite [&hellip;]\" \/>\n<meta property=\"og:url\" content=\"https:\/\/dev.monti.lt\/en\/product\/zvejybos-zaidimas\/\" \/>\n<meta property=\"og:site_name\" content=\"Montessori \u017eaislai\" \/>\n<meta property=\"article:modified_time\" content=\"2025-02-18T17:25:36+00:00\" \/>\n<meta property=\"og:image\" content=\"https:\/\/dev.monti.lt\/wp-content\/uploads\/2024\/10\/Family-game-fish-fishing-accessories-blue-27el-99581.jpg\" \/>\n\t<meta property=\"og:image:width\" content=\"1024\" \/>\n\t<meta property=\"og:image:height\" content=\"1024\" \/>\n\t<meta property=\"og:image:type\" content=\"image\/jpeg\" \/>\n<meta name=\"twitter:card\" content=\"summary_large_image\" \/>\n<meta name=\"twitter:label1\" content=\"Est. reading time\" \/>\n\t<meta name=\"twitter:data1\" content=\"2 minutes\" \/>\n<script type=\"application\/ld+json\" class=\"yoast-schema-graph\">{\"@context\":\"https:\/\/schema.org\",\"@graph\":[{\"@type\":\"WebPage\",\"@id\":\"https:\/\/dev.monti.lt\/product\/zvejybos-zaidimas\/\",\"url\":\"https:\/\/dev.monti.lt\/product\/zvejybos-zaidimas\/\",\"name\":\"\u017dvejybos \u017eaidimas - Montessori \u017eaislai\",\"isPartOf\":{\"@id\":\"https:\/\/dev.monti.lt\/#website\"},\"primaryImageOfPage\":{\"@id\":\"https:\/\/dev.monti.lt\/product\/zvejybos-zaidimas\/#primaryimage\"},\"image\":{\"@id\":\"https:\/\/dev.monti.lt\/product\/zvejybos-zaidimas\/#primaryimage\"},\"thumbnailUrl\":\"https:\/\/dev.monti.lt\/wp-content\/uploads\/2024\/10\/Family-game-fish-fishing-accessories-blue-27el-99581.jpg\",\"datePublished\":\"2024-10-03T09:32:40+00:00\",\"dateModified\":\"2025-02-18T17:25:36+00:00\",\"breadcrumb\":{\"@id\":\"https:\/\/dev.monti.lt\/product\/zvejybos-zaidimas\/#breadcrumb\"},\"inLanguage\":\"en-US\",\"potentialAction\":[{\"@type\":\"ReadAction\",\"target\":[\"https:\/\/dev.monti.lt\/product\/zvejybos-zaidimas\/\"]}]},{\"@type\":\"ImageObject\",\"inLanguage\":\"en-US\",\"@id\":\"https:\/\/dev.monti.lt\/product\/zvejybos-zaidimas\/#primaryimage\",\"url\":\"https:\/\/dev.monti.lt\/wp-content\/uploads\/2024\/10\/Family-game-fish-fishing-accessories-blue-27el-99581.jpg\",\"contentUrl\":\"https:\/\/dev.monti.lt\/wp-content\/uploads\/2024\/10\/Family-game-fish-fishing-accessories-blue-27el-99581.jpg\",\"width\":1024,\"height\":1024,\"caption\":\"zvejybos zaidimas\"},{\"@type\":\"BreadcrumbList\",\"@id\":\"https:\/\/dev.monti.lt\/product\/zvejybos-zaidimas\/#breadcrumb\",\"itemListElement\":[{\"@type\":\"ListItem\",\"position\":1,\"name\":\"Home\",\"item\":\"https:\/\/dev.monti.lt\/\"},{\"@type\":\"ListItem\",\"position\":2,\"name\":\"Parduotuv\u0117\",\"item\":\"https:\/\/dev.monti.lt\/shop\/\"},{\"@type\":\"ListItem\",\"position\":3,\"name\":\"\u017dvejybos \u017eaidimas\"}]},{\"@type\":\"WebSite\",\"@id\":\"https:\/\/dev.monti.lt\/#website\",\"url\":\"https:\/\/dev.monti.lt\/\",\"name\":\"Montessori \u017eaislai\",\"description\":\"\",\"publisher\":{\"@id\":\"https:\/\/dev.monti.lt\/#organization\"},\"potentialAction\":[{\"@type\":\"SearchAction\",\"target\":{\"@type\":\"EntryPoint\",\"urlTemplate\":\"https:\/\/dev.monti.lt\/?s={search_term_string}\"},\"query-input\":\"required name=search_term_string\"}],\"inLanguage\":\"en-US\"},{\"@type\":\"Organization\",\"@id\":\"https:\/\/dev.monti.lt\/#organization\",\"name\":\"Montessori \u017eaislai\",\"url\":\"https:\/\/dev.monti.lt\/\",\"logo\":{\"@type\":\"ImageObject\",\"inLanguage\":\"en-US\",\"@id\":\"https:\/\/dev.monti.lt\/#\/schema\/logo\/image\/\",\"url\":\"https:\/\/dev.monti.lt\/wp-content\/uploads\/2022\/03\/montilogo-1.png\",\"contentUrl\":\"https:\/\/dev.monti.lt\/wp-content\/uploads\/2022\/03\/montilogo-1.png\",\"width\":512,\"height\":512,\"caption\":\"Montessori \u017eaislai\"},\"image\":{\"@id\":\"https:\/\/dev.monti.lt\/#\/schema\/logo\/image\/\"}}]}<\/script>\n<!-- \/ Yoast SEO plugin. -->","yoast_head_json":{"title":"\u017dvejybos \u017eaidimas - Montessori \u017eaislai","robots":{"index":"noindex","follow":"follow","max-snippet":"max-snippet:-1","max-image-preview":"max-image-preview:large","max-video-preview":"max-video-preview:-1"},"og_locale":"en_US","og_type":"article","og_title":"\u017dvejybos \u017eaidimas - Montessori \u017eaislai","og_description":"Pasinerkite \u012f jaudinant\u012f \u017evejybos nuotyk\u012f. Puikus \u017eaidimas nukels ma\u017eyl\u012f tiesiai \u012f e\u017eer\u0173, j\u016br\u0173 ir vandenyn\u0173 gelmes. Kiekvienas vaikas pasijus kaip profesionalus \u017evejys. Rinkinys bus vaik\u0173 svajoni\u0173 i\u0161sipildymas ir suteiks daugyb\u0119 nesibaigian\u010di\u0173 linksmybi\u0173. \u017daidimo taisykl\u0117s. \u017daidimas skirtas 1-2 \u017eaid\u0117jams. Prie\u0161 prad\u0117dami \u017eaidim\u0105, \u012fd\u0117kite baterijas \u012f \u017eaisl\u0105. Tada \u012f lentoje esan\u010dias skylutes \u012fd\u0117kite \u017euvis ir prad\u0117kite. \u012esid\u0117kite [&hellip;]","og_url":"https:\/\/dev.monti.lt\/en\/product\/zvejybos-zaidimas\/","og_site_name":"Montessori \u017eaislai","article_modified_time":"2025-02-18T17:25:36+00:00","og_image":[{"width":1024,"height":1024,"url":"https:\/\/dev.monti.lt\/wp-content\/uploads\/2024\/10\/Family-game-fish-fishing-accessories-blue-27el-99581.jpg","type":"image\/jpeg"}],"twitter_card":"summary_large_image","twitter_misc":{"Est. reading time":"2 minutes"},"schema":{"@context":"https:\/\/schema.org","@graph":[{"@type":"WebPage","@id":"https:\/\/dev.monti.lt\/product\/zvejybos-zaidimas\/","url":"https:\/\/dev.monti.lt\/product\/zvejybos-zaidimas\/","name":"\u017dvejybos \u017eaidimas - Montessori \u017eaislai","isPartOf":{"@id":"https:\/\/dev.monti.lt\/#website"},"primaryImageOfPage":{"@id":"https:\/\/dev.monti.lt\/product\/zvejybos-zaidimas\/#primaryimage"},"image":{"@id":"https:\/\/dev.monti.lt\/product\/zvejybos-zaidimas\/#primaryimage"},"thumbnailUrl":"https:\/\/dev.monti.lt\/wp-content\/uploads\/2024\/10\/Family-game-fish-fishing-accessories-blue-27el-99581.jpg","datePublished":"2024-10-03T09:32:40+00:00","dateModified":"2025-02-18T17:25:36+00:00","breadcrumb":{"@id":"https:\/\/dev.monti.lt\/product\/zvejybos-zaidimas\/#breadcrumb"},"inLanguage":"en-US","potentialAction":[{"@type":"ReadAction","target":["https:\/\/dev.monti.lt\/product\/zvejybos-zaidimas\/"]}]},{"@type":"ImageObject","inLanguage":"en-US","@id":"https:\/\/dev.monti.lt\/product\/zvejybos-zaidimas\/#primaryimage","url":"https:\/\/dev.monti.lt\/wp-content\/uploads\/2024\/10\/Family-game-fish-fishing-accessories-blue-27el-99581.jpg","contentUrl":"https:\/\/dev.monti.lt\/wp-content\/uploads\/2024\/10\/Family-game-fish-fishing-accessories-blue-27el-99581.jpg","width":1024,"height":1024,"caption":"zvejybos zaidimas"},{"@type":"BreadcrumbList","@id":"https:\/\/dev.monti.lt\/product\/zvejybos-zaidimas\/#breadcrumb","itemListElement":[{"@type":"ListItem","position":1,"name":"Home","item":"https:\/\/dev.monti.lt\/"},{"@type":"ListItem","position":2,"name":"Parduotuv\u0117","item":"https:\/\/dev.monti.lt\/shop\/"},{"@type":"ListItem","position":3,"name":"\u017dvejybos \u017eaidimas"}]},{"@type":"WebSite","@id":"https:\/\/dev.monti.lt\/#website","url":"https:\/\/dev.monti.lt\/","name":"Montessori \u017eaislai","description":"","publisher":{"@id":"https:\/\/dev.monti.lt\/#organization"},"potentialAction":[{"@type":"SearchAction","target":{"@type":"EntryPoint","urlTemplate":"https:\/\/dev.monti.lt\/?s={search_term_string}"},"query-input":"required name=search_term_string"}],"inLanguage":"en-US"},{"@type":"Organization","@id":"https:\/\/dev.monti.lt\/#organization","name":"Montessori \u017eaislai","url":"https:\/\/dev.monti.lt\/","logo":{"@type":"ImageObject","inLanguage":"en-US","@id":"https:\/\/dev.monti.lt\/#\/schema\/logo\/image\/","url":"https:\/\/dev.monti.lt\/wp-content\/uploads\/2022\/03\/montilogo-1.png","contentUrl":"https:\/\/dev.monti.lt\/wp-content\/uploads\/2022\/03\/montilogo-1.png","width":512,"height":512,"caption":"Montessori \u017eaislai"},"image":{"@id":"https:\/\/dev.monti.lt\/#\/schema\/logo\/image\/"}}]}},"_links":{"self":[{"href":"https:\/\/dev.monti.lt\/en\/wp-json\/wp\/v2\/product\/25555"}],"collection":[{"href":"https:\/\/dev.monti.lt\/en\/wp-json\/wp\/v2\/product"}],"about":[{"href":"https:\/\/dev.monti.lt\/en\/wp-json\/wp\/v2\/types\/product"}],"version-history":[{"count":1,"href":"https:\/\/dev.monti.lt\/en\/wp-json\/wp\/v2\/product\/25555\/revisions"}],"predecessor-version":[{"id":25562,"href":"https:\/\/dev.monti.lt\/en\/wp-json\/wp\/v2\/product\/25555\/revisions\/25562"}],"wp:featuredmedia":[{"embeddable":true,"href":"https:\/\/dev.monti.lt\/en\/wp-json\/wp\/v2\/media\/25556"}],"wp:attachment":[{"href":"https:\/\/dev.monti.lt\/en\/wp-json\/wp\/v2\/media?parent=25555"}],"wp:term":[{"taxonomy":"product_cat","embeddable":true,"href":"https:\/\/dev.monti.lt\/en\/wp-json\/wp\/v2\/product_cat?post=25555"},{"taxonomy":"product_tag","embeddable":true,"href":"https:\/\/dev.monti.lt\/en\/wp-json\/wp\/v2\/product_tag?post=25555"}],"curies":[{"name":"wp","href":"https:\/\/api.w.org\/{rel}","templated":true}]}}