{"id":25453,"date":"2024-10-01T09:28:11","date_gmt":"2024-10-01T09:28:11","guid":{"rendered":"https:\/\/dev.monti.lt\/?post_type=product&#038;p=25453"},"modified":"2024-10-06T14:06:25","modified_gmt":"2024-10-06T14:06:25","slug":"sokantis-traktorius-zalias","status":"publish","type":"product","link":"https:\/\/dev.monti.lt\/en\/product\/sokantis-traktorius-zalias\/","title":{"rendered":"\u0160okantis traktorius \u017ealias"},"content":{"rendered":"<p>Ar traktoriai gali \u0161okin\u0117ti? Prie\u0161ingai populiariam \u012fsitikinimui, jie gali! Arba bent jau \u0161is \u0161okin\u0117jan\u010dio traktoriaus modelis gali tai daryti!<\/p><p>\u0160okin\u0117jantis traktorius yra ne\u012fprastas \u017eaislas, kuris, u\u017euot skland\u017eiai va\u017eiav\u0119s, \u017eaismingai \u0161okin\u0117ja. Be to, jis groja linksm\u0105 muzik\u0105, nes su gera muzika linksmyb\u0117s yra dar geresn\u0117s!<\/p><p>\u0160is \u017eaislas puikiai u\u017eims j\u016bs\u0173 ma\u017eyl\u012f ilgoms valandoms &#8211; jis suteiks fantasti\u0161k\u0105 pramog\u0105 ir daug juoko. Be to, niekam nereik\u0117s \u012fkalbin\u0117ti \u017eaisti su traktoriumi, nes argi kas nors atsispirs besi\u0161ypsan\u010diam traktoriui ir kauboji\u0161kai skryb\u0117lei? Vargu ar!<\/p><p>Traktorius valdomas lengvai valdomu valdikliu. Dvi svirtys leid\u017eia transporto priemon\u0119 judinti itin intuityviai ir lengvai.<\/p><p>\u017daisti su sunkve\u017eimiu ne tik labai smagu, bet ir turi kit\u0173 privalum\u0173. Vis\u0173 pirma, \u017eaislo valdymas valdikliu yra puikus b\u016bdas lavinti rank\u0173 darbo \u012fg\u016bd\u017eius ir akies-rankos koordinacij\u0105.<\/p><p>\u017daidimas su \u0161okin\u0117jan\u010diu vilkiku gali virsti tikra aistra valdyti kitus, vis sud\u0117tingesnius, nuotoliniu b\u016bdu valdomus modelius.<\/p><p>Traktori\u0173 maitina \u012fkraunama baterija, tod\u0117l nereikia r\u016bpintis baterij\u0173 pirkimu ir keitimu &#8211; baterij\u0105 tereikia \u012fkrauti prid\u0117tu USB laidu.<\/p><p>Pagrindin\u0117s gaminio savyb\u0117s:<\/p><p>Traktorius neva\u017eiuoja, bet \u0161okin\u0117ja<br>I\u0161 traktoriaus sklinda \u0161okin\u0117jimo muzika<br>D\u0117mesys detal\u0117ms<br>Akumuliatoriumi maitinamas traktorius<br>Transporto priemon\u0117s jud\u0117jimas keturiomis kryptimis<br>Lengvai valdomas<br>Fantasti\u0161ka pramoga<br>Rank\u0173 darbo \u012fg\u016bd\u017ei\u0173 lavinimas<\/p><p>Traktorius pagamintas i\u0161 auk\u0161tos kokyb\u0117s plastiko, tod\u0117l \u017eaisl\u0105 galima naudoti daugelyje \u0161okin\u0117jimo \u017eaidim\u0173!<\/p><p>Rinkinio turinys:<\/p><p>\u0160okin\u0117jantis traktorius<br>Valdiklis<br>\u012ekraunama baterija<br>USB laidas<\/p><p>Technin\u0117s specifikacijos:<\/p><p>Med\u017eiaga: plastikas<br>Traktoriaus maitinimo \u0161altinis: \u012ekraunama baterija: 3,7 V (\u012feina \u012f komplekt\u0105)<br>Valdiklio maitinimo \u0161altinis: 2x AA baterija (ne\u012ftraukta \u012f komplekt\u0105)<\/p><p>Traktorius: 17 cm x 15 cm x 13 cm<br>Didesni\u0173 rat\u0173 skersmuo: 7,5 cm<br>Valdiklis: 13 cm x 9 cm x 4,5 cm<br>USB laidas: 14 cm ilgio USB laidas.<br>Pakuot\u0117: 23,5 cm x 16 cm x 14 cm<\/p><p>Gaminys supakuotas \u012f kartonin\u0119 pakuot\u0119.<\/p>","protected":false},"excerpt":{"rendered":"<p>Ar traktoriai gali \u0161okin\u0117ti? Prie\u0161ingai populiariam \u012fsitikinimui, jie gali! Arba bent jau \u0161is \u0161okin\u0117jan\u010dio traktoriaus modelis gali tai daryti! \u0160okin\u0117jantis traktorius yra ne\u012fprastas \u017eaislas, kuris, u\u017euot skland\u017eiai va\u017eiav\u0119s, \u017eaismingai \u0161okin\u0117ja. Be to, jis groja linksm\u0105 muzik\u0105, nes su gera muzika linksmyb\u0117s yra dar geresn\u0117s! \u0160is \u017eaislas puikiai u\u017eims j\u016bs\u0173 ma\u017eyl\u012f ilgoms valandoms &#8211; jis suteiks [&hellip;]<\/p>","protected":false},"featured_media":25454,"template":"","meta":{"iawp_total_views":12},"product_cat":[195,216,217,197,191,81,49,39,215],"product_tag":[96,97,98,99],"class_list":{"0":"post-25453","1":"product","2":"type-product","3":"status-publish","4":"has-post-thumbnail","6":"product_cat-dovanos-vaikams-3-4-metu","7":"product_cat-dovanos-4-5-metu-vaikams","8":"product_cat-dovanos-5-7-metu-vaikams","9":"product_cat-dovanos-berniukams","10":"product_cat-dovanos-vaikams","11":"product_cat-kiti-zaislai","12":"product_cat-visi-zaislai","13":"product_cat-zaislai","14":"product_cat-zaislai-berniukams","15":"product_tag-2-m-3-m","16":"product_tag-3-m-4-m","17":"product_tag-5-m-7-m","18":"product_tag-8-m-11-m","20":"first","21":"instock","22":"taxable","23":"shipping-taxable","24":"purchasable","25":"product-type-simple"},"yoast_head":"<!-- This site is optimized with the Yoast SEO plugin v23.3 - https:\/\/yoast.com\/wordpress\/plugins\/seo\/ -->\n<title>\u0160okantis traktorius \u017ealias - Montessori \u017eaislai<\/title>\n<meta name=\"robots\" content=\"noindex, follow, max-snippet:-1, max-image-preview:large, max-video-preview:-1\" \/>\n<meta property=\"og:locale\" content=\"en_US\" \/>\n<meta property=\"og:type\" content=\"article\" \/>\n<meta property=\"og:title\" content=\"\u0160okantis traktorius \u017ealias - Montessori \u017eaislai\" \/>\n<meta property=\"og:description\" content=\"Ar traktoriai gali \u0161okin\u0117ti? Prie\u0161ingai populiariam \u012fsitikinimui, jie gali! Arba bent jau \u0161is \u0161okin\u0117jan\u010dio traktoriaus modelis gali tai daryti! \u0160okin\u0117jantis traktorius yra ne\u012fprastas \u017eaislas, kuris, u\u017euot skland\u017eiai va\u017eiav\u0119s, \u017eaismingai \u0161okin\u0117ja. Be to, jis groja linksm\u0105 muzik\u0105, nes su gera muzika linksmyb\u0117s yra dar geresn\u0117s! \u0160is \u017eaislas puikiai u\u017eims j\u016bs\u0173 ma\u017eyl\u012f ilgoms valandoms &#8211; jis suteiks [&hellip;]\" \/>\n<meta property=\"og:url\" content=\"https:\/\/dev.monti.lt\/en\/product\/sokantis-traktorius-zalias\/\" \/>\n<meta property=\"og:site_name\" content=\"Montessori \u017eaislai\" \/>\n<meta property=\"article:modified_time\" content=\"2024-10-06T14:06:25+00:00\" \/>\n<meta property=\"og:image\" content=\"https:\/\/dev.monti.lt\/wp-content\/uploads\/2024\/10\/Tractor-RC-tractor-jumping-dancing-sound-green-151670.jpg\" \/>\n\t<meta property=\"og:image:width\" content=\"950\" \/>\n\t<meta property=\"og:image:height\" content=\"930\" \/>\n\t<meta property=\"og:image:type\" content=\"image\/jpeg\" \/>\n<meta name=\"twitter:card\" content=\"summary_large_image\" \/>\n<meta name=\"twitter:label1\" content=\"Est. reading time\" \/>\n\t<meta name=\"twitter:data1\" content=\"2 minutes\" \/>\n<script type=\"application\/ld+json\" class=\"yoast-schema-graph\">{\"@context\":\"https:\/\/schema.org\",\"@graph\":[{\"@type\":\"WebPage\",\"@id\":\"https:\/\/dev.monti.lt\/product\/sokantis-traktorius-zalias\/\",\"url\":\"https:\/\/dev.monti.lt\/product\/sokantis-traktorius-zalias\/\",\"name\":\"\u0160okantis traktorius \u017ealias - Montessori \u017eaislai\",\"isPartOf\":{\"@id\":\"https:\/\/dev.monti.lt\/#website\"},\"primaryImageOfPage\":{\"@id\":\"https:\/\/dev.monti.lt\/product\/sokantis-traktorius-zalias\/#primaryimage\"},\"image\":{\"@id\":\"https:\/\/dev.monti.lt\/product\/sokantis-traktorius-zalias\/#primaryimage\"},\"thumbnailUrl\":\"https:\/\/dev.monti.lt\/wp-content\/uploads\/2024\/10\/Tractor-RC-tractor-jumping-dancing-sound-green-151670.jpg\",\"datePublished\":\"2024-10-01T09:28:11+00:00\",\"dateModified\":\"2024-10-06T14:06:25+00:00\",\"breadcrumb\":{\"@id\":\"https:\/\/dev.monti.lt\/product\/sokantis-traktorius-zalias\/#breadcrumb\"},\"inLanguage\":\"en-US\",\"potentialAction\":[{\"@type\":\"ReadAction\",\"target\":[\"https:\/\/dev.monti.lt\/product\/sokantis-traktorius-zalias\/\"]}]},{\"@type\":\"ImageObject\",\"inLanguage\":\"en-US\",\"@id\":\"https:\/\/dev.monti.lt\/product\/sokantis-traktorius-zalias\/#primaryimage\",\"url\":\"https:\/\/dev.monti.lt\/wp-content\/uploads\/2024\/10\/Tractor-RC-tractor-jumping-dancing-sound-green-151670.jpg\",\"contentUrl\":\"https:\/\/dev.monti.lt\/wp-content\/uploads\/2024\/10\/Tractor-RC-tractor-jumping-dancing-sound-green-151670.jpg\",\"width\":950,\"height\":930,\"caption\":\"sokantis traktorius\"},{\"@type\":\"BreadcrumbList\",\"@id\":\"https:\/\/dev.monti.lt\/product\/sokantis-traktorius-zalias\/#breadcrumb\",\"itemListElement\":[{\"@type\":\"ListItem\",\"position\":1,\"name\":\"Home\",\"item\":\"https:\/\/dev.monti.lt\/\"},{\"@type\":\"ListItem\",\"position\":2,\"name\":\"Parduotuv\u0117\",\"item\":\"https:\/\/dev.monti.lt\/shop\/\"},{\"@type\":\"ListItem\",\"position\":3,\"name\":\"\u0160okantis traktorius \u017ealias\"}]},{\"@type\":\"WebSite\",\"@id\":\"https:\/\/dev.monti.lt\/#website\",\"url\":\"https:\/\/dev.monti.lt\/\",\"name\":\"Montessori \u017eaislai\",\"description\":\"\",\"publisher\":{\"@id\":\"https:\/\/dev.monti.lt\/#organization\"},\"potentialAction\":[{\"@type\":\"SearchAction\",\"target\":{\"@type\":\"EntryPoint\",\"urlTemplate\":\"https:\/\/dev.monti.lt\/?s={search_term_string}\"},\"query-input\":\"required name=search_term_string\"}],\"inLanguage\":\"en-US\"},{\"@type\":\"Organization\",\"@id\":\"https:\/\/dev.monti.lt\/#organization\",\"name\":\"Montessori \u017eaislai\",\"url\":\"https:\/\/dev.monti.lt\/\",\"logo\":{\"@type\":\"ImageObject\",\"inLanguage\":\"en-US\",\"@id\":\"https:\/\/dev.monti.lt\/#\/schema\/logo\/image\/\",\"url\":\"https:\/\/dev.monti.lt\/wp-content\/uploads\/2022\/03\/montilogo-1.png\",\"contentUrl\":\"https:\/\/dev.monti.lt\/wp-content\/uploads\/2022\/03\/montilogo-1.png\",\"width\":512,\"height\":512,\"caption\":\"Montessori \u017eaislai\"},\"image\":{\"@id\":\"https:\/\/dev.monti.lt\/#\/schema\/logo\/image\/\"}}]}<\/script>\n<!-- \/ Yoast SEO plugin. -->","yoast_head_json":{"title":"\u0160okantis traktorius \u017ealias - Montessori \u017eaislai","robots":{"index":"noindex","follow":"follow","max-snippet":"max-snippet:-1","max-image-preview":"max-image-preview:large","max-video-preview":"max-video-preview:-1"},"og_locale":"en_US","og_type":"article","og_title":"\u0160okantis traktorius \u017ealias - Montessori \u017eaislai","og_description":"Ar traktoriai gali \u0161okin\u0117ti? Prie\u0161ingai populiariam \u012fsitikinimui, jie gali! Arba bent jau \u0161is \u0161okin\u0117jan\u010dio traktoriaus modelis gali tai daryti! \u0160okin\u0117jantis traktorius yra ne\u012fprastas \u017eaislas, kuris, u\u017euot skland\u017eiai va\u017eiav\u0119s, \u017eaismingai \u0161okin\u0117ja. Be to, jis groja linksm\u0105 muzik\u0105, nes su gera muzika linksmyb\u0117s yra dar geresn\u0117s! \u0160is \u017eaislas puikiai u\u017eims j\u016bs\u0173 ma\u017eyl\u012f ilgoms valandoms &#8211; jis suteiks [&hellip;]","og_url":"https:\/\/dev.monti.lt\/en\/product\/sokantis-traktorius-zalias\/","og_site_name":"Montessori \u017eaislai","article_modified_time":"2024-10-06T14:06:25+00:00","og_image":[{"width":950,"height":930,"url":"https:\/\/dev.monti.lt\/wp-content\/uploads\/2024\/10\/Tractor-RC-tractor-jumping-dancing-sound-green-151670.jpg","type":"image\/jpeg"}],"twitter_card":"summary_large_image","twitter_misc":{"Est. reading time":"2 minutes"},"schema":{"@context":"https:\/\/schema.org","@graph":[{"@type":"WebPage","@id":"https:\/\/dev.monti.lt\/product\/sokantis-traktorius-zalias\/","url":"https:\/\/dev.monti.lt\/product\/sokantis-traktorius-zalias\/","name":"\u0160okantis traktorius \u017ealias - Montessori \u017eaislai","isPartOf":{"@id":"https:\/\/dev.monti.lt\/#website"},"primaryImageOfPage":{"@id":"https:\/\/dev.monti.lt\/product\/sokantis-traktorius-zalias\/#primaryimage"},"image":{"@id":"https:\/\/dev.monti.lt\/product\/sokantis-traktorius-zalias\/#primaryimage"},"thumbnailUrl":"https:\/\/dev.monti.lt\/wp-content\/uploads\/2024\/10\/Tractor-RC-tractor-jumping-dancing-sound-green-151670.jpg","datePublished":"2024-10-01T09:28:11+00:00","dateModified":"2024-10-06T14:06:25+00:00","breadcrumb":{"@id":"https:\/\/dev.monti.lt\/product\/sokantis-traktorius-zalias\/#breadcrumb"},"inLanguage":"en-US","potentialAction":[{"@type":"ReadAction","target":["https:\/\/dev.monti.lt\/product\/sokantis-traktorius-zalias\/"]}]},{"@type":"ImageObject","inLanguage":"en-US","@id":"https:\/\/dev.monti.lt\/product\/sokantis-traktorius-zalias\/#primaryimage","url":"https:\/\/dev.monti.lt\/wp-content\/uploads\/2024\/10\/Tractor-RC-tractor-jumping-dancing-sound-green-151670.jpg","contentUrl":"https:\/\/dev.monti.lt\/wp-content\/uploads\/2024\/10\/Tractor-RC-tractor-jumping-dancing-sound-green-151670.jpg","width":950,"height":930,"caption":"sokantis traktorius"},{"@type":"BreadcrumbList","@id":"https:\/\/dev.monti.lt\/product\/sokantis-traktorius-zalias\/#breadcrumb","itemListElement":[{"@type":"ListItem","position":1,"name":"Home","item":"https:\/\/dev.monti.lt\/"},{"@type":"ListItem","position":2,"name":"Parduotuv\u0117","item":"https:\/\/dev.monti.lt\/shop\/"},{"@type":"ListItem","position":3,"name":"\u0160okantis traktorius \u017ealias"}]},{"@type":"WebSite","@id":"https:\/\/dev.monti.lt\/#website","url":"https:\/\/dev.monti.lt\/","name":"Montessori \u017eaislai","description":"","publisher":{"@id":"https:\/\/dev.monti.lt\/#organization"},"potentialAction":[{"@type":"SearchAction","target":{"@type":"EntryPoint","urlTemplate":"https:\/\/dev.monti.lt\/?s={search_term_string}"},"query-input":"required name=search_term_string"}],"inLanguage":"en-US"},{"@type":"Organization","@id":"https:\/\/dev.monti.lt\/#organization","name":"Montessori \u017eaislai","url":"https:\/\/dev.monti.lt\/","logo":{"@type":"ImageObject","inLanguage":"en-US","@id":"https:\/\/dev.monti.lt\/#\/schema\/logo\/image\/","url":"https:\/\/dev.monti.lt\/wp-content\/uploads\/2022\/03\/montilogo-1.png","contentUrl":"https:\/\/dev.monti.lt\/wp-content\/uploads\/2022\/03\/montilogo-1.png","width":512,"height":512,"caption":"Montessori \u017eaislai"},"image":{"@id":"https:\/\/dev.monti.lt\/#\/schema\/logo\/image\/"}}]}},"_links":{"self":[{"href":"https:\/\/dev.monti.lt\/en\/wp-json\/wp\/v2\/product\/25453"}],"collection":[{"href":"https:\/\/dev.monti.lt\/en\/wp-json\/wp\/v2\/product"}],"about":[{"href":"https:\/\/dev.monti.lt\/en\/wp-json\/wp\/v2\/types\/product"}],"version-history":[{"count":1,"href":"https:\/\/dev.monti.lt\/en\/wp-json\/wp\/v2\/product\/25453\/revisions"}],"predecessor-version":[{"id":25455,"href":"https:\/\/dev.monti.lt\/en\/wp-json\/wp\/v2\/product\/25453\/revisions\/25455"}],"wp:featuredmedia":[{"embeddable":true,"href":"https:\/\/dev.monti.lt\/en\/wp-json\/wp\/v2\/media\/25454"}],"wp:attachment":[{"href":"https:\/\/dev.monti.lt\/en\/wp-json\/wp\/v2\/media?parent=25453"}],"wp:term":[{"taxonomy":"product_cat","embeddable":true,"href":"https:\/\/dev.monti.lt\/en\/wp-json\/wp\/v2\/product_cat?post=25453"},{"taxonomy":"product_tag","embeddable":true,"href":"https:\/\/dev.monti.lt\/en\/wp-json\/wp\/v2\/product_tag?post=25453"}],"curies":[{"name":"wp","href":"https:\/\/api.w.org\/{rel}","templated":true}]}}