{"id":25440,"date":"2024-10-01T09:14:25","date_gmt":"2024-10-01T09:14:25","guid":{"rendered":"https:\/\/dev.monti.lt\/?post_type=product&#038;p=25440"},"modified":"2024-10-03T07:50:44","modified_gmt":"2024-10-03T07:50:44","slug":"gyvunu-figureles-dezuteje","status":"publish","type":"product","link":"https:\/\/dev.monti.lt\/en\/product\/gyvunu-figureles-dezuteje\/","title":{"rendered":"Gyv\u016bn\u0173 figur\u0117l\u0117s d\u0117\u017eut\u0117je\u00a0"},"content":{"rendered":"<p>APRA\u0160YMAS<\/p><p>\u012esp\u016bdingas gyv\u016bn\u0173 pasaulis &#8211; po ranka! 19 dali\u0173 rinkinyje slepiasi nedidelis zoologijos sodas, kuriame vaikai ras, pavyzd\u017eiui, vover\u0119, koal\u0105, li\u016bt\u0105 ir kitus gyv\u016bnus. Kiekviena fig\u016br\u0117l\u0117 kruop\u0161\u010diai pagaminta taip, kad kuo tiksliau atkartoja tikrus gyv\u016bnus, tod\u0117l \u017eaisdami vaikai gali pa\u017einti j\u0173 savybes. Keturi med\u017eiai leid\u017eia sukurti mi\u0161ko kompozicij\u0105. Visas rinkinys supakuotas \u012f plastikin\u0119 d\u0117\u017eut\u0119, kad b\u016bt\u0173 patogu laikyti.<\/p><p>Technin\u0117s specifikacijos:<\/p><p>Med\u017eiaga: kieta guma<br>Am\u017eius: 3+<br>Detali\u0173 skai\u010dius: 19<br>Fig\u016br\u0117l\u0117s pavyzdys (me\u0161kiukas): \u012evaizdis (me\u0161kinas): 10 cm x 3,5 cm x 6 cm.<br>Pakuot\u0117s matmenys: 20 cm x 15 cm x 11 cm<br>Rinkinio turinys:<\/p><p>Gyv\u016bnai x15<br>Med\u017eiai x4<\/p><p>Gyv\u016bn\u0173 fig\u016br\u0117l\u0117s pagamintos i\u0161 auk\u0161tos kokyb\u0117s med\u017eiagos, u\u017etikrinan\u010dios viso rinkinio ilgaam\u017ei\u0161kum\u0105 ir saugum\u0105.<\/p><p>Gaminys supakuotas \u012f plastikin\u0119 d\u0117\u017eut\u0119.<\/p>","protected":false},"excerpt":{"rendered":"<p>APRA\u0160YMAS \u012esp\u016bdingas gyv\u016bn\u0173 pasaulis &#8211; po ranka! 19 dali\u0173 rinkinyje slepiasi nedidelis zoologijos sodas, kuriame vaikai ras, pavyzd\u017eiui, vover\u0119, koal\u0105, li\u016bt\u0105 ir kitus gyv\u016bnus. Kiekviena fig\u016br\u0117l\u0117 kruop\u0161\u010diai pagaminta taip, kad kuo tiksliau atkartoja tikrus gyv\u016bnus, tod\u0117l \u017eaisdami vaikai gali pa\u017einti j\u0173 savybes. Keturi med\u017eiai leid\u017eia sukurti mi\u0161ko kompozicij\u0105. Visas rinkinys supakuotas \u012f plastikin\u0119 d\u0117\u017eut\u0119, kad [&hellip;]<\/p>","protected":false},"featured_media":25441,"template":"","meta":{"iawp_total_views":17},"product_cat":[218,193,194,195,191,84,90,86,199,39],"product_tag":[95,96,97,98],"class_list":{"0":"post-25440","1":"product","2":"type-product","3":"status-publish","4":"has-post-thumbnail","6":"product_cat-darzeliu-grupems","7":"product_cat-dovanos-vaikams-1-2-metu","8":"product_cat-dovanos-vaikams-2-3-metu","9":"product_cat-dovanos-vaikams-3-4-metu","10":"product_cat-dovanos-vaikams","11":"product_cat-lavinamieji-zaislai","12":"product_cat-pasaulio-pazinimas","13":"product_cat-smulkioji-motorika","14":"product_cat-ugdymo-istaigoms","15":"product_cat-zaislai","16":"product_tag-1-m-2-m","17":"product_tag-2-m-3-m","18":"product_tag-3-m-4-m","19":"product_tag-5-m-7-m","21":"first","22":"instock","23":"taxable","24":"shipping-taxable","25":"purchasable","26":"product-type-simple"},"yoast_head":"<!-- This site is optimized with the Yoast SEO plugin v23.3 - https:\/\/yoast.com\/wordpress\/plugins\/seo\/ -->\n<title>Gyv\u016bn\u0173 figur\u0117l\u0117s d\u0117\u017eut\u0117je\u00a0 - Montessori \u017eaislai<\/title>\n<meta name=\"robots\" content=\"noindex, follow, max-snippet:-1, max-image-preview:large, max-video-preview:-1\" \/>\n<meta property=\"og:locale\" content=\"en_US\" \/>\n<meta property=\"og:type\" content=\"article\" \/>\n<meta property=\"og:title\" content=\"Gyv\u016bn\u0173 figur\u0117l\u0117s d\u0117\u017eut\u0117je\u00a0 - Montessori \u017eaislai\" \/>\n<meta property=\"og:description\" content=\"APRA\u0160YMAS \u012esp\u016bdingas gyv\u016bn\u0173 pasaulis &#8211; po ranka! 19 dali\u0173 rinkinyje slepiasi nedidelis zoologijos sodas, kuriame vaikai ras, pavyzd\u017eiui, vover\u0119, koal\u0105, li\u016bt\u0105 ir kitus gyv\u016bnus. Kiekviena fig\u016br\u0117l\u0117 kruop\u0161\u010diai pagaminta taip, kad kuo tiksliau atkartoja tikrus gyv\u016bnus, tod\u0117l \u017eaisdami vaikai gali pa\u017einti j\u0173 savybes. Keturi med\u017eiai leid\u017eia sukurti mi\u0161ko kompozicij\u0105. Visas rinkinys supakuotas \u012f plastikin\u0119 d\u0117\u017eut\u0119, kad [&hellip;]\" \/>\n<meta property=\"og:url\" content=\"https:\/\/dev.monti.lt\/en\/product\/gyvunu-figureles-dezuteje\/\" \/>\n<meta property=\"og:site_name\" content=\"Montessori \u017eaislai\" \/>\n<meta property=\"article:modified_time\" content=\"2024-10-03T07:50:44+00:00\" \/>\n<meta property=\"og:image\" content=\"https:\/\/dev.monti.lt\/wp-content\/uploads\/2024\/10\/Animals-figures-zoo-set-19-el-158510.jpg\" \/>\n\t<meta property=\"og:image:width\" content=\"1024\" \/>\n\t<meta property=\"og:image:height\" content=\"1024\" \/>\n\t<meta property=\"og:image:type\" content=\"image\/jpeg\" \/>\n<meta name=\"twitter:card\" content=\"summary_large_image\" \/>\n<meta name=\"twitter:label1\" content=\"Est. reading time\" \/>\n\t<meta name=\"twitter:data1\" content=\"1 minute\" \/>\n<script type=\"application\/ld+json\" class=\"yoast-schema-graph\">{\"@context\":\"https:\/\/schema.org\",\"@graph\":[{\"@type\":\"WebPage\",\"@id\":\"https:\/\/dev.monti.lt\/product\/gyvunu-figureles-dezuteje\/\",\"url\":\"https:\/\/dev.monti.lt\/product\/gyvunu-figureles-dezuteje\/\",\"name\":\"Gyv\u016bn\u0173 figur\u0117l\u0117s d\u0117\u017eut\u0117je\u00a0 - Montessori \u017eaislai\",\"isPartOf\":{\"@id\":\"https:\/\/dev.monti.lt\/#website\"},\"primaryImageOfPage\":{\"@id\":\"https:\/\/dev.monti.lt\/product\/gyvunu-figureles-dezuteje\/#primaryimage\"},\"image\":{\"@id\":\"https:\/\/dev.monti.lt\/product\/gyvunu-figureles-dezuteje\/#primaryimage\"},\"thumbnailUrl\":\"https:\/\/dev.monti.lt\/wp-content\/uploads\/2024\/10\/Animals-figures-zoo-set-19-el-158510.jpg\",\"datePublished\":\"2024-10-01T09:14:25+00:00\",\"dateModified\":\"2024-10-03T07:50:44+00:00\",\"breadcrumb\":{\"@id\":\"https:\/\/dev.monti.lt\/product\/gyvunu-figureles-dezuteje\/#breadcrumb\"},\"inLanguage\":\"en-US\",\"potentialAction\":[{\"@type\":\"ReadAction\",\"target\":[\"https:\/\/dev.monti.lt\/product\/gyvunu-figureles-dezuteje\/\"]}]},{\"@type\":\"ImageObject\",\"inLanguage\":\"en-US\",\"@id\":\"https:\/\/dev.monti.lt\/product\/gyvunu-figureles-dezuteje\/#primaryimage\",\"url\":\"https:\/\/dev.monti.lt\/wp-content\/uploads\/2024\/10\/Animals-figures-zoo-set-19-el-158510.jpg\",\"contentUrl\":\"https:\/\/dev.monti.lt\/wp-content\/uploads\/2024\/10\/Animals-figures-zoo-set-19-el-158510.jpg\",\"width\":1024,\"height\":1024,\"caption\":\"gyvunu figureles\"},{\"@type\":\"BreadcrumbList\",\"@id\":\"https:\/\/dev.monti.lt\/product\/gyvunu-figureles-dezuteje\/#breadcrumb\",\"itemListElement\":[{\"@type\":\"ListItem\",\"position\":1,\"name\":\"Home\",\"item\":\"https:\/\/dev.monti.lt\/\"},{\"@type\":\"ListItem\",\"position\":2,\"name\":\"Parduotuv\u0117\",\"item\":\"https:\/\/dev.monti.lt\/shop\/\"},{\"@type\":\"ListItem\",\"position\":3,\"name\":\"Gyv\u016bn\u0173 figur\u0117l\u0117s d\u0117\u017eut\u0117je\u00a0\"}]},{\"@type\":\"WebSite\",\"@id\":\"https:\/\/dev.monti.lt\/#website\",\"url\":\"https:\/\/dev.monti.lt\/\",\"name\":\"Montessori \u017eaislai\",\"description\":\"\",\"publisher\":{\"@id\":\"https:\/\/dev.monti.lt\/#organization\"},\"potentialAction\":[{\"@type\":\"SearchAction\",\"target\":{\"@type\":\"EntryPoint\",\"urlTemplate\":\"https:\/\/dev.monti.lt\/?s={search_term_string}\"},\"query-input\":\"required name=search_term_string\"}],\"inLanguage\":\"en-US\"},{\"@type\":\"Organization\",\"@id\":\"https:\/\/dev.monti.lt\/#organization\",\"name\":\"Montessori \u017eaislai\",\"url\":\"https:\/\/dev.monti.lt\/\",\"logo\":{\"@type\":\"ImageObject\",\"inLanguage\":\"en-US\",\"@id\":\"https:\/\/dev.monti.lt\/#\/schema\/logo\/image\/\",\"url\":\"https:\/\/dev.monti.lt\/wp-content\/uploads\/2022\/03\/montilogo-1.png\",\"contentUrl\":\"https:\/\/dev.monti.lt\/wp-content\/uploads\/2022\/03\/montilogo-1.png\",\"width\":512,\"height\":512,\"caption\":\"Montessori \u017eaislai\"},\"image\":{\"@id\":\"https:\/\/dev.monti.lt\/#\/schema\/logo\/image\/\"}}]}<\/script>\n<!-- \/ Yoast SEO plugin. -->","yoast_head_json":{"title":"Gyv\u016bn\u0173 figur\u0117l\u0117s d\u0117\u017eut\u0117je\u00a0 - Montessori \u017eaislai","robots":{"index":"noindex","follow":"follow","max-snippet":"max-snippet:-1","max-image-preview":"max-image-preview:large","max-video-preview":"max-video-preview:-1"},"og_locale":"en_US","og_type":"article","og_title":"Gyv\u016bn\u0173 figur\u0117l\u0117s d\u0117\u017eut\u0117je\u00a0 - Montessori \u017eaislai","og_description":"APRA\u0160YMAS \u012esp\u016bdingas gyv\u016bn\u0173 pasaulis &#8211; po ranka! 19 dali\u0173 rinkinyje slepiasi nedidelis zoologijos sodas, kuriame vaikai ras, pavyzd\u017eiui, vover\u0119, koal\u0105, li\u016bt\u0105 ir kitus gyv\u016bnus. Kiekviena fig\u016br\u0117l\u0117 kruop\u0161\u010diai pagaminta taip, kad kuo tiksliau atkartoja tikrus gyv\u016bnus, tod\u0117l \u017eaisdami vaikai gali pa\u017einti j\u0173 savybes. Keturi med\u017eiai leid\u017eia sukurti mi\u0161ko kompozicij\u0105. Visas rinkinys supakuotas \u012f plastikin\u0119 d\u0117\u017eut\u0119, kad [&hellip;]","og_url":"https:\/\/dev.monti.lt\/en\/product\/gyvunu-figureles-dezuteje\/","og_site_name":"Montessori \u017eaislai","article_modified_time":"2024-10-03T07:50:44+00:00","og_image":[{"width":1024,"height":1024,"url":"https:\/\/dev.monti.lt\/wp-content\/uploads\/2024\/10\/Animals-figures-zoo-set-19-el-158510.jpg","type":"image\/jpeg"}],"twitter_card":"summary_large_image","twitter_misc":{"Est. reading time":"1 minute"},"schema":{"@context":"https:\/\/schema.org","@graph":[{"@type":"WebPage","@id":"https:\/\/dev.monti.lt\/product\/gyvunu-figureles-dezuteje\/","url":"https:\/\/dev.monti.lt\/product\/gyvunu-figureles-dezuteje\/","name":"Gyv\u016bn\u0173 figur\u0117l\u0117s d\u0117\u017eut\u0117je\u00a0 - Montessori \u017eaislai","isPartOf":{"@id":"https:\/\/dev.monti.lt\/#website"},"primaryImageOfPage":{"@id":"https:\/\/dev.monti.lt\/product\/gyvunu-figureles-dezuteje\/#primaryimage"},"image":{"@id":"https:\/\/dev.monti.lt\/product\/gyvunu-figureles-dezuteje\/#primaryimage"},"thumbnailUrl":"https:\/\/dev.monti.lt\/wp-content\/uploads\/2024\/10\/Animals-figures-zoo-set-19-el-158510.jpg","datePublished":"2024-10-01T09:14:25+00:00","dateModified":"2024-10-03T07:50:44+00:00","breadcrumb":{"@id":"https:\/\/dev.monti.lt\/product\/gyvunu-figureles-dezuteje\/#breadcrumb"},"inLanguage":"en-US","potentialAction":[{"@type":"ReadAction","target":["https:\/\/dev.monti.lt\/product\/gyvunu-figureles-dezuteje\/"]}]},{"@type":"ImageObject","inLanguage":"en-US","@id":"https:\/\/dev.monti.lt\/product\/gyvunu-figureles-dezuteje\/#primaryimage","url":"https:\/\/dev.monti.lt\/wp-content\/uploads\/2024\/10\/Animals-figures-zoo-set-19-el-158510.jpg","contentUrl":"https:\/\/dev.monti.lt\/wp-content\/uploads\/2024\/10\/Animals-figures-zoo-set-19-el-158510.jpg","width":1024,"height":1024,"caption":"gyvunu figureles"},{"@type":"BreadcrumbList","@id":"https:\/\/dev.monti.lt\/product\/gyvunu-figureles-dezuteje\/#breadcrumb","itemListElement":[{"@type":"ListItem","position":1,"name":"Home","item":"https:\/\/dev.monti.lt\/"},{"@type":"ListItem","position":2,"name":"Parduotuv\u0117","item":"https:\/\/dev.monti.lt\/shop\/"},{"@type":"ListItem","position":3,"name":"Gyv\u016bn\u0173 figur\u0117l\u0117s d\u0117\u017eut\u0117je\u00a0"}]},{"@type":"WebSite","@id":"https:\/\/dev.monti.lt\/#website","url":"https:\/\/dev.monti.lt\/","name":"Montessori \u017eaislai","description":"","publisher":{"@id":"https:\/\/dev.monti.lt\/#organization"},"potentialAction":[{"@type":"SearchAction","target":{"@type":"EntryPoint","urlTemplate":"https:\/\/dev.monti.lt\/?s={search_term_string}"},"query-input":"required name=search_term_string"}],"inLanguage":"en-US"},{"@type":"Organization","@id":"https:\/\/dev.monti.lt\/#organization","name":"Montessori \u017eaislai","url":"https:\/\/dev.monti.lt\/","logo":{"@type":"ImageObject","inLanguage":"en-US","@id":"https:\/\/dev.monti.lt\/#\/schema\/logo\/image\/","url":"https:\/\/dev.monti.lt\/wp-content\/uploads\/2022\/03\/montilogo-1.png","contentUrl":"https:\/\/dev.monti.lt\/wp-content\/uploads\/2022\/03\/montilogo-1.png","width":512,"height":512,"caption":"Montessori \u017eaislai"},"image":{"@id":"https:\/\/dev.monti.lt\/#\/schema\/logo\/image\/"}}]}},"_links":{"self":[{"href":"https:\/\/dev.monti.lt\/en\/wp-json\/wp\/v2\/product\/25440"}],"collection":[{"href":"https:\/\/dev.monti.lt\/en\/wp-json\/wp\/v2\/product"}],"about":[{"href":"https:\/\/dev.monti.lt\/en\/wp-json\/wp\/v2\/types\/product"}],"version-history":[{"count":1,"href":"https:\/\/dev.monti.lt\/en\/wp-json\/wp\/v2\/product\/25440\/revisions"}],"predecessor-version":[{"id":25450,"href":"https:\/\/dev.monti.lt\/en\/wp-json\/wp\/v2\/product\/25440\/revisions\/25450"}],"wp:featuredmedia":[{"embeddable":true,"href":"https:\/\/dev.monti.lt\/en\/wp-json\/wp\/v2\/media\/25441"}],"wp:attachment":[{"href":"https:\/\/dev.monti.lt\/en\/wp-json\/wp\/v2\/media?parent=25440"}],"wp:term":[{"taxonomy":"product_cat","embeddable":true,"href":"https:\/\/dev.monti.lt\/en\/wp-json\/wp\/v2\/product_cat?post=25440"},{"taxonomy":"product_tag","embeddable":true,"href":"https:\/\/dev.monti.lt\/en\/wp-json\/wp\/v2\/product_tag?post=25440"}],"curies":[{"name":"wp","href":"https:\/\/api.w.org\/{rel}","templated":true}]}}