{"id":25428,"date":"2024-10-01T09:08:41","date_gmt":"2024-10-01T09:08:41","guid":{"rendered":"https:\/\/dev.monti.lt\/?post_type=product&#038;p=25428"},"modified":"2024-10-08T17:36:55","modified_gmt":"2024-10-08T17:36:55","slug":"sensorine-uzimtumo-lenta-autobusas","status":"publish","type":"product","link":"https:\/\/dev.monti.lt\/en\/product\/sensorine-uzimtumo-lenta-autobusas\/","title":{"rendered":"Sensorin\u0117 u\u017eimtumo lenta autobusas"},"content":{"rendered":"<p>APRA\u0160YMAS<\/p><p>SENSORIN\u0116 MANIPULIAVIMO LENTA \u201eLULILO BUSO<\/p><p>Vaikai m\u0117gsta m\u0117gd\u017eioti savo t\u0117vus ir siekti kasdieni\u0173 daikt\u0173, ta\u010diau dauguma toki\u0173 daikt\u0173 yra netinkami \u017eaidimui. Tad kaip t\u0117vams u\u017etikrinti, kad j\u0173 vaikas gal\u0117t\u0173 saugiai tyrin\u0117ti pasaul\u012f? Padedant manipuliacinei lentai!<\/p><p>MANIPULIACIN\u0116 LENTA &#8211; KAS TAI?<\/p><p>Vaiki\u0161ka manipuliacin\u0117 lenta paprastai yra lygiai nu\u0161lifuota medin\u0117 lenta su judan\u010diomis dalimis, su kuriomis ma\u017eylis gali \u017eaisti stumdydamas, spausdamas, atidarin\u0117damas ar sukdamas. Labai da\u017enai lentos elementai yra kasdieniai daiktai, pavyzd\u017eiui, raktai ar u\u017etrauktukai.<\/p><p>MANIPULIACIN\u0116S LENTOS PRIVALUMAI<\/p><p>\u017daidimas su manipuliacine lenta teikia naudos. Puikiai judinant \u012fvairius elementus lavinami rank\u0173 ir intelektiniai \u012fg\u016bd\u017eiai, patenkinamas vaik\u0173 smalsumas.<\/p><p>\u017daisdami ma\u017eyliai tur\u0117s patys i\u0161siai\u0161kinti, kaip veikia tam tikras elementas, o tai tur\u0117s teigiamos \u012ftakos j\u0173 pastabumui, loginiam m\u0105stymui ir prie\u017easties-pasekm\u0117s pagrindimui.<\/p><p>LAVINAMOJI BUSO LENTA<\/p><p>Si\u016bloma lenta yra autobuso formos, kuri tikrai patrauks kiekvieno ma\u017eojo transporto priemoni\u0173 gerb\u0117jo d\u0117mes\u012f. Daugyb\u0117 element\u0173 taip pat susij\u0119 su automobilizmu &#8211; mediniai automobiliai arba automobili\u0173 plovyklos ir degalin\u0117s pie\u0161iniai.<\/p><p>M\u016bs\u0173 svetain\u0117je taip pat rasite kit\u0173 tvarkymo lent\u0173 dizain\u0173.<\/p><p>INFORMACIJA APIE GAMIN\u012e:<\/p><p>MANIPULIACIN\u0116S LENTOS ELEMENTAI:<\/p><p>Baterijos lempa<br>Spineris<br>Pavaros<br>Varpelis<br>Raktas x2<br>Rakto u\u017eraktas<br>Metalinis \u0161liau\u017eiklis<br>U\u017etrauktukas<br>Varpelis ant virvel\u0117s<br>Dir\u017eelis su sagtimi<br>Karoliukai kaip abakuse<br>Automobilio formos x2<br>Pie\u0161inys x2<br>Kabliukas u\u017edarymui<br>TECHNIN\u0116S CHARAKTERISTIKOS:<\/p><p>Med\u017eiaga: medis, metalin\u0117s dalys<br>Maitinimas: 3 AAA baterijos (nepridedamos)<br>Orientacin\u0117 spalva: m\u0117lyna<br>DYDIS: M\u0116LYNA SPALVA:<\/p><p>Manipuliacin\u0117 lenta: 40 cm x 26,5 cm<br>Pakuot\u0117: 42,5 cm x 27,5 cm x 9 cm<br>Gaminys supakuotas \u012f kartonin\u0119 d\u0117\u017eut\u0119.<\/p>","protected":false},"excerpt":{"rendered":"<p>APRA\u0160YMAS SENSORIN\u0116 MANIPULIAVIMO LENTA \u201eLULILO BUSO Vaikai m\u0117gsta m\u0117gd\u017eioti savo t\u0117vus ir siekti kasdieni\u0173 daikt\u0173, ta\u010diau dauguma toki\u0173 daikt\u0173 yra netinkami \u017eaidimui. Tad kaip t\u0117vams u\u017etikrinti, kad j\u0173 vaikas gal\u0117t\u0173 saugiai tyrin\u0117ti pasaul\u012f? Padedant manipuliacinei lentai! MANIPULIACIN\u0116 LENTA &#8211; KAS TAI? Vaiki\u0161ka manipuliacin\u0117 lenta paprastai yra lygiai nu\u0161lifuota medin\u0117 lenta su judan\u010diomis dalimis, su kuriomis [&hellip;]<\/p>","protected":false},"featured_media":25429,"template":"","meta":{"iawp_total_views":22},"product_cat":[218,194,195,216,191,84,102,83,90,86,199,49,39],"product_tag":[96,97,98],"class_list":{"0":"post-25428","1":"product","2":"type-product","3":"status-publish","4":"has-post-thumbnail","6":"product_cat-darzeliu-grupems","7":"product_cat-dovanos-vaikams-2-3-metu","8":"product_cat-dovanos-vaikams-3-4-metu","9":"product_cat-dovanos-4-5-metu-vaikams","10":"product_cat-dovanos-vaikams","11":"product_cat-lavinamieji-zaislai","12":"product_cat-mediniai-zaislai","13":"product_cat-montessori-zaislai","14":"product_cat-pasaulio-pazinimas","15":"product_cat-smulkioji-motorika","16":"product_cat-ugdymo-istaigoms","17":"product_cat-visi-zaislai","18":"product_cat-zaislai","19":"product_tag-2-m-3-m","20":"product_tag-3-m-4-m","21":"product_tag-5-m-7-m","23":"first","24":"instock","25":"sale","26":"taxable","27":"shipping-taxable","28":"purchasable","29":"product-type-simple"},"yoast_head":"<!-- This site is optimized with the Yoast SEO plugin v23.3 - https:\/\/yoast.com\/wordpress\/plugins\/seo\/ -->\n<title>Sensorin\u0117 u\u017eimtumo lenta autobusas - Montessori \u017eaislai<\/title>\n<meta name=\"robots\" content=\"noindex, follow, max-snippet:-1, max-image-preview:large, max-video-preview:-1\" \/>\n<meta property=\"og:locale\" content=\"en_US\" \/>\n<meta property=\"og:type\" content=\"article\" \/>\n<meta property=\"og:title\" content=\"Sensorin\u0117 u\u017eimtumo lenta autobusas - Montessori \u017eaislai\" \/>\n<meta property=\"og:description\" content=\"APRA\u0160YMAS SENSORIN\u0116 MANIPULIAVIMO LENTA \u201eLULILO BUSO Vaikai m\u0117gsta m\u0117gd\u017eioti savo t\u0117vus ir siekti kasdieni\u0173 daikt\u0173, ta\u010diau dauguma toki\u0173 daikt\u0173 yra netinkami \u017eaidimui. Tad kaip t\u0117vams u\u017etikrinti, kad j\u0173 vaikas gal\u0117t\u0173 saugiai tyrin\u0117ti pasaul\u012f? Padedant manipuliacinei lentai! MANIPULIACIN\u0116 LENTA &#8211; KAS TAI? Vaiki\u0161ka manipuliacin\u0117 lenta paprastai yra lygiai nu\u0161lifuota medin\u0117 lenta su judan\u010diomis dalimis, su kuriomis [&hellip;]\" \/>\n<meta property=\"og:url\" content=\"https:\/\/dev.monti.lt\/en\/product\/sensorine-uzimtumo-lenta-autobusas\/\" \/>\n<meta property=\"og:site_name\" content=\"Montessori \u017eaislai\" \/>\n<meta property=\"article:modified_time\" content=\"2024-10-08T17:36:55+00:00\" \/>\n<meta property=\"og:image\" content=\"https:\/\/dev.monti.lt\/wp-content\/uploads\/2024\/10\/KX4866872502.jpg\" \/>\n\t<meta property=\"og:image:width\" content=\"700\" \/>\n\t<meta property=\"og:image:height\" content=\"700\" \/>\n\t<meta property=\"og:image:type\" content=\"image\/jpeg\" \/>\n<meta name=\"twitter:card\" content=\"summary_large_image\" \/>\n<meta name=\"twitter:label1\" content=\"Est. reading time\" \/>\n\t<meta name=\"twitter:data1\" content=\"2 minutes\" \/>\n<script type=\"application\/ld+json\" class=\"yoast-schema-graph\">{\"@context\":\"https:\/\/schema.org\",\"@graph\":[{\"@type\":\"WebPage\",\"@id\":\"https:\/\/dev.monti.lt\/product\/sensorine-uzimtumo-lenta-autobusas\/\",\"url\":\"https:\/\/dev.monti.lt\/product\/sensorine-uzimtumo-lenta-autobusas\/\",\"name\":\"Sensorin\u0117 u\u017eimtumo lenta autobusas - Montessori \u017eaislai\",\"isPartOf\":{\"@id\":\"https:\/\/dev.monti.lt\/#website\"},\"primaryImageOfPage\":{\"@id\":\"https:\/\/dev.monti.lt\/product\/sensorine-uzimtumo-lenta-autobusas\/#primaryimage\"},\"image\":{\"@id\":\"https:\/\/dev.monti.lt\/product\/sensorine-uzimtumo-lenta-autobusas\/#primaryimage\"},\"thumbnailUrl\":\"https:\/\/dev.monti.lt\/wp-content\/uploads\/2024\/10\/KX4866872502.jpg\",\"datePublished\":\"2024-10-01T09:08:41+00:00\",\"dateModified\":\"2024-10-08T17:36:55+00:00\",\"breadcrumb\":{\"@id\":\"https:\/\/dev.monti.lt\/product\/sensorine-uzimtumo-lenta-autobusas\/#breadcrumb\"},\"inLanguage\":\"en-US\",\"potentialAction\":[{\"@type\":\"ReadAction\",\"target\":[\"https:\/\/dev.monti.lt\/product\/sensorine-uzimtumo-lenta-autobusas\/\"]}]},{\"@type\":\"ImageObject\",\"inLanguage\":\"en-US\",\"@id\":\"https:\/\/dev.monti.lt\/product\/sensorine-uzimtumo-lenta-autobusas\/#primaryimage\",\"url\":\"https:\/\/dev.monti.lt\/wp-content\/uploads\/2024\/10\/KX4866872502.jpg\",\"contentUrl\":\"https:\/\/dev.monti.lt\/wp-content\/uploads\/2024\/10\/KX4866872502.jpg\",\"width\":700,\"height\":700,\"caption\":\"sensorine lenta\"},{\"@type\":\"BreadcrumbList\",\"@id\":\"https:\/\/dev.monti.lt\/product\/sensorine-uzimtumo-lenta-autobusas\/#breadcrumb\",\"itemListElement\":[{\"@type\":\"ListItem\",\"position\":1,\"name\":\"Home\",\"item\":\"https:\/\/dev.monti.lt\/\"},{\"@type\":\"ListItem\",\"position\":2,\"name\":\"Parduotuv\u0117\",\"item\":\"https:\/\/dev.monti.lt\/shop\/\"},{\"@type\":\"ListItem\",\"position\":3,\"name\":\"Sensorin\u0117 u\u017eimtumo lenta autobusas\"}]},{\"@type\":\"WebSite\",\"@id\":\"https:\/\/dev.monti.lt\/#website\",\"url\":\"https:\/\/dev.monti.lt\/\",\"name\":\"Montessori \u017eaislai\",\"description\":\"\",\"publisher\":{\"@id\":\"https:\/\/dev.monti.lt\/#organization\"},\"potentialAction\":[{\"@type\":\"SearchAction\",\"target\":{\"@type\":\"EntryPoint\",\"urlTemplate\":\"https:\/\/dev.monti.lt\/?s={search_term_string}\"},\"query-input\":\"required name=search_term_string\"}],\"inLanguage\":\"en-US\"},{\"@type\":\"Organization\",\"@id\":\"https:\/\/dev.monti.lt\/#organization\",\"name\":\"Montessori \u017eaislai\",\"url\":\"https:\/\/dev.monti.lt\/\",\"logo\":{\"@type\":\"ImageObject\",\"inLanguage\":\"en-US\",\"@id\":\"https:\/\/dev.monti.lt\/#\/schema\/logo\/image\/\",\"url\":\"https:\/\/dev.monti.lt\/wp-content\/uploads\/2022\/03\/montilogo-1.png\",\"contentUrl\":\"https:\/\/dev.monti.lt\/wp-content\/uploads\/2022\/03\/montilogo-1.png\",\"width\":512,\"height\":512,\"caption\":\"Montessori \u017eaislai\"},\"image\":{\"@id\":\"https:\/\/dev.monti.lt\/#\/schema\/logo\/image\/\"}}]}<\/script>\n<!-- \/ Yoast SEO plugin. -->","yoast_head_json":{"title":"Sensorin\u0117 u\u017eimtumo lenta autobusas - Montessori \u017eaislai","robots":{"index":"noindex","follow":"follow","max-snippet":"max-snippet:-1","max-image-preview":"max-image-preview:large","max-video-preview":"max-video-preview:-1"},"og_locale":"en_US","og_type":"article","og_title":"Sensorin\u0117 u\u017eimtumo lenta autobusas - Montessori \u017eaislai","og_description":"APRA\u0160YMAS SENSORIN\u0116 MANIPULIAVIMO LENTA \u201eLULILO BUSO Vaikai m\u0117gsta m\u0117gd\u017eioti savo t\u0117vus ir siekti kasdieni\u0173 daikt\u0173, ta\u010diau dauguma toki\u0173 daikt\u0173 yra netinkami \u017eaidimui. Tad kaip t\u0117vams u\u017etikrinti, kad j\u0173 vaikas gal\u0117t\u0173 saugiai tyrin\u0117ti pasaul\u012f? Padedant manipuliacinei lentai! MANIPULIACIN\u0116 LENTA &#8211; KAS TAI? Vaiki\u0161ka manipuliacin\u0117 lenta paprastai yra lygiai nu\u0161lifuota medin\u0117 lenta su judan\u010diomis dalimis, su kuriomis [&hellip;]","og_url":"https:\/\/dev.monti.lt\/en\/product\/sensorine-uzimtumo-lenta-autobusas\/","og_site_name":"Montessori \u017eaislai","article_modified_time":"2024-10-08T17:36:55+00:00","og_image":[{"width":700,"height":700,"url":"https:\/\/dev.monti.lt\/wp-content\/uploads\/2024\/10\/KX4866872502.jpg","type":"image\/jpeg"}],"twitter_card":"summary_large_image","twitter_misc":{"Est. reading time":"2 minutes"},"schema":{"@context":"https:\/\/schema.org","@graph":[{"@type":"WebPage","@id":"https:\/\/dev.monti.lt\/product\/sensorine-uzimtumo-lenta-autobusas\/","url":"https:\/\/dev.monti.lt\/product\/sensorine-uzimtumo-lenta-autobusas\/","name":"Sensorin\u0117 u\u017eimtumo lenta autobusas - Montessori \u017eaislai","isPartOf":{"@id":"https:\/\/dev.monti.lt\/#website"},"primaryImageOfPage":{"@id":"https:\/\/dev.monti.lt\/product\/sensorine-uzimtumo-lenta-autobusas\/#primaryimage"},"image":{"@id":"https:\/\/dev.monti.lt\/product\/sensorine-uzimtumo-lenta-autobusas\/#primaryimage"},"thumbnailUrl":"https:\/\/dev.monti.lt\/wp-content\/uploads\/2024\/10\/KX4866872502.jpg","datePublished":"2024-10-01T09:08:41+00:00","dateModified":"2024-10-08T17:36:55+00:00","breadcrumb":{"@id":"https:\/\/dev.monti.lt\/product\/sensorine-uzimtumo-lenta-autobusas\/#breadcrumb"},"inLanguage":"en-US","potentialAction":[{"@type":"ReadAction","target":["https:\/\/dev.monti.lt\/product\/sensorine-uzimtumo-lenta-autobusas\/"]}]},{"@type":"ImageObject","inLanguage":"en-US","@id":"https:\/\/dev.monti.lt\/product\/sensorine-uzimtumo-lenta-autobusas\/#primaryimage","url":"https:\/\/dev.monti.lt\/wp-content\/uploads\/2024\/10\/KX4866872502.jpg","contentUrl":"https:\/\/dev.monti.lt\/wp-content\/uploads\/2024\/10\/KX4866872502.jpg","width":700,"height":700,"caption":"sensorine lenta"},{"@type":"BreadcrumbList","@id":"https:\/\/dev.monti.lt\/product\/sensorine-uzimtumo-lenta-autobusas\/#breadcrumb","itemListElement":[{"@type":"ListItem","position":1,"name":"Home","item":"https:\/\/dev.monti.lt\/"},{"@type":"ListItem","position":2,"name":"Parduotuv\u0117","item":"https:\/\/dev.monti.lt\/shop\/"},{"@type":"ListItem","position":3,"name":"Sensorin\u0117 u\u017eimtumo lenta autobusas"}]},{"@type":"WebSite","@id":"https:\/\/dev.monti.lt\/#website","url":"https:\/\/dev.monti.lt\/","name":"Montessori \u017eaislai","description":"","publisher":{"@id":"https:\/\/dev.monti.lt\/#organization"},"potentialAction":[{"@type":"SearchAction","target":{"@type":"EntryPoint","urlTemplate":"https:\/\/dev.monti.lt\/?s={search_term_string}"},"query-input":"required name=search_term_string"}],"inLanguage":"en-US"},{"@type":"Organization","@id":"https:\/\/dev.monti.lt\/#organization","name":"Montessori \u017eaislai","url":"https:\/\/dev.monti.lt\/","logo":{"@type":"ImageObject","inLanguage":"en-US","@id":"https:\/\/dev.monti.lt\/#\/schema\/logo\/image\/","url":"https:\/\/dev.monti.lt\/wp-content\/uploads\/2022\/03\/montilogo-1.png","contentUrl":"https:\/\/dev.monti.lt\/wp-content\/uploads\/2022\/03\/montilogo-1.png","width":512,"height":512,"caption":"Montessori \u017eaislai"},"image":{"@id":"https:\/\/dev.monti.lt\/#\/schema\/logo\/image\/"}}]}},"_links":{"self":[{"href":"https:\/\/dev.monti.lt\/en\/wp-json\/wp\/v2\/product\/25428"}],"collection":[{"href":"https:\/\/dev.monti.lt\/en\/wp-json\/wp\/v2\/product"}],"about":[{"href":"https:\/\/dev.monti.lt\/en\/wp-json\/wp\/v2\/types\/product"}],"version-history":[{"count":1,"href":"https:\/\/dev.monti.lt\/en\/wp-json\/wp\/v2\/product\/25428\/revisions"}],"predecessor-version":[{"id":25439,"href":"https:\/\/dev.monti.lt\/en\/wp-json\/wp\/v2\/product\/25428\/revisions\/25439"}],"wp:featuredmedia":[{"embeddable":true,"href":"https:\/\/dev.monti.lt\/en\/wp-json\/wp\/v2\/media\/25429"}],"wp:attachment":[{"href":"https:\/\/dev.monti.lt\/en\/wp-json\/wp\/v2\/media?parent=25428"}],"wp:term":[{"taxonomy":"product_cat","embeddable":true,"href":"https:\/\/dev.monti.lt\/en\/wp-json\/wp\/v2\/product_cat?post=25428"},{"taxonomy":"product_tag","embeddable":true,"href":"https:\/\/dev.monti.lt\/en\/wp-json\/wp\/v2\/product_tag?post=25428"}],"curies":[{"name":"wp","href":"https:\/\/api.w.org\/{rel}","templated":true}]}}