{"id":25416,"date":"2024-10-01T08:35:00","date_gmt":"2024-10-01T08:35:00","guid":{"rendered":"https:\/\/dev.monti.lt\/?post_type=product&#038;p=25416"},"modified":"2024-10-03T07:49:00","modified_gmt":"2024-10-03T07:49:00","slug":"interaktyvus-kubas-namelis","status":"publish","type":"product","link":"https:\/\/dev.monti.lt\/en\/product\/interaktyvus-kubas-namelis\/","title":{"rendered":"Interaktyvus kubas-namelis"},"content":{"rendered":"<p>INTERAKTYVUS EDUKACINIS NAMELIS VAIKAMS<br>Interaktyvus \u017eaislas leis ma\u017eyliui ne tik smagiai, bet ir naudingai praleisti laik\u0105!<br>\u017daislas visiems bus geras pasirinkimas! Ma\u017eylis &#8211; nes negal\u0117s atsipl\u0117\u0161ti nuo \u017eaidimo, o t\u0117vai &#8211; nes \u017eaislas tur\u0117s didel\u0119 \u012ftak\u0105 jo vaiko vystymuisi!<br>Visi \u017eaislo elementai yra itin maloni\u0173, \u012fdomi\u0173 spalv\u0173! Ry\u0161kios spalvos aktyviai stimuliuos vaiko reg\u0117jim\u0105!<br>\u017daislas turi daug \u012fdomi\u0173 funkcij\u0173! Kiekviena i\u0161 sieneli\u0173 suteiks skirting\u0173 atrakcij\u0173!<br>Tarp pramog\u0173 bus r\u016b\u0161iuokl\u0117, kuri pad\u0117s vaikui i\u0161mokti atskirti formas ir priderinti jas vien\u0105 prie kitos!<br>Tiesiai vir\u0161 r\u016b\u0161iuotuvo yra sliek\u0173 su magnetin\u0117mis galvut\u0117mis! Juos bus galima i\u0161traukti specialia lazdele &#8211; drie\u017eiuku. Jo snapo galiukas taip pat yra magnetinis, tod\u0117l kirm\u0117les galima gaudyti! Kai \u0161ie bus i\u0161traukti i\u0161 skylu\u010di\u0173, gal\u0117site jais pamaitinti pauk\u0161t\u012f, laukiant\u012f vienoje i\u0161 stogo sien\u0173!<br>I\u0161traukti sliekus gali b\u016bti ne tokia paprasta u\u017eduotis, kaip jums atrodo! Ji pareikalaus didel\u0117s doz\u0117s tikslumo ir precizi\u0161kumo, tod\u0117l tur\u0117s didel\u0117s \u012ftakos vaiko kantryb\u0117s ir rank\u0173 darbo \u012fg\u016bd\u017ei\u0173 ugdymui, ypa\u010d teigiamai lavins jo smulki\u0105j\u0105 motorik\u0105 ir aki\u0173 judesi\u0173 koordinacij\u0105!<\/p><p>Kai vi\u0161\u010diukas bus pamaitintas, bus pats laikas pereiti prie kitos \u017eaislo pus\u0117s! Ant stogo esantis laikrodis pad\u0117s suprasti laiko matavimo principus, o po juo esantis skaitliukas i\u0161mokys ma\u017eyl\u012f skai\u010di\u0173. Tarpusavyje sujungti krumpliara\u010diai skatins suktis ir paai\u0161kins krumpliara\u010di\u0173 veikimo princip\u0105!<br>Kitoje gaminio pus\u0117je yra loginis galvos\u016bkis, kur\u012f sudaro skirting\u0173 spalv\u0173 kamuoliuk\u0173 i\u0161d\u0117stymas stulpeliais taip, kad \u012f vien\u0105 i\u0161 j\u0173 patekt\u0173 tik tos pa\u010dios spalvos mygtukai. Tai tur\u0117s puik\u0173 poveik\u012f vaiko intelektiniams geb\u0117jimams!<br>Paskutin\u0117 \u017eaislo sienel\u0117 &#8211; mokomasis pianinas! Paspaudus kiekvien\u0105 klavi\u0161\u0105, bus i\u0161gaunamas skirtingas garsas! Tai skatins ir lavins klausos poj\u016bt\u012f!<br>Visos \u017eaislui sukurti naudotos med\u017eiagos yra visi\u0161kai saugios ir itin patvarios, tod\u0117l galite leisti vaikui \u017eaisti be joki\u0173 r\u016bpes\u010di\u0173!<\/p><p>Rinkinio turinys:<\/p><p>Namo formos kubas<br>8x magnetiniai kirminai<br>telefono formos bar\u0161kutis<br>Daktaras su magnetu kirminams i\u0161traukti<br>4 kalad\u0117l\u0117s r\u016b\u0161iuotuvui<br>Vaiko am\u017eius: 18 m+<\/p><p>Med\u017eiaga: plastikas<\/p><p>Maitinimo \u0161altinis: Baterija: 3x AA baterija (\u012f komplekt\u0105 ne\u012feina)<\/p><p>Kubeli\u0173 matmenys: 21 cm x 20 cm x 26 cm<\/p><p>Pakuot\u0117s matmenys: 24 cm x 21 cm x 26 cm<\/p><p>Supakuota \u012f kartonin\u0119 d\u0117\u017eut\u0119.<\/p>","protected":false},"excerpt":{"rendered":"<p>INTERAKTYVUS EDUKACINIS NAMELIS VAIKAMSInteraktyvus \u017eaislas leis ma\u017eyliui ne tik smagiai, bet ir naudingai praleisti laik\u0105!\u017daislas visiems bus geras pasirinkimas! Ma\u017eylis &#8211; nes negal\u0117s atsipl\u0117\u0161ti nuo \u017eaidimo, o t\u0117vai &#8211; nes \u017eaislas tur\u0117s didel\u0119 \u012ftak\u0105 jo vaiko vystymuisi!Visi \u017eaislo elementai yra itin maloni\u0173, \u012fdomi\u0173 spalv\u0173! Ry\u0161kios spalvos aktyviai stimuliuos vaiko reg\u0117jim\u0105!\u017daislas turi daug \u012fdomi\u0173 funkcij\u0173! Kiekviena [&hellip;]<\/p>","protected":false},"featured_media":25417,"template":"","meta":{"iawp_total_views":11},"product_cat":[193,194,191],"product_tag":[95,96],"class_list":{"0":"post-25416","1":"product","2":"type-product","3":"status-publish","4":"has-post-thumbnail","6":"product_cat-dovanos-vaikams-1-2-metu","7":"product_cat-dovanos-vaikams-2-3-metu","8":"product_cat-dovanos-vaikams","9":"product_tag-1-m-2-m","10":"product_tag-2-m-3-m","12":"first","13":"instock","14":"taxable","15":"shipping-taxable","16":"purchasable","17":"product-type-simple"},"yoast_head":"<!-- This site is optimized with the Yoast SEO plugin v23.3 - https:\/\/yoast.com\/wordpress\/plugins\/seo\/ -->\n<title>Interaktyvus kubas-namelis - Montessori \u017eaislai<\/title>\n<meta name=\"robots\" content=\"noindex, follow, max-snippet:-1, max-image-preview:large, max-video-preview:-1\" \/>\n<meta property=\"og:locale\" content=\"en_US\" \/>\n<meta property=\"og:type\" content=\"article\" \/>\n<meta property=\"og:title\" content=\"Interaktyvus kubas-namelis - Montessori \u017eaislai\" \/>\n<meta property=\"og:description\" content=\"INTERAKTYVUS EDUKACINIS NAMELIS VAIKAMSInteraktyvus \u017eaislas leis ma\u017eyliui ne tik smagiai, bet ir naudingai praleisti laik\u0105!\u017daislas visiems bus geras pasirinkimas! Ma\u017eylis &#8211; nes negal\u0117s atsipl\u0117\u0161ti nuo \u017eaidimo, o t\u0117vai &#8211; nes \u017eaislas tur\u0117s didel\u0119 \u012ftak\u0105 jo vaiko vystymuisi!Visi \u017eaislo elementai yra itin maloni\u0173, \u012fdomi\u0173 spalv\u0173! Ry\u0161kios spalvos aktyviai stimuliuos vaiko reg\u0117jim\u0105!\u017daislas turi daug \u012fdomi\u0173 funkcij\u0173! Kiekviena [&hellip;]\" \/>\n<meta property=\"og:url\" content=\"https:\/\/dev.monti.lt\/en\/product\/interaktyvus-kubas-namelis\/\" \/>\n<meta property=\"og:site_name\" content=\"Montessori \u017eaislai\" \/>\n<meta property=\"article:modified_time\" content=\"2024-10-03T07:49:00+00:00\" \/>\n<meta property=\"og:image\" content=\"https:\/\/dev.monti.lt\/wp-content\/uploads\/2024\/10\/Interactive-cube-educational-house-for-children-101977-2.jpg\" \/>\n\t<meta property=\"og:image:width\" content=\"1024\" \/>\n\t<meta property=\"og:image:height\" content=\"768\" \/>\n\t<meta property=\"og:image:type\" content=\"image\/jpeg\" \/>\n<meta name=\"twitter:card\" content=\"summary_large_image\" \/>\n<meta name=\"twitter:label1\" content=\"Est. reading time\" \/>\n\t<meta name=\"twitter:data1\" content=\"2 minutes\" \/>\n<script type=\"application\/ld+json\" class=\"yoast-schema-graph\">{\"@context\":\"https:\/\/schema.org\",\"@graph\":[{\"@type\":\"WebPage\",\"@id\":\"https:\/\/dev.monti.lt\/product\/interaktyvus-kubas-namelis\/\",\"url\":\"https:\/\/dev.monti.lt\/product\/interaktyvus-kubas-namelis\/\",\"name\":\"Interaktyvus kubas-namelis - Montessori \u017eaislai\",\"isPartOf\":{\"@id\":\"https:\/\/dev.monti.lt\/#website\"},\"primaryImageOfPage\":{\"@id\":\"https:\/\/dev.monti.lt\/product\/interaktyvus-kubas-namelis\/#primaryimage\"},\"image\":{\"@id\":\"https:\/\/dev.monti.lt\/product\/interaktyvus-kubas-namelis\/#primaryimage\"},\"thumbnailUrl\":\"https:\/\/dev.monti.lt\/wp-content\/uploads\/2024\/10\/Interactive-cube-educational-house-for-children-101977-2.jpg\",\"datePublished\":\"2024-10-01T08:35:00+00:00\",\"dateModified\":\"2024-10-03T07:49:00+00:00\",\"breadcrumb\":{\"@id\":\"https:\/\/dev.monti.lt\/product\/interaktyvus-kubas-namelis\/#breadcrumb\"},\"inLanguage\":\"en-US\",\"potentialAction\":[{\"@type\":\"ReadAction\",\"target\":[\"https:\/\/dev.monti.lt\/product\/interaktyvus-kubas-namelis\/\"]}]},{\"@type\":\"ImageObject\",\"inLanguage\":\"en-US\",\"@id\":\"https:\/\/dev.monti.lt\/product\/interaktyvus-kubas-namelis\/#primaryimage\",\"url\":\"https:\/\/dev.monti.lt\/wp-content\/uploads\/2024\/10\/Interactive-cube-educational-house-for-children-101977-2.jpg\",\"contentUrl\":\"https:\/\/dev.monti.lt\/wp-content\/uploads\/2024\/10\/Interactive-cube-educational-house-for-children-101977-2.jpg\",\"width\":1024,\"height\":768,\"caption\":\"rusiuoklis interaktyvus\"},{\"@type\":\"BreadcrumbList\",\"@id\":\"https:\/\/dev.monti.lt\/product\/interaktyvus-kubas-namelis\/#breadcrumb\",\"itemListElement\":[{\"@type\":\"ListItem\",\"position\":1,\"name\":\"Home\",\"item\":\"https:\/\/dev.monti.lt\/\"},{\"@type\":\"ListItem\",\"position\":2,\"name\":\"Parduotuv\u0117\",\"item\":\"https:\/\/dev.monti.lt\/shop\/\"},{\"@type\":\"ListItem\",\"position\":3,\"name\":\"Interaktyvus kubas-namelis\"}]},{\"@type\":\"WebSite\",\"@id\":\"https:\/\/dev.monti.lt\/#website\",\"url\":\"https:\/\/dev.monti.lt\/\",\"name\":\"Montessori \u017eaislai\",\"description\":\"\",\"publisher\":{\"@id\":\"https:\/\/dev.monti.lt\/#organization\"},\"potentialAction\":[{\"@type\":\"SearchAction\",\"target\":{\"@type\":\"EntryPoint\",\"urlTemplate\":\"https:\/\/dev.monti.lt\/?s={search_term_string}\"},\"query-input\":\"required name=search_term_string\"}],\"inLanguage\":\"en-US\"},{\"@type\":\"Organization\",\"@id\":\"https:\/\/dev.monti.lt\/#organization\",\"name\":\"Montessori \u017eaislai\",\"url\":\"https:\/\/dev.monti.lt\/\",\"logo\":{\"@type\":\"ImageObject\",\"inLanguage\":\"en-US\",\"@id\":\"https:\/\/dev.monti.lt\/#\/schema\/logo\/image\/\",\"url\":\"https:\/\/dev.monti.lt\/wp-content\/uploads\/2022\/03\/montilogo-1.png\",\"contentUrl\":\"https:\/\/dev.monti.lt\/wp-content\/uploads\/2022\/03\/montilogo-1.png\",\"width\":512,\"height\":512,\"caption\":\"Montessori \u017eaislai\"},\"image\":{\"@id\":\"https:\/\/dev.monti.lt\/#\/schema\/logo\/image\/\"}}]}<\/script>\n<!-- \/ Yoast SEO plugin. -->","yoast_head_json":{"title":"Interaktyvus kubas-namelis - Montessori \u017eaislai","robots":{"index":"noindex","follow":"follow","max-snippet":"max-snippet:-1","max-image-preview":"max-image-preview:large","max-video-preview":"max-video-preview:-1"},"og_locale":"en_US","og_type":"article","og_title":"Interaktyvus kubas-namelis - Montessori \u017eaislai","og_description":"INTERAKTYVUS EDUKACINIS NAMELIS VAIKAMSInteraktyvus \u017eaislas leis ma\u017eyliui ne tik smagiai, bet ir naudingai praleisti laik\u0105!\u017daislas visiems bus geras pasirinkimas! Ma\u017eylis &#8211; nes negal\u0117s atsipl\u0117\u0161ti nuo \u017eaidimo, o t\u0117vai &#8211; nes \u017eaislas tur\u0117s didel\u0119 \u012ftak\u0105 jo vaiko vystymuisi!Visi \u017eaislo elementai yra itin maloni\u0173, \u012fdomi\u0173 spalv\u0173! Ry\u0161kios spalvos aktyviai stimuliuos vaiko reg\u0117jim\u0105!\u017daislas turi daug \u012fdomi\u0173 funkcij\u0173! Kiekviena [&hellip;]","og_url":"https:\/\/dev.monti.lt\/en\/product\/interaktyvus-kubas-namelis\/","og_site_name":"Montessori \u017eaislai","article_modified_time":"2024-10-03T07:49:00+00:00","og_image":[{"width":1024,"height":768,"url":"https:\/\/dev.monti.lt\/wp-content\/uploads\/2024\/10\/Interactive-cube-educational-house-for-children-101977-2.jpg","type":"image\/jpeg"}],"twitter_card":"summary_large_image","twitter_misc":{"Est. reading time":"2 minutes"},"schema":{"@context":"https:\/\/schema.org","@graph":[{"@type":"WebPage","@id":"https:\/\/dev.monti.lt\/product\/interaktyvus-kubas-namelis\/","url":"https:\/\/dev.monti.lt\/product\/interaktyvus-kubas-namelis\/","name":"Interaktyvus kubas-namelis - Montessori \u017eaislai","isPartOf":{"@id":"https:\/\/dev.monti.lt\/#website"},"primaryImageOfPage":{"@id":"https:\/\/dev.monti.lt\/product\/interaktyvus-kubas-namelis\/#primaryimage"},"image":{"@id":"https:\/\/dev.monti.lt\/product\/interaktyvus-kubas-namelis\/#primaryimage"},"thumbnailUrl":"https:\/\/dev.monti.lt\/wp-content\/uploads\/2024\/10\/Interactive-cube-educational-house-for-children-101977-2.jpg","datePublished":"2024-10-01T08:35:00+00:00","dateModified":"2024-10-03T07:49:00+00:00","breadcrumb":{"@id":"https:\/\/dev.monti.lt\/product\/interaktyvus-kubas-namelis\/#breadcrumb"},"inLanguage":"en-US","potentialAction":[{"@type":"ReadAction","target":["https:\/\/dev.monti.lt\/product\/interaktyvus-kubas-namelis\/"]}]},{"@type":"ImageObject","inLanguage":"en-US","@id":"https:\/\/dev.monti.lt\/product\/interaktyvus-kubas-namelis\/#primaryimage","url":"https:\/\/dev.monti.lt\/wp-content\/uploads\/2024\/10\/Interactive-cube-educational-house-for-children-101977-2.jpg","contentUrl":"https:\/\/dev.monti.lt\/wp-content\/uploads\/2024\/10\/Interactive-cube-educational-house-for-children-101977-2.jpg","width":1024,"height":768,"caption":"rusiuoklis interaktyvus"},{"@type":"BreadcrumbList","@id":"https:\/\/dev.monti.lt\/product\/interaktyvus-kubas-namelis\/#breadcrumb","itemListElement":[{"@type":"ListItem","position":1,"name":"Home","item":"https:\/\/dev.monti.lt\/"},{"@type":"ListItem","position":2,"name":"Parduotuv\u0117","item":"https:\/\/dev.monti.lt\/shop\/"},{"@type":"ListItem","position":3,"name":"Interaktyvus kubas-namelis"}]},{"@type":"WebSite","@id":"https:\/\/dev.monti.lt\/#website","url":"https:\/\/dev.monti.lt\/","name":"Montessori \u017eaislai","description":"","publisher":{"@id":"https:\/\/dev.monti.lt\/#organization"},"potentialAction":[{"@type":"SearchAction","target":{"@type":"EntryPoint","urlTemplate":"https:\/\/dev.monti.lt\/?s={search_term_string}"},"query-input":"required name=search_term_string"}],"inLanguage":"en-US"},{"@type":"Organization","@id":"https:\/\/dev.monti.lt\/#organization","name":"Montessori \u017eaislai","url":"https:\/\/dev.monti.lt\/","logo":{"@type":"ImageObject","inLanguage":"en-US","@id":"https:\/\/dev.monti.lt\/#\/schema\/logo\/image\/","url":"https:\/\/dev.monti.lt\/wp-content\/uploads\/2022\/03\/montilogo-1.png","contentUrl":"https:\/\/dev.monti.lt\/wp-content\/uploads\/2022\/03\/montilogo-1.png","width":512,"height":512,"caption":"Montessori \u017eaislai"},"image":{"@id":"https:\/\/dev.monti.lt\/#\/schema\/logo\/image\/"}}]}},"_links":{"self":[{"href":"https:\/\/dev.monti.lt\/en\/wp-json\/wp\/v2\/product\/25416"}],"collection":[{"href":"https:\/\/dev.monti.lt\/en\/wp-json\/wp\/v2\/product"}],"about":[{"href":"https:\/\/dev.monti.lt\/en\/wp-json\/wp\/v2\/types\/product"}],"version-history":[{"count":1,"href":"https:\/\/dev.monti.lt\/en\/wp-json\/wp\/v2\/product\/25416\/revisions"}],"predecessor-version":[{"id":25427,"href":"https:\/\/dev.monti.lt\/en\/wp-json\/wp\/v2\/product\/25416\/revisions\/25427"}],"wp:featuredmedia":[{"embeddable":true,"href":"https:\/\/dev.monti.lt\/en\/wp-json\/wp\/v2\/media\/25417"}],"wp:attachment":[{"href":"https:\/\/dev.monti.lt\/en\/wp-json\/wp\/v2\/media?parent=25416"}],"wp:term":[{"taxonomy":"product_cat","embeddable":true,"href":"https:\/\/dev.monti.lt\/en\/wp-json\/wp\/v2\/product_cat?post=25416"},{"taxonomy":"product_tag","embeddable":true,"href":"https:\/\/dev.monti.lt\/en\/wp-json\/wp\/v2\/product_tag?post=25416"}],"curies":[{"name":"wp","href":"https:\/\/api.w.org\/{rel}","templated":true}]}}