{"id":25390,"date":"2024-10-01T08:12:20","date_gmt":"2024-10-01T08:12:20","guid":{"rendered":"https:\/\/dev.monti.lt\/?post_type=product&#038;p=25390"},"modified":"2024-10-03T07:42:52","modified_gmt":"2024-10-03T07:42:52","slug":"gyvunu-figureles-zoologijos-sodas","status":"publish","type":"product","link":"https:\/\/dev.monti.lt\/en\/product\/gyvunu-figureles-zoologijos-sodas\/","title":{"rendered":"Gyv\u016bn\u0173 fig\u016br\u0117l\u0117s &#8220;Zoologijos sodas&#8221;"},"content":{"rendered":"<p>APRA\u0160YMAS<\/p><p>Safaris svetain\u0117je? Kod\u0117l gi ne! 19 gyv\u016bn\u0173 fig\u016br\u0117li\u0173 rinkinys pad\u0117s vaikams persikelti \u012f laukini\u0173 gyv\u016bn\u0173 pasaul\u012f nei\u0161einant i\u0161 nam\u0173. Pakuot\u0117je papildomai yra med\u017eiai ir tvora, kurie pad\u0117s sukurti gyv\u016bn\u0173 \u016bk\u012f ir pa\u012fvairins sukurt\u0105 peiza\u017e\u0105. \u017daisdami su fig\u016br\u0117l\u0117mis vaikai ne tik lavins k\u016brybi\u0161kum\u0105 ir vaizduot\u0119, bet ir i\u0161moks gyv\u016bn\u0173 pavadinimus. Fig\u016br\u0117l\u0117s atkurtos su did\u017eiausiu d\u0117mesiu detal\u0117ms, tod\u0117l yra itin tikrovi\u0161kos. D\u0117l prakti\u0161kos plastikin\u0117s pakuot\u0117s rinkin\u012f lengva laikyti.<\/p><p>Technin\u0117s specifikacijos:<\/p><p>Med\u017eiaga: kieta guma<br>Am\u017eius: 3+<br>Fig\u016br\u0117li\u0173 skai\u010dius: 31<br>Fig\u016br\u0117l\u0117s pavyzdys (zebras): 9 cm x 2 cm x 7 cm.<br>Tvorel\u0117s matmenys: \u017dv\u0117ries (zebros) matmenys: 10 cm x 4,5 cm x 4,5 cm.<br>Pakuot\u0117s matmenys: 25 cm x 19 cm x 13 cm<br>Rinkinio turinys:<\/p><p>Gyv\u016bnai x19<br>Med\u017eiai x4<br>Tvora x8<\/p><p>Fig\u016br\u0117l\u0117s pagamintos i\u0161 patvirtintos auk\u0161tos kokyb\u0117s gumos, tod\u0117l yra saugios vaikams. Jos turi CE sertifikat\u0105.<\/p><p>Gaminys supakuotas \u012f plastikin\u0119 d\u0117\u017eut\u0119.<\/p>","protected":false},"excerpt":{"rendered":"<p>APRA\u0160YMAS Safaris svetain\u0117je? Kod\u0117l gi ne! 19 gyv\u016bn\u0173 fig\u016br\u0117li\u0173 rinkinys pad\u0117s vaikams persikelti \u012f laukini\u0173 gyv\u016bn\u0173 pasaul\u012f nei\u0161einant i\u0161 nam\u0173. Pakuot\u0117je papildomai yra med\u017eiai ir tvora, kurie pad\u0117s sukurti gyv\u016bn\u0173 \u016bk\u012f ir pa\u012fvairins sukurt\u0105 peiza\u017e\u0105. \u017daisdami su fig\u016br\u0117l\u0117mis vaikai ne tik lavins k\u016brybi\u0161kum\u0105 ir vaizduot\u0119, bet ir i\u0161moks gyv\u016bn\u0173 pavadinimus. Fig\u016br\u0117l\u0117s atkurtos su did\u017eiausiu d\u0117mesiu [&hellip;]<\/p>","protected":false},"featured_media":25391,"template":"","meta":{"iawp_total_views":9},"product_cat":[218,84,90,199,93,49,39],"product_tag":[95,96,97,98],"class_list":{"0":"post-25390","1":"product","2":"type-product","3":"status-publish","4":"has-post-thumbnail","6":"product_cat-darzeliu-grupems","7":"product_cat-lavinamieji-zaislai","8":"product_cat-pasaulio-pazinimas","9":"product_cat-ugdymo-istaigoms","10":"product_cat-vaidmenu-zaidimai","11":"product_cat-visi-zaislai","12":"product_cat-zaislai","13":"product_tag-1-m-2-m","14":"product_tag-2-m-3-m","15":"product_tag-3-m-4-m","16":"product_tag-5-m-7-m","18":"first","19":"instock","20":"taxable","21":"shipping-taxable","22":"purchasable","23":"product-type-simple"},"yoast_head":"<!-- This site is optimized with the Yoast SEO plugin v23.3 - https:\/\/yoast.com\/wordpress\/plugins\/seo\/ -->\n<title>Gyv\u016bn\u0173 fig\u016br\u0117l\u0117s &quot;Zoologijos sodas&quot; - Montessori \u017eaislai<\/title>\n<meta name=\"robots\" content=\"noindex, follow, max-snippet:-1, max-image-preview:large, max-video-preview:-1\" \/>\n<meta property=\"og:locale\" content=\"en_US\" \/>\n<meta property=\"og:type\" content=\"article\" \/>\n<meta property=\"og:title\" content=\"Gyv\u016bn\u0173 fig\u016br\u0117l\u0117s &quot;Zoologijos sodas&quot; - Montessori \u017eaislai\" \/>\n<meta property=\"og:description\" content=\"APRA\u0160YMAS Safaris svetain\u0117je? Kod\u0117l gi ne! 19 gyv\u016bn\u0173 fig\u016br\u0117li\u0173 rinkinys pad\u0117s vaikams persikelti \u012f laukini\u0173 gyv\u016bn\u0173 pasaul\u012f nei\u0161einant i\u0161 nam\u0173. Pakuot\u0117je papildomai yra med\u017eiai ir tvora, kurie pad\u0117s sukurti gyv\u016bn\u0173 \u016bk\u012f ir pa\u012fvairins sukurt\u0105 peiza\u017e\u0105. \u017daisdami su fig\u016br\u0117l\u0117mis vaikai ne tik lavins k\u016brybi\u0161kum\u0105 ir vaizduot\u0119, bet ir i\u0161moks gyv\u016bn\u0173 pavadinimus. Fig\u016br\u0117l\u0117s atkurtos su did\u017eiausiu d\u0117mesiu [&hellip;]\" \/>\n<meta property=\"og:url\" content=\"https:\/\/dev.monti.lt\/en\/product\/gyvunu-figureles-zoologijos-sodas\/\" \/>\n<meta property=\"og:site_name\" content=\"Montessori \u017eaislai\" \/>\n<meta property=\"article:modified_time\" content=\"2024-10-03T07:42:52+00:00\" \/>\n<meta property=\"og:image\" content=\"https:\/\/dev.monti.lt\/wp-content\/uploads\/2024\/10\/Figures-zoo-animals-set-of-31-el-152277-2.jpg\" \/>\n\t<meta property=\"og:image:width\" content=\"1024\" \/>\n\t<meta property=\"og:image:height\" content=\"1024\" \/>\n\t<meta property=\"og:image:type\" content=\"image\/jpeg\" \/>\n<meta name=\"twitter:card\" content=\"summary_large_image\" \/>\n<meta name=\"twitter:label1\" content=\"Est. reading time\" \/>\n\t<meta name=\"twitter:data1\" content=\"1 minute\" \/>\n<script type=\"application\/ld+json\" class=\"yoast-schema-graph\">{\"@context\":\"https:\/\/schema.org\",\"@graph\":[{\"@type\":\"WebPage\",\"@id\":\"https:\/\/dev.monti.lt\/product\/gyvunu-figureles-zoologijos-sodas\/\",\"url\":\"https:\/\/dev.monti.lt\/product\/gyvunu-figureles-zoologijos-sodas\/\",\"name\":\"Gyv\u016bn\u0173 fig\u016br\u0117l\u0117s \\\"Zoologijos sodas\\\" - Montessori \u017eaislai\",\"isPartOf\":{\"@id\":\"https:\/\/dev.monti.lt\/#website\"},\"primaryImageOfPage\":{\"@id\":\"https:\/\/dev.monti.lt\/product\/gyvunu-figureles-zoologijos-sodas\/#primaryimage\"},\"image\":{\"@id\":\"https:\/\/dev.monti.lt\/product\/gyvunu-figureles-zoologijos-sodas\/#primaryimage\"},\"thumbnailUrl\":\"https:\/\/dev.monti.lt\/wp-content\/uploads\/2024\/10\/Figures-zoo-animals-set-of-31-el-152277-2.jpg\",\"datePublished\":\"2024-10-01T08:12:20+00:00\",\"dateModified\":\"2024-10-03T07:42:52+00:00\",\"breadcrumb\":{\"@id\":\"https:\/\/dev.monti.lt\/product\/gyvunu-figureles-zoologijos-sodas\/#breadcrumb\"},\"inLanguage\":\"en-US\",\"potentialAction\":[{\"@type\":\"ReadAction\",\"target\":[\"https:\/\/dev.monti.lt\/product\/gyvunu-figureles-zoologijos-sodas\/\"]}]},{\"@type\":\"ImageObject\",\"inLanguage\":\"en-US\",\"@id\":\"https:\/\/dev.monti.lt\/product\/gyvunu-figureles-zoologijos-sodas\/#primaryimage\",\"url\":\"https:\/\/dev.monti.lt\/wp-content\/uploads\/2024\/10\/Figures-zoo-animals-set-of-31-el-152277-2.jpg\",\"contentUrl\":\"https:\/\/dev.monti.lt\/wp-content\/uploads\/2024\/10\/Figures-zoo-animals-set-of-31-el-152277-2.jpg\",\"width\":1024,\"height\":1024,\"caption\":\"gyvunu figureles\"},{\"@type\":\"BreadcrumbList\",\"@id\":\"https:\/\/dev.monti.lt\/product\/gyvunu-figureles-zoologijos-sodas\/#breadcrumb\",\"itemListElement\":[{\"@type\":\"ListItem\",\"position\":1,\"name\":\"Home\",\"item\":\"https:\/\/dev.monti.lt\/\"},{\"@type\":\"ListItem\",\"position\":2,\"name\":\"Parduotuv\u0117\",\"item\":\"https:\/\/dev.monti.lt\/shop\/\"},{\"@type\":\"ListItem\",\"position\":3,\"name\":\"Gyv\u016bn\u0173 fig\u016br\u0117l\u0117s &#8220;Zoologijos sodas&#8221;\"}]},{\"@type\":\"WebSite\",\"@id\":\"https:\/\/dev.monti.lt\/#website\",\"url\":\"https:\/\/dev.monti.lt\/\",\"name\":\"Montessori \u017eaislai\",\"description\":\"\",\"publisher\":{\"@id\":\"https:\/\/dev.monti.lt\/#organization\"},\"potentialAction\":[{\"@type\":\"SearchAction\",\"target\":{\"@type\":\"EntryPoint\",\"urlTemplate\":\"https:\/\/dev.monti.lt\/?s={search_term_string}\"},\"query-input\":\"required name=search_term_string\"}],\"inLanguage\":\"en-US\"},{\"@type\":\"Organization\",\"@id\":\"https:\/\/dev.monti.lt\/#organization\",\"name\":\"Montessori \u017eaislai\",\"url\":\"https:\/\/dev.monti.lt\/\",\"logo\":{\"@type\":\"ImageObject\",\"inLanguage\":\"en-US\",\"@id\":\"https:\/\/dev.monti.lt\/#\/schema\/logo\/image\/\",\"url\":\"https:\/\/dev.monti.lt\/wp-content\/uploads\/2022\/03\/montilogo-1.png\",\"contentUrl\":\"https:\/\/dev.monti.lt\/wp-content\/uploads\/2022\/03\/montilogo-1.png\",\"width\":512,\"height\":512,\"caption\":\"Montessori \u017eaislai\"},\"image\":{\"@id\":\"https:\/\/dev.monti.lt\/#\/schema\/logo\/image\/\"}}]}<\/script>\n<!-- \/ Yoast SEO plugin. -->","yoast_head_json":{"title":"Gyv\u016bn\u0173 fig\u016br\u0117l\u0117s \"Zoologijos sodas\" - Montessori \u017eaislai","robots":{"index":"noindex","follow":"follow","max-snippet":"max-snippet:-1","max-image-preview":"max-image-preview:large","max-video-preview":"max-video-preview:-1"},"og_locale":"en_US","og_type":"article","og_title":"Gyv\u016bn\u0173 fig\u016br\u0117l\u0117s \"Zoologijos sodas\" - Montessori \u017eaislai","og_description":"APRA\u0160YMAS Safaris svetain\u0117je? Kod\u0117l gi ne! 19 gyv\u016bn\u0173 fig\u016br\u0117li\u0173 rinkinys pad\u0117s vaikams persikelti \u012f laukini\u0173 gyv\u016bn\u0173 pasaul\u012f nei\u0161einant i\u0161 nam\u0173. Pakuot\u0117je papildomai yra med\u017eiai ir tvora, kurie pad\u0117s sukurti gyv\u016bn\u0173 \u016bk\u012f ir pa\u012fvairins sukurt\u0105 peiza\u017e\u0105. \u017daisdami su fig\u016br\u0117l\u0117mis vaikai ne tik lavins k\u016brybi\u0161kum\u0105 ir vaizduot\u0119, bet ir i\u0161moks gyv\u016bn\u0173 pavadinimus. Fig\u016br\u0117l\u0117s atkurtos su did\u017eiausiu d\u0117mesiu [&hellip;]","og_url":"https:\/\/dev.monti.lt\/en\/product\/gyvunu-figureles-zoologijos-sodas\/","og_site_name":"Montessori \u017eaislai","article_modified_time":"2024-10-03T07:42:52+00:00","og_image":[{"width":1024,"height":1024,"url":"https:\/\/dev.monti.lt\/wp-content\/uploads\/2024\/10\/Figures-zoo-animals-set-of-31-el-152277-2.jpg","type":"image\/jpeg"}],"twitter_card":"summary_large_image","twitter_misc":{"Est. reading time":"1 minute"},"schema":{"@context":"https:\/\/schema.org","@graph":[{"@type":"WebPage","@id":"https:\/\/dev.monti.lt\/product\/gyvunu-figureles-zoologijos-sodas\/","url":"https:\/\/dev.monti.lt\/product\/gyvunu-figureles-zoologijos-sodas\/","name":"Gyv\u016bn\u0173 fig\u016br\u0117l\u0117s \"Zoologijos sodas\" - Montessori \u017eaislai","isPartOf":{"@id":"https:\/\/dev.monti.lt\/#website"},"primaryImageOfPage":{"@id":"https:\/\/dev.monti.lt\/product\/gyvunu-figureles-zoologijos-sodas\/#primaryimage"},"image":{"@id":"https:\/\/dev.monti.lt\/product\/gyvunu-figureles-zoologijos-sodas\/#primaryimage"},"thumbnailUrl":"https:\/\/dev.monti.lt\/wp-content\/uploads\/2024\/10\/Figures-zoo-animals-set-of-31-el-152277-2.jpg","datePublished":"2024-10-01T08:12:20+00:00","dateModified":"2024-10-03T07:42:52+00:00","breadcrumb":{"@id":"https:\/\/dev.monti.lt\/product\/gyvunu-figureles-zoologijos-sodas\/#breadcrumb"},"inLanguage":"en-US","potentialAction":[{"@type":"ReadAction","target":["https:\/\/dev.monti.lt\/product\/gyvunu-figureles-zoologijos-sodas\/"]}]},{"@type":"ImageObject","inLanguage":"en-US","@id":"https:\/\/dev.monti.lt\/product\/gyvunu-figureles-zoologijos-sodas\/#primaryimage","url":"https:\/\/dev.monti.lt\/wp-content\/uploads\/2024\/10\/Figures-zoo-animals-set-of-31-el-152277-2.jpg","contentUrl":"https:\/\/dev.monti.lt\/wp-content\/uploads\/2024\/10\/Figures-zoo-animals-set-of-31-el-152277-2.jpg","width":1024,"height":1024,"caption":"gyvunu figureles"},{"@type":"BreadcrumbList","@id":"https:\/\/dev.monti.lt\/product\/gyvunu-figureles-zoologijos-sodas\/#breadcrumb","itemListElement":[{"@type":"ListItem","position":1,"name":"Home","item":"https:\/\/dev.monti.lt\/"},{"@type":"ListItem","position":2,"name":"Parduotuv\u0117","item":"https:\/\/dev.monti.lt\/shop\/"},{"@type":"ListItem","position":3,"name":"Gyv\u016bn\u0173 fig\u016br\u0117l\u0117s &#8220;Zoologijos sodas&#8221;"}]},{"@type":"WebSite","@id":"https:\/\/dev.monti.lt\/#website","url":"https:\/\/dev.monti.lt\/","name":"Montessori \u017eaislai","description":"","publisher":{"@id":"https:\/\/dev.monti.lt\/#organization"},"potentialAction":[{"@type":"SearchAction","target":{"@type":"EntryPoint","urlTemplate":"https:\/\/dev.monti.lt\/?s={search_term_string}"},"query-input":"required name=search_term_string"}],"inLanguage":"en-US"},{"@type":"Organization","@id":"https:\/\/dev.monti.lt\/#organization","name":"Montessori \u017eaislai","url":"https:\/\/dev.monti.lt\/","logo":{"@type":"ImageObject","inLanguage":"en-US","@id":"https:\/\/dev.monti.lt\/#\/schema\/logo\/image\/","url":"https:\/\/dev.monti.lt\/wp-content\/uploads\/2022\/03\/montilogo-1.png","contentUrl":"https:\/\/dev.monti.lt\/wp-content\/uploads\/2022\/03\/montilogo-1.png","width":512,"height":512,"caption":"Montessori \u017eaislai"},"image":{"@id":"https:\/\/dev.monti.lt\/#\/schema\/logo\/image\/"}}]}},"_links":{"self":[{"href":"https:\/\/dev.monti.lt\/en\/wp-json\/wp\/v2\/product\/25390"}],"collection":[{"href":"https:\/\/dev.monti.lt\/en\/wp-json\/wp\/v2\/product"}],"about":[{"href":"https:\/\/dev.monti.lt\/en\/wp-json\/wp\/v2\/types\/product"}],"version-history":[{"count":1,"href":"https:\/\/dev.monti.lt\/en\/wp-json\/wp\/v2\/product\/25390\/revisions"}],"predecessor-version":[{"id":25398,"href":"https:\/\/dev.monti.lt\/en\/wp-json\/wp\/v2\/product\/25390\/revisions\/25398"}],"wp:featuredmedia":[{"embeddable":true,"href":"https:\/\/dev.monti.lt\/en\/wp-json\/wp\/v2\/media\/25391"}],"wp:attachment":[{"href":"https:\/\/dev.monti.lt\/en\/wp-json\/wp\/v2\/media?parent=25390"}],"wp:term":[{"taxonomy":"product_cat","embeddable":true,"href":"https:\/\/dev.monti.lt\/en\/wp-json\/wp\/v2\/product_cat?post=25390"},{"taxonomy":"product_tag","embeddable":true,"href":"https:\/\/dev.monti.lt\/en\/wp-json\/wp\/v2\/product_tag?post=25390"}],"curies":[{"name":"wp","href":"https:\/\/api.w.org\/{rel}","templated":true}]}}