{"id":25370,"date":"2024-10-01T07:38:48","date_gmt":"2024-10-01T07:38:48","guid":{"rendered":"https:\/\/dev.monti.lt\/?post_type=product&#038;p=25370"},"modified":"2024-10-07T09:11:22","modified_gmt":"2024-10-07T09:11:22","slug":"storas-kilimas-vaikams-gyvunai-raides","status":"publish","type":"product","link":"https:\/\/dev.monti.lt\/en\/product\/storas-kilimas-vaikams-gyvunai-raides\/","title":{"rendered":"Storas kilimas vaikams gyv\u016bnai-raid\u0117s"},"content":{"rendered":"<p>Dvipusis putplas\u010dio kilim\u0117lis &#8211; mokymosi ir \u017eaidim\u0173 centras! Puikiai izoliuoja nuo \u0161altos \u017eem\u0117s ir su\u0161velnina k\u016bdikio kritimus, kai jis mokosi vaik\u0161\u010dioti. \u012edomus gyv\u016bn\u0173 ra\u0161tas traukia d\u0117mes\u012f. Med\u017eiaga: XPE putplastis. Med\u017eiaga: XPE XPE, mink\u0161tas, mink\u0161tas ir \u0161velnus: Med\u017eiaga: 179 cm x 198 cm.<\/p>","protected":false},"excerpt":{"rendered":"<p>Dvipusis putplas\u010dio kilim\u0117lis &#8211; mokymosi ir \u017eaidim\u0173 centras! Puikiai izoliuoja nuo \u0161altos \u017eem\u0117s ir su\u0161velnina k\u016bdikio kritimus, kai jis mokosi vaik\u0161\u010dioti. \u012edomus gyv\u016bn\u0173 ra\u0161tas traukia d\u0117mes\u012f. Med\u017eiaga: XPE putplastis. Med\u017eiaga: XPE XPE, mink\u0161tas, mink\u0161tas ir \u0161velnus: Med\u017eiaga: 179 cm x 198 cm.<\/p>","protected":false},"featured_media":25371,"template":"","meta":{"iawp_total_views":5},"product_cat":[213,200,191,82,206,84,90,50,49,39],"product_tag":[95,96,97,98,94],"class_list":{"0":"post-25370","1":"product","2":"type-product","3":"status-publish","4":"has-post-thumbnail","6":"product_cat-akcija","7":"product_cat-dovanos-kudikiams","8":"product_cat-dovanos-vaikams","9":"product_cat-ispardavimas","10":"product_cat-lavinamieji-kilimeliai","11":"product_cat-lavinamieji-zaislai","12":"product_cat-pasaulio-pazinimas","13":"product_cat-top-dovanos","14":"product_cat-visi-zaislai","15":"product_cat-zaislai","16":"product_tag-1-m-2-m","17":"product_tag-2-m-3-m","18":"product_tag-3-m-4-m","19":"product_tag-5-m-7-m","20":"product_tag-iki-1-m","22":"first","23":"instock","24":"sale","25":"taxable","26":"shipping-taxable","27":"purchasable","28":"product-type-simple"},"yoast_head":"<!-- This site is optimized with the Yoast SEO plugin v23.3 - https:\/\/yoast.com\/wordpress\/plugins\/seo\/ -->\n<title>Storas kilimas vaikams gyv\u016bnai-raid\u0117s - Montessori \u017eaislai<\/title>\n<meta name=\"robots\" content=\"noindex, follow, max-snippet:-1, max-image-preview:large, max-video-preview:-1\" \/>\n<meta property=\"og:locale\" content=\"en_US\" \/>\n<meta property=\"og:type\" content=\"article\" \/>\n<meta property=\"og:title\" content=\"Storas kilimas vaikams gyv\u016bnai-raid\u0117s - Montessori \u017eaislai\" \/>\n<meta property=\"og:description\" content=\"Dvipusis putplas\u010dio kilim\u0117lis &#8211; mokymosi ir \u017eaidim\u0173 centras! Puikiai izoliuoja nuo \u0161altos \u017eem\u0117s ir su\u0161velnina k\u016bdikio kritimus, kai jis mokosi vaik\u0161\u010dioti. \u012edomus gyv\u016bn\u0173 ra\u0161tas traukia d\u0117mes\u012f. Med\u017eiaga: XPE putplastis. Med\u017eiaga: XPE XPE, mink\u0161tas, mink\u0161tas ir \u0161velnus: Med\u017eiaga: 179 cm x 198 cm.\" \/>\n<meta property=\"og:url\" content=\"https:\/\/dev.monti.lt\/en\/product\/storas-kilimas-vaikams-gyvunai-raides\/\" \/>\n<meta property=\"og:site_name\" content=\"Montessori \u017eaislai\" \/>\n<meta property=\"article:modified_time\" content=\"2024-10-07T09:11:22+00:00\" \/>\n<meta property=\"og:image\" content=\"https:\/\/dev.monti.lt\/wp-content\/uploads\/2024\/10\/Educational-foam-mat-double-sided-foldable-179x198-animals-alphabet-140180.jpg\" \/>\n\t<meta property=\"og:image:width\" content=\"1024\" \/>\n\t<meta property=\"og:image:height\" content=\"1024\" \/>\n\t<meta property=\"og:image:type\" content=\"image\/jpeg\" \/>\n<meta name=\"twitter:card\" content=\"summary_large_image\" \/>\n<meta name=\"twitter:label1\" content=\"Est. reading time\" \/>\n\t<meta name=\"twitter:data1\" content=\"1 minute\" \/>\n<script type=\"application\/ld+json\" class=\"yoast-schema-graph\">{\"@context\":\"https:\/\/schema.org\",\"@graph\":[{\"@type\":\"WebPage\",\"@id\":\"https:\/\/dev.monti.lt\/product\/storas-kilimas-vaikams-gyvunai-raides\/\",\"url\":\"https:\/\/dev.monti.lt\/product\/storas-kilimas-vaikams-gyvunai-raides\/\",\"name\":\"Storas kilimas vaikams gyv\u016bnai-raid\u0117s - Montessori \u017eaislai\",\"isPartOf\":{\"@id\":\"https:\/\/dev.monti.lt\/#website\"},\"primaryImageOfPage\":{\"@id\":\"https:\/\/dev.monti.lt\/product\/storas-kilimas-vaikams-gyvunai-raides\/#primaryimage\"},\"image\":{\"@id\":\"https:\/\/dev.monti.lt\/product\/storas-kilimas-vaikams-gyvunai-raides\/#primaryimage\"},\"thumbnailUrl\":\"https:\/\/dev.monti.lt\/wp-content\/uploads\/2024\/10\/Educational-foam-mat-double-sided-foldable-179x198-animals-alphabet-140180.jpg\",\"datePublished\":\"2024-10-01T07:38:48+00:00\",\"dateModified\":\"2024-10-07T09:11:22+00:00\",\"breadcrumb\":{\"@id\":\"https:\/\/dev.monti.lt\/product\/storas-kilimas-vaikams-gyvunai-raides\/#breadcrumb\"},\"inLanguage\":\"en-US\",\"potentialAction\":[{\"@type\":\"ReadAction\",\"target\":[\"https:\/\/dev.monti.lt\/product\/storas-kilimas-vaikams-gyvunai-raides\/\"]}]},{\"@type\":\"ImageObject\",\"inLanguage\":\"en-US\",\"@id\":\"https:\/\/dev.monti.lt\/product\/storas-kilimas-vaikams-gyvunai-raides\/#primaryimage\",\"url\":\"https:\/\/dev.monti.lt\/wp-content\/uploads\/2024\/10\/Educational-foam-mat-double-sided-foldable-179x198-animals-alphabet-140180.jpg\",\"contentUrl\":\"https:\/\/dev.monti.lt\/wp-content\/uploads\/2024\/10\/Educational-foam-mat-double-sided-foldable-179x198-animals-alphabet-140180.jpg\",\"width\":1024,\"height\":1024,\"caption\":\"lavinamasis kilimelis\"},{\"@type\":\"BreadcrumbList\",\"@id\":\"https:\/\/dev.monti.lt\/product\/storas-kilimas-vaikams-gyvunai-raides\/#breadcrumb\",\"itemListElement\":[{\"@type\":\"ListItem\",\"position\":1,\"name\":\"Home\",\"item\":\"https:\/\/dev.monti.lt\/\"},{\"@type\":\"ListItem\",\"position\":2,\"name\":\"Parduotuv\u0117\",\"item\":\"https:\/\/dev.monti.lt\/shop\/\"},{\"@type\":\"ListItem\",\"position\":3,\"name\":\"Storas kilimas vaikams gyv\u016bnai-raid\u0117s\"}]},{\"@type\":\"WebSite\",\"@id\":\"https:\/\/dev.monti.lt\/#website\",\"url\":\"https:\/\/dev.monti.lt\/\",\"name\":\"Montessori \u017eaislai\",\"description\":\"\",\"publisher\":{\"@id\":\"https:\/\/dev.monti.lt\/#organization\"},\"potentialAction\":[{\"@type\":\"SearchAction\",\"target\":{\"@type\":\"EntryPoint\",\"urlTemplate\":\"https:\/\/dev.monti.lt\/?s={search_term_string}\"},\"query-input\":\"required name=search_term_string\"}],\"inLanguage\":\"en-US\"},{\"@type\":\"Organization\",\"@id\":\"https:\/\/dev.monti.lt\/#organization\",\"name\":\"Montessori \u017eaislai\",\"url\":\"https:\/\/dev.monti.lt\/\",\"logo\":{\"@type\":\"ImageObject\",\"inLanguage\":\"en-US\",\"@id\":\"https:\/\/dev.monti.lt\/#\/schema\/logo\/image\/\",\"url\":\"https:\/\/dev.monti.lt\/wp-content\/uploads\/2022\/03\/montilogo-1.png\",\"contentUrl\":\"https:\/\/dev.monti.lt\/wp-content\/uploads\/2022\/03\/montilogo-1.png\",\"width\":512,\"height\":512,\"caption\":\"Montessori \u017eaislai\"},\"image\":{\"@id\":\"https:\/\/dev.monti.lt\/#\/schema\/logo\/image\/\"}}]}<\/script>\n<!-- \/ Yoast SEO plugin. -->","yoast_head_json":{"title":"Storas kilimas vaikams gyv\u016bnai-raid\u0117s - Montessori \u017eaislai","robots":{"index":"noindex","follow":"follow","max-snippet":"max-snippet:-1","max-image-preview":"max-image-preview:large","max-video-preview":"max-video-preview:-1"},"og_locale":"en_US","og_type":"article","og_title":"Storas kilimas vaikams gyv\u016bnai-raid\u0117s - Montessori \u017eaislai","og_description":"Dvipusis putplas\u010dio kilim\u0117lis &#8211; mokymosi ir \u017eaidim\u0173 centras! Puikiai izoliuoja nuo \u0161altos \u017eem\u0117s ir su\u0161velnina k\u016bdikio kritimus, kai jis mokosi vaik\u0161\u010dioti. \u012edomus gyv\u016bn\u0173 ra\u0161tas traukia d\u0117mes\u012f. Med\u017eiaga: XPE putplastis. Med\u017eiaga: XPE XPE, mink\u0161tas, mink\u0161tas ir \u0161velnus: Med\u017eiaga: 179 cm x 198 cm.","og_url":"https:\/\/dev.monti.lt\/en\/product\/storas-kilimas-vaikams-gyvunai-raides\/","og_site_name":"Montessori \u017eaislai","article_modified_time":"2024-10-07T09:11:22+00:00","og_image":[{"width":1024,"height":1024,"url":"https:\/\/dev.monti.lt\/wp-content\/uploads\/2024\/10\/Educational-foam-mat-double-sided-foldable-179x198-animals-alphabet-140180.jpg","type":"image\/jpeg"}],"twitter_card":"summary_large_image","twitter_misc":{"Est. reading time":"1 minute"},"schema":{"@context":"https:\/\/schema.org","@graph":[{"@type":"WebPage","@id":"https:\/\/dev.monti.lt\/product\/storas-kilimas-vaikams-gyvunai-raides\/","url":"https:\/\/dev.monti.lt\/product\/storas-kilimas-vaikams-gyvunai-raides\/","name":"Storas kilimas vaikams gyv\u016bnai-raid\u0117s - Montessori \u017eaislai","isPartOf":{"@id":"https:\/\/dev.monti.lt\/#website"},"primaryImageOfPage":{"@id":"https:\/\/dev.monti.lt\/product\/storas-kilimas-vaikams-gyvunai-raides\/#primaryimage"},"image":{"@id":"https:\/\/dev.monti.lt\/product\/storas-kilimas-vaikams-gyvunai-raides\/#primaryimage"},"thumbnailUrl":"https:\/\/dev.monti.lt\/wp-content\/uploads\/2024\/10\/Educational-foam-mat-double-sided-foldable-179x198-animals-alphabet-140180.jpg","datePublished":"2024-10-01T07:38:48+00:00","dateModified":"2024-10-07T09:11:22+00:00","breadcrumb":{"@id":"https:\/\/dev.monti.lt\/product\/storas-kilimas-vaikams-gyvunai-raides\/#breadcrumb"},"inLanguage":"en-US","potentialAction":[{"@type":"ReadAction","target":["https:\/\/dev.monti.lt\/product\/storas-kilimas-vaikams-gyvunai-raides\/"]}]},{"@type":"ImageObject","inLanguage":"en-US","@id":"https:\/\/dev.monti.lt\/product\/storas-kilimas-vaikams-gyvunai-raides\/#primaryimage","url":"https:\/\/dev.monti.lt\/wp-content\/uploads\/2024\/10\/Educational-foam-mat-double-sided-foldable-179x198-animals-alphabet-140180.jpg","contentUrl":"https:\/\/dev.monti.lt\/wp-content\/uploads\/2024\/10\/Educational-foam-mat-double-sided-foldable-179x198-animals-alphabet-140180.jpg","width":1024,"height":1024,"caption":"lavinamasis kilimelis"},{"@type":"BreadcrumbList","@id":"https:\/\/dev.monti.lt\/product\/storas-kilimas-vaikams-gyvunai-raides\/#breadcrumb","itemListElement":[{"@type":"ListItem","position":1,"name":"Home","item":"https:\/\/dev.monti.lt\/"},{"@type":"ListItem","position":2,"name":"Parduotuv\u0117","item":"https:\/\/dev.monti.lt\/shop\/"},{"@type":"ListItem","position":3,"name":"Storas kilimas vaikams gyv\u016bnai-raid\u0117s"}]},{"@type":"WebSite","@id":"https:\/\/dev.monti.lt\/#website","url":"https:\/\/dev.monti.lt\/","name":"Montessori \u017eaislai","description":"","publisher":{"@id":"https:\/\/dev.monti.lt\/#organization"},"potentialAction":[{"@type":"SearchAction","target":{"@type":"EntryPoint","urlTemplate":"https:\/\/dev.monti.lt\/?s={search_term_string}"},"query-input":"required name=search_term_string"}],"inLanguage":"en-US"},{"@type":"Organization","@id":"https:\/\/dev.monti.lt\/#organization","name":"Montessori \u017eaislai","url":"https:\/\/dev.monti.lt\/","logo":{"@type":"ImageObject","inLanguage":"en-US","@id":"https:\/\/dev.monti.lt\/#\/schema\/logo\/image\/","url":"https:\/\/dev.monti.lt\/wp-content\/uploads\/2022\/03\/montilogo-1.png","contentUrl":"https:\/\/dev.monti.lt\/wp-content\/uploads\/2022\/03\/montilogo-1.png","width":512,"height":512,"caption":"Montessori \u017eaislai"},"image":{"@id":"https:\/\/dev.monti.lt\/#\/schema\/logo\/image\/"}}]}},"_links":{"self":[{"href":"https:\/\/dev.monti.lt\/en\/wp-json\/wp\/v2\/product\/25370"}],"collection":[{"href":"https:\/\/dev.monti.lt\/en\/wp-json\/wp\/v2\/product"}],"about":[{"href":"https:\/\/dev.monti.lt\/en\/wp-json\/wp\/v2\/types\/product"}],"version-history":[{"count":1,"href":"https:\/\/dev.monti.lt\/en\/wp-json\/wp\/v2\/product\/25370\/revisions"}],"predecessor-version":[{"id":25388,"href":"https:\/\/dev.monti.lt\/en\/wp-json\/wp\/v2\/product\/25370\/revisions\/25388"}],"wp:featuredmedia":[{"embeddable":true,"href":"https:\/\/dev.monti.lt\/en\/wp-json\/wp\/v2\/media\/25371"}],"wp:attachment":[{"href":"https:\/\/dev.monti.lt\/en\/wp-json\/wp\/v2\/media?parent=25370"}],"wp:term":[{"taxonomy":"product_cat","embeddable":true,"href":"https:\/\/dev.monti.lt\/en\/wp-json\/wp\/v2\/product_cat?post=25370"},{"taxonomy":"product_tag","embeddable":true,"href":"https:\/\/dev.monti.lt\/en\/wp-json\/wp\/v2\/product_tag?post=25370"}],"curies":[{"name":"wp","href":"https:\/\/api.w.org\/{rel}","templated":true}]}}