{"id":25356,"date":"2024-10-01T06:36:47","date_gmt":"2024-10-01T06:36:47","guid":{"rendered":"https:\/\/dev.monti.lt\/?post_type=product&#038;p=25356"},"modified":"2024-10-03T07:37:35","modified_gmt":"2024-10-03T07:37:35","slug":"bambino-piesimo-kreideles-veidui-12-spalvu","status":"publish","type":"product","link":"https:\/\/dev.monti.lt\/en\/product\/bambino-piesimo-kreideles-veidui-12-spalvu\/","title":{"rendered":"Bambino pie\u0161imo kreidel\u0117s veidui, 12 spalv\u0173"},"content":{"rendered":"<p>\u201eBambino\u201c pie\u0161imo ant veido kreidel\u0117s, 12 spalv\u0173<\/p><p>Produkto savyb\u0117s:<\/p><p>itin mink\u0161tas<br>intensyvios spalvos<br>lengvai plaunama<br>netoksi\u0161ka<br>idealiai tinka da\u017eyti veidus renginiuose, gimtadienio vakar\u0117liuose, karnavaluose ar sporto var\u017eybose<br>plastikinis korpusas apsaugo rankas nuo sutepimo<br>atitinka esminius 2009 m. bir\u017eelio 18 d. Europos Parlamento ir Tarybos direktyvos 2009\/48\/EB d\u0117l \u017eaisl\u0173 saugos ir atitinkam\u0173 standart\u0173 reikalavimus<br>12 spalv\u0173<\/p><p>Pakuot\u0117s matmenys: 16 cm x 11 cm x 1,5 cm<\/p><p>Translated with DeepL.com (free version)<\/p>","protected":false},"excerpt":{"rendered":"<p>\u201eBambino\u201c pie\u0161imo ant veido kreidel\u0117s, 12 spalv\u0173 Produkto savyb\u0117s: itin mink\u0161tasintensyvios spalvoslengvai plaunamanetoksi\u0161kaidealiai tinka da\u017eyti veidus renginiuose, gimtadienio vakar\u0117liuose, karnavaluose ar sporto var\u017eyboseplastikinis korpusas apsaugo rankas nuo sutepimoatitinka esminius 2009 m. bir\u017eelio 18 d. Europos Parlamento ir Tarybos direktyvos 2009\/48\/EB d\u0117l \u017eaisl\u0173 saugos ir atitinkam\u0173 standart\u0173 reikalavimus12 spalv\u0173 Pakuot\u0117s matmenys: 16 cm x 11 cm [&hellip;]<\/p>","protected":false},"featured_media":25357,"template":"","meta":{"iawp_total_views":1},"product_cat":[81,87,84,89,49,39],"product_tag":[97,98],"class_list":{"0":"post-25356","1":"product","2":"type-product","3":"status-publish","4":"has-post-thumbnail","6":"product_cat-kiti-zaislai","7":"product_cat-kurybiniai-rinkiniai","8":"product_cat-lavinamieji-zaislai","9":"product_cat-mokausi-piesti","10":"product_cat-visi-zaislai","11":"product_cat-zaislai","12":"product_tag-3-m-4-m","13":"product_tag-5-m-7-m","15":"first","16":"instock","17":"taxable","18":"shipping-taxable","19":"purchasable","20":"product-type-simple"},"yoast_head":"<!-- This site is optimized with the Yoast SEO plugin v23.3 - https:\/\/yoast.com\/wordpress\/plugins\/seo\/ -->\n<title>Bambino pie\u0161imo kreidel\u0117s veidui, 12 spalv\u0173 - Montessori \u017eaislai<\/title>\n<meta name=\"robots\" content=\"noindex, follow, max-snippet:-1, max-image-preview:large, max-video-preview:-1\" \/>\n<meta property=\"og:locale\" content=\"en_US\" \/>\n<meta property=\"og:type\" content=\"article\" \/>\n<meta property=\"og:title\" content=\"Bambino pie\u0161imo kreidel\u0117s veidui, 12 spalv\u0173 - Montessori \u017eaislai\" \/>\n<meta property=\"og:description\" content=\"\u201eBambino\u201c pie\u0161imo ant veido kreidel\u0117s, 12 spalv\u0173 Produkto savyb\u0117s: itin mink\u0161tasintensyvios spalvoslengvai plaunamanetoksi\u0161kaidealiai tinka da\u017eyti veidus renginiuose, gimtadienio vakar\u0117liuose, karnavaluose ar sporto var\u017eyboseplastikinis korpusas apsaugo rankas nuo sutepimoatitinka esminius 2009 m. bir\u017eelio 18 d. Europos Parlamento ir Tarybos direktyvos 2009\/48\/EB d\u0117l \u017eaisl\u0173 saugos ir atitinkam\u0173 standart\u0173 reikalavimus12 spalv\u0173 Pakuot\u0117s matmenys: 16 cm x 11 cm [&hellip;]\" \/>\n<meta property=\"og:url\" content=\"https:\/\/dev.monti.lt\/en\/product\/bambino-piesimo-kreideles-veidui-12-spalvu\/\" \/>\n<meta property=\"og:site_name\" content=\"Montessori \u017eaislai\" \/>\n<meta property=\"article:modified_time\" content=\"2024-10-03T07:37:35+00:00\" \/>\n<meta property=\"og:image\" content=\"https:\/\/dev.monti.lt\/wp-content\/uploads\/2024\/10\/BAMBINO-Face-Painting-Crayons-12-colors-99527.jpg\" \/>\n\t<meta property=\"og:image:width\" content=\"1280\" \/>\n\t<meta property=\"og:image:height\" content=\"877\" \/>\n\t<meta property=\"og:image:type\" content=\"image\/jpeg\" \/>\n<meta name=\"twitter:card\" content=\"summary_large_image\" \/>\n<meta name=\"twitter:label1\" content=\"Est. reading time\" \/>\n\t<meta name=\"twitter:data1\" content=\"1 minute\" \/>\n<script type=\"application\/ld+json\" class=\"yoast-schema-graph\">{\"@context\":\"https:\/\/schema.org\",\"@graph\":[{\"@type\":\"WebPage\",\"@id\":\"https:\/\/dev.monti.lt\/product\/bambino-piesimo-kreideles-veidui-12-spalvu\/\",\"url\":\"https:\/\/dev.monti.lt\/product\/bambino-piesimo-kreideles-veidui-12-spalvu\/\",\"name\":\"Bambino pie\u0161imo kreidel\u0117s veidui, 12 spalv\u0173 - Montessori \u017eaislai\",\"isPartOf\":{\"@id\":\"https:\/\/dev.monti.lt\/#website\"},\"primaryImageOfPage\":{\"@id\":\"https:\/\/dev.monti.lt\/product\/bambino-piesimo-kreideles-veidui-12-spalvu\/#primaryimage\"},\"image\":{\"@id\":\"https:\/\/dev.monti.lt\/product\/bambino-piesimo-kreideles-veidui-12-spalvu\/#primaryimage\"},\"thumbnailUrl\":\"https:\/\/dev.monti.lt\/wp-content\/uploads\/2024\/10\/BAMBINO-Face-Painting-Crayons-12-colors-99527.jpg\",\"datePublished\":\"2024-10-01T06:36:47+00:00\",\"dateModified\":\"2024-10-03T07:37:35+00:00\",\"breadcrumb\":{\"@id\":\"https:\/\/dev.monti.lt\/product\/bambino-piesimo-kreideles-veidui-12-spalvu\/#breadcrumb\"},\"inLanguage\":\"en-US\",\"potentialAction\":[{\"@type\":\"ReadAction\",\"target\":[\"https:\/\/dev.monti.lt\/product\/bambino-piesimo-kreideles-veidui-12-spalvu\/\"]}]},{\"@type\":\"ImageObject\",\"inLanguage\":\"en-US\",\"@id\":\"https:\/\/dev.monti.lt\/product\/bambino-piesimo-kreideles-veidui-12-spalvu\/#primaryimage\",\"url\":\"https:\/\/dev.monti.lt\/wp-content\/uploads\/2024\/10\/BAMBINO-Face-Painting-Crayons-12-colors-99527.jpg\",\"contentUrl\":\"https:\/\/dev.monti.lt\/wp-content\/uploads\/2024\/10\/BAMBINO-Face-Painting-Crayons-12-colors-99527.jpg\",\"width\":1280,\"height\":877,\"caption\":\"kreideles veidui\"},{\"@type\":\"BreadcrumbList\",\"@id\":\"https:\/\/dev.monti.lt\/product\/bambino-piesimo-kreideles-veidui-12-spalvu\/#breadcrumb\",\"itemListElement\":[{\"@type\":\"ListItem\",\"position\":1,\"name\":\"Home\",\"item\":\"https:\/\/dev.monti.lt\/\"},{\"@type\":\"ListItem\",\"position\":2,\"name\":\"Parduotuv\u0117\",\"item\":\"https:\/\/dev.monti.lt\/shop\/\"},{\"@type\":\"ListItem\",\"position\":3,\"name\":\"Bambino pie\u0161imo kreidel\u0117s veidui, 12 spalv\u0173\"}]},{\"@type\":\"WebSite\",\"@id\":\"https:\/\/dev.monti.lt\/#website\",\"url\":\"https:\/\/dev.monti.lt\/\",\"name\":\"Montessori \u017eaislai\",\"description\":\"\",\"publisher\":{\"@id\":\"https:\/\/dev.monti.lt\/#organization\"},\"potentialAction\":[{\"@type\":\"SearchAction\",\"target\":{\"@type\":\"EntryPoint\",\"urlTemplate\":\"https:\/\/dev.monti.lt\/?s={search_term_string}\"},\"query-input\":\"required name=search_term_string\"}],\"inLanguage\":\"en-US\"},{\"@type\":\"Organization\",\"@id\":\"https:\/\/dev.monti.lt\/#organization\",\"name\":\"Montessori \u017eaislai\",\"url\":\"https:\/\/dev.monti.lt\/\",\"logo\":{\"@type\":\"ImageObject\",\"inLanguage\":\"en-US\",\"@id\":\"https:\/\/dev.monti.lt\/#\/schema\/logo\/image\/\",\"url\":\"https:\/\/dev.monti.lt\/wp-content\/uploads\/2022\/03\/montilogo-1.png\",\"contentUrl\":\"https:\/\/dev.monti.lt\/wp-content\/uploads\/2022\/03\/montilogo-1.png\",\"width\":512,\"height\":512,\"caption\":\"Montessori \u017eaislai\"},\"image\":{\"@id\":\"https:\/\/dev.monti.lt\/#\/schema\/logo\/image\/\"}}]}<\/script>\n<!-- \/ Yoast SEO plugin. -->","yoast_head_json":{"title":"Bambino pie\u0161imo kreidel\u0117s veidui, 12 spalv\u0173 - Montessori \u017eaislai","robots":{"index":"noindex","follow":"follow","max-snippet":"max-snippet:-1","max-image-preview":"max-image-preview:large","max-video-preview":"max-video-preview:-1"},"og_locale":"en_US","og_type":"article","og_title":"Bambino pie\u0161imo kreidel\u0117s veidui, 12 spalv\u0173 - Montessori \u017eaislai","og_description":"\u201eBambino\u201c pie\u0161imo ant veido kreidel\u0117s, 12 spalv\u0173 Produkto savyb\u0117s: itin mink\u0161tasintensyvios spalvoslengvai plaunamanetoksi\u0161kaidealiai tinka da\u017eyti veidus renginiuose, gimtadienio vakar\u0117liuose, karnavaluose ar sporto var\u017eyboseplastikinis korpusas apsaugo rankas nuo sutepimoatitinka esminius 2009 m. bir\u017eelio 18 d. Europos Parlamento ir Tarybos direktyvos 2009\/48\/EB d\u0117l \u017eaisl\u0173 saugos ir atitinkam\u0173 standart\u0173 reikalavimus12 spalv\u0173 Pakuot\u0117s matmenys: 16 cm x 11 cm [&hellip;]","og_url":"https:\/\/dev.monti.lt\/en\/product\/bambino-piesimo-kreideles-veidui-12-spalvu\/","og_site_name":"Montessori \u017eaislai","article_modified_time":"2024-10-03T07:37:35+00:00","og_image":[{"width":1280,"height":877,"url":"https:\/\/dev.monti.lt\/wp-content\/uploads\/2024\/10\/BAMBINO-Face-Painting-Crayons-12-colors-99527.jpg","type":"image\/jpeg"}],"twitter_card":"summary_large_image","twitter_misc":{"Est. reading time":"1 minute"},"schema":{"@context":"https:\/\/schema.org","@graph":[{"@type":"WebPage","@id":"https:\/\/dev.monti.lt\/product\/bambino-piesimo-kreideles-veidui-12-spalvu\/","url":"https:\/\/dev.monti.lt\/product\/bambino-piesimo-kreideles-veidui-12-spalvu\/","name":"Bambino pie\u0161imo kreidel\u0117s veidui, 12 spalv\u0173 - Montessori \u017eaislai","isPartOf":{"@id":"https:\/\/dev.monti.lt\/#website"},"primaryImageOfPage":{"@id":"https:\/\/dev.monti.lt\/product\/bambino-piesimo-kreideles-veidui-12-spalvu\/#primaryimage"},"image":{"@id":"https:\/\/dev.monti.lt\/product\/bambino-piesimo-kreideles-veidui-12-spalvu\/#primaryimage"},"thumbnailUrl":"https:\/\/dev.monti.lt\/wp-content\/uploads\/2024\/10\/BAMBINO-Face-Painting-Crayons-12-colors-99527.jpg","datePublished":"2024-10-01T06:36:47+00:00","dateModified":"2024-10-03T07:37:35+00:00","breadcrumb":{"@id":"https:\/\/dev.monti.lt\/product\/bambino-piesimo-kreideles-veidui-12-spalvu\/#breadcrumb"},"inLanguage":"en-US","potentialAction":[{"@type":"ReadAction","target":["https:\/\/dev.monti.lt\/product\/bambino-piesimo-kreideles-veidui-12-spalvu\/"]}]},{"@type":"ImageObject","inLanguage":"en-US","@id":"https:\/\/dev.monti.lt\/product\/bambino-piesimo-kreideles-veidui-12-spalvu\/#primaryimage","url":"https:\/\/dev.monti.lt\/wp-content\/uploads\/2024\/10\/BAMBINO-Face-Painting-Crayons-12-colors-99527.jpg","contentUrl":"https:\/\/dev.monti.lt\/wp-content\/uploads\/2024\/10\/BAMBINO-Face-Painting-Crayons-12-colors-99527.jpg","width":1280,"height":877,"caption":"kreideles veidui"},{"@type":"BreadcrumbList","@id":"https:\/\/dev.monti.lt\/product\/bambino-piesimo-kreideles-veidui-12-spalvu\/#breadcrumb","itemListElement":[{"@type":"ListItem","position":1,"name":"Home","item":"https:\/\/dev.monti.lt\/"},{"@type":"ListItem","position":2,"name":"Parduotuv\u0117","item":"https:\/\/dev.monti.lt\/shop\/"},{"@type":"ListItem","position":3,"name":"Bambino pie\u0161imo kreidel\u0117s veidui, 12 spalv\u0173"}]},{"@type":"WebSite","@id":"https:\/\/dev.monti.lt\/#website","url":"https:\/\/dev.monti.lt\/","name":"Montessori \u017eaislai","description":"","publisher":{"@id":"https:\/\/dev.monti.lt\/#organization"},"potentialAction":[{"@type":"SearchAction","target":{"@type":"EntryPoint","urlTemplate":"https:\/\/dev.monti.lt\/?s={search_term_string}"},"query-input":"required name=search_term_string"}],"inLanguage":"en-US"},{"@type":"Organization","@id":"https:\/\/dev.monti.lt\/#organization","name":"Montessori \u017eaislai","url":"https:\/\/dev.monti.lt\/","logo":{"@type":"ImageObject","inLanguage":"en-US","@id":"https:\/\/dev.monti.lt\/#\/schema\/logo\/image\/","url":"https:\/\/dev.monti.lt\/wp-content\/uploads\/2022\/03\/montilogo-1.png","contentUrl":"https:\/\/dev.monti.lt\/wp-content\/uploads\/2022\/03\/montilogo-1.png","width":512,"height":512,"caption":"Montessori \u017eaislai"},"image":{"@id":"https:\/\/dev.monti.lt\/#\/schema\/logo\/image\/"}}]}},"_links":{"self":[{"href":"https:\/\/dev.monti.lt\/en\/wp-json\/wp\/v2\/product\/25356"}],"collection":[{"href":"https:\/\/dev.monti.lt\/en\/wp-json\/wp\/v2\/product"}],"about":[{"href":"https:\/\/dev.monti.lt\/en\/wp-json\/wp\/v2\/types\/product"}],"version-history":[{"count":1,"href":"https:\/\/dev.monti.lt\/en\/wp-json\/wp\/v2\/product\/25356\/revisions"}],"predecessor-version":[{"id":25359,"href":"https:\/\/dev.monti.lt\/en\/wp-json\/wp\/v2\/product\/25356\/revisions\/25359"}],"wp:featuredmedia":[{"embeddable":true,"href":"https:\/\/dev.monti.lt\/en\/wp-json\/wp\/v2\/media\/25357"}],"wp:attachment":[{"href":"https:\/\/dev.monti.lt\/en\/wp-json\/wp\/v2\/media?parent=25356"}],"wp:term":[{"taxonomy":"product_cat","embeddable":true,"href":"https:\/\/dev.monti.lt\/en\/wp-json\/wp\/v2\/product_cat?post=25356"},{"taxonomy":"product_tag","embeddable":true,"href":"https:\/\/dev.monti.lt\/en\/wp-json\/wp\/v2\/product_tag?post=25356"}],"curies":[{"name":"wp","href":"https:\/\/api.w.org\/{rel}","templated":true}]}}