{"id":25345,"date":"2024-10-01T06:33:34","date_gmt":"2024-10-01T06:33:34","guid":{"rendered":"https:\/\/dev.monti.lt\/?post_type=product&#038;p=25345"},"modified":"2024-10-03T07:31:00","modified_gmt":"2024-10-03T07:31:00","slug":"raudona-stumiama-masinele","status":"publish","type":"product","link":"https:\/\/dev.monti.lt\/en\/product\/raudona-stumiama-masinele\/","title":{"rendered":"Raudona stumiama ma\u0161in\u0117l\u0117"},"content":{"rendered":"<p>Raudonas va\u017eiuoklis yra puiki pirmoji transporto priemon\u0117 bet kuriam ma\u017eyliui! D\u0117l s\u0117dyn\u0117s su atlo\u0161u ir atitvarais net ir ma\u017eiausi keleiviai jausis u\u017etikrintai, kol t\u0117vai stumdys vairuotoj\u0105. Laikui b\u0117gant u\u017etvaras galima nuimti ir pritaikyti va\u017eiuokl\u0119 prie augan\u010di\u0173 vaiko \u012fg\u016bd\u017ei\u0173. Kai ateina laikas va\u017eiuoti savaranki\u0161kai, ma\u017eyliai gali savaranki\u0161kai vairuoti automobil\u012f, stumdami kojomis. Raudona spalva, sportin\u0117s detal\u0117s, garso efektai ir veikian\u010dios lemput\u0117s (maitinamos 3 AA baterijomis) prad\u017eiugins kiekvien\u0105 ma\u017e\u0105j\u012f tyrin\u0117toj\u0105, tod\u0117l kiekviena kelion\u0117 taps malonesn\u0117.<\/p><p>Technin\u0117s specifikacijos:<\/p><p>Med\u017eiaga: plastikas<br>Spalva: raudona<br>Naudotojo am\u017eius: 3-6 metai<br>Did\u017eiausia apkrova: Maksimalus leistinas svoris: 23 kg<br>Maitinimo \u0161altinis: Baterijos: 3x AA baterijos (\u012f komplekt\u0105 ne\u012feina)<br>Automobilio matmenys (ilgis x plotis x auk\u0161tis): 64 cm x 33 cm x 58 cm<br>Atlo\u0161o auk\u0161tis: 25 cm<br>Rankenos auk\u0161tis: 66 cm<br>Rat\u0173 skersmuo: 14 cm<br>Pakuot\u0117s matmenys: 67 cm x 33 cm x 30,5 cm<\/p><p>Automobilis pagamintas i\u0161 patvari\u0173 med\u017eiag\u0173, tod\u0117l juo bus smagu va\u017ein\u0117ti daugel\u012f met\u0173.<\/p><p>Gaminys supakuotas \u012f kartonin\u0119 d\u0117\u017eut\u0119.<\/p><p><\/p>","protected":false},"excerpt":{"rendered":"<p>Raudonas va\u017eiuoklis yra puiki pirmoji transporto priemon\u0117 bet kuriam ma\u017eyliui! D\u0117l s\u0117dyn\u0117s su atlo\u0161u ir atitvarais net ir ma\u017eiausi keleiviai jausis u\u017etikrintai, kol t\u0117vai stumdys vairuotoj\u0105. Laikui b\u0117gant u\u017etvaras galima nuimti ir pritaikyti va\u017eiuokl\u0119 prie augan\u010di\u0173 vaiko \u012fg\u016bd\u017ei\u0173. Kai ateina laikas va\u017eiuoti savaranki\u0161kai, ma\u017eyliai gali savaranki\u0161kai vairuoti automobil\u012f, stumdami kojomis. Raudona spalva, sportin\u0117s detal\u0117s, garso [&hellip;]<\/p>","protected":false},"featured_media":25349,"template":"","meta":{"iawp_total_views":2},"product_cat":[193,191,238,49,39],"product_tag":[95,96],"class_list":{"0":"post-25345","1":"product","2":"type-product","3":"status-publish","4":"has-post-thumbnail","6":"product_cat-dovanos-vaikams-1-2-metu","7":"product_cat-dovanos-vaikams","8":"product_cat-lauko-zaidimai","9":"product_cat-visi-zaislai","10":"product_cat-zaislai","11":"product_tag-1-m-2-m","12":"product_tag-2-m-3-m","14":"first","15":"instock","16":"taxable","17":"shipping-taxable","18":"purchasable","19":"product-type-simple"},"yoast_head":"<!-- This site is optimized with the Yoast SEO plugin v23.3 - https:\/\/yoast.com\/wordpress\/plugins\/seo\/ -->\n<title>Raudona stumiama ma\u0161in\u0117l\u0117 - Montessori \u017eaislai<\/title>\n<meta name=\"robots\" content=\"noindex, follow, max-snippet:-1, max-image-preview:large, max-video-preview:-1\" \/>\n<meta property=\"og:locale\" content=\"en_US\" \/>\n<meta property=\"og:type\" content=\"article\" \/>\n<meta property=\"og:title\" content=\"Raudona stumiama ma\u0161in\u0117l\u0117 - Montessori \u017eaislai\" \/>\n<meta property=\"og:description\" content=\"Raudonas va\u017eiuoklis yra puiki pirmoji transporto priemon\u0117 bet kuriam ma\u017eyliui! D\u0117l s\u0117dyn\u0117s su atlo\u0161u ir atitvarais net ir ma\u017eiausi keleiviai jausis u\u017etikrintai, kol t\u0117vai stumdys vairuotoj\u0105. Laikui b\u0117gant u\u017etvaras galima nuimti ir pritaikyti va\u017eiuokl\u0119 prie augan\u010di\u0173 vaiko \u012fg\u016bd\u017ei\u0173. Kai ateina laikas va\u017eiuoti savaranki\u0161kai, ma\u017eyliai gali savaranki\u0161kai vairuoti automobil\u012f, stumdami kojomis. Raudona spalva, sportin\u0117s detal\u0117s, garso [&hellip;]\" \/>\n<meta property=\"og:url\" content=\"https:\/\/dev.monti.lt\/en\/product\/raudona-stumiama-masinele\/\" \/>\n<meta property=\"og:site_name\" content=\"Montessori \u017eaislai\" \/>\n<meta property=\"article:modified_time\" content=\"2024-10-03T07:31:00+00:00\" \/>\n<meta property=\"og:image\" content=\"https:\/\/dev.monti.lt\/wp-content\/uploads\/2024\/10\/Rider-push-car-3in1-with-sound-lights-red-156705.jpg\" \/>\n\t<meta property=\"og:image:width\" content=\"1024\" \/>\n\t<meta property=\"og:image:height\" content=\"1024\" \/>\n\t<meta property=\"og:image:type\" content=\"image\/jpeg\" \/>\n<meta name=\"twitter:card\" content=\"summary_large_image\" \/>\n<meta name=\"twitter:label1\" content=\"Est. reading time\" \/>\n\t<meta name=\"twitter:data1\" content=\"2 minutes\" \/>\n<script type=\"application\/ld+json\" class=\"yoast-schema-graph\">{\"@context\":\"https:\/\/schema.org\",\"@graph\":[{\"@type\":\"WebPage\",\"@id\":\"https:\/\/dev.monti.lt\/product\/raudona-stumiama-masinele\/\",\"url\":\"https:\/\/dev.monti.lt\/product\/raudona-stumiama-masinele\/\",\"name\":\"Raudona stumiama ma\u0161in\u0117l\u0117 - Montessori \u017eaislai\",\"isPartOf\":{\"@id\":\"https:\/\/dev.monti.lt\/#website\"},\"primaryImageOfPage\":{\"@id\":\"https:\/\/dev.monti.lt\/product\/raudona-stumiama-masinele\/#primaryimage\"},\"image\":{\"@id\":\"https:\/\/dev.monti.lt\/product\/raudona-stumiama-masinele\/#primaryimage\"},\"thumbnailUrl\":\"https:\/\/dev.monti.lt\/wp-content\/uploads\/2024\/10\/Rider-push-car-3in1-with-sound-lights-red-156705.jpg\",\"datePublished\":\"2024-10-01T06:33:34+00:00\",\"dateModified\":\"2024-10-03T07:31:00+00:00\",\"breadcrumb\":{\"@id\":\"https:\/\/dev.monti.lt\/product\/raudona-stumiama-masinele\/#breadcrumb\"},\"inLanguage\":\"en-US\",\"potentialAction\":[{\"@type\":\"ReadAction\",\"target\":[\"https:\/\/dev.monti.lt\/product\/raudona-stumiama-masinele\/\"]}]},{\"@type\":\"ImageObject\",\"inLanguage\":\"en-US\",\"@id\":\"https:\/\/dev.monti.lt\/product\/raudona-stumiama-masinele\/#primaryimage\",\"url\":\"https:\/\/dev.monti.lt\/wp-content\/uploads\/2024\/10\/Rider-push-car-3in1-with-sound-lights-red-156705.jpg\",\"contentUrl\":\"https:\/\/dev.monti.lt\/wp-content\/uploads\/2024\/10\/Rider-push-car-3in1-with-sound-lights-red-156705.jpg\",\"width\":1024,\"height\":1024,\"caption\":\"raudona masinele\"},{\"@type\":\"BreadcrumbList\",\"@id\":\"https:\/\/dev.monti.lt\/product\/raudona-stumiama-masinele\/#breadcrumb\",\"itemListElement\":[{\"@type\":\"ListItem\",\"position\":1,\"name\":\"Home\",\"item\":\"https:\/\/dev.monti.lt\/\"},{\"@type\":\"ListItem\",\"position\":2,\"name\":\"Parduotuv\u0117\",\"item\":\"https:\/\/dev.monti.lt\/shop\/\"},{\"@type\":\"ListItem\",\"position\":3,\"name\":\"Raudona stumiama ma\u0161in\u0117l\u0117\"}]},{\"@type\":\"WebSite\",\"@id\":\"https:\/\/dev.monti.lt\/#website\",\"url\":\"https:\/\/dev.monti.lt\/\",\"name\":\"Montessori \u017eaislai\",\"description\":\"\",\"publisher\":{\"@id\":\"https:\/\/dev.monti.lt\/#organization\"},\"potentialAction\":[{\"@type\":\"SearchAction\",\"target\":{\"@type\":\"EntryPoint\",\"urlTemplate\":\"https:\/\/dev.monti.lt\/?s={search_term_string}\"},\"query-input\":\"required name=search_term_string\"}],\"inLanguage\":\"en-US\"},{\"@type\":\"Organization\",\"@id\":\"https:\/\/dev.monti.lt\/#organization\",\"name\":\"Montessori \u017eaislai\",\"url\":\"https:\/\/dev.monti.lt\/\",\"logo\":{\"@type\":\"ImageObject\",\"inLanguage\":\"en-US\",\"@id\":\"https:\/\/dev.monti.lt\/#\/schema\/logo\/image\/\",\"url\":\"https:\/\/dev.monti.lt\/wp-content\/uploads\/2022\/03\/montilogo-1.png\",\"contentUrl\":\"https:\/\/dev.monti.lt\/wp-content\/uploads\/2022\/03\/montilogo-1.png\",\"width\":512,\"height\":512,\"caption\":\"Montessori \u017eaislai\"},\"image\":{\"@id\":\"https:\/\/dev.monti.lt\/#\/schema\/logo\/image\/\"}}]}<\/script>\n<!-- \/ Yoast SEO plugin. -->","yoast_head_json":{"title":"Raudona stumiama ma\u0161in\u0117l\u0117 - Montessori \u017eaislai","robots":{"index":"noindex","follow":"follow","max-snippet":"max-snippet:-1","max-image-preview":"max-image-preview:large","max-video-preview":"max-video-preview:-1"},"og_locale":"en_US","og_type":"article","og_title":"Raudona stumiama ma\u0161in\u0117l\u0117 - Montessori \u017eaislai","og_description":"Raudonas va\u017eiuoklis yra puiki pirmoji transporto priemon\u0117 bet kuriam ma\u017eyliui! D\u0117l s\u0117dyn\u0117s su atlo\u0161u ir atitvarais net ir ma\u017eiausi keleiviai jausis u\u017etikrintai, kol t\u0117vai stumdys vairuotoj\u0105. Laikui b\u0117gant u\u017etvaras galima nuimti ir pritaikyti va\u017eiuokl\u0119 prie augan\u010di\u0173 vaiko \u012fg\u016bd\u017ei\u0173. Kai ateina laikas va\u017eiuoti savaranki\u0161kai, ma\u017eyliai gali savaranki\u0161kai vairuoti automobil\u012f, stumdami kojomis. Raudona spalva, sportin\u0117s detal\u0117s, garso [&hellip;]","og_url":"https:\/\/dev.monti.lt\/en\/product\/raudona-stumiama-masinele\/","og_site_name":"Montessori \u017eaislai","article_modified_time":"2024-10-03T07:31:00+00:00","og_image":[{"width":1024,"height":1024,"url":"https:\/\/dev.monti.lt\/wp-content\/uploads\/2024\/10\/Rider-push-car-3in1-with-sound-lights-red-156705.jpg","type":"image\/jpeg"}],"twitter_card":"summary_large_image","twitter_misc":{"Est. reading time":"2 minutes"},"schema":{"@context":"https:\/\/schema.org","@graph":[{"@type":"WebPage","@id":"https:\/\/dev.monti.lt\/product\/raudona-stumiama-masinele\/","url":"https:\/\/dev.monti.lt\/product\/raudona-stumiama-masinele\/","name":"Raudona stumiama ma\u0161in\u0117l\u0117 - Montessori \u017eaislai","isPartOf":{"@id":"https:\/\/dev.monti.lt\/#website"},"primaryImageOfPage":{"@id":"https:\/\/dev.monti.lt\/product\/raudona-stumiama-masinele\/#primaryimage"},"image":{"@id":"https:\/\/dev.monti.lt\/product\/raudona-stumiama-masinele\/#primaryimage"},"thumbnailUrl":"https:\/\/dev.monti.lt\/wp-content\/uploads\/2024\/10\/Rider-push-car-3in1-with-sound-lights-red-156705.jpg","datePublished":"2024-10-01T06:33:34+00:00","dateModified":"2024-10-03T07:31:00+00:00","breadcrumb":{"@id":"https:\/\/dev.monti.lt\/product\/raudona-stumiama-masinele\/#breadcrumb"},"inLanguage":"en-US","potentialAction":[{"@type":"ReadAction","target":["https:\/\/dev.monti.lt\/product\/raudona-stumiama-masinele\/"]}]},{"@type":"ImageObject","inLanguage":"en-US","@id":"https:\/\/dev.monti.lt\/product\/raudona-stumiama-masinele\/#primaryimage","url":"https:\/\/dev.monti.lt\/wp-content\/uploads\/2024\/10\/Rider-push-car-3in1-with-sound-lights-red-156705.jpg","contentUrl":"https:\/\/dev.monti.lt\/wp-content\/uploads\/2024\/10\/Rider-push-car-3in1-with-sound-lights-red-156705.jpg","width":1024,"height":1024,"caption":"raudona masinele"},{"@type":"BreadcrumbList","@id":"https:\/\/dev.monti.lt\/product\/raudona-stumiama-masinele\/#breadcrumb","itemListElement":[{"@type":"ListItem","position":1,"name":"Home","item":"https:\/\/dev.monti.lt\/"},{"@type":"ListItem","position":2,"name":"Parduotuv\u0117","item":"https:\/\/dev.monti.lt\/shop\/"},{"@type":"ListItem","position":3,"name":"Raudona stumiama ma\u0161in\u0117l\u0117"}]},{"@type":"WebSite","@id":"https:\/\/dev.monti.lt\/#website","url":"https:\/\/dev.monti.lt\/","name":"Montessori \u017eaislai","description":"","publisher":{"@id":"https:\/\/dev.monti.lt\/#organization"},"potentialAction":[{"@type":"SearchAction","target":{"@type":"EntryPoint","urlTemplate":"https:\/\/dev.monti.lt\/?s={search_term_string}"},"query-input":"required name=search_term_string"}],"inLanguage":"en-US"},{"@type":"Organization","@id":"https:\/\/dev.monti.lt\/#organization","name":"Montessori \u017eaislai","url":"https:\/\/dev.monti.lt\/","logo":{"@type":"ImageObject","inLanguage":"en-US","@id":"https:\/\/dev.monti.lt\/#\/schema\/logo\/image\/","url":"https:\/\/dev.monti.lt\/wp-content\/uploads\/2022\/03\/montilogo-1.png","contentUrl":"https:\/\/dev.monti.lt\/wp-content\/uploads\/2022\/03\/montilogo-1.png","width":512,"height":512,"caption":"Montessori \u017eaislai"},"image":{"@id":"https:\/\/dev.monti.lt\/#\/schema\/logo\/image\/"}}]}},"_links":{"self":[{"href":"https:\/\/dev.monti.lt\/en\/wp-json\/wp\/v2\/product\/25345"}],"collection":[{"href":"https:\/\/dev.monti.lt\/en\/wp-json\/wp\/v2\/product"}],"about":[{"href":"https:\/\/dev.monti.lt\/en\/wp-json\/wp\/v2\/types\/product"}],"version-history":[{"count":1,"href":"https:\/\/dev.monti.lt\/en\/wp-json\/wp\/v2\/product\/25345\/revisions"}],"predecessor-version":[{"id":25355,"href":"https:\/\/dev.monti.lt\/en\/wp-json\/wp\/v2\/product\/25345\/revisions\/25355"}],"wp:featuredmedia":[{"embeddable":true,"href":"https:\/\/dev.monti.lt\/en\/wp-json\/wp\/v2\/media\/25349"}],"wp:attachment":[{"href":"https:\/\/dev.monti.lt\/en\/wp-json\/wp\/v2\/media?parent=25345"}],"wp:term":[{"taxonomy":"product_cat","embeddable":true,"href":"https:\/\/dev.monti.lt\/en\/wp-json\/wp\/v2\/product_cat?post=25345"},{"taxonomy":"product_tag","embeddable":true,"href":"https:\/\/dev.monti.lt\/en\/wp-json\/wp\/v2\/product_tag?post=25345"}],"curies":[{"name":"wp","href":"https:\/\/api.w.org\/{rel}","templated":true}]}}