{"id":25171,"date":"2024-09-23T06:55:29","date_gmt":"2024-09-23T06:55:29","guid":{"rendered":"https:\/\/dev.monti.lt\/?post_type=product&#038;p=25171"},"modified":"2024-09-29T05:25:57","modified_gmt":"2024-09-29T05:25:57","slug":"mediniu-zaislu-rinkinys-3-in-1","status":"publish","type":"product","link":"https:\/\/dev.monti.lt\/en\/product\/mediniu-zaislu-rinkinys-3-in-1\/","title":{"rendered":"Medini\u0173 \u017eaisl\u0173 rinkinys 3 in 1"},"content":{"rendered":"<p>\u201eTooky Toy\u201c \u017eaisl\u0173 d\u0117\u017e\u0117 \u201a3 in 1\u2018 &#8211; tai klasikinis \u017eaisl\u0173 rinkinys, kur\u012f sudaro form\u0173 r\u016b\u0161iavimo \u017eaislas, me\u0161kiukas, drambliukas, kur\u012f galima stumti ir traukti, ir plastikinis form\u0173 r\u016b\u0161iavimo kibir\u0117lis. Kibir\u0117lyje yra penkios \u012fvairiaspalv\u0117s formos skylut\u0117s, kuriose vaikai gali lavinti form\u0173 atpa\u017einimo ir problem\u0173 sprendimo \u012fg\u016bd\u017eius r\u016b\u0161iuodami formas \u012f atitinkamas skylutes. \u017daisl\u0105 \u201eme\u0161kiukas krautuv\u0117l\u0119\u201c sudaro bok\u0161tas su keturiais \u017eiedais ir viena me\u0161kiuko galva, tod\u0117l vaikai gali sud\u0117ti \u017eiedus pagal dyd\u012f ir lavinti smulki\u0105j\u0105 motorik\u0105. \u017daislas drambliukas, kur\u012f galima stumti ir traukti, yra \u017eavus rinkinio priedas, leid\u017eiantis vaikams lavinti vaik\u0161\u010diojim\u0105 ir pusiausvyr\u0105, kai jie traukia \u017eaisl\u0105 paskui save arba stumia j\u012f prie\u0161ais save. Visos kalad\u0117l\u0117s ir \u017eiedai telpa \u012f kibir\u0117l\u012f su rankena, tod\u0117l rinkin\u012f lengva laikyti ir transportuoti. \u0160is \u017eaisl\u0173 rinkinys \u201e3 viename\u201c puikiai tinka vaikams, m\u0117gstantiems \u017eaisti ir mokytis. Jis skatina form\u0173 atpa\u017einim\u0105, smulkiosios motorikos vystym\u0105si ir vaizduot\u0117s lavinim\u0105, tod\u0117l puikiai papildys bet kurio vaiko \u017eaisl\u0173 kolekcij\u0105. Rinkinys pagamintas i\u0161 patvari\u0173 med\u017eiag\u0173 ir sukurtas taip, kad atlaikyt\u0173 nusid\u0117v\u0117jim\u0105, tod\u0117l vaikams u\u017etikrins valand\u0173 valandas pramog\u0173. Medin\u0117 ir plastikin\u0117 \u201eTooky Toys\u201c \u017eaisl\u0173 d\u0117\u017e\u0117 \u201e3 in 1\u201c pagaminta i\u0161 med\u017eio, apdailinta auk\u0161\u010diausios kokyb\u0117s med\u017eiagomis ir nuda\u017eyta vaikams saugiais, netoksi\u0161kais da\u017eais.<\/p><p>Specifikacijos<\/p><p>Kibir\u0117lio su rankena dydis ma\u017edaug 21 cmLGx12,5 cmH<br>Dramblio dydis apie 13 cmLx 5 cmWx 10 cmH (55 cm ilgio virvel\u0117)<\/p><p>Translated with DeepL.com (free version)<\/p>","protected":false},"excerpt":{"rendered":"<p>\u201eTooky Toy\u201c \u017eaisl\u0173 d\u0117\u017e\u0117 \u201a3 in 1\u2018 &#8211; tai klasikinis \u017eaisl\u0173 rinkinys, kur\u012f sudaro form\u0173 r\u016b\u0161iavimo \u017eaislas, me\u0161kiukas, drambliukas, kur\u012f galima stumti ir traukti, ir plastikinis form\u0173 r\u016b\u0161iavimo kibir\u0117lis. Kibir\u0117lyje yra penkios \u012fvairiaspalv\u0117s formos skylut\u0117s, kuriose vaikai gali lavinti form\u0173 atpa\u017einimo ir problem\u0173 sprendimo \u012fg\u016bd\u017eius r\u016b\u0161iuodami formas \u012f atitinkamas skylutes. \u017daisl\u0105 \u201eme\u0161kiukas krautuv\u0117l\u0119\u201c sudaro bok\u0161tas [&hellip;]<\/p>","protected":false},"featured_media":25187,"template":"","meta":{"iawp_total_views":39},"product_cat":[193,200,191,84,91,102,90,86,49,39],"product_tag":[101,97,98,99,100],"class_list":{"0":"post-25171","1":"product","2":"type-product","3":"status-publish","4":"has-post-thumbnail","6":"product_cat-dovanos-vaikams-1-2-metu","7":"product_cat-dovanos-kudikiams","8":"product_cat-dovanos-vaikams","9":"product_cat-lavinamieji-zaislai","10":"product_cat-loginiam-mastymui","11":"product_cat-mediniai-zaislai","12":"product_cat-pasaulio-pazinimas","13":"product_cat-smulkioji-motorika","14":"product_cat-visi-zaislai","15":"product_cat-zaislai","16":"product_tag-12-m-14-m","17":"product_tag-3-m-4-m","18":"product_tag-5-m-7-m","19":"product_tag-8-m-11-m","20":"product_tag-15-m","22":"first","23":"instock","24":"taxable","25":"shipping-taxable","26":"purchasable","27":"product-type-simple"},"yoast_head":"<!-- This site is optimized with the Yoast SEO plugin v23.3 - https:\/\/yoast.com\/wordpress\/plugins\/seo\/ -->\n<title>Medini\u0173 \u017eaisl\u0173 rinkinys 3 in 1 - Montessori \u017eaislai<\/title>\n<meta name=\"robots\" content=\"noindex, follow, max-snippet:-1, max-image-preview:large, max-video-preview:-1\" \/>\n<meta property=\"og:locale\" content=\"en_US\" \/>\n<meta property=\"og:type\" content=\"article\" \/>\n<meta property=\"og:title\" content=\"Medini\u0173 \u017eaisl\u0173 rinkinys 3 in 1 - Montessori \u017eaislai\" \/>\n<meta property=\"og:description\" content=\"\u201eTooky Toy\u201c \u017eaisl\u0173 d\u0117\u017e\u0117 \u201a3 in 1\u2018 &#8211; tai klasikinis \u017eaisl\u0173 rinkinys, kur\u012f sudaro form\u0173 r\u016b\u0161iavimo \u017eaislas, me\u0161kiukas, drambliukas, kur\u012f galima stumti ir traukti, ir plastikinis form\u0173 r\u016b\u0161iavimo kibir\u0117lis. Kibir\u0117lyje yra penkios \u012fvairiaspalv\u0117s formos skylut\u0117s, kuriose vaikai gali lavinti form\u0173 atpa\u017einimo ir problem\u0173 sprendimo \u012fg\u016bd\u017eius r\u016b\u0161iuodami formas \u012f atitinkamas skylutes. \u017daisl\u0105 \u201eme\u0161kiukas krautuv\u0117l\u0119\u201c sudaro bok\u0161tas [&hellip;]\" \/>\n<meta property=\"og:url\" content=\"https:\/\/dev.monti.lt\/en\/product\/mediniu-zaislu-rinkinys-3-in-1\/\" \/>\n<meta property=\"og:site_name\" content=\"Montessori \u017eaislai\" \/>\n<meta property=\"article:modified_time\" content=\"2024-09-29T05:25:57+00:00\" \/>\n<meta property=\"og:image\" content=\"https:\/\/dev.monti.lt\/wp-content\/uploads\/2024\/09\/6972633376378.jpg\" \/>\n\t<meta property=\"og:image:width\" content=\"1599\" \/>\n\t<meta property=\"og:image:height\" content=\"1066\" \/>\n\t<meta property=\"og:image:type\" content=\"image\/jpeg\" \/>\n<meta name=\"twitter:card\" content=\"summary_large_image\" \/>\n<meta name=\"twitter:label1\" content=\"Est. reading time\" \/>\n\t<meta name=\"twitter:data1\" content=\"2 minutes\" \/>\n<script type=\"application\/ld+json\" class=\"yoast-schema-graph\">{\"@context\":\"https:\/\/schema.org\",\"@graph\":[{\"@type\":\"WebPage\",\"@id\":\"https:\/\/dev.monti.lt\/product\/mediniu-zaislu-rinkinys-3-in-1\/\",\"url\":\"https:\/\/dev.monti.lt\/product\/mediniu-zaislu-rinkinys-3-in-1\/\",\"name\":\"Medini\u0173 \u017eaisl\u0173 rinkinys 3 in 1 - Montessori \u017eaislai\",\"isPartOf\":{\"@id\":\"https:\/\/dev.monti.lt\/#website\"},\"primaryImageOfPage\":{\"@id\":\"https:\/\/dev.monti.lt\/product\/mediniu-zaislu-rinkinys-3-in-1\/#primaryimage\"},\"image\":{\"@id\":\"https:\/\/dev.monti.lt\/product\/mediniu-zaislu-rinkinys-3-in-1\/#primaryimage\"},\"thumbnailUrl\":\"https:\/\/dev.monti.lt\/wp-content\/uploads\/2024\/09\/6972633376378.jpg\",\"datePublished\":\"2024-09-23T06:55:29+00:00\",\"dateModified\":\"2024-09-29T05:25:57+00:00\",\"breadcrumb\":{\"@id\":\"https:\/\/dev.monti.lt\/product\/mediniu-zaislu-rinkinys-3-in-1\/#breadcrumb\"},\"inLanguage\":\"en-US\",\"potentialAction\":[{\"@type\":\"ReadAction\",\"target\":[\"https:\/\/dev.monti.lt\/product\/mediniu-zaislu-rinkinys-3-in-1\/\"]}]},{\"@type\":\"ImageObject\",\"inLanguage\":\"en-US\",\"@id\":\"https:\/\/dev.monti.lt\/product\/mediniu-zaislu-rinkinys-3-in-1\/#primaryimage\",\"url\":\"https:\/\/dev.monti.lt\/wp-content\/uploads\/2024\/09\/6972633376378.jpg\",\"contentUrl\":\"https:\/\/dev.monti.lt\/wp-content\/uploads\/2024\/09\/6972633376378.jpg\",\"width\":1599,\"height\":1066},{\"@type\":\"BreadcrumbList\",\"@id\":\"https:\/\/dev.monti.lt\/product\/mediniu-zaislu-rinkinys-3-in-1\/#breadcrumb\",\"itemListElement\":[{\"@type\":\"ListItem\",\"position\":1,\"name\":\"Home\",\"item\":\"https:\/\/dev.monti.lt\/\"},{\"@type\":\"ListItem\",\"position\":2,\"name\":\"Parduotuv\u0117\",\"item\":\"https:\/\/dev.monti.lt\/shop\/\"},{\"@type\":\"ListItem\",\"position\":3,\"name\":\"Medini\u0173 \u017eaisl\u0173 rinkinys 3 in 1\"}]},{\"@type\":\"WebSite\",\"@id\":\"https:\/\/dev.monti.lt\/#website\",\"url\":\"https:\/\/dev.monti.lt\/\",\"name\":\"Montessori \u017eaislai\",\"description\":\"\",\"publisher\":{\"@id\":\"https:\/\/dev.monti.lt\/#organization\"},\"potentialAction\":[{\"@type\":\"SearchAction\",\"target\":{\"@type\":\"EntryPoint\",\"urlTemplate\":\"https:\/\/dev.monti.lt\/?s={search_term_string}\"},\"query-input\":\"required name=search_term_string\"}],\"inLanguage\":\"en-US\"},{\"@type\":\"Organization\",\"@id\":\"https:\/\/dev.monti.lt\/#organization\",\"name\":\"Montessori \u017eaislai\",\"url\":\"https:\/\/dev.monti.lt\/\",\"logo\":{\"@type\":\"ImageObject\",\"inLanguage\":\"en-US\",\"@id\":\"https:\/\/dev.monti.lt\/#\/schema\/logo\/image\/\",\"url\":\"https:\/\/dev.monti.lt\/wp-content\/uploads\/2022\/03\/montilogo-1.png\",\"contentUrl\":\"https:\/\/dev.monti.lt\/wp-content\/uploads\/2022\/03\/montilogo-1.png\",\"width\":512,\"height\":512,\"caption\":\"Montessori \u017eaislai\"},\"image\":{\"@id\":\"https:\/\/dev.monti.lt\/#\/schema\/logo\/image\/\"}}]}<\/script>\n<!-- \/ Yoast SEO plugin. -->","yoast_head_json":{"title":"Medini\u0173 \u017eaisl\u0173 rinkinys 3 in 1 - Montessori \u017eaislai","robots":{"index":"noindex","follow":"follow","max-snippet":"max-snippet:-1","max-image-preview":"max-image-preview:large","max-video-preview":"max-video-preview:-1"},"og_locale":"en_US","og_type":"article","og_title":"Medini\u0173 \u017eaisl\u0173 rinkinys 3 in 1 - Montessori \u017eaislai","og_description":"\u201eTooky Toy\u201c \u017eaisl\u0173 d\u0117\u017e\u0117 \u201a3 in 1\u2018 &#8211; tai klasikinis \u017eaisl\u0173 rinkinys, kur\u012f sudaro form\u0173 r\u016b\u0161iavimo \u017eaislas, me\u0161kiukas, drambliukas, kur\u012f galima stumti ir traukti, ir plastikinis form\u0173 r\u016b\u0161iavimo kibir\u0117lis. Kibir\u0117lyje yra penkios \u012fvairiaspalv\u0117s formos skylut\u0117s, kuriose vaikai gali lavinti form\u0173 atpa\u017einimo ir problem\u0173 sprendimo \u012fg\u016bd\u017eius r\u016b\u0161iuodami formas \u012f atitinkamas skylutes. \u017daisl\u0105 \u201eme\u0161kiukas krautuv\u0117l\u0119\u201c sudaro bok\u0161tas [&hellip;]","og_url":"https:\/\/dev.monti.lt\/en\/product\/mediniu-zaislu-rinkinys-3-in-1\/","og_site_name":"Montessori \u017eaislai","article_modified_time":"2024-09-29T05:25:57+00:00","og_image":[{"width":1599,"height":1066,"url":"https:\/\/dev.monti.lt\/wp-content\/uploads\/2024\/09\/6972633376378.jpg","type":"image\/jpeg"}],"twitter_card":"summary_large_image","twitter_misc":{"Est. reading time":"2 minutes"},"schema":{"@context":"https:\/\/schema.org","@graph":[{"@type":"WebPage","@id":"https:\/\/dev.monti.lt\/product\/mediniu-zaislu-rinkinys-3-in-1\/","url":"https:\/\/dev.monti.lt\/product\/mediniu-zaislu-rinkinys-3-in-1\/","name":"Medini\u0173 \u017eaisl\u0173 rinkinys 3 in 1 - Montessori \u017eaislai","isPartOf":{"@id":"https:\/\/dev.monti.lt\/#website"},"primaryImageOfPage":{"@id":"https:\/\/dev.monti.lt\/product\/mediniu-zaislu-rinkinys-3-in-1\/#primaryimage"},"image":{"@id":"https:\/\/dev.monti.lt\/product\/mediniu-zaislu-rinkinys-3-in-1\/#primaryimage"},"thumbnailUrl":"https:\/\/dev.monti.lt\/wp-content\/uploads\/2024\/09\/6972633376378.jpg","datePublished":"2024-09-23T06:55:29+00:00","dateModified":"2024-09-29T05:25:57+00:00","breadcrumb":{"@id":"https:\/\/dev.monti.lt\/product\/mediniu-zaislu-rinkinys-3-in-1\/#breadcrumb"},"inLanguage":"en-US","potentialAction":[{"@type":"ReadAction","target":["https:\/\/dev.monti.lt\/product\/mediniu-zaislu-rinkinys-3-in-1\/"]}]},{"@type":"ImageObject","inLanguage":"en-US","@id":"https:\/\/dev.monti.lt\/product\/mediniu-zaislu-rinkinys-3-in-1\/#primaryimage","url":"https:\/\/dev.monti.lt\/wp-content\/uploads\/2024\/09\/6972633376378.jpg","contentUrl":"https:\/\/dev.monti.lt\/wp-content\/uploads\/2024\/09\/6972633376378.jpg","width":1599,"height":1066},{"@type":"BreadcrumbList","@id":"https:\/\/dev.monti.lt\/product\/mediniu-zaislu-rinkinys-3-in-1\/#breadcrumb","itemListElement":[{"@type":"ListItem","position":1,"name":"Home","item":"https:\/\/dev.monti.lt\/"},{"@type":"ListItem","position":2,"name":"Parduotuv\u0117","item":"https:\/\/dev.monti.lt\/shop\/"},{"@type":"ListItem","position":3,"name":"Medini\u0173 \u017eaisl\u0173 rinkinys 3 in 1"}]},{"@type":"WebSite","@id":"https:\/\/dev.monti.lt\/#website","url":"https:\/\/dev.monti.lt\/","name":"Montessori \u017eaislai","description":"","publisher":{"@id":"https:\/\/dev.monti.lt\/#organization"},"potentialAction":[{"@type":"SearchAction","target":{"@type":"EntryPoint","urlTemplate":"https:\/\/dev.monti.lt\/?s={search_term_string}"},"query-input":"required name=search_term_string"}],"inLanguage":"en-US"},{"@type":"Organization","@id":"https:\/\/dev.monti.lt\/#organization","name":"Montessori \u017eaislai","url":"https:\/\/dev.monti.lt\/","logo":{"@type":"ImageObject","inLanguage":"en-US","@id":"https:\/\/dev.monti.lt\/#\/schema\/logo\/image\/","url":"https:\/\/dev.monti.lt\/wp-content\/uploads\/2022\/03\/montilogo-1.png","contentUrl":"https:\/\/dev.monti.lt\/wp-content\/uploads\/2022\/03\/montilogo-1.png","width":512,"height":512,"caption":"Montessori \u017eaislai"},"image":{"@id":"https:\/\/dev.monti.lt\/#\/schema\/logo\/image\/"}}]}},"_links":{"self":[{"href":"https:\/\/dev.monti.lt\/en\/wp-json\/wp\/v2\/product\/25171"}],"collection":[{"href":"https:\/\/dev.monti.lt\/en\/wp-json\/wp\/v2\/product"}],"about":[{"href":"https:\/\/dev.monti.lt\/en\/wp-json\/wp\/v2\/types\/product"}],"version-history":[{"count":2,"href":"https:\/\/dev.monti.lt\/en\/wp-json\/wp\/v2\/product\/25171\/revisions"}],"predecessor-version":[{"id":25190,"href":"https:\/\/dev.monti.lt\/en\/wp-json\/wp\/v2\/product\/25171\/revisions\/25190"}],"wp:featuredmedia":[{"embeddable":true,"href":"https:\/\/dev.monti.lt\/en\/wp-json\/wp\/v2\/media\/25187"}],"wp:attachment":[{"href":"https:\/\/dev.monti.lt\/en\/wp-json\/wp\/v2\/media?parent=25171"}],"wp:term":[{"taxonomy":"product_cat","embeddable":true,"href":"https:\/\/dev.monti.lt\/en\/wp-json\/wp\/v2\/product_cat?post=25171"},{"taxonomy":"product_tag","embeddable":true,"href":"https:\/\/dev.monti.lt\/en\/wp-json\/wp\/v2\/product_tag?post=25171"}],"curies":[{"name":"wp","href":"https:\/\/api.w.org\/{rel}","templated":true}]}}