{"id":25167,"date":"2024-09-23T06:52:47","date_gmt":"2024-09-23T06:52:47","guid":{"rendered":"https:\/\/dev.monti.lt\/?post_type=product&#038;p=25167"},"modified":"2024-10-01T18:11:26","modified_gmt":"2024-10-01T18:11:26","slug":"medinis-ziedu-metymo-zaidimas","status":"publish","type":"product","link":"https:\/\/dev.monti.lt\/en\/product\/medinis-ziedu-metymo-zaidimas\/","title":{"rendered":"Medinis \u017eied\u0173 m\u0117tymo \u017eaidimas"},"content":{"rendered":"<p>Medinis  \u017eied\u0173 m\u0117tymo \u017eaidimas- tai tradicinis \u017eaidimas, kuriame bandoma tiksliai mesti virv\u0117s rat\u0105 aplink vertikal\u0173 stulp\u0105 ir gauti ta\u0161k\u0173. \u0160is gra\u017eus medinis variantas yra kry\u017eiaus formos su penkiais stulpais ir 10 virv\u0117s \u017eied\u0173 su raudonos ir m\u0117lynos spalvos mediniais \u017eymekliais.<\/p><p>\u0160is vejos \u017eaidimas taip pat turi papildomus 10 plastikini\u0173 \u017eied\u0173, jei virv\u0117s \u017eiedai b\u016bt\u0173 per sud\u0117tingi ma\u017eiesiems \u017eaid\u0117jams. Tai labai tvirtas \u017eaidimas, kur\u012f galima \u017eaisti lauke arba atsargiai patalpoje.<\/p><p>\u0160iame rinkinyje esantys virv\u0117s \u017eiedai (quoits) pagaminti i\u0161 nat\u016bralios stambios rudos virv\u0117s. \u012e \u0161\u012f rinkin\u012f \u012feina \u012fmantrus u\u017etrauktuku u\u017esegamas mai\u0161elis ir ma\u017edaug 100 puslapi\u0173 vertinimo bloknotas.<\/p><p><\/p>","protected":false},"excerpt":{"rendered":"<p>Medinis \u017eied\u0173 m\u0117tymo \u017eaidimas- tai tradicinis \u017eaidimas, kuriame bandoma tiksliai mesti virv\u0117s rat\u0105 aplink vertikal\u0173 stulp\u0105 ir gauti ta\u0161k\u0173. \u0160is gra\u017eus medinis variantas yra kry\u017eiaus formos su penkiais stulpais ir 10 virv\u0117s \u017eied\u0173 su raudonos ir m\u0117lynos spalvos mediniais \u017eymekliais. \u0160is vejos \u017eaidimas taip pat turi papildomus 10 plastikini\u0173 \u017eied\u0173, jei virv\u0117s \u017eiedai b\u016bt\u0173 per [&hellip;]<\/p>","protected":false},"featured_media":25191,"template":"","meta":{"iawp_total_views":17},"product_cat":[217,191,238,84,91,102,88,49,39],"product_tag":[101,98,99,100],"class_list":{"0":"post-25167","1":"product","2":"type-product","3":"status-publish","4":"has-post-thumbnail","6":"product_cat-dovanos-5-7-metu-vaikams","7":"product_cat-dovanos-vaikams","8":"product_cat-lauko-zaidimai","9":"product_cat-lavinamieji-zaislai","10":"product_cat-loginiam-mastymui","11":"product_cat-mediniai-zaislai","12":"product_cat-mokausi-zaisti","13":"product_cat-visi-zaislai","14":"product_cat-zaislai","15":"product_tag-12-m-14-m","16":"product_tag-5-m-7-m","17":"product_tag-8-m-11-m","18":"product_tag-15-m","20":"first","21":"instock","22":"taxable","23":"shipping-taxable","24":"purchasable","25":"product-type-simple"},"yoast_head":"<!-- This site is optimized with the Yoast SEO plugin v23.3 - https:\/\/yoast.com\/wordpress\/plugins\/seo\/ -->\n<title>Medinis \u017eied\u0173 m\u0117tymo \u017eaidimas - Montessori \u017eaislai<\/title>\n<meta name=\"robots\" content=\"noindex, follow, max-snippet:-1, max-image-preview:large, max-video-preview:-1\" \/>\n<meta property=\"og:locale\" content=\"en_US\" \/>\n<meta property=\"og:type\" content=\"article\" \/>\n<meta property=\"og:title\" content=\"Medinis \u017eied\u0173 m\u0117tymo \u017eaidimas - Montessori \u017eaislai\" \/>\n<meta property=\"og:description\" content=\"Medinis \u017eied\u0173 m\u0117tymo \u017eaidimas- tai tradicinis \u017eaidimas, kuriame bandoma tiksliai mesti virv\u0117s rat\u0105 aplink vertikal\u0173 stulp\u0105 ir gauti ta\u0161k\u0173. \u0160is gra\u017eus medinis variantas yra kry\u017eiaus formos su penkiais stulpais ir 10 virv\u0117s \u017eied\u0173 su raudonos ir m\u0117lynos spalvos mediniais \u017eymekliais. \u0160is vejos \u017eaidimas taip pat turi papildomus 10 plastikini\u0173 \u017eied\u0173, jei virv\u0117s \u017eiedai b\u016bt\u0173 per [&hellip;]\" \/>\n<meta property=\"og:url\" content=\"https:\/\/dev.monti.lt\/en\/product\/medinis-ziedu-metymo-zaidimas\/\" \/>\n<meta property=\"og:site_name\" content=\"Montessori \u017eaislai\" \/>\n<meta property=\"article:modified_time\" content=\"2024-10-01T18:11:26+00:00\" \/>\n<meta property=\"og:image\" content=\"https:\/\/dev.monti.lt\/wp-content\/uploads\/2024\/09\/outdoor-wooden-ring-toss-game.jpg\" \/>\n\t<meta property=\"og:image:width\" content=\"800\" \/>\n\t<meta property=\"og:image:height\" content=\"700\" \/>\n\t<meta property=\"og:image:type\" content=\"image\/jpeg\" \/>\n<meta name=\"twitter:card\" content=\"summary_large_image\" \/>\n<meta name=\"twitter:label1\" content=\"Est. reading time\" \/>\n\t<meta name=\"twitter:data1\" content=\"1 minute\" \/>\n<script type=\"application\/ld+json\" class=\"yoast-schema-graph\">{\"@context\":\"https:\/\/schema.org\",\"@graph\":[{\"@type\":\"WebPage\",\"@id\":\"https:\/\/dev.monti.lt\/product\/medinis-ziedu-metymo-zaidimas\/\",\"url\":\"https:\/\/dev.monti.lt\/product\/medinis-ziedu-metymo-zaidimas\/\",\"name\":\"Medinis \u017eied\u0173 m\u0117tymo \u017eaidimas - Montessori \u017eaislai\",\"isPartOf\":{\"@id\":\"https:\/\/dev.monti.lt\/#website\"},\"primaryImageOfPage\":{\"@id\":\"https:\/\/dev.monti.lt\/product\/medinis-ziedu-metymo-zaidimas\/#primaryimage\"},\"image\":{\"@id\":\"https:\/\/dev.monti.lt\/product\/medinis-ziedu-metymo-zaidimas\/#primaryimage\"},\"thumbnailUrl\":\"https:\/\/dev.monti.lt\/wp-content\/uploads\/2024\/09\/outdoor-wooden-ring-toss-game.jpg\",\"datePublished\":\"2024-09-23T06:52:47+00:00\",\"dateModified\":\"2024-10-01T18:11:26+00:00\",\"breadcrumb\":{\"@id\":\"https:\/\/dev.monti.lt\/product\/medinis-ziedu-metymo-zaidimas\/#breadcrumb\"},\"inLanguage\":\"en-US\",\"potentialAction\":[{\"@type\":\"ReadAction\",\"target\":[\"https:\/\/dev.monti.lt\/product\/medinis-ziedu-metymo-zaidimas\/\"]}]},{\"@type\":\"ImageObject\",\"inLanguage\":\"en-US\",\"@id\":\"https:\/\/dev.monti.lt\/product\/medinis-ziedu-metymo-zaidimas\/#primaryimage\",\"url\":\"https:\/\/dev.monti.lt\/wp-content\/uploads\/2024\/09\/outdoor-wooden-ring-toss-game.jpg\",\"contentUrl\":\"https:\/\/dev.monti.lt\/wp-content\/uploads\/2024\/09\/outdoor-wooden-ring-toss-game.jpg\",\"width\":800,\"height\":700,\"caption\":\"ziedu metymo zaidimas\"},{\"@type\":\"BreadcrumbList\",\"@id\":\"https:\/\/dev.monti.lt\/product\/medinis-ziedu-metymo-zaidimas\/#breadcrumb\",\"itemListElement\":[{\"@type\":\"ListItem\",\"position\":1,\"name\":\"Home\",\"item\":\"https:\/\/dev.monti.lt\/\"},{\"@type\":\"ListItem\",\"position\":2,\"name\":\"Parduotuv\u0117\",\"item\":\"https:\/\/dev.monti.lt\/shop\/\"},{\"@type\":\"ListItem\",\"position\":3,\"name\":\"Medinis \u017eied\u0173 m\u0117tymo \u017eaidimas\"}]},{\"@type\":\"WebSite\",\"@id\":\"https:\/\/dev.monti.lt\/#website\",\"url\":\"https:\/\/dev.monti.lt\/\",\"name\":\"Montessori \u017eaislai\",\"description\":\"\",\"publisher\":{\"@id\":\"https:\/\/dev.monti.lt\/#organization\"},\"potentialAction\":[{\"@type\":\"SearchAction\",\"target\":{\"@type\":\"EntryPoint\",\"urlTemplate\":\"https:\/\/dev.monti.lt\/?s={search_term_string}\"},\"query-input\":\"required name=search_term_string\"}],\"inLanguage\":\"en-US\"},{\"@type\":\"Organization\",\"@id\":\"https:\/\/dev.monti.lt\/#organization\",\"name\":\"Montessori \u017eaislai\",\"url\":\"https:\/\/dev.monti.lt\/\",\"logo\":{\"@type\":\"ImageObject\",\"inLanguage\":\"en-US\",\"@id\":\"https:\/\/dev.monti.lt\/#\/schema\/logo\/image\/\",\"url\":\"https:\/\/dev.monti.lt\/wp-content\/uploads\/2022\/03\/montilogo-1.png\",\"contentUrl\":\"https:\/\/dev.monti.lt\/wp-content\/uploads\/2022\/03\/montilogo-1.png\",\"width\":512,\"height\":512,\"caption\":\"Montessori \u017eaislai\"},\"image\":{\"@id\":\"https:\/\/dev.monti.lt\/#\/schema\/logo\/image\/\"}}]}<\/script>\n<!-- \/ Yoast SEO plugin. -->","yoast_head_json":{"title":"Medinis \u017eied\u0173 m\u0117tymo \u017eaidimas - Montessori \u017eaislai","robots":{"index":"noindex","follow":"follow","max-snippet":"max-snippet:-1","max-image-preview":"max-image-preview:large","max-video-preview":"max-video-preview:-1"},"og_locale":"en_US","og_type":"article","og_title":"Medinis \u017eied\u0173 m\u0117tymo \u017eaidimas - Montessori \u017eaislai","og_description":"Medinis \u017eied\u0173 m\u0117tymo \u017eaidimas- tai tradicinis \u017eaidimas, kuriame bandoma tiksliai mesti virv\u0117s rat\u0105 aplink vertikal\u0173 stulp\u0105 ir gauti ta\u0161k\u0173. \u0160is gra\u017eus medinis variantas yra kry\u017eiaus formos su penkiais stulpais ir 10 virv\u0117s \u017eied\u0173 su raudonos ir m\u0117lynos spalvos mediniais \u017eymekliais. \u0160is vejos \u017eaidimas taip pat turi papildomus 10 plastikini\u0173 \u017eied\u0173, jei virv\u0117s \u017eiedai b\u016bt\u0173 per [&hellip;]","og_url":"https:\/\/dev.monti.lt\/en\/product\/medinis-ziedu-metymo-zaidimas\/","og_site_name":"Montessori \u017eaislai","article_modified_time":"2024-10-01T18:11:26+00:00","og_image":[{"width":800,"height":700,"url":"https:\/\/dev.monti.lt\/wp-content\/uploads\/2024\/09\/outdoor-wooden-ring-toss-game.jpg","type":"image\/jpeg"}],"twitter_card":"summary_large_image","twitter_misc":{"Est. reading time":"1 minute"},"schema":{"@context":"https:\/\/schema.org","@graph":[{"@type":"WebPage","@id":"https:\/\/dev.monti.lt\/product\/medinis-ziedu-metymo-zaidimas\/","url":"https:\/\/dev.monti.lt\/product\/medinis-ziedu-metymo-zaidimas\/","name":"Medinis \u017eied\u0173 m\u0117tymo \u017eaidimas - Montessori \u017eaislai","isPartOf":{"@id":"https:\/\/dev.monti.lt\/#website"},"primaryImageOfPage":{"@id":"https:\/\/dev.monti.lt\/product\/medinis-ziedu-metymo-zaidimas\/#primaryimage"},"image":{"@id":"https:\/\/dev.monti.lt\/product\/medinis-ziedu-metymo-zaidimas\/#primaryimage"},"thumbnailUrl":"https:\/\/dev.monti.lt\/wp-content\/uploads\/2024\/09\/outdoor-wooden-ring-toss-game.jpg","datePublished":"2024-09-23T06:52:47+00:00","dateModified":"2024-10-01T18:11:26+00:00","breadcrumb":{"@id":"https:\/\/dev.monti.lt\/product\/medinis-ziedu-metymo-zaidimas\/#breadcrumb"},"inLanguage":"en-US","potentialAction":[{"@type":"ReadAction","target":["https:\/\/dev.monti.lt\/product\/medinis-ziedu-metymo-zaidimas\/"]}]},{"@type":"ImageObject","inLanguage":"en-US","@id":"https:\/\/dev.monti.lt\/product\/medinis-ziedu-metymo-zaidimas\/#primaryimage","url":"https:\/\/dev.monti.lt\/wp-content\/uploads\/2024\/09\/outdoor-wooden-ring-toss-game.jpg","contentUrl":"https:\/\/dev.monti.lt\/wp-content\/uploads\/2024\/09\/outdoor-wooden-ring-toss-game.jpg","width":800,"height":700,"caption":"ziedu metymo zaidimas"},{"@type":"BreadcrumbList","@id":"https:\/\/dev.monti.lt\/product\/medinis-ziedu-metymo-zaidimas\/#breadcrumb","itemListElement":[{"@type":"ListItem","position":1,"name":"Home","item":"https:\/\/dev.monti.lt\/"},{"@type":"ListItem","position":2,"name":"Parduotuv\u0117","item":"https:\/\/dev.monti.lt\/shop\/"},{"@type":"ListItem","position":3,"name":"Medinis \u017eied\u0173 m\u0117tymo \u017eaidimas"}]},{"@type":"WebSite","@id":"https:\/\/dev.monti.lt\/#website","url":"https:\/\/dev.monti.lt\/","name":"Montessori \u017eaislai","description":"","publisher":{"@id":"https:\/\/dev.monti.lt\/#organization"},"potentialAction":[{"@type":"SearchAction","target":{"@type":"EntryPoint","urlTemplate":"https:\/\/dev.monti.lt\/?s={search_term_string}"},"query-input":"required name=search_term_string"}],"inLanguage":"en-US"},{"@type":"Organization","@id":"https:\/\/dev.monti.lt\/#organization","name":"Montessori \u017eaislai","url":"https:\/\/dev.monti.lt\/","logo":{"@type":"ImageObject","inLanguage":"en-US","@id":"https:\/\/dev.monti.lt\/#\/schema\/logo\/image\/","url":"https:\/\/dev.monti.lt\/wp-content\/uploads\/2022\/03\/montilogo-1.png","contentUrl":"https:\/\/dev.monti.lt\/wp-content\/uploads\/2022\/03\/montilogo-1.png","width":512,"height":512,"caption":"Montessori \u017eaislai"},"image":{"@id":"https:\/\/dev.monti.lt\/#\/schema\/logo\/image\/"}}]}},"_links":{"self":[{"href":"https:\/\/dev.monti.lt\/en\/wp-json\/wp\/v2\/product\/25167"}],"collection":[{"href":"https:\/\/dev.monti.lt\/en\/wp-json\/wp\/v2\/product"}],"about":[{"href":"https:\/\/dev.monti.lt\/en\/wp-json\/wp\/v2\/types\/product"}],"version-history":[{"count":2,"href":"https:\/\/dev.monti.lt\/en\/wp-json\/wp\/v2\/product\/25167\/revisions"}],"predecessor-version":[{"id":25197,"href":"https:\/\/dev.monti.lt\/en\/wp-json\/wp\/v2\/product\/25167\/revisions\/25197"}],"wp:featuredmedia":[{"embeddable":true,"href":"https:\/\/dev.monti.lt\/en\/wp-json\/wp\/v2\/media\/25191"}],"wp:attachment":[{"href":"https:\/\/dev.monti.lt\/en\/wp-json\/wp\/v2\/media?parent=25167"}],"wp:term":[{"taxonomy":"product_cat","embeddable":true,"href":"https:\/\/dev.monti.lt\/en\/wp-json\/wp\/v2\/product_cat?post=25167"},{"taxonomy":"product_tag","embeddable":true,"href":"https:\/\/dev.monti.lt\/en\/wp-json\/wp\/v2\/product_tag?post=25167"}],"curies":[{"name":"wp","href":"https:\/\/api.w.org\/{rel}","templated":true}]}}