{"id":25146,"date":"2024-09-20T13:10:34","date_gmt":"2024-09-20T13:10:34","guid":{"rendered":"https:\/\/dev.monti.lt\/?post_type=product&#038;p=25146"},"modified":"2024-09-23T12:34:53","modified_gmt":"2024-09-23T12:34:53","slug":"medinis-golfo-zaidimo-rinkinys","status":"publish","type":"product","link":"https:\/\/dev.monti.lt\/en\/product\/medinis-golfo-zaidimo-rinkinys\/","title":{"rendered":"Medinis golfo \u017eaidimo rinkinys"},"content":{"rendered":"<p><strong>\u201eTooky Toy for 2 People\u201c medinis golfo sporto \u017eaidimas<\/strong>&nbsp;yra klasikinis \u017eaidimas. Idealus b\u016bdas aktyviai leisti laisvalaik\u012f, lavinant&nbsp;<strong>susikaupim\u0105<\/strong>&nbsp;,&nbsp;<strong>refleksus<\/strong>&nbsp;,&nbsp;<strong>miklum\u0105<\/strong>&nbsp;ir&nbsp;<strong>tikslum\u0105<\/strong>. \u017daidimas yra 100% pagamintas i\u0161 netoksi\u0161kos ir oro s\u0105lygoms atsparios medienos. Puiki pramoga visai \u0161eimai. Lengvai \u012frengiama skylut\u0117 leid\u017eia \u017eaisti tiek sode, tiek namuose.<\/p><p><strong>Charakteristika:<\/strong><\/p><ul class=\"wp-block-list\"><li>&#8211; vaikams\u00a0<strong>nuo 3 met\u0173,<\/strong><\/li>\n\n<li>&#8211; sportinis\u00a0<strong>golfo \u017eaidimas 2 asmenims,<\/strong><\/li>\n\n<li>&#8211; \u012f komplekt\u0105 \u012feina:\u00a0\u00a0<strong>2\u00a0<\/strong><strong>stulpai, viena skyl\u0117, v\u0117liav\u0117l\u0117, 2 rutuliai, kli\u016btys, tuneliai,<\/strong><\/li>\n\n<li>&#8211; 100% pagamintas i\u0161 auk\u0161tos kokyb\u0117s, netoksi\u0161kos ir oro s\u0105lygoms atsparios med\u017eiagos.<\/li><\/ul><p><strong>\u017daislas vysto:<\/strong><\/p><ul class=\"wp-block-list\"><li>&#8211; geb\u0117jimas \u017eaisti grup\u0117je;<\/li>\n\n<li>&#8211; koncentracija,<\/li>\n\n<li>&#8211; refleksai,<\/li>\n\n<li>&#8211; vikrumas,<\/li>\n\n<li>&#8211; tikslumas,<\/li>\n\n<li>&#8211; skatina fizinius pratimus \u017eaid\u017eiant.<\/li><\/ul><p><strong>Tooky Toy&nbsp; \u2013&nbsp;<\/strong><strong>medinius \u017eaislus vaikams&nbsp;<\/strong>gaminanti \u012fmon\u0117&nbsp;, rinkoje esanti nuo 2004 m. Keli\u0173 met\u0173 patirtis pramon\u0117je yra auk\u0161tos kokyb\u0117s gamini\u0173, pagamint\u0173 atsi\u017evelgiant \u012f vaik\u0173 saugum\u0105, garantija. Tooky Toy&nbsp;\u017eaislai turi daugyb\u0119 sertifikat\u0173, patvirtinan\u010di\u0173&nbsp;\u0161i\u0173 ekologi\u0161k\u0173 gamini\u0173&nbsp;<strong>saugum\u0105 .&nbsp;<\/strong>Gerai i\u0161lyginti, be atplai\u0161\u0173 ir a\u0161tri\u0173 briaun\u0173, \u017eaislai padengti tik saugiais, netoksi\u0161kais da\u017eais, da\u017eais ir lakais. D\u0117l viso to&nbsp;<strong>Tooky Toy<\/strong>&nbsp;\u017eaislus m\u0117gsta vaikai ir vertina t\u0117vai visame pasaulyje.<\/p><p><\/p>","protected":false},"excerpt":{"rendered":"<p>\u201eTooky Toy for 2 People\u201c medinis golfo sporto \u017eaidimas&nbsp;yra klasikinis \u017eaidimas. Idealus b\u016bdas aktyviai leisti laisvalaik\u012f, lavinant&nbsp;susikaupim\u0105&nbsp;,&nbsp;refleksus&nbsp;,&nbsp;miklum\u0105&nbsp;ir&nbsp;tikslum\u0105. \u017daidimas yra 100% pagamintas i\u0161 netoksi\u0161kos ir oro s\u0105lygoms atsparios medienos. Puiki pramoga visai \u0161eimai. Lengvai \u012frengiama skylut\u0117 leid\u017eia \u017eaisti tiek sode, tiek namuose. Charakteristika: \u017daislas vysto: Tooky Toy&nbsp; \u2013&nbsp;medinius \u017eaislus vaikams&nbsp;gaminanti \u012fmon\u0117&nbsp;, rinkoje esanti nuo 2004 m. [&hellip;]<\/p>","protected":false},"featured_media":25179,"template":"","meta":{"iawp_total_views":3},"product_cat":[217,191,192,238,84,102,93,49,39],"product_tag":[101,98,99,100],"class_list":{"0":"post-25146","1":"product","2":"type-product","3":"status-publish","4":"has-post-thumbnail","6":"product_cat-dovanos-5-7-metu-vaikams","7":"product_cat-dovanos-vaikams","8":"product_cat-kaledines-dovanos-vaikams","9":"product_cat-lauko-zaidimai","10":"product_cat-lavinamieji-zaislai","11":"product_cat-mediniai-zaislai","12":"product_cat-vaidmenu-zaidimai","13":"product_cat-visi-zaislai","14":"product_cat-zaislai","15":"product_tag-12-m-14-m","16":"product_tag-5-m-7-m","17":"product_tag-8-m-11-m","18":"product_tag-15-m","20":"first","21":"instock","22":"taxable","23":"shipping-taxable","24":"purchasable","25":"product-type-simple"},"yoast_head":"<!-- This site is optimized with the Yoast SEO plugin v23.3 - https:\/\/yoast.com\/wordpress\/plugins\/seo\/ -->\n<title>Medinis golfo \u017eaidimo rinkinys - Montessori \u017eaislai<\/title>\n<meta name=\"robots\" content=\"noindex, follow, max-snippet:-1, max-image-preview:large, max-video-preview:-1\" \/>\n<meta property=\"og:locale\" content=\"en_US\" \/>\n<meta property=\"og:type\" content=\"article\" \/>\n<meta property=\"og:title\" content=\"Medinis golfo \u017eaidimo rinkinys - Montessori \u017eaislai\" \/>\n<meta property=\"og:description\" content=\"\u201eTooky Toy for 2 People\u201c medinis golfo sporto \u017eaidimas&nbsp;yra klasikinis \u017eaidimas. Idealus b\u016bdas aktyviai leisti laisvalaik\u012f, lavinant&nbsp;susikaupim\u0105&nbsp;,&nbsp;refleksus&nbsp;,&nbsp;miklum\u0105&nbsp;ir&nbsp;tikslum\u0105. \u017daidimas yra 100% pagamintas i\u0161 netoksi\u0161kos ir oro s\u0105lygoms atsparios medienos. Puiki pramoga visai \u0161eimai. Lengvai \u012frengiama skylut\u0117 leid\u017eia \u017eaisti tiek sode, tiek namuose. Charakteristika: \u017daislas vysto: Tooky Toy&nbsp; \u2013&nbsp;medinius \u017eaislus vaikams&nbsp;gaminanti \u012fmon\u0117&nbsp;, rinkoje esanti nuo 2004 m. [&hellip;]\" \/>\n<meta property=\"og:url\" content=\"https:\/\/dev.monti.lt\/en\/product\/medinis-golfo-zaidimo-rinkinys\/\" \/>\n<meta property=\"og:site_name\" content=\"Montessori \u017eaislai\" \/>\n<meta property=\"article:modified_time\" content=\"2024-09-23T12:34:53+00:00\" \/>\n<meta property=\"og:image\" content=\"https:\/\/dev.monti.lt\/wp-content\/uploads\/2024\/09\/tooky-toy-drewniany-zestaw-do-gry-w-golfa-dla-2-osob-13-el-1.jpg\" \/>\n\t<meta property=\"og:image:width\" content=\"800\" \/>\n\t<meta property=\"og:image:height\" content=\"800\" \/>\n\t<meta property=\"og:image:type\" content=\"image\/jpeg\" \/>\n<meta name=\"twitter:card\" content=\"summary_large_image\" \/>\n<meta name=\"twitter:label1\" content=\"Est. reading time\" \/>\n\t<meta name=\"twitter:data1\" content=\"2 minutes\" \/>\n<script type=\"application\/ld+json\" class=\"yoast-schema-graph\">{\"@context\":\"https:\/\/schema.org\",\"@graph\":[{\"@type\":\"WebPage\",\"@id\":\"https:\/\/dev.monti.lt\/product\/medinis-golfo-zaidimo-rinkinys\/\",\"url\":\"https:\/\/dev.monti.lt\/product\/medinis-golfo-zaidimo-rinkinys\/\",\"name\":\"Medinis golfo \u017eaidimo rinkinys - Montessori \u017eaislai\",\"isPartOf\":{\"@id\":\"https:\/\/dev.monti.lt\/#website\"},\"primaryImageOfPage\":{\"@id\":\"https:\/\/dev.monti.lt\/product\/medinis-golfo-zaidimo-rinkinys\/#primaryimage\"},\"image\":{\"@id\":\"https:\/\/dev.monti.lt\/product\/medinis-golfo-zaidimo-rinkinys\/#primaryimage\"},\"thumbnailUrl\":\"https:\/\/dev.monti.lt\/wp-content\/uploads\/2024\/09\/tooky-toy-drewniany-zestaw-do-gry-w-golfa-dla-2-osob-13-el-1.jpg\",\"datePublished\":\"2024-09-20T13:10:34+00:00\",\"dateModified\":\"2024-09-23T12:34:53+00:00\",\"breadcrumb\":{\"@id\":\"https:\/\/dev.monti.lt\/product\/medinis-golfo-zaidimo-rinkinys\/#breadcrumb\"},\"inLanguage\":\"en-US\",\"potentialAction\":[{\"@type\":\"ReadAction\",\"target\":[\"https:\/\/dev.monti.lt\/product\/medinis-golfo-zaidimo-rinkinys\/\"]}]},{\"@type\":\"ImageObject\",\"inLanguage\":\"en-US\",\"@id\":\"https:\/\/dev.monti.lt\/product\/medinis-golfo-zaidimo-rinkinys\/#primaryimage\",\"url\":\"https:\/\/dev.monti.lt\/wp-content\/uploads\/2024\/09\/tooky-toy-drewniany-zestaw-do-gry-w-golfa-dla-2-osob-13-el-1.jpg\",\"contentUrl\":\"https:\/\/dev.monti.lt\/wp-content\/uploads\/2024\/09\/tooky-toy-drewniany-zestaw-do-gry-w-golfa-dla-2-osob-13-el-1.jpg\",\"width\":800,\"height\":800,\"caption\":\"medinis golfo rinkinys\"},{\"@type\":\"BreadcrumbList\",\"@id\":\"https:\/\/dev.monti.lt\/product\/medinis-golfo-zaidimo-rinkinys\/#breadcrumb\",\"itemListElement\":[{\"@type\":\"ListItem\",\"position\":1,\"name\":\"Home\",\"item\":\"https:\/\/dev.monti.lt\/\"},{\"@type\":\"ListItem\",\"position\":2,\"name\":\"Parduotuv\u0117\",\"item\":\"https:\/\/dev.monti.lt\/shop\/\"},{\"@type\":\"ListItem\",\"position\":3,\"name\":\"Medinis golfo \u017eaidimo rinkinys\"}]},{\"@type\":\"WebSite\",\"@id\":\"https:\/\/dev.monti.lt\/#website\",\"url\":\"https:\/\/dev.monti.lt\/\",\"name\":\"Montessori \u017eaislai\",\"description\":\"\",\"publisher\":{\"@id\":\"https:\/\/dev.monti.lt\/#organization\"},\"potentialAction\":[{\"@type\":\"SearchAction\",\"target\":{\"@type\":\"EntryPoint\",\"urlTemplate\":\"https:\/\/dev.monti.lt\/?s={search_term_string}\"},\"query-input\":\"required name=search_term_string\"}],\"inLanguage\":\"en-US\"},{\"@type\":\"Organization\",\"@id\":\"https:\/\/dev.monti.lt\/#organization\",\"name\":\"Montessori \u017eaislai\",\"url\":\"https:\/\/dev.monti.lt\/\",\"logo\":{\"@type\":\"ImageObject\",\"inLanguage\":\"en-US\",\"@id\":\"https:\/\/dev.monti.lt\/#\/schema\/logo\/image\/\",\"url\":\"https:\/\/dev.monti.lt\/wp-content\/uploads\/2022\/03\/montilogo-1.png\",\"contentUrl\":\"https:\/\/dev.monti.lt\/wp-content\/uploads\/2022\/03\/montilogo-1.png\",\"width\":512,\"height\":512,\"caption\":\"Montessori \u017eaislai\"},\"image\":{\"@id\":\"https:\/\/dev.monti.lt\/#\/schema\/logo\/image\/\"}}]}<\/script>\n<!-- \/ Yoast SEO plugin. -->","yoast_head_json":{"title":"Medinis golfo \u017eaidimo rinkinys - Montessori \u017eaislai","robots":{"index":"noindex","follow":"follow","max-snippet":"max-snippet:-1","max-image-preview":"max-image-preview:large","max-video-preview":"max-video-preview:-1"},"og_locale":"en_US","og_type":"article","og_title":"Medinis golfo \u017eaidimo rinkinys - Montessori \u017eaislai","og_description":"\u201eTooky Toy for 2 People\u201c medinis golfo sporto \u017eaidimas&nbsp;yra klasikinis \u017eaidimas. Idealus b\u016bdas aktyviai leisti laisvalaik\u012f, lavinant&nbsp;susikaupim\u0105&nbsp;,&nbsp;refleksus&nbsp;,&nbsp;miklum\u0105&nbsp;ir&nbsp;tikslum\u0105. \u017daidimas yra 100% pagamintas i\u0161 netoksi\u0161kos ir oro s\u0105lygoms atsparios medienos. Puiki pramoga visai \u0161eimai. Lengvai \u012frengiama skylut\u0117 leid\u017eia \u017eaisti tiek sode, tiek namuose. Charakteristika: \u017daislas vysto: Tooky Toy&nbsp; \u2013&nbsp;medinius \u017eaislus vaikams&nbsp;gaminanti \u012fmon\u0117&nbsp;, rinkoje esanti nuo 2004 m. [&hellip;]","og_url":"https:\/\/dev.monti.lt\/en\/product\/medinis-golfo-zaidimo-rinkinys\/","og_site_name":"Montessori \u017eaislai","article_modified_time":"2024-09-23T12:34:53+00:00","og_image":[{"width":800,"height":800,"url":"https:\/\/dev.monti.lt\/wp-content\/uploads\/2024\/09\/tooky-toy-drewniany-zestaw-do-gry-w-golfa-dla-2-osob-13-el-1.jpg","type":"image\/jpeg"}],"twitter_card":"summary_large_image","twitter_misc":{"Est. reading time":"2 minutes"},"schema":{"@context":"https:\/\/schema.org","@graph":[{"@type":"WebPage","@id":"https:\/\/dev.monti.lt\/product\/medinis-golfo-zaidimo-rinkinys\/","url":"https:\/\/dev.monti.lt\/product\/medinis-golfo-zaidimo-rinkinys\/","name":"Medinis golfo \u017eaidimo rinkinys - Montessori \u017eaislai","isPartOf":{"@id":"https:\/\/dev.monti.lt\/#website"},"primaryImageOfPage":{"@id":"https:\/\/dev.monti.lt\/product\/medinis-golfo-zaidimo-rinkinys\/#primaryimage"},"image":{"@id":"https:\/\/dev.monti.lt\/product\/medinis-golfo-zaidimo-rinkinys\/#primaryimage"},"thumbnailUrl":"https:\/\/dev.monti.lt\/wp-content\/uploads\/2024\/09\/tooky-toy-drewniany-zestaw-do-gry-w-golfa-dla-2-osob-13-el-1.jpg","datePublished":"2024-09-20T13:10:34+00:00","dateModified":"2024-09-23T12:34:53+00:00","breadcrumb":{"@id":"https:\/\/dev.monti.lt\/product\/medinis-golfo-zaidimo-rinkinys\/#breadcrumb"},"inLanguage":"en-US","potentialAction":[{"@type":"ReadAction","target":["https:\/\/dev.monti.lt\/product\/medinis-golfo-zaidimo-rinkinys\/"]}]},{"@type":"ImageObject","inLanguage":"en-US","@id":"https:\/\/dev.monti.lt\/product\/medinis-golfo-zaidimo-rinkinys\/#primaryimage","url":"https:\/\/dev.monti.lt\/wp-content\/uploads\/2024\/09\/tooky-toy-drewniany-zestaw-do-gry-w-golfa-dla-2-osob-13-el-1.jpg","contentUrl":"https:\/\/dev.monti.lt\/wp-content\/uploads\/2024\/09\/tooky-toy-drewniany-zestaw-do-gry-w-golfa-dla-2-osob-13-el-1.jpg","width":800,"height":800,"caption":"medinis golfo rinkinys"},{"@type":"BreadcrumbList","@id":"https:\/\/dev.monti.lt\/product\/medinis-golfo-zaidimo-rinkinys\/#breadcrumb","itemListElement":[{"@type":"ListItem","position":1,"name":"Home","item":"https:\/\/dev.monti.lt\/"},{"@type":"ListItem","position":2,"name":"Parduotuv\u0117","item":"https:\/\/dev.monti.lt\/shop\/"},{"@type":"ListItem","position":3,"name":"Medinis golfo \u017eaidimo rinkinys"}]},{"@type":"WebSite","@id":"https:\/\/dev.monti.lt\/#website","url":"https:\/\/dev.monti.lt\/","name":"Montessori \u017eaislai","description":"","publisher":{"@id":"https:\/\/dev.monti.lt\/#organization"},"potentialAction":[{"@type":"SearchAction","target":{"@type":"EntryPoint","urlTemplate":"https:\/\/dev.monti.lt\/?s={search_term_string}"},"query-input":"required name=search_term_string"}],"inLanguage":"en-US"},{"@type":"Organization","@id":"https:\/\/dev.monti.lt\/#organization","name":"Montessori \u017eaislai","url":"https:\/\/dev.monti.lt\/","logo":{"@type":"ImageObject","inLanguage":"en-US","@id":"https:\/\/dev.monti.lt\/#\/schema\/logo\/image\/","url":"https:\/\/dev.monti.lt\/wp-content\/uploads\/2022\/03\/montilogo-1.png","contentUrl":"https:\/\/dev.monti.lt\/wp-content\/uploads\/2022\/03\/montilogo-1.png","width":512,"height":512,"caption":"Montessori \u017eaislai"},"image":{"@id":"https:\/\/dev.monti.lt\/#\/schema\/logo\/image\/"}}]}},"_links":{"self":[{"href":"https:\/\/dev.monti.lt\/en\/wp-json\/wp\/v2\/product\/25146"}],"collection":[{"href":"https:\/\/dev.monti.lt\/en\/wp-json\/wp\/v2\/product"}],"about":[{"href":"https:\/\/dev.monti.lt\/en\/wp-json\/wp\/v2\/types\/product"}],"version-history":[{"count":2,"href":"https:\/\/dev.monti.lt\/en\/wp-json\/wp\/v2\/product\/25146\/revisions"}],"predecessor-version":[{"id":25186,"href":"https:\/\/dev.monti.lt\/en\/wp-json\/wp\/v2\/product\/25146\/revisions\/25186"}],"wp:featuredmedia":[{"embeddable":true,"href":"https:\/\/dev.monti.lt\/en\/wp-json\/wp\/v2\/media\/25179"}],"wp:attachment":[{"href":"https:\/\/dev.monti.lt\/en\/wp-json\/wp\/v2\/media?parent=25146"}],"wp:term":[{"taxonomy":"product_cat","embeddable":true,"href":"https:\/\/dev.monti.lt\/en\/wp-json\/wp\/v2\/product_cat?post=25146"},{"taxonomy":"product_tag","embeddable":true,"href":"https:\/\/dev.monti.lt\/en\/wp-json\/wp\/v2\/product_tag?post=25146"}],"curies":[{"name":"wp","href":"https:\/\/api.w.org\/{rel}","templated":true}]}}