{"id":25138,"date":"2024-09-20T12:53:13","date_gmt":"2024-09-20T12:53:13","guid":{"rendered":"https:\/\/dev.monti.lt\/?post_type=product&#038;p=25138"},"modified":"2024-10-01T19:43:10","modified_gmt":"2024-10-01T19:43:10","slug":"muzikinis-instrumentu-rinkinys-tooky-toy","status":"publish","type":"product","link":"https:\/\/dev.monti.lt\/en\/product\/muzikinis-instrumentu-rinkinys-tooky-toy\/","title":{"rendered":"Muzikinis instrument\u0173 rinkinys Tooky toy"},"content":{"rendered":"<p>\u0160is medinis muzikos instrument\u0173 rinkinys suteikia \u012fvairi\u0173 sensorini\u0173 stimul\u0173 ir tinka 18 m\u0117nesi\u0173 ir vyresniems vaikams. Rinkin\u012f sudaro tamburinas, du marakasai, fleita ir metalinis garsiakalbis, nuda\u017eyti gra\u017eiomis ir ry\u0161kiomis spalvomis, kurios pabr\u0117\u017eia vaiko \u017evilgsn\u012f ir lavina jo regim\u0105j\u012f suvokim\u0105.<br>Be to, d\u0117l rinkinyje esan\u010di\u0173 muzikos instrument\u0173 \u012fvairov\u0117s vaikui suteikiama galimyb\u0117 suvokti skirtingus kiekvieno muzikos instrumento skleid\u017eiamus garsus ir natas ir taip lavinti savo akustinius ir pa\u017eintinius geb\u0117jimus grojant ir mokantis su kiekvienu i\u0161 j\u0173.<\/p><p>Tinkamas vaikams nuo 18 men.<\/p>","protected":false},"excerpt":{"rendered":"<p>\u0160is medinis muzikos instrument\u0173 rinkinys suteikia \u012fvairi\u0173 sensorini\u0173 stimul\u0173 ir tinka 18 m\u0117nesi\u0173 ir vyresniems vaikams. Rinkin\u012f sudaro tamburinas, du marakasai, fleita ir metalinis garsiakalbis, nuda\u017eyti gra\u017eiomis ir ry\u0161kiomis spalvomis, kurios pabr\u0117\u017eia vaiko \u017evilgsn\u012f ir lavina jo regim\u0105j\u012f suvokim\u0105.Be to, d\u0117l rinkinyje esan\u010di\u0173 muzikos instrument\u0173 \u012fvairov\u0117s vaikui suteikiama galimyb\u0117 suvokti skirtingus kiekvieno muzikos instrumento skleid\u017eiamus [&hellip;]<\/p>","protected":false},"featured_media":25139,"template":"","meta":{"iawp_total_views":16},"product_cat":[213,193,194,195,191,82,84,102,85,50,199,49,39],"product_tag":[95,96,97,98],"class_list":{"0":"post-25138","1":"product","2":"type-product","3":"status-publish","4":"has-post-thumbnail","6":"product_cat-akcija","7":"product_cat-dovanos-vaikams-1-2-metu","8":"product_cat-dovanos-vaikams-2-3-metu","9":"product_cat-dovanos-vaikams-3-4-metu","10":"product_cat-dovanos-vaikams","11":"product_cat-ispardavimas","12":"product_cat-lavinamieji-zaislai","13":"product_cat-mediniai-zaislai","14":"product_cat-muzikiniai-zaislai","15":"product_cat-top-dovanos","16":"product_cat-ugdymo-istaigoms","17":"product_cat-visi-zaislai","18":"product_cat-zaislai","19":"product_tag-1-m-2-m","20":"product_tag-2-m-3-m","21":"product_tag-3-m-4-m","22":"product_tag-5-m-7-m","24":"first","25":"instock","26":"sale","27":"taxable","28":"shipping-taxable","29":"purchasable","30":"product-type-simple"},"yoast_head":"<!-- This site is optimized with the Yoast SEO plugin v23.3 - https:\/\/yoast.com\/wordpress\/plugins\/seo\/ -->\n<title>Muzikinis instrument\u0173 rinkinys Tooky toy - Montessori \u017eaislai<\/title>\n<meta name=\"robots\" content=\"noindex, follow, max-snippet:-1, max-image-preview:large, max-video-preview:-1\" \/>\n<meta property=\"og:locale\" content=\"en_US\" \/>\n<meta property=\"og:type\" content=\"article\" \/>\n<meta property=\"og:title\" content=\"Muzikinis instrument\u0173 rinkinys Tooky toy - Montessori \u017eaislai\" \/>\n<meta property=\"og:description\" content=\"\u0160is medinis muzikos instrument\u0173 rinkinys suteikia \u012fvairi\u0173 sensorini\u0173 stimul\u0173 ir tinka 18 m\u0117nesi\u0173 ir vyresniems vaikams. Rinkin\u012f sudaro tamburinas, du marakasai, fleita ir metalinis garsiakalbis, nuda\u017eyti gra\u017eiomis ir ry\u0161kiomis spalvomis, kurios pabr\u0117\u017eia vaiko \u017evilgsn\u012f ir lavina jo regim\u0105j\u012f suvokim\u0105.Be to, d\u0117l rinkinyje esan\u010di\u0173 muzikos instrument\u0173 \u012fvairov\u0117s vaikui suteikiama galimyb\u0117 suvokti skirtingus kiekvieno muzikos instrumento skleid\u017eiamus [&hellip;]\" \/>\n<meta property=\"og:url\" content=\"https:\/\/dev.monti.lt\/en\/product\/muzikinis-instrumentu-rinkinys-tooky-toy\/\" \/>\n<meta property=\"og:site_name\" content=\"Montessori \u017eaislai\" \/>\n<meta property=\"article:modified_time\" content=\"2024-10-01T19:43:10+00:00\" \/>\n<meta property=\"og:image\" content=\"https:\/\/dev.monti.lt\/wp-content\/uploads\/2024\/09\/medinis-muzikos-instrumentu-rinkinys-6el-tf567-4-1.jpg\" \/>\n\t<meta property=\"og:image:width\" content=\"754\" \/>\n\t<meta property=\"og:image:height\" content=\"754\" \/>\n\t<meta property=\"og:image:type\" content=\"image\/jpeg\" \/>\n<meta name=\"twitter:card\" content=\"summary_large_image\" \/>\n<meta name=\"twitter:label1\" content=\"Est. reading time\" \/>\n\t<meta name=\"twitter:data1\" content=\"1 minute\" \/>\n<script type=\"application\/ld+json\" class=\"yoast-schema-graph\">{\"@context\":\"https:\/\/schema.org\",\"@graph\":[{\"@type\":\"WebPage\",\"@id\":\"https:\/\/dev.monti.lt\/product\/muzikinis-instrumentu-rinkinys-tooky-toy\/\",\"url\":\"https:\/\/dev.monti.lt\/product\/muzikinis-instrumentu-rinkinys-tooky-toy\/\",\"name\":\"Muzikinis instrument\u0173 rinkinys Tooky toy - Montessori \u017eaislai\",\"isPartOf\":{\"@id\":\"https:\/\/dev.monti.lt\/#website\"},\"primaryImageOfPage\":{\"@id\":\"https:\/\/dev.monti.lt\/product\/muzikinis-instrumentu-rinkinys-tooky-toy\/#primaryimage\"},\"image\":{\"@id\":\"https:\/\/dev.monti.lt\/product\/muzikinis-instrumentu-rinkinys-tooky-toy\/#primaryimage\"},\"thumbnailUrl\":\"https:\/\/dev.monti.lt\/wp-content\/uploads\/2024\/09\/medinis-muzikos-instrumentu-rinkinys-6el-tf567-4-1.jpg\",\"datePublished\":\"2024-09-20T12:53:13+00:00\",\"dateModified\":\"2024-10-01T19:43:10+00:00\",\"breadcrumb\":{\"@id\":\"https:\/\/dev.monti.lt\/product\/muzikinis-instrumentu-rinkinys-tooky-toy\/#breadcrumb\"},\"inLanguage\":\"en-US\",\"potentialAction\":[{\"@type\":\"ReadAction\",\"target\":[\"https:\/\/dev.monti.lt\/product\/muzikinis-instrumentu-rinkinys-tooky-toy\/\"]}]},{\"@type\":\"ImageObject\",\"inLanguage\":\"en-US\",\"@id\":\"https:\/\/dev.monti.lt\/product\/muzikinis-instrumentu-rinkinys-tooky-toy\/#primaryimage\",\"url\":\"https:\/\/dev.monti.lt\/wp-content\/uploads\/2024\/09\/medinis-muzikos-instrumentu-rinkinys-6el-tf567-4-1.jpg\",\"contentUrl\":\"https:\/\/dev.monti.lt\/wp-content\/uploads\/2024\/09\/medinis-muzikos-instrumentu-rinkinys-6el-tf567-4-1.jpg\",\"width\":754,\"height\":754,\"caption\":\"medinis instrumentu rinkinys\"},{\"@type\":\"BreadcrumbList\",\"@id\":\"https:\/\/dev.monti.lt\/product\/muzikinis-instrumentu-rinkinys-tooky-toy\/#breadcrumb\",\"itemListElement\":[{\"@type\":\"ListItem\",\"position\":1,\"name\":\"Home\",\"item\":\"https:\/\/dev.monti.lt\/\"},{\"@type\":\"ListItem\",\"position\":2,\"name\":\"Parduotuv\u0117\",\"item\":\"https:\/\/dev.monti.lt\/shop\/\"},{\"@type\":\"ListItem\",\"position\":3,\"name\":\"Muzikinis instrument\u0173 rinkinys Tooky toy\"}]},{\"@type\":\"WebSite\",\"@id\":\"https:\/\/dev.monti.lt\/#website\",\"url\":\"https:\/\/dev.monti.lt\/\",\"name\":\"Montessori \u017eaislai\",\"description\":\"\",\"publisher\":{\"@id\":\"https:\/\/dev.monti.lt\/#organization\"},\"potentialAction\":[{\"@type\":\"SearchAction\",\"target\":{\"@type\":\"EntryPoint\",\"urlTemplate\":\"https:\/\/dev.monti.lt\/?s={search_term_string}\"},\"query-input\":\"required name=search_term_string\"}],\"inLanguage\":\"en-US\"},{\"@type\":\"Organization\",\"@id\":\"https:\/\/dev.monti.lt\/#organization\",\"name\":\"Montessori \u017eaislai\",\"url\":\"https:\/\/dev.monti.lt\/\",\"logo\":{\"@type\":\"ImageObject\",\"inLanguage\":\"en-US\",\"@id\":\"https:\/\/dev.monti.lt\/#\/schema\/logo\/image\/\",\"url\":\"https:\/\/dev.monti.lt\/wp-content\/uploads\/2022\/03\/montilogo-1.png\",\"contentUrl\":\"https:\/\/dev.monti.lt\/wp-content\/uploads\/2022\/03\/montilogo-1.png\",\"width\":512,\"height\":512,\"caption\":\"Montessori \u017eaislai\"},\"image\":{\"@id\":\"https:\/\/dev.monti.lt\/#\/schema\/logo\/image\/\"}}]}<\/script>\n<!-- \/ Yoast SEO plugin. -->","yoast_head_json":{"title":"Muzikinis instrument\u0173 rinkinys Tooky toy - Montessori \u017eaislai","robots":{"index":"noindex","follow":"follow","max-snippet":"max-snippet:-1","max-image-preview":"max-image-preview:large","max-video-preview":"max-video-preview:-1"},"og_locale":"en_US","og_type":"article","og_title":"Muzikinis instrument\u0173 rinkinys Tooky toy - Montessori \u017eaislai","og_description":"\u0160is medinis muzikos instrument\u0173 rinkinys suteikia \u012fvairi\u0173 sensorini\u0173 stimul\u0173 ir tinka 18 m\u0117nesi\u0173 ir vyresniems vaikams. Rinkin\u012f sudaro tamburinas, du marakasai, fleita ir metalinis garsiakalbis, nuda\u017eyti gra\u017eiomis ir ry\u0161kiomis spalvomis, kurios pabr\u0117\u017eia vaiko \u017evilgsn\u012f ir lavina jo regim\u0105j\u012f suvokim\u0105.Be to, d\u0117l rinkinyje esan\u010di\u0173 muzikos instrument\u0173 \u012fvairov\u0117s vaikui suteikiama galimyb\u0117 suvokti skirtingus kiekvieno muzikos instrumento skleid\u017eiamus [&hellip;]","og_url":"https:\/\/dev.monti.lt\/en\/product\/muzikinis-instrumentu-rinkinys-tooky-toy\/","og_site_name":"Montessori \u017eaislai","article_modified_time":"2024-10-01T19:43:10+00:00","og_image":[{"width":754,"height":754,"url":"https:\/\/dev.monti.lt\/wp-content\/uploads\/2024\/09\/medinis-muzikos-instrumentu-rinkinys-6el-tf567-4-1.jpg","type":"image\/jpeg"}],"twitter_card":"summary_large_image","twitter_misc":{"Est. reading time":"1 minute"},"schema":{"@context":"https:\/\/schema.org","@graph":[{"@type":"WebPage","@id":"https:\/\/dev.monti.lt\/product\/muzikinis-instrumentu-rinkinys-tooky-toy\/","url":"https:\/\/dev.monti.lt\/product\/muzikinis-instrumentu-rinkinys-tooky-toy\/","name":"Muzikinis instrument\u0173 rinkinys Tooky toy - Montessori \u017eaislai","isPartOf":{"@id":"https:\/\/dev.monti.lt\/#website"},"primaryImageOfPage":{"@id":"https:\/\/dev.monti.lt\/product\/muzikinis-instrumentu-rinkinys-tooky-toy\/#primaryimage"},"image":{"@id":"https:\/\/dev.monti.lt\/product\/muzikinis-instrumentu-rinkinys-tooky-toy\/#primaryimage"},"thumbnailUrl":"https:\/\/dev.monti.lt\/wp-content\/uploads\/2024\/09\/medinis-muzikos-instrumentu-rinkinys-6el-tf567-4-1.jpg","datePublished":"2024-09-20T12:53:13+00:00","dateModified":"2024-10-01T19:43:10+00:00","breadcrumb":{"@id":"https:\/\/dev.monti.lt\/product\/muzikinis-instrumentu-rinkinys-tooky-toy\/#breadcrumb"},"inLanguage":"en-US","potentialAction":[{"@type":"ReadAction","target":["https:\/\/dev.monti.lt\/product\/muzikinis-instrumentu-rinkinys-tooky-toy\/"]}]},{"@type":"ImageObject","inLanguage":"en-US","@id":"https:\/\/dev.monti.lt\/product\/muzikinis-instrumentu-rinkinys-tooky-toy\/#primaryimage","url":"https:\/\/dev.monti.lt\/wp-content\/uploads\/2024\/09\/medinis-muzikos-instrumentu-rinkinys-6el-tf567-4-1.jpg","contentUrl":"https:\/\/dev.monti.lt\/wp-content\/uploads\/2024\/09\/medinis-muzikos-instrumentu-rinkinys-6el-tf567-4-1.jpg","width":754,"height":754,"caption":"medinis instrumentu rinkinys"},{"@type":"BreadcrumbList","@id":"https:\/\/dev.monti.lt\/product\/muzikinis-instrumentu-rinkinys-tooky-toy\/#breadcrumb","itemListElement":[{"@type":"ListItem","position":1,"name":"Home","item":"https:\/\/dev.monti.lt\/"},{"@type":"ListItem","position":2,"name":"Parduotuv\u0117","item":"https:\/\/dev.monti.lt\/shop\/"},{"@type":"ListItem","position":3,"name":"Muzikinis instrument\u0173 rinkinys Tooky toy"}]},{"@type":"WebSite","@id":"https:\/\/dev.monti.lt\/#website","url":"https:\/\/dev.monti.lt\/","name":"Montessori \u017eaislai","description":"","publisher":{"@id":"https:\/\/dev.monti.lt\/#organization"},"potentialAction":[{"@type":"SearchAction","target":{"@type":"EntryPoint","urlTemplate":"https:\/\/dev.monti.lt\/?s={search_term_string}"},"query-input":"required name=search_term_string"}],"inLanguage":"en-US"},{"@type":"Organization","@id":"https:\/\/dev.monti.lt\/#organization","name":"Montessori \u017eaislai","url":"https:\/\/dev.monti.lt\/","logo":{"@type":"ImageObject","inLanguage":"en-US","@id":"https:\/\/dev.monti.lt\/#\/schema\/logo\/image\/","url":"https:\/\/dev.monti.lt\/wp-content\/uploads\/2022\/03\/montilogo-1.png","contentUrl":"https:\/\/dev.monti.lt\/wp-content\/uploads\/2022\/03\/montilogo-1.png","width":512,"height":512,"caption":"Montessori \u017eaislai"},"image":{"@id":"https:\/\/dev.monti.lt\/#\/schema\/logo\/image\/"}}]}},"_links":{"self":[{"href":"https:\/\/dev.monti.lt\/en\/wp-json\/wp\/v2\/product\/25138"}],"collection":[{"href":"https:\/\/dev.monti.lt\/en\/wp-json\/wp\/v2\/product"}],"about":[{"href":"https:\/\/dev.monti.lt\/en\/wp-json\/wp\/v2\/types\/product"}],"version-history":[{"count":1,"href":"https:\/\/dev.monti.lt\/en\/wp-json\/wp\/v2\/product\/25138\/revisions"}],"predecessor-version":[{"id":25145,"href":"https:\/\/dev.monti.lt\/en\/wp-json\/wp\/v2\/product\/25138\/revisions\/25145"}],"wp:featuredmedia":[{"embeddable":true,"href":"https:\/\/dev.monti.lt\/en\/wp-json\/wp\/v2\/media\/25139"}],"wp:attachment":[{"href":"https:\/\/dev.monti.lt\/en\/wp-json\/wp\/v2\/media?parent=25138"}],"wp:term":[{"taxonomy":"product_cat","embeddable":true,"href":"https:\/\/dev.monti.lt\/en\/wp-json\/wp\/v2\/product_cat?post=25138"},{"taxonomy":"product_tag","embeddable":true,"href":"https:\/\/dev.monti.lt\/en\/wp-json\/wp\/v2\/product_tag?post=25138"}],"curies":[{"name":"wp","href":"https:\/\/api.w.org\/{rel}","templated":true}]}}