{"id":25129,"date":"2024-09-20T12:41:05","date_gmt":"2024-09-20T12:41:05","guid":{"rendered":"https:\/\/dev.monti.lt\/?post_type=product&#038;p=25129"},"modified":"2024-09-23T12:36:24","modified_gmt":"2024-09-23T12:36:24","slug":"stalo-zaidimas-vovere","status":"publish","type":"product","link":"https:\/\/dev.monti.lt\/en\/product\/stalo-zaidimas-vovere\/","title":{"rendered":"Stalo \u017eaidimas vover\u0117"},"content":{"rendered":"<p><strong>\u201eTooky Toy\u201c<\/strong>&nbsp;prek\u0117s \u017eenklo&nbsp;stalo \u017eaidimas&nbsp;<strong>\u201eSquirrel in the Orchard\u201c<\/strong>&nbsp;pasi\u017eymi paprastomis taisykl\u0117mis ir gra\u017eiu apdirbimu.&nbsp;<strong>\u0160eimos \u017eaidimas<\/strong>&nbsp;, kuriame visi \u017eaid\u0117jai bando kartu surinkti vaisi\u0173, kol vover\u0117 j\u012f pasiekia. Jei ant kauliuko metamas vaisius, \u017eaid\u0117jas \u012fdeda \u0161\u012f vaisi\u0173 nuo med\u017eio \u012f krep\u0161\u012f. Ta\u010diau jei ant kubo yra voverait\u0117, vaisius i\u0161 krep\u0161elio perkeliame \u012f med\u012f. \u017daisdami vaikai lavina susikaupim\u0105, d\u0117mes\u012f ir kantryb\u0119. \u017daiskite ir pa\u017ei\u016br\u0117kite, ar pavyks surinkti visus vaisius, kol vover\u0117 j\u0173 nepasieks.<strong><\/strong><strong><\/strong><\/p><p><strong>Charakteristika:<\/strong><\/p><ul class=\"wp-block-list\"><li>&#8211; \u017eaidimas tinka vaikams\u00a0<strong>nuo 18 m\u0117nesi\u0173 am\u017eiaus<\/strong><\/li>\n\n<li>&#8211; rinkin\u012f sudaro\u00a0<strong>29 vnt.<\/strong><\/li>\n\n<li>&#8211; vover\u0117s fig\u016br\u0117l\u0117<\/li>\n\n<li>&#8211; 12 vaisi\u0173 gabal\u0117li\u0173<\/li>\n\n<li>&#8211; 4 vnt<\/li>\n\n<li>&#8211; vaisi\u0173 krep\u0161elis<\/li>\n\n<li>&#8211; kauliukai su vaisi\u0173 ir vover\u0117s nuotraukomis<\/li>\n\n<li>&#8211; med\u017eio formos \u017eaidimo lenta<\/li><\/ul><p><strong>\u017daislas vysto:<\/strong><\/p><ul class=\"wp-block-list\"><li>&#8211; smulkioji motorika<\/li>\n\n<li>&#8211; aki\u0173-rank\u0173 koordinacija<\/li>\n\n<li>&#8211; koncentracija<\/li>\n\n<li>&#8211; loginis m\u0105stymas<\/li>\n\n<li>&#8211; spalv\u0173 atpa\u017einimas<\/li>\n\n<li>&#8211; bendravimo \u012fg\u016bd\u017eiai<\/li><\/ul>","protected":false},"excerpt":{"rendered":"<p>\u201eTooky Toy\u201c&nbsp;prek\u0117s \u017eenklo&nbsp;stalo \u017eaidimas&nbsp;\u201eSquirrel in the Orchard\u201c&nbsp;pasi\u017eymi paprastomis taisykl\u0117mis ir gra\u017eiu apdirbimu.&nbsp;\u0160eimos \u017eaidimas&nbsp;, kuriame visi \u017eaid\u0117jai bando kartu surinkti vaisi\u0173, kol vover\u0117 j\u012f pasiekia. Jei ant kauliuko metamas vaisius, \u017eaid\u0117jas \u012fdeda \u0161\u012f vaisi\u0173 nuo med\u017eio \u012f krep\u0161\u012f. Ta\u010diau jei ant kubo yra voverait\u0117, vaisius i\u0161 krep\u0161elio perkeliame \u012f med\u012f. \u017daisdami vaikai lavina susikaupim\u0105, d\u0117mes\u012f ir [&hellip;]<\/p>","protected":false},"featured_media":25130,"template":"","meta":{"iawp_total_views":27},"product_cat":[193,194,195,191,192,84,91,102,90,50,49,39],"product_tag":[95,96,97],"class_list":{"0":"post-25129","1":"product","2":"type-product","3":"status-publish","4":"has-post-thumbnail","6":"product_cat-dovanos-vaikams-1-2-metu","7":"product_cat-dovanos-vaikams-2-3-metu","8":"product_cat-dovanos-vaikams-3-4-metu","9":"product_cat-dovanos-vaikams","10":"product_cat-kaledines-dovanos-vaikams","11":"product_cat-lavinamieji-zaislai","12":"product_cat-loginiam-mastymui","13":"product_cat-mediniai-zaislai","14":"product_cat-pasaulio-pazinimas","15":"product_cat-top-dovanos","16":"product_cat-visi-zaislai","17":"product_cat-zaislai","18":"product_tag-1-m-2-m","19":"product_tag-2-m-3-m","20":"product_tag-3-m-4-m","22":"first","23":"instock","24":"taxable","25":"shipping-taxable","26":"purchasable","27":"product-type-simple"},"yoast_head":"<!-- This site is optimized with the Yoast SEO plugin v23.3 - https:\/\/yoast.com\/wordpress\/plugins\/seo\/ -->\n<title>Stalo \u017eaidimas vover\u0117 - Montessori \u017eaislai<\/title>\n<meta name=\"robots\" content=\"noindex, follow, max-snippet:-1, max-image-preview:large, max-video-preview:-1\" \/>\n<meta property=\"og:locale\" content=\"en_US\" \/>\n<meta property=\"og:type\" content=\"article\" \/>\n<meta property=\"og:title\" content=\"Stalo \u017eaidimas vover\u0117 - Montessori \u017eaislai\" \/>\n<meta property=\"og:description\" content=\"\u201eTooky Toy\u201c&nbsp;prek\u0117s \u017eenklo&nbsp;stalo \u017eaidimas&nbsp;\u201eSquirrel in the Orchard\u201c&nbsp;pasi\u017eymi paprastomis taisykl\u0117mis ir gra\u017eiu apdirbimu.&nbsp;\u0160eimos \u017eaidimas&nbsp;, kuriame visi \u017eaid\u0117jai bando kartu surinkti vaisi\u0173, kol vover\u0117 j\u012f pasiekia. Jei ant kauliuko metamas vaisius, \u017eaid\u0117jas \u012fdeda \u0161\u012f vaisi\u0173 nuo med\u017eio \u012f krep\u0161\u012f. Ta\u010diau jei ant kubo yra voverait\u0117, vaisius i\u0161 krep\u0161elio perkeliame \u012f med\u012f. \u017daisdami vaikai lavina susikaupim\u0105, d\u0117mes\u012f ir [&hellip;]\" \/>\n<meta property=\"og:url\" content=\"https:\/\/dev.monti.lt\/en\/product\/stalo-zaidimas-vovere\/\" \/>\n<meta property=\"og:site_name\" content=\"Montessori \u017eaislai\" \/>\n<meta property=\"article:modified_time\" content=\"2024-09-23T12:36:24+00:00\" \/>\n<meta property=\"og:image\" content=\"https:\/\/dev.monti.lt\/wp-content\/uploads\/2024\/09\/tooky-toy-wiewiorka-w-sadzie-gra-planszowa-rodzinna.jpg\" \/>\n\t<meta property=\"og:image:width\" content=\"800\" \/>\n\t<meta property=\"og:image:height\" content=\"800\" \/>\n\t<meta property=\"og:image:type\" content=\"image\/jpeg\" \/>\n<meta name=\"twitter:card\" content=\"summary_large_image\" \/>\n<meta name=\"twitter:label1\" content=\"Est. reading time\" \/>\n\t<meta name=\"twitter:data1\" content=\"1 minute\" \/>\n<script type=\"application\/ld+json\" class=\"yoast-schema-graph\">{\"@context\":\"https:\/\/schema.org\",\"@graph\":[{\"@type\":\"WebPage\",\"@id\":\"https:\/\/dev.monti.lt\/product\/stalo-zaidimas-vovere\/\",\"url\":\"https:\/\/dev.monti.lt\/product\/stalo-zaidimas-vovere\/\",\"name\":\"Stalo \u017eaidimas vover\u0117 - Montessori \u017eaislai\",\"isPartOf\":{\"@id\":\"https:\/\/dev.monti.lt\/#website\"},\"primaryImageOfPage\":{\"@id\":\"https:\/\/dev.monti.lt\/product\/stalo-zaidimas-vovere\/#primaryimage\"},\"image\":{\"@id\":\"https:\/\/dev.monti.lt\/product\/stalo-zaidimas-vovere\/#primaryimage\"},\"thumbnailUrl\":\"https:\/\/dev.monti.lt\/wp-content\/uploads\/2024\/09\/tooky-toy-wiewiorka-w-sadzie-gra-planszowa-rodzinna.jpg\",\"datePublished\":\"2024-09-20T12:41:05+00:00\",\"dateModified\":\"2024-09-23T12:36:24+00:00\",\"breadcrumb\":{\"@id\":\"https:\/\/dev.monti.lt\/product\/stalo-zaidimas-vovere\/#breadcrumb\"},\"inLanguage\":\"en-US\",\"potentialAction\":[{\"@type\":\"ReadAction\",\"target\":[\"https:\/\/dev.monti.lt\/product\/stalo-zaidimas-vovere\/\"]}]},{\"@type\":\"ImageObject\",\"inLanguage\":\"en-US\",\"@id\":\"https:\/\/dev.monti.lt\/product\/stalo-zaidimas-vovere\/#primaryimage\",\"url\":\"https:\/\/dev.monti.lt\/wp-content\/uploads\/2024\/09\/tooky-toy-wiewiorka-w-sadzie-gra-planszowa-rodzinna.jpg\",\"contentUrl\":\"https:\/\/dev.monti.lt\/wp-content\/uploads\/2024\/09\/tooky-toy-wiewiorka-w-sadzie-gra-planszowa-rodzinna.jpg\",\"width\":800,\"height\":800,\"caption\":\"tooky toy stalo \u017eaidimas\"},{\"@type\":\"BreadcrumbList\",\"@id\":\"https:\/\/dev.monti.lt\/product\/stalo-zaidimas-vovere\/#breadcrumb\",\"itemListElement\":[{\"@type\":\"ListItem\",\"position\":1,\"name\":\"Home\",\"item\":\"https:\/\/dev.monti.lt\/\"},{\"@type\":\"ListItem\",\"position\":2,\"name\":\"Parduotuv\u0117\",\"item\":\"https:\/\/dev.monti.lt\/shop\/\"},{\"@type\":\"ListItem\",\"position\":3,\"name\":\"Stalo \u017eaidimas vover\u0117\"}]},{\"@type\":\"WebSite\",\"@id\":\"https:\/\/dev.monti.lt\/#website\",\"url\":\"https:\/\/dev.monti.lt\/\",\"name\":\"Montessori \u017eaislai\",\"description\":\"\",\"publisher\":{\"@id\":\"https:\/\/dev.monti.lt\/#organization\"},\"potentialAction\":[{\"@type\":\"SearchAction\",\"target\":{\"@type\":\"EntryPoint\",\"urlTemplate\":\"https:\/\/dev.monti.lt\/?s={search_term_string}\"},\"query-input\":\"required name=search_term_string\"}],\"inLanguage\":\"en-US\"},{\"@type\":\"Organization\",\"@id\":\"https:\/\/dev.monti.lt\/#organization\",\"name\":\"Montessori \u017eaislai\",\"url\":\"https:\/\/dev.monti.lt\/\",\"logo\":{\"@type\":\"ImageObject\",\"inLanguage\":\"en-US\",\"@id\":\"https:\/\/dev.monti.lt\/#\/schema\/logo\/image\/\",\"url\":\"https:\/\/dev.monti.lt\/wp-content\/uploads\/2022\/03\/montilogo-1.png\",\"contentUrl\":\"https:\/\/dev.monti.lt\/wp-content\/uploads\/2022\/03\/montilogo-1.png\",\"width\":512,\"height\":512,\"caption\":\"Montessori \u017eaislai\"},\"image\":{\"@id\":\"https:\/\/dev.monti.lt\/#\/schema\/logo\/image\/\"}}]}<\/script>\n<!-- \/ Yoast SEO plugin. -->","yoast_head_json":{"title":"Stalo \u017eaidimas vover\u0117 - Montessori \u017eaislai","robots":{"index":"noindex","follow":"follow","max-snippet":"max-snippet:-1","max-image-preview":"max-image-preview:large","max-video-preview":"max-video-preview:-1"},"og_locale":"en_US","og_type":"article","og_title":"Stalo \u017eaidimas vover\u0117 - Montessori \u017eaislai","og_description":"\u201eTooky Toy\u201c&nbsp;prek\u0117s \u017eenklo&nbsp;stalo \u017eaidimas&nbsp;\u201eSquirrel in the Orchard\u201c&nbsp;pasi\u017eymi paprastomis taisykl\u0117mis ir gra\u017eiu apdirbimu.&nbsp;\u0160eimos \u017eaidimas&nbsp;, kuriame visi \u017eaid\u0117jai bando kartu surinkti vaisi\u0173, kol vover\u0117 j\u012f pasiekia. Jei ant kauliuko metamas vaisius, \u017eaid\u0117jas \u012fdeda \u0161\u012f vaisi\u0173 nuo med\u017eio \u012f krep\u0161\u012f. Ta\u010diau jei ant kubo yra voverait\u0117, vaisius i\u0161 krep\u0161elio perkeliame \u012f med\u012f. \u017daisdami vaikai lavina susikaupim\u0105, d\u0117mes\u012f ir [&hellip;]","og_url":"https:\/\/dev.monti.lt\/en\/product\/stalo-zaidimas-vovere\/","og_site_name":"Montessori \u017eaislai","article_modified_time":"2024-09-23T12:36:24+00:00","og_image":[{"width":800,"height":800,"url":"https:\/\/dev.monti.lt\/wp-content\/uploads\/2024\/09\/tooky-toy-wiewiorka-w-sadzie-gra-planszowa-rodzinna.jpg","type":"image\/jpeg"}],"twitter_card":"summary_large_image","twitter_misc":{"Est. reading time":"1 minute"},"schema":{"@context":"https:\/\/schema.org","@graph":[{"@type":"WebPage","@id":"https:\/\/dev.monti.lt\/product\/stalo-zaidimas-vovere\/","url":"https:\/\/dev.monti.lt\/product\/stalo-zaidimas-vovere\/","name":"Stalo \u017eaidimas vover\u0117 - Montessori \u017eaislai","isPartOf":{"@id":"https:\/\/dev.monti.lt\/#website"},"primaryImageOfPage":{"@id":"https:\/\/dev.monti.lt\/product\/stalo-zaidimas-vovere\/#primaryimage"},"image":{"@id":"https:\/\/dev.monti.lt\/product\/stalo-zaidimas-vovere\/#primaryimage"},"thumbnailUrl":"https:\/\/dev.monti.lt\/wp-content\/uploads\/2024\/09\/tooky-toy-wiewiorka-w-sadzie-gra-planszowa-rodzinna.jpg","datePublished":"2024-09-20T12:41:05+00:00","dateModified":"2024-09-23T12:36:24+00:00","breadcrumb":{"@id":"https:\/\/dev.monti.lt\/product\/stalo-zaidimas-vovere\/#breadcrumb"},"inLanguage":"en-US","potentialAction":[{"@type":"ReadAction","target":["https:\/\/dev.monti.lt\/product\/stalo-zaidimas-vovere\/"]}]},{"@type":"ImageObject","inLanguage":"en-US","@id":"https:\/\/dev.monti.lt\/product\/stalo-zaidimas-vovere\/#primaryimage","url":"https:\/\/dev.monti.lt\/wp-content\/uploads\/2024\/09\/tooky-toy-wiewiorka-w-sadzie-gra-planszowa-rodzinna.jpg","contentUrl":"https:\/\/dev.monti.lt\/wp-content\/uploads\/2024\/09\/tooky-toy-wiewiorka-w-sadzie-gra-planszowa-rodzinna.jpg","width":800,"height":800,"caption":"tooky toy stalo \u017eaidimas"},{"@type":"BreadcrumbList","@id":"https:\/\/dev.monti.lt\/product\/stalo-zaidimas-vovere\/#breadcrumb","itemListElement":[{"@type":"ListItem","position":1,"name":"Home","item":"https:\/\/dev.monti.lt\/"},{"@type":"ListItem","position":2,"name":"Parduotuv\u0117","item":"https:\/\/dev.monti.lt\/shop\/"},{"@type":"ListItem","position":3,"name":"Stalo \u017eaidimas vover\u0117"}]},{"@type":"WebSite","@id":"https:\/\/dev.monti.lt\/#website","url":"https:\/\/dev.monti.lt\/","name":"Montessori \u017eaislai","description":"","publisher":{"@id":"https:\/\/dev.monti.lt\/#organization"},"potentialAction":[{"@type":"SearchAction","target":{"@type":"EntryPoint","urlTemplate":"https:\/\/dev.monti.lt\/?s={search_term_string}"},"query-input":"required name=search_term_string"}],"inLanguage":"en-US"},{"@type":"Organization","@id":"https:\/\/dev.monti.lt\/#organization","name":"Montessori \u017eaislai","url":"https:\/\/dev.monti.lt\/","logo":{"@type":"ImageObject","inLanguage":"en-US","@id":"https:\/\/dev.monti.lt\/#\/schema\/logo\/image\/","url":"https:\/\/dev.monti.lt\/wp-content\/uploads\/2022\/03\/montilogo-1.png","contentUrl":"https:\/\/dev.monti.lt\/wp-content\/uploads\/2022\/03\/montilogo-1.png","width":512,"height":512,"caption":"Montessori \u017eaislai"},"image":{"@id":"https:\/\/dev.monti.lt\/#\/schema\/logo\/image\/"}}]}},"_links":{"self":[{"href":"https:\/\/dev.monti.lt\/en\/wp-json\/wp\/v2\/product\/25129"}],"collection":[{"href":"https:\/\/dev.monti.lt\/en\/wp-json\/wp\/v2\/product"}],"about":[{"href":"https:\/\/dev.monti.lt\/en\/wp-json\/wp\/v2\/types\/product"}],"version-history":[{"count":1,"href":"https:\/\/dev.monti.lt\/en\/wp-json\/wp\/v2\/product\/25129\/revisions"}],"predecessor-version":[{"id":25137,"href":"https:\/\/dev.monti.lt\/en\/wp-json\/wp\/v2\/product\/25129\/revisions\/25137"}],"wp:featuredmedia":[{"embeddable":true,"href":"https:\/\/dev.monti.lt\/en\/wp-json\/wp\/v2\/media\/25130"}],"wp:attachment":[{"href":"https:\/\/dev.monti.lt\/en\/wp-json\/wp\/v2\/media?parent=25129"}],"wp:term":[{"taxonomy":"product_cat","embeddable":true,"href":"https:\/\/dev.monti.lt\/en\/wp-json\/wp\/v2\/product_cat?post=25129"},{"taxonomy":"product_tag","embeddable":true,"href":"https:\/\/dev.monti.lt\/en\/wp-json\/wp\/v2\/product_tag?post=25129"}],"curies":[{"name":"wp","href":"https:\/\/api.w.org\/{rel}","templated":true}]}}