{"id":25118,"date":"2024-09-20T12:35:27","date_gmt":"2024-09-20T12:35:27","guid":{"rendered":"https:\/\/dev.monti.lt\/?post_type=product&#038;p=25118"},"modified":"2024-10-07T09:30:08","modified_gmt":"2024-10-07T09:30:08","slug":"medine-gitara-ukulele","status":"publish","type":"product","link":"https:\/\/dev.monti.lt\/en\/product\/medine-gitara-ukulele\/","title":{"rendered":"Medin\u0117 gitara-ukul\u0117l\u0117"},"content":{"rendered":"<p><strong>Medin\u0117&nbsp;<\/strong><strong>Tooky Toy<\/strong>&nbsp;prek\u0117s \u017eenklo Ukulele&nbsp;yra pirmasis muzikos instrumentas vaikams. Puikus produktas, skirtas i\u0161bandyti vaik\u0173 pirm\u0105j\u012f susi\u017eav\u0117jim\u0105 muzikos pasauliu. Ma\u017eieji pir\u0161teliai treniruojasi ant grifos, o tai \u017eymiai pagerina&nbsp;&nbsp;<strong>rank\u0173 miklum\u0105<\/strong>&nbsp;ir moko&nbsp;<strong>&nbsp;susikaupti<\/strong>&nbsp;&nbsp;bei&nbsp;&nbsp;<strong>atkaklumo.<\/strong>&nbsp;&nbsp;Puikiai imituoja tikr\u0105 instrument\u0105.<strong><\/strong><strong><\/strong><strong><\/strong><strong><\/strong><strong><\/strong><\/p><p><strong>Charakteristika:<\/strong><\/p><ul class=\"wp-block-list\"><li>&#8211;\u00a0<strong>medin\u0117 ukulel\u0117<\/strong>\u00a0i\u0161 garsaus\u00a0<strong>Tooky Toy<\/strong>\u00a0prek\u0117s \u017eenklo jauniesiems muzikantams,<\/li>\n\n<li>&#8211; instrumentas leid\u017eia \u012fvaldyti pirmuosius akordus ir, turint \u0161iek tiek kantryb\u0117s bei fantazijos, sugroti nam\u0173 koncert\u0105,<\/li>\n\n<li><strong>&#8211;<\/strong>\u00a0skleid\u017eia prislopint\u0105 ir ne per gars\u0173 gars\u0105,\u00a0<strong>saug\u0173\u00a0<\/strong><strong>vaiko<\/strong>\u00a0klausai\u00a0,<\/li>\n\n<li>&#8211; pad\u0117s ugdyti\u00a0j\u016bs\u0173 vaiko\u00a0<strong>\u00a0muzikin\u012f talent\u0105 ,<\/strong><\/li>\n\n<li>&#8211; viskas pagaminta i\u0161\u00a0<strong>patvarios<\/strong>\u00a0med\u017eiagos,<\/li>\n\n<li>&#8211; da\u017eyti\u00a0<strong>netoksi\u0161kais<\/strong>\u00a0da\u017eais.<\/li><\/ul><p><strong>\u017daislas vysto:<\/strong><\/p><ul class=\"wp-block-list\"><li>&#8211; klausos poj\u016btis,<\/li>\n\n<li>&#8211; pa\u017eintiniai geb\u0117jimai,<\/li>\n\n<li>&#8211; k\u016brybi\u0161kumas,<\/li>\n\n<li>&#8211; jautrumas muzikai,<\/li>\n\n<li>&#8211; vaizduot\u0117.<\/li><\/ul><p><strong>Tooky Toy<\/strong>&nbsp;\u2013 medinius \u017eaislus vaikams gaminanti \u012fmon\u0117, rinkoje esanti nuo 2004 m. Keli\u0173 met\u0173 patirtis pramon\u0117je yra auk\u0161tos kokyb\u0117s gamini\u0173, pagamint\u0173 atsi\u017evelgiant \u012f vaik\u0173 saugum\u0105, garantija.<strong>&nbsp;Tooky Toy<\/strong>&nbsp;\u017eaislaituri daugyb\u0119 sertifikat\u0173, patvirtinan\u010di\u0173 \u0161i\u0173 ekologi\u0161k\u0173 gamini\u0173 saugum\u0105. Gerai i\u0161lyginti, be atplai\u0161\u0173 ir a\u0161tri\u0173 briaun\u0173, \u017eaislai padengti tik saugiais, netoksi\u0161kais da\u017eais, da\u017eais ir lakais. D\u0117l viso to<strong>&nbsp;Tooky Toy<\/strong>&nbsp;\u017eaislus m\u0117gsta vaikai ir vertina t\u0117vai visame pasaulyje.<\/p>","protected":false},"excerpt":{"rendered":"<p>Medin\u0117&nbsp;Tooky Toy&nbsp;prek\u0117s \u017eenklo Ukulele&nbsp;yra pirmasis muzikos instrumentas vaikams. Puikus produktas, skirtas i\u0161bandyti vaik\u0173 pirm\u0105j\u012f susi\u017eav\u0117jim\u0105 muzikos pasauliu. Ma\u017eieji pir\u0161teliai treniruojasi ant grifos, o tai \u017eymiai pagerina&nbsp;&nbsp;rank\u0173 miklum\u0105&nbsp;ir moko&nbsp;&nbsp;susikaupti&nbsp;&nbsp;bei&nbsp;&nbsp;atkaklumo.&nbsp;&nbsp;Puikiai imituoja tikr\u0105 instrument\u0105. Charakteristika: \u017daislas vysto: Tooky Toy&nbsp;\u2013 medinius \u017eaislus vaikams gaminanti \u012fmon\u0117, rinkoje esanti nuo 2004 m. Keli\u0173 met\u0173 patirtis pramon\u0117je yra auk\u0161tos kokyb\u0117s gamini\u0173, pagamint\u0173 [&hellip;]<\/p>","protected":false},"featured_media":25119,"template":"","meta":{"iawp_total_views":21},"product_cat":[213,194,195,216,217,191,82,192,84,102,85,50,49,39],"product_tag":[95,96,97,98],"class_list":{"0":"post-25118","1":"product","2":"type-product","3":"status-publish","4":"has-post-thumbnail","6":"product_cat-akcija","7":"product_cat-dovanos-vaikams-2-3-metu","8":"product_cat-dovanos-vaikams-3-4-metu","9":"product_cat-dovanos-4-5-metu-vaikams","10":"product_cat-dovanos-5-7-metu-vaikams","11":"product_cat-dovanos-vaikams","12":"product_cat-ispardavimas","13":"product_cat-kaledines-dovanos-vaikams","14":"product_cat-lavinamieji-zaislai","15":"product_cat-mediniai-zaislai","16":"product_cat-muzikiniai-zaislai","17":"product_cat-top-dovanos","18":"product_cat-visi-zaislai","19":"product_cat-zaislai","20":"product_tag-1-m-2-m","21":"product_tag-2-m-3-m","22":"product_tag-3-m-4-m","23":"product_tag-5-m-7-m","25":"first","26":"instock","27":"sale","28":"taxable","29":"shipping-taxable","30":"purchasable","31":"product-type-simple"},"yoast_head":"<!-- This site is optimized with the Yoast SEO plugin v23.3 - https:\/\/yoast.com\/wordpress\/plugins\/seo\/ -->\n<title>Medin\u0117 gitara-ukul\u0117l\u0117 - Montessori \u017eaislai<\/title>\n<meta name=\"robots\" content=\"noindex, follow, max-snippet:-1, max-image-preview:large, max-video-preview:-1\" \/>\n<meta property=\"og:locale\" content=\"en_US\" \/>\n<meta property=\"og:type\" content=\"article\" \/>\n<meta property=\"og:title\" content=\"Medin\u0117 gitara-ukul\u0117l\u0117 - Montessori \u017eaislai\" \/>\n<meta property=\"og:description\" content=\"Medin\u0117&nbsp;Tooky Toy&nbsp;prek\u0117s \u017eenklo Ukulele&nbsp;yra pirmasis muzikos instrumentas vaikams. Puikus produktas, skirtas i\u0161bandyti vaik\u0173 pirm\u0105j\u012f susi\u017eav\u0117jim\u0105 muzikos pasauliu. Ma\u017eieji pir\u0161teliai treniruojasi ant grifos, o tai \u017eymiai pagerina&nbsp;&nbsp;rank\u0173 miklum\u0105&nbsp;ir moko&nbsp;&nbsp;susikaupti&nbsp;&nbsp;bei&nbsp;&nbsp;atkaklumo.&nbsp;&nbsp;Puikiai imituoja tikr\u0105 instrument\u0105. Charakteristika: \u017daislas vysto: Tooky Toy&nbsp;\u2013 medinius \u017eaislus vaikams gaminanti \u012fmon\u0117, rinkoje esanti nuo 2004 m. Keli\u0173 met\u0173 patirtis pramon\u0117je yra auk\u0161tos kokyb\u0117s gamini\u0173, pagamint\u0173 [&hellip;]\" \/>\n<meta property=\"og:url\" content=\"https:\/\/dev.monti.lt\/en\/product\/medine-gitara-ukulele\/\" \/>\n<meta property=\"og:site_name\" content=\"Montessori \u017eaislai\" \/>\n<meta property=\"article:modified_time\" content=\"2024-10-07T09:30:08+00:00\" \/>\n<meta property=\"og:image\" content=\"https:\/\/dev.monti.lt\/wp-content\/uploads\/2024\/09\/tooky-toy-drewniane-ukulele-gitara-dla-dzieci-3.jpg\" \/>\n\t<meta property=\"og:image:width\" content=\"800\" \/>\n\t<meta property=\"og:image:height\" content=\"800\" \/>\n\t<meta property=\"og:image:type\" content=\"image\/jpeg\" \/>\n<meta name=\"twitter:card\" content=\"summary_large_image\" \/>\n<meta name=\"twitter:label1\" content=\"Est. reading time\" \/>\n\t<meta name=\"twitter:data1\" content=\"2 minutes\" \/>\n<script type=\"application\/ld+json\" class=\"yoast-schema-graph\">{\"@context\":\"https:\/\/schema.org\",\"@graph\":[{\"@type\":\"WebPage\",\"@id\":\"https:\/\/dev.monti.lt\/product\/medine-gitara-ukulele\/\",\"url\":\"https:\/\/dev.monti.lt\/product\/medine-gitara-ukulele\/\",\"name\":\"Medin\u0117 gitara-ukul\u0117l\u0117 - Montessori \u017eaislai\",\"isPartOf\":{\"@id\":\"https:\/\/dev.monti.lt\/#website\"},\"primaryImageOfPage\":{\"@id\":\"https:\/\/dev.monti.lt\/product\/medine-gitara-ukulele\/#primaryimage\"},\"image\":{\"@id\":\"https:\/\/dev.monti.lt\/product\/medine-gitara-ukulele\/#primaryimage\"},\"thumbnailUrl\":\"https:\/\/dev.monti.lt\/wp-content\/uploads\/2024\/09\/tooky-toy-drewniane-ukulele-gitara-dla-dzieci-3.jpg\",\"datePublished\":\"2024-09-20T12:35:27+00:00\",\"dateModified\":\"2024-10-07T09:30:08+00:00\",\"breadcrumb\":{\"@id\":\"https:\/\/dev.monti.lt\/product\/medine-gitara-ukulele\/#breadcrumb\"},\"inLanguage\":\"en-US\",\"potentialAction\":[{\"@type\":\"ReadAction\",\"target\":[\"https:\/\/dev.monti.lt\/product\/medine-gitara-ukulele\/\"]}]},{\"@type\":\"ImageObject\",\"inLanguage\":\"en-US\",\"@id\":\"https:\/\/dev.monti.lt\/product\/medine-gitara-ukulele\/#primaryimage\",\"url\":\"https:\/\/dev.monti.lt\/wp-content\/uploads\/2024\/09\/tooky-toy-drewniane-ukulele-gitara-dla-dzieci-3.jpg\",\"contentUrl\":\"https:\/\/dev.monti.lt\/wp-content\/uploads\/2024\/09\/tooky-toy-drewniane-ukulele-gitara-dla-dzieci-3.jpg\",\"width\":800,\"height\":800,\"caption\":\"medine gitara\"},{\"@type\":\"BreadcrumbList\",\"@id\":\"https:\/\/dev.monti.lt\/product\/medine-gitara-ukulele\/#breadcrumb\",\"itemListElement\":[{\"@type\":\"ListItem\",\"position\":1,\"name\":\"Home\",\"item\":\"https:\/\/dev.monti.lt\/\"},{\"@type\":\"ListItem\",\"position\":2,\"name\":\"Parduotuv\u0117\",\"item\":\"https:\/\/dev.monti.lt\/shop\/\"},{\"@type\":\"ListItem\",\"position\":3,\"name\":\"Medin\u0117 gitara-ukul\u0117l\u0117\"}]},{\"@type\":\"WebSite\",\"@id\":\"https:\/\/dev.monti.lt\/#website\",\"url\":\"https:\/\/dev.monti.lt\/\",\"name\":\"Montessori \u017eaislai\",\"description\":\"\",\"publisher\":{\"@id\":\"https:\/\/dev.monti.lt\/#organization\"},\"potentialAction\":[{\"@type\":\"SearchAction\",\"target\":{\"@type\":\"EntryPoint\",\"urlTemplate\":\"https:\/\/dev.monti.lt\/?s={search_term_string}\"},\"query-input\":\"required name=search_term_string\"}],\"inLanguage\":\"en-US\"},{\"@type\":\"Organization\",\"@id\":\"https:\/\/dev.monti.lt\/#organization\",\"name\":\"Montessori \u017eaislai\",\"url\":\"https:\/\/dev.monti.lt\/\",\"logo\":{\"@type\":\"ImageObject\",\"inLanguage\":\"en-US\",\"@id\":\"https:\/\/dev.monti.lt\/#\/schema\/logo\/image\/\",\"url\":\"https:\/\/dev.monti.lt\/wp-content\/uploads\/2022\/03\/montilogo-1.png\",\"contentUrl\":\"https:\/\/dev.monti.lt\/wp-content\/uploads\/2022\/03\/montilogo-1.png\",\"width\":512,\"height\":512,\"caption\":\"Montessori \u017eaislai\"},\"image\":{\"@id\":\"https:\/\/dev.monti.lt\/#\/schema\/logo\/image\/\"}}]}<\/script>\n<!-- \/ Yoast SEO plugin. -->","yoast_head_json":{"title":"Medin\u0117 gitara-ukul\u0117l\u0117 - Montessori \u017eaislai","robots":{"index":"noindex","follow":"follow","max-snippet":"max-snippet:-1","max-image-preview":"max-image-preview:large","max-video-preview":"max-video-preview:-1"},"og_locale":"en_US","og_type":"article","og_title":"Medin\u0117 gitara-ukul\u0117l\u0117 - Montessori \u017eaislai","og_description":"Medin\u0117&nbsp;Tooky Toy&nbsp;prek\u0117s \u017eenklo Ukulele&nbsp;yra pirmasis muzikos instrumentas vaikams. Puikus produktas, skirtas i\u0161bandyti vaik\u0173 pirm\u0105j\u012f susi\u017eav\u0117jim\u0105 muzikos pasauliu. Ma\u017eieji pir\u0161teliai treniruojasi ant grifos, o tai \u017eymiai pagerina&nbsp;&nbsp;rank\u0173 miklum\u0105&nbsp;ir moko&nbsp;&nbsp;susikaupti&nbsp;&nbsp;bei&nbsp;&nbsp;atkaklumo.&nbsp;&nbsp;Puikiai imituoja tikr\u0105 instrument\u0105. Charakteristika: \u017daislas vysto: Tooky Toy&nbsp;\u2013 medinius \u017eaislus vaikams gaminanti \u012fmon\u0117, rinkoje esanti nuo 2004 m. Keli\u0173 met\u0173 patirtis pramon\u0117je yra auk\u0161tos kokyb\u0117s gamini\u0173, pagamint\u0173 [&hellip;]","og_url":"https:\/\/dev.monti.lt\/en\/product\/medine-gitara-ukulele\/","og_site_name":"Montessori \u017eaislai","article_modified_time":"2024-10-07T09:30:08+00:00","og_image":[{"width":800,"height":800,"url":"https:\/\/dev.monti.lt\/wp-content\/uploads\/2024\/09\/tooky-toy-drewniane-ukulele-gitara-dla-dzieci-3.jpg","type":"image\/jpeg"}],"twitter_card":"summary_large_image","twitter_misc":{"Est. reading time":"2 minutes"},"schema":{"@context":"https:\/\/schema.org","@graph":[{"@type":"WebPage","@id":"https:\/\/dev.monti.lt\/product\/medine-gitara-ukulele\/","url":"https:\/\/dev.monti.lt\/product\/medine-gitara-ukulele\/","name":"Medin\u0117 gitara-ukul\u0117l\u0117 - Montessori \u017eaislai","isPartOf":{"@id":"https:\/\/dev.monti.lt\/#website"},"primaryImageOfPage":{"@id":"https:\/\/dev.monti.lt\/product\/medine-gitara-ukulele\/#primaryimage"},"image":{"@id":"https:\/\/dev.monti.lt\/product\/medine-gitara-ukulele\/#primaryimage"},"thumbnailUrl":"https:\/\/dev.monti.lt\/wp-content\/uploads\/2024\/09\/tooky-toy-drewniane-ukulele-gitara-dla-dzieci-3.jpg","datePublished":"2024-09-20T12:35:27+00:00","dateModified":"2024-10-07T09:30:08+00:00","breadcrumb":{"@id":"https:\/\/dev.monti.lt\/product\/medine-gitara-ukulele\/#breadcrumb"},"inLanguage":"en-US","potentialAction":[{"@type":"ReadAction","target":["https:\/\/dev.monti.lt\/product\/medine-gitara-ukulele\/"]}]},{"@type":"ImageObject","inLanguage":"en-US","@id":"https:\/\/dev.monti.lt\/product\/medine-gitara-ukulele\/#primaryimage","url":"https:\/\/dev.monti.lt\/wp-content\/uploads\/2024\/09\/tooky-toy-drewniane-ukulele-gitara-dla-dzieci-3.jpg","contentUrl":"https:\/\/dev.monti.lt\/wp-content\/uploads\/2024\/09\/tooky-toy-drewniane-ukulele-gitara-dla-dzieci-3.jpg","width":800,"height":800,"caption":"medine gitara"},{"@type":"BreadcrumbList","@id":"https:\/\/dev.monti.lt\/product\/medine-gitara-ukulele\/#breadcrumb","itemListElement":[{"@type":"ListItem","position":1,"name":"Home","item":"https:\/\/dev.monti.lt\/"},{"@type":"ListItem","position":2,"name":"Parduotuv\u0117","item":"https:\/\/dev.monti.lt\/shop\/"},{"@type":"ListItem","position":3,"name":"Medin\u0117 gitara-ukul\u0117l\u0117"}]},{"@type":"WebSite","@id":"https:\/\/dev.monti.lt\/#website","url":"https:\/\/dev.monti.lt\/","name":"Montessori \u017eaislai","description":"","publisher":{"@id":"https:\/\/dev.monti.lt\/#organization"},"potentialAction":[{"@type":"SearchAction","target":{"@type":"EntryPoint","urlTemplate":"https:\/\/dev.monti.lt\/?s={search_term_string}"},"query-input":"required name=search_term_string"}],"inLanguage":"en-US"},{"@type":"Organization","@id":"https:\/\/dev.monti.lt\/#organization","name":"Montessori \u017eaislai","url":"https:\/\/dev.monti.lt\/","logo":{"@type":"ImageObject","inLanguage":"en-US","@id":"https:\/\/dev.monti.lt\/#\/schema\/logo\/image\/","url":"https:\/\/dev.monti.lt\/wp-content\/uploads\/2022\/03\/montilogo-1.png","contentUrl":"https:\/\/dev.monti.lt\/wp-content\/uploads\/2022\/03\/montilogo-1.png","width":512,"height":512,"caption":"Montessori \u017eaislai"},"image":{"@id":"https:\/\/dev.monti.lt\/#\/schema\/logo\/image\/"}}]}},"_links":{"self":[{"href":"https:\/\/dev.monti.lt\/en\/wp-json\/wp\/v2\/product\/25118"}],"collection":[{"href":"https:\/\/dev.monti.lt\/en\/wp-json\/wp\/v2\/product"}],"about":[{"href":"https:\/\/dev.monti.lt\/en\/wp-json\/wp\/v2\/types\/product"}],"version-history":[{"count":1,"href":"https:\/\/dev.monti.lt\/en\/wp-json\/wp\/v2\/product\/25118\/revisions"}],"predecessor-version":[{"id":25128,"href":"https:\/\/dev.monti.lt\/en\/wp-json\/wp\/v2\/product\/25118\/revisions\/25128"}],"wp:featuredmedia":[{"embeddable":true,"href":"https:\/\/dev.monti.lt\/en\/wp-json\/wp\/v2\/media\/25119"}],"wp:attachment":[{"href":"https:\/\/dev.monti.lt\/en\/wp-json\/wp\/v2\/media?parent=25118"}],"wp:term":[{"taxonomy":"product_cat","embeddable":true,"href":"https:\/\/dev.monti.lt\/en\/wp-json\/wp\/v2\/product_cat?post=25118"},{"taxonomy":"product_tag","embeddable":true,"href":"https:\/\/dev.monti.lt\/en\/wp-json\/wp\/v2\/product_tag?post=25118"}],"curies":[{"name":"wp","href":"https:\/\/api.w.org\/{rel}","templated":true}]}}