{"id":25109,"date":"2024-09-20T12:13:06","date_gmt":"2024-09-20T12:13:06","guid":{"rendered":"https:\/\/dev.monti.lt\/?post_type=product&#038;p=25109"},"modified":"2024-09-23T12:32:30","modified_gmt":"2024-09-23T12:32:30","slug":"tooky-toy-medinis-vezimelis-rusiuoklis","status":"publish","type":"product","link":"https:\/\/dev.monti.lt\/en\/product\/tooky-toy-medinis-vezimelis-rusiuoklis\/","title":{"rendered":"Tooky toy medinis ve\u017eim\u0117lis-r\u016b\u0161iuoklis"},"content":{"rendered":"<p><strong>TOOKY TOY&nbsp;<\/strong><strong>Medinis r\u016b\u0161iavimo ve\u017eim\u0117lis<\/strong>&nbsp;leid\u017eia vaikams&nbsp;daug valand\u0173 smagiai&nbsp;<strong>derinti form\u0105 . Penkiapus\u0117je&nbsp;<\/strong><strong>medin\u0117je d\u0117\u017eut\u0117je<\/strong>&nbsp;yra a\u0161tuoniomis spalvotomis kalad\u0117l\u0117mis pa\u017eym\u0117tos skyl\u0117s, kad b\u016bt\u0173 lengviau rasti tinkamas vietas vienam i\u0161&nbsp;<strong>14 spalvot\u0173 kalad\u0117li\u0173<\/strong>&nbsp;. Ve\u017eim\u0117lis turi ratukus ir pritvirtint\u0105 virv\u0119, tod\u0117l vaikas gali lengvai nutempti d\u0117lion\u0119 \u012f savo m\u0117gstam\u0105 viet\u0105. Visas komplektas pagamintas tvirtas ir saugus vaikams.&nbsp;<strong>&nbsp;<\/strong>&nbsp;<strong><\/strong>&nbsp;&nbsp;<strong><\/strong>&nbsp;&nbsp;<strong><\/strong><\/p><p><strong>Charakteristika:<\/strong><\/p><ul class=\"wp-block-list\"><li><strong>&#8211; vyresniems nei 12 m\u0117nesi\u0173\u00a0vaikams ,\u00a0<\/strong><\/li>\n\n<li><strong>&#8211; 14 spalving\u0173 kalad\u0117li\u0173,<\/strong><\/li>\n\n<li>&#8211;\u00a0<strong>5 sienos su spalvomis pa\u017eym\u0117tomis<\/strong>\u00a0erdv\u0117mis blokeliams,\u00a0\u00a0<\/li>\n\n<li>&#8211;\u00a0<strong>ve\u017eim\u0117lis ant rat\u0173<\/strong>\u00a0su pritvirtinta 60 cm virve,\u00a0\u00a0<\/li>\n\n<li>&#8211; ve\u017eim\u0117lis\u00a0<strong>pagamintas i\u0161 med\u017eio<\/strong>\u00a0ir padengtas netoksi\u0161kais, vaikams saugiais da\u017eais,\u00a0\u00a0<\/li>\n\n<li>&#8211;\u00a0<strong>blokeli\u0173 matmenys: apytiksliai 3 x 4 x 3 (cm),<\/strong>\u00a0<\/li>\n\n<li>&#8211;\u00a0<strong>ve\u017eim\u0117lio i\u0161matavimai: 18,2 x 16,8 x 9 (cm).<\/strong>\u00a0<\/li><\/ul><p><strong>\u017daislas:<\/strong><\/p><ul class=\"wp-block-list\"><li>&#8211; moko loginio m\u0105stymo,<\/li>\n\n<li>&#8211; i\u0161mokti atskirti formas,<\/li>\n\n<li>&#8211; praktikuoti spalv\u0173 diskriminacij\u0105,<\/li>\n\n<li>&#8211; lavina motorik\u0105.<\/li><\/ul>","protected":false},"excerpt":{"rendered":"<p>TOOKY TOY&nbsp;Medinis r\u016b\u0161iavimo ve\u017eim\u0117lis&nbsp;leid\u017eia vaikams&nbsp;daug valand\u0173 smagiai&nbsp;derinti form\u0105 . Penkiapus\u0117je&nbsp;medin\u0117je d\u0117\u017eut\u0117je&nbsp;yra a\u0161tuoniomis spalvotomis kalad\u0117l\u0117mis pa\u017eym\u0117tos skyl\u0117s, kad b\u016bt\u0173 lengviau rasti tinkamas vietas vienam i\u0161&nbsp;14 spalvot\u0173 kalad\u0117li\u0173&nbsp;. Ve\u017eim\u0117lis turi ratukus ir pritvirtint\u0105 virv\u0119, tod\u0117l vaikas gali lengvai nutempti d\u0117lion\u0119 \u012f savo m\u0117gstam\u0105 viet\u0105. Visas komplektas pagamintas tvirtas ir saugus vaikams.&nbsp;&nbsp;&nbsp;&nbsp;&nbsp;&nbsp;&nbsp; Charakteristika: \u017daislas:<\/p>","protected":false},"featured_media":25110,"template":"","meta":{"iawp_total_views":7},"product_cat":[92,193,194,191,84,91,102,88,39],"product_tag":[96,97],"class_list":{"0":"post-25109","1":"product","2":"type-product","3":"status-publish","4":"has-post-thumbnail","6":"product_cat-deliones","7":"product_cat-dovanos-vaikams-1-2-metu","8":"product_cat-dovanos-vaikams-2-3-metu","9":"product_cat-dovanos-vaikams","10":"product_cat-lavinamieji-zaislai","11":"product_cat-loginiam-mastymui","12":"product_cat-mediniai-zaislai","13":"product_cat-mokausi-zaisti","14":"product_cat-zaislai","15":"product_tag-2-m-3-m","16":"product_tag-3-m-4-m","18":"first","19":"instock","20":"taxable","21":"shipping-taxable","22":"purchasable","23":"product-type-simple"},"yoast_head":"<!-- This site is optimized with the Yoast SEO plugin v23.3 - https:\/\/yoast.com\/wordpress\/plugins\/seo\/ -->\n<title>Tooky toy medinis ve\u017eim\u0117lis-r\u016b\u0161iuoklis - Montessori \u017eaislai<\/title>\n<meta name=\"robots\" content=\"noindex, follow, max-snippet:-1, max-image-preview:large, max-video-preview:-1\" \/>\n<meta property=\"og:locale\" content=\"en_US\" \/>\n<meta property=\"og:type\" content=\"article\" \/>\n<meta property=\"og:title\" content=\"Tooky toy medinis ve\u017eim\u0117lis-r\u016b\u0161iuoklis - Montessori \u017eaislai\" \/>\n<meta property=\"og:description\" content=\"TOOKY TOY&nbsp;Medinis r\u016b\u0161iavimo ve\u017eim\u0117lis&nbsp;leid\u017eia vaikams&nbsp;daug valand\u0173 smagiai&nbsp;derinti form\u0105 . Penkiapus\u0117je&nbsp;medin\u0117je d\u0117\u017eut\u0117je&nbsp;yra a\u0161tuoniomis spalvotomis kalad\u0117l\u0117mis pa\u017eym\u0117tos skyl\u0117s, kad b\u016bt\u0173 lengviau rasti tinkamas vietas vienam i\u0161&nbsp;14 spalvot\u0173 kalad\u0117li\u0173&nbsp;. Ve\u017eim\u0117lis turi ratukus ir pritvirtint\u0105 virv\u0119, tod\u0117l vaikas gali lengvai nutempti d\u0117lion\u0119 \u012f savo m\u0117gstam\u0105 viet\u0105. Visas komplektas pagamintas tvirtas ir saugus vaikams.&nbsp;&nbsp;&nbsp;&nbsp;&nbsp;&nbsp;&nbsp; Charakteristika: \u017daislas:\" \/>\n<meta property=\"og:url\" content=\"https:\/\/dev.monti.lt\/en\/product\/tooky-toy-medinis-vezimelis-rusiuoklis\/\" \/>\n<meta property=\"og:site_name\" content=\"Montessori \u017eaislai\" \/>\n<meta property=\"article:modified_time\" content=\"2024-09-23T12:32:30+00:00\" \/>\n<meta property=\"og:image\" content=\"https:\/\/dev.monti.lt\/wp-content\/uploads\/2024\/09\/tooky-toy-drewniany-sorter-wozek-klocki-16-el.jpg\" \/>\n\t<meta property=\"og:image:width\" content=\"800\" \/>\n\t<meta property=\"og:image:height\" content=\"800\" \/>\n\t<meta property=\"og:image:type\" content=\"image\/jpeg\" \/>\n<meta name=\"twitter:card\" content=\"summary_large_image\" \/>\n<meta name=\"twitter:label1\" content=\"Est. reading time\" \/>\n\t<meta name=\"twitter:data1\" content=\"1 minute\" \/>\n<script type=\"application\/ld+json\" class=\"yoast-schema-graph\">{\"@context\":\"https:\/\/schema.org\",\"@graph\":[{\"@type\":\"WebPage\",\"@id\":\"https:\/\/dev.monti.lt\/product\/tooky-toy-medinis-vezimelis-rusiuoklis\/\",\"url\":\"https:\/\/dev.monti.lt\/product\/tooky-toy-medinis-vezimelis-rusiuoklis\/\",\"name\":\"Tooky toy medinis ve\u017eim\u0117lis-r\u016b\u0161iuoklis - Montessori \u017eaislai\",\"isPartOf\":{\"@id\":\"https:\/\/dev.monti.lt\/#website\"},\"primaryImageOfPage\":{\"@id\":\"https:\/\/dev.monti.lt\/product\/tooky-toy-medinis-vezimelis-rusiuoklis\/#primaryimage\"},\"image\":{\"@id\":\"https:\/\/dev.monti.lt\/product\/tooky-toy-medinis-vezimelis-rusiuoklis\/#primaryimage\"},\"thumbnailUrl\":\"https:\/\/dev.monti.lt\/wp-content\/uploads\/2024\/09\/tooky-toy-drewniany-sorter-wozek-klocki-16-el.jpg\",\"datePublished\":\"2024-09-20T12:13:06+00:00\",\"dateModified\":\"2024-09-23T12:32:30+00:00\",\"breadcrumb\":{\"@id\":\"https:\/\/dev.monti.lt\/product\/tooky-toy-medinis-vezimelis-rusiuoklis\/#breadcrumb\"},\"inLanguage\":\"en-US\",\"potentialAction\":[{\"@type\":\"ReadAction\",\"target\":[\"https:\/\/dev.monti.lt\/product\/tooky-toy-medinis-vezimelis-rusiuoklis\/\"]}]},{\"@type\":\"ImageObject\",\"inLanguage\":\"en-US\",\"@id\":\"https:\/\/dev.monti.lt\/product\/tooky-toy-medinis-vezimelis-rusiuoklis\/#primaryimage\",\"url\":\"https:\/\/dev.monti.lt\/wp-content\/uploads\/2024\/09\/tooky-toy-drewniany-sorter-wozek-klocki-16-el.jpg\",\"contentUrl\":\"https:\/\/dev.monti.lt\/wp-content\/uploads\/2024\/09\/tooky-toy-drewniany-sorter-wozek-klocki-16-el.jpg\",\"width\":800,\"height\":800,\"caption\":\"medinis rusiuoklis\"},{\"@type\":\"BreadcrumbList\",\"@id\":\"https:\/\/dev.monti.lt\/product\/tooky-toy-medinis-vezimelis-rusiuoklis\/#breadcrumb\",\"itemListElement\":[{\"@type\":\"ListItem\",\"position\":1,\"name\":\"Home\",\"item\":\"https:\/\/dev.monti.lt\/\"},{\"@type\":\"ListItem\",\"position\":2,\"name\":\"Parduotuv\u0117\",\"item\":\"https:\/\/dev.monti.lt\/shop\/\"},{\"@type\":\"ListItem\",\"position\":3,\"name\":\"Tooky toy medinis ve\u017eim\u0117lis-r\u016b\u0161iuoklis\"}]},{\"@type\":\"WebSite\",\"@id\":\"https:\/\/dev.monti.lt\/#website\",\"url\":\"https:\/\/dev.monti.lt\/\",\"name\":\"Montessori \u017eaislai\",\"description\":\"\",\"publisher\":{\"@id\":\"https:\/\/dev.monti.lt\/#organization\"},\"potentialAction\":[{\"@type\":\"SearchAction\",\"target\":{\"@type\":\"EntryPoint\",\"urlTemplate\":\"https:\/\/dev.monti.lt\/?s={search_term_string}\"},\"query-input\":\"required name=search_term_string\"}],\"inLanguage\":\"en-US\"},{\"@type\":\"Organization\",\"@id\":\"https:\/\/dev.monti.lt\/#organization\",\"name\":\"Montessori \u017eaislai\",\"url\":\"https:\/\/dev.monti.lt\/\",\"logo\":{\"@type\":\"ImageObject\",\"inLanguage\":\"en-US\",\"@id\":\"https:\/\/dev.monti.lt\/#\/schema\/logo\/image\/\",\"url\":\"https:\/\/dev.monti.lt\/wp-content\/uploads\/2022\/03\/montilogo-1.png\",\"contentUrl\":\"https:\/\/dev.monti.lt\/wp-content\/uploads\/2022\/03\/montilogo-1.png\",\"width\":512,\"height\":512,\"caption\":\"Montessori \u017eaislai\"},\"image\":{\"@id\":\"https:\/\/dev.monti.lt\/#\/schema\/logo\/image\/\"}}]}<\/script>\n<!-- \/ Yoast SEO plugin. -->","yoast_head_json":{"title":"Tooky toy medinis ve\u017eim\u0117lis-r\u016b\u0161iuoklis - Montessori \u017eaislai","robots":{"index":"noindex","follow":"follow","max-snippet":"max-snippet:-1","max-image-preview":"max-image-preview:large","max-video-preview":"max-video-preview:-1"},"og_locale":"en_US","og_type":"article","og_title":"Tooky toy medinis ve\u017eim\u0117lis-r\u016b\u0161iuoklis - Montessori \u017eaislai","og_description":"TOOKY TOY&nbsp;Medinis r\u016b\u0161iavimo ve\u017eim\u0117lis&nbsp;leid\u017eia vaikams&nbsp;daug valand\u0173 smagiai&nbsp;derinti form\u0105 . Penkiapus\u0117je&nbsp;medin\u0117je d\u0117\u017eut\u0117je&nbsp;yra a\u0161tuoniomis spalvotomis kalad\u0117l\u0117mis pa\u017eym\u0117tos skyl\u0117s, kad b\u016bt\u0173 lengviau rasti tinkamas vietas vienam i\u0161&nbsp;14 spalvot\u0173 kalad\u0117li\u0173&nbsp;. Ve\u017eim\u0117lis turi ratukus ir pritvirtint\u0105 virv\u0119, tod\u0117l vaikas gali lengvai nutempti d\u0117lion\u0119 \u012f savo m\u0117gstam\u0105 viet\u0105. Visas komplektas pagamintas tvirtas ir saugus vaikams.&nbsp;&nbsp;&nbsp;&nbsp;&nbsp;&nbsp;&nbsp; Charakteristika: \u017daislas:","og_url":"https:\/\/dev.monti.lt\/en\/product\/tooky-toy-medinis-vezimelis-rusiuoklis\/","og_site_name":"Montessori \u017eaislai","article_modified_time":"2024-09-23T12:32:30+00:00","og_image":[{"width":800,"height":800,"url":"https:\/\/dev.monti.lt\/wp-content\/uploads\/2024\/09\/tooky-toy-drewniany-sorter-wozek-klocki-16-el.jpg","type":"image\/jpeg"}],"twitter_card":"summary_large_image","twitter_misc":{"Est. reading time":"1 minute"},"schema":{"@context":"https:\/\/schema.org","@graph":[{"@type":"WebPage","@id":"https:\/\/dev.monti.lt\/product\/tooky-toy-medinis-vezimelis-rusiuoklis\/","url":"https:\/\/dev.monti.lt\/product\/tooky-toy-medinis-vezimelis-rusiuoklis\/","name":"Tooky toy medinis ve\u017eim\u0117lis-r\u016b\u0161iuoklis - Montessori \u017eaislai","isPartOf":{"@id":"https:\/\/dev.monti.lt\/#website"},"primaryImageOfPage":{"@id":"https:\/\/dev.monti.lt\/product\/tooky-toy-medinis-vezimelis-rusiuoklis\/#primaryimage"},"image":{"@id":"https:\/\/dev.monti.lt\/product\/tooky-toy-medinis-vezimelis-rusiuoklis\/#primaryimage"},"thumbnailUrl":"https:\/\/dev.monti.lt\/wp-content\/uploads\/2024\/09\/tooky-toy-drewniany-sorter-wozek-klocki-16-el.jpg","datePublished":"2024-09-20T12:13:06+00:00","dateModified":"2024-09-23T12:32:30+00:00","breadcrumb":{"@id":"https:\/\/dev.monti.lt\/product\/tooky-toy-medinis-vezimelis-rusiuoklis\/#breadcrumb"},"inLanguage":"en-US","potentialAction":[{"@type":"ReadAction","target":["https:\/\/dev.monti.lt\/product\/tooky-toy-medinis-vezimelis-rusiuoklis\/"]}]},{"@type":"ImageObject","inLanguage":"en-US","@id":"https:\/\/dev.monti.lt\/product\/tooky-toy-medinis-vezimelis-rusiuoklis\/#primaryimage","url":"https:\/\/dev.monti.lt\/wp-content\/uploads\/2024\/09\/tooky-toy-drewniany-sorter-wozek-klocki-16-el.jpg","contentUrl":"https:\/\/dev.monti.lt\/wp-content\/uploads\/2024\/09\/tooky-toy-drewniany-sorter-wozek-klocki-16-el.jpg","width":800,"height":800,"caption":"medinis rusiuoklis"},{"@type":"BreadcrumbList","@id":"https:\/\/dev.monti.lt\/product\/tooky-toy-medinis-vezimelis-rusiuoklis\/#breadcrumb","itemListElement":[{"@type":"ListItem","position":1,"name":"Home","item":"https:\/\/dev.monti.lt\/"},{"@type":"ListItem","position":2,"name":"Parduotuv\u0117","item":"https:\/\/dev.monti.lt\/shop\/"},{"@type":"ListItem","position":3,"name":"Tooky toy medinis ve\u017eim\u0117lis-r\u016b\u0161iuoklis"}]},{"@type":"WebSite","@id":"https:\/\/dev.monti.lt\/#website","url":"https:\/\/dev.monti.lt\/","name":"Montessori \u017eaislai","description":"","publisher":{"@id":"https:\/\/dev.monti.lt\/#organization"},"potentialAction":[{"@type":"SearchAction","target":{"@type":"EntryPoint","urlTemplate":"https:\/\/dev.monti.lt\/?s={search_term_string}"},"query-input":"required name=search_term_string"}],"inLanguage":"en-US"},{"@type":"Organization","@id":"https:\/\/dev.monti.lt\/#organization","name":"Montessori \u017eaislai","url":"https:\/\/dev.monti.lt\/","logo":{"@type":"ImageObject","inLanguage":"en-US","@id":"https:\/\/dev.monti.lt\/#\/schema\/logo\/image\/","url":"https:\/\/dev.monti.lt\/wp-content\/uploads\/2022\/03\/montilogo-1.png","contentUrl":"https:\/\/dev.monti.lt\/wp-content\/uploads\/2022\/03\/montilogo-1.png","width":512,"height":512,"caption":"Montessori \u017eaislai"},"image":{"@id":"https:\/\/dev.monti.lt\/#\/schema\/logo\/image\/"}}]}},"_links":{"self":[{"href":"https:\/\/dev.monti.lt\/en\/wp-json\/wp\/v2\/product\/25109"}],"collection":[{"href":"https:\/\/dev.monti.lt\/en\/wp-json\/wp\/v2\/product"}],"about":[{"href":"https:\/\/dev.monti.lt\/en\/wp-json\/wp\/v2\/types\/product"}],"version-history":[{"count":1,"href":"https:\/\/dev.monti.lt\/en\/wp-json\/wp\/v2\/product\/25109\/revisions"}],"predecessor-version":[{"id":25117,"href":"https:\/\/dev.monti.lt\/en\/wp-json\/wp\/v2\/product\/25109\/revisions\/25117"}],"wp:featuredmedia":[{"embeddable":true,"href":"https:\/\/dev.monti.lt\/en\/wp-json\/wp\/v2\/media\/25110"}],"wp:attachment":[{"href":"https:\/\/dev.monti.lt\/en\/wp-json\/wp\/v2\/media?parent=25109"}],"wp:term":[{"taxonomy":"product_cat","embeddable":true,"href":"https:\/\/dev.monti.lt\/en\/wp-json\/wp\/v2\/product_cat?post=25109"},{"taxonomy":"product_tag","embeddable":true,"href":"https:\/\/dev.monti.lt\/en\/wp-json\/wp\/v2\/product_tag?post=25109"}],"curies":[{"name":"wp","href":"https:\/\/api.w.org\/{rel}","templated":true}]}}