{"id":25029,"date":"2024-09-16T11:30:16","date_gmt":"2024-09-16T11:30:16","guid":{"rendered":"https:\/\/dev.monti.lt\/?post_type=product&#038;p=25029"},"modified":"2024-10-03T07:19:38","modified_gmt":"2024-10-03T07:19:38","slug":"piesimo-pirstais-knygele-anglu-k","status":"publish","type":"product","link":"https:\/\/dev.monti.lt\/en\/product\/piesimo-pirstais-knygele-anglu-k\/","title":{"rendered":"Pie\u0161imo pir\u0161tais knygel\u0117, angl\u0173 k."},"content":{"rendered":"<p>K\u016brybi\u0161ka knyga skatina vaikus eksperimentuoti su menu! Spalvingais da\u017eais (6 spalvos) vaikai gali sukurti daugyb\u0119 paveiksl\u0117li\u0173 pir\u0161tais arba naudodami prid\u0117tus antspaudus (6 vnt.). Knygos 64 puslapiuose ma\u017eyliai ras instrukcijas angl\u0173 kalba, kuriose si\u016bloma, k\u0105 jie tur\u0117t\u0173 daryti. Ta\u010diau jei vaikas nemoka skaityti arba dar nesupranta angli\u0161kai, tai ne b\u0117da &#8211; iliustruoti pavyzd\u017eiai pakankamai lengvai suprantami kiekvienam. Da\u017eai yra saug\u016bs liestis su oda ir greitai i\u0161d\u017ei\u016bsta ant knygos puslapi\u0173, nepalikdami didel\u0117s netvarkos.<\/p><p>Technin\u0117s specifikacijos: &#8211; K\u016bryba ir da\u017eymas:<\/p><p>Am\u017eius: 3+<br>Da\u017e\u0173 skai\u010dius: 1 vnt: 6<br>Antspaud\u0173 skai\u010dius: 6<br>Puslapi\u0173 skai\u010dius: 64<br>Knygos matmenys: Dydis: 26 cm x 22 cm x 2,5 cm<br>Pakuot\u0117s matmenys: 26 cm x 22 cm x 2,5 cm<br>Rinkinio turinys:<\/p><p>Knyga pie\u0161imui pir\u0161tais<br>Da\u017eai x6<br>Antspaudai x6<\/p><p>Tvirtas \u012fri\u0161imas ir stori puslapiai daro knyg\u0105 itin patvari\u0105 ir atspari\u0105 pa\u017eeidimams, tod\u0117l ji puikiai tinka vaik\u0173 k\u016brybi\u0161kumo protr\u016bkiams.<\/p><p><\/p>","protected":false},"excerpt":{"rendered":"<p>K\u016brybi\u0161ka knyga skatina vaikus eksperimentuoti su menu! Spalvingais da\u017eais (6 spalvos) vaikai gali sukurti daugyb\u0119 paveiksl\u0117li\u0173 pir\u0161tais arba naudodami prid\u0117tus antspaudus (6 vnt.). Knygos 64 puslapiuose ma\u017eyliai ras instrukcijas angl\u0173 kalba, kuriose si\u016bloma, k\u0105 jie tur\u0117t\u0173 daryti. Ta\u010diau jei vaikas nemoka skaityti arba dar nesupranta angli\u0161kai, tai ne b\u0117da &#8211; iliustruoti pavyzd\u017eiai pakankamai lengvai suprantami [&hellip;]<\/p>","protected":false},"featured_media":25030,"template":"","meta":{"iawp_total_views":30},"product_cat":[84,89,199,49,39,201],"product_tag":[95,96,97,98],"class_list":{"0":"post-25029","1":"product","2":"type-product","3":"status-publish","4":"has-post-thumbnail","6":"product_cat-lavinamieji-zaislai","7":"product_cat-mokausi-piesti","8":"product_cat-ugdymo-istaigoms","9":"product_cat-visi-zaislai","10":"product_cat-zaislai","11":"product_cat-zaislai-kelioneje","12":"product_tag-1-m-2-m","13":"product_tag-2-m-3-m","14":"product_tag-3-m-4-m","15":"product_tag-5-m-7-m","17":"first","18":"instock","19":"taxable","20":"shipping-taxable","21":"purchasable","22":"product-type-simple"},"yoast_head":"<!-- This site is optimized with the Yoast SEO plugin v23.3 - https:\/\/yoast.com\/wordpress\/plugins\/seo\/ -->\n<title>Pie\u0161imo pir\u0161tais knygel\u0117, angl\u0173 k. - Montessori \u017eaislai<\/title>\n<meta name=\"robots\" content=\"noindex, follow, max-snippet:-1, max-image-preview:large, max-video-preview:-1\" \/>\n<meta property=\"og:locale\" content=\"en_US\" \/>\n<meta property=\"og:type\" content=\"article\" \/>\n<meta property=\"og:title\" content=\"Pie\u0161imo pir\u0161tais knygel\u0117, angl\u0173 k. - Montessori \u017eaislai\" \/>\n<meta property=\"og:description\" content=\"K\u016brybi\u0161ka knyga skatina vaikus eksperimentuoti su menu! Spalvingais da\u017eais (6 spalvos) vaikai gali sukurti daugyb\u0119 paveiksl\u0117li\u0173 pir\u0161tais arba naudodami prid\u0117tus antspaudus (6 vnt.). Knygos 64 puslapiuose ma\u017eyliai ras instrukcijas angl\u0173 kalba, kuriose si\u016bloma, k\u0105 jie tur\u0117t\u0173 daryti. Ta\u010diau jei vaikas nemoka skaityti arba dar nesupranta angli\u0161kai, tai ne b\u0117da &#8211; iliustruoti pavyzd\u017eiai pakankamai lengvai suprantami [&hellip;]\" \/>\n<meta property=\"og:url\" content=\"https:\/\/dev.monti.lt\/en\/product\/piesimo-pirstais-knygele-anglu-k\/\" \/>\n<meta property=\"og:site_name\" content=\"Montessori \u017eaislai\" \/>\n<meta property=\"article:modified_time\" content=\"2024-10-03T07:19:38+00:00\" \/>\n<meta property=\"og:image\" content=\"https:\/\/dev.monti.lt\/wp-content\/uploads\/2024\/09\/Finger-paint-coloring-book-elephants-156685.jpg\" \/>\n\t<meta property=\"og:image:width\" content=\"1024\" \/>\n\t<meta property=\"og:image:height\" content=\"1024\" \/>\n\t<meta property=\"og:image:type\" content=\"image\/jpeg\" \/>\n<meta name=\"twitter:card\" content=\"summary_large_image\" \/>\n<meta name=\"twitter:label1\" content=\"Est. reading time\" \/>\n\t<meta name=\"twitter:data1\" content=\"1 minute\" \/>\n<script type=\"application\/ld+json\" class=\"yoast-schema-graph\">{\"@context\":\"https:\/\/schema.org\",\"@graph\":[{\"@type\":\"WebPage\",\"@id\":\"https:\/\/dev.monti.lt\/product\/piesimo-pirstais-knygele-anglu-k\/\",\"url\":\"https:\/\/dev.monti.lt\/product\/piesimo-pirstais-knygele-anglu-k\/\",\"name\":\"Pie\u0161imo pir\u0161tais knygel\u0117, angl\u0173 k. - Montessori \u017eaislai\",\"isPartOf\":{\"@id\":\"https:\/\/dev.monti.lt\/#website\"},\"primaryImageOfPage\":{\"@id\":\"https:\/\/dev.monti.lt\/product\/piesimo-pirstais-knygele-anglu-k\/#primaryimage\"},\"image\":{\"@id\":\"https:\/\/dev.monti.lt\/product\/piesimo-pirstais-knygele-anglu-k\/#primaryimage\"},\"thumbnailUrl\":\"https:\/\/dev.monti.lt\/wp-content\/uploads\/2024\/09\/Finger-paint-coloring-book-elephants-156685.jpg\",\"datePublished\":\"2024-09-16T11:30:16+00:00\",\"dateModified\":\"2024-10-03T07:19:38+00:00\",\"breadcrumb\":{\"@id\":\"https:\/\/dev.monti.lt\/product\/piesimo-pirstais-knygele-anglu-k\/#breadcrumb\"},\"inLanguage\":\"en-US\",\"potentialAction\":[{\"@type\":\"ReadAction\",\"target\":[\"https:\/\/dev.monti.lt\/product\/piesimo-pirstais-knygele-anglu-k\/\"]}]},{\"@type\":\"ImageObject\",\"inLanguage\":\"en-US\",\"@id\":\"https:\/\/dev.monti.lt\/product\/piesimo-pirstais-knygele-anglu-k\/#primaryimage\",\"url\":\"https:\/\/dev.monti.lt\/wp-content\/uploads\/2024\/09\/Finger-paint-coloring-book-elephants-156685.jpg\",\"contentUrl\":\"https:\/\/dev.monti.lt\/wp-content\/uploads\/2024\/09\/Finger-paint-coloring-book-elephants-156685.jpg\",\"width\":1024,\"height\":1024,\"caption\":\"piesimas pirstais\"},{\"@type\":\"BreadcrumbList\",\"@id\":\"https:\/\/dev.monti.lt\/product\/piesimo-pirstais-knygele-anglu-k\/#breadcrumb\",\"itemListElement\":[{\"@type\":\"ListItem\",\"position\":1,\"name\":\"Home\",\"item\":\"https:\/\/dev.monti.lt\/\"},{\"@type\":\"ListItem\",\"position\":2,\"name\":\"Parduotuv\u0117\",\"item\":\"https:\/\/dev.monti.lt\/shop\/\"},{\"@type\":\"ListItem\",\"position\":3,\"name\":\"Pie\u0161imo pir\u0161tais knygel\u0117, angl\u0173 k.\"}]},{\"@type\":\"WebSite\",\"@id\":\"https:\/\/dev.monti.lt\/#website\",\"url\":\"https:\/\/dev.monti.lt\/\",\"name\":\"Montessori \u017eaislai\",\"description\":\"\",\"publisher\":{\"@id\":\"https:\/\/dev.monti.lt\/#organization\"},\"potentialAction\":[{\"@type\":\"SearchAction\",\"target\":{\"@type\":\"EntryPoint\",\"urlTemplate\":\"https:\/\/dev.monti.lt\/?s={search_term_string}\"},\"query-input\":\"required name=search_term_string\"}],\"inLanguage\":\"en-US\"},{\"@type\":\"Organization\",\"@id\":\"https:\/\/dev.monti.lt\/#organization\",\"name\":\"Montessori \u017eaislai\",\"url\":\"https:\/\/dev.monti.lt\/\",\"logo\":{\"@type\":\"ImageObject\",\"inLanguage\":\"en-US\",\"@id\":\"https:\/\/dev.monti.lt\/#\/schema\/logo\/image\/\",\"url\":\"https:\/\/dev.monti.lt\/wp-content\/uploads\/2022\/03\/montilogo-1.png\",\"contentUrl\":\"https:\/\/dev.monti.lt\/wp-content\/uploads\/2022\/03\/montilogo-1.png\",\"width\":512,\"height\":512,\"caption\":\"Montessori \u017eaislai\"},\"image\":{\"@id\":\"https:\/\/dev.monti.lt\/#\/schema\/logo\/image\/\"}}]}<\/script>\n<!-- \/ Yoast SEO plugin. -->","yoast_head_json":{"title":"Pie\u0161imo pir\u0161tais knygel\u0117, angl\u0173 k. - Montessori \u017eaislai","robots":{"index":"noindex","follow":"follow","max-snippet":"max-snippet:-1","max-image-preview":"max-image-preview:large","max-video-preview":"max-video-preview:-1"},"og_locale":"en_US","og_type":"article","og_title":"Pie\u0161imo pir\u0161tais knygel\u0117, angl\u0173 k. - Montessori \u017eaislai","og_description":"K\u016brybi\u0161ka knyga skatina vaikus eksperimentuoti su menu! Spalvingais da\u017eais (6 spalvos) vaikai gali sukurti daugyb\u0119 paveiksl\u0117li\u0173 pir\u0161tais arba naudodami prid\u0117tus antspaudus (6 vnt.). Knygos 64 puslapiuose ma\u017eyliai ras instrukcijas angl\u0173 kalba, kuriose si\u016bloma, k\u0105 jie tur\u0117t\u0173 daryti. Ta\u010diau jei vaikas nemoka skaityti arba dar nesupranta angli\u0161kai, tai ne b\u0117da &#8211; iliustruoti pavyzd\u017eiai pakankamai lengvai suprantami [&hellip;]","og_url":"https:\/\/dev.monti.lt\/en\/product\/piesimo-pirstais-knygele-anglu-k\/","og_site_name":"Montessori \u017eaislai","article_modified_time":"2024-10-03T07:19:38+00:00","og_image":[{"width":1024,"height":1024,"url":"https:\/\/dev.monti.lt\/wp-content\/uploads\/2024\/09\/Finger-paint-coloring-book-elephants-156685.jpg","type":"image\/jpeg"}],"twitter_card":"summary_large_image","twitter_misc":{"Est. reading time":"1 minute"},"schema":{"@context":"https:\/\/schema.org","@graph":[{"@type":"WebPage","@id":"https:\/\/dev.monti.lt\/product\/piesimo-pirstais-knygele-anglu-k\/","url":"https:\/\/dev.monti.lt\/product\/piesimo-pirstais-knygele-anglu-k\/","name":"Pie\u0161imo pir\u0161tais knygel\u0117, angl\u0173 k. - Montessori \u017eaislai","isPartOf":{"@id":"https:\/\/dev.monti.lt\/#website"},"primaryImageOfPage":{"@id":"https:\/\/dev.monti.lt\/product\/piesimo-pirstais-knygele-anglu-k\/#primaryimage"},"image":{"@id":"https:\/\/dev.monti.lt\/product\/piesimo-pirstais-knygele-anglu-k\/#primaryimage"},"thumbnailUrl":"https:\/\/dev.monti.lt\/wp-content\/uploads\/2024\/09\/Finger-paint-coloring-book-elephants-156685.jpg","datePublished":"2024-09-16T11:30:16+00:00","dateModified":"2024-10-03T07:19:38+00:00","breadcrumb":{"@id":"https:\/\/dev.monti.lt\/product\/piesimo-pirstais-knygele-anglu-k\/#breadcrumb"},"inLanguage":"en-US","potentialAction":[{"@type":"ReadAction","target":["https:\/\/dev.monti.lt\/product\/piesimo-pirstais-knygele-anglu-k\/"]}]},{"@type":"ImageObject","inLanguage":"en-US","@id":"https:\/\/dev.monti.lt\/product\/piesimo-pirstais-knygele-anglu-k\/#primaryimage","url":"https:\/\/dev.monti.lt\/wp-content\/uploads\/2024\/09\/Finger-paint-coloring-book-elephants-156685.jpg","contentUrl":"https:\/\/dev.monti.lt\/wp-content\/uploads\/2024\/09\/Finger-paint-coloring-book-elephants-156685.jpg","width":1024,"height":1024,"caption":"piesimas pirstais"},{"@type":"BreadcrumbList","@id":"https:\/\/dev.monti.lt\/product\/piesimo-pirstais-knygele-anglu-k\/#breadcrumb","itemListElement":[{"@type":"ListItem","position":1,"name":"Home","item":"https:\/\/dev.monti.lt\/"},{"@type":"ListItem","position":2,"name":"Parduotuv\u0117","item":"https:\/\/dev.monti.lt\/shop\/"},{"@type":"ListItem","position":3,"name":"Pie\u0161imo pir\u0161tais knygel\u0117, angl\u0173 k."}]},{"@type":"WebSite","@id":"https:\/\/dev.monti.lt\/#website","url":"https:\/\/dev.monti.lt\/","name":"Montessori \u017eaislai","description":"","publisher":{"@id":"https:\/\/dev.monti.lt\/#organization"},"potentialAction":[{"@type":"SearchAction","target":{"@type":"EntryPoint","urlTemplate":"https:\/\/dev.monti.lt\/?s={search_term_string}"},"query-input":"required name=search_term_string"}],"inLanguage":"en-US"},{"@type":"Organization","@id":"https:\/\/dev.monti.lt\/#organization","name":"Montessori \u017eaislai","url":"https:\/\/dev.monti.lt\/","logo":{"@type":"ImageObject","inLanguage":"en-US","@id":"https:\/\/dev.monti.lt\/#\/schema\/logo\/image\/","url":"https:\/\/dev.monti.lt\/wp-content\/uploads\/2022\/03\/montilogo-1.png","contentUrl":"https:\/\/dev.monti.lt\/wp-content\/uploads\/2022\/03\/montilogo-1.png","width":512,"height":512,"caption":"Montessori \u017eaislai"},"image":{"@id":"https:\/\/dev.monti.lt\/#\/schema\/logo\/image\/"}}]}},"_links":{"self":[{"href":"https:\/\/dev.monti.lt\/en\/wp-json\/wp\/v2\/product\/25029"}],"collection":[{"href":"https:\/\/dev.monti.lt\/en\/wp-json\/wp\/v2\/product"}],"about":[{"href":"https:\/\/dev.monti.lt\/en\/wp-json\/wp\/v2\/types\/product"}],"version-history":[{"count":1,"href":"https:\/\/dev.monti.lt\/en\/wp-json\/wp\/v2\/product\/25029\/revisions"}],"predecessor-version":[{"id":25034,"href":"https:\/\/dev.monti.lt\/en\/wp-json\/wp\/v2\/product\/25029\/revisions\/25034"}],"wp:featuredmedia":[{"embeddable":true,"href":"https:\/\/dev.monti.lt\/en\/wp-json\/wp\/v2\/media\/25030"}],"wp:attachment":[{"href":"https:\/\/dev.monti.lt\/en\/wp-json\/wp\/v2\/media?parent=25029"}],"wp:term":[{"taxonomy":"product_cat","embeddable":true,"href":"https:\/\/dev.monti.lt\/en\/wp-json\/wp\/v2\/product_cat?post=25029"},{"taxonomy":"product_tag","embeddable":true,"href":"https:\/\/dev.monti.lt\/en\/wp-json\/wp\/v2\/product_tag?post=25029"}],"curies":[{"name":"wp","href":"https:\/\/api.w.org\/{rel}","templated":true}]}}