{"id":25026,"date":"2024-09-16T11:27:20","date_gmt":"2024-09-16T11:27:20","guid":{"rendered":"https:\/\/dev.monti.lt\/?post_type=product&#038;p=25026"},"modified":"2024-10-07T09:31:31","modified_gmt":"2024-10-07T09:31:31","slug":"fotoaparatas-vaikams-undinele","status":"publish","type":"product","link":"https:\/\/dev.monti.lt\/en\/product\/fotoaparatas-vaikams-undinele\/","title":{"rendered":"Fotoaparatas vaikams &#8220;Undin\u0117l\u0117&#8221;"},"content":{"rendered":"","protected":false},"excerpt":{"rendered":"","protected":false},"featured_media":25027,"template":"","meta":{"iawp_total_views":25},"product_cat":[213,195,216,217,196,191,82,192,84,50,93,49,39,201,214],"product_tag":[96,97,98,99],"class_list":{"0":"post-25026","1":"product","2":"type-product","3":"status-publish","4":"has-post-thumbnail","6":"product_cat-akcija","7":"product_cat-dovanos-vaikams-3-4-metu","8":"product_cat-dovanos-4-5-metu-vaikams","9":"product_cat-dovanos-5-7-metu-vaikams","10":"product_cat-dovanos-mergaitems","11":"product_cat-dovanos-vaikams","12":"product_cat-ispardavimas","13":"product_cat-kaledines-dovanos-vaikams","14":"product_cat-lavinamieji-zaislai","15":"product_cat-top-dovanos","16":"product_cat-vaidmenu-zaidimai","17":"product_cat-visi-zaislai","18":"product_cat-zaislai","19":"product_cat-zaislai-kelioneje","20":"product_cat-zaislai-mergaitems","21":"product_tag-2-m-3-m","22":"product_tag-3-m-4-m","23":"product_tag-5-m-7-m","24":"product_tag-8-m-11-m","26":"first","27":"instock","28":"sale","29":"taxable","30":"shipping-taxable","31":"purchasable","32":"product-type-simple"},"yoast_head":"<!-- This site is optimized with the Yoast SEO plugin v23.3 - https:\/\/yoast.com\/wordpress\/plugins\/seo\/ -->\n<title>Fotoaparatas vaikams &quot;Undin\u0117l\u0117&quot; - Montessori \u017eaislai<\/title>\n<meta name=\"robots\" content=\"noindex, follow, max-snippet:-1, max-image-preview:large, max-video-preview:-1\" \/>\n<meta property=\"og:locale\" content=\"en_US\" \/>\n<meta property=\"og:type\" content=\"article\" \/>\n<meta property=\"og:title\" content=\"Fotoaparatas vaikams &quot;Undin\u0117l\u0117&quot; - Montessori \u017eaislai\" \/>\n<meta property=\"og:url\" content=\"https:\/\/dev.monti.lt\/en\/product\/fotoaparatas-vaikams-undinele\/\" \/>\n<meta property=\"og:site_name\" content=\"Montessori \u017eaislai\" \/>\n<meta property=\"article:modified_time\" content=\"2024-10-07T09:31:31+00:00\" \/>\n<meta property=\"og:image\" content=\"https:\/\/dev.monti.lt\/wp-content\/uploads\/2024\/09\/Instant-camera-for-children-1GB-mermaid-151653.jpg\" \/>\n\t<meta property=\"og:image:width\" content=\"286\" \/>\n\t<meta property=\"og:image:height\" content=\"270\" \/>\n\t<meta property=\"og:image:type\" content=\"image\/jpeg\" \/>\n<meta name=\"twitter:card\" content=\"summary_large_image\" \/>\n<meta name=\"twitter:label1\" content=\"Est. reading time\" \/>\n\t<meta name=\"twitter:data1\" content=\"1 minute\" \/>\n<script type=\"application\/ld+json\" class=\"yoast-schema-graph\">{\"@context\":\"https:\/\/schema.org\",\"@graph\":[{\"@type\":\"WebPage\",\"@id\":\"https:\/\/dev.monti.lt\/product\/fotoaparatas-vaikams-undinele\/\",\"url\":\"https:\/\/dev.monti.lt\/product\/fotoaparatas-vaikams-undinele\/\",\"name\":\"Fotoaparatas vaikams \\\"Undin\u0117l\u0117\\\" - Montessori \u017eaislai\",\"isPartOf\":{\"@id\":\"https:\/\/dev.monti.lt\/#website\"},\"primaryImageOfPage\":{\"@id\":\"https:\/\/dev.monti.lt\/product\/fotoaparatas-vaikams-undinele\/#primaryimage\"},\"image\":{\"@id\":\"https:\/\/dev.monti.lt\/product\/fotoaparatas-vaikams-undinele\/#primaryimage\"},\"thumbnailUrl\":\"https:\/\/dev.monti.lt\/wp-content\/uploads\/2024\/09\/Instant-camera-for-children-1GB-mermaid-151653.jpg\",\"datePublished\":\"2024-09-16T11:27:20+00:00\",\"dateModified\":\"2024-10-07T09:31:31+00:00\",\"breadcrumb\":{\"@id\":\"https:\/\/dev.monti.lt\/product\/fotoaparatas-vaikams-undinele\/#breadcrumb\"},\"inLanguage\":\"en-US\",\"potentialAction\":[{\"@type\":\"ReadAction\",\"target\":[\"https:\/\/dev.monti.lt\/product\/fotoaparatas-vaikams-undinele\/\"]}]},{\"@type\":\"ImageObject\",\"inLanguage\":\"en-US\",\"@id\":\"https:\/\/dev.monti.lt\/product\/fotoaparatas-vaikams-undinele\/#primaryimage\",\"url\":\"https:\/\/dev.monti.lt\/wp-content\/uploads\/2024\/09\/Instant-camera-for-children-1GB-mermaid-151653.jpg\",\"contentUrl\":\"https:\/\/dev.monti.lt\/wp-content\/uploads\/2024\/09\/Instant-camera-for-children-1GB-mermaid-151653.jpg\",\"width\":286,\"height\":270},{\"@type\":\"BreadcrumbList\",\"@id\":\"https:\/\/dev.monti.lt\/product\/fotoaparatas-vaikams-undinele\/#breadcrumb\",\"itemListElement\":[{\"@type\":\"ListItem\",\"position\":1,\"name\":\"Home\",\"item\":\"https:\/\/dev.monti.lt\/\"},{\"@type\":\"ListItem\",\"position\":2,\"name\":\"Parduotuv\u0117\",\"item\":\"https:\/\/dev.monti.lt\/shop\/\"},{\"@type\":\"ListItem\",\"position\":3,\"name\":\"Fotoaparatas vaikams &#8220;Undin\u0117l\u0117&#8221;\"}]},{\"@type\":\"WebSite\",\"@id\":\"https:\/\/dev.monti.lt\/#website\",\"url\":\"https:\/\/dev.monti.lt\/\",\"name\":\"Montessori \u017eaislai\",\"description\":\"\",\"publisher\":{\"@id\":\"https:\/\/dev.monti.lt\/#organization\"},\"potentialAction\":[{\"@type\":\"SearchAction\",\"target\":{\"@type\":\"EntryPoint\",\"urlTemplate\":\"https:\/\/dev.monti.lt\/?s={search_term_string}\"},\"query-input\":\"required name=search_term_string\"}],\"inLanguage\":\"en-US\"},{\"@type\":\"Organization\",\"@id\":\"https:\/\/dev.monti.lt\/#organization\",\"name\":\"Montessori \u017eaislai\",\"url\":\"https:\/\/dev.monti.lt\/\",\"logo\":{\"@type\":\"ImageObject\",\"inLanguage\":\"en-US\",\"@id\":\"https:\/\/dev.monti.lt\/#\/schema\/logo\/image\/\",\"url\":\"https:\/\/dev.monti.lt\/wp-content\/uploads\/2022\/03\/montilogo-1.png\",\"contentUrl\":\"https:\/\/dev.monti.lt\/wp-content\/uploads\/2022\/03\/montilogo-1.png\",\"width\":512,\"height\":512,\"caption\":\"Montessori \u017eaislai\"},\"image\":{\"@id\":\"https:\/\/dev.monti.lt\/#\/schema\/logo\/image\/\"}}]}<\/script>\n<!-- \/ Yoast SEO plugin. -->","yoast_head_json":{"title":"Fotoaparatas vaikams \"Undin\u0117l\u0117\" - Montessori \u017eaislai","robots":{"index":"noindex","follow":"follow","max-snippet":"max-snippet:-1","max-image-preview":"max-image-preview:large","max-video-preview":"max-video-preview:-1"},"og_locale":"en_US","og_type":"article","og_title":"Fotoaparatas vaikams \"Undin\u0117l\u0117\" - Montessori \u017eaislai","og_url":"https:\/\/dev.monti.lt\/en\/product\/fotoaparatas-vaikams-undinele\/","og_site_name":"Montessori \u017eaislai","article_modified_time":"2024-10-07T09:31:31+00:00","og_image":[{"width":286,"height":270,"url":"https:\/\/dev.monti.lt\/wp-content\/uploads\/2024\/09\/Instant-camera-for-children-1GB-mermaid-151653.jpg","type":"image\/jpeg"}],"twitter_card":"summary_large_image","twitter_misc":{"Est. reading time":"1 minute"},"schema":{"@context":"https:\/\/schema.org","@graph":[{"@type":"WebPage","@id":"https:\/\/dev.monti.lt\/product\/fotoaparatas-vaikams-undinele\/","url":"https:\/\/dev.monti.lt\/product\/fotoaparatas-vaikams-undinele\/","name":"Fotoaparatas vaikams \"Undin\u0117l\u0117\" - Montessori \u017eaislai","isPartOf":{"@id":"https:\/\/dev.monti.lt\/#website"},"primaryImageOfPage":{"@id":"https:\/\/dev.monti.lt\/product\/fotoaparatas-vaikams-undinele\/#primaryimage"},"image":{"@id":"https:\/\/dev.monti.lt\/product\/fotoaparatas-vaikams-undinele\/#primaryimage"},"thumbnailUrl":"https:\/\/dev.monti.lt\/wp-content\/uploads\/2024\/09\/Instant-camera-for-children-1GB-mermaid-151653.jpg","datePublished":"2024-09-16T11:27:20+00:00","dateModified":"2024-10-07T09:31:31+00:00","breadcrumb":{"@id":"https:\/\/dev.monti.lt\/product\/fotoaparatas-vaikams-undinele\/#breadcrumb"},"inLanguage":"en-US","potentialAction":[{"@type":"ReadAction","target":["https:\/\/dev.monti.lt\/product\/fotoaparatas-vaikams-undinele\/"]}]},{"@type":"ImageObject","inLanguage":"en-US","@id":"https:\/\/dev.monti.lt\/product\/fotoaparatas-vaikams-undinele\/#primaryimage","url":"https:\/\/dev.monti.lt\/wp-content\/uploads\/2024\/09\/Instant-camera-for-children-1GB-mermaid-151653.jpg","contentUrl":"https:\/\/dev.monti.lt\/wp-content\/uploads\/2024\/09\/Instant-camera-for-children-1GB-mermaid-151653.jpg","width":286,"height":270},{"@type":"BreadcrumbList","@id":"https:\/\/dev.monti.lt\/product\/fotoaparatas-vaikams-undinele\/#breadcrumb","itemListElement":[{"@type":"ListItem","position":1,"name":"Home","item":"https:\/\/dev.monti.lt\/"},{"@type":"ListItem","position":2,"name":"Parduotuv\u0117","item":"https:\/\/dev.monti.lt\/shop\/"},{"@type":"ListItem","position":3,"name":"Fotoaparatas vaikams &#8220;Undin\u0117l\u0117&#8221;"}]},{"@type":"WebSite","@id":"https:\/\/dev.monti.lt\/#website","url":"https:\/\/dev.monti.lt\/","name":"Montessori \u017eaislai","description":"","publisher":{"@id":"https:\/\/dev.monti.lt\/#organization"},"potentialAction":[{"@type":"SearchAction","target":{"@type":"EntryPoint","urlTemplate":"https:\/\/dev.monti.lt\/?s={search_term_string}"},"query-input":"required name=search_term_string"}],"inLanguage":"en-US"},{"@type":"Organization","@id":"https:\/\/dev.monti.lt\/#organization","name":"Montessori \u017eaislai","url":"https:\/\/dev.monti.lt\/","logo":{"@type":"ImageObject","inLanguage":"en-US","@id":"https:\/\/dev.monti.lt\/#\/schema\/logo\/image\/","url":"https:\/\/dev.monti.lt\/wp-content\/uploads\/2022\/03\/montilogo-1.png","contentUrl":"https:\/\/dev.monti.lt\/wp-content\/uploads\/2022\/03\/montilogo-1.png","width":512,"height":512,"caption":"Montessori \u017eaislai"},"image":{"@id":"https:\/\/dev.monti.lt\/#\/schema\/logo\/image\/"}}]}},"_links":{"self":[{"href":"https:\/\/dev.monti.lt\/en\/wp-json\/wp\/v2\/product\/25026"}],"collection":[{"href":"https:\/\/dev.monti.lt\/en\/wp-json\/wp\/v2\/product"}],"about":[{"href":"https:\/\/dev.monti.lt\/en\/wp-json\/wp\/v2\/types\/product"}],"version-history":[{"count":1,"href":"https:\/\/dev.monti.lt\/en\/wp-json\/wp\/v2\/product\/25026\/revisions"}],"predecessor-version":[{"id":25028,"href":"https:\/\/dev.monti.lt\/en\/wp-json\/wp\/v2\/product\/25026\/revisions\/25028"}],"wp:featuredmedia":[{"embeddable":true,"href":"https:\/\/dev.monti.lt\/en\/wp-json\/wp\/v2\/media\/25027"}],"wp:attachment":[{"href":"https:\/\/dev.monti.lt\/en\/wp-json\/wp\/v2\/media?parent=25026"}],"wp:term":[{"taxonomy":"product_cat","embeddable":true,"href":"https:\/\/dev.monti.lt\/en\/wp-json\/wp\/v2\/product_cat?post=25026"},{"taxonomy":"product_tag","embeddable":true,"href":"https:\/\/dev.monti.lt\/en\/wp-json\/wp\/v2\/product_tag?post=25026"}],"curies":[{"name":"wp","href":"https:\/\/api.w.org\/{rel}","templated":true}]}}