{"id":24991,"date":"2024-09-16T11:07:26","date_gmt":"2024-09-16T11:07:26","guid":{"rendered":"https:\/\/dev.monti.lt\/?post_type=product&#038;p=24991"},"modified":"2024-09-16T13:33:59","modified_gmt":"2024-09-16T13:33:59","slug":"seimos-zaidimas-kas-as-esu-anglu-k","status":"publish","type":"product","link":"https:\/\/dev.monti.lt\/en\/product\/seimos-zaidimas-kas-as-esu-anglu-k\/","title":{"rendered":"\u0160eimos \u017eaidimas &#8220;Kas a\u0161 esu?&#8221; angl\u0173 k."},"content":{"rendered":"","protected":false},"excerpt":{"rendered":"","protected":false},"featured_media":24992,"template":"","meta":{"iawp_total_views":8},"product_cat":[218,217,191,84,90,199,49,39,201],"product_tag":[97,98,99],"class_list":{"0":"post-24991","1":"product","2":"type-product","3":"status-publish","4":"has-post-thumbnail","6":"product_cat-darzeliu-grupems","7":"product_cat-dovanos-5-7-metu-vaikams","8":"product_cat-dovanos-vaikams","9":"product_cat-lavinamieji-zaislai","10":"product_cat-pasaulio-pazinimas","11":"product_cat-ugdymo-istaigoms","12":"product_cat-visi-zaislai","13":"product_cat-zaislai","14":"product_cat-zaislai-kelioneje","15":"product_tag-3-m-4-m","16":"product_tag-5-m-7-m","17":"product_tag-8-m-11-m","19":"first","20":"instock","21":"taxable","22":"shipping-taxable","23":"purchasable","24":"product-type-simple"},"yoast_head":"<!-- This site is optimized with the Yoast SEO plugin v23.3 - https:\/\/yoast.com\/wordpress\/plugins\/seo\/ -->\n<title>\u0160eimos \u017eaidimas &quot;Kas a\u0161 esu?&quot; angl\u0173 k. - Montessori \u017eaislai<\/title>\n<meta name=\"robots\" content=\"noindex, follow, max-snippet:-1, max-image-preview:large, max-video-preview:-1\" \/>\n<meta property=\"og:locale\" content=\"en_US\" \/>\n<meta property=\"og:type\" content=\"article\" \/>\n<meta property=\"og:title\" content=\"\u0160eimos \u017eaidimas &quot;Kas a\u0161 esu?&quot; angl\u0173 k. - Montessori \u017eaislai\" \/>\n<meta property=\"og:url\" content=\"https:\/\/dev.monti.lt\/en\/product\/seimos-zaidimas-kas-as-esu-anglu-k\/\" \/>\n<meta property=\"og:site_name\" content=\"Montessori \u017eaislai\" \/>\n<meta property=\"article:modified_time\" content=\"2024-09-16T13:33:59+00:00\" \/>\n<meta property=\"og:image\" content=\"https:\/\/dev.monti.lt\/wp-content\/uploads\/2024\/09\/Who-am-I-Guess-the-Family-social-game-for-kids-154036.jpg\" \/>\n\t<meta property=\"og:image:width\" content=\"1391\" \/>\n\t<meta property=\"og:image:height\" content=\"906\" \/>\n\t<meta property=\"og:image:type\" content=\"image\/jpeg\" \/>\n<meta name=\"twitter:card\" content=\"summary_large_image\" \/>\n<meta name=\"twitter:label1\" content=\"Est. reading time\" \/>\n\t<meta name=\"twitter:data1\" content=\"1 minute\" \/>\n<script type=\"application\/ld+json\" class=\"yoast-schema-graph\">{\"@context\":\"https:\/\/schema.org\",\"@graph\":[{\"@type\":\"WebPage\",\"@id\":\"https:\/\/dev.monti.lt\/product\/seimos-zaidimas-kas-as-esu-anglu-k\/\",\"url\":\"https:\/\/dev.monti.lt\/product\/seimos-zaidimas-kas-as-esu-anglu-k\/\",\"name\":\"\u0160eimos \u017eaidimas \\\"Kas a\u0161 esu?\\\" angl\u0173 k. - Montessori \u017eaislai\",\"isPartOf\":{\"@id\":\"https:\/\/dev.monti.lt\/#website\"},\"primaryImageOfPage\":{\"@id\":\"https:\/\/dev.monti.lt\/product\/seimos-zaidimas-kas-as-esu-anglu-k\/#primaryimage\"},\"image\":{\"@id\":\"https:\/\/dev.monti.lt\/product\/seimos-zaidimas-kas-as-esu-anglu-k\/#primaryimage\"},\"thumbnailUrl\":\"https:\/\/dev.monti.lt\/wp-content\/uploads\/2024\/09\/Who-am-I-Guess-the-Family-social-game-for-kids-154036.jpg\",\"datePublished\":\"2024-09-16T11:07:26+00:00\",\"dateModified\":\"2024-09-16T13:33:59+00:00\",\"breadcrumb\":{\"@id\":\"https:\/\/dev.monti.lt\/product\/seimos-zaidimas-kas-as-esu-anglu-k\/#breadcrumb\"},\"inLanguage\":\"en-US\",\"potentialAction\":[{\"@type\":\"ReadAction\",\"target\":[\"https:\/\/dev.monti.lt\/product\/seimos-zaidimas-kas-as-esu-anglu-k\/\"]}]},{\"@type\":\"ImageObject\",\"inLanguage\":\"en-US\",\"@id\":\"https:\/\/dev.monti.lt\/product\/seimos-zaidimas-kas-as-esu-anglu-k\/#primaryimage\",\"url\":\"https:\/\/dev.monti.lt\/wp-content\/uploads\/2024\/09\/Who-am-I-Guess-the-Family-social-game-for-kids-154036.jpg\",\"contentUrl\":\"https:\/\/dev.monti.lt\/wp-content\/uploads\/2024\/09\/Who-am-I-Guess-the-Family-social-game-for-kids-154036.jpg\",\"width\":1391,\"height\":906},{\"@type\":\"BreadcrumbList\",\"@id\":\"https:\/\/dev.monti.lt\/product\/seimos-zaidimas-kas-as-esu-anglu-k\/#breadcrumb\",\"itemListElement\":[{\"@type\":\"ListItem\",\"position\":1,\"name\":\"Home\",\"item\":\"https:\/\/dev.monti.lt\/\"},{\"@type\":\"ListItem\",\"position\":2,\"name\":\"Parduotuv\u0117\",\"item\":\"https:\/\/dev.monti.lt\/shop\/\"},{\"@type\":\"ListItem\",\"position\":3,\"name\":\"\u0160eimos \u017eaidimas &#8220;Kas a\u0161 esu?&#8221; angl\u0173 k.\"}]},{\"@type\":\"WebSite\",\"@id\":\"https:\/\/dev.monti.lt\/#website\",\"url\":\"https:\/\/dev.monti.lt\/\",\"name\":\"Montessori \u017eaislai\",\"description\":\"\",\"publisher\":{\"@id\":\"https:\/\/dev.monti.lt\/#organization\"},\"potentialAction\":[{\"@type\":\"SearchAction\",\"target\":{\"@type\":\"EntryPoint\",\"urlTemplate\":\"https:\/\/dev.monti.lt\/?s={search_term_string}\"},\"query-input\":\"required name=search_term_string\"}],\"inLanguage\":\"en-US\"},{\"@type\":\"Organization\",\"@id\":\"https:\/\/dev.monti.lt\/#organization\",\"name\":\"Montessori \u017eaislai\",\"url\":\"https:\/\/dev.monti.lt\/\",\"logo\":{\"@type\":\"ImageObject\",\"inLanguage\":\"en-US\",\"@id\":\"https:\/\/dev.monti.lt\/#\/schema\/logo\/image\/\",\"url\":\"https:\/\/dev.monti.lt\/wp-content\/uploads\/2022\/03\/montilogo-1.png\",\"contentUrl\":\"https:\/\/dev.monti.lt\/wp-content\/uploads\/2022\/03\/montilogo-1.png\",\"width\":512,\"height\":512,\"caption\":\"Montessori \u017eaislai\"},\"image\":{\"@id\":\"https:\/\/dev.monti.lt\/#\/schema\/logo\/image\/\"}}]}<\/script>\n<!-- \/ Yoast SEO plugin. -->","yoast_head_json":{"title":"\u0160eimos \u017eaidimas \"Kas a\u0161 esu?\" angl\u0173 k. - Montessori \u017eaislai","robots":{"index":"noindex","follow":"follow","max-snippet":"max-snippet:-1","max-image-preview":"max-image-preview:large","max-video-preview":"max-video-preview:-1"},"og_locale":"en_US","og_type":"article","og_title":"\u0160eimos \u017eaidimas \"Kas a\u0161 esu?\" angl\u0173 k. - Montessori \u017eaislai","og_url":"https:\/\/dev.monti.lt\/en\/product\/seimos-zaidimas-kas-as-esu-anglu-k\/","og_site_name":"Montessori \u017eaislai","article_modified_time":"2024-09-16T13:33:59+00:00","og_image":[{"width":1391,"height":906,"url":"https:\/\/dev.monti.lt\/wp-content\/uploads\/2024\/09\/Who-am-I-Guess-the-Family-social-game-for-kids-154036.jpg","type":"image\/jpeg"}],"twitter_card":"summary_large_image","twitter_misc":{"Est. reading time":"1 minute"},"schema":{"@context":"https:\/\/schema.org","@graph":[{"@type":"WebPage","@id":"https:\/\/dev.monti.lt\/product\/seimos-zaidimas-kas-as-esu-anglu-k\/","url":"https:\/\/dev.monti.lt\/product\/seimos-zaidimas-kas-as-esu-anglu-k\/","name":"\u0160eimos \u017eaidimas \"Kas a\u0161 esu?\" angl\u0173 k. - Montessori \u017eaislai","isPartOf":{"@id":"https:\/\/dev.monti.lt\/#website"},"primaryImageOfPage":{"@id":"https:\/\/dev.monti.lt\/product\/seimos-zaidimas-kas-as-esu-anglu-k\/#primaryimage"},"image":{"@id":"https:\/\/dev.monti.lt\/product\/seimos-zaidimas-kas-as-esu-anglu-k\/#primaryimage"},"thumbnailUrl":"https:\/\/dev.monti.lt\/wp-content\/uploads\/2024\/09\/Who-am-I-Guess-the-Family-social-game-for-kids-154036.jpg","datePublished":"2024-09-16T11:07:26+00:00","dateModified":"2024-09-16T13:33:59+00:00","breadcrumb":{"@id":"https:\/\/dev.monti.lt\/product\/seimos-zaidimas-kas-as-esu-anglu-k\/#breadcrumb"},"inLanguage":"en-US","potentialAction":[{"@type":"ReadAction","target":["https:\/\/dev.monti.lt\/product\/seimos-zaidimas-kas-as-esu-anglu-k\/"]}]},{"@type":"ImageObject","inLanguage":"en-US","@id":"https:\/\/dev.monti.lt\/product\/seimos-zaidimas-kas-as-esu-anglu-k\/#primaryimage","url":"https:\/\/dev.monti.lt\/wp-content\/uploads\/2024\/09\/Who-am-I-Guess-the-Family-social-game-for-kids-154036.jpg","contentUrl":"https:\/\/dev.monti.lt\/wp-content\/uploads\/2024\/09\/Who-am-I-Guess-the-Family-social-game-for-kids-154036.jpg","width":1391,"height":906},{"@type":"BreadcrumbList","@id":"https:\/\/dev.monti.lt\/product\/seimos-zaidimas-kas-as-esu-anglu-k\/#breadcrumb","itemListElement":[{"@type":"ListItem","position":1,"name":"Home","item":"https:\/\/dev.monti.lt\/"},{"@type":"ListItem","position":2,"name":"Parduotuv\u0117","item":"https:\/\/dev.monti.lt\/shop\/"},{"@type":"ListItem","position":3,"name":"\u0160eimos \u017eaidimas &#8220;Kas a\u0161 esu?&#8221; angl\u0173 k."}]},{"@type":"WebSite","@id":"https:\/\/dev.monti.lt\/#website","url":"https:\/\/dev.monti.lt\/","name":"Montessori \u017eaislai","description":"","publisher":{"@id":"https:\/\/dev.monti.lt\/#organization"},"potentialAction":[{"@type":"SearchAction","target":{"@type":"EntryPoint","urlTemplate":"https:\/\/dev.monti.lt\/?s={search_term_string}"},"query-input":"required name=search_term_string"}],"inLanguage":"en-US"},{"@type":"Organization","@id":"https:\/\/dev.monti.lt\/#organization","name":"Montessori \u017eaislai","url":"https:\/\/dev.monti.lt\/","logo":{"@type":"ImageObject","inLanguage":"en-US","@id":"https:\/\/dev.monti.lt\/#\/schema\/logo\/image\/","url":"https:\/\/dev.monti.lt\/wp-content\/uploads\/2022\/03\/montilogo-1.png","contentUrl":"https:\/\/dev.monti.lt\/wp-content\/uploads\/2022\/03\/montilogo-1.png","width":512,"height":512,"caption":"Montessori \u017eaislai"},"image":{"@id":"https:\/\/dev.monti.lt\/#\/schema\/logo\/image\/"}}]}},"_links":{"self":[{"href":"https:\/\/dev.monti.lt\/en\/wp-json\/wp\/v2\/product\/24991"}],"collection":[{"href":"https:\/\/dev.monti.lt\/en\/wp-json\/wp\/v2\/product"}],"about":[{"href":"https:\/\/dev.monti.lt\/en\/wp-json\/wp\/v2\/types\/product"}],"version-history":[{"count":1,"href":"https:\/\/dev.monti.lt\/en\/wp-json\/wp\/v2\/product\/24991\/revisions"}],"predecessor-version":[{"id":24993,"href":"https:\/\/dev.monti.lt\/en\/wp-json\/wp\/v2\/product\/24991\/revisions\/24993"}],"wp:featuredmedia":[{"embeddable":true,"href":"https:\/\/dev.monti.lt\/en\/wp-json\/wp\/v2\/media\/24992"}],"wp:attachment":[{"href":"https:\/\/dev.monti.lt\/en\/wp-json\/wp\/v2\/media?parent=24991"}],"wp:term":[{"taxonomy":"product_cat","embeddable":true,"href":"https:\/\/dev.monti.lt\/en\/wp-json\/wp\/v2\/product_cat?post=24991"},{"taxonomy":"product_tag","embeddable":true,"href":"https:\/\/dev.monti.lt\/en\/wp-json\/wp\/v2\/product_tag?post=24991"}],"curies":[{"name":"wp","href":"https:\/\/api.w.org\/{rel}","templated":true}]}}